{"id":2487,"date":"2024-02-25T15:09:30","date_gmt":"2024-02-25T15:09:30","guid":{"rendered":"https:\/\/tzionlibreria.com\/?post_type=product&#038;p=2487"},"modified":"2024-02-29T13:24:12","modified_gmt":"2024-02-29T13:24:12","slug":"retos-y-oportunidades-para-la-iglesia-de-hoy-justo-l-gonzalez","status":"publish","type":"product","link":"https:\/\/tzionlibreria.com\/index.php\/product\/retos-y-oportunidades-para-la-iglesia-de-hoy-justo-l-gonzalez\/","title":{"rendered":"Retos y oportunidades para la Iglesia de hoy Justo &#8211; L. Gonzalez"},"content":{"rendered":"<div>Uno de los principales recursos que tenemos para ser fieles a nuestra misi\u00f3n hoy y en los d\u00edas por venir es nuestra propia historia. Ciertamente, esta \u00faltima tarea es la m\u00e1s importante, porque de ella depende el futuro de la iglesia. Por todo esto Retos y oportunidades para la iglesia de hoy le ayudar\u00e1 a ver las nuevas oportunidades que esta era nos ofrece, y advertirnos acerca de sus peligros. Despu\u00e9s de todo, no nos quedar\u00e1 otra alternativa que ser posmodernos; \u00a1pero esto no quiere decir que tengamos que ser posmodernistas!<\/div>\n<div><\/div>\n<div>\u00bfQu\u00e9 piensa usted de la posmodernidad?\u00bfQu\u00e9 es la posmodernidad? Para la mayor\u00eda es una amenaza de la que hay que huir como de la peste bub\u00f3nica. Podemos decir que es el surgimiento de una nueva era hist\u00f3rica que parece ir despuntando como resultado de la desilusi\u00f3n con las promesas de la modernidad y la disoluci\u00f3n de sus mitos constitutivos: la objetividad en el conocimiento, la universalidad de valores y entendimientos, el progreso inevitable hacia mejores condiciones, y la creciente unidad de la raza humana.<\/div>\n<div><\/div>\n<div>Algunos de los temas que trata el autor son:<\/div>\n<div><\/div>\n<div>\n<ul>\n<li>Caracter\u00edsticas de la modernidad: el mecanicismo, la universalidad, el optimismo o progresivismo y el colonialismo.<\/li>\n<li>Modernidad y cristianismo: el liberalismo protestante, el fundamentalismo y el catolicismo romano.<\/li>\n<li>Posmodernidad y globalizaci\u00f3n: la iglesia como familia y pueblo de Dios frente a las muchas fuentes de identidad que el mundo posmoderno ofrece.<\/li>\n<li>Posmodernidad y descristianizacion: el culto tiene que ser m\u00e1s que entretenimiento y expresiones emotivas; tiene que expresar y comunicar las convicciones teol\u00f3gicas de la iglesia.<\/li>\n<\/ul>\n<p><strong>ISBN<\/strong>: 9780311290161<br \/>\n<strong>Editorial<\/strong>:\u00a0Mundo Hispano<br \/>\n<strong>Dimensiones<\/strong>: 14 x 21 x 1 cm<br \/>\n<strong>Peso<\/strong>: 0,200kg<br \/>\n<strong>Cubierta<\/strong>: R\u00fastica<br \/>\n<strong>N\u00famero de p\u00e1ginas<\/strong>: 124<br \/>\n<strong>Idioma<\/strong>: Espa\u00f1ol<\/p>\n<\/div>\n","protected":false},"excerpt":{"rendered":"<p>Uno de los principales recursos que tenemos para ser fieles a nuestra misi\u00f3n hoy y en los d\u00edas por venir es nuestra propia historia. Ciertamente, esta \u00faltima tarea es la m\u00e1s importante, porque de ella depende el futuro de la iglesia. Por todo esto Retos y oportunidades para la iglesia de hoy le ayudar\u00e1 a [&hellip;]<\/p>\n","protected":false},"featured_media":2488,"comment_status":"open","ping_status":"closed","template":"","meta":{"om_disable_all_campaigns":false,"_monsterinsights_skip_tracking":false,"_monsterinsights_sitenote_active":false,"_monsterinsights_sitenote_note":"","_monsterinsights_sitenote_category":0,"site-sidebar-layout":"default","site-content-layout":"","ast-site-content-layout":"default","site-content-style":"default","site-sidebar-style":"default","ast-global-header-display":"","ast-banner-title-visibility":"","ast-main-header-display":"","ast-hfb-above-header-display":"","ast-hfb-below-header-display":"","ast-hfb-mobile-header-display":"","site-post-title":"","ast-breadcrumbs-content":"","ast-featured-img":"","footer-sml-layout":"","ast-disable-related-posts":"","theme-transparent-header-meta":"default","adv-header-id-meta":"","stick-header-meta":"","header-above-stick-meta":"","header-main-stick-meta":"","header-below-stick-meta":"","astra-migrate-meta-layouts":"set","ast-page-background-enabled":"default","ast-page-background-meta":{"desktop":{"background-color":"var(--ast-global-color-4)","background-image":"","background-repeat":"repeat","background-position":"center center","background-size":"auto","background-attachment":"scroll","background-type":"","background-media":"","overlay-type":"","overlay-color":"","overlay-opacity":"","overlay-gradient":""},"tablet":{"background-color":"","background-image":"","background-repeat":"repeat","background-position":"center center","background-size":"auto","background-attachment":"scroll","background-type":"","background-media":"","overlay-type":"","overlay-color":"","overlay-opacity":"","overlay-gradient":""},"mobile":{"background-color":"","background-image":"","background-repeat":"repeat","background-position":"center center","background-size":"auto","background-attachment":"scroll","background-type":"","background-media":"","overlay-type":"","overlay-color":"","overlay-opacity":"","overlay-gradient":""}},"ast-content-background-meta":{"desktop":{"background-color":"var(--ast-global-color-5)","background-image":"","background-repeat":"repeat","background-position":"center center","background-size":"auto","background-attachment":"scroll","background-type":"","background-media":"","overlay-type":"","overlay-color":"","overlay-opacity":"","overlay-gradient":""},"tablet":{"background-color":"var(--ast-global-color-5)","background-image":"","background-repeat":"repeat","background-position":"center center","background-size":"auto","background-attachment":"scroll","background-type":"","background-media":"","overlay-type":"","overlay-color":"","overlay-opacity":"","overlay-gradient":""},"mobile":{"background-color":"var(--ast-global-color-5)","background-image":"","background-repeat":"repeat","background-position":"center center","background-size":"auto","background-attachment":"scroll","background-type":"","background-media":"","overlay-type":"","overlay-color":"","overlay-opacity":"","overlay-gradient":""}}},"product_brand":[],"product_cat":[174,23],"product_tag":[],"class_list":{"0":"post-2487","1":"product","2":"type-product","3":"status-publish","4":"has-post-thumbnail","6":"product_cat-iglesia","7":"product_cat-libros","8":"desktop-align-left","9":"tablet-align-left","10":"mobile-align-left","12":"first","13":"instock","14":"shipping-taxable","15":"purchasable","16":"product-type-simple"},"yoast_head":"<!-- This site is optimized with the Yoast SEO plugin v27.3 - https:\/\/yoast.com\/product\/yoast-seo-wordpress\/ -->\n<title>Retos y oportunidades para la Iglesia de hoy Justo - L. Gonzalez - tzionlibreria.com<\/title>\n<meta name=\"robots\" content=\"index, follow, max-snippet:-1, max-image-preview:large, max-video-preview:-1\" \/>\n<link rel=\"canonical\" href=\"https:\/\/tzionlibreria.com\/index.php\/product\/retos-y-oportunidades-para-la-iglesia-de-hoy-justo-l-gonzalez\/\" \/>\n<meta property=\"og:locale\" content=\"es_ES\" \/>\n<meta property=\"og:type\" content=\"article\" \/>\n<meta property=\"og:title\" content=\"Retos y oportunidades para la Iglesia de hoy Justo - L. Gonzalez - tzionlibreria.com\" \/>\n<meta property=\"og:description\" content=\"Uno de los principales recursos que tenemos para ser fieles a nuestra misi\u00f3n hoy y en los d\u00edas por venir es nuestra propia historia. Ciertamente, esta \u00faltima tarea es la m\u00e1s importante, porque de ella depende el futuro de la iglesia. Por todo esto Retos y oportunidades para la iglesia de hoy le ayudar\u00e1 a [&hellip;]\" \/>\n<meta property=\"og:url\" content=\"https:\/\/tzionlibreria.com\/index.php\/product\/retos-y-oportunidades-para-la-iglesia-de-hoy-justo-l-gonzalez\/\" \/>\n<meta property=\"og:site_name\" content=\"tzionlibreria.com\" \/>\n<meta property=\"article:modified_time\" content=\"2024-02-29T13:24:12+00:00\" \/>\n<meta property=\"og:image\" content=\"http:\/\/tzionlibreria.com\/wp-content\/uploads\/2024\/02\/retos-iglesia.jpg\" \/>\n\t<meta property=\"og:image:width\" content=\"1200\" \/>\n\t<meta property=\"og:image:height\" content=\"1200\" \/>\n\t<meta property=\"og:image:type\" content=\"image\/jpeg\" \/>\n<meta name=\"twitter:card\" content=\"summary_large_image\" \/>\n<meta name=\"twitter:label1\" content=\"Tiempo de lectura\" \/>\n\t<meta name=\"twitter:data1\" content=\"2 minutos\" \/>\n<script type=\"application\/ld+json\" class=\"yoast-schema-graph\">{\"@context\":\"https:\\\/\\\/schema.org\",\"@graph\":[{\"@type\":\"WebPage\",\"@id\":\"https:\\\/\\\/tzionlibreria.com\\\/index.php\\\/product\\\/retos-y-oportunidades-para-la-iglesia-de-hoy-justo-l-gonzalez\\\/\",\"url\":\"https:\\\/\\\/tzionlibreria.com\\\/index.php\\\/product\\\/retos-y-oportunidades-para-la-iglesia-de-hoy-justo-l-gonzalez\\\/\",\"name\":\"Retos y oportunidades para la Iglesia de hoy Justo - L. Gonzalez - tzionlibreria.com\",\"isPartOf\":{\"@id\":\"https:\\\/\\\/tzionlibreria.com\\\/#website\"},\"primaryImageOfPage\":{\"@id\":\"https:\\\/\\\/tzionlibreria.com\\\/index.php\\\/product\\\/retos-y-oportunidades-para-la-iglesia-de-hoy-justo-l-gonzalez\\\/#primaryimage\"},\"image\":{\"@id\":\"https:\\\/\\\/tzionlibreria.com\\\/index.php\\\/product\\\/retos-y-oportunidades-para-la-iglesia-de-hoy-justo-l-gonzalez\\\/#primaryimage\"},\"thumbnailUrl\":\"https:\\\/\\\/tzionlibreria.com\\\/wp-content\\\/uploads\\\/2024\\\/02\\\/retos-iglesia.jpg\",\"datePublished\":\"2024-02-25T15:09:30+00:00\",\"dateModified\":\"2024-02-29T13:24:12+00:00\",\"breadcrumb\":{\"@id\":\"https:\\\/\\\/tzionlibreria.com\\\/index.php\\\/product\\\/retos-y-oportunidades-para-la-iglesia-de-hoy-justo-l-gonzalez\\\/#breadcrumb\"},\"inLanguage\":\"es-CO\",\"potentialAction\":[{\"@type\":\"ReadAction\",\"target\":[\"https:\\\/\\\/tzionlibreria.com\\\/index.php\\\/product\\\/retos-y-oportunidades-para-la-iglesia-de-hoy-justo-l-gonzalez\\\/\"]}]},{\"@type\":\"ImageObject\",\"inLanguage\":\"es-CO\",\"@id\":\"https:\\\/\\\/tzionlibreria.com\\\/index.php\\\/product\\\/retos-y-oportunidades-para-la-iglesia-de-hoy-justo-l-gonzalez\\\/#primaryimage\",\"url\":\"https:\\\/\\\/tzionlibreria.com\\\/wp-content\\\/uploads\\\/2024\\\/02\\\/retos-iglesia.jpg\",\"contentUrl\":\"https:\\\/\\\/tzionlibreria.com\\\/wp-content\\\/uploads\\\/2024\\\/02\\\/retos-iglesia.jpg\",\"width\":1200,\"height\":1200},{\"@type\":\"BreadcrumbList\",\"@id\":\"https:\\\/\\\/tzionlibreria.com\\\/index.php\\\/product\\\/retos-y-oportunidades-para-la-iglesia-de-hoy-justo-l-gonzalez\\\/#breadcrumb\",\"itemListElement\":[{\"@type\":\"ListItem\",\"position\":1,\"name\":\"Inicio\",\"item\":\"https:\\\/\\\/tzionlibreria.com\\\/\"},{\"@type\":\"ListItem\",\"position\":2,\"name\":\"Shop\",\"item\":\"https:\\\/\\\/tzionlibreria.com\\\/index.php\\\/shop\\\/\"},{\"@type\":\"ListItem\",\"position\":3,\"name\":\"Retos y oportunidades para la Iglesia de hoy Justo &#8211; L. Gonzalez\"}]},{\"@type\":\"WebSite\",\"@id\":\"https:\\\/\\\/tzionlibreria.com\\\/#website\",\"url\":\"https:\\\/\\\/tzionlibreria.com\\\/\",\"name\":\"tzionlibreria.com\",\"description\":\"Libreria Cristiana Venezuela\",\"publisher\":{\"@id\":\"https:\\\/\\\/tzionlibreria.com\\\/#organization\"},\"potentialAction\":[{\"@type\":\"SearchAction\",\"target\":{\"@type\":\"EntryPoint\",\"urlTemplate\":\"https:\\\/\\\/tzionlibreria.com\\\/?s={search_term_string}\"},\"query-input\":{\"@type\":\"PropertyValueSpecification\",\"valueRequired\":true,\"valueName\":\"search_term_string\"}}],\"inLanguage\":\"es-CO\"},{\"@type\":\"Organization\",\"@id\":\"https:\\\/\\\/tzionlibreria.com\\\/#organization\",\"name\":\"tzionlibreria.com\",\"url\":\"https:\\\/\\\/tzionlibreria.com\\\/\",\"logo\":{\"@type\":\"ImageObject\",\"inLanguage\":\"es-CO\",\"@id\":\"https:\\\/\\\/tzionlibreria.com\\\/#\\\/schema\\\/logo\\\/image\\\/\",\"url\":\"https:\\\/\\\/tzionlibreria.com\\\/wp-content\\\/uploads\\\/2023\\\/10\\\/cropped-Cuadricula-scaled-1.jpg\",\"contentUrl\":\"https:\\\/\\\/tzionlibreria.com\\\/wp-content\\\/uploads\\\/2023\\\/10\\\/cropped-Cuadricula-scaled-1.jpg\",\"width\":2560,\"height\":2560,\"caption\":\"tzionlibreria.com\"},\"image\":{\"@id\":\"https:\\\/\\\/tzionlibreria.com\\\/#\\\/schema\\\/logo\\\/image\\\/\"}}]}<\/script>\n<!-- \/ Yoast SEO plugin. -->","yoast_head_json":{"title":"Retos y oportunidades para la Iglesia de hoy Justo - L. Gonzalez - tzionlibreria.com","robots":{"index":"index","follow":"follow","max-snippet":"max-snippet:-1","max-image-preview":"max-image-preview:large","max-video-preview":"max-video-preview:-1"},"canonical":"https:\/\/tzionlibreria.com\/index.php\/product\/retos-y-oportunidades-para-la-iglesia-de-hoy-justo-l-gonzalez\/","og_locale":"es_ES","og_type":"article","og_title":"Retos y oportunidades para la Iglesia de hoy Justo - L. Gonzalez - tzionlibreria.com","og_description":"Uno de los principales recursos que tenemos para ser fieles a nuestra misi\u00f3n hoy y en los d\u00edas por venir es nuestra propia historia. Ciertamente, esta \u00faltima tarea es la m\u00e1s importante, porque de ella depende el futuro de la iglesia. Por todo esto Retos y oportunidades para la iglesia de hoy le ayudar\u00e1 a [&hellip;]","og_url":"https:\/\/tzionlibreria.com\/index.php\/product\/retos-y-oportunidades-para-la-iglesia-de-hoy-justo-l-gonzalez\/","og_site_name":"tzionlibreria.com","article_modified_time":"2024-02-29T13:24:12+00:00","og_image":[{"width":1200,"height":1200,"url":"http:\/\/tzionlibreria.com\/wp-content\/uploads\/2024\/02\/retos-iglesia.jpg","type":"image\/jpeg"}],"twitter_card":"summary_large_image","twitter_misc":{"Tiempo de lectura":"2 minutos"},"schema":{"@context":"https:\/\/schema.org","@graph":[{"@type":"WebPage","@id":"https:\/\/tzionlibreria.com\/index.php\/product\/retos-y-oportunidades-para-la-iglesia-de-hoy-justo-l-gonzalez\/","url":"https:\/\/tzionlibreria.com\/index.php\/product\/retos-y-oportunidades-para-la-iglesia-de-hoy-justo-l-gonzalez\/","name":"Retos y oportunidades para la Iglesia de hoy Justo - L. Gonzalez - tzionlibreria.com","isPartOf":{"@id":"https:\/\/tzionlibreria.com\/#website"},"primaryImageOfPage":{"@id":"https:\/\/tzionlibreria.com\/index.php\/product\/retos-y-oportunidades-para-la-iglesia-de-hoy-justo-l-gonzalez\/#primaryimage"},"image":{"@id":"https:\/\/tzionlibreria.com\/index.php\/product\/retos-y-oportunidades-para-la-iglesia-de-hoy-justo-l-gonzalez\/#primaryimage"},"thumbnailUrl":"https:\/\/tzionlibreria.com\/wp-content\/uploads\/2024\/02\/retos-iglesia.jpg","datePublished":"2024-02-25T15:09:30+00:00","dateModified":"2024-02-29T13:24:12+00:00","breadcrumb":{"@id":"https:\/\/tzionlibreria.com\/index.php\/product\/retos-y-oportunidades-para-la-iglesia-de-hoy-justo-l-gonzalez\/#breadcrumb"},"inLanguage":"es-CO","potentialAction":[{"@type":"ReadAction","target":["https:\/\/tzionlibreria.com\/index.php\/product\/retos-y-oportunidades-para-la-iglesia-de-hoy-justo-l-gonzalez\/"]}]},{"@type":"ImageObject","inLanguage":"es-CO","@id":"https:\/\/tzionlibreria.com\/index.php\/product\/retos-y-oportunidades-para-la-iglesia-de-hoy-justo-l-gonzalez\/#primaryimage","url":"https:\/\/tzionlibreria.com\/wp-content\/uploads\/2024\/02\/retos-iglesia.jpg","contentUrl":"https:\/\/tzionlibreria.com\/wp-content\/uploads\/2024\/02\/retos-iglesia.jpg","width":1200,"height":1200},{"@type":"BreadcrumbList","@id":"https:\/\/tzionlibreria.com\/index.php\/product\/retos-y-oportunidades-para-la-iglesia-de-hoy-justo-l-gonzalez\/#breadcrumb","itemListElement":[{"@type":"ListItem","position":1,"name":"Inicio","item":"https:\/\/tzionlibreria.com\/"},{"@type":"ListItem","position":2,"name":"Shop","item":"https:\/\/tzionlibreria.com\/index.php\/shop\/"},{"@type":"ListItem","position":3,"name":"Retos y oportunidades para la Iglesia de hoy Justo &#8211; L. Gonzalez"}]},{"@type":"WebSite","@id":"https:\/\/tzionlibreria.com\/#website","url":"https:\/\/tzionlibreria.com\/","name":"tzionlibreria.com","description":"Libreria Cristiana Venezuela","publisher":{"@id":"https:\/\/tzionlibreria.com\/#organization"},"potentialAction":[{"@type":"SearchAction","target":{"@type":"EntryPoint","urlTemplate":"https:\/\/tzionlibreria.com\/?s={search_term_string}"},"query-input":{"@type":"PropertyValueSpecification","valueRequired":true,"valueName":"search_term_string"}}],"inLanguage":"es-CO"},{"@type":"Organization","@id":"https:\/\/tzionlibreria.com\/#organization","name":"tzionlibreria.com","url":"https:\/\/tzionlibreria.com\/","logo":{"@type":"ImageObject","inLanguage":"es-CO","@id":"https:\/\/tzionlibreria.com\/#\/schema\/logo\/image\/","url":"https:\/\/tzionlibreria.com\/wp-content\/uploads\/2023\/10\/cropped-Cuadricula-scaled-1.jpg","contentUrl":"https:\/\/tzionlibreria.com\/wp-content\/uploads\/2023\/10\/cropped-Cuadricula-scaled-1.jpg","width":2560,"height":2560,"caption":"tzionlibreria.com"},"image":{"@id":"https:\/\/tzionlibreria.com\/#\/schema\/logo\/image\/"}}]}},"jetpack_sharing_enabled":true,"_links":{"self":[{"href":"https:\/\/tzionlibreria.com\/index.php\/wp-json\/wp\/v2\/product\/2487","targetHints":{"allow":["GET"]}}],"collection":[{"href":"https:\/\/tzionlibreria.com\/index.php\/wp-json\/wp\/v2\/product"}],"about":[{"href":"https:\/\/tzionlibreria.com\/index.php\/wp-json\/wp\/v2\/types\/product"}],"replies":[{"embeddable":true,"href":"https:\/\/tzionlibreria.com\/index.php\/wp-json\/wp\/v2\/comments?post=2487"}],"wp:featuredmedia":[{"embeddable":true,"href":"https:\/\/tzionlibreria.com\/index.php\/wp-json\/wp\/v2\/media\/2488"}],"wp:attachment":[{"href":"https:\/\/tzionlibreria.com\/index.php\/wp-json\/wp\/v2\/media?parent=2487"}],"wp:term":[{"taxonomy":"product_brand","embeddable":true,"href":"https:\/\/tzionlibreria.com\/index.php\/wp-json\/wp\/v2\/product_brand?post=2487"},{"taxonomy":"product_cat","embeddable":true,"href":"https:\/\/tzionlibreria.com\/index.php\/wp-json\/wp\/v2\/product_cat?post=2487"},{"taxonomy":"product_tag","embeddable":true,"href":"https:\/\/tzionlibreria.com\/index.php\/wp-json\/wp\/v2\/product_tag?post=2487"}],"curies":[{"name":"wp","href":"https:\/\/api.w.org\/{rel}","templated":true}]}}