{"id":2521,"date":"2024-02-28T01:11:43","date_gmt":"2024-02-28T01:11:43","guid":{"rendered":"https:\/\/tzionlibreria.com\/?post_type=product&#038;p=2521"},"modified":"2025-08-16T14:42:36","modified_gmt":"2025-08-16T14:42:36","slug":"una-madre-conforme-al-corazon-de-dios","status":"publish","type":"product","link":"https:\/\/tzionlibreria.com\/index.php\/product\/una-madre-conforme-al-corazon-de-dios\/","title":{"rendered":"Una madre conforme al coraz\u00f3n de Dios"},"content":{"rendered":"<h2 class=\"product-subtitle\">10 maneras de mostrarles amor a tus hijos<\/h2>\n<p>&nbsp;<\/p>\n<div id=\"ctl00_ucPDTabs_ctl00_fs\" class=\"ProductDetailGroup\">\n<div>\u201cQuiero que mis hijos sean felices y tengan \u00e9xito\u201d<\/div>\n<div><\/div>\n<div>\n<div>Seguramente deseas esto para tus hijos y tambi\u00e9n que sigan a Dios, pero \u00bfC\u00f3mo lograrlo con estos d\u00edas de apretadas agendas, actividades escolares, deportes, juegos de v\u00eddeo, tel\u00e9fonos celulares y la Internet? Lo primero es comenzar ya, ahora mismo. Hoy es el d\u00eda para que comuniques tu amor, tu fe y tus valores a tus hijos. No esperes un minuto m\u00e1s.<\/div>\n<\/div>\n<div><\/div>\n<div>Con sabidur\u00eda b\u00edblica y abundante aliento, la autora te ofrece en este libro ideas apropiadas y valiosas sugerencias para ayudarte a nutrir del Se\u00f1or a tus hijos sin importar la edad que tengan. En este libro encontrar\u00e1s:<\/div>\n<div>\n<ul>\n<li>Principios f\u00e1ciles de poner en pr\u00e1ctica para que seas una madre eficaz<\/li>\n<li>Maneras espec\u00edficas para que puedas ense\u00f1arles a tus hijos que Dios los ama y se preocupa por ellos<\/li>\n<li>Secciones pr\u00e1cticas que te ayudar\u00e1n a hacer realidad los principios en tu vida<\/li>\n<li>Estrategias especiales para llevar a cabo tu tarea<\/li>\n<\/ul>\n<div>Dios te ha puesto en una posici\u00f3n privilegiada desde la cual tienes una influencia extraordinaria sobre la vida de otras personas. \u00a1S\u00e9 una madre conforme al coraz\u00f3n de Dios! Ayuda a tus hijos, no importa la edad que tengan, a experimentar el amor, las bendiciones y las provisiones de Dios.<\/div>\n<\/div>\n<\/div>\n<div id=\"ctl00_ucPDTabs_ctl01_fs\" class=\"ProductDetailGroup\"><\/div>\n<div><\/div>\n<div><strong>ISBN<\/strong>: 9780825456299<br \/>\n<strong>Editorial<\/strong>:\u00a0Portavoz<br \/>\n<strong>Dimensiones<\/strong>: 11 x 18 x 2 cm<br \/>\n<strong>Peso<\/strong>: 0,289kg<br \/>\n<strong>N\u00famero de p\u00e1ginas<\/strong>: 223<br \/>\n<strong>Idioma<\/strong>: Espa\u00f1ol<\/div>\n","protected":false},"excerpt":{"rendered":"<p>10 maneras de mostrarles amor a tus hijos &nbsp; \u201cQuiero que mis hijos sean felices y tengan \u00e9xito\u201d Seguramente deseas esto para tus hijos y tambi\u00e9n que sigan a Dios, pero \u00bfC\u00f3mo lograrlo con estos d\u00edas de apretadas agendas, actividades escolares, deportes, juegos de v\u00eddeo, tel\u00e9fonos celulares y la Internet? Lo primero es comenzar ya, [&hellip;]<\/p>\n","protected":false},"featured_media":2522,"comment_status":"open","ping_status":"closed","template":"","meta":{"om_disable_all_campaigns":false,"_monsterinsights_skip_tracking":false,"_monsterinsights_sitenote_active":false,"_monsterinsights_sitenote_note":"","_monsterinsights_sitenote_category":0,"site-sidebar-layout":"default","site-content-layout":"","ast-site-content-layout":"default","site-content-style":"default","site-sidebar-style":"default","ast-global-header-display":"","ast-banner-title-visibility":"","ast-main-header-display":"","ast-hfb-above-header-display":"","ast-hfb-below-header-display":"","ast-hfb-mobile-header-display":"","site-post-title":"","ast-breadcrumbs-content":"","ast-featured-img":"","footer-sml-layout":"","ast-disable-related-posts":"","theme-transparent-header-meta":"default","adv-header-id-meta":"","stick-header-meta":"","header-above-stick-meta":"","header-main-stick-meta":"","header-below-stick-meta":"","astra-migrate-meta-layouts":"set","ast-page-background-enabled":"default","ast-page-background-meta":{"desktop":{"background-color":"var(--ast-global-color-4)","background-image":"","background-repeat":"repeat","background-position":"center center","background-size":"auto","background-attachment":"scroll","background-type":"","background-media":"","overlay-type":"","overlay-color":"","overlay-opacity":"","overlay-gradient":""},"tablet":{"background-color":"","background-image":"","background-repeat":"repeat","background-position":"center center","background-size":"auto","background-attachment":"scroll","background-type":"","background-media":"","overlay-type":"","overlay-color":"","overlay-opacity":"","overlay-gradient":""},"mobile":{"background-color":"","background-image":"","background-repeat":"repeat","background-position":"center center","background-size":"auto","background-attachment":"scroll","background-type":"","background-media":"","overlay-type":"","overlay-color":"","overlay-opacity":"","overlay-gradient":""}},"ast-content-background-meta":{"desktop":{"background-color":"var(--ast-global-color-5)","background-image":"","background-repeat":"repeat","background-position":"center center","background-size":"auto","background-attachment":"scroll","background-type":"","background-media":"","overlay-type":"","overlay-color":"","overlay-opacity":"","overlay-gradient":""},"tablet":{"background-color":"var(--ast-global-color-5)","background-image":"","background-repeat":"repeat","background-position":"center center","background-size":"auto","background-attachment":"scroll","background-type":"","background-media":"","overlay-type":"","overlay-color":"","overlay-opacity":"","overlay-gradient":""},"mobile":{"background-color":"var(--ast-global-color-5)","background-image":"","background-repeat":"repeat","background-position":"center center","background-size":"auto","background-attachment":"scroll","background-type":"","background-media":"","overlay-type":"","overlay-color":"","overlay-opacity":"","overlay-gradient":""}}},"product_brand":[],"product_cat":[18],"product_tag":[],"class_list":{"0":"post-2521","1":"product","2":"type-product","3":"status-publish","4":"has-post-thumbnail","6":"product_cat-uncategorized","7":"desktop-align-left","8":"tablet-align-left","9":"mobile-align-left","11":"first","12":"instock","13":"shipping-taxable","14":"purchasable","15":"product-type-simple"},"yoast_head":"<!-- This site is optimized with the Yoast SEO plugin v27.3 - https:\/\/yoast.com\/product\/yoast-seo-wordpress\/ -->\n<title>Una madre conforme al coraz\u00f3n de Dios - tzionlibreria.com<\/title>\n<meta name=\"robots\" content=\"index, follow, max-snippet:-1, max-image-preview:large, max-video-preview:-1\" \/>\n<link rel=\"canonical\" href=\"https:\/\/tzionlibreria.com\/index.php\/product\/una-madre-conforme-al-corazon-de-dios\/\" \/>\n<meta property=\"og:locale\" content=\"es_ES\" \/>\n<meta property=\"og:type\" content=\"article\" \/>\n<meta property=\"og:title\" content=\"Una madre conforme al coraz\u00f3n de Dios - tzionlibreria.com\" \/>\n<meta property=\"og:description\" content=\"10 maneras de mostrarles amor a tus hijos &nbsp; \u201cQuiero que mis hijos sean felices y tengan \u00e9xito\u201d Seguramente deseas esto para tus hijos y tambi\u00e9n que sigan a Dios, pero \u00bfC\u00f3mo lograrlo con estos d\u00edas de apretadas agendas, actividades escolares, deportes, juegos de v\u00eddeo, tel\u00e9fonos celulares y la Internet? Lo primero es comenzar ya, [&hellip;]\" \/>\n<meta property=\"og:url\" content=\"https:\/\/tzionlibreria.com\/index.php\/product\/una-madre-conforme-al-corazon-de-dios\/\" \/>\n<meta property=\"og:site_name\" content=\"tzionlibreria.com\" \/>\n<meta property=\"article:modified_time\" content=\"2025-08-16T14:42:36+00:00\" \/>\n<meta property=\"og:image\" content=\"http:\/\/tzionlibreria.com\/wp-content\/uploads\/2024\/02\/MADRE-CONFORME.jpg\" \/>\n\t<meta property=\"og:image:width\" content=\"1200\" \/>\n\t<meta property=\"og:image:height\" content=\"1200\" \/>\n\t<meta property=\"og:image:type\" content=\"image\/jpeg\" \/>\n<meta name=\"twitter:card\" content=\"summary_large_image\" \/>\n<meta name=\"twitter:label1\" content=\"Tiempo de lectura\" \/>\n\t<meta name=\"twitter:data1\" content=\"2 minutos\" \/>\n<script type=\"application\/ld+json\" class=\"yoast-schema-graph\">{\"@context\":\"https:\\\/\\\/schema.org\",\"@graph\":[{\"@type\":\"WebPage\",\"@id\":\"https:\\\/\\\/tzionlibreria.com\\\/index.php\\\/product\\\/una-madre-conforme-al-corazon-de-dios\\\/\",\"url\":\"https:\\\/\\\/tzionlibreria.com\\\/index.php\\\/product\\\/una-madre-conforme-al-corazon-de-dios\\\/\",\"name\":\"Una madre conforme al coraz\u00f3n de Dios - tzionlibreria.com\",\"isPartOf\":{\"@id\":\"https:\\\/\\\/tzionlibreria.com\\\/#website\"},\"primaryImageOfPage\":{\"@id\":\"https:\\\/\\\/tzionlibreria.com\\\/index.php\\\/product\\\/una-madre-conforme-al-corazon-de-dios\\\/#primaryimage\"},\"image\":{\"@id\":\"https:\\\/\\\/tzionlibreria.com\\\/index.php\\\/product\\\/una-madre-conforme-al-corazon-de-dios\\\/#primaryimage\"},\"thumbnailUrl\":\"https:\\\/\\\/tzionlibreria.com\\\/wp-content\\\/uploads\\\/2024\\\/02\\\/MADRE-CONFORME.jpg\",\"datePublished\":\"2024-02-28T01:11:43+00:00\",\"dateModified\":\"2025-08-16T14:42:36+00:00\",\"breadcrumb\":{\"@id\":\"https:\\\/\\\/tzionlibreria.com\\\/index.php\\\/product\\\/una-madre-conforme-al-corazon-de-dios\\\/#breadcrumb\"},\"inLanguage\":\"es-CO\",\"potentialAction\":[{\"@type\":\"ReadAction\",\"target\":[\"https:\\\/\\\/tzionlibreria.com\\\/index.php\\\/product\\\/una-madre-conforme-al-corazon-de-dios\\\/\"]}]},{\"@type\":\"ImageObject\",\"inLanguage\":\"es-CO\",\"@id\":\"https:\\\/\\\/tzionlibreria.com\\\/index.php\\\/product\\\/una-madre-conforme-al-corazon-de-dios\\\/#primaryimage\",\"url\":\"https:\\\/\\\/tzionlibreria.com\\\/wp-content\\\/uploads\\\/2024\\\/02\\\/MADRE-CONFORME.jpg\",\"contentUrl\":\"https:\\\/\\\/tzionlibreria.com\\\/wp-content\\\/uploads\\\/2024\\\/02\\\/MADRE-CONFORME.jpg\",\"width\":1200,\"height\":1200},{\"@type\":\"BreadcrumbList\",\"@id\":\"https:\\\/\\\/tzionlibreria.com\\\/index.php\\\/product\\\/una-madre-conforme-al-corazon-de-dios\\\/#breadcrumb\",\"itemListElement\":[{\"@type\":\"ListItem\",\"position\":1,\"name\":\"Inicio\",\"item\":\"https:\\\/\\\/tzionlibreria.com\\\/\"},{\"@type\":\"ListItem\",\"position\":2,\"name\":\"Shop\",\"item\":\"https:\\\/\\\/tzionlibreria.com\\\/index.php\\\/shop\\\/\"},{\"@type\":\"ListItem\",\"position\":3,\"name\":\"Una madre conforme al coraz\u00f3n de Dios\"}]},{\"@type\":\"WebSite\",\"@id\":\"https:\\\/\\\/tzionlibreria.com\\\/#website\",\"url\":\"https:\\\/\\\/tzionlibreria.com\\\/\",\"name\":\"tzionlibreria.com\",\"description\":\"Libreria Cristiana Venezuela\",\"publisher\":{\"@id\":\"https:\\\/\\\/tzionlibreria.com\\\/#organization\"},\"potentialAction\":[{\"@type\":\"SearchAction\",\"target\":{\"@type\":\"EntryPoint\",\"urlTemplate\":\"https:\\\/\\\/tzionlibreria.com\\\/?s={search_term_string}\"},\"query-input\":{\"@type\":\"PropertyValueSpecification\",\"valueRequired\":true,\"valueName\":\"search_term_string\"}}],\"inLanguage\":\"es-CO\"},{\"@type\":\"Organization\",\"@id\":\"https:\\\/\\\/tzionlibreria.com\\\/#organization\",\"name\":\"tzionlibreria.com\",\"url\":\"https:\\\/\\\/tzionlibreria.com\\\/\",\"logo\":{\"@type\":\"ImageObject\",\"inLanguage\":\"es-CO\",\"@id\":\"https:\\\/\\\/tzionlibreria.com\\\/#\\\/schema\\\/logo\\\/image\\\/\",\"url\":\"https:\\\/\\\/tzionlibreria.com\\\/wp-content\\\/uploads\\\/2023\\\/10\\\/cropped-Cuadricula-scaled-1.jpg\",\"contentUrl\":\"https:\\\/\\\/tzionlibreria.com\\\/wp-content\\\/uploads\\\/2023\\\/10\\\/cropped-Cuadricula-scaled-1.jpg\",\"width\":2560,\"height\":2560,\"caption\":\"tzionlibreria.com\"},\"image\":{\"@id\":\"https:\\\/\\\/tzionlibreria.com\\\/#\\\/schema\\\/logo\\\/image\\\/\"}}]}<\/script>\n<!-- \/ Yoast SEO plugin. -->","yoast_head_json":{"title":"Una madre conforme al coraz\u00f3n de Dios - tzionlibreria.com","robots":{"index":"index","follow":"follow","max-snippet":"max-snippet:-1","max-image-preview":"max-image-preview:large","max-video-preview":"max-video-preview:-1"},"canonical":"https:\/\/tzionlibreria.com\/index.php\/product\/una-madre-conforme-al-corazon-de-dios\/","og_locale":"es_ES","og_type":"article","og_title":"Una madre conforme al coraz\u00f3n de Dios - tzionlibreria.com","og_description":"10 maneras de mostrarles amor a tus hijos &nbsp; \u201cQuiero que mis hijos sean felices y tengan \u00e9xito\u201d Seguramente deseas esto para tus hijos y tambi\u00e9n que sigan a Dios, pero \u00bfC\u00f3mo lograrlo con estos d\u00edas de apretadas agendas, actividades escolares, deportes, juegos de v\u00eddeo, tel\u00e9fonos celulares y la Internet? Lo primero es comenzar ya, [&hellip;]","og_url":"https:\/\/tzionlibreria.com\/index.php\/product\/una-madre-conforme-al-corazon-de-dios\/","og_site_name":"tzionlibreria.com","article_modified_time":"2025-08-16T14:42:36+00:00","og_image":[{"width":1200,"height":1200,"url":"http:\/\/tzionlibreria.com\/wp-content\/uploads\/2024\/02\/MADRE-CONFORME.jpg","type":"image\/jpeg"}],"twitter_card":"summary_large_image","twitter_misc":{"Tiempo de lectura":"2 minutos"},"schema":{"@context":"https:\/\/schema.org","@graph":[{"@type":"WebPage","@id":"https:\/\/tzionlibreria.com\/index.php\/product\/una-madre-conforme-al-corazon-de-dios\/","url":"https:\/\/tzionlibreria.com\/index.php\/product\/una-madre-conforme-al-corazon-de-dios\/","name":"Una madre conforme al coraz\u00f3n de Dios - tzionlibreria.com","isPartOf":{"@id":"https:\/\/tzionlibreria.com\/#website"},"primaryImageOfPage":{"@id":"https:\/\/tzionlibreria.com\/index.php\/product\/una-madre-conforme-al-corazon-de-dios\/#primaryimage"},"image":{"@id":"https:\/\/tzionlibreria.com\/index.php\/product\/una-madre-conforme-al-corazon-de-dios\/#primaryimage"},"thumbnailUrl":"https:\/\/tzionlibreria.com\/wp-content\/uploads\/2024\/02\/MADRE-CONFORME.jpg","datePublished":"2024-02-28T01:11:43+00:00","dateModified":"2025-08-16T14:42:36+00:00","breadcrumb":{"@id":"https:\/\/tzionlibreria.com\/index.php\/product\/una-madre-conforme-al-corazon-de-dios\/#breadcrumb"},"inLanguage":"es-CO","potentialAction":[{"@type":"ReadAction","target":["https:\/\/tzionlibreria.com\/index.php\/product\/una-madre-conforme-al-corazon-de-dios\/"]}]},{"@type":"ImageObject","inLanguage":"es-CO","@id":"https:\/\/tzionlibreria.com\/index.php\/product\/una-madre-conforme-al-corazon-de-dios\/#primaryimage","url":"https:\/\/tzionlibreria.com\/wp-content\/uploads\/2024\/02\/MADRE-CONFORME.jpg","contentUrl":"https:\/\/tzionlibreria.com\/wp-content\/uploads\/2024\/02\/MADRE-CONFORME.jpg","width":1200,"height":1200},{"@type":"BreadcrumbList","@id":"https:\/\/tzionlibreria.com\/index.php\/product\/una-madre-conforme-al-corazon-de-dios\/#breadcrumb","itemListElement":[{"@type":"ListItem","position":1,"name":"Inicio","item":"https:\/\/tzionlibreria.com\/"},{"@type":"ListItem","position":2,"name":"Shop","item":"https:\/\/tzionlibreria.com\/index.php\/shop\/"},{"@type":"ListItem","position":3,"name":"Una madre conforme al coraz\u00f3n de Dios"}]},{"@type":"WebSite","@id":"https:\/\/tzionlibreria.com\/#website","url":"https:\/\/tzionlibreria.com\/","name":"tzionlibreria.com","description":"Libreria Cristiana Venezuela","publisher":{"@id":"https:\/\/tzionlibreria.com\/#organization"},"potentialAction":[{"@type":"SearchAction","target":{"@type":"EntryPoint","urlTemplate":"https:\/\/tzionlibreria.com\/?s={search_term_string}"},"query-input":{"@type":"PropertyValueSpecification","valueRequired":true,"valueName":"search_term_string"}}],"inLanguage":"es-CO"},{"@type":"Organization","@id":"https:\/\/tzionlibreria.com\/#organization","name":"tzionlibreria.com","url":"https:\/\/tzionlibreria.com\/","logo":{"@type":"ImageObject","inLanguage":"es-CO","@id":"https:\/\/tzionlibreria.com\/#\/schema\/logo\/image\/","url":"https:\/\/tzionlibreria.com\/wp-content\/uploads\/2023\/10\/cropped-Cuadricula-scaled-1.jpg","contentUrl":"https:\/\/tzionlibreria.com\/wp-content\/uploads\/2023\/10\/cropped-Cuadricula-scaled-1.jpg","width":2560,"height":2560,"caption":"tzionlibreria.com"},"image":{"@id":"https:\/\/tzionlibreria.com\/#\/schema\/logo\/image\/"}}]}},"jetpack_sharing_enabled":true,"_links":{"self":[{"href":"https:\/\/tzionlibreria.com\/index.php\/wp-json\/wp\/v2\/product\/2521","targetHints":{"allow":["GET"]}}],"collection":[{"href":"https:\/\/tzionlibreria.com\/index.php\/wp-json\/wp\/v2\/product"}],"about":[{"href":"https:\/\/tzionlibreria.com\/index.php\/wp-json\/wp\/v2\/types\/product"}],"replies":[{"embeddable":true,"href":"https:\/\/tzionlibreria.com\/index.php\/wp-json\/wp\/v2\/comments?post=2521"}],"wp:featuredmedia":[{"embeddable":true,"href":"https:\/\/tzionlibreria.com\/index.php\/wp-json\/wp\/v2\/media\/2522"}],"wp:attachment":[{"href":"https:\/\/tzionlibreria.com\/index.php\/wp-json\/wp\/v2\/media?parent=2521"}],"wp:term":[{"taxonomy":"product_brand","embeddable":true,"href":"https:\/\/tzionlibreria.com\/index.php\/wp-json\/wp\/v2\/product_brand?post=2521"},{"taxonomy":"product_cat","embeddable":true,"href":"https:\/\/tzionlibreria.com\/index.php\/wp-json\/wp\/v2\/product_cat?post=2521"},{"taxonomy":"product_tag","embeddable":true,"href":"https:\/\/tzionlibreria.com\/index.php\/wp-json\/wp\/v2\/product_tag?post=2521"}],"curies":[{"name":"wp","href":"https:\/\/api.w.org\/{rel}","templated":true}]}}