{"id":2542,"date":"2024-02-28T01:39:39","date_gmt":"2024-02-28T01:39:39","guid":{"rendered":"https:\/\/tzionlibreria.com\/?post_type=product&#038;p=2542"},"modified":"2024-02-28T16:29:05","modified_gmt":"2024-02-28T16:29:05","slug":"en-busca-de-una-ayuda-idonea","status":"publish","type":"product","link":"https:\/\/tzionlibreria.com\/index.php\/product\/en-busca-de-una-ayuda-idonea\/","title":{"rendered":"En Busca de una Ayuda Id\u00f3nea"},"content":{"rendered":"<div>Una gu\u00eda para j\u00f3venes que buscan la pareja ideal joven<\/div>\n<div><\/div>\n<p>Usted que est\u00e1 sentado en el umbral de este glorioso tiempo en su vida, yo como hombre mayor que ha conocido la espl\u00e9ndida felicidad del matrimonio por m\u00e1s de 40 a\u00f1os, quiero decirle que la vida matrimonial \u00a0es todo \u00a0lo que describe el \u00a0libro de Cantares y mucho m\u00e1s. Estar perfectamente unido a una mujer es una de las mayores realizaciones \u00a0que \u00a0un \u00a0hombre puede \u00a0lograr en \u00a0este \u00a0lado de la eternidad. Infortunadamente, son \u00a0pocos los que encuentran la pareja de su vida. Este libro est\u00e1 escrito para guiar leen \u00a0su b\u00fasqueda.\u00a0 \u00a0Adem\u00e1s, su informaci\u00f3n tambi\u00e9n es \u00fatil \u00a0para padres, parejas y l\u00edderes. Brillantemente escrito; una cl\u00e1sica y convincente gu\u00eda matrimonial&#8221;.\u00a0Este libro es de gran \u00a0ayuda \u00a0para \u00a0los j\u00f3venes solteros que \u00a0desean casarse y andan \u00a0en busca \u00a0de su esposa; es una hermosa \u00a0y pr\u00e1ctica gu\u00eda que les ayudar\u00e1 a entender c\u00f3mo formar \u00a0un hogar \u00a0cristiano y temeroso de Dios. Michael Pearl \u00a0brinda valiosos consejos que permitir\u00e1n \u00a0al \u00a0lector conocer principios b\u00edblicos que de la mano de la oraci\u00f3n le ayudar\u00e1n \u00a0a tomar una buena decisi\u00f3n al momento de escoger la ayuda id\u00f3nea que ser\u00e1 su compa\u00f1era de toda la vida. Encuentre la respuesta estas preguntas: \u00bfC\u00f3mo descubro \u00a0una potencial \u00a0esposa fuera de mi \u00a0c\u00edrculo social? \u00bfExiste solo una persona dise\u00f1ada para m\u00ed? \u00bfC\u00f3mo puedo saber qui\u00e9n ser\u00e1 mi ayuda \u00a0id\u00f3nea? \u00bfQu\u00e9 \u00a0rasgos debo buscar en u na esposa? \u00bfQu\u00e9 debo hacer si nuestros padres quieren que pasemos por un largo proceso de compromiso? \u00bfDebo confiar en el consejo de otros o tomar la decisi\u00f3n yo solo? \u00bfQu\u00e9 pasa si me cas\u00e9 con la persona equivocada?<\/p>\n<p>&nbsp;<\/p>\n<p><strong>ISBN<\/strong>: 9789588867540<br \/>\n<strong>Dimensiones<\/strong>: 14 x 21 x 1 cm<br \/>\n<strong>Peso<\/strong>: 0,215kg<br \/>\n<strong>Cubierta<\/strong>: R\u00fastica<br \/>\n<strong>N\u00famero de p\u00e1ginas<\/strong>: 207<br \/>\n<strong>Idioma<\/strong>: Espa\u00f1ol<\/p>\n","protected":false},"excerpt":{"rendered":"<p>Una gu\u00eda para j\u00f3venes que buscan la pareja ideal joven Usted que est\u00e1 sentado en el umbral de este glorioso tiempo en su vida, yo como hombre mayor que ha conocido la espl\u00e9ndida felicidad del matrimonio por m\u00e1s de 40 a\u00f1os, quiero decirle que la vida matrimonial \u00a0es todo \u00a0lo que describe el \u00a0libro de [&hellip;]<\/p>\n","protected":false},"featured_media":2543,"comment_status":"open","ping_status":"closed","template":"","meta":{"om_disable_all_campaigns":false,"_monsterinsights_skip_tracking":false,"_monsterinsights_sitenote_active":false,"_monsterinsights_sitenote_note":"","_monsterinsights_sitenote_category":0,"site-sidebar-layout":"default","site-content-layout":"","ast-site-content-layout":"default","site-content-style":"default","site-sidebar-style":"default","ast-global-header-display":"","ast-banner-title-visibility":"","ast-main-header-display":"","ast-hfb-above-header-display":"","ast-hfb-below-header-display":"","ast-hfb-mobile-header-display":"","site-post-title":"","ast-breadcrumbs-content":"","ast-featured-img":"","footer-sml-layout":"","ast-disable-related-posts":"","theme-transparent-header-meta":"default","adv-header-id-meta":"","stick-header-meta":"","header-above-stick-meta":"","header-main-stick-meta":"","header-below-stick-meta":"","astra-migrate-meta-layouts":"set","ast-page-background-enabled":"default","ast-page-background-meta":{"desktop":{"background-color":"var(--ast-global-color-4)","background-image":"","background-repeat":"repeat","background-position":"center center","background-size":"auto","background-attachment":"scroll","background-type":"","background-media":"","overlay-type":"","overlay-color":"","overlay-opacity":"","overlay-gradient":""},"tablet":{"background-color":"","background-image":"","background-repeat":"repeat","background-position":"center center","background-size":"auto","background-attachment":"scroll","background-type":"","background-media":"","overlay-type":"","overlay-color":"","overlay-opacity":"","overlay-gradient":""},"mobile":{"background-color":"","background-image":"","background-repeat":"repeat","background-position":"center center","background-size":"auto","background-attachment":"scroll","background-type":"","background-media":"","overlay-type":"","overlay-color":"","overlay-opacity":"","overlay-gradient":""}},"ast-content-background-meta":{"desktop":{"background-color":"var(--ast-global-color-5)","background-image":"","background-repeat":"repeat","background-position":"center center","background-size":"auto","background-attachment":"scroll","background-type":"","background-media":"","overlay-type":"","overlay-color":"","overlay-opacity":"","overlay-gradient":""},"tablet":{"background-color":"var(--ast-global-color-5)","background-image":"","background-repeat":"repeat","background-position":"center center","background-size":"auto","background-attachment":"scroll","background-type":"","background-media":"","overlay-type":"","overlay-color":"","overlay-opacity":"","overlay-gradient":""},"mobile":{"background-color":"var(--ast-global-color-5)","background-image":"","background-repeat":"repeat","background-position":"center center","background-size":"auto","background-attachment":"scroll","background-type":"","background-media":"","overlay-type":"","overlay-color":"","overlay-opacity":"","overlay-gradient":""}}},"product_brand":[],"product_cat":[173,23],"product_tag":[],"class_list":{"0":"post-2542","1":"product","2":"type-product","3":"status-publish","4":"has-post-thumbnail","6":"product_cat-jovenes","7":"product_cat-libros","8":"desktop-align-left","9":"tablet-align-left","10":"mobile-align-left","12":"first","13":"instock","14":"shipping-taxable","15":"purchasable","16":"product-type-simple"},"yoast_head":"<!-- This site is optimized with the Yoast SEO plugin v27.4 - https:\/\/yoast.com\/product\/yoast-seo-wordpress\/ -->\n<title>En Busca de una Ayuda Id\u00f3nea - tzionlibreria.com<\/title>\n<meta name=\"robots\" content=\"index, follow, max-snippet:-1, max-image-preview:large, max-video-preview:-1\" \/>\n<link rel=\"canonical\" href=\"https:\/\/tzionlibreria.com\/index.php\/product\/en-busca-de-una-ayuda-idonea\/\" \/>\n<meta property=\"og:locale\" content=\"es_ES\" \/>\n<meta property=\"og:type\" content=\"article\" \/>\n<meta property=\"og:title\" content=\"En Busca de una Ayuda Id\u00f3nea - tzionlibreria.com\" \/>\n<meta property=\"og:description\" content=\"Una gu\u00eda para j\u00f3venes que buscan la pareja ideal joven Usted que est\u00e1 sentado en el umbral de este glorioso tiempo en su vida, yo como hombre mayor que ha conocido la espl\u00e9ndida felicidad del matrimonio por m\u00e1s de 40 a\u00f1os, quiero decirle que la vida matrimonial \u00a0es todo \u00a0lo que describe el \u00a0libro de [&hellip;]\" \/>\n<meta property=\"og:url\" content=\"https:\/\/tzionlibreria.com\/index.php\/product\/en-busca-de-una-ayuda-idonea\/\" \/>\n<meta property=\"og:site_name\" content=\"tzionlibreria.com\" \/>\n<meta property=\"article:modified_time\" content=\"2024-02-28T16:29:05+00:00\" \/>\n<meta property=\"og:image\" content=\"http:\/\/tzionlibreria.com\/wp-content\/uploads\/2024\/02\/ayuda-idonea.jpg\" \/>\n\t<meta property=\"og:image:width\" content=\"1200\" \/>\n\t<meta property=\"og:image:height\" content=\"1200\" \/>\n\t<meta property=\"og:image:type\" content=\"image\/jpeg\" \/>\n<meta name=\"twitter:card\" content=\"summary_large_image\" \/>\n<meta name=\"twitter:label1\" content=\"Tiempo de lectura\" \/>\n\t<meta name=\"twitter:data1\" content=\"2 minutos\" \/>\n<script type=\"application\/ld+json\" class=\"yoast-schema-graph\">{\"@context\":\"https:\\\/\\\/schema.org\",\"@graph\":[{\"@type\":\"WebPage\",\"@id\":\"https:\\\/\\\/tzionlibreria.com\\\/index.php\\\/product\\\/en-busca-de-una-ayuda-idonea\\\/\",\"url\":\"https:\\\/\\\/tzionlibreria.com\\\/index.php\\\/product\\\/en-busca-de-una-ayuda-idonea\\\/\",\"name\":\"En Busca de una Ayuda Id\u00f3nea - tzionlibreria.com\",\"isPartOf\":{\"@id\":\"https:\\\/\\\/tzionlibreria.com\\\/#website\"},\"primaryImageOfPage\":{\"@id\":\"https:\\\/\\\/tzionlibreria.com\\\/index.php\\\/product\\\/en-busca-de-una-ayuda-idonea\\\/#primaryimage\"},\"image\":{\"@id\":\"https:\\\/\\\/tzionlibreria.com\\\/index.php\\\/product\\\/en-busca-de-una-ayuda-idonea\\\/#primaryimage\"},\"thumbnailUrl\":\"https:\\\/\\\/tzionlibreria.com\\\/wp-content\\\/uploads\\\/2024\\\/02\\\/ayuda-idonea.jpg\",\"datePublished\":\"2024-02-28T01:39:39+00:00\",\"dateModified\":\"2024-02-28T16:29:05+00:00\",\"breadcrumb\":{\"@id\":\"https:\\\/\\\/tzionlibreria.com\\\/index.php\\\/product\\\/en-busca-de-una-ayuda-idonea\\\/#breadcrumb\"},\"inLanguage\":\"es-CO\",\"potentialAction\":[{\"@type\":\"ReadAction\",\"target\":[\"https:\\\/\\\/tzionlibreria.com\\\/index.php\\\/product\\\/en-busca-de-una-ayuda-idonea\\\/\"]}]},{\"@type\":\"ImageObject\",\"inLanguage\":\"es-CO\",\"@id\":\"https:\\\/\\\/tzionlibreria.com\\\/index.php\\\/product\\\/en-busca-de-una-ayuda-idonea\\\/#primaryimage\",\"url\":\"https:\\\/\\\/tzionlibreria.com\\\/wp-content\\\/uploads\\\/2024\\\/02\\\/ayuda-idonea.jpg\",\"contentUrl\":\"https:\\\/\\\/tzionlibreria.com\\\/wp-content\\\/uploads\\\/2024\\\/02\\\/ayuda-idonea.jpg\",\"width\":1200,\"height\":1200},{\"@type\":\"BreadcrumbList\",\"@id\":\"https:\\\/\\\/tzionlibreria.com\\\/index.php\\\/product\\\/en-busca-de-una-ayuda-idonea\\\/#breadcrumb\",\"itemListElement\":[{\"@type\":\"ListItem\",\"position\":1,\"name\":\"Inicio\",\"item\":\"https:\\\/\\\/tzionlibreria.com\\\/\"},{\"@type\":\"ListItem\",\"position\":2,\"name\":\"Shop\",\"item\":\"https:\\\/\\\/tzionlibreria.com\\\/index.php\\\/shop\\\/\"},{\"@type\":\"ListItem\",\"position\":3,\"name\":\"En Busca de una Ayuda Id\u00f3nea\"}]},{\"@type\":\"WebSite\",\"@id\":\"https:\\\/\\\/tzionlibreria.com\\\/#website\",\"url\":\"https:\\\/\\\/tzionlibreria.com\\\/\",\"name\":\"tzionlibreria.com\",\"description\":\"Libreria Cristiana Venezuela\",\"publisher\":{\"@id\":\"https:\\\/\\\/tzionlibreria.com\\\/#organization\"},\"potentialAction\":[{\"@type\":\"SearchAction\",\"target\":{\"@type\":\"EntryPoint\",\"urlTemplate\":\"https:\\\/\\\/tzionlibreria.com\\\/?s={search_term_string}\"},\"query-input\":{\"@type\":\"PropertyValueSpecification\",\"valueRequired\":true,\"valueName\":\"search_term_string\"}}],\"inLanguage\":\"es-CO\"},{\"@type\":\"Organization\",\"@id\":\"https:\\\/\\\/tzionlibreria.com\\\/#organization\",\"name\":\"tzionlibreria.com\",\"url\":\"https:\\\/\\\/tzionlibreria.com\\\/\",\"logo\":{\"@type\":\"ImageObject\",\"inLanguage\":\"es-CO\",\"@id\":\"https:\\\/\\\/tzionlibreria.com\\\/#\\\/schema\\\/logo\\\/image\\\/\",\"url\":\"https:\\\/\\\/tzionlibreria.com\\\/wp-content\\\/uploads\\\/2023\\\/10\\\/cropped-Cuadricula-scaled-1.jpg\",\"contentUrl\":\"https:\\\/\\\/tzionlibreria.com\\\/wp-content\\\/uploads\\\/2023\\\/10\\\/cropped-Cuadricula-scaled-1.jpg\",\"width\":2560,\"height\":2560,\"caption\":\"tzionlibreria.com\"},\"image\":{\"@id\":\"https:\\\/\\\/tzionlibreria.com\\\/#\\\/schema\\\/logo\\\/image\\\/\"}}]}<\/script>\n<!-- \/ Yoast SEO plugin. -->","yoast_head_json":{"title":"En Busca de una Ayuda Id\u00f3nea - tzionlibreria.com","robots":{"index":"index","follow":"follow","max-snippet":"max-snippet:-1","max-image-preview":"max-image-preview:large","max-video-preview":"max-video-preview:-1"},"canonical":"https:\/\/tzionlibreria.com\/index.php\/product\/en-busca-de-una-ayuda-idonea\/","og_locale":"es_ES","og_type":"article","og_title":"En Busca de una Ayuda Id\u00f3nea - tzionlibreria.com","og_description":"Una gu\u00eda para j\u00f3venes que buscan la pareja ideal joven Usted que est\u00e1 sentado en el umbral de este glorioso tiempo en su vida, yo como hombre mayor que ha conocido la espl\u00e9ndida felicidad del matrimonio por m\u00e1s de 40 a\u00f1os, quiero decirle que la vida matrimonial \u00a0es todo \u00a0lo que describe el \u00a0libro de [&hellip;]","og_url":"https:\/\/tzionlibreria.com\/index.php\/product\/en-busca-de-una-ayuda-idonea\/","og_site_name":"tzionlibreria.com","article_modified_time":"2024-02-28T16:29:05+00:00","og_image":[{"width":1200,"height":1200,"url":"http:\/\/tzionlibreria.com\/wp-content\/uploads\/2024\/02\/ayuda-idonea.jpg","type":"image\/jpeg"}],"twitter_card":"summary_large_image","twitter_misc":{"Tiempo de lectura":"2 minutos"},"schema":{"@context":"https:\/\/schema.org","@graph":[{"@type":"WebPage","@id":"https:\/\/tzionlibreria.com\/index.php\/product\/en-busca-de-una-ayuda-idonea\/","url":"https:\/\/tzionlibreria.com\/index.php\/product\/en-busca-de-una-ayuda-idonea\/","name":"En Busca de una Ayuda Id\u00f3nea - tzionlibreria.com","isPartOf":{"@id":"https:\/\/tzionlibreria.com\/#website"},"primaryImageOfPage":{"@id":"https:\/\/tzionlibreria.com\/index.php\/product\/en-busca-de-una-ayuda-idonea\/#primaryimage"},"image":{"@id":"https:\/\/tzionlibreria.com\/index.php\/product\/en-busca-de-una-ayuda-idonea\/#primaryimage"},"thumbnailUrl":"https:\/\/tzionlibreria.com\/wp-content\/uploads\/2024\/02\/ayuda-idonea.jpg","datePublished":"2024-02-28T01:39:39+00:00","dateModified":"2024-02-28T16:29:05+00:00","breadcrumb":{"@id":"https:\/\/tzionlibreria.com\/index.php\/product\/en-busca-de-una-ayuda-idonea\/#breadcrumb"},"inLanguage":"es-CO","potentialAction":[{"@type":"ReadAction","target":["https:\/\/tzionlibreria.com\/index.php\/product\/en-busca-de-una-ayuda-idonea\/"]}]},{"@type":"ImageObject","inLanguage":"es-CO","@id":"https:\/\/tzionlibreria.com\/index.php\/product\/en-busca-de-una-ayuda-idonea\/#primaryimage","url":"https:\/\/tzionlibreria.com\/wp-content\/uploads\/2024\/02\/ayuda-idonea.jpg","contentUrl":"https:\/\/tzionlibreria.com\/wp-content\/uploads\/2024\/02\/ayuda-idonea.jpg","width":1200,"height":1200},{"@type":"BreadcrumbList","@id":"https:\/\/tzionlibreria.com\/index.php\/product\/en-busca-de-una-ayuda-idonea\/#breadcrumb","itemListElement":[{"@type":"ListItem","position":1,"name":"Inicio","item":"https:\/\/tzionlibreria.com\/"},{"@type":"ListItem","position":2,"name":"Shop","item":"https:\/\/tzionlibreria.com\/index.php\/shop\/"},{"@type":"ListItem","position":3,"name":"En Busca de una Ayuda Id\u00f3nea"}]},{"@type":"WebSite","@id":"https:\/\/tzionlibreria.com\/#website","url":"https:\/\/tzionlibreria.com\/","name":"tzionlibreria.com","description":"Libreria Cristiana Venezuela","publisher":{"@id":"https:\/\/tzionlibreria.com\/#organization"},"potentialAction":[{"@type":"SearchAction","target":{"@type":"EntryPoint","urlTemplate":"https:\/\/tzionlibreria.com\/?s={search_term_string}"},"query-input":{"@type":"PropertyValueSpecification","valueRequired":true,"valueName":"search_term_string"}}],"inLanguage":"es-CO"},{"@type":"Organization","@id":"https:\/\/tzionlibreria.com\/#organization","name":"tzionlibreria.com","url":"https:\/\/tzionlibreria.com\/","logo":{"@type":"ImageObject","inLanguage":"es-CO","@id":"https:\/\/tzionlibreria.com\/#\/schema\/logo\/image\/","url":"https:\/\/tzionlibreria.com\/wp-content\/uploads\/2023\/10\/cropped-Cuadricula-scaled-1.jpg","contentUrl":"https:\/\/tzionlibreria.com\/wp-content\/uploads\/2023\/10\/cropped-Cuadricula-scaled-1.jpg","width":2560,"height":2560,"caption":"tzionlibreria.com"},"image":{"@id":"https:\/\/tzionlibreria.com\/#\/schema\/logo\/image\/"}}]}},"jetpack_sharing_enabled":true,"_links":{"self":[{"href":"https:\/\/tzionlibreria.com\/index.php\/wp-json\/wp\/v2\/product\/2542","targetHints":{"allow":["GET"]}}],"collection":[{"href":"https:\/\/tzionlibreria.com\/index.php\/wp-json\/wp\/v2\/product"}],"about":[{"href":"https:\/\/tzionlibreria.com\/index.php\/wp-json\/wp\/v2\/types\/product"}],"replies":[{"embeddable":true,"href":"https:\/\/tzionlibreria.com\/index.php\/wp-json\/wp\/v2\/comments?post=2542"}],"wp:featuredmedia":[{"embeddable":true,"href":"https:\/\/tzionlibreria.com\/index.php\/wp-json\/wp\/v2\/media\/2543"}],"wp:attachment":[{"href":"https:\/\/tzionlibreria.com\/index.php\/wp-json\/wp\/v2\/media?parent=2542"}],"wp:term":[{"taxonomy":"product_brand","embeddable":true,"href":"https:\/\/tzionlibreria.com\/index.php\/wp-json\/wp\/v2\/product_brand?post=2542"},{"taxonomy":"product_cat","embeddable":true,"href":"https:\/\/tzionlibreria.com\/index.php\/wp-json\/wp\/v2\/product_cat?post=2542"},{"taxonomy":"product_tag","embeddable":true,"href":"https:\/\/tzionlibreria.com\/index.php\/wp-json\/wp\/v2\/product_tag?post=2542"}],"curies":[{"name":"wp","href":"https:\/\/api.w.org\/{rel}","templated":true}]}}