{"id":2597,"date":"2024-03-01T02:16:38","date_gmt":"2024-03-01T02:16:38","guid":{"rendered":"https:\/\/tzionlibreria.com\/?post_type=product&#038;p=2597"},"modified":"2024-11-22T02:28:05","modified_gmt":"2024-11-22T02:28:05","slug":"maria-la-madre-de-jesus-dra-ana-mendez-ferrell","status":"publish","type":"product","link":"https:\/\/tzionlibreria.com\/index.php\/product\/maria-la-madre-de-jesus-dra-ana-mendez-ferrell\/","title":{"rendered":"Maria, La Madre de Jesus &#8211; Dra Ana Mendez Ferrell"},"content":{"rendered":"<div id=\"bookDescription_feature_div\" class=\"celwidget\" data-feature-name=\"bookDescription\" data-csa-c-type=\"widget\" data-csa-c-content-id=\"bookDescription\" data-csa-c-slot-id=\"bookDescription_feature_div\" data-csa-c-asin=\"1933163739\" data-csa-c-is-in-initial-active-row=\"false\" data-csa-c-id=\"px7j4h-xdlcp6-wddrc2-t4e7uh\" data-cel-widget=\"bookDescription_feature_div\">\n<div class=\"a-expander-collapsed-height a-row a-expander-container a-spacing-base a-expander-partial-collapse-container\" data-a-expander-name=\"book_description_expander\" data-a-expander-collapsed-height=\"280\">\n<div class=\"a-expander-content a-expander-partial-collapse-content\" aria-expanded=\"false\">Este es un poderoso libro, que lo llevar\u00e1 a conocer a Mar\u00eda en su trasfondo hist\u00f3rico, y en su pensamiento \u00edntimo, basado en la relaci\u00f3n que ten\u00eda con el Padre Celestial y con Su Hijo Jesucristo. Muchas conocidas apariciones han usado fraudulentamente el nombre de Mar\u00eda, y han tra\u00eddo mensajes que tuercen el verdadero sentir de su coraz\u00f3n, hieri\u00e9ndola, y desviando a millares. Dios ha usado muchas veces aparicione ang\u00e9licas para dar un mensaje, pero no todo lo que brilla o es hermoso, es del cielo o proviene de Dios. El prop\u00f3sito de este libro es guiarlo y poner en sus manos las herramientas de discernimiento y de sabidur\u00eda que lo har\u00e1n entender c\u00f3mo analizar las aparici\u00f3nes y su mensaje. En honor a quien ella es, y con la intenci\u00f3n que se le haga justicia, quiero dar a conocer su vida, su personalidad y su verdadero sentir. Ella nos dej\u00f3 sus propias palabras registradas en las Sagradas Escrituras y un genuino mensaje que todos debemos conocer.<\/div>\n<\/div>\n<\/div>\n<div id=\"globalStoreInfoBullets_feature_div\" class=\"celwidget\" data-feature-name=\"globalStoreInfoBullets\" data-csa-c-type=\"widget\" data-csa-c-content-id=\"globalStoreInfoBullets\" data-csa-c-slot-id=\"globalStoreInfoBullets_feature_div\" data-csa-c-asin=\"1933163739\" data-csa-c-is-in-initial-active-row=\"false\" data-csa-c-id=\"mnut0l-duzk0h-k57lim-zawky4\" data-cel-widget=\"globalStoreInfoBullets_feature_div\"><\/div>\n<div id=\"buyingOptionNostosBadge_feature_div\" class=\"celwidget\" data-feature-name=\"buyingOptionNostosBadge\" data-csa-c-type=\"widget\" data-csa-c-content-id=\"buyingOptionNostosBadge\" data-csa-c-slot-id=\"buyingOptionNostosBadge_feature_div\" data-csa-c-asin=\"1933163739\" data-csa-c-is-in-initial-active-row=\"false\" data-csa-c-id=\"ds94b1-utyfuk-y58jw6-gqeto1\" data-cel-widget=\"buyingOptionNostosBadge_feature_div\">ISBN: <span style=\"font-size: 16px;\">9781933163734<\/span><\/div>\n","protected":false},"excerpt":{"rendered":"<p>Este es un poderoso libro, que lo llevar\u00e1 a conocer a Mar\u00eda en su trasfondo hist\u00f3rico, y en su pensamiento \u00edntimo, basado en la relaci\u00f3n que ten\u00eda con el Padre Celestial y con Su Hijo Jesucristo. Muchas conocidas apariciones han usado fraudulentamente el nombre de Mar\u00eda, y han tra\u00eddo mensajes que tuercen el verdadero sentir [&hellip;]<\/p>\n","protected":false},"featured_media":2598,"comment_status":"open","ping_status":"closed","template":"","meta":{"om_disable_all_campaigns":false,"_monsterinsights_skip_tracking":false,"_monsterinsights_sitenote_active":false,"_monsterinsights_sitenote_note":"","_monsterinsights_sitenote_category":0,"site-sidebar-layout":"default","site-content-layout":"","ast-site-content-layout":"default","site-content-style":"default","site-sidebar-style":"default","ast-global-header-display":"","ast-banner-title-visibility":"","ast-main-header-display":"","ast-hfb-above-header-display":"","ast-hfb-below-header-display":"","ast-hfb-mobile-header-display":"","site-post-title":"","ast-breadcrumbs-content":"","ast-featured-img":"","footer-sml-layout":"","ast-disable-related-posts":"","theme-transparent-header-meta":"default","adv-header-id-meta":"","stick-header-meta":"","header-above-stick-meta":"","header-main-stick-meta":"","header-below-stick-meta":"","astra-migrate-meta-layouts":"set","ast-page-background-enabled":"default","ast-page-background-meta":{"desktop":{"background-color":"var(--ast-global-color-4)","background-image":"","background-repeat":"repeat","background-position":"center center","background-size":"auto","background-attachment":"scroll","background-type":"","background-media":"","overlay-type":"","overlay-color":"","overlay-opacity":"","overlay-gradient":""},"tablet":{"background-color":"","background-image":"","background-repeat":"repeat","background-position":"center center","background-size":"auto","background-attachment":"scroll","background-type":"","background-media":"","overlay-type":"","overlay-color":"","overlay-opacity":"","overlay-gradient":""},"mobile":{"background-color":"","background-image":"","background-repeat":"repeat","background-position":"center center","background-size":"auto","background-attachment":"scroll","background-type":"","background-media":"","overlay-type":"","overlay-color":"","overlay-opacity":"","overlay-gradient":""}},"ast-content-background-meta":{"desktop":{"background-color":"var(--ast-global-color-5)","background-image":"","background-repeat":"repeat","background-position":"center center","background-size":"auto","background-attachment":"scroll","background-type":"","background-media":"","overlay-type":"","overlay-color":"","overlay-opacity":"","overlay-gradient":""},"tablet":{"background-color":"var(--ast-global-color-5)","background-image":"","background-repeat":"repeat","background-position":"center center","background-size":"auto","background-attachment":"scroll","background-type":"","background-media":"","overlay-type":"","overlay-color":"","overlay-opacity":"","overlay-gradient":""},"mobile":{"background-color":"var(--ast-global-color-5)","background-image":"","background-repeat":"repeat","background-position":"center center","background-size":"auto","background-attachment":"scroll","background-type":"","background-media":"","overlay-type":"","overlay-color":"","overlay-opacity":"","overlay-gradient":""}}},"product_brand":[],"product_cat":[174,23,170],"product_tag":[],"class_list":{"0":"post-2597","1":"product","2":"type-product","3":"status-publish","4":"has-post-thumbnail","6":"product_cat-iglesia","7":"product_cat-libros","8":"product_cat-mujeres","9":"desktop-align-left","10":"tablet-align-left","11":"mobile-align-left","13":"first","14":"instock","15":"shipping-taxable","16":"purchasable","17":"product-type-simple"},"yoast_head":"<!-- This site is optimized with the Yoast SEO plugin v27.4 - https:\/\/yoast.com\/product\/yoast-seo-wordpress\/ -->\n<title>Maria, La Madre de Jesus - Dra Ana Mendez Ferrell - tzionlibreria.com<\/title>\n<meta name=\"description\" content=\"Este es un poderoso libro, que lo llevar\u00e1 a conocer a Mar\u00eda en su trasfondo hist\u00f3rico, y en su pensamiento \u00edntimo, basado en la relaci\u00f3n que ten\u00eda con Dios\" \/>\n<meta name=\"robots\" content=\"index, follow, max-snippet:-1, max-image-preview:large, max-video-preview:-1\" \/>\n<link rel=\"canonical\" href=\"https:\/\/tzionlibreria.com\/index.php\/product\/maria-la-madre-de-jesus-dra-ana-mendez-ferrell\/\" \/>\n<meta property=\"og:locale\" content=\"es_ES\" \/>\n<meta property=\"og:type\" content=\"article\" \/>\n<meta property=\"og:title\" content=\"Maria, La Madre de Jesus - Dra Ana Mendez Ferrell - tzionlibreria.com\" \/>\n<meta property=\"og:description\" content=\"Este es un poderoso libro, que lo llevar\u00e1 a conocer a Mar\u00eda en su trasfondo hist\u00f3rico, y en su pensamiento \u00edntimo, basado en la relaci\u00f3n que ten\u00eda con Dios\" \/>\n<meta property=\"og:url\" content=\"https:\/\/tzionlibreria.com\/index.php\/product\/maria-la-madre-de-jesus-dra-ana-mendez-ferrell\/\" \/>\n<meta property=\"og:site_name\" content=\"tzionlibreria.com\" \/>\n<meta property=\"article:modified_time\" content=\"2024-11-22T02:28:05+00:00\" \/>\n<meta property=\"og:image\" content=\"http:\/\/tzionlibreria.com\/wp-content\/uploads\/2024\/03\/maria-la-madre-de-jesus.jpg\" \/>\n\t<meta property=\"og:image:width\" content=\"1200\" \/>\n\t<meta property=\"og:image:height\" content=\"1200\" \/>\n\t<meta property=\"og:image:type\" content=\"image\/jpeg\" \/>\n<meta name=\"twitter:card\" content=\"summary_large_image\" \/>\n<meta name=\"twitter:label1\" content=\"Tiempo de lectura\" \/>\n\t<meta name=\"twitter:data1\" content=\"1 minuto\" \/>\n<script type=\"application\/ld+json\" class=\"yoast-schema-graph\">{\"@context\":\"https:\\\/\\\/schema.org\",\"@graph\":[{\"@type\":\"WebPage\",\"@id\":\"https:\\\/\\\/tzionlibreria.com\\\/index.php\\\/product\\\/maria-la-madre-de-jesus-dra-ana-mendez-ferrell\\\/\",\"url\":\"https:\\\/\\\/tzionlibreria.com\\\/index.php\\\/product\\\/maria-la-madre-de-jesus-dra-ana-mendez-ferrell\\\/\",\"name\":\"Maria, La Madre de Jesus - Dra Ana Mendez Ferrell - tzionlibreria.com\",\"isPartOf\":{\"@id\":\"https:\\\/\\\/tzionlibreria.com\\\/#website\"},\"primaryImageOfPage\":{\"@id\":\"https:\\\/\\\/tzionlibreria.com\\\/index.php\\\/product\\\/maria-la-madre-de-jesus-dra-ana-mendez-ferrell\\\/#primaryimage\"},\"image\":{\"@id\":\"https:\\\/\\\/tzionlibreria.com\\\/index.php\\\/product\\\/maria-la-madre-de-jesus-dra-ana-mendez-ferrell\\\/#primaryimage\"},\"thumbnailUrl\":\"https:\\\/\\\/tzionlibreria.com\\\/wp-content\\\/uploads\\\/2024\\\/03\\\/maria-la-madre-de-jesus.jpg\",\"datePublished\":\"2024-03-01T02:16:38+00:00\",\"dateModified\":\"2024-11-22T02:28:05+00:00\",\"description\":\"Este es un poderoso libro, que lo llevar\u00e1 a conocer a Mar\u00eda en su trasfondo hist\u00f3rico, y en su pensamiento \u00edntimo, basado en la relaci\u00f3n que ten\u00eda con Dios\",\"breadcrumb\":{\"@id\":\"https:\\\/\\\/tzionlibreria.com\\\/index.php\\\/product\\\/maria-la-madre-de-jesus-dra-ana-mendez-ferrell\\\/#breadcrumb\"},\"inLanguage\":\"es-CO\",\"potentialAction\":[{\"@type\":\"ReadAction\",\"target\":[\"https:\\\/\\\/tzionlibreria.com\\\/index.php\\\/product\\\/maria-la-madre-de-jesus-dra-ana-mendez-ferrell\\\/\"]}]},{\"@type\":\"ImageObject\",\"inLanguage\":\"es-CO\",\"@id\":\"https:\\\/\\\/tzionlibreria.com\\\/index.php\\\/product\\\/maria-la-madre-de-jesus-dra-ana-mendez-ferrell\\\/#primaryimage\",\"url\":\"https:\\\/\\\/tzionlibreria.com\\\/wp-content\\\/uploads\\\/2024\\\/03\\\/maria-la-madre-de-jesus.jpg\",\"contentUrl\":\"https:\\\/\\\/tzionlibreria.com\\\/wp-content\\\/uploads\\\/2024\\\/03\\\/maria-la-madre-de-jesus.jpg\",\"width\":1200,\"height\":1200},{\"@type\":\"BreadcrumbList\",\"@id\":\"https:\\\/\\\/tzionlibreria.com\\\/index.php\\\/product\\\/maria-la-madre-de-jesus-dra-ana-mendez-ferrell\\\/#breadcrumb\",\"itemListElement\":[{\"@type\":\"ListItem\",\"position\":1,\"name\":\"Inicio\",\"item\":\"https:\\\/\\\/tzionlibreria.com\\\/\"},{\"@type\":\"ListItem\",\"position\":2,\"name\":\"Shop\",\"item\":\"https:\\\/\\\/tzionlibreria.com\\\/index.php\\\/shop\\\/\"},{\"@type\":\"ListItem\",\"position\":3,\"name\":\"Maria, La Madre de Jesus &#8211; Dra Ana Mendez Ferrell\"}]},{\"@type\":\"WebSite\",\"@id\":\"https:\\\/\\\/tzionlibreria.com\\\/#website\",\"url\":\"https:\\\/\\\/tzionlibreria.com\\\/\",\"name\":\"tzionlibreria.com\",\"description\":\"Libreria Cristiana Venezuela\",\"publisher\":{\"@id\":\"https:\\\/\\\/tzionlibreria.com\\\/#organization\"},\"potentialAction\":[{\"@type\":\"SearchAction\",\"target\":{\"@type\":\"EntryPoint\",\"urlTemplate\":\"https:\\\/\\\/tzionlibreria.com\\\/?s={search_term_string}\"},\"query-input\":{\"@type\":\"PropertyValueSpecification\",\"valueRequired\":true,\"valueName\":\"search_term_string\"}}],\"inLanguage\":\"es-CO\"},{\"@type\":\"Organization\",\"@id\":\"https:\\\/\\\/tzionlibreria.com\\\/#organization\",\"name\":\"tzionlibreria.com\",\"url\":\"https:\\\/\\\/tzionlibreria.com\\\/\",\"logo\":{\"@type\":\"ImageObject\",\"inLanguage\":\"es-CO\",\"@id\":\"https:\\\/\\\/tzionlibreria.com\\\/#\\\/schema\\\/logo\\\/image\\\/\",\"url\":\"https:\\\/\\\/tzionlibreria.com\\\/wp-content\\\/uploads\\\/2023\\\/10\\\/cropped-Cuadricula-scaled-1.jpg\",\"contentUrl\":\"https:\\\/\\\/tzionlibreria.com\\\/wp-content\\\/uploads\\\/2023\\\/10\\\/cropped-Cuadricula-scaled-1.jpg\",\"width\":2560,\"height\":2560,\"caption\":\"tzionlibreria.com\"},\"image\":{\"@id\":\"https:\\\/\\\/tzionlibreria.com\\\/#\\\/schema\\\/logo\\\/image\\\/\"}}]}<\/script>\n<!-- \/ Yoast SEO plugin. -->","yoast_head_json":{"title":"Maria, La Madre de Jesus - Dra Ana Mendez Ferrell - tzionlibreria.com","description":"Este es un poderoso libro, que lo llevar\u00e1 a conocer a Mar\u00eda en su trasfondo hist\u00f3rico, y en su pensamiento \u00edntimo, basado en la relaci\u00f3n que ten\u00eda con Dios","robots":{"index":"index","follow":"follow","max-snippet":"max-snippet:-1","max-image-preview":"max-image-preview:large","max-video-preview":"max-video-preview:-1"},"canonical":"https:\/\/tzionlibreria.com\/index.php\/product\/maria-la-madre-de-jesus-dra-ana-mendez-ferrell\/","og_locale":"es_ES","og_type":"article","og_title":"Maria, La Madre de Jesus - Dra Ana Mendez Ferrell - tzionlibreria.com","og_description":"Este es un poderoso libro, que lo llevar\u00e1 a conocer a Mar\u00eda en su trasfondo hist\u00f3rico, y en su pensamiento \u00edntimo, basado en la relaci\u00f3n que ten\u00eda con Dios","og_url":"https:\/\/tzionlibreria.com\/index.php\/product\/maria-la-madre-de-jesus-dra-ana-mendez-ferrell\/","og_site_name":"tzionlibreria.com","article_modified_time":"2024-11-22T02:28:05+00:00","og_image":[{"width":1200,"height":1200,"url":"http:\/\/tzionlibreria.com\/wp-content\/uploads\/2024\/03\/maria-la-madre-de-jesus.jpg","type":"image\/jpeg"}],"twitter_card":"summary_large_image","twitter_misc":{"Tiempo de lectura":"1 minuto"},"schema":{"@context":"https:\/\/schema.org","@graph":[{"@type":"WebPage","@id":"https:\/\/tzionlibreria.com\/index.php\/product\/maria-la-madre-de-jesus-dra-ana-mendez-ferrell\/","url":"https:\/\/tzionlibreria.com\/index.php\/product\/maria-la-madre-de-jesus-dra-ana-mendez-ferrell\/","name":"Maria, La Madre de Jesus - Dra Ana Mendez Ferrell - tzionlibreria.com","isPartOf":{"@id":"https:\/\/tzionlibreria.com\/#website"},"primaryImageOfPage":{"@id":"https:\/\/tzionlibreria.com\/index.php\/product\/maria-la-madre-de-jesus-dra-ana-mendez-ferrell\/#primaryimage"},"image":{"@id":"https:\/\/tzionlibreria.com\/index.php\/product\/maria-la-madre-de-jesus-dra-ana-mendez-ferrell\/#primaryimage"},"thumbnailUrl":"https:\/\/tzionlibreria.com\/wp-content\/uploads\/2024\/03\/maria-la-madre-de-jesus.jpg","datePublished":"2024-03-01T02:16:38+00:00","dateModified":"2024-11-22T02:28:05+00:00","description":"Este es un poderoso libro, que lo llevar\u00e1 a conocer a Mar\u00eda en su trasfondo hist\u00f3rico, y en su pensamiento \u00edntimo, basado en la relaci\u00f3n que ten\u00eda con Dios","breadcrumb":{"@id":"https:\/\/tzionlibreria.com\/index.php\/product\/maria-la-madre-de-jesus-dra-ana-mendez-ferrell\/#breadcrumb"},"inLanguage":"es-CO","potentialAction":[{"@type":"ReadAction","target":["https:\/\/tzionlibreria.com\/index.php\/product\/maria-la-madre-de-jesus-dra-ana-mendez-ferrell\/"]}]},{"@type":"ImageObject","inLanguage":"es-CO","@id":"https:\/\/tzionlibreria.com\/index.php\/product\/maria-la-madre-de-jesus-dra-ana-mendez-ferrell\/#primaryimage","url":"https:\/\/tzionlibreria.com\/wp-content\/uploads\/2024\/03\/maria-la-madre-de-jesus.jpg","contentUrl":"https:\/\/tzionlibreria.com\/wp-content\/uploads\/2024\/03\/maria-la-madre-de-jesus.jpg","width":1200,"height":1200},{"@type":"BreadcrumbList","@id":"https:\/\/tzionlibreria.com\/index.php\/product\/maria-la-madre-de-jesus-dra-ana-mendez-ferrell\/#breadcrumb","itemListElement":[{"@type":"ListItem","position":1,"name":"Inicio","item":"https:\/\/tzionlibreria.com\/"},{"@type":"ListItem","position":2,"name":"Shop","item":"https:\/\/tzionlibreria.com\/index.php\/shop\/"},{"@type":"ListItem","position":3,"name":"Maria, La Madre de Jesus &#8211; Dra Ana Mendez Ferrell"}]},{"@type":"WebSite","@id":"https:\/\/tzionlibreria.com\/#website","url":"https:\/\/tzionlibreria.com\/","name":"tzionlibreria.com","description":"Libreria Cristiana Venezuela","publisher":{"@id":"https:\/\/tzionlibreria.com\/#organization"},"potentialAction":[{"@type":"SearchAction","target":{"@type":"EntryPoint","urlTemplate":"https:\/\/tzionlibreria.com\/?s={search_term_string}"},"query-input":{"@type":"PropertyValueSpecification","valueRequired":true,"valueName":"search_term_string"}}],"inLanguage":"es-CO"},{"@type":"Organization","@id":"https:\/\/tzionlibreria.com\/#organization","name":"tzionlibreria.com","url":"https:\/\/tzionlibreria.com\/","logo":{"@type":"ImageObject","inLanguage":"es-CO","@id":"https:\/\/tzionlibreria.com\/#\/schema\/logo\/image\/","url":"https:\/\/tzionlibreria.com\/wp-content\/uploads\/2023\/10\/cropped-Cuadricula-scaled-1.jpg","contentUrl":"https:\/\/tzionlibreria.com\/wp-content\/uploads\/2023\/10\/cropped-Cuadricula-scaled-1.jpg","width":2560,"height":2560,"caption":"tzionlibreria.com"},"image":{"@id":"https:\/\/tzionlibreria.com\/#\/schema\/logo\/image\/"}}]}},"jetpack_sharing_enabled":true,"_links":{"self":[{"href":"https:\/\/tzionlibreria.com\/index.php\/wp-json\/wp\/v2\/product\/2597","targetHints":{"allow":["GET"]}}],"collection":[{"href":"https:\/\/tzionlibreria.com\/index.php\/wp-json\/wp\/v2\/product"}],"about":[{"href":"https:\/\/tzionlibreria.com\/index.php\/wp-json\/wp\/v2\/types\/product"}],"replies":[{"embeddable":true,"href":"https:\/\/tzionlibreria.com\/index.php\/wp-json\/wp\/v2\/comments?post=2597"}],"wp:featuredmedia":[{"embeddable":true,"href":"https:\/\/tzionlibreria.com\/index.php\/wp-json\/wp\/v2\/media\/2598"}],"wp:attachment":[{"href":"https:\/\/tzionlibreria.com\/index.php\/wp-json\/wp\/v2\/media?parent=2597"}],"wp:term":[{"taxonomy":"product_brand","embeddable":true,"href":"https:\/\/tzionlibreria.com\/index.php\/wp-json\/wp\/v2\/product_brand?post=2597"},{"taxonomy":"product_cat","embeddable":true,"href":"https:\/\/tzionlibreria.com\/index.php\/wp-json\/wp\/v2\/product_cat?post=2597"},{"taxonomy":"product_tag","embeddable":true,"href":"https:\/\/tzionlibreria.com\/index.php\/wp-json\/wp\/v2\/product_tag?post=2597"}],"curies":[{"name":"wp","href":"https:\/\/api.w.org\/{rel}","templated":true}]}}