{"id":2847,"date":"2024-03-06T01:15:37","date_gmt":"2024-03-06T01:15:37","guid":{"rendered":"https:\/\/tzionlibreria.com\/?post_type=product&#038;p=2847"},"modified":"2024-03-06T01:23:03","modified_gmt":"2024-03-06T01:23:03","slug":"liderazgo-eficaz-edwin-castro","status":"publish","type":"product","link":"https:\/\/tzionlibreria.com\/index.php\/product\/liderazgo-eficaz-edwin-castro\/","title":{"rendered":"Liderazgo eficaz &#8211;  Edwin Castro"},"content":{"rendered":"<p>&nbsp;<\/p>\n<div class=\"ast-oembed-container \" style=\"height: 100%;\"><iframe title=\"Integridad en el Liderazgo\" width=\"500\" height=\"281\" src=\"https:\/\/www.youtube.com\/embed\/4aKNBmwuiLk?start=12&#038;feature=oembed\" frameborder=\"0\" allow=\"accelerometer; autoplay; clipboard-write; encrypted-media; gyroscope; picture-in-picture; web-share\" referrerpolicy=\"strict-origin-when-cross-origin\" allowfullscreen><\/iframe><\/div>\n<p>&nbsp;<\/p>\n<p>&nbsp;<\/p>\n<p><strong><span class=\"a-text-bold\">Insp\u00edrate en la vida de Jos\u00e9 para enfrentar los desaf\u00edos actuales. Al estudiar el relato de la vida de Jos\u00e9 entendemos que, definitivamente, el camino al \u201c\u00e9xito\u201d no es una l\u00ednea recta ascendente.<\/span><\/strong><\/p>\n<p>En esta obra tan necesaria para estos tiempos, el pastor Edwin Castro plasma la vida, pasi\u00f3n y triunfos de un joven amado por su padre y odiado por sus hermanos, cuya trayectoria est\u00e1 llena de ense\u00f1anzas que todo ser humano deber\u00eda conocer y tratar de poner en pr\u00e1ctica. Al estudiar el relato de la vida de Jos\u00e9 entendemos que, definitivamente, el camino al \u201c\u00e9xito\u201d no es una l\u00ednea recta ascendente. Al contrario, es un camino con altos y bajos, con momentos terribles, errores, alegr\u00edas, victorias, injusticias, logros, p\u00e9rdidas, aciertos, desv\u00edos, traiciones y \u2014sobre todo\u2014 lleno de instantes decisivos que determinan la clase de vida que el hombre puede tener.<\/p>\n<p>En Liderazgo eficaz, estudiar\u00e1s temas tan importantes como:<\/p>\n<p>-El trabajo duro<br \/>\n-La administraci\u00f3n<br \/>\n-La integridad<br \/>\n-La resiliencia<br \/>\n-El favor de Dios<\/p>\n<p>El autor te insta a que dediques tiempo a leer con detenimiento cada una de las etapas de la vida de Jos\u00e9 que analiza en esta obra. Y a que respondas minuciosamente las preguntas planteadas al final de cada cap\u00edtulo para que realices un ejercicio de asimilaci\u00f3n que enriquezca tu ser.<\/p>\n<p>Se espera que esta lectura te inspire a erigirte en una persona que desarrolla una mentalidad generacional y que lucha por suplir la urgente necesidad de figuras paternas, mentores y entrenadores de vida que muestren un camino mejor a los j\u00f3venes.<br \/>\n<span class=\"a-text-bold\">\u00a0<\/span><\/p>\n<p><b>Editorial<\/b>: Casa Creaci\u00f3n<br \/>\n<strong>Idioma<\/strong>: Espa\u00f1ol<br \/>\n<strong>ISBN<\/strong>: 9781960436245<br \/>\n<strong>Referencia de producto<\/strong>: 02902023<br \/>\n<strong>Dimensiones<\/strong>: 141 x 215 x 12 mm<br \/>\n<strong>Peso<\/strong>: 0,198kg<br \/>\n<strong>Cubierta<\/strong>: Tapa r\u00fastica<br \/>\n<strong>N\u00famero de p\u00e1ginas<\/strong>: 192<br \/>\n<strong>Fecha de lanzamiento<\/strong>: 08.09.2023<\/p>\n","protected":false},"excerpt":{"rendered":"<p>&nbsp; &nbsp; &nbsp; Insp\u00edrate en la vida de Jos\u00e9 para enfrentar los desaf\u00edos actuales. Al estudiar el relato de la vida de Jos\u00e9 entendemos que, definitivamente, el camino al \u201c\u00e9xito\u201d no es una l\u00ednea recta ascendente. En esta obra tan necesaria para estos tiempos, el pastor Edwin Castro plasma la vida, pasi\u00f3n y triunfos de [&hellip;]<\/p>\n","protected":false},"featured_media":2854,"comment_status":"open","ping_status":"closed","template":"","meta":{"om_disable_all_campaigns":false,"_monsterinsights_skip_tracking":false,"_monsterinsights_sitenote_active":false,"_monsterinsights_sitenote_note":"","_monsterinsights_sitenote_category":0,"site-sidebar-layout":"default","site-content-layout":"","ast-site-content-layout":"default","site-content-style":"default","site-sidebar-style":"default","ast-global-header-display":"","ast-banner-title-visibility":"","ast-main-header-display":"","ast-hfb-above-header-display":"","ast-hfb-below-header-display":"","ast-hfb-mobile-header-display":"","site-post-title":"","ast-breadcrumbs-content":"","ast-featured-img":"","footer-sml-layout":"","ast-disable-related-posts":"","theme-transparent-header-meta":"default","adv-header-id-meta":"","stick-header-meta":"","header-above-stick-meta":"","header-main-stick-meta":"","header-below-stick-meta":"","astra-migrate-meta-layouts":"set","ast-page-background-enabled":"default","ast-page-background-meta":{"desktop":{"background-color":"var(--ast-global-color-4)","background-image":"","background-repeat":"repeat","background-position":"center center","background-size":"auto","background-attachment":"scroll","background-type":"","background-media":"","overlay-type":"","overlay-color":"","overlay-opacity":"","overlay-gradient":""},"tablet":{"background-color":"","background-image":"","background-repeat":"repeat","background-position":"center center","background-size":"auto","background-attachment":"scroll","background-type":"","background-media":"","overlay-type":"","overlay-color":"","overlay-opacity":"","overlay-gradient":""},"mobile":{"background-color":"","background-image":"","background-repeat":"repeat","background-position":"center center","background-size":"auto","background-attachment":"scroll","background-type":"","background-media":"","overlay-type":"","overlay-color":"","overlay-opacity":"","overlay-gradient":""}},"ast-content-background-meta":{"desktop":{"background-color":"var(--ast-global-color-5)","background-image":"","background-repeat":"repeat","background-position":"center center","background-size":"auto","background-attachment":"scroll","background-type":"","background-media":"","overlay-type":"","overlay-color":"","overlay-opacity":"","overlay-gradient":""},"tablet":{"background-color":"var(--ast-global-color-5)","background-image":"","background-repeat":"repeat","background-position":"center center","background-size":"auto","background-attachment":"scroll","background-type":"","background-media":"","overlay-type":"","overlay-color":"","overlay-opacity":"","overlay-gradient":""},"mobile":{"background-color":"var(--ast-global-color-5)","background-image":"","background-repeat":"repeat","background-position":"center center","background-size":"auto","background-attachment":"scroll","background-type":"","background-media":"","overlay-type":"","overlay-color":"","overlay-opacity":"","overlay-gradient":""}}},"product_brand":[],"product_cat":[23,175],"product_tag":[139,248],"class_list":{"0":"post-2847","1":"product","2":"type-product","3":"status-publish","4":"has-post-thumbnail","6":"product_cat-libros","7":"product_cat-liderazgo","8":"product_tag-edwin-castro","9":"product_tag-liderazgo","10":"desktop-align-left","11":"tablet-align-left","12":"mobile-align-left","14":"first","15":"instock","16":"shipping-taxable","17":"purchasable","18":"product-type-simple"},"yoast_head":"<!-- This site is optimized with the Yoast SEO plugin v27.4 - https:\/\/yoast.com\/product\/yoast-seo-wordpress\/ -->\n<title>Liderazgo eficaz - Edwin Castro - tzionlibreria.com<\/title>\n<meta name=\"description\" content=\"Insp\u00edrate en la vida de Jos\u00e9 para enfrentar los desaf\u00edos actuales. Te inspirar\u00e1 a erigirte en una persona que desarrolla una mentalidad generacional\" \/>\n<meta name=\"robots\" content=\"index, follow, max-snippet:-1, max-image-preview:large, max-video-preview:-1\" \/>\n<link rel=\"canonical\" href=\"https:\/\/tzionlibreria.com\/index.php\/product\/liderazgo-eficaz-edwin-castro\/\" \/>\n<meta property=\"og:locale\" content=\"es_ES\" \/>\n<meta property=\"og:type\" content=\"article\" \/>\n<meta property=\"og:title\" content=\"Liderazgo eficaz - Edwin Castro - tzionlibreria.com\" \/>\n<meta property=\"og:description\" content=\"Insp\u00edrate en la vida de Jos\u00e9 para enfrentar los desaf\u00edos actuales. Te inspirar\u00e1 a erigirte en una persona que desarrolla una mentalidad generacional\" \/>\n<meta property=\"og:url\" content=\"https:\/\/tzionlibreria.com\/index.php\/product\/liderazgo-eficaz-edwin-castro\/\" \/>\n<meta property=\"og:site_name\" content=\"tzionlibreria.com\" \/>\n<meta property=\"article:modified_time\" content=\"2024-03-06T01:23:03+00:00\" \/>\n<meta property=\"og:image\" content=\"http:\/\/tzionlibreria.com\/wp-content\/uploads\/2024\/03\/Liderazgo-eficaz.jpg\" \/>\n\t<meta property=\"og:image:width\" content=\"1200\" \/>\n\t<meta property=\"og:image:height\" content=\"1200\" \/>\n\t<meta property=\"og:image:type\" content=\"image\/jpeg\" \/>\n<meta name=\"twitter:card\" content=\"summary_large_image\" \/>\n<meta name=\"twitter:label1\" content=\"Tiempo de lectura\" \/>\n\t<meta name=\"twitter:data1\" content=\"2 minutos\" \/>\n<script type=\"application\/ld+json\" class=\"yoast-schema-graph\">{\"@context\":\"https:\\\/\\\/schema.org\",\"@graph\":[{\"@type\":\"WebPage\",\"@id\":\"https:\\\/\\\/tzionlibreria.com\\\/index.php\\\/product\\\/liderazgo-eficaz-edwin-castro\\\/\",\"url\":\"https:\\\/\\\/tzionlibreria.com\\\/index.php\\\/product\\\/liderazgo-eficaz-edwin-castro\\\/\",\"name\":\"Liderazgo eficaz - Edwin Castro - tzionlibreria.com\",\"isPartOf\":{\"@id\":\"https:\\\/\\\/tzionlibreria.com\\\/#website\"},\"primaryImageOfPage\":{\"@id\":\"https:\\\/\\\/tzionlibreria.com\\\/index.php\\\/product\\\/liderazgo-eficaz-edwin-castro\\\/#primaryimage\"},\"image\":{\"@id\":\"https:\\\/\\\/tzionlibreria.com\\\/index.php\\\/product\\\/liderazgo-eficaz-edwin-castro\\\/#primaryimage\"},\"thumbnailUrl\":\"https:\\\/\\\/tzionlibreria.com\\\/wp-content\\\/uploads\\\/2024\\\/03\\\/Liderazgo-eficaz.jpg\",\"datePublished\":\"2024-03-06T01:15:37+00:00\",\"dateModified\":\"2024-03-06T01:23:03+00:00\",\"description\":\"Insp\u00edrate en la vida de Jos\u00e9 para enfrentar los desaf\u00edos actuales. Te inspirar\u00e1 a erigirte en una persona que desarrolla una mentalidad generacional\",\"breadcrumb\":{\"@id\":\"https:\\\/\\\/tzionlibreria.com\\\/index.php\\\/product\\\/liderazgo-eficaz-edwin-castro\\\/#breadcrumb\"},\"inLanguage\":\"es-CO\",\"potentialAction\":[{\"@type\":\"ReadAction\",\"target\":[\"https:\\\/\\\/tzionlibreria.com\\\/index.php\\\/product\\\/liderazgo-eficaz-edwin-castro\\\/\"]}]},{\"@type\":\"ImageObject\",\"inLanguage\":\"es-CO\",\"@id\":\"https:\\\/\\\/tzionlibreria.com\\\/index.php\\\/product\\\/liderazgo-eficaz-edwin-castro\\\/#primaryimage\",\"url\":\"https:\\\/\\\/tzionlibreria.com\\\/wp-content\\\/uploads\\\/2024\\\/03\\\/Liderazgo-eficaz.jpg\",\"contentUrl\":\"https:\\\/\\\/tzionlibreria.com\\\/wp-content\\\/uploads\\\/2024\\\/03\\\/Liderazgo-eficaz.jpg\",\"width\":1200,\"height\":1200},{\"@type\":\"BreadcrumbList\",\"@id\":\"https:\\\/\\\/tzionlibreria.com\\\/index.php\\\/product\\\/liderazgo-eficaz-edwin-castro\\\/#breadcrumb\",\"itemListElement\":[{\"@type\":\"ListItem\",\"position\":1,\"name\":\"Inicio\",\"item\":\"https:\\\/\\\/tzionlibreria.com\\\/\"},{\"@type\":\"ListItem\",\"position\":2,\"name\":\"Shop\",\"item\":\"https:\\\/\\\/tzionlibreria.com\\\/index.php\\\/shop\\\/\"},{\"@type\":\"ListItem\",\"position\":3,\"name\":\"Liderazgo eficaz &#8211; Edwin Castro\"}]},{\"@type\":\"WebSite\",\"@id\":\"https:\\\/\\\/tzionlibreria.com\\\/#website\",\"url\":\"https:\\\/\\\/tzionlibreria.com\\\/\",\"name\":\"tzionlibreria.com\",\"description\":\"Libreria Cristiana Venezuela\",\"publisher\":{\"@id\":\"https:\\\/\\\/tzionlibreria.com\\\/#organization\"},\"potentialAction\":[{\"@type\":\"SearchAction\",\"target\":{\"@type\":\"EntryPoint\",\"urlTemplate\":\"https:\\\/\\\/tzionlibreria.com\\\/?s={search_term_string}\"},\"query-input\":{\"@type\":\"PropertyValueSpecification\",\"valueRequired\":true,\"valueName\":\"search_term_string\"}}],\"inLanguage\":\"es-CO\"},{\"@type\":\"Organization\",\"@id\":\"https:\\\/\\\/tzionlibreria.com\\\/#organization\",\"name\":\"tzionlibreria.com\",\"url\":\"https:\\\/\\\/tzionlibreria.com\\\/\",\"logo\":{\"@type\":\"ImageObject\",\"inLanguage\":\"es-CO\",\"@id\":\"https:\\\/\\\/tzionlibreria.com\\\/#\\\/schema\\\/logo\\\/image\\\/\",\"url\":\"https:\\\/\\\/tzionlibreria.com\\\/wp-content\\\/uploads\\\/2023\\\/10\\\/cropped-Cuadricula-scaled-1.jpg\",\"contentUrl\":\"https:\\\/\\\/tzionlibreria.com\\\/wp-content\\\/uploads\\\/2023\\\/10\\\/cropped-Cuadricula-scaled-1.jpg\",\"width\":2560,\"height\":2560,\"caption\":\"tzionlibreria.com\"},\"image\":{\"@id\":\"https:\\\/\\\/tzionlibreria.com\\\/#\\\/schema\\\/logo\\\/image\\\/\"}}]}<\/script>\n<!-- \/ Yoast SEO plugin. -->","yoast_head_json":{"title":"Liderazgo eficaz - Edwin Castro - tzionlibreria.com","description":"Insp\u00edrate en la vida de Jos\u00e9 para enfrentar los desaf\u00edos actuales. Te inspirar\u00e1 a erigirte en una persona que desarrolla una mentalidad generacional","robots":{"index":"index","follow":"follow","max-snippet":"max-snippet:-1","max-image-preview":"max-image-preview:large","max-video-preview":"max-video-preview:-1"},"canonical":"https:\/\/tzionlibreria.com\/index.php\/product\/liderazgo-eficaz-edwin-castro\/","og_locale":"es_ES","og_type":"article","og_title":"Liderazgo eficaz - Edwin Castro - tzionlibreria.com","og_description":"Insp\u00edrate en la vida de Jos\u00e9 para enfrentar los desaf\u00edos actuales. Te inspirar\u00e1 a erigirte en una persona que desarrolla una mentalidad generacional","og_url":"https:\/\/tzionlibreria.com\/index.php\/product\/liderazgo-eficaz-edwin-castro\/","og_site_name":"tzionlibreria.com","article_modified_time":"2024-03-06T01:23:03+00:00","og_image":[{"width":1200,"height":1200,"url":"http:\/\/tzionlibreria.com\/wp-content\/uploads\/2024\/03\/Liderazgo-eficaz.jpg","type":"image\/jpeg"}],"twitter_card":"summary_large_image","twitter_misc":{"Tiempo de lectura":"2 minutos"},"schema":{"@context":"https:\/\/schema.org","@graph":[{"@type":"WebPage","@id":"https:\/\/tzionlibreria.com\/index.php\/product\/liderazgo-eficaz-edwin-castro\/","url":"https:\/\/tzionlibreria.com\/index.php\/product\/liderazgo-eficaz-edwin-castro\/","name":"Liderazgo eficaz - Edwin Castro - tzionlibreria.com","isPartOf":{"@id":"https:\/\/tzionlibreria.com\/#website"},"primaryImageOfPage":{"@id":"https:\/\/tzionlibreria.com\/index.php\/product\/liderazgo-eficaz-edwin-castro\/#primaryimage"},"image":{"@id":"https:\/\/tzionlibreria.com\/index.php\/product\/liderazgo-eficaz-edwin-castro\/#primaryimage"},"thumbnailUrl":"https:\/\/tzionlibreria.com\/wp-content\/uploads\/2024\/03\/Liderazgo-eficaz.jpg","datePublished":"2024-03-06T01:15:37+00:00","dateModified":"2024-03-06T01:23:03+00:00","description":"Insp\u00edrate en la vida de Jos\u00e9 para enfrentar los desaf\u00edos actuales. Te inspirar\u00e1 a erigirte en una persona que desarrolla una mentalidad generacional","breadcrumb":{"@id":"https:\/\/tzionlibreria.com\/index.php\/product\/liderazgo-eficaz-edwin-castro\/#breadcrumb"},"inLanguage":"es-CO","potentialAction":[{"@type":"ReadAction","target":["https:\/\/tzionlibreria.com\/index.php\/product\/liderazgo-eficaz-edwin-castro\/"]}]},{"@type":"ImageObject","inLanguage":"es-CO","@id":"https:\/\/tzionlibreria.com\/index.php\/product\/liderazgo-eficaz-edwin-castro\/#primaryimage","url":"https:\/\/tzionlibreria.com\/wp-content\/uploads\/2024\/03\/Liderazgo-eficaz.jpg","contentUrl":"https:\/\/tzionlibreria.com\/wp-content\/uploads\/2024\/03\/Liderazgo-eficaz.jpg","width":1200,"height":1200},{"@type":"BreadcrumbList","@id":"https:\/\/tzionlibreria.com\/index.php\/product\/liderazgo-eficaz-edwin-castro\/#breadcrumb","itemListElement":[{"@type":"ListItem","position":1,"name":"Inicio","item":"https:\/\/tzionlibreria.com\/"},{"@type":"ListItem","position":2,"name":"Shop","item":"https:\/\/tzionlibreria.com\/index.php\/shop\/"},{"@type":"ListItem","position":3,"name":"Liderazgo eficaz &#8211; Edwin Castro"}]},{"@type":"WebSite","@id":"https:\/\/tzionlibreria.com\/#website","url":"https:\/\/tzionlibreria.com\/","name":"tzionlibreria.com","description":"Libreria Cristiana Venezuela","publisher":{"@id":"https:\/\/tzionlibreria.com\/#organization"},"potentialAction":[{"@type":"SearchAction","target":{"@type":"EntryPoint","urlTemplate":"https:\/\/tzionlibreria.com\/?s={search_term_string}"},"query-input":{"@type":"PropertyValueSpecification","valueRequired":true,"valueName":"search_term_string"}}],"inLanguage":"es-CO"},{"@type":"Organization","@id":"https:\/\/tzionlibreria.com\/#organization","name":"tzionlibreria.com","url":"https:\/\/tzionlibreria.com\/","logo":{"@type":"ImageObject","inLanguage":"es-CO","@id":"https:\/\/tzionlibreria.com\/#\/schema\/logo\/image\/","url":"https:\/\/tzionlibreria.com\/wp-content\/uploads\/2023\/10\/cropped-Cuadricula-scaled-1.jpg","contentUrl":"https:\/\/tzionlibreria.com\/wp-content\/uploads\/2023\/10\/cropped-Cuadricula-scaled-1.jpg","width":2560,"height":2560,"caption":"tzionlibreria.com"},"image":{"@id":"https:\/\/tzionlibreria.com\/#\/schema\/logo\/image\/"}}]}},"jetpack_sharing_enabled":true,"_links":{"self":[{"href":"https:\/\/tzionlibreria.com\/index.php\/wp-json\/wp\/v2\/product\/2847","targetHints":{"allow":["GET"]}}],"collection":[{"href":"https:\/\/tzionlibreria.com\/index.php\/wp-json\/wp\/v2\/product"}],"about":[{"href":"https:\/\/tzionlibreria.com\/index.php\/wp-json\/wp\/v2\/types\/product"}],"replies":[{"embeddable":true,"href":"https:\/\/tzionlibreria.com\/index.php\/wp-json\/wp\/v2\/comments?post=2847"}],"wp:featuredmedia":[{"embeddable":true,"href":"https:\/\/tzionlibreria.com\/index.php\/wp-json\/wp\/v2\/media\/2854"}],"wp:attachment":[{"href":"https:\/\/tzionlibreria.com\/index.php\/wp-json\/wp\/v2\/media?parent=2847"}],"wp:term":[{"taxonomy":"product_brand","embeddable":true,"href":"https:\/\/tzionlibreria.com\/index.php\/wp-json\/wp\/v2\/product_brand?post=2847"},{"taxonomy":"product_cat","embeddable":true,"href":"https:\/\/tzionlibreria.com\/index.php\/wp-json\/wp\/v2\/product_cat?post=2847"},{"taxonomy":"product_tag","embeddable":true,"href":"https:\/\/tzionlibreria.com\/index.php\/wp-json\/wp\/v2\/product_tag?post=2847"}],"curies":[{"name":"wp","href":"https:\/\/api.w.org\/{rel}","templated":true}]}}