{"id":3081,"date":"2024-03-10T01:46:53","date_gmt":"2024-03-10T01:46:53","guid":{"rendered":"https:\/\/tzionlibreria.com\/?post_type=product&#038;p=3081"},"modified":"2024-03-10T01:46:53","modified_gmt":"2024-03-10T01:46:53","slug":"creada-para-ser-su-ayuda-idonea-debi-pearl","status":"publish","type":"product","link":"https:\/\/tzionlibreria.com\/index.php\/product\/creada-para-ser-su-ayuda-idonea-debi-pearl\/","title":{"rendered":"Creada para ser su ayuda id\u00f3nea- Debi Pearl"},"content":{"rendered":"<div class=\"ast-oembed-container \" style=\"height: 100%;\"><iframe title=\"Creada para ser su Ayuda Id\u00f3nea - Debi Pearl\" width=\"500\" height=\"281\" src=\"https:\/\/www.youtube.com\/embed\/ni0nfkR0l0Y?feature=oembed\" frameborder=\"0\" allow=\"accelerometer; autoplay; clipboard-write; encrypted-media; gyroscope; picture-in-picture; web-share\" referrerpolicy=\"strict-origin-when-cross-origin\" allowfullscreen><\/iframe><\/div>\n<h2><\/h2>\n<h2 class=\"product-subtitle\">Descubre c\u00f3mo Dios puede hacer glorioso a tu matrimonio<\/h2>\n<p>&nbsp;<\/p>\n<p>En alguna parte, con el paso de los a\u00f1os y la cultura cambiante, la mujer ha perdido su camino. Este libro ha sido escrito para guiarla de nuevo a casa. Como quiera que haya sido el camino que te ha conducido hasta ahora, quiero que sepas que es posible, hoy mismo, tener un matrimonio tan bueno y pleno que no se pueda explicar m\u00e1s que como un milagro.<\/p>\n<p>Este libro est\u00e1 recomendado a las mujeres casadas y a las que pronto se casar\u00e1n. La autora nos instruye a la luz de las Escrituras y nos indica el porqu\u00e9 la mujer fue creada para ser ayuda id\u00f3nea, mostrando cu\u00e1les son los roles y funciones que\u00a0 debe cumplir ella dentro del matrimonio. Adem\u00e1s, nos ense\u00f1a a conocer y apoyar el liderazgo del hombre en el rol que Dios le ha asignado como padre, esposo y trabajador.\u00a0El libro contiene 27 cap\u00edtulos, m\u00e1s de 300 p\u00e1ginas que incluyen cartas de lectores, reflexiones y una lista de pasajes b\u00edblicos. Lo pueden leer individualmente o en grupos peque\u00f1os de estudio.<\/p>\n<p>&nbsp;<\/p>\n<p><strong>Editorial<\/strong>: CLC<br \/>\n<strong>Idioma<\/strong>: Espa\u00f1ol<br \/>\n<strong>ISBN<\/strong>: 9789588217680<br \/>\n<strong>Dimensiones<\/strong>: 140 x 210 x 20 mm<br \/>\n<strong>Peso<\/strong>: 0,378kg<br \/>\n<strong>Cubierta<\/strong>: R\u00fastica<br \/>\n<strong>N\u00famero de p\u00e1ginas<\/strong>: 389<\/p>\n","protected":false},"excerpt":{"rendered":"<p>Descubre c\u00f3mo Dios puede hacer glorioso a tu matrimonio &nbsp; En alguna parte, con el paso de los a\u00f1os y la cultura cambiante, la mujer ha perdido su camino. Este libro ha sido escrito para guiarla de nuevo a casa. Como quiera que haya sido el camino que te ha conducido hasta ahora, quiero que [&hellip;]<\/p>\n","protected":false},"featured_media":3082,"comment_status":"open","ping_status":"closed","template":"","meta":{"om_disable_all_campaigns":false,"_monsterinsights_skip_tracking":false,"_monsterinsights_sitenote_active":false,"_monsterinsights_sitenote_note":"","_monsterinsights_sitenote_category":0,"site-sidebar-layout":"default","site-content-layout":"","ast-site-content-layout":"default","site-content-style":"default","site-sidebar-style":"default","ast-global-header-display":"","ast-banner-title-visibility":"","ast-main-header-display":"","ast-hfb-above-header-display":"","ast-hfb-below-header-display":"","ast-hfb-mobile-header-display":"","site-post-title":"","ast-breadcrumbs-content":"","ast-featured-img":"","footer-sml-layout":"","ast-disable-related-posts":"","theme-transparent-header-meta":"default","adv-header-id-meta":"","stick-header-meta":"","header-above-stick-meta":"","header-main-stick-meta":"","header-below-stick-meta":"","astra-migrate-meta-layouts":"set","ast-page-background-enabled":"default","ast-page-background-meta":{"desktop":{"background-color":"var(--ast-global-color-4)","background-image":"","background-repeat":"repeat","background-position":"center center","background-size":"auto","background-attachment":"scroll","background-type":"","background-media":"","overlay-type":"","overlay-color":"","overlay-opacity":"","overlay-gradient":""},"tablet":{"background-color":"","background-image":"","background-repeat":"repeat","background-position":"center center","background-size":"auto","background-attachment":"scroll","background-type":"","background-media":"","overlay-type":"","overlay-color":"","overlay-opacity":"","overlay-gradient":""},"mobile":{"background-color":"","background-image":"","background-repeat":"repeat","background-position":"center center","background-size":"auto","background-attachment":"scroll","background-type":"","background-media":"","overlay-type":"","overlay-color":"","overlay-opacity":"","overlay-gradient":""}},"ast-content-background-meta":{"desktop":{"background-color":"var(--ast-global-color-5)","background-image":"","background-repeat":"repeat","background-position":"center center","background-size":"auto","background-attachment":"scroll","background-type":"","background-media":"","overlay-type":"","overlay-color":"","overlay-opacity":"","overlay-gradient":""},"tablet":{"background-color":"var(--ast-global-color-5)","background-image":"","background-repeat":"repeat","background-position":"center center","background-size":"auto","background-attachment":"scroll","background-type":"","background-media":"","overlay-type":"","overlay-color":"","overlay-opacity":"","overlay-gradient":""},"mobile":{"background-color":"var(--ast-global-color-5)","background-image":"","background-repeat":"repeat","background-position":"center center","background-size":"auto","background-attachment":"scroll","background-type":"","background-media":"","overlay-type":"","overlay-color":"","overlay-opacity":"","overlay-gradient":""}}},"product_brand":[],"product_cat":[173,23,172,170],"product_tag":[249,145,94,103],"class_list":{"0":"post-3081","1":"product","2":"type-product","3":"status-publish","4":"has-post-thumbnail","6":"product_cat-jovenes","7":"product_cat-libros","8":"product_cat-matrimonio-y-relaciones","9":"product_cat-mujeres","10":"product_tag-ayuda-idonea","11":"product_tag-jovenes","12":"product_tag-matrimonio","13":"product_tag-mujeres","14":"desktop-align-left","15":"tablet-align-left","16":"mobile-align-left","18":"first","19":"instock","20":"shipping-taxable","21":"purchasable","22":"product-type-simple"},"yoast_head":"<!-- This site is optimized with the Yoast SEO plugin v27.4 - https:\/\/yoast.com\/product\/yoast-seo-wordpress\/ -->\n<title>Creada para ser su ayuda id\u00f3nea- Debi Pearl - tzionlibreria.com<\/title>\n<meta name=\"description\" content=\"Est\u00e1 recomendado a las mujeres casadas y a las que pronto se casar\u00e1n. Muestra cu\u00e1les son los roles y funciones que\u00a0 debe cumplir ella dentro del matrimonio.\" \/>\n<meta name=\"robots\" content=\"index, follow, max-snippet:-1, max-image-preview:large, max-video-preview:-1\" \/>\n<link rel=\"canonical\" href=\"https:\/\/tzionlibreria.com\/index.php\/product\/creada-para-ser-su-ayuda-idonea-debi-pearl\/\" \/>\n<meta property=\"og:locale\" content=\"es_ES\" \/>\n<meta property=\"og:type\" content=\"article\" \/>\n<meta property=\"og:title\" content=\"Creada para ser su ayuda id\u00f3nea- Debi Pearl - tzionlibreria.com\" \/>\n<meta property=\"og:description\" content=\"Est\u00e1 recomendado a las mujeres casadas y a las que pronto se casar\u00e1n. Muestra cu\u00e1les son los roles y funciones que\u00a0 debe cumplir ella dentro del matrimonio.\" \/>\n<meta property=\"og:url\" content=\"https:\/\/tzionlibreria.com\/index.php\/product\/creada-para-ser-su-ayuda-idonea-debi-pearl\/\" \/>\n<meta property=\"og:site_name\" content=\"tzionlibreria.com\" \/>\n<meta property=\"og:image\" content=\"http:\/\/tzionlibreria.com\/wp-content\/uploads\/2024\/03\/Creada-para-ser-su-ayuda.jpg\" \/>\n\t<meta property=\"og:image:width\" content=\"1200\" \/>\n\t<meta property=\"og:image:height\" content=\"1200\" \/>\n\t<meta property=\"og:image:type\" content=\"image\/jpeg\" \/>\n<meta name=\"twitter:card\" content=\"summary_large_image\" \/>\n<meta name=\"twitter:label1\" content=\"Tiempo de lectura\" \/>\n\t<meta name=\"twitter:data1\" content=\"2 minutos\" \/>\n<script type=\"application\/ld+json\" class=\"yoast-schema-graph\">{\"@context\":\"https:\\\/\\\/schema.org\",\"@graph\":[{\"@type\":\"WebPage\",\"@id\":\"https:\\\/\\\/tzionlibreria.com\\\/index.php\\\/product\\\/creada-para-ser-su-ayuda-idonea-debi-pearl\\\/\",\"url\":\"https:\\\/\\\/tzionlibreria.com\\\/index.php\\\/product\\\/creada-para-ser-su-ayuda-idonea-debi-pearl\\\/\",\"name\":\"Creada para ser su ayuda id\u00f3nea- Debi Pearl - tzionlibreria.com\",\"isPartOf\":{\"@id\":\"https:\\\/\\\/tzionlibreria.com\\\/#website\"},\"primaryImageOfPage\":{\"@id\":\"https:\\\/\\\/tzionlibreria.com\\\/index.php\\\/product\\\/creada-para-ser-su-ayuda-idonea-debi-pearl\\\/#primaryimage\"},\"image\":{\"@id\":\"https:\\\/\\\/tzionlibreria.com\\\/index.php\\\/product\\\/creada-para-ser-su-ayuda-idonea-debi-pearl\\\/#primaryimage\"},\"thumbnailUrl\":\"https:\\\/\\\/tzionlibreria.com\\\/wp-content\\\/uploads\\\/2024\\\/03\\\/Creada-para-ser-su-ayuda.jpg\",\"datePublished\":\"2024-03-10T01:46:53+00:00\",\"description\":\"Est\u00e1 recomendado a las mujeres casadas y a las que pronto se casar\u00e1n. Muestra cu\u00e1les son los roles y funciones que\u00a0 debe cumplir ella dentro del matrimonio.\",\"breadcrumb\":{\"@id\":\"https:\\\/\\\/tzionlibreria.com\\\/index.php\\\/product\\\/creada-para-ser-su-ayuda-idonea-debi-pearl\\\/#breadcrumb\"},\"inLanguage\":\"es-CO\",\"potentialAction\":[{\"@type\":\"ReadAction\",\"target\":[\"https:\\\/\\\/tzionlibreria.com\\\/index.php\\\/product\\\/creada-para-ser-su-ayuda-idonea-debi-pearl\\\/\"]}]},{\"@type\":\"ImageObject\",\"inLanguage\":\"es-CO\",\"@id\":\"https:\\\/\\\/tzionlibreria.com\\\/index.php\\\/product\\\/creada-para-ser-su-ayuda-idonea-debi-pearl\\\/#primaryimage\",\"url\":\"https:\\\/\\\/tzionlibreria.com\\\/wp-content\\\/uploads\\\/2024\\\/03\\\/Creada-para-ser-su-ayuda.jpg\",\"contentUrl\":\"https:\\\/\\\/tzionlibreria.com\\\/wp-content\\\/uploads\\\/2024\\\/03\\\/Creada-para-ser-su-ayuda.jpg\",\"width\":1200,\"height\":1200},{\"@type\":\"BreadcrumbList\",\"@id\":\"https:\\\/\\\/tzionlibreria.com\\\/index.php\\\/product\\\/creada-para-ser-su-ayuda-idonea-debi-pearl\\\/#breadcrumb\",\"itemListElement\":[{\"@type\":\"ListItem\",\"position\":1,\"name\":\"Inicio\",\"item\":\"https:\\\/\\\/tzionlibreria.com\\\/\"},{\"@type\":\"ListItem\",\"position\":2,\"name\":\"Shop\",\"item\":\"https:\\\/\\\/tzionlibreria.com\\\/index.php\\\/shop\\\/\"},{\"@type\":\"ListItem\",\"position\":3,\"name\":\"Creada para ser su ayuda id\u00f3nea- Debi Pearl\"}]},{\"@type\":\"WebSite\",\"@id\":\"https:\\\/\\\/tzionlibreria.com\\\/#website\",\"url\":\"https:\\\/\\\/tzionlibreria.com\\\/\",\"name\":\"tzionlibreria.com\",\"description\":\"Libreria Cristiana Venezuela\",\"publisher\":{\"@id\":\"https:\\\/\\\/tzionlibreria.com\\\/#organization\"},\"potentialAction\":[{\"@type\":\"SearchAction\",\"target\":{\"@type\":\"EntryPoint\",\"urlTemplate\":\"https:\\\/\\\/tzionlibreria.com\\\/?s={search_term_string}\"},\"query-input\":{\"@type\":\"PropertyValueSpecification\",\"valueRequired\":true,\"valueName\":\"search_term_string\"}}],\"inLanguage\":\"es-CO\"},{\"@type\":\"Organization\",\"@id\":\"https:\\\/\\\/tzionlibreria.com\\\/#organization\",\"name\":\"tzionlibreria.com\",\"url\":\"https:\\\/\\\/tzionlibreria.com\\\/\",\"logo\":{\"@type\":\"ImageObject\",\"inLanguage\":\"es-CO\",\"@id\":\"https:\\\/\\\/tzionlibreria.com\\\/#\\\/schema\\\/logo\\\/image\\\/\",\"url\":\"https:\\\/\\\/tzionlibreria.com\\\/wp-content\\\/uploads\\\/2023\\\/10\\\/cropped-Cuadricula-scaled-1.jpg\",\"contentUrl\":\"https:\\\/\\\/tzionlibreria.com\\\/wp-content\\\/uploads\\\/2023\\\/10\\\/cropped-Cuadricula-scaled-1.jpg\",\"width\":2560,\"height\":2560,\"caption\":\"tzionlibreria.com\"},\"image\":{\"@id\":\"https:\\\/\\\/tzionlibreria.com\\\/#\\\/schema\\\/logo\\\/image\\\/\"}}]}<\/script>\n<!-- \/ Yoast SEO plugin. -->","yoast_head_json":{"title":"Creada para ser su ayuda id\u00f3nea- Debi Pearl - tzionlibreria.com","description":"Est\u00e1 recomendado a las mujeres casadas y a las que pronto se casar\u00e1n. Muestra cu\u00e1les son los roles y funciones que\u00a0 debe cumplir ella dentro del matrimonio.","robots":{"index":"index","follow":"follow","max-snippet":"max-snippet:-1","max-image-preview":"max-image-preview:large","max-video-preview":"max-video-preview:-1"},"canonical":"https:\/\/tzionlibreria.com\/index.php\/product\/creada-para-ser-su-ayuda-idonea-debi-pearl\/","og_locale":"es_ES","og_type":"article","og_title":"Creada para ser su ayuda id\u00f3nea- Debi Pearl - tzionlibreria.com","og_description":"Est\u00e1 recomendado a las mujeres casadas y a las que pronto se casar\u00e1n. Muestra cu\u00e1les son los roles y funciones que\u00a0 debe cumplir ella dentro del matrimonio.","og_url":"https:\/\/tzionlibreria.com\/index.php\/product\/creada-para-ser-su-ayuda-idonea-debi-pearl\/","og_site_name":"tzionlibreria.com","og_image":[{"width":1200,"height":1200,"url":"http:\/\/tzionlibreria.com\/wp-content\/uploads\/2024\/03\/Creada-para-ser-su-ayuda.jpg","type":"image\/jpeg"}],"twitter_card":"summary_large_image","twitter_misc":{"Tiempo de lectura":"2 minutos"},"schema":{"@context":"https:\/\/schema.org","@graph":[{"@type":"WebPage","@id":"https:\/\/tzionlibreria.com\/index.php\/product\/creada-para-ser-su-ayuda-idonea-debi-pearl\/","url":"https:\/\/tzionlibreria.com\/index.php\/product\/creada-para-ser-su-ayuda-idonea-debi-pearl\/","name":"Creada para ser su ayuda id\u00f3nea- Debi Pearl - tzionlibreria.com","isPartOf":{"@id":"https:\/\/tzionlibreria.com\/#website"},"primaryImageOfPage":{"@id":"https:\/\/tzionlibreria.com\/index.php\/product\/creada-para-ser-su-ayuda-idonea-debi-pearl\/#primaryimage"},"image":{"@id":"https:\/\/tzionlibreria.com\/index.php\/product\/creada-para-ser-su-ayuda-idonea-debi-pearl\/#primaryimage"},"thumbnailUrl":"https:\/\/tzionlibreria.com\/wp-content\/uploads\/2024\/03\/Creada-para-ser-su-ayuda.jpg","datePublished":"2024-03-10T01:46:53+00:00","description":"Est\u00e1 recomendado a las mujeres casadas y a las que pronto se casar\u00e1n. Muestra cu\u00e1les son los roles y funciones que\u00a0 debe cumplir ella dentro del matrimonio.","breadcrumb":{"@id":"https:\/\/tzionlibreria.com\/index.php\/product\/creada-para-ser-su-ayuda-idonea-debi-pearl\/#breadcrumb"},"inLanguage":"es-CO","potentialAction":[{"@type":"ReadAction","target":["https:\/\/tzionlibreria.com\/index.php\/product\/creada-para-ser-su-ayuda-idonea-debi-pearl\/"]}]},{"@type":"ImageObject","inLanguage":"es-CO","@id":"https:\/\/tzionlibreria.com\/index.php\/product\/creada-para-ser-su-ayuda-idonea-debi-pearl\/#primaryimage","url":"https:\/\/tzionlibreria.com\/wp-content\/uploads\/2024\/03\/Creada-para-ser-su-ayuda.jpg","contentUrl":"https:\/\/tzionlibreria.com\/wp-content\/uploads\/2024\/03\/Creada-para-ser-su-ayuda.jpg","width":1200,"height":1200},{"@type":"BreadcrumbList","@id":"https:\/\/tzionlibreria.com\/index.php\/product\/creada-para-ser-su-ayuda-idonea-debi-pearl\/#breadcrumb","itemListElement":[{"@type":"ListItem","position":1,"name":"Inicio","item":"https:\/\/tzionlibreria.com\/"},{"@type":"ListItem","position":2,"name":"Shop","item":"https:\/\/tzionlibreria.com\/index.php\/shop\/"},{"@type":"ListItem","position":3,"name":"Creada para ser su ayuda id\u00f3nea- Debi Pearl"}]},{"@type":"WebSite","@id":"https:\/\/tzionlibreria.com\/#website","url":"https:\/\/tzionlibreria.com\/","name":"tzionlibreria.com","description":"Libreria Cristiana Venezuela","publisher":{"@id":"https:\/\/tzionlibreria.com\/#organization"},"potentialAction":[{"@type":"SearchAction","target":{"@type":"EntryPoint","urlTemplate":"https:\/\/tzionlibreria.com\/?s={search_term_string}"},"query-input":{"@type":"PropertyValueSpecification","valueRequired":true,"valueName":"search_term_string"}}],"inLanguage":"es-CO"},{"@type":"Organization","@id":"https:\/\/tzionlibreria.com\/#organization","name":"tzionlibreria.com","url":"https:\/\/tzionlibreria.com\/","logo":{"@type":"ImageObject","inLanguage":"es-CO","@id":"https:\/\/tzionlibreria.com\/#\/schema\/logo\/image\/","url":"https:\/\/tzionlibreria.com\/wp-content\/uploads\/2023\/10\/cropped-Cuadricula-scaled-1.jpg","contentUrl":"https:\/\/tzionlibreria.com\/wp-content\/uploads\/2023\/10\/cropped-Cuadricula-scaled-1.jpg","width":2560,"height":2560,"caption":"tzionlibreria.com"},"image":{"@id":"https:\/\/tzionlibreria.com\/#\/schema\/logo\/image\/"}}]}},"jetpack_sharing_enabled":true,"_links":{"self":[{"href":"https:\/\/tzionlibreria.com\/index.php\/wp-json\/wp\/v2\/product\/3081","targetHints":{"allow":["GET"]}}],"collection":[{"href":"https:\/\/tzionlibreria.com\/index.php\/wp-json\/wp\/v2\/product"}],"about":[{"href":"https:\/\/tzionlibreria.com\/index.php\/wp-json\/wp\/v2\/types\/product"}],"replies":[{"embeddable":true,"href":"https:\/\/tzionlibreria.com\/index.php\/wp-json\/wp\/v2\/comments?post=3081"}],"wp:featuredmedia":[{"embeddable":true,"href":"https:\/\/tzionlibreria.com\/index.php\/wp-json\/wp\/v2\/media\/3082"}],"wp:attachment":[{"href":"https:\/\/tzionlibreria.com\/index.php\/wp-json\/wp\/v2\/media?parent=3081"}],"wp:term":[{"taxonomy":"product_brand","embeddable":true,"href":"https:\/\/tzionlibreria.com\/index.php\/wp-json\/wp\/v2\/product_brand?post=3081"},{"taxonomy":"product_cat","embeddable":true,"href":"https:\/\/tzionlibreria.com\/index.php\/wp-json\/wp\/v2\/product_cat?post=3081"},{"taxonomy":"product_tag","embeddable":true,"href":"https:\/\/tzionlibreria.com\/index.php\/wp-json\/wp\/v2\/product_tag?post=3081"}],"curies":[{"name":"wp","href":"https:\/\/api.w.org\/{rel}","templated":true}]}}