{"id":3089,"date":"2024-03-10T02:15:32","date_gmt":"2024-03-10T02:15:32","guid":{"rendered":"https:\/\/tzionlibreria.com\/?post_type=product&#038;p=3089"},"modified":"2024-03-10T02:15:32","modified_gmt":"2024-03-10T02:15:32","slug":"10-mandamientos-del-matrimonio-young-ed","status":"publish","type":"product","link":"https:\/\/tzionlibreria.com\/index.php\/product\/10-mandamientos-del-matrimonio-young-ed\/","title":{"rendered":"10 Mandamientos del matrimonio &#8211; Young Ed"},"content":{"rendered":"<h2 class=\"product-subtitle\">Lo que hay que hacer y lo que hay que evitar en un pacto para \u00a1Toda la vida!<\/h2>\n<p>&nbsp;<\/p>\n<p>&lt;&lt;\u00a1No seas un ego\u00edsta!&gt;&gt;<\/p>\n<div>Con palabras profundas y a veces cargadas de humor, pero siempre b\u00edblicas, Ed Young extrae de su experiencia de d\u00e9cadas como consejero matrimonial estos 10 mandamientos para un matrimonio chispeante que dure toda la vida.<\/div>\n<div>\nDios desea que su matrimonio sea algo no menos que incre\u00edble y todo puede comenzar con este asombroso libro.<\/p>\n<p>Los 10 mandamientos del matrimonio incluyen:<\/p>\n<ol>\n<li>No seas un cerdo ego\u00edsta<\/li>\n<li>Cortar\u00e1s el cord\u00f3n umbilical<\/li>\n<li>Mantendr\u00e1s una comunicaci\u00f3n fluida<\/li>\n<li>Har\u00e1s que el conflicto sea tu aliado<\/li>\n<li>No te endeudar\u00e1s<\/li>\n<li>Huir\u00e1s de la tentaci\u00f3n sexual (Internet y otras)<\/li>\n<li>Perdonar\u00e1s a tu pareja 490 veces y muchas m\u00e1s<\/li>\n<li>Mantendr\u00e1s la llama de tu hogar siempre encendida<\/li>\n<li>Volver\u00e1s a empezar una y otra vez<\/li>\n<li>Constituir\u00e1s un equipo ganador<\/li>\n<\/ol>\n<p><strong>ISBN<\/strong>: 9780789916884<br \/>\n<strong>Editorial<\/strong>: Unilit<br \/>\n<strong>Dimensiones<\/strong>: 106 x 170 x 11 mm<br \/>\n<strong>Peso<\/strong>: 0,135kg<br \/>\n<strong>Cubierta<\/strong>: R\u00fastica Bolsilibro<br \/>\n<strong>Idioma<\/strong>: Espa\u00f1ol<\/p>\n<\/div>\n","protected":false},"excerpt":{"rendered":"<p>Lo que hay que hacer y lo que hay que evitar en un pacto para \u00a1Toda la vida! &nbsp; &lt;&lt;\u00a1No seas un ego\u00edsta!&gt;&gt; Con palabras profundas y a veces cargadas de humor, pero siempre b\u00edblicas, Ed Young extrae de su experiencia de d\u00e9cadas como consejero matrimonial estos 10 mandamientos para un matrimonio chispeante que dure [&hellip;]<\/p>\n","protected":false},"featured_media":3090,"comment_status":"open","ping_status":"closed","template":"","meta":{"om_disable_all_campaigns":false,"_monsterinsights_skip_tracking":false,"_monsterinsights_sitenote_active":false,"_monsterinsights_sitenote_note":"","_monsterinsights_sitenote_category":0,"site-sidebar-layout":"default","site-content-layout":"","ast-site-content-layout":"default","site-content-style":"default","site-sidebar-style":"default","ast-global-header-display":"","ast-banner-title-visibility":"","ast-main-header-display":"","ast-hfb-above-header-display":"","ast-hfb-below-header-display":"","ast-hfb-mobile-header-display":"","site-post-title":"","ast-breadcrumbs-content":"","ast-featured-img":"","footer-sml-layout":"","ast-disable-related-posts":"","theme-transparent-header-meta":"default","adv-header-id-meta":"","stick-header-meta":"","header-above-stick-meta":"","header-main-stick-meta":"","header-below-stick-meta":"","astra-migrate-meta-layouts":"set","ast-page-background-enabled":"default","ast-page-background-meta":{"desktop":{"background-color":"var(--ast-global-color-4)","background-image":"","background-repeat":"repeat","background-position":"center center","background-size":"auto","background-attachment":"scroll","background-type":"","background-media":"","overlay-type":"","overlay-color":"","overlay-opacity":"","overlay-gradient":""},"tablet":{"background-color":"","background-image":"","background-repeat":"repeat","background-position":"center center","background-size":"auto","background-attachment":"scroll","background-type":"","background-media":"","overlay-type":"","overlay-color":"","overlay-opacity":"","overlay-gradient":""},"mobile":{"background-color":"","background-image":"","background-repeat":"repeat","background-position":"center center","background-size":"auto","background-attachment":"scroll","background-type":"","background-media":"","overlay-type":"","overlay-color":"","overlay-opacity":"","overlay-gradient":""}},"ast-content-background-meta":{"desktop":{"background-color":"var(--ast-global-color-5)","background-image":"","background-repeat":"repeat","background-position":"center center","background-size":"auto","background-attachment":"scroll","background-type":"","background-media":"","overlay-type":"","overlay-color":"","overlay-opacity":"","overlay-gradient":""},"tablet":{"background-color":"var(--ast-global-color-5)","background-image":"","background-repeat":"repeat","background-position":"center center","background-size":"auto","background-attachment":"scroll","background-type":"","background-media":"","overlay-type":"","overlay-color":"","overlay-opacity":"","overlay-gradient":""},"mobile":{"background-color":"var(--ast-global-color-5)","background-image":"","background-repeat":"repeat","background-position":"center center","background-size":"auto","background-attachment":"scroll","background-type":"","background-media":"","overlay-type":"","overlay-color":"","overlay-opacity":"","overlay-gradient":""}}},"product_brand":[],"product_cat":[23,172],"product_tag":[94],"class_list":{"0":"post-3089","1":"product","2":"type-product","3":"status-publish","4":"has-post-thumbnail","6":"product_cat-libros","7":"product_cat-matrimonio-y-relaciones","8":"product_tag-matrimonio","9":"desktop-align-left","10":"tablet-align-left","11":"mobile-align-left","13":"first","14":"instock","15":"shipping-taxable","16":"purchasable","17":"product-type-simple"},"yoast_head":"<!-- This site is optimized with the Yoast SEO plugin v27.4 - https:\/\/yoast.com\/product\/yoast-seo-wordpress\/ -->\n<title>10 Mandamientos del matrimonio - Young Ed - tzionlibreria.com<\/title>\n<meta name=\"description\" content=\"Lo que hay que hacer y lo que hay que evitar en un pacto para \u00a1Toda la vida! para un matrimonio chispeante que dure toda la vida.\" \/>\n<meta name=\"robots\" content=\"index, follow, max-snippet:-1, max-image-preview:large, max-video-preview:-1\" \/>\n<link rel=\"canonical\" href=\"https:\/\/tzionlibreria.com\/index.php\/product\/10-mandamientos-del-matrimonio-young-ed\/\" \/>\n<meta property=\"og:locale\" content=\"es_ES\" \/>\n<meta property=\"og:type\" content=\"article\" \/>\n<meta property=\"og:title\" content=\"10 Mandamientos del matrimonio - Young Ed - tzionlibreria.com\" \/>\n<meta property=\"og:description\" content=\"Lo que hay que hacer y lo que hay que evitar en un pacto para \u00a1Toda la vida! para un matrimonio chispeante que dure toda la vida.\" \/>\n<meta property=\"og:url\" content=\"https:\/\/tzionlibreria.com\/index.php\/product\/10-mandamientos-del-matrimonio-young-ed\/\" \/>\n<meta property=\"og:site_name\" content=\"tzionlibreria.com\" \/>\n<meta property=\"og:image\" content=\"http:\/\/tzionlibreria.com\/wp-content\/uploads\/2024\/03\/Los-10-mandamientos-del-matrimonio.jpg\" \/>\n\t<meta property=\"og:image:width\" content=\"1200\" \/>\n\t<meta property=\"og:image:height\" content=\"1200\" \/>\n\t<meta property=\"og:image:type\" content=\"image\/jpeg\" \/>\n<meta name=\"twitter:card\" content=\"summary_large_image\" \/>\n<meta name=\"twitter:label1\" content=\"Tiempo de lectura\" \/>\n\t<meta name=\"twitter:data1\" content=\"1 minuto\" \/>\n<script type=\"application\/ld+json\" class=\"yoast-schema-graph\">{\"@context\":\"https:\\\/\\\/schema.org\",\"@graph\":[{\"@type\":\"WebPage\",\"@id\":\"https:\\\/\\\/tzionlibreria.com\\\/index.php\\\/product\\\/10-mandamientos-del-matrimonio-young-ed\\\/\",\"url\":\"https:\\\/\\\/tzionlibreria.com\\\/index.php\\\/product\\\/10-mandamientos-del-matrimonio-young-ed\\\/\",\"name\":\"10 Mandamientos del matrimonio - Young Ed - tzionlibreria.com\",\"isPartOf\":{\"@id\":\"https:\\\/\\\/tzionlibreria.com\\\/#website\"},\"primaryImageOfPage\":{\"@id\":\"https:\\\/\\\/tzionlibreria.com\\\/index.php\\\/product\\\/10-mandamientos-del-matrimonio-young-ed\\\/#primaryimage\"},\"image\":{\"@id\":\"https:\\\/\\\/tzionlibreria.com\\\/index.php\\\/product\\\/10-mandamientos-del-matrimonio-young-ed\\\/#primaryimage\"},\"thumbnailUrl\":\"https:\\\/\\\/tzionlibreria.com\\\/wp-content\\\/uploads\\\/2024\\\/03\\\/Los-10-mandamientos-del-matrimonio.jpg\",\"datePublished\":\"2024-03-10T02:15:32+00:00\",\"description\":\"Lo que hay que hacer y lo que hay que evitar en un pacto para \u00a1Toda la vida! para un matrimonio chispeante que dure toda la vida.\",\"breadcrumb\":{\"@id\":\"https:\\\/\\\/tzionlibreria.com\\\/index.php\\\/product\\\/10-mandamientos-del-matrimonio-young-ed\\\/#breadcrumb\"},\"inLanguage\":\"es-CO\",\"potentialAction\":[{\"@type\":\"ReadAction\",\"target\":[\"https:\\\/\\\/tzionlibreria.com\\\/index.php\\\/product\\\/10-mandamientos-del-matrimonio-young-ed\\\/\"]}]},{\"@type\":\"ImageObject\",\"inLanguage\":\"es-CO\",\"@id\":\"https:\\\/\\\/tzionlibreria.com\\\/index.php\\\/product\\\/10-mandamientos-del-matrimonio-young-ed\\\/#primaryimage\",\"url\":\"https:\\\/\\\/tzionlibreria.com\\\/wp-content\\\/uploads\\\/2024\\\/03\\\/Los-10-mandamientos-del-matrimonio.jpg\",\"contentUrl\":\"https:\\\/\\\/tzionlibreria.com\\\/wp-content\\\/uploads\\\/2024\\\/03\\\/Los-10-mandamientos-del-matrimonio.jpg\",\"width\":1200,\"height\":1200},{\"@type\":\"BreadcrumbList\",\"@id\":\"https:\\\/\\\/tzionlibreria.com\\\/index.php\\\/product\\\/10-mandamientos-del-matrimonio-young-ed\\\/#breadcrumb\",\"itemListElement\":[{\"@type\":\"ListItem\",\"position\":1,\"name\":\"Inicio\",\"item\":\"https:\\\/\\\/tzionlibreria.com\\\/\"},{\"@type\":\"ListItem\",\"position\":2,\"name\":\"Shop\",\"item\":\"https:\\\/\\\/tzionlibreria.com\\\/index.php\\\/shop\\\/\"},{\"@type\":\"ListItem\",\"position\":3,\"name\":\"10 Mandamientos del matrimonio &#8211; Young Ed\"}]},{\"@type\":\"WebSite\",\"@id\":\"https:\\\/\\\/tzionlibreria.com\\\/#website\",\"url\":\"https:\\\/\\\/tzionlibreria.com\\\/\",\"name\":\"tzionlibreria.com\",\"description\":\"Libreria Cristiana Venezuela\",\"publisher\":{\"@id\":\"https:\\\/\\\/tzionlibreria.com\\\/#organization\"},\"potentialAction\":[{\"@type\":\"SearchAction\",\"target\":{\"@type\":\"EntryPoint\",\"urlTemplate\":\"https:\\\/\\\/tzionlibreria.com\\\/?s={search_term_string}\"},\"query-input\":{\"@type\":\"PropertyValueSpecification\",\"valueRequired\":true,\"valueName\":\"search_term_string\"}}],\"inLanguage\":\"es-CO\"},{\"@type\":\"Organization\",\"@id\":\"https:\\\/\\\/tzionlibreria.com\\\/#organization\",\"name\":\"tzionlibreria.com\",\"url\":\"https:\\\/\\\/tzionlibreria.com\\\/\",\"logo\":{\"@type\":\"ImageObject\",\"inLanguage\":\"es-CO\",\"@id\":\"https:\\\/\\\/tzionlibreria.com\\\/#\\\/schema\\\/logo\\\/image\\\/\",\"url\":\"https:\\\/\\\/tzionlibreria.com\\\/wp-content\\\/uploads\\\/2023\\\/10\\\/cropped-Cuadricula-scaled-1.jpg\",\"contentUrl\":\"https:\\\/\\\/tzionlibreria.com\\\/wp-content\\\/uploads\\\/2023\\\/10\\\/cropped-Cuadricula-scaled-1.jpg\",\"width\":2560,\"height\":2560,\"caption\":\"tzionlibreria.com\"},\"image\":{\"@id\":\"https:\\\/\\\/tzionlibreria.com\\\/#\\\/schema\\\/logo\\\/image\\\/\"}}]}<\/script>\n<!-- \/ Yoast SEO plugin. -->","yoast_head_json":{"title":"10 Mandamientos del matrimonio - Young Ed - tzionlibreria.com","description":"Lo que hay que hacer y lo que hay que evitar en un pacto para \u00a1Toda la vida! para un matrimonio chispeante que dure toda la vida.","robots":{"index":"index","follow":"follow","max-snippet":"max-snippet:-1","max-image-preview":"max-image-preview:large","max-video-preview":"max-video-preview:-1"},"canonical":"https:\/\/tzionlibreria.com\/index.php\/product\/10-mandamientos-del-matrimonio-young-ed\/","og_locale":"es_ES","og_type":"article","og_title":"10 Mandamientos del matrimonio - Young Ed - tzionlibreria.com","og_description":"Lo que hay que hacer y lo que hay que evitar en un pacto para \u00a1Toda la vida! para un matrimonio chispeante que dure toda la vida.","og_url":"https:\/\/tzionlibreria.com\/index.php\/product\/10-mandamientos-del-matrimonio-young-ed\/","og_site_name":"tzionlibreria.com","og_image":[{"width":1200,"height":1200,"url":"http:\/\/tzionlibreria.com\/wp-content\/uploads\/2024\/03\/Los-10-mandamientos-del-matrimonio.jpg","type":"image\/jpeg"}],"twitter_card":"summary_large_image","twitter_misc":{"Tiempo de lectura":"1 minuto"},"schema":{"@context":"https:\/\/schema.org","@graph":[{"@type":"WebPage","@id":"https:\/\/tzionlibreria.com\/index.php\/product\/10-mandamientos-del-matrimonio-young-ed\/","url":"https:\/\/tzionlibreria.com\/index.php\/product\/10-mandamientos-del-matrimonio-young-ed\/","name":"10 Mandamientos del matrimonio - Young Ed - tzionlibreria.com","isPartOf":{"@id":"https:\/\/tzionlibreria.com\/#website"},"primaryImageOfPage":{"@id":"https:\/\/tzionlibreria.com\/index.php\/product\/10-mandamientos-del-matrimonio-young-ed\/#primaryimage"},"image":{"@id":"https:\/\/tzionlibreria.com\/index.php\/product\/10-mandamientos-del-matrimonio-young-ed\/#primaryimage"},"thumbnailUrl":"https:\/\/tzionlibreria.com\/wp-content\/uploads\/2024\/03\/Los-10-mandamientos-del-matrimonio.jpg","datePublished":"2024-03-10T02:15:32+00:00","description":"Lo que hay que hacer y lo que hay que evitar en un pacto para \u00a1Toda la vida! para un matrimonio chispeante que dure toda la vida.","breadcrumb":{"@id":"https:\/\/tzionlibreria.com\/index.php\/product\/10-mandamientos-del-matrimonio-young-ed\/#breadcrumb"},"inLanguage":"es-CO","potentialAction":[{"@type":"ReadAction","target":["https:\/\/tzionlibreria.com\/index.php\/product\/10-mandamientos-del-matrimonio-young-ed\/"]}]},{"@type":"ImageObject","inLanguage":"es-CO","@id":"https:\/\/tzionlibreria.com\/index.php\/product\/10-mandamientos-del-matrimonio-young-ed\/#primaryimage","url":"https:\/\/tzionlibreria.com\/wp-content\/uploads\/2024\/03\/Los-10-mandamientos-del-matrimonio.jpg","contentUrl":"https:\/\/tzionlibreria.com\/wp-content\/uploads\/2024\/03\/Los-10-mandamientos-del-matrimonio.jpg","width":1200,"height":1200},{"@type":"BreadcrumbList","@id":"https:\/\/tzionlibreria.com\/index.php\/product\/10-mandamientos-del-matrimonio-young-ed\/#breadcrumb","itemListElement":[{"@type":"ListItem","position":1,"name":"Inicio","item":"https:\/\/tzionlibreria.com\/"},{"@type":"ListItem","position":2,"name":"Shop","item":"https:\/\/tzionlibreria.com\/index.php\/shop\/"},{"@type":"ListItem","position":3,"name":"10 Mandamientos del matrimonio &#8211; Young Ed"}]},{"@type":"WebSite","@id":"https:\/\/tzionlibreria.com\/#website","url":"https:\/\/tzionlibreria.com\/","name":"tzionlibreria.com","description":"Libreria Cristiana Venezuela","publisher":{"@id":"https:\/\/tzionlibreria.com\/#organization"},"potentialAction":[{"@type":"SearchAction","target":{"@type":"EntryPoint","urlTemplate":"https:\/\/tzionlibreria.com\/?s={search_term_string}"},"query-input":{"@type":"PropertyValueSpecification","valueRequired":true,"valueName":"search_term_string"}}],"inLanguage":"es-CO"},{"@type":"Organization","@id":"https:\/\/tzionlibreria.com\/#organization","name":"tzionlibreria.com","url":"https:\/\/tzionlibreria.com\/","logo":{"@type":"ImageObject","inLanguage":"es-CO","@id":"https:\/\/tzionlibreria.com\/#\/schema\/logo\/image\/","url":"https:\/\/tzionlibreria.com\/wp-content\/uploads\/2023\/10\/cropped-Cuadricula-scaled-1.jpg","contentUrl":"https:\/\/tzionlibreria.com\/wp-content\/uploads\/2023\/10\/cropped-Cuadricula-scaled-1.jpg","width":2560,"height":2560,"caption":"tzionlibreria.com"},"image":{"@id":"https:\/\/tzionlibreria.com\/#\/schema\/logo\/image\/"}}]}},"jetpack_sharing_enabled":true,"_links":{"self":[{"href":"https:\/\/tzionlibreria.com\/index.php\/wp-json\/wp\/v2\/product\/3089","targetHints":{"allow":["GET"]}}],"collection":[{"href":"https:\/\/tzionlibreria.com\/index.php\/wp-json\/wp\/v2\/product"}],"about":[{"href":"https:\/\/tzionlibreria.com\/index.php\/wp-json\/wp\/v2\/types\/product"}],"replies":[{"embeddable":true,"href":"https:\/\/tzionlibreria.com\/index.php\/wp-json\/wp\/v2\/comments?post=3089"}],"wp:featuredmedia":[{"embeddable":true,"href":"https:\/\/tzionlibreria.com\/index.php\/wp-json\/wp\/v2\/media\/3090"}],"wp:attachment":[{"href":"https:\/\/tzionlibreria.com\/index.php\/wp-json\/wp\/v2\/media?parent=3089"}],"wp:term":[{"taxonomy":"product_brand","embeddable":true,"href":"https:\/\/tzionlibreria.com\/index.php\/wp-json\/wp\/v2\/product_brand?post=3089"},{"taxonomy":"product_cat","embeddable":true,"href":"https:\/\/tzionlibreria.com\/index.php\/wp-json\/wp\/v2\/product_cat?post=3089"},{"taxonomy":"product_tag","embeddable":true,"href":"https:\/\/tzionlibreria.com\/index.php\/wp-json\/wp\/v2\/product_tag?post=3089"}],"curies":[{"name":"wp","href":"https:\/\/api.w.org\/{rel}","templated":true}]}}