{"id":3094,"date":"2024-03-11T21:42:12","date_gmt":"2024-03-11T21:42:12","guid":{"rendered":"https:\/\/tzionlibreria.com\/?post_type=product&#038;p=3094"},"modified":"2025-01-09T22:16:00","modified_gmt":"2025-01-09T22:16:00","slug":"la-gloria-de-dios-guillermo-maldonado","status":"publish","type":"product","link":"https:\/\/tzionlibreria.com\/index.php\/product\/la-gloria-de-dios-guillermo-maldonado\/","title":{"rendered":"La Gloria de Dios &#8211; Guillermo Maldonado"},"content":{"rendered":"<h1 id=\"title\" class=\"a-spacing-none a-text-normal\"><span id=\"productTitle\" class=\"a-size-extra-large celwidget\" data-csa-c-id=\"uyhsas-qn2k3m-r411cz-4tbwgz\" data-cel-widget=\"productTitle\">Experimente un encuentro sobrenatural con su presencia\u00a0<\/span><\/h1>\n<p>&nbsp;<\/p>\n<p><strong><span class=\"a-text-bold\">Sea un portador de la gloria de Dios<\/span><\/strong><\/p>\n<p>Jes\u00fas dice, \u201c<span class=\"a-text-italic\">La gloria que me diste, yo les he dado, para que sean uno, as\u00ed como nosotros somos uno<\/span>\u201d (Juan 17:22).<\/p>\n<p>Dios lo cre\u00f3 a usted para morar en su presencia, entender su coraz\u00f3n, y experimentar su poder divino, transformando su vida y capacit\u00e1ndolo para hacer milagros y maravillas que revelen su majestad en la tierra.<\/p>\n<p>Por medio de las revelaciones que Guillermo Maldonado presenta en<span class=\"a-text-italic\">\u00a0La gloria de Dios<\/span>, usted personalmente puede&#8230;<\/p>\n<ul class=\"a-unordered-list a-vertical\">\n<li><span class=\"a-list-item\">Desarrollar pasi\u00f3n y sed por Dios<\/span><\/li>\n<li><span class=\"a-list-item\">Ser encendido por el fuego de Dios para hacer lo \u201cimposible\u201d<\/span><\/li>\n<li><span class=\"a-list-item\">Convertirse en un testigo din\u00e1mico y ver vidas transformadas<\/span><\/li>\n<li><span class=\"a-list-item\">Confirmar el evangelio con se\u00f1ales sobrenaturales<\/span><\/li>\n<li><span class=\"a-list-item\">Entrar en el descanso espiritual y ver a Dios obrar<\/span><\/li>\n<li><span class=\"a-list-item\">\u00a1Recibir el milagro que necesite!<\/span><\/li>\n<\/ul>\n<p>La gloria de Dios es una realidad que se experimenta. Entre hoy en su presencia manifestada y sea transformado para siempre.<\/p>\n<p><strong>ISBN<\/strong>: 9781603744911<br \/>\n<strong>Dimensiones<\/strong>: 15 x 23 x 2 mm<br \/>\n<strong>Peso<\/strong>: 0,400kg<br \/>\n<strong>Cubierta<\/strong>: R\u00fastica<br \/>\n<strong>N\u00famero de p\u00e1gina<\/strong>: 285<\/p>\n","protected":false},"excerpt":{"rendered":"<p>Experimente un encuentro sobrenatural con su presencia\u00a0 &nbsp; Sea un portador de la gloria de Dios Jes\u00fas dice, \u201cLa gloria que me diste, yo les he dado, para que sean uno, as\u00ed como nosotros somos uno\u201d (Juan 17:22). Dios lo cre\u00f3 a usted para morar en su presencia, entender su coraz\u00f3n, y experimentar su poder [&hellip;]<\/p>\n","protected":false},"featured_media":3095,"comment_status":"open","ping_status":"closed","template":"","meta":{"om_disable_all_campaigns":false,"_monsterinsights_skip_tracking":false,"_monsterinsights_sitenote_active":false,"_monsterinsights_sitenote_note":"","_monsterinsights_sitenote_category":0,"site-sidebar-layout":"default","site-content-layout":"","ast-site-content-layout":"default","site-content-style":"default","site-sidebar-style":"default","ast-global-header-display":"","ast-banner-title-visibility":"","ast-main-header-display":"","ast-hfb-above-header-display":"","ast-hfb-below-header-display":"","ast-hfb-mobile-header-display":"","site-post-title":"","ast-breadcrumbs-content":"","ast-featured-img":"","footer-sml-layout":"","ast-disable-related-posts":"","theme-transparent-header-meta":"default","adv-header-id-meta":"","stick-header-meta":"","header-above-stick-meta":"","header-main-stick-meta":"","header-below-stick-meta":"","astra-migrate-meta-layouts":"set","ast-page-background-enabled":"default","ast-page-background-meta":{"desktop":{"background-color":"var(--ast-global-color-4)","background-image":"","background-repeat":"repeat","background-position":"center center","background-size":"auto","background-attachment":"scroll","background-type":"","background-media":"","overlay-type":"","overlay-color":"","overlay-opacity":"","overlay-gradient":""},"tablet":{"background-color":"","background-image":"","background-repeat":"repeat","background-position":"center center","background-size":"auto","background-attachment":"scroll","background-type":"","background-media":"","overlay-type":"","overlay-color":"","overlay-opacity":"","overlay-gradient":""},"mobile":{"background-color":"","background-image":"","background-repeat":"repeat","background-position":"center center","background-size":"auto","background-attachment":"scroll","background-type":"","background-media":"","overlay-type":"","overlay-color":"","overlay-opacity":"","overlay-gradient":""}},"ast-content-background-meta":{"desktop":{"background-color":"var(--ast-global-color-5)","background-image":"","background-repeat":"repeat","background-position":"center center","background-size":"auto","background-attachment":"scroll","background-type":"","background-media":"","overlay-type":"","overlay-color":"","overlay-opacity":"","overlay-gradient":""},"tablet":{"background-color":"var(--ast-global-color-5)","background-image":"","background-repeat":"repeat","background-position":"center center","background-size":"auto","background-attachment":"scroll","background-type":"","background-media":"","overlay-type":"","overlay-color":"","overlay-opacity":"","overlay-gradient":""},"mobile":{"background-color":"var(--ast-global-color-5)","background-image":"","background-repeat":"repeat","background-position":"center center","background-size":"auto","background-attachment":"scroll","background-type":"","background-media":"","overlay-type":"","overlay-color":"","overlay-opacity":"","overlay-gradient":""}}},"product_brand":[],"product_cat":[174,23,176],"product_tag":[74],"class_list":{"0":"post-3094","1":"product","2":"type-product","3":"status-publish","4":"has-post-thumbnail","6":"product_cat-iglesia","7":"product_cat-libros","8":"product_cat-oraciones","9":"product_tag-guillermo-maldonado","10":"desktop-align-left","11":"tablet-align-left","12":"mobile-align-left","14":"first","15":"outofstock","16":"shipping-taxable","17":"purchasable","18":"product-type-simple"},"yoast_head":"<!-- This site is optimized with the Yoast SEO plugin v27.4 - https:\/\/yoast.com\/product\/yoast-seo-wordpress\/ -->\n<title>La Gloria de Dios - Guillermo Maldonado - tzionlibreria.com<\/title>\n<meta name=\"description\" content=\"La gloria de Dios es una realidad que se experimenta. Entre hoy en su presencia manifestada y sea transformado para siempre.\" \/>\n<meta name=\"robots\" content=\"index, follow, max-snippet:-1, max-image-preview:large, max-video-preview:-1\" \/>\n<link rel=\"canonical\" href=\"https:\/\/tzionlibreria.com\/index.php\/product\/la-gloria-de-dios-guillermo-maldonado\/\" \/>\n<meta property=\"og:locale\" content=\"es_ES\" \/>\n<meta property=\"og:type\" content=\"article\" \/>\n<meta property=\"og:title\" content=\"La Gloria de Dios - Guillermo Maldonado - tzionlibreria.com\" \/>\n<meta property=\"og:description\" content=\"La gloria de Dios es una realidad que se experimenta. Entre hoy en su presencia manifestada y sea transformado para siempre.\" \/>\n<meta property=\"og:url\" content=\"https:\/\/tzionlibreria.com\/index.php\/product\/la-gloria-de-dios-guillermo-maldonado\/\" \/>\n<meta property=\"og:site_name\" content=\"tzionlibreria.com\" \/>\n<meta property=\"article:modified_time\" content=\"2025-01-09T22:16:00+00:00\" \/>\n<meta property=\"og:image\" content=\"http:\/\/tzionlibreria.com\/wp-content\/uploads\/2024\/03\/La-Gloria-de-Dios.jpg\" \/>\n\t<meta property=\"og:image:width\" content=\"1200\" \/>\n\t<meta property=\"og:image:height\" content=\"1200\" \/>\n\t<meta property=\"og:image:type\" content=\"image\/jpeg\" \/>\n<meta name=\"twitter:card\" content=\"summary_large_image\" \/>\n<meta name=\"twitter:label1\" content=\"Tiempo de lectura\" \/>\n\t<meta name=\"twitter:data1\" content=\"1 minuto\" \/>\n<script type=\"application\/ld+json\" class=\"yoast-schema-graph\">{\"@context\":\"https:\\\/\\\/schema.org\",\"@graph\":[{\"@type\":\"WebPage\",\"@id\":\"https:\\\/\\\/tzionlibreria.com\\\/index.php\\\/product\\\/la-gloria-de-dios-guillermo-maldonado\\\/\",\"url\":\"https:\\\/\\\/tzionlibreria.com\\\/index.php\\\/product\\\/la-gloria-de-dios-guillermo-maldonado\\\/\",\"name\":\"La Gloria de Dios - Guillermo Maldonado - tzionlibreria.com\",\"isPartOf\":{\"@id\":\"https:\\\/\\\/tzionlibreria.com\\\/#website\"},\"primaryImageOfPage\":{\"@id\":\"https:\\\/\\\/tzionlibreria.com\\\/index.php\\\/product\\\/la-gloria-de-dios-guillermo-maldonado\\\/#primaryimage\"},\"image\":{\"@id\":\"https:\\\/\\\/tzionlibreria.com\\\/index.php\\\/product\\\/la-gloria-de-dios-guillermo-maldonado\\\/#primaryimage\"},\"thumbnailUrl\":\"https:\\\/\\\/tzionlibreria.com\\\/wp-content\\\/uploads\\\/2024\\\/03\\\/La-Gloria-de-Dios.jpg\",\"datePublished\":\"2024-03-11T21:42:12+00:00\",\"dateModified\":\"2025-01-09T22:16:00+00:00\",\"description\":\"La gloria de Dios es una realidad que se experimenta. Entre hoy en su presencia manifestada y sea transformado para siempre.\",\"breadcrumb\":{\"@id\":\"https:\\\/\\\/tzionlibreria.com\\\/index.php\\\/product\\\/la-gloria-de-dios-guillermo-maldonado\\\/#breadcrumb\"},\"inLanguage\":\"es-CO\",\"potentialAction\":[{\"@type\":\"ReadAction\",\"target\":[\"https:\\\/\\\/tzionlibreria.com\\\/index.php\\\/product\\\/la-gloria-de-dios-guillermo-maldonado\\\/\"]}]},{\"@type\":\"ImageObject\",\"inLanguage\":\"es-CO\",\"@id\":\"https:\\\/\\\/tzionlibreria.com\\\/index.php\\\/product\\\/la-gloria-de-dios-guillermo-maldonado\\\/#primaryimage\",\"url\":\"https:\\\/\\\/tzionlibreria.com\\\/wp-content\\\/uploads\\\/2024\\\/03\\\/La-Gloria-de-Dios.jpg\",\"contentUrl\":\"https:\\\/\\\/tzionlibreria.com\\\/wp-content\\\/uploads\\\/2024\\\/03\\\/La-Gloria-de-Dios.jpg\",\"width\":1200,\"height\":1200},{\"@type\":\"BreadcrumbList\",\"@id\":\"https:\\\/\\\/tzionlibreria.com\\\/index.php\\\/product\\\/la-gloria-de-dios-guillermo-maldonado\\\/#breadcrumb\",\"itemListElement\":[{\"@type\":\"ListItem\",\"position\":1,\"name\":\"Inicio\",\"item\":\"https:\\\/\\\/tzionlibreria.com\\\/\"},{\"@type\":\"ListItem\",\"position\":2,\"name\":\"Shop\",\"item\":\"https:\\\/\\\/tzionlibreria.com\\\/index.php\\\/shop\\\/\"},{\"@type\":\"ListItem\",\"position\":3,\"name\":\"La Gloria de Dios &#8211; Guillermo Maldonado\"}]},{\"@type\":\"WebSite\",\"@id\":\"https:\\\/\\\/tzionlibreria.com\\\/#website\",\"url\":\"https:\\\/\\\/tzionlibreria.com\\\/\",\"name\":\"tzionlibreria.com\",\"description\":\"Libreria Cristiana Venezuela\",\"publisher\":{\"@id\":\"https:\\\/\\\/tzionlibreria.com\\\/#organization\"},\"potentialAction\":[{\"@type\":\"SearchAction\",\"target\":{\"@type\":\"EntryPoint\",\"urlTemplate\":\"https:\\\/\\\/tzionlibreria.com\\\/?s={search_term_string}\"},\"query-input\":{\"@type\":\"PropertyValueSpecification\",\"valueRequired\":true,\"valueName\":\"search_term_string\"}}],\"inLanguage\":\"es-CO\"},{\"@type\":\"Organization\",\"@id\":\"https:\\\/\\\/tzionlibreria.com\\\/#organization\",\"name\":\"tzionlibreria.com\",\"url\":\"https:\\\/\\\/tzionlibreria.com\\\/\",\"logo\":{\"@type\":\"ImageObject\",\"inLanguage\":\"es-CO\",\"@id\":\"https:\\\/\\\/tzionlibreria.com\\\/#\\\/schema\\\/logo\\\/image\\\/\",\"url\":\"https:\\\/\\\/tzionlibreria.com\\\/wp-content\\\/uploads\\\/2023\\\/10\\\/cropped-Cuadricula-scaled-1.jpg\",\"contentUrl\":\"https:\\\/\\\/tzionlibreria.com\\\/wp-content\\\/uploads\\\/2023\\\/10\\\/cropped-Cuadricula-scaled-1.jpg\",\"width\":2560,\"height\":2560,\"caption\":\"tzionlibreria.com\"},\"image\":{\"@id\":\"https:\\\/\\\/tzionlibreria.com\\\/#\\\/schema\\\/logo\\\/image\\\/\"}}]}<\/script>\n<!-- \/ Yoast SEO plugin. -->","yoast_head_json":{"title":"La Gloria de Dios - Guillermo Maldonado - tzionlibreria.com","description":"La gloria de Dios es una realidad que se experimenta. Entre hoy en su presencia manifestada y sea transformado para siempre.","robots":{"index":"index","follow":"follow","max-snippet":"max-snippet:-1","max-image-preview":"max-image-preview:large","max-video-preview":"max-video-preview:-1"},"canonical":"https:\/\/tzionlibreria.com\/index.php\/product\/la-gloria-de-dios-guillermo-maldonado\/","og_locale":"es_ES","og_type":"article","og_title":"La Gloria de Dios - Guillermo Maldonado - tzionlibreria.com","og_description":"La gloria de Dios es una realidad que se experimenta. Entre hoy en su presencia manifestada y sea transformado para siempre.","og_url":"https:\/\/tzionlibreria.com\/index.php\/product\/la-gloria-de-dios-guillermo-maldonado\/","og_site_name":"tzionlibreria.com","article_modified_time":"2025-01-09T22:16:00+00:00","og_image":[{"width":1200,"height":1200,"url":"http:\/\/tzionlibreria.com\/wp-content\/uploads\/2024\/03\/La-Gloria-de-Dios.jpg","type":"image\/jpeg"}],"twitter_card":"summary_large_image","twitter_misc":{"Tiempo de lectura":"1 minuto"},"schema":{"@context":"https:\/\/schema.org","@graph":[{"@type":"WebPage","@id":"https:\/\/tzionlibreria.com\/index.php\/product\/la-gloria-de-dios-guillermo-maldonado\/","url":"https:\/\/tzionlibreria.com\/index.php\/product\/la-gloria-de-dios-guillermo-maldonado\/","name":"La Gloria de Dios - Guillermo Maldonado - tzionlibreria.com","isPartOf":{"@id":"https:\/\/tzionlibreria.com\/#website"},"primaryImageOfPage":{"@id":"https:\/\/tzionlibreria.com\/index.php\/product\/la-gloria-de-dios-guillermo-maldonado\/#primaryimage"},"image":{"@id":"https:\/\/tzionlibreria.com\/index.php\/product\/la-gloria-de-dios-guillermo-maldonado\/#primaryimage"},"thumbnailUrl":"https:\/\/tzionlibreria.com\/wp-content\/uploads\/2024\/03\/La-Gloria-de-Dios.jpg","datePublished":"2024-03-11T21:42:12+00:00","dateModified":"2025-01-09T22:16:00+00:00","description":"La gloria de Dios es una realidad que se experimenta. Entre hoy en su presencia manifestada y sea transformado para siempre.","breadcrumb":{"@id":"https:\/\/tzionlibreria.com\/index.php\/product\/la-gloria-de-dios-guillermo-maldonado\/#breadcrumb"},"inLanguage":"es-CO","potentialAction":[{"@type":"ReadAction","target":["https:\/\/tzionlibreria.com\/index.php\/product\/la-gloria-de-dios-guillermo-maldonado\/"]}]},{"@type":"ImageObject","inLanguage":"es-CO","@id":"https:\/\/tzionlibreria.com\/index.php\/product\/la-gloria-de-dios-guillermo-maldonado\/#primaryimage","url":"https:\/\/tzionlibreria.com\/wp-content\/uploads\/2024\/03\/La-Gloria-de-Dios.jpg","contentUrl":"https:\/\/tzionlibreria.com\/wp-content\/uploads\/2024\/03\/La-Gloria-de-Dios.jpg","width":1200,"height":1200},{"@type":"BreadcrumbList","@id":"https:\/\/tzionlibreria.com\/index.php\/product\/la-gloria-de-dios-guillermo-maldonado\/#breadcrumb","itemListElement":[{"@type":"ListItem","position":1,"name":"Inicio","item":"https:\/\/tzionlibreria.com\/"},{"@type":"ListItem","position":2,"name":"Shop","item":"https:\/\/tzionlibreria.com\/index.php\/shop\/"},{"@type":"ListItem","position":3,"name":"La Gloria de Dios &#8211; Guillermo Maldonado"}]},{"@type":"WebSite","@id":"https:\/\/tzionlibreria.com\/#website","url":"https:\/\/tzionlibreria.com\/","name":"tzionlibreria.com","description":"Libreria Cristiana Venezuela","publisher":{"@id":"https:\/\/tzionlibreria.com\/#organization"},"potentialAction":[{"@type":"SearchAction","target":{"@type":"EntryPoint","urlTemplate":"https:\/\/tzionlibreria.com\/?s={search_term_string}"},"query-input":{"@type":"PropertyValueSpecification","valueRequired":true,"valueName":"search_term_string"}}],"inLanguage":"es-CO"},{"@type":"Organization","@id":"https:\/\/tzionlibreria.com\/#organization","name":"tzionlibreria.com","url":"https:\/\/tzionlibreria.com\/","logo":{"@type":"ImageObject","inLanguage":"es-CO","@id":"https:\/\/tzionlibreria.com\/#\/schema\/logo\/image\/","url":"https:\/\/tzionlibreria.com\/wp-content\/uploads\/2023\/10\/cropped-Cuadricula-scaled-1.jpg","contentUrl":"https:\/\/tzionlibreria.com\/wp-content\/uploads\/2023\/10\/cropped-Cuadricula-scaled-1.jpg","width":2560,"height":2560,"caption":"tzionlibreria.com"},"image":{"@id":"https:\/\/tzionlibreria.com\/#\/schema\/logo\/image\/"}}]}},"jetpack_sharing_enabled":true,"_links":{"self":[{"href":"https:\/\/tzionlibreria.com\/index.php\/wp-json\/wp\/v2\/product\/3094","targetHints":{"allow":["GET"]}}],"collection":[{"href":"https:\/\/tzionlibreria.com\/index.php\/wp-json\/wp\/v2\/product"}],"about":[{"href":"https:\/\/tzionlibreria.com\/index.php\/wp-json\/wp\/v2\/types\/product"}],"replies":[{"embeddable":true,"href":"https:\/\/tzionlibreria.com\/index.php\/wp-json\/wp\/v2\/comments?post=3094"}],"wp:featuredmedia":[{"embeddable":true,"href":"https:\/\/tzionlibreria.com\/index.php\/wp-json\/wp\/v2\/media\/3095"}],"wp:attachment":[{"href":"https:\/\/tzionlibreria.com\/index.php\/wp-json\/wp\/v2\/media?parent=3094"}],"wp:term":[{"taxonomy":"product_brand","embeddable":true,"href":"https:\/\/tzionlibreria.com\/index.php\/wp-json\/wp\/v2\/product_brand?post=3094"},{"taxonomy":"product_cat","embeddable":true,"href":"https:\/\/tzionlibreria.com\/index.php\/wp-json\/wp\/v2\/product_cat?post=3094"},{"taxonomy":"product_tag","embeddable":true,"href":"https:\/\/tzionlibreria.com\/index.php\/wp-json\/wp\/v2\/product_tag?post=3094"}],"curies":[{"name":"wp","href":"https:\/\/api.w.org\/{rel}","templated":true}]}}