{"id":3108,"date":"2024-03-11T23:10:03","date_gmt":"2024-03-11T23:10:03","guid":{"rendered":"https:\/\/tzionlibreria.com\/?post_type=product&#038;p=3108"},"modified":"2025-12-01T23:19:35","modified_gmt":"2025-12-01T23:19:35","slug":"la-batalla-de-cada-hombre-joven-arterburn-stephen","status":"publish","type":"product","link":"https:\/\/tzionlibreria.com\/index.php\/product\/la-batalla-de-cada-hombre-joven-arterburn-stephen\/","title":{"rendered":"La batalla de cada hombre joven &#8211; Arterburn Stephen"},"content":{"rendered":"<h2 class=\"product-subtitle\">Estrategias para la victoria en el mundo real de la tentaci\u00f3n sexual<\/h2>\n<p>&nbsp;<\/p>\n<div>\u00bfC\u00f3mo puede cualquier hombre joven permanecer puro en el mundo real de la tentaci\u00f3n sexual?<\/div>\n<div><\/div>\n<div>\n<p>En este mundo est\u00e1s rodeado de im\u00e1genes sexuales que abren la puerta a la tentaci\u00f3n. Est\u00e1n en todas partes -en la televisi\u00f3n, en las vallas publicitarias, en las revistas, en la m\u00fasica, en Internet- y son tan f\u00e1ciles de acceder que a veces parece imposible escapar de sus garras. Sin embargo, Dios espera que sus hijos sean sexualmente puros. Entonces, \u00bfc\u00f3mo puedes sobrevivir a la incesante batalla contra la tentaci\u00f3n? Aqu\u00ed hay una poderosa herramienta.<\/p>\n<p>Steve Arterburn y Fred Stoeker, los autores del impactante best-seller La batalla de cada hombre, se centran ahora en las tentaciones que los j\u00f3venes cristianos solteros como usted enfrentan cada d\u00eda, y ofrecen estrategias b\u00edblicas viables para lograr la pureza sexual.<\/p>\n<p>Los autores examinan la norma de Efesios 5:3-&#8220;no debe haber ni siquiera un indicio de inmoralidad sexual&#8221;-bajo una luz positiva y sensible. Y explican c\u00f3mo una relaci\u00f3n aut\u00e9ntica y vibrante con Jesucristo es la clave de la victoria sobre la tentaci\u00f3n. La batalla de todo joven te mostrar\u00e1 c\u00f3mo entrenar tus ojos y tu mente, c\u00f3mo limpiar tu vida de pensamientos y c\u00f3mo desarrollar un plan de batalla realista para permanecer puro en la cultura saturada sexualmente de hoy. Como resultado, experimentar\u00e1s la esperanza -la verdadera esperanza- de vivir una vida fuerte y pura a la manera de Dios.<\/p>\n<\/div>\n<div><\/div>\n<div><strong>ISBN<\/strong>: 9780789910752<br \/>\n<strong>Dimensiones<\/strong>: 140 x 210 x 13 mm<br \/>\n<strong>Peso<\/strong>: 0,291kg<br \/>\n<strong>Cubierto<\/strong>: R\u00fastica<br \/>\n<strong>Idioma<\/strong>: Espa\u00f1ol<\/div>\n","protected":false},"excerpt":{"rendered":"<p>Estrategias para la victoria en el mundo real de la tentaci\u00f3n sexual &nbsp; \u00bfC\u00f3mo puede cualquier hombre joven permanecer puro en el mundo real de la tentaci\u00f3n sexual? En este mundo est\u00e1s rodeado de im\u00e1genes sexuales que abren la puerta a la tentaci\u00f3n. Est\u00e1n en todas partes -en la televisi\u00f3n, en las vallas publicitarias, en [&hellip;]<\/p>\n","protected":false},"featured_media":3109,"comment_status":"open","ping_status":"closed","template":"","meta":{"om_disable_all_campaigns":false,"_monsterinsights_skip_tracking":false,"_monsterinsights_sitenote_active":false,"_monsterinsights_sitenote_note":"","_monsterinsights_sitenote_category":0,"site-sidebar-layout":"default","site-content-layout":"","ast-site-content-layout":"default","site-content-style":"default","site-sidebar-style":"default","ast-global-header-display":"","ast-banner-title-visibility":"","ast-main-header-display":"","ast-hfb-above-header-display":"","ast-hfb-below-header-display":"","ast-hfb-mobile-header-display":"","site-post-title":"","ast-breadcrumbs-content":"","ast-featured-img":"","footer-sml-layout":"","ast-disable-related-posts":"","theme-transparent-header-meta":"default","adv-header-id-meta":"","stick-header-meta":"","header-above-stick-meta":"","header-main-stick-meta":"","header-below-stick-meta":"","astra-migrate-meta-layouts":"set","ast-page-background-enabled":"default","ast-page-background-meta":{"desktop":{"background-color":"var(--ast-global-color-4)","background-image":"","background-repeat":"repeat","background-position":"center center","background-size":"auto","background-attachment":"scroll","background-type":"","background-media":"","overlay-type":"","overlay-color":"","overlay-opacity":"","overlay-gradient":""},"tablet":{"background-color":"","background-image":"","background-repeat":"repeat","background-position":"center center","background-size":"auto","background-attachment":"scroll","background-type":"","background-media":"","overlay-type":"","overlay-color":"","overlay-opacity":"","overlay-gradient":""},"mobile":{"background-color":"","background-image":"","background-repeat":"repeat","background-position":"center center","background-size":"auto","background-attachment":"scroll","background-type":"","background-media":"","overlay-type":"","overlay-color":"","overlay-opacity":"","overlay-gradient":""}},"ast-content-background-meta":{"desktop":{"background-color":"var(--ast-global-color-5)","background-image":"","background-repeat":"repeat","background-position":"center center","background-size":"auto","background-attachment":"scroll","background-type":"","background-media":"","overlay-type":"","overlay-color":"","overlay-opacity":"","overlay-gradient":""},"tablet":{"background-color":"var(--ast-global-color-5)","background-image":"","background-repeat":"repeat","background-position":"center center","background-size":"auto","background-attachment":"scroll","background-type":"","background-media":"","overlay-type":"","overlay-color":"","overlay-opacity":"","overlay-gradient":""},"mobile":{"background-color":"var(--ast-global-color-5)","background-image":"","background-repeat":"repeat","background-position":"center center","background-size":"auto","background-attachment":"scroll","background-type":"","background-media":"","overlay-type":"","overlay-color":"","overlay-opacity":"","overlay-gradient":""}}},"product_brand":[],"product_cat":[169,23,171],"product_tag":[328,329,198],"class_list":{"0":"post-3108","1":"product","2":"type-product","3":"status-publish","4":"has-post-thumbnail","6":"product_cat-hombres","7":"product_cat-libros","8":"product_cat-sexualidad","9":"product_tag-black-friday-2025","10":"product_tag-blackl","11":"product_tag-hombres","12":"desktop-align-left","13":"tablet-align-left","14":"mobile-align-left","16":"first","17":"instock","18":"shipping-taxable","19":"purchasable","20":"product-type-simple"},"yoast_head":"<!-- This site is optimized with the Yoast SEO plugin v27.4 - https:\/\/yoast.com\/product\/yoast-seo-wordpress\/ -->\n<title>La batalla de cada hombre joven - Arterburn Stephen - tzionlibreria.com<\/title>\n<meta name=\"description\" content=\"L.os j\u00f3venes cristianos solteros como usted enfrentan cada d\u00eda, y ofrecen estrategias b\u00edblicas viables para lograr la pureza sexual\" \/>\n<meta name=\"robots\" content=\"index, follow, max-snippet:-1, max-image-preview:large, max-video-preview:-1\" \/>\n<link rel=\"canonical\" href=\"https:\/\/tzionlibreria.com\/index.php\/product\/la-batalla-de-cada-hombre-joven-arterburn-stephen\/\" \/>\n<meta property=\"og:locale\" content=\"es_ES\" \/>\n<meta property=\"og:type\" content=\"article\" \/>\n<meta property=\"og:title\" content=\"La batalla de cada hombre joven - Arterburn Stephen - tzionlibreria.com\" \/>\n<meta property=\"og:description\" content=\"L.os j\u00f3venes cristianos solteros como usted enfrentan cada d\u00eda, y ofrecen estrategias b\u00edblicas viables para lograr la pureza sexual\" \/>\n<meta property=\"og:url\" content=\"https:\/\/tzionlibreria.com\/index.php\/product\/la-batalla-de-cada-hombre-joven-arterburn-stephen\/\" \/>\n<meta property=\"og:site_name\" content=\"tzionlibreria.com\" \/>\n<meta property=\"article:modified_time\" content=\"2025-12-01T23:19:35+00:00\" \/>\n<meta property=\"og:image\" content=\"http:\/\/tzionlibreria.com\/wp-content\/uploads\/2024\/03\/Hombre-joven.jpg\" \/>\n\t<meta property=\"og:image:width\" content=\"1200\" \/>\n\t<meta property=\"og:image:height\" content=\"1200\" \/>\n\t<meta property=\"og:image:type\" content=\"image\/jpeg\" \/>\n<meta name=\"twitter:card\" content=\"summary_large_image\" \/>\n<meta name=\"twitter:label1\" content=\"Tiempo de lectura\" \/>\n\t<meta name=\"twitter:data1\" content=\"2 minutos\" \/>\n<script type=\"application\/ld+json\" class=\"yoast-schema-graph\">{\"@context\":\"https:\\\/\\\/schema.org\",\"@graph\":[{\"@type\":\"WebPage\",\"@id\":\"https:\\\/\\\/tzionlibreria.com\\\/index.php\\\/product\\\/la-batalla-de-cada-hombre-joven-arterburn-stephen\\\/\",\"url\":\"https:\\\/\\\/tzionlibreria.com\\\/index.php\\\/product\\\/la-batalla-de-cada-hombre-joven-arterburn-stephen\\\/\",\"name\":\"La batalla de cada hombre joven - Arterburn Stephen - tzionlibreria.com\",\"isPartOf\":{\"@id\":\"https:\\\/\\\/tzionlibreria.com\\\/#website\"},\"primaryImageOfPage\":{\"@id\":\"https:\\\/\\\/tzionlibreria.com\\\/index.php\\\/product\\\/la-batalla-de-cada-hombre-joven-arterburn-stephen\\\/#primaryimage\"},\"image\":{\"@id\":\"https:\\\/\\\/tzionlibreria.com\\\/index.php\\\/product\\\/la-batalla-de-cada-hombre-joven-arterburn-stephen\\\/#primaryimage\"},\"thumbnailUrl\":\"https:\\\/\\\/tzionlibreria.com\\\/wp-content\\\/uploads\\\/2024\\\/03\\\/Hombre-joven.jpg\",\"datePublished\":\"2024-03-11T23:10:03+00:00\",\"dateModified\":\"2025-12-01T23:19:35+00:00\",\"description\":\"L.os j\u00f3venes cristianos solteros como usted enfrentan cada d\u00eda, y ofrecen estrategias b\u00edblicas viables para lograr la pureza sexual\",\"breadcrumb\":{\"@id\":\"https:\\\/\\\/tzionlibreria.com\\\/index.php\\\/product\\\/la-batalla-de-cada-hombre-joven-arterburn-stephen\\\/#breadcrumb\"},\"inLanguage\":\"es-CO\",\"potentialAction\":[{\"@type\":\"ReadAction\",\"target\":[\"https:\\\/\\\/tzionlibreria.com\\\/index.php\\\/product\\\/la-batalla-de-cada-hombre-joven-arterburn-stephen\\\/\"]}]},{\"@type\":\"ImageObject\",\"inLanguage\":\"es-CO\",\"@id\":\"https:\\\/\\\/tzionlibreria.com\\\/index.php\\\/product\\\/la-batalla-de-cada-hombre-joven-arterburn-stephen\\\/#primaryimage\",\"url\":\"https:\\\/\\\/tzionlibreria.com\\\/wp-content\\\/uploads\\\/2024\\\/03\\\/Hombre-joven.jpg\",\"contentUrl\":\"https:\\\/\\\/tzionlibreria.com\\\/wp-content\\\/uploads\\\/2024\\\/03\\\/Hombre-joven.jpg\",\"width\":1200,\"height\":1200},{\"@type\":\"BreadcrumbList\",\"@id\":\"https:\\\/\\\/tzionlibreria.com\\\/index.php\\\/product\\\/la-batalla-de-cada-hombre-joven-arterburn-stephen\\\/#breadcrumb\",\"itemListElement\":[{\"@type\":\"ListItem\",\"position\":1,\"name\":\"Inicio\",\"item\":\"https:\\\/\\\/tzionlibreria.com\\\/\"},{\"@type\":\"ListItem\",\"position\":2,\"name\":\"Shop\",\"item\":\"https:\\\/\\\/tzionlibreria.com\\\/index.php\\\/shop\\\/\"},{\"@type\":\"ListItem\",\"position\":3,\"name\":\"La batalla de cada hombre joven &#8211; Arterburn Stephen\"}]},{\"@type\":\"WebSite\",\"@id\":\"https:\\\/\\\/tzionlibreria.com\\\/#website\",\"url\":\"https:\\\/\\\/tzionlibreria.com\\\/\",\"name\":\"tzionlibreria.com\",\"description\":\"Libreria Cristiana Venezuela\",\"publisher\":{\"@id\":\"https:\\\/\\\/tzionlibreria.com\\\/#organization\"},\"potentialAction\":[{\"@type\":\"SearchAction\",\"target\":{\"@type\":\"EntryPoint\",\"urlTemplate\":\"https:\\\/\\\/tzionlibreria.com\\\/?s={search_term_string}\"},\"query-input\":{\"@type\":\"PropertyValueSpecification\",\"valueRequired\":true,\"valueName\":\"search_term_string\"}}],\"inLanguage\":\"es-CO\"},{\"@type\":\"Organization\",\"@id\":\"https:\\\/\\\/tzionlibreria.com\\\/#organization\",\"name\":\"tzionlibreria.com\",\"url\":\"https:\\\/\\\/tzionlibreria.com\\\/\",\"logo\":{\"@type\":\"ImageObject\",\"inLanguage\":\"es-CO\",\"@id\":\"https:\\\/\\\/tzionlibreria.com\\\/#\\\/schema\\\/logo\\\/image\\\/\",\"url\":\"https:\\\/\\\/tzionlibreria.com\\\/wp-content\\\/uploads\\\/2023\\\/10\\\/cropped-Cuadricula-scaled-1.jpg\",\"contentUrl\":\"https:\\\/\\\/tzionlibreria.com\\\/wp-content\\\/uploads\\\/2023\\\/10\\\/cropped-Cuadricula-scaled-1.jpg\",\"width\":2560,\"height\":2560,\"caption\":\"tzionlibreria.com\"},\"image\":{\"@id\":\"https:\\\/\\\/tzionlibreria.com\\\/#\\\/schema\\\/logo\\\/image\\\/\"}}]}<\/script>\n<!-- \/ Yoast SEO plugin. -->","yoast_head_json":{"title":"La batalla de cada hombre joven - Arterburn Stephen - tzionlibreria.com","description":"L.os j\u00f3venes cristianos solteros como usted enfrentan cada d\u00eda, y ofrecen estrategias b\u00edblicas viables para lograr la pureza sexual","robots":{"index":"index","follow":"follow","max-snippet":"max-snippet:-1","max-image-preview":"max-image-preview:large","max-video-preview":"max-video-preview:-1"},"canonical":"https:\/\/tzionlibreria.com\/index.php\/product\/la-batalla-de-cada-hombre-joven-arterburn-stephen\/","og_locale":"es_ES","og_type":"article","og_title":"La batalla de cada hombre joven - Arterburn Stephen - tzionlibreria.com","og_description":"L.os j\u00f3venes cristianos solteros como usted enfrentan cada d\u00eda, y ofrecen estrategias b\u00edblicas viables para lograr la pureza sexual","og_url":"https:\/\/tzionlibreria.com\/index.php\/product\/la-batalla-de-cada-hombre-joven-arterburn-stephen\/","og_site_name":"tzionlibreria.com","article_modified_time":"2025-12-01T23:19:35+00:00","og_image":[{"width":1200,"height":1200,"url":"http:\/\/tzionlibreria.com\/wp-content\/uploads\/2024\/03\/Hombre-joven.jpg","type":"image\/jpeg"}],"twitter_card":"summary_large_image","twitter_misc":{"Tiempo de lectura":"2 minutos"},"schema":{"@context":"https:\/\/schema.org","@graph":[{"@type":"WebPage","@id":"https:\/\/tzionlibreria.com\/index.php\/product\/la-batalla-de-cada-hombre-joven-arterburn-stephen\/","url":"https:\/\/tzionlibreria.com\/index.php\/product\/la-batalla-de-cada-hombre-joven-arterburn-stephen\/","name":"La batalla de cada hombre joven - Arterburn Stephen - tzionlibreria.com","isPartOf":{"@id":"https:\/\/tzionlibreria.com\/#website"},"primaryImageOfPage":{"@id":"https:\/\/tzionlibreria.com\/index.php\/product\/la-batalla-de-cada-hombre-joven-arterburn-stephen\/#primaryimage"},"image":{"@id":"https:\/\/tzionlibreria.com\/index.php\/product\/la-batalla-de-cada-hombre-joven-arterburn-stephen\/#primaryimage"},"thumbnailUrl":"https:\/\/tzionlibreria.com\/wp-content\/uploads\/2024\/03\/Hombre-joven.jpg","datePublished":"2024-03-11T23:10:03+00:00","dateModified":"2025-12-01T23:19:35+00:00","description":"L.os j\u00f3venes cristianos solteros como usted enfrentan cada d\u00eda, y ofrecen estrategias b\u00edblicas viables para lograr la pureza sexual","breadcrumb":{"@id":"https:\/\/tzionlibreria.com\/index.php\/product\/la-batalla-de-cada-hombre-joven-arterburn-stephen\/#breadcrumb"},"inLanguage":"es-CO","potentialAction":[{"@type":"ReadAction","target":["https:\/\/tzionlibreria.com\/index.php\/product\/la-batalla-de-cada-hombre-joven-arterburn-stephen\/"]}]},{"@type":"ImageObject","inLanguage":"es-CO","@id":"https:\/\/tzionlibreria.com\/index.php\/product\/la-batalla-de-cada-hombre-joven-arterburn-stephen\/#primaryimage","url":"https:\/\/tzionlibreria.com\/wp-content\/uploads\/2024\/03\/Hombre-joven.jpg","contentUrl":"https:\/\/tzionlibreria.com\/wp-content\/uploads\/2024\/03\/Hombre-joven.jpg","width":1200,"height":1200},{"@type":"BreadcrumbList","@id":"https:\/\/tzionlibreria.com\/index.php\/product\/la-batalla-de-cada-hombre-joven-arterburn-stephen\/#breadcrumb","itemListElement":[{"@type":"ListItem","position":1,"name":"Inicio","item":"https:\/\/tzionlibreria.com\/"},{"@type":"ListItem","position":2,"name":"Shop","item":"https:\/\/tzionlibreria.com\/index.php\/shop\/"},{"@type":"ListItem","position":3,"name":"La batalla de cada hombre joven &#8211; Arterburn Stephen"}]},{"@type":"WebSite","@id":"https:\/\/tzionlibreria.com\/#website","url":"https:\/\/tzionlibreria.com\/","name":"tzionlibreria.com","description":"Libreria Cristiana Venezuela","publisher":{"@id":"https:\/\/tzionlibreria.com\/#organization"},"potentialAction":[{"@type":"SearchAction","target":{"@type":"EntryPoint","urlTemplate":"https:\/\/tzionlibreria.com\/?s={search_term_string}"},"query-input":{"@type":"PropertyValueSpecification","valueRequired":true,"valueName":"search_term_string"}}],"inLanguage":"es-CO"},{"@type":"Organization","@id":"https:\/\/tzionlibreria.com\/#organization","name":"tzionlibreria.com","url":"https:\/\/tzionlibreria.com\/","logo":{"@type":"ImageObject","inLanguage":"es-CO","@id":"https:\/\/tzionlibreria.com\/#\/schema\/logo\/image\/","url":"https:\/\/tzionlibreria.com\/wp-content\/uploads\/2023\/10\/cropped-Cuadricula-scaled-1.jpg","contentUrl":"https:\/\/tzionlibreria.com\/wp-content\/uploads\/2023\/10\/cropped-Cuadricula-scaled-1.jpg","width":2560,"height":2560,"caption":"tzionlibreria.com"},"image":{"@id":"https:\/\/tzionlibreria.com\/#\/schema\/logo\/image\/"}}]}},"jetpack_sharing_enabled":true,"_links":{"self":[{"href":"https:\/\/tzionlibreria.com\/index.php\/wp-json\/wp\/v2\/product\/3108","targetHints":{"allow":["GET"]}}],"collection":[{"href":"https:\/\/tzionlibreria.com\/index.php\/wp-json\/wp\/v2\/product"}],"about":[{"href":"https:\/\/tzionlibreria.com\/index.php\/wp-json\/wp\/v2\/types\/product"}],"replies":[{"embeddable":true,"href":"https:\/\/tzionlibreria.com\/index.php\/wp-json\/wp\/v2\/comments?post=3108"}],"wp:featuredmedia":[{"embeddable":true,"href":"https:\/\/tzionlibreria.com\/index.php\/wp-json\/wp\/v2\/media\/3109"}],"wp:attachment":[{"href":"https:\/\/tzionlibreria.com\/index.php\/wp-json\/wp\/v2\/media?parent=3108"}],"wp:term":[{"taxonomy":"product_brand","embeddable":true,"href":"https:\/\/tzionlibreria.com\/index.php\/wp-json\/wp\/v2\/product_brand?post=3108"},{"taxonomy":"product_cat","embeddable":true,"href":"https:\/\/tzionlibreria.com\/index.php\/wp-json\/wp\/v2\/product_cat?post=3108"},{"taxonomy":"product_tag","embeddable":true,"href":"https:\/\/tzionlibreria.com\/index.php\/wp-json\/wp\/v2\/product_tag?post=3108"}],"curies":[{"name":"wp","href":"https:\/\/api.w.org\/{rel}","templated":true}]}}