{"id":3132,"date":"2024-03-12T13:28:55","date_gmt":"2024-03-12T13:28:55","guid":{"rendered":"https:\/\/tzionlibreria.com\/?post_type=product&#038;p=3132"},"modified":"2025-03-26T18:52:34","modified_gmt":"2025-03-26T18:52:34","slug":"biblia-textual-iv-edicion-piel-vinilo-negro","status":"publish","type":"product","link":"https:\/\/tzionlibreria.com\/index.php\/product\/biblia-textual-iv-edicion-piel-vinilo-negro\/","title":{"rendered":"Biblia Textual IV Edici\u00f3n- Piel Vinilo &#8211; Negro"},"content":{"rendered":"<div>\n<div class=\"ast-oembed-container \" style=\"height: 100%;\"><iframe title=\"Biblia Textual IV Leather Piel\" width=\"500\" height=\"281\" src=\"https:\/\/www.youtube.com\/embed\/DtzGTAYNiXw?feature=oembed\" frameborder=\"0\" allow=\"accelerometer; autoplay; clipboard-write; encrypted-media; gyroscope; picture-in-picture; web-share\" referrerpolicy=\"strict-origin-when-cross-origin\" allowfullscreen><\/iframe><\/div>\n<\/div>\n<div><\/div>\n<div><\/div>\n<div>La IV Edici\u00f3n de la Biblia Textual (BTX IV) constituye el aporte m\u00e1s significativo en la restauraci\u00f3n del Texto Sagrado, particularmente en lo que compete al texto hebreo del Viejo Pacto. A su inigualable disciplina de traducci\u00f3n, esta Edici\u00f3n Cr\u00edtica se presenta en la misma compaginaci\u00f3n y secuencia utilizada por los Ap\u00f3stoles y por la Iglesia Primitiva en el primer siglo de nuestra era. Siguiendo fielmente el estilo de traducci\u00f3n de sus anteriores Ediciones, la BTX IV est\u00e1 basada en el mejor texto cr\u00edtico disponible: la Biblia Hebraica Cr\u00edtica y el Novum Testamentum Graece. Fiel a sus predecesoras, la IV Edici\u00f3n ha sido realizada bajo la disciplina de Traducci\u00f3n Contextual, que expresa sin compromisos, no lo que el Autor Sagrado pudo haber dicho sino lo que \u00c9l dice en el hebreo, arameo y griego. Tal como las anteriores Ediciones, pero grandemente beneficiada por los \u00faltimos hallazgos de la arqueolog\u00eda y los avances de los estudios b\u00edblicos, la IV Edici\u00f3n es un extraordinario instrumento para explorar las profundidades de la Palabra de Dios. A trav\u00e9s de su texto, esta edici\u00f3n incluye m\u00e1s de 12.000 notas a pie de p\u00e1gina, adem\u00e1s de materia competente para la secci\u00f3n de Pasajes Especiales ampliada a 300 notas de inter\u00e9s exeg\u00e9tico.<\/div>\n<div>\n<p>&nbsp;<\/p>\n<p><b>Caracter\u00edsticas especiales<\/b><strong>:<\/strong><\/p>\n<\/div>\n<div>\n<ul>\n<li>12.000 notas a pie de p\u00e1gina de valor exeg\u00e9tico, doctrinal y teol\u00f3gico<\/li>\n<li>Comentarios exeg\u00e9ticos y cr\u00edticos sobre 323 pasajes especiales<\/li>\n<li>Recuperaci\u00f3n del Tetragrama sagrado (nombre personal de Dios)<\/li>\n<li>Transliteraci\u00f3n de los apelativos y t\u00edtulos de la Deidad<\/li>\n<li>Enmiendas de los Soferim<\/li>\n<li>Fecha b\u00edblica del nacimiento de Jes\u00fas<\/li>\n<li><strong>Medidas:<\/strong> 24 x 16 x 3,5cm<\/li>\n<li><strong>Tama\u00f1o de letra:<\/strong>\u00a012 puntos<\/li>\n<\/ul>\n<\/div>\n<div><\/div>\n<div><strong>ISBN<\/strong>: 9780971039186<br \/>\n<strong>Dimensiones<\/strong>: 24 x 16 x 3,5cm<br \/>\n<strong>Peso<\/strong>: 1,020kg<br \/>\n<strong>Cubierta<\/strong>: Piel Vinilo<br \/>\n<strong>Idioma<\/strong>: Espa\u00f1ol<\/div>\n","protected":false},"excerpt":{"rendered":"<p>La IV Edici\u00f3n de la Biblia Textual (BTX IV) constituye el aporte m\u00e1s significativo en la restauraci\u00f3n del Texto Sagrado, particularmente en lo que compete al texto hebreo del Viejo Pacto. A su inigualable disciplina de traducci\u00f3n, esta Edici\u00f3n Cr\u00edtica se presenta en la misma compaginaci\u00f3n y secuencia utilizada por los Ap\u00f3stoles y por la [&hellip;]<\/p>\n","protected":false},"featured_media":3133,"comment_status":"open","ping_status":"closed","template":"","meta":{"om_disable_all_campaigns":false,"_monsterinsights_skip_tracking":false,"_monsterinsights_sitenote_active":false,"_monsterinsights_sitenote_note":"","_monsterinsights_sitenote_category":0,"site-sidebar-layout":"default","site-content-layout":"","ast-site-content-layout":"default","site-content-style":"default","site-sidebar-style":"default","ast-global-header-display":"","ast-banner-title-visibility":"","ast-main-header-display":"","ast-hfb-above-header-display":"","ast-hfb-below-header-display":"","ast-hfb-mobile-header-display":"","site-post-title":"","ast-breadcrumbs-content":"","ast-featured-img":"","footer-sml-layout":"","ast-disable-related-posts":"","theme-transparent-header-meta":"default","adv-header-id-meta":"","stick-header-meta":"","header-above-stick-meta":"","header-main-stick-meta":"","header-below-stick-meta":"","astra-migrate-meta-layouts":"set","ast-page-background-enabled":"default","ast-page-background-meta":{"desktop":{"background-color":"var(--ast-global-color-4)","background-image":"","background-repeat":"repeat","background-position":"center center","background-size":"auto","background-attachment":"scroll","background-type":"","background-media":"","overlay-type":"","overlay-color":"","overlay-opacity":"","overlay-gradient":""},"tablet":{"background-color":"","background-image":"","background-repeat":"repeat","background-position":"center center","background-size":"auto","background-attachment":"scroll","background-type":"","background-media":"","overlay-type":"","overlay-color":"","overlay-opacity":"","overlay-gradient":""},"mobile":{"background-color":"","background-image":"","background-repeat":"repeat","background-position":"center center","background-size":"auto","background-attachment":"scroll","background-type":"","background-media":"","overlay-type":"","overlay-color":"","overlay-opacity":"","overlay-gradient":""}},"ast-content-background-meta":{"desktop":{"background-color":"var(--ast-global-color-5)","background-image":"","background-repeat":"repeat","background-position":"center center","background-size":"auto","background-attachment":"scroll","background-type":"","background-media":"","overlay-type":"","overlay-color":"","overlay-opacity":"","overlay-gradient":""},"tablet":{"background-color":"var(--ast-global-color-5)","background-image":"","background-repeat":"repeat","background-position":"center center","background-size":"auto","background-attachment":"scroll","background-type":"","background-media":"","overlay-type":"","overlay-color":"","overlay-opacity":"","overlay-gradient":""},"mobile":{"background-color":"var(--ast-global-color-5)","background-image":"","background-repeat":"repeat","background-position":"center center","background-size":"auto","background-attachment":"scroll","background-type":"","background-media":"","overlay-type":"","overlay-color":"","overlay-opacity":"","overlay-gradient":""}}},"product_brand":[],"product_cat":[22,30,26,257],"product_tag":[258],"class_list":{"0":"post-3132","1":"product","2":"type-product","3":"status-publish","4":"has-post-thumbnail","6":"product_cat-biblias","7":"product_cat-biblia-de-estudio","8":"product_cat-teologia","9":"product_cat-textual","10":"product_tag-textual","11":"desktop-align-left","12":"tablet-align-left","13":"mobile-align-left","15":"first","16":"instock","17":"shipping-taxable","18":"purchasable","19":"product-type-simple"},"yoast_head":"<!-- This site is optimized with the Yoast SEO plugin v27.4 - https:\/\/yoast.com\/product\/yoast-seo-wordpress\/ -->\n<title>Biblia Textual IV Edici\u00f3n- Piel Vinilo - Negro - tzionlibreria.com<\/title>\n<meta name=\"description\" content=\"La IV Edici\u00f3n de la Biblia Textual es el aporte m\u00e1s significativo en la restauraci\u00f3n del Texto Sagrado, en lo que compete al texto hebreo del Viejo Pacto\" \/>\n<meta name=\"robots\" content=\"index, follow, max-snippet:-1, max-image-preview:large, max-video-preview:-1\" \/>\n<link rel=\"canonical\" href=\"https:\/\/tzionlibreria.com\/index.php\/product\/biblia-textual-iv-edicion-piel-vinilo-negro\/\" \/>\n<meta property=\"og:locale\" content=\"es_ES\" \/>\n<meta property=\"og:type\" content=\"article\" \/>\n<meta property=\"og:title\" content=\"Biblia Textual IV Edici\u00f3n- Piel Vinilo - Negro - tzionlibreria.com\" \/>\n<meta property=\"og:description\" content=\"La IV Edici\u00f3n de la Biblia Textual es el aporte m\u00e1s significativo en la restauraci\u00f3n del Texto Sagrado, en lo que compete al texto hebreo del Viejo Pacto\" \/>\n<meta property=\"og:url\" content=\"https:\/\/tzionlibreria.com\/index.php\/product\/biblia-textual-iv-edicion-piel-vinilo-negro\/\" \/>\n<meta property=\"og:site_name\" content=\"tzionlibreria.com\" \/>\n<meta property=\"article:modified_time\" content=\"2025-03-26T18:52:34+00:00\" \/>\n<meta property=\"og:image\" content=\"http:\/\/tzionlibreria.com\/wp-content\/uploads\/2024\/03\/Biblia-Textual.jpg\" \/>\n\t<meta property=\"og:image:width\" content=\"1200\" \/>\n\t<meta property=\"og:image:height\" content=\"1200\" \/>\n\t<meta property=\"og:image:type\" content=\"image\/jpeg\" \/>\n<meta name=\"twitter:card\" content=\"summary_large_image\" \/>\n<meta name=\"twitter:label1\" content=\"Tiempo de lectura\" \/>\n\t<meta name=\"twitter:data1\" content=\"2 minutos\" \/>\n<script type=\"application\/ld+json\" class=\"yoast-schema-graph\">{\"@context\":\"https:\\\/\\\/schema.org\",\"@graph\":[{\"@type\":\"WebPage\",\"@id\":\"https:\\\/\\\/tzionlibreria.com\\\/index.php\\\/product\\\/biblia-textual-iv-edicion-piel-vinilo-negro\\\/\",\"url\":\"https:\\\/\\\/tzionlibreria.com\\\/index.php\\\/product\\\/biblia-textual-iv-edicion-piel-vinilo-negro\\\/\",\"name\":\"Biblia Textual IV Edici\u00f3n- Piel Vinilo - Negro - tzionlibreria.com\",\"isPartOf\":{\"@id\":\"https:\\\/\\\/tzionlibreria.com\\\/#website\"},\"primaryImageOfPage\":{\"@id\":\"https:\\\/\\\/tzionlibreria.com\\\/index.php\\\/product\\\/biblia-textual-iv-edicion-piel-vinilo-negro\\\/#primaryimage\"},\"image\":{\"@id\":\"https:\\\/\\\/tzionlibreria.com\\\/index.php\\\/product\\\/biblia-textual-iv-edicion-piel-vinilo-negro\\\/#primaryimage\"},\"thumbnailUrl\":\"https:\\\/\\\/tzionlibreria.com\\\/wp-content\\\/uploads\\\/2024\\\/03\\\/Biblia-Textual.jpg\",\"datePublished\":\"2024-03-12T13:28:55+00:00\",\"dateModified\":\"2025-03-26T18:52:34+00:00\",\"description\":\"La IV Edici\u00f3n de la Biblia Textual es el aporte m\u00e1s significativo en la restauraci\u00f3n del Texto Sagrado, en lo que compete al texto hebreo del Viejo Pacto\",\"breadcrumb\":{\"@id\":\"https:\\\/\\\/tzionlibreria.com\\\/index.php\\\/product\\\/biblia-textual-iv-edicion-piel-vinilo-negro\\\/#breadcrumb\"},\"inLanguage\":\"es-CO\",\"potentialAction\":[{\"@type\":\"ReadAction\",\"target\":[\"https:\\\/\\\/tzionlibreria.com\\\/index.php\\\/product\\\/biblia-textual-iv-edicion-piel-vinilo-negro\\\/\"]}]},{\"@type\":\"ImageObject\",\"inLanguage\":\"es-CO\",\"@id\":\"https:\\\/\\\/tzionlibreria.com\\\/index.php\\\/product\\\/biblia-textual-iv-edicion-piel-vinilo-negro\\\/#primaryimage\",\"url\":\"https:\\\/\\\/tzionlibreria.com\\\/wp-content\\\/uploads\\\/2024\\\/03\\\/Biblia-Textual.jpg\",\"contentUrl\":\"https:\\\/\\\/tzionlibreria.com\\\/wp-content\\\/uploads\\\/2024\\\/03\\\/Biblia-Textual.jpg\",\"width\":1200,\"height\":1200},{\"@type\":\"BreadcrumbList\",\"@id\":\"https:\\\/\\\/tzionlibreria.com\\\/index.php\\\/product\\\/biblia-textual-iv-edicion-piel-vinilo-negro\\\/#breadcrumb\",\"itemListElement\":[{\"@type\":\"ListItem\",\"position\":1,\"name\":\"Inicio\",\"item\":\"https:\\\/\\\/tzionlibreria.com\\\/\"},{\"@type\":\"ListItem\",\"position\":2,\"name\":\"Shop\",\"item\":\"https:\\\/\\\/tzionlibreria.com\\\/index.php\\\/shop\\\/\"},{\"@type\":\"ListItem\",\"position\":3,\"name\":\"Biblia Textual IV Edici\u00f3n- Piel Vinilo &#8211; Negro\"}]},{\"@type\":\"WebSite\",\"@id\":\"https:\\\/\\\/tzionlibreria.com\\\/#website\",\"url\":\"https:\\\/\\\/tzionlibreria.com\\\/\",\"name\":\"tzionlibreria.com\",\"description\":\"Libreria Cristiana Venezuela\",\"publisher\":{\"@id\":\"https:\\\/\\\/tzionlibreria.com\\\/#organization\"},\"potentialAction\":[{\"@type\":\"SearchAction\",\"target\":{\"@type\":\"EntryPoint\",\"urlTemplate\":\"https:\\\/\\\/tzionlibreria.com\\\/?s={search_term_string}\"},\"query-input\":{\"@type\":\"PropertyValueSpecification\",\"valueRequired\":true,\"valueName\":\"search_term_string\"}}],\"inLanguage\":\"es-CO\"},{\"@type\":\"Organization\",\"@id\":\"https:\\\/\\\/tzionlibreria.com\\\/#organization\",\"name\":\"tzionlibreria.com\",\"url\":\"https:\\\/\\\/tzionlibreria.com\\\/\",\"logo\":{\"@type\":\"ImageObject\",\"inLanguage\":\"es-CO\",\"@id\":\"https:\\\/\\\/tzionlibreria.com\\\/#\\\/schema\\\/logo\\\/image\\\/\",\"url\":\"https:\\\/\\\/tzionlibreria.com\\\/wp-content\\\/uploads\\\/2023\\\/10\\\/cropped-Cuadricula-scaled-1.jpg\",\"contentUrl\":\"https:\\\/\\\/tzionlibreria.com\\\/wp-content\\\/uploads\\\/2023\\\/10\\\/cropped-Cuadricula-scaled-1.jpg\",\"width\":2560,\"height\":2560,\"caption\":\"tzionlibreria.com\"},\"image\":{\"@id\":\"https:\\\/\\\/tzionlibreria.com\\\/#\\\/schema\\\/logo\\\/image\\\/\"}}]}<\/script>\n<!-- \/ Yoast SEO plugin. -->","yoast_head_json":{"title":"Biblia Textual IV Edici\u00f3n- Piel Vinilo - Negro - tzionlibreria.com","description":"La IV Edici\u00f3n de la Biblia Textual es el aporte m\u00e1s significativo en la restauraci\u00f3n del Texto Sagrado, en lo que compete al texto hebreo del Viejo Pacto","robots":{"index":"index","follow":"follow","max-snippet":"max-snippet:-1","max-image-preview":"max-image-preview:large","max-video-preview":"max-video-preview:-1"},"canonical":"https:\/\/tzionlibreria.com\/index.php\/product\/biblia-textual-iv-edicion-piel-vinilo-negro\/","og_locale":"es_ES","og_type":"article","og_title":"Biblia Textual IV Edici\u00f3n- Piel Vinilo - Negro - tzionlibreria.com","og_description":"La IV Edici\u00f3n de la Biblia Textual es el aporte m\u00e1s significativo en la restauraci\u00f3n del Texto Sagrado, en lo que compete al texto hebreo del Viejo Pacto","og_url":"https:\/\/tzionlibreria.com\/index.php\/product\/biblia-textual-iv-edicion-piel-vinilo-negro\/","og_site_name":"tzionlibreria.com","article_modified_time":"2025-03-26T18:52:34+00:00","og_image":[{"width":1200,"height":1200,"url":"http:\/\/tzionlibreria.com\/wp-content\/uploads\/2024\/03\/Biblia-Textual.jpg","type":"image\/jpeg"}],"twitter_card":"summary_large_image","twitter_misc":{"Tiempo de lectura":"2 minutos"},"schema":{"@context":"https:\/\/schema.org","@graph":[{"@type":"WebPage","@id":"https:\/\/tzionlibreria.com\/index.php\/product\/biblia-textual-iv-edicion-piel-vinilo-negro\/","url":"https:\/\/tzionlibreria.com\/index.php\/product\/biblia-textual-iv-edicion-piel-vinilo-negro\/","name":"Biblia Textual IV Edici\u00f3n- Piel Vinilo - Negro - tzionlibreria.com","isPartOf":{"@id":"https:\/\/tzionlibreria.com\/#website"},"primaryImageOfPage":{"@id":"https:\/\/tzionlibreria.com\/index.php\/product\/biblia-textual-iv-edicion-piel-vinilo-negro\/#primaryimage"},"image":{"@id":"https:\/\/tzionlibreria.com\/index.php\/product\/biblia-textual-iv-edicion-piel-vinilo-negro\/#primaryimage"},"thumbnailUrl":"https:\/\/tzionlibreria.com\/wp-content\/uploads\/2024\/03\/Biblia-Textual.jpg","datePublished":"2024-03-12T13:28:55+00:00","dateModified":"2025-03-26T18:52:34+00:00","description":"La IV Edici\u00f3n de la Biblia Textual es el aporte m\u00e1s significativo en la restauraci\u00f3n del Texto Sagrado, en lo que compete al texto hebreo del Viejo Pacto","breadcrumb":{"@id":"https:\/\/tzionlibreria.com\/index.php\/product\/biblia-textual-iv-edicion-piel-vinilo-negro\/#breadcrumb"},"inLanguage":"es-CO","potentialAction":[{"@type":"ReadAction","target":["https:\/\/tzionlibreria.com\/index.php\/product\/biblia-textual-iv-edicion-piel-vinilo-negro\/"]}]},{"@type":"ImageObject","inLanguage":"es-CO","@id":"https:\/\/tzionlibreria.com\/index.php\/product\/biblia-textual-iv-edicion-piel-vinilo-negro\/#primaryimage","url":"https:\/\/tzionlibreria.com\/wp-content\/uploads\/2024\/03\/Biblia-Textual.jpg","contentUrl":"https:\/\/tzionlibreria.com\/wp-content\/uploads\/2024\/03\/Biblia-Textual.jpg","width":1200,"height":1200},{"@type":"BreadcrumbList","@id":"https:\/\/tzionlibreria.com\/index.php\/product\/biblia-textual-iv-edicion-piel-vinilo-negro\/#breadcrumb","itemListElement":[{"@type":"ListItem","position":1,"name":"Inicio","item":"https:\/\/tzionlibreria.com\/"},{"@type":"ListItem","position":2,"name":"Shop","item":"https:\/\/tzionlibreria.com\/index.php\/shop\/"},{"@type":"ListItem","position":3,"name":"Biblia Textual IV Edici\u00f3n- Piel Vinilo &#8211; Negro"}]},{"@type":"WebSite","@id":"https:\/\/tzionlibreria.com\/#website","url":"https:\/\/tzionlibreria.com\/","name":"tzionlibreria.com","description":"Libreria Cristiana Venezuela","publisher":{"@id":"https:\/\/tzionlibreria.com\/#organization"},"potentialAction":[{"@type":"SearchAction","target":{"@type":"EntryPoint","urlTemplate":"https:\/\/tzionlibreria.com\/?s={search_term_string}"},"query-input":{"@type":"PropertyValueSpecification","valueRequired":true,"valueName":"search_term_string"}}],"inLanguage":"es-CO"},{"@type":"Organization","@id":"https:\/\/tzionlibreria.com\/#organization","name":"tzionlibreria.com","url":"https:\/\/tzionlibreria.com\/","logo":{"@type":"ImageObject","inLanguage":"es-CO","@id":"https:\/\/tzionlibreria.com\/#\/schema\/logo\/image\/","url":"https:\/\/tzionlibreria.com\/wp-content\/uploads\/2023\/10\/cropped-Cuadricula-scaled-1.jpg","contentUrl":"https:\/\/tzionlibreria.com\/wp-content\/uploads\/2023\/10\/cropped-Cuadricula-scaled-1.jpg","width":2560,"height":2560,"caption":"tzionlibreria.com"},"image":{"@id":"https:\/\/tzionlibreria.com\/#\/schema\/logo\/image\/"}}]}},"jetpack_sharing_enabled":true,"_links":{"self":[{"href":"https:\/\/tzionlibreria.com\/index.php\/wp-json\/wp\/v2\/product\/3132","targetHints":{"allow":["GET"]}}],"collection":[{"href":"https:\/\/tzionlibreria.com\/index.php\/wp-json\/wp\/v2\/product"}],"about":[{"href":"https:\/\/tzionlibreria.com\/index.php\/wp-json\/wp\/v2\/types\/product"}],"replies":[{"embeddable":true,"href":"https:\/\/tzionlibreria.com\/index.php\/wp-json\/wp\/v2\/comments?post=3132"}],"wp:featuredmedia":[{"embeddable":true,"href":"https:\/\/tzionlibreria.com\/index.php\/wp-json\/wp\/v2\/media\/3133"}],"wp:attachment":[{"href":"https:\/\/tzionlibreria.com\/index.php\/wp-json\/wp\/v2\/media?parent=3132"}],"wp:term":[{"taxonomy":"product_brand","embeddable":true,"href":"https:\/\/tzionlibreria.com\/index.php\/wp-json\/wp\/v2\/product_brand?post=3132"},{"taxonomy":"product_cat","embeddable":true,"href":"https:\/\/tzionlibreria.com\/index.php\/wp-json\/wp\/v2\/product_cat?post=3132"},{"taxonomy":"product_tag","embeddable":true,"href":"https:\/\/tzionlibreria.com\/index.php\/wp-json\/wp\/v2\/product_tag?post=3132"}],"curies":[{"name":"wp","href":"https:\/\/api.w.org\/{rel}","templated":true}]}}