{"id":3153,"date":"2024-03-17T16:32:21","date_gmt":"2024-03-17T16:32:21","guid":{"rendered":"https:\/\/tzionlibreria.com\/?post_type=product&#038;p=3153"},"modified":"2024-06-01T00:07:32","modified_gmt":"2024-06-01T00:07:32","slug":"los-cinco-lenguajes-de-la-disculpa-desarrolle-relaciones-saludables-y-exitosas-con-los-demas","status":"publish","type":"product","link":"https:\/\/tzionlibreria.com\/index.php\/product\/los-cinco-lenguajes-de-la-disculpa-desarrolle-relaciones-saludables-y-exitosas-con-los-demas\/","title":{"rendered":"Los Cinco Lenguajes de la Disculpa &#8211; Gary Chapman"},"content":{"rendered":"<p><strong>Desarrolle Relaciones Saludables Y Exitosas Con Los Dem\u00e1s<\/strong><\/p>\n<p>As\u00ed como t\u00fa tienes un lenguaje del amor distinto al de otras personas, tambi\u00e9n escuchas y expresas las palabras y gestos de disculpa en tu propio lenguaje. Gary Chapman, exitoso autor ampliamente reconocido por el\u00a0<span class=\"a-text-italic\">New York Times,<\/span>\u00a0junto con la consejera Jennifer Thomas nos traen este exhaustivo estudio sobre la forma en que expresamos nuestras disculpas, demostrando que no s\u00f3lo se trata de una cuesti\u00f3n de la voluntad, sino tambi\u00e9n de la manera en la cual expresamos nuestras disculpas. Ayud\u00e1ndonos a identificar los lenguajes de la disculpa, este libro facilita el camino hacia la creaci\u00f3n de relaciones interpersonables saludables y duraderas. Los autores nos proporcionan t\u00e9cnicas adecuadas para dar y recibir disculpas en forma efectiva.<\/p>\n<p><span class=\"a-text-bold\">CARACTER\u00cdSTICAS:<\/span>\u00a0Incluye un formulario para su evaluaci\u00f3n personal seg\u00fan los Cinco Lenguajes de la Disculpa. Investigaciones y ejemplos de la vida real presentan conceptos de f\u00e1cil entendimiento. Presentaci\u00f3n de casos pr\u00e1cticos y demostraci\u00f3n de c\u00f3mo reparar relaciones entre parejas, matrimonios, novios, familiares, amigos, socios y compa\u00f1eros de trabajo.<\/p>\n<p>&nbsp;<\/p>\n<p>ISBN: 9781414312897<\/p>\n","protected":false},"excerpt":{"rendered":"<p>Desarrolle Relaciones Saludables Y Exitosas Con Los Dem\u00e1s As\u00ed como t\u00fa tienes un lenguaje del amor distinto al de otras personas, tambi\u00e9n escuchas y expresas las palabras y gestos de disculpa en tu propio lenguaje. Gary Chapman, exitoso autor ampliamente reconocido por el\u00a0New York Times,\u00a0junto con la consejera Jennifer Thomas nos traen este exhaustivo estudio [&hellip;]<\/p>\n","protected":false},"featured_media":3154,"comment_status":"open","ping_status":"closed","template":"","meta":{"om_disable_all_campaigns":false,"_monsterinsights_skip_tracking":false,"_monsterinsights_sitenote_active":false,"_monsterinsights_sitenote_note":"","_monsterinsights_sitenote_category":0,"site-sidebar-layout":"default","site-content-layout":"","ast-site-content-layout":"default","site-content-style":"default","site-sidebar-style":"default","ast-global-header-display":"","ast-banner-title-visibility":"","ast-main-header-display":"","ast-hfb-above-header-display":"","ast-hfb-below-header-display":"","ast-hfb-mobile-header-display":"","site-post-title":"","ast-breadcrumbs-content":"","ast-featured-img":"","footer-sml-layout":"","ast-disable-related-posts":"","theme-transparent-header-meta":"default","adv-header-id-meta":"","stick-header-meta":"","header-above-stick-meta":"","header-main-stick-meta":"","header-below-stick-meta":"","astra-migrate-meta-layouts":"set","ast-page-background-enabled":"default","ast-page-background-meta":{"desktop":{"background-color":"var(--ast-global-color-4)","background-image":"","background-repeat":"repeat","background-position":"center center","background-size":"auto","background-attachment":"scroll","background-type":"","background-media":"","overlay-type":"","overlay-color":"","overlay-opacity":"","overlay-gradient":""},"tablet":{"background-color":"","background-image":"","background-repeat":"repeat","background-position":"center center","background-size":"auto","background-attachment":"scroll","background-type":"","background-media":"","overlay-type":"","overlay-color":"","overlay-opacity":"","overlay-gradient":""},"mobile":{"background-color":"","background-image":"","background-repeat":"repeat","background-position":"center center","background-size":"auto","background-attachment":"scroll","background-type":"","background-media":"","overlay-type":"","overlay-color":"","overlay-opacity":"","overlay-gradient":""}},"ast-content-background-meta":{"desktop":{"background-color":"var(--ast-global-color-5)","background-image":"","background-repeat":"repeat","background-position":"center center","background-size":"auto","background-attachment":"scroll","background-type":"","background-media":"","overlay-type":"","overlay-color":"","overlay-opacity":"","overlay-gradient":""},"tablet":{"background-color":"var(--ast-global-color-5)","background-image":"","background-repeat":"repeat","background-position":"center center","background-size":"auto","background-attachment":"scroll","background-type":"","background-media":"","overlay-type":"","overlay-color":"","overlay-opacity":"","overlay-gradient":""},"mobile":{"background-color":"var(--ast-global-color-5)","background-image":"","background-repeat":"repeat","background-position":"center center","background-size":"auto","background-attachment":"scroll","background-type":"","background-media":"","overlay-type":"","overlay-color":"","overlay-opacity":"","overlay-gradient":""}}},"product_brand":[],"product_cat":[23],"product_tag":[],"class_list":{"0":"post-3153","1":"product","2":"type-product","3":"status-publish","4":"has-post-thumbnail","6":"product_cat-libros","7":"desktop-align-left","8":"tablet-align-left","9":"mobile-align-left","11":"first","12":"instock","13":"shipping-taxable","14":"purchasable","15":"product-type-simple"},"yoast_head":"<!-- This site is optimized with the Yoast SEO plugin v27.4 - https:\/\/yoast.com\/product\/yoast-seo-wordpress\/ -->\n<title>Los Cinco Lenguajes de la Disculpa - Gary Chapman - tzionlibreria.com<\/title>\n<meta name=\"description\" content=\"Facilita el camino hacia la creaci\u00f3n de relaciones interpersonables saludables y duraderas. Proporcionan t\u00e9cnicas adecuadas para dar y recibir disculpas.\" \/>\n<meta name=\"robots\" content=\"index, follow, max-snippet:-1, max-image-preview:large, max-video-preview:-1\" \/>\n<link rel=\"canonical\" href=\"https:\/\/tzionlibreria.com\/index.php\/product\/los-cinco-lenguajes-de-la-disculpa-desarrolle-relaciones-saludables-y-exitosas-con-los-demas\/\" \/>\n<meta property=\"og:locale\" content=\"es_ES\" \/>\n<meta property=\"og:type\" content=\"article\" \/>\n<meta property=\"og:title\" content=\"Los Cinco Lenguajes de la Disculpa - Gary Chapman - tzionlibreria.com\" \/>\n<meta property=\"og:description\" content=\"Facilita el camino hacia la creaci\u00f3n de relaciones interpersonables saludables y duraderas. Proporcionan t\u00e9cnicas adecuadas para dar y recibir disculpas.\" \/>\n<meta property=\"og:url\" content=\"https:\/\/tzionlibreria.com\/index.php\/product\/los-cinco-lenguajes-de-la-disculpa-desarrolle-relaciones-saludables-y-exitosas-con-los-demas\/\" \/>\n<meta property=\"og:site_name\" content=\"tzionlibreria.com\" \/>\n<meta property=\"article:modified_time\" content=\"2024-06-01T00:07:32+00:00\" \/>\n<meta property=\"og:image\" content=\"http:\/\/tzionlibreria.com\/wp-content\/uploads\/2024\/03\/disculpa.jpg\" \/>\n\t<meta property=\"og:image:width\" content=\"1200\" \/>\n\t<meta property=\"og:image:height\" content=\"1200\" \/>\n\t<meta property=\"og:image:type\" content=\"image\/jpeg\" \/>\n<meta name=\"twitter:card\" content=\"summary_large_image\" \/>\n<meta name=\"twitter:label1\" content=\"Tiempo de lectura\" \/>\n\t<meta name=\"twitter:data1\" content=\"1 minuto\" \/>\n<script type=\"application\/ld+json\" class=\"yoast-schema-graph\">{\"@context\":\"https:\\\/\\\/schema.org\",\"@graph\":[{\"@type\":\"WebPage\",\"@id\":\"https:\\\/\\\/tzionlibreria.com\\\/index.php\\\/product\\\/los-cinco-lenguajes-de-la-disculpa-desarrolle-relaciones-saludables-y-exitosas-con-los-demas\\\/\",\"url\":\"https:\\\/\\\/tzionlibreria.com\\\/index.php\\\/product\\\/los-cinco-lenguajes-de-la-disculpa-desarrolle-relaciones-saludables-y-exitosas-con-los-demas\\\/\",\"name\":\"Los Cinco Lenguajes de la Disculpa - Gary Chapman - tzionlibreria.com\",\"isPartOf\":{\"@id\":\"https:\\\/\\\/tzionlibreria.com\\\/#website\"},\"primaryImageOfPage\":{\"@id\":\"https:\\\/\\\/tzionlibreria.com\\\/index.php\\\/product\\\/los-cinco-lenguajes-de-la-disculpa-desarrolle-relaciones-saludables-y-exitosas-con-los-demas\\\/#primaryimage\"},\"image\":{\"@id\":\"https:\\\/\\\/tzionlibreria.com\\\/index.php\\\/product\\\/los-cinco-lenguajes-de-la-disculpa-desarrolle-relaciones-saludables-y-exitosas-con-los-demas\\\/#primaryimage\"},\"thumbnailUrl\":\"https:\\\/\\\/tzionlibreria.com\\\/wp-content\\\/uploads\\\/2024\\\/03\\\/disculpa.jpg\",\"datePublished\":\"2024-03-17T16:32:21+00:00\",\"dateModified\":\"2024-06-01T00:07:32+00:00\",\"description\":\"Facilita el camino hacia la creaci\u00f3n de relaciones interpersonables saludables y duraderas. Proporcionan t\u00e9cnicas adecuadas para dar y recibir disculpas.\",\"breadcrumb\":{\"@id\":\"https:\\\/\\\/tzionlibreria.com\\\/index.php\\\/product\\\/los-cinco-lenguajes-de-la-disculpa-desarrolle-relaciones-saludables-y-exitosas-con-los-demas\\\/#breadcrumb\"},\"inLanguage\":\"es-CO\",\"potentialAction\":[{\"@type\":\"ReadAction\",\"target\":[\"https:\\\/\\\/tzionlibreria.com\\\/index.php\\\/product\\\/los-cinco-lenguajes-de-la-disculpa-desarrolle-relaciones-saludables-y-exitosas-con-los-demas\\\/\"]}]},{\"@type\":\"ImageObject\",\"inLanguage\":\"es-CO\",\"@id\":\"https:\\\/\\\/tzionlibreria.com\\\/index.php\\\/product\\\/los-cinco-lenguajes-de-la-disculpa-desarrolle-relaciones-saludables-y-exitosas-con-los-demas\\\/#primaryimage\",\"url\":\"https:\\\/\\\/tzionlibreria.com\\\/wp-content\\\/uploads\\\/2024\\\/03\\\/disculpa.jpg\",\"contentUrl\":\"https:\\\/\\\/tzionlibreria.com\\\/wp-content\\\/uploads\\\/2024\\\/03\\\/disculpa.jpg\",\"width\":1200,\"height\":1200},{\"@type\":\"BreadcrumbList\",\"@id\":\"https:\\\/\\\/tzionlibreria.com\\\/index.php\\\/product\\\/los-cinco-lenguajes-de-la-disculpa-desarrolle-relaciones-saludables-y-exitosas-con-los-demas\\\/#breadcrumb\",\"itemListElement\":[{\"@type\":\"ListItem\",\"position\":1,\"name\":\"Inicio\",\"item\":\"https:\\\/\\\/tzionlibreria.com\\\/\"},{\"@type\":\"ListItem\",\"position\":2,\"name\":\"Shop\",\"item\":\"https:\\\/\\\/tzionlibreria.com\\\/index.php\\\/shop\\\/\"},{\"@type\":\"ListItem\",\"position\":3,\"name\":\"Los Cinco Lenguajes de la Disculpa &#8211; Gary Chapman\"}]},{\"@type\":\"WebSite\",\"@id\":\"https:\\\/\\\/tzionlibreria.com\\\/#website\",\"url\":\"https:\\\/\\\/tzionlibreria.com\\\/\",\"name\":\"tzionlibreria.com\",\"description\":\"Libreria Cristiana Venezuela\",\"publisher\":{\"@id\":\"https:\\\/\\\/tzionlibreria.com\\\/#organization\"},\"potentialAction\":[{\"@type\":\"SearchAction\",\"target\":{\"@type\":\"EntryPoint\",\"urlTemplate\":\"https:\\\/\\\/tzionlibreria.com\\\/?s={search_term_string}\"},\"query-input\":{\"@type\":\"PropertyValueSpecification\",\"valueRequired\":true,\"valueName\":\"search_term_string\"}}],\"inLanguage\":\"es-CO\"},{\"@type\":\"Organization\",\"@id\":\"https:\\\/\\\/tzionlibreria.com\\\/#organization\",\"name\":\"tzionlibreria.com\",\"url\":\"https:\\\/\\\/tzionlibreria.com\\\/\",\"logo\":{\"@type\":\"ImageObject\",\"inLanguage\":\"es-CO\",\"@id\":\"https:\\\/\\\/tzionlibreria.com\\\/#\\\/schema\\\/logo\\\/image\\\/\",\"url\":\"https:\\\/\\\/tzionlibreria.com\\\/wp-content\\\/uploads\\\/2023\\\/10\\\/cropped-Cuadricula-scaled-1.jpg\",\"contentUrl\":\"https:\\\/\\\/tzionlibreria.com\\\/wp-content\\\/uploads\\\/2023\\\/10\\\/cropped-Cuadricula-scaled-1.jpg\",\"width\":2560,\"height\":2560,\"caption\":\"tzionlibreria.com\"},\"image\":{\"@id\":\"https:\\\/\\\/tzionlibreria.com\\\/#\\\/schema\\\/logo\\\/image\\\/\"}}]}<\/script>\n<!-- \/ Yoast SEO plugin. -->","yoast_head_json":{"title":"Los Cinco Lenguajes de la Disculpa - Gary Chapman - tzionlibreria.com","description":"Facilita el camino hacia la creaci\u00f3n de relaciones interpersonables saludables y duraderas. Proporcionan t\u00e9cnicas adecuadas para dar y recibir disculpas.","robots":{"index":"index","follow":"follow","max-snippet":"max-snippet:-1","max-image-preview":"max-image-preview:large","max-video-preview":"max-video-preview:-1"},"canonical":"https:\/\/tzionlibreria.com\/index.php\/product\/los-cinco-lenguajes-de-la-disculpa-desarrolle-relaciones-saludables-y-exitosas-con-los-demas\/","og_locale":"es_ES","og_type":"article","og_title":"Los Cinco Lenguajes de la Disculpa - Gary Chapman - tzionlibreria.com","og_description":"Facilita el camino hacia la creaci\u00f3n de relaciones interpersonables saludables y duraderas. Proporcionan t\u00e9cnicas adecuadas para dar y recibir disculpas.","og_url":"https:\/\/tzionlibreria.com\/index.php\/product\/los-cinco-lenguajes-de-la-disculpa-desarrolle-relaciones-saludables-y-exitosas-con-los-demas\/","og_site_name":"tzionlibreria.com","article_modified_time":"2024-06-01T00:07:32+00:00","og_image":[{"width":1200,"height":1200,"url":"http:\/\/tzionlibreria.com\/wp-content\/uploads\/2024\/03\/disculpa.jpg","type":"image\/jpeg"}],"twitter_card":"summary_large_image","twitter_misc":{"Tiempo de lectura":"1 minuto"},"schema":{"@context":"https:\/\/schema.org","@graph":[{"@type":"WebPage","@id":"https:\/\/tzionlibreria.com\/index.php\/product\/los-cinco-lenguajes-de-la-disculpa-desarrolle-relaciones-saludables-y-exitosas-con-los-demas\/","url":"https:\/\/tzionlibreria.com\/index.php\/product\/los-cinco-lenguajes-de-la-disculpa-desarrolle-relaciones-saludables-y-exitosas-con-los-demas\/","name":"Los Cinco Lenguajes de la Disculpa - Gary Chapman - tzionlibreria.com","isPartOf":{"@id":"https:\/\/tzionlibreria.com\/#website"},"primaryImageOfPage":{"@id":"https:\/\/tzionlibreria.com\/index.php\/product\/los-cinco-lenguajes-de-la-disculpa-desarrolle-relaciones-saludables-y-exitosas-con-los-demas\/#primaryimage"},"image":{"@id":"https:\/\/tzionlibreria.com\/index.php\/product\/los-cinco-lenguajes-de-la-disculpa-desarrolle-relaciones-saludables-y-exitosas-con-los-demas\/#primaryimage"},"thumbnailUrl":"https:\/\/tzionlibreria.com\/wp-content\/uploads\/2024\/03\/disculpa.jpg","datePublished":"2024-03-17T16:32:21+00:00","dateModified":"2024-06-01T00:07:32+00:00","description":"Facilita el camino hacia la creaci\u00f3n de relaciones interpersonables saludables y duraderas. Proporcionan t\u00e9cnicas adecuadas para dar y recibir disculpas.","breadcrumb":{"@id":"https:\/\/tzionlibreria.com\/index.php\/product\/los-cinco-lenguajes-de-la-disculpa-desarrolle-relaciones-saludables-y-exitosas-con-los-demas\/#breadcrumb"},"inLanguage":"es-CO","potentialAction":[{"@type":"ReadAction","target":["https:\/\/tzionlibreria.com\/index.php\/product\/los-cinco-lenguajes-de-la-disculpa-desarrolle-relaciones-saludables-y-exitosas-con-los-demas\/"]}]},{"@type":"ImageObject","inLanguage":"es-CO","@id":"https:\/\/tzionlibreria.com\/index.php\/product\/los-cinco-lenguajes-de-la-disculpa-desarrolle-relaciones-saludables-y-exitosas-con-los-demas\/#primaryimage","url":"https:\/\/tzionlibreria.com\/wp-content\/uploads\/2024\/03\/disculpa.jpg","contentUrl":"https:\/\/tzionlibreria.com\/wp-content\/uploads\/2024\/03\/disculpa.jpg","width":1200,"height":1200},{"@type":"BreadcrumbList","@id":"https:\/\/tzionlibreria.com\/index.php\/product\/los-cinco-lenguajes-de-la-disculpa-desarrolle-relaciones-saludables-y-exitosas-con-los-demas\/#breadcrumb","itemListElement":[{"@type":"ListItem","position":1,"name":"Inicio","item":"https:\/\/tzionlibreria.com\/"},{"@type":"ListItem","position":2,"name":"Shop","item":"https:\/\/tzionlibreria.com\/index.php\/shop\/"},{"@type":"ListItem","position":3,"name":"Los Cinco Lenguajes de la Disculpa &#8211; Gary Chapman"}]},{"@type":"WebSite","@id":"https:\/\/tzionlibreria.com\/#website","url":"https:\/\/tzionlibreria.com\/","name":"tzionlibreria.com","description":"Libreria Cristiana Venezuela","publisher":{"@id":"https:\/\/tzionlibreria.com\/#organization"},"potentialAction":[{"@type":"SearchAction","target":{"@type":"EntryPoint","urlTemplate":"https:\/\/tzionlibreria.com\/?s={search_term_string}"},"query-input":{"@type":"PropertyValueSpecification","valueRequired":true,"valueName":"search_term_string"}}],"inLanguage":"es-CO"},{"@type":"Organization","@id":"https:\/\/tzionlibreria.com\/#organization","name":"tzionlibreria.com","url":"https:\/\/tzionlibreria.com\/","logo":{"@type":"ImageObject","inLanguage":"es-CO","@id":"https:\/\/tzionlibreria.com\/#\/schema\/logo\/image\/","url":"https:\/\/tzionlibreria.com\/wp-content\/uploads\/2023\/10\/cropped-Cuadricula-scaled-1.jpg","contentUrl":"https:\/\/tzionlibreria.com\/wp-content\/uploads\/2023\/10\/cropped-Cuadricula-scaled-1.jpg","width":2560,"height":2560,"caption":"tzionlibreria.com"},"image":{"@id":"https:\/\/tzionlibreria.com\/#\/schema\/logo\/image\/"}}]}},"jetpack_sharing_enabled":true,"_links":{"self":[{"href":"https:\/\/tzionlibreria.com\/index.php\/wp-json\/wp\/v2\/product\/3153","targetHints":{"allow":["GET"]}}],"collection":[{"href":"https:\/\/tzionlibreria.com\/index.php\/wp-json\/wp\/v2\/product"}],"about":[{"href":"https:\/\/tzionlibreria.com\/index.php\/wp-json\/wp\/v2\/types\/product"}],"replies":[{"embeddable":true,"href":"https:\/\/tzionlibreria.com\/index.php\/wp-json\/wp\/v2\/comments?post=3153"}],"wp:featuredmedia":[{"embeddable":true,"href":"https:\/\/tzionlibreria.com\/index.php\/wp-json\/wp\/v2\/media\/3154"}],"wp:attachment":[{"href":"https:\/\/tzionlibreria.com\/index.php\/wp-json\/wp\/v2\/media?parent=3153"}],"wp:term":[{"taxonomy":"product_brand","embeddable":true,"href":"https:\/\/tzionlibreria.com\/index.php\/wp-json\/wp\/v2\/product_brand?post=3153"},{"taxonomy":"product_cat","embeddable":true,"href":"https:\/\/tzionlibreria.com\/index.php\/wp-json\/wp\/v2\/product_cat?post=3153"},{"taxonomy":"product_tag","embeddable":true,"href":"https:\/\/tzionlibreria.com\/index.php\/wp-json\/wp\/v2\/product_tag?post=3153"}],"curies":[{"name":"wp","href":"https:\/\/api.w.org\/{rel}","templated":true}]}}