{"id":3169,"date":"2024-03-17T16:50:26","date_gmt":"2024-03-17T16:50:26","guid":{"rendered":"https:\/\/tzionlibreria.com\/?post_type=product&#038;p=3169"},"modified":"2024-03-17T16:50:26","modified_gmt":"2024-03-17T16:50:26","slug":"hermanos-no-somos-profesionales-el-mundo-determina-la-agenda-del-profesional-dios-determina-la-agenda-del-hombre","status":"publish","type":"product","link":"https:\/\/tzionlibreria.com\/index.php\/product\/hermanos-no-somos-profesionales-el-mundo-determina-la-agenda-del-profesional-dios-determina-la-agenda-del-hombre\/","title":{"rendered":"Hermanos no somos profesionales: El mundo determina la agenda del profesional, Dios determina la agenda del hombre"},"content":{"rendered":"<p><span class=\"a-text-italic\">Hermanos No Somos Profesionales\u00a0<\/span>es un libro dise\u00f1ado para el liderazgo de la iglesia y habla sobre la manera b\u00edblica de ser un pastor en el mundo actual. El autor invita al lector a sacudirse la presi\u00f3n por encajar en las expectativas culturales del profesionalismo y a ser pastores radicalmente saturados de la Biblia y centrados en Dios. En \u00e9l se enfatiza la idea de que el profesionalismo no tiene nada que ver con la esencia del ministerio cristiano. Este libro tiene como prop\u00f3sito diseminar una pasi\u00f3n pastoral radical por la supremac\u00eda y la centralidad de Dios-hombre crucificado y resucitado, en todas las esferas de la vida y del ministerio. Incluye:<\/p>\n<ul class=\"a-unordered-list a-vertical\">\n<li><span class=\"a-list-item\">Contenido para ministerios cristianos.<\/span><\/li>\n<li><span class=\"a-list-item\">Vers\u00edculos resaltados.<\/span><\/li>\n<li><span class=\"a-list-item\">Frases resaltadas.<\/span><\/li>\n<li><span class=\"a-list-item\">Recursos pastorales.<\/span><\/li>\n<li><span class=\"a-list-item\">\u00cdndice de temas y de textos b\u00edblicos.<\/span><\/li>\n<\/ul>\n","protected":false},"excerpt":{"rendered":"<p>Hermanos No Somos Profesionales\u00a0es un libro dise\u00f1ado para el liderazgo de la iglesia y habla sobre la manera b\u00edblica de ser un pastor en el mundo actual. El autor invita al lector a sacudirse la presi\u00f3n por encajar en las expectativas culturales del profesionalismo y a ser pastores radicalmente saturados de la Biblia y centrados [&hellip;]<\/p>\n","protected":false},"featured_media":3170,"comment_status":"open","ping_status":"closed","template":"","meta":{"om_disable_all_campaigns":false,"_monsterinsights_skip_tracking":false,"_monsterinsights_sitenote_active":false,"_monsterinsights_sitenote_note":"","_monsterinsights_sitenote_category":0,"site-sidebar-layout":"default","site-content-layout":"","ast-site-content-layout":"default","site-content-style":"default","site-sidebar-style":"default","ast-global-header-display":"","ast-banner-title-visibility":"","ast-main-header-display":"","ast-hfb-above-header-display":"","ast-hfb-below-header-display":"","ast-hfb-mobile-header-display":"","site-post-title":"","ast-breadcrumbs-content":"","ast-featured-img":"","footer-sml-layout":"","ast-disable-related-posts":"","theme-transparent-header-meta":"default","adv-header-id-meta":"","stick-header-meta":"","header-above-stick-meta":"","header-main-stick-meta":"","header-below-stick-meta":"","astra-migrate-meta-layouts":"set","ast-page-background-enabled":"default","ast-page-background-meta":{"desktop":{"background-color":"var(--ast-global-color-4)","background-image":"","background-repeat":"repeat","background-position":"center center","background-size":"auto","background-attachment":"scroll","background-type":"","background-media":"","overlay-type":"","overlay-color":"","overlay-opacity":"","overlay-gradient":""},"tablet":{"background-color":"","background-image":"","background-repeat":"repeat","background-position":"center center","background-size":"auto","background-attachment":"scroll","background-type":"","background-media":"","overlay-type":"","overlay-color":"","overlay-opacity":"","overlay-gradient":""},"mobile":{"background-color":"","background-image":"","background-repeat":"repeat","background-position":"center center","background-size":"auto","background-attachment":"scroll","background-type":"","background-media":"","overlay-type":"","overlay-color":"","overlay-opacity":"","overlay-gradient":""}},"ast-content-background-meta":{"desktop":{"background-color":"var(--ast-global-color-5)","background-image":"","background-repeat":"repeat","background-position":"center center","background-size":"auto","background-attachment":"scroll","background-type":"","background-media":"","overlay-type":"","overlay-color":"","overlay-opacity":"","overlay-gradient":""},"tablet":{"background-color":"var(--ast-global-color-5)","background-image":"","background-repeat":"repeat","background-position":"center center","background-size":"auto","background-attachment":"scroll","background-type":"","background-media":"","overlay-type":"","overlay-color":"","overlay-opacity":"","overlay-gradient":""},"mobile":{"background-color":"var(--ast-global-color-5)","background-image":"","background-repeat":"repeat","background-position":"center center","background-size":"auto","background-attachment":"scroll","background-type":"","background-media":"","overlay-type":"","overlay-color":"","overlay-opacity":"","overlay-gradient":""}}},"product_brand":[],"product_cat":[23],"product_tag":[],"class_list":{"0":"post-3169","1":"product","2":"type-product","3":"status-publish","4":"has-post-thumbnail","6":"product_cat-libros","7":"desktop-align-left","8":"tablet-align-left","9":"mobile-align-left","11":"first","12":"instock","13":"shipping-taxable","14":"purchasable","15":"product-type-simple"},"yoast_head":"<!-- This site is optimized with the Yoast SEO plugin v27.4 - https:\/\/yoast.com\/product\/yoast-seo-wordpress\/ -->\n<title>Hermanos no somos profesionales: El mundo determina la agenda del profesional, Dios determina la agenda del hombre - tzionlibreria.com<\/title>\n<meta name=\"robots\" content=\"index, follow, max-snippet:-1, max-image-preview:large, max-video-preview:-1\" \/>\n<link rel=\"canonical\" href=\"https:\/\/tzionlibreria.com\/index.php\/product\/hermanos-no-somos-profesionales-el-mundo-determina-la-agenda-del-profesional-dios-determina-la-agenda-del-hombre\/\" \/>\n<meta property=\"og:locale\" content=\"es_ES\" \/>\n<meta property=\"og:type\" content=\"article\" \/>\n<meta property=\"og:title\" content=\"Hermanos no somos profesionales: El mundo determina la agenda del profesional, Dios determina la agenda del hombre - tzionlibreria.com\" \/>\n<meta property=\"og:description\" content=\"Hermanos No Somos Profesionales\u00a0es un libro dise\u00f1ado para el liderazgo de la iglesia y habla sobre la manera b\u00edblica de ser un pastor en el mundo actual. El autor invita al lector a sacudirse la presi\u00f3n por encajar en las expectativas culturales del profesionalismo y a ser pastores radicalmente saturados de la Biblia y centrados [&hellip;]\" \/>\n<meta property=\"og:url\" content=\"https:\/\/tzionlibreria.com\/index.php\/product\/hermanos-no-somos-profesionales-el-mundo-determina-la-agenda-del-profesional-dios-determina-la-agenda-del-hombre\/\" \/>\n<meta property=\"og:site_name\" content=\"tzionlibreria.com\" \/>\n<meta property=\"og:image\" content=\"http:\/\/tzionlibreria.com\/wp-content\/uploads\/2024\/03\/hermanos.jpg\" \/>\n\t<meta property=\"og:image:width\" content=\"1200\" \/>\n\t<meta property=\"og:image:height\" content=\"1200\" \/>\n\t<meta property=\"og:image:type\" content=\"image\/jpeg\" \/>\n<meta name=\"twitter:card\" content=\"summary_large_image\" \/>\n<meta name=\"twitter:label1\" content=\"Tiempo de lectura\" \/>\n\t<meta name=\"twitter:data1\" content=\"1 minuto\" \/>\n<script type=\"application\/ld+json\" class=\"yoast-schema-graph\">{\"@context\":\"https:\\\/\\\/schema.org\",\"@graph\":[{\"@type\":\"WebPage\",\"@id\":\"https:\\\/\\\/tzionlibreria.com\\\/index.php\\\/product\\\/hermanos-no-somos-profesionales-el-mundo-determina-la-agenda-del-profesional-dios-determina-la-agenda-del-hombre\\\/\",\"url\":\"https:\\\/\\\/tzionlibreria.com\\\/index.php\\\/product\\\/hermanos-no-somos-profesionales-el-mundo-determina-la-agenda-del-profesional-dios-determina-la-agenda-del-hombre\\\/\",\"name\":\"Hermanos no somos profesionales: El mundo determina la agenda del profesional, Dios determina la agenda del hombre - tzionlibreria.com\",\"isPartOf\":{\"@id\":\"https:\\\/\\\/tzionlibreria.com\\\/#website\"},\"primaryImageOfPage\":{\"@id\":\"https:\\\/\\\/tzionlibreria.com\\\/index.php\\\/product\\\/hermanos-no-somos-profesionales-el-mundo-determina-la-agenda-del-profesional-dios-determina-la-agenda-del-hombre\\\/#primaryimage\"},\"image\":{\"@id\":\"https:\\\/\\\/tzionlibreria.com\\\/index.php\\\/product\\\/hermanos-no-somos-profesionales-el-mundo-determina-la-agenda-del-profesional-dios-determina-la-agenda-del-hombre\\\/#primaryimage\"},\"thumbnailUrl\":\"https:\\\/\\\/tzionlibreria.com\\\/wp-content\\\/uploads\\\/2024\\\/03\\\/hermanos.jpg\",\"datePublished\":\"2024-03-17T16:50:26+00:00\",\"breadcrumb\":{\"@id\":\"https:\\\/\\\/tzionlibreria.com\\\/index.php\\\/product\\\/hermanos-no-somos-profesionales-el-mundo-determina-la-agenda-del-profesional-dios-determina-la-agenda-del-hombre\\\/#breadcrumb\"},\"inLanguage\":\"es-CO\",\"potentialAction\":[{\"@type\":\"ReadAction\",\"target\":[\"https:\\\/\\\/tzionlibreria.com\\\/index.php\\\/product\\\/hermanos-no-somos-profesionales-el-mundo-determina-la-agenda-del-profesional-dios-determina-la-agenda-del-hombre\\\/\"]}]},{\"@type\":\"ImageObject\",\"inLanguage\":\"es-CO\",\"@id\":\"https:\\\/\\\/tzionlibreria.com\\\/index.php\\\/product\\\/hermanos-no-somos-profesionales-el-mundo-determina-la-agenda-del-profesional-dios-determina-la-agenda-del-hombre\\\/#primaryimage\",\"url\":\"https:\\\/\\\/tzionlibreria.com\\\/wp-content\\\/uploads\\\/2024\\\/03\\\/hermanos.jpg\",\"contentUrl\":\"https:\\\/\\\/tzionlibreria.com\\\/wp-content\\\/uploads\\\/2024\\\/03\\\/hermanos.jpg\",\"width\":1200,\"height\":1200},{\"@type\":\"BreadcrumbList\",\"@id\":\"https:\\\/\\\/tzionlibreria.com\\\/index.php\\\/product\\\/hermanos-no-somos-profesionales-el-mundo-determina-la-agenda-del-profesional-dios-determina-la-agenda-del-hombre\\\/#breadcrumb\",\"itemListElement\":[{\"@type\":\"ListItem\",\"position\":1,\"name\":\"Inicio\",\"item\":\"https:\\\/\\\/tzionlibreria.com\\\/\"},{\"@type\":\"ListItem\",\"position\":2,\"name\":\"Shop\",\"item\":\"https:\\\/\\\/tzionlibreria.com\\\/index.php\\\/shop\\\/\"},{\"@type\":\"ListItem\",\"position\":3,\"name\":\"Hermanos no somos profesionales: El mundo determina la agenda del profesional, Dios determina la agenda del hombre\"}]},{\"@type\":\"WebSite\",\"@id\":\"https:\\\/\\\/tzionlibreria.com\\\/#website\",\"url\":\"https:\\\/\\\/tzionlibreria.com\\\/\",\"name\":\"tzionlibreria.com\",\"description\":\"Libreria Cristiana Venezuela\",\"publisher\":{\"@id\":\"https:\\\/\\\/tzionlibreria.com\\\/#organization\"},\"potentialAction\":[{\"@type\":\"SearchAction\",\"target\":{\"@type\":\"EntryPoint\",\"urlTemplate\":\"https:\\\/\\\/tzionlibreria.com\\\/?s={search_term_string}\"},\"query-input\":{\"@type\":\"PropertyValueSpecification\",\"valueRequired\":true,\"valueName\":\"search_term_string\"}}],\"inLanguage\":\"es-CO\"},{\"@type\":\"Organization\",\"@id\":\"https:\\\/\\\/tzionlibreria.com\\\/#organization\",\"name\":\"tzionlibreria.com\",\"url\":\"https:\\\/\\\/tzionlibreria.com\\\/\",\"logo\":{\"@type\":\"ImageObject\",\"inLanguage\":\"es-CO\",\"@id\":\"https:\\\/\\\/tzionlibreria.com\\\/#\\\/schema\\\/logo\\\/image\\\/\",\"url\":\"https:\\\/\\\/tzionlibreria.com\\\/wp-content\\\/uploads\\\/2023\\\/10\\\/cropped-Cuadricula-scaled-1.jpg\",\"contentUrl\":\"https:\\\/\\\/tzionlibreria.com\\\/wp-content\\\/uploads\\\/2023\\\/10\\\/cropped-Cuadricula-scaled-1.jpg\",\"width\":2560,\"height\":2560,\"caption\":\"tzionlibreria.com\"},\"image\":{\"@id\":\"https:\\\/\\\/tzionlibreria.com\\\/#\\\/schema\\\/logo\\\/image\\\/\"}}]}<\/script>\n<!-- \/ Yoast SEO plugin. -->","yoast_head_json":{"title":"Hermanos no somos profesionales: El mundo determina la agenda del profesional, Dios determina la agenda del hombre - tzionlibreria.com","robots":{"index":"index","follow":"follow","max-snippet":"max-snippet:-1","max-image-preview":"max-image-preview:large","max-video-preview":"max-video-preview:-1"},"canonical":"https:\/\/tzionlibreria.com\/index.php\/product\/hermanos-no-somos-profesionales-el-mundo-determina-la-agenda-del-profesional-dios-determina-la-agenda-del-hombre\/","og_locale":"es_ES","og_type":"article","og_title":"Hermanos no somos profesionales: El mundo determina la agenda del profesional, Dios determina la agenda del hombre - tzionlibreria.com","og_description":"Hermanos No Somos Profesionales\u00a0es un libro dise\u00f1ado para el liderazgo de la iglesia y habla sobre la manera b\u00edblica de ser un pastor en el mundo actual. El autor invita al lector a sacudirse la presi\u00f3n por encajar en las expectativas culturales del profesionalismo y a ser pastores radicalmente saturados de la Biblia y centrados [&hellip;]","og_url":"https:\/\/tzionlibreria.com\/index.php\/product\/hermanos-no-somos-profesionales-el-mundo-determina-la-agenda-del-profesional-dios-determina-la-agenda-del-hombre\/","og_site_name":"tzionlibreria.com","og_image":[{"width":1200,"height":1200,"url":"http:\/\/tzionlibreria.com\/wp-content\/uploads\/2024\/03\/hermanos.jpg","type":"image\/jpeg"}],"twitter_card":"summary_large_image","twitter_misc":{"Tiempo de lectura":"1 minuto"},"schema":{"@context":"https:\/\/schema.org","@graph":[{"@type":"WebPage","@id":"https:\/\/tzionlibreria.com\/index.php\/product\/hermanos-no-somos-profesionales-el-mundo-determina-la-agenda-del-profesional-dios-determina-la-agenda-del-hombre\/","url":"https:\/\/tzionlibreria.com\/index.php\/product\/hermanos-no-somos-profesionales-el-mundo-determina-la-agenda-del-profesional-dios-determina-la-agenda-del-hombre\/","name":"Hermanos no somos profesionales: El mundo determina la agenda del profesional, Dios determina la agenda del hombre - tzionlibreria.com","isPartOf":{"@id":"https:\/\/tzionlibreria.com\/#website"},"primaryImageOfPage":{"@id":"https:\/\/tzionlibreria.com\/index.php\/product\/hermanos-no-somos-profesionales-el-mundo-determina-la-agenda-del-profesional-dios-determina-la-agenda-del-hombre\/#primaryimage"},"image":{"@id":"https:\/\/tzionlibreria.com\/index.php\/product\/hermanos-no-somos-profesionales-el-mundo-determina-la-agenda-del-profesional-dios-determina-la-agenda-del-hombre\/#primaryimage"},"thumbnailUrl":"https:\/\/tzionlibreria.com\/wp-content\/uploads\/2024\/03\/hermanos.jpg","datePublished":"2024-03-17T16:50:26+00:00","breadcrumb":{"@id":"https:\/\/tzionlibreria.com\/index.php\/product\/hermanos-no-somos-profesionales-el-mundo-determina-la-agenda-del-profesional-dios-determina-la-agenda-del-hombre\/#breadcrumb"},"inLanguage":"es-CO","potentialAction":[{"@type":"ReadAction","target":["https:\/\/tzionlibreria.com\/index.php\/product\/hermanos-no-somos-profesionales-el-mundo-determina-la-agenda-del-profesional-dios-determina-la-agenda-del-hombre\/"]}]},{"@type":"ImageObject","inLanguage":"es-CO","@id":"https:\/\/tzionlibreria.com\/index.php\/product\/hermanos-no-somos-profesionales-el-mundo-determina-la-agenda-del-profesional-dios-determina-la-agenda-del-hombre\/#primaryimage","url":"https:\/\/tzionlibreria.com\/wp-content\/uploads\/2024\/03\/hermanos.jpg","contentUrl":"https:\/\/tzionlibreria.com\/wp-content\/uploads\/2024\/03\/hermanos.jpg","width":1200,"height":1200},{"@type":"BreadcrumbList","@id":"https:\/\/tzionlibreria.com\/index.php\/product\/hermanos-no-somos-profesionales-el-mundo-determina-la-agenda-del-profesional-dios-determina-la-agenda-del-hombre\/#breadcrumb","itemListElement":[{"@type":"ListItem","position":1,"name":"Inicio","item":"https:\/\/tzionlibreria.com\/"},{"@type":"ListItem","position":2,"name":"Shop","item":"https:\/\/tzionlibreria.com\/index.php\/shop\/"},{"@type":"ListItem","position":3,"name":"Hermanos no somos profesionales: El mundo determina la agenda del profesional, Dios determina la agenda del hombre"}]},{"@type":"WebSite","@id":"https:\/\/tzionlibreria.com\/#website","url":"https:\/\/tzionlibreria.com\/","name":"tzionlibreria.com","description":"Libreria Cristiana Venezuela","publisher":{"@id":"https:\/\/tzionlibreria.com\/#organization"},"potentialAction":[{"@type":"SearchAction","target":{"@type":"EntryPoint","urlTemplate":"https:\/\/tzionlibreria.com\/?s={search_term_string}"},"query-input":{"@type":"PropertyValueSpecification","valueRequired":true,"valueName":"search_term_string"}}],"inLanguage":"es-CO"},{"@type":"Organization","@id":"https:\/\/tzionlibreria.com\/#organization","name":"tzionlibreria.com","url":"https:\/\/tzionlibreria.com\/","logo":{"@type":"ImageObject","inLanguage":"es-CO","@id":"https:\/\/tzionlibreria.com\/#\/schema\/logo\/image\/","url":"https:\/\/tzionlibreria.com\/wp-content\/uploads\/2023\/10\/cropped-Cuadricula-scaled-1.jpg","contentUrl":"https:\/\/tzionlibreria.com\/wp-content\/uploads\/2023\/10\/cropped-Cuadricula-scaled-1.jpg","width":2560,"height":2560,"caption":"tzionlibreria.com"},"image":{"@id":"https:\/\/tzionlibreria.com\/#\/schema\/logo\/image\/"}}]}},"jetpack_sharing_enabled":true,"_links":{"self":[{"href":"https:\/\/tzionlibreria.com\/index.php\/wp-json\/wp\/v2\/product\/3169","targetHints":{"allow":["GET"]}}],"collection":[{"href":"https:\/\/tzionlibreria.com\/index.php\/wp-json\/wp\/v2\/product"}],"about":[{"href":"https:\/\/tzionlibreria.com\/index.php\/wp-json\/wp\/v2\/types\/product"}],"replies":[{"embeddable":true,"href":"https:\/\/tzionlibreria.com\/index.php\/wp-json\/wp\/v2\/comments?post=3169"}],"wp:featuredmedia":[{"embeddable":true,"href":"https:\/\/tzionlibreria.com\/index.php\/wp-json\/wp\/v2\/media\/3170"}],"wp:attachment":[{"href":"https:\/\/tzionlibreria.com\/index.php\/wp-json\/wp\/v2\/media?parent=3169"}],"wp:term":[{"taxonomy":"product_brand","embeddable":true,"href":"https:\/\/tzionlibreria.com\/index.php\/wp-json\/wp\/v2\/product_brand?post=3169"},{"taxonomy":"product_cat","embeddable":true,"href":"https:\/\/tzionlibreria.com\/index.php\/wp-json\/wp\/v2\/product_cat?post=3169"},{"taxonomy":"product_tag","embeddable":true,"href":"https:\/\/tzionlibreria.com\/index.php\/wp-json\/wp\/v2\/product_tag?post=3169"}],"curies":[{"name":"wp","href":"https:\/\/api.w.org\/{rel}","templated":true}]}}