{"id":3207,"date":"2024-03-17T21:36:26","date_gmt":"2024-03-17T21:36:26","guid":{"rendered":"https:\/\/tzionlibreria.com\/?post_type=product&#038;p=3207"},"modified":"2024-06-01T00:07:32","modified_gmt":"2024-06-01T00:07:32","slug":"el-beso-del-cielo-el-favor-de-dios-que-hace-possible-el-sueno-de-su-vida","status":"publish","type":"product","link":"https:\/\/tzionlibreria.com\/index.php\/product\/el-beso-del-cielo-el-favor-de-dios-que-hace-possible-el-sueno-de-su-vida\/","title":{"rendered":"El Beso Del Cielo: El Favor De Dios Que Hace Possible El Sueno De Su Vida"},"content":{"rendered":"<p>La autora hace una pregunta muy importante: \u00bfCu\u00e1ndo fue la \u00faltima vez que sinti\u00f3 el beso del favor de Dios? Darlene describe El beso del cielo como ese sentir de que el cielo est\u00e1 tocando la tierra \u2014como si Dios nos besara en la cabeza. Su primera experiencia de esto fue cuando tom\u00f3 por primera vez a su primer hijo en sus brazos \u2014una ni\u00f1a por la que hab\u00eda esperado por a\u00f1os. Ha sentido el beso de Dios cuando \u00c9l ha usado la canci\u00f3n \u201cCanta al Se\u00f1or\u201d, escrita por Darlene, alrededor del mundo. En este libro el lector descubrir\u00e1 c\u00f3mo encontrar el favor de Dios seg\u00fan va alcanzando sus bendiciones para perseguir el sue\u00f1o que \u00c9l ha plantado en su coraz\u00f3n. En otra secci\u00f3n, Darlene hace otra pregunta de gran relevancia: \u201c\u00bfCu\u00e1l es el deseo de tu coraz\u00f3n?\u201d La autora prosigue a ense\u00f1ar, con constancia b\u00edblica, c\u00f3mo ese deseo puede hacerse realidad cuando uno dedica su vida, deseos y sue\u00f1os a Dios. Dice el Dr. Jack Hayford sobre este libro: \u201cEl beso del cielo es un libro que todos deben leer. Es la historia de una compositora y l\u00edder de alabanza que nos ense\u00f1a el camino para recibir el favor de Dios\u201d.<\/p>\n<p>ISbN: <span style=\"font-size: 16px;\">9781591854425<\/span><\/p>\n","protected":false},"excerpt":{"rendered":"<p>La autora hace una pregunta muy importante: \u00bfCu\u00e1ndo fue la \u00faltima vez que sinti\u00f3 el beso del favor de Dios? Darlene describe El beso del cielo como ese sentir de que el cielo est\u00e1 tocando la tierra \u2014como si Dios nos besara en la cabeza. Su primera experiencia de esto fue cuando tom\u00f3 por primera [&hellip;]<\/p>\n","protected":false},"featured_media":3208,"comment_status":"open","ping_status":"closed","template":"","meta":{"om_disable_all_campaigns":false,"_monsterinsights_skip_tracking":false,"_monsterinsights_sitenote_active":false,"_monsterinsights_sitenote_note":"","_monsterinsights_sitenote_category":0,"site-sidebar-layout":"default","site-content-layout":"","ast-site-content-layout":"default","site-content-style":"default","site-sidebar-style":"default","ast-global-header-display":"","ast-banner-title-visibility":"","ast-main-header-display":"","ast-hfb-above-header-display":"","ast-hfb-below-header-display":"","ast-hfb-mobile-header-display":"","site-post-title":"","ast-breadcrumbs-content":"","ast-featured-img":"","footer-sml-layout":"","ast-disable-related-posts":"","theme-transparent-header-meta":"default","adv-header-id-meta":"","stick-header-meta":"","header-above-stick-meta":"","header-main-stick-meta":"","header-below-stick-meta":"","astra-migrate-meta-layouts":"set","ast-page-background-enabled":"default","ast-page-background-meta":{"desktop":{"background-color":"var(--ast-global-color-4)","background-image":"","background-repeat":"repeat","background-position":"center center","background-size":"auto","background-attachment":"scroll","background-type":"","background-media":"","overlay-type":"","overlay-color":"","overlay-opacity":"","overlay-gradient":""},"tablet":{"background-color":"","background-image":"","background-repeat":"repeat","background-position":"center center","background-size":"auto","background-attachment":"scroll","background-type":"","background-media":"","overlay-type":"","overlay-color":"","overlay-opacity":"","overlay-gradient":""},"mobile":{"background-color":"","background-image":"","background-repeat":"repeat","background-position":"center center","background-size":"auto","background-attachment":"scroll","background-type":"","background-media":"","overlay-type":"","overlay-color":"","overlay-opacity":"","overlay-gradient":""}},"ast-content-background-meta":{"desktop":{"background-color":"var(--ast-global-color-5)","background-image":"","background-repeat":"repeat","background-position":"center center","background-size":"auto","background-attachment":"scroll","background-type":"","background-media":"","overlay-type":"","overlay-color":"","overlay-opacity":"","overlay-gradient":""},"tablet":{"background-color":"var(--ast-global-color-5)","background-image":"","background-repeat":"repeat","background-position":"center center","background-size":"auto","background-attachment":"scroll","background-type":"","background-media":"","overlay-type":"","overlay-color":"","overlay-opacity":"","overlay-gradient":""},"mobile":{"background-color":"var(--ast-global-color-5)","background-image":"","background-repeat":"repeat","background-position":"center center","background-size":"auto","background-attachment":"scroll","background-type":"","background-media":"","overlay-type":"","overlay-color":"","overlay-opacity":"","overlay-gradient":""}}},"product_brand":[],"product_cat":[23],"product_tag":[],"class_list":{"0":"post-3207","1":"product","2":"type-product","3":"status-publish","4":"has-post-thumbnail","6":"product_cat-libros","7":"desktop-align-left","8":"tablet-align-left","9":"mobile-align-left","11":"first","12":"instock","13":"shipping-taxable","14":"purchasable","15":"product-type-simple"},"yoast_head":"<!-- This site is optimized with the Yoast SEO plugin v27.4 - https:\/\/yoast.com\/product\/yoast-seo-wordpress\/ -->\n<title>El Beso Del Cielo: El Favor De Dios Que Hace Possible El Sueno De Su Vida - tzionlibreria.com<\/title>\n<meta name=\"robots\" content=\"index, follow, max-snippet:-1, max-image-preview:large, max-video-preview:-1\" \/>\n<link rel=\"canonical\" href=\"https:\/\/tzionlibreria.com\/index.php\/product\/el-beso-del-cielo-el-favor-de-dios-que-hace-possible-el-sueno-de-su-vida\/\" \/>\n<meta property=\"og:locale\" content=\"es_ES\" \/>\n<meta property=\"og:type\" content=\"article\" \/>\n<meta property=\"og:title\" content=\"El Beso Del Cielo: El Favor De Dios Que Hace Possible El Sueno De Su Vida - tzionlibreria.com\" \/>\n<meta property=\"og:description\" content=\"La autora hace una pregunta muy importante: \u00bfCu\u00e1ndo fue la \u00faltima vez que sinti\u00f3 el beso del favor de Dios? Darlene describe El beso del cielo como ese sentir de que el cielo est\u00e1 tocando la tierra \u2014como si Dios nos besara en la cabeza. Su primera experiencia de esto fue cuando tom\u00f3 por primera [&hellip;]\" \/>\n<meta property=\"og:url\" content=\"https:\/\/tzionlibreria.com\/index.php\/product\/el-beso-del-cielo-el-favor-de-dios-que-hace-possible-el-sueno-de-su-vida\/\" \/>\n<meta property=\"og:site_name\" content=\"tzionlibreria.com\" \/>\n<meta property=\"article:modified_time\" content=\"2024-06-01T00:07:32+00:00\" \/>\n<meta property=\"og:image\" content=\"http:\/\/tzionlibreria.com\/wp-content\/uploads\/2024\/03\/el-beso-del-cielo.jpg\" \/>\n\t<meta property=\"og:image:width\" content=\"1200\" \/>\n\t<meta property=\"og:image:height\" content=\"1200\" \/>\n\t<meta property=\"og:image:type\" content=\"image\/jpeg\" \/>\n<meta name=\"twitter:card\" content=\"summary_large_image\" \/>\n<meta name=\"twitter:label1\" content=\"Tiempo de lectura\" \/>\n\t<meta name=\"twitter:data1\" content=\"2 minutos\" \/>\n<script type=\"application\/ld+json\" class=\"yoast-schema-graph\">{\"@context\":\"https:\\\/\\\/schema.org\",\"@graph\":[{\"@type\":\"WebPage\",\"@id\":\"https:\\\/\\\/tzionlibreria.com\\\/index.php\\\/product\\\/el-beso-del-cielo-el-favor-de-dios-que-hace-possible-el-sueno-de-su-vida\\\/\",\"url\":\"https:\\\/\\\/tzionlibreria.com\\\/index.php\\\/product\\\/el-beso-del-cielo-el-favor-de-dios-que-hace-possible-el-sueno-de-su-vida\\\/\",\"name\":\"El Beso Del Cielo: El Favor De Dios Que Hace Possible El Sueno De Su Vida - tzionlibreria.com\",\"isPartOf\":{\"@id\":\"https:\\\/\\\/tzionlibreria.com\\\/#website\"},\"primaryImageOfPage\":{\"@id\":\"https:\\\/\\\/tzionlibreria.com\\\/index.php\\\/product\\\/el-beso-del-cielo-el-favor-de-dios-que-hace-possible-el-sueno-de-su-vida\\\/#primaryimage\"},\"image\":{\"@id\":\"https:\\\/\\\/tzionlibreria.com\\\/index.php\\\/product\\\/el-beso-del-cielo-el-favor-de-dios-que-hace-possible-el-sueno-de-su-vida\\\/#primaryimage\"},\"thumbnailUrl\":\"https:\\\/\\\/tzionlibreria.com\\\/wp-content\\\/uploads\\\/2024\\\/03\\\/el-beso-del-cielo.jpg\",\"datePublished\":\"2024-03-17T21:36:26+00:00\",\"dateModified\":\"2024-06-01T00:07:32+00:00\",\"breadcrumb\":{\"@id\":\"https:\\\/\\\/tzionlibreria.com\\\/index.php\\\/product\\\/el-beso-del-cielo-el-favor-de-dios-que-hace-possible-el-sueno-de-su-vida\\\/#breadcrumb\"},\"inLanguage\":\"es-CO\",\"potentialAction\":[{\"@type\":\"ReadAction\",\"target\":[\"https:\\\/\\\/tzionlibreria.com\\\/index.php\\\/product\\\/el-beso-del-cielo-el-favor-de-dios-que-hace-possible-el-sueno-de-su-vida\\\/\"]}]},{\"@type\":\"ImageObject\",\"inLanguage\":\"es-CO\",\"@id\":\"https:\\\/\\\/tzionlibreria.com\\\/index.php\\\/product\\\/el-beso-del-cielo-el-favor-de-dios-que-hace-possible-el-sueno-de-su-vida\\\/#primaryimage\",\"url\":\"https:\\\/\\\/tzionlibreria.com\\\/wp-content\\\/uploads\\\/2024\\\/03\\\/el-beso-del-cielo.jpg\",\"contentUrl\":\"https:\\\/\\\/tzionlibreria.com\\\/wp-content\\\/uploads\\\/2024\\\/03\\\/el-beso-del-cielo.jpg\",\"width\":1200,\"height\":1200},{\"@type\":\"BreadcrumbList\",\"@id\":\"https:\\\/\\\/tzionlibreria.com\\\/index.php\\\/product\\\/el-beso-del-cielo-el-favor-de-dios-que-hace-possible-el-sueno-de-su-vida\\\/#breadcrumb\",\"itemListElement\":[{\"@type\":\"ListItem\",\"position\":1,\"name\":\"Inicio\",\"item\":\"https:\\\/\\\/tzionlibreria.com\\\/\"},{\"@type\":\"ListItem\",\"position\":2,\"name\":\"Shop\",\"item\":\"https:\\\/\\\/tzionlibreria.com\\\/index.php\\\/shop\\\/\"},{\"@type\":\"ListItem\",\"position\":3,\"name\":\"El Beso Del Cielo: El Favor De Dios Que Hace Possible El Sueno De Su Vida\"}]},{\"@type\":\"WebSite\",\"@id\":\"https:\\\/\\\/tzionlibreria.com\\\/#website\",\"url\":\"https:\\\/\\\/tzionlibreria.com\\\/\",\"name\":\"tzionlibreria.com\",\"description\":\"Libreria Cristiana Venezuela\",\"publisher\":{\"@id\":\"https:\\\/\\\/tzionlibreria.com\\\/#organization\"},\"potentialAction\":[{\"@type\":\"SearchAction\",\"target\":{\"@type\":\"EntryPoint\",\"urlTemplate\":\"https:\\\/\\\/tzionlibreria.com\\\/?s={search_term_string}\"},\"query-input\":{\"@type\":\"PropertyValueSpecification\",\"valueRequired\":true,\"valueName\":\"search_term_string\"}}],\"inLanguage\":\"es-CO\"},{\"@type\":\"Organization\",\"@id\":\"https:\\\/\\\/tzionlibreria.com\\\/#organization\",\"name\":\"tzionlibreria.com\",\"url\":\"https:\\\/\\\/tzionlibreria.com\\\/\",\"logo\":{\"@type\":\"ImageObject\",\"inLanguage\":\"es-CO\",\"@id\":\"https:\\\/\\\/tzionlibreria.com\\\/#\\\/schema\\\/logo\\\/image\\\/\",\"url\":\"https:\\\/\\\/tzionlibreria.com\\\/wp-content\\\/uploads\\\/2023\\\/10\\\/cropped-Cuadricula-scaled-1.jpg\",\"contentUrl\":\"https:\\\/\\\/tzionlibreria.com\\\/wp-content\\\/uploads\\\/2023\\\/10\\\/cropped-Cuadricula-scaled-1.jpg\",\"width\":2560,\"height\":2560,\"caption\":\"tzionlibreria.com\"},\"image\":{\"@id\":\"https:\\\/\\\/tzionlibreria.com\\\/#\\\/schema\\\/logo\\\/image\\\/\"}}]}<\/script>\n<!-- \/ Yoast SEO plugin. -->","yoast_head_json":{"title":"El Beso Del Cielo: El Favor De Dios Que Hace Possible El Sueno De Su Vida - tzionlibreria.com","robots":{"index":"index","follow":"follow","max-snippet":"max-snippet:-1","max-image-preview":"max-image-preview:large","max-video-preview":"max-video-preview:-1"},"canonical":"https:\/\/tzionlibreria.com\/index.php\/product\/el-beso-del-cielo-el-favor-de-dios-que-hace-possible-el-sueno-de-su-vida\/","og_locale":"es_ES","og_type":"article","og_title":"El Beso Del Cielo: El Favor De Dios Que Hace Possible El Sueno De Su Vida - tzionlibreria.com","og_description":"La autora hace una pregunta muy importante: \u00bfCu\u00e1ndo fue la \u00faltima vez que sinti\u00f3 el beso del favor de Dios? Darlene describe El beso del cielo como ese sentir de que el cielo est\u00e1 tocando la tierra \u2014como si Dios nos besara en la cabeza. Su primera experiencia de esto fue cuando tom\u00f3 por primera [&hellip;]","og_url":"https:\/\/tzionlibreria.com\/index.php\/product\/el-beso-del-cielo-el-favor-de-dios-que-hace-possible-el-sueno-de-su-vida\/","og_site_name":"tzionlibreria.com","article_modified_time":"2024-06-01T00:07:32+00:00","og_image":[{"width":1200,"height":1200,"url":"http:\/\/tzionlibreria.com\/wp-content\/uploads\/2024\/03\/el-beso-del-cielo.jpg","type":"image\/jpeg"}],"twitter_card":"summary_large_image","twitter_misc":{"Tiempo de lectura":"2 minutos"},"schema":{"@context":"https:\/\/schema.org","@graph":[{"@type":"WebPage","@id":"https:\/\/tzionlibreria.com\/index.php\/product\/el-beso-del-cielo-el-favor-de-dios-que-hace-possible-el-sueno-de-su-vida\/","url":"https:\/\/tzionlibreria.com\/index.php\/product\/el-beso-del-cielo-el-favor-de-dios-que-hace-possible-el-sueno-de-su-vida\/","name":"El Beso Del Cielo: El Favor De Dios Que Hace Possible El Sueno De Su Vida - tzionlibreria.com","isPartOf":{"@id":"https:\/\/tzionlibreria.com\/#website"},"primaryImageOfPage":{"@id":"https:\/\/tzionlibreria.com\/index.php\/product\/el-beso-del-cielo-el-favor-de-dios-que-hace-possible-el-sueno-de-su-vida\/#primaryimage"},"image":{"@id":"https:\/\/tzionlibreria.com\/index.php\/product\/el-beso-del-cielo-el-favor-de-dios-que-hace-possible-el-sueno-de-su-vida\/#primaryimage"},"thumbnailUrl":"https:\/\/tzionlibreria.com\/wp-content\/uploads\/2024\/03\/el-beso-del-cielo.jpg","datePublished":"2024-03-17T21:36:26+00:00","dateModified":"2024-06-01T00:07:32+00:00","breadcrumb":{"@id":"https:\/\/tzionlibreria.com\/index.php\/product\/el-beso-del-cielo-el-favor-de-dios-que-hace-possible-el-sueno-de-su-vida\/#breadcrumb"},"inLanguage":"es-CO","potentialAction":[{"@type":"ReadAction","target":["https:\/\/tzionlibreria.com\/index.php\/product\/el-beso-del-cielo-el-favor-de-dios-que-hace-possible-el-sueno-de-su-vida\/"]}]},{"@type":"ImageObject","inLanguage":"es-CO","@id":"https:\/\/tzionlibreria.com\/index.php\/product\/el-beso-del-cielo-el-favor-de-dios-que-hace-possible-el-sueno-de-su-vida\/#primaryimage","url":"https:\/\/tzionlibreria.com\/wp-content\/uploads\/2024\/03\/el-beso-del-cielo.jpg","contentUrl":"https:\/\/tzionlibreria.com\/wp-content\/uploads\/2024\/03\/el-beso-del-cielo.jpg","width":1200,"height":1200},{"@type":"BreadcrumbList","@id":"https:\/\/tzionlibreria.com\/index.php\/product\/el-beso-del-cielo-el-favor-de-dios-que-hace-possible-el-sueno-de-su-vida\/#breadcrumb","itemListElement":[{"@type":"ListItem","position":1,"name":"Inicio","item":"https:\/\/tzionlibreria.com\/"},{"@type":"ListItem","position":2,"name":"Shop","item":"https:\/\/tzionlibreria.com\/index.php\/shop\/"},{"@type":"ListItem","position":3,"name":"El Beso Del Cielo: El Favor De Dios Que Hace Possible El Sueno De Su Vida"}]},{"@type":"WebSite","@id":"https:\/\/tzionlibreria.com\/#website","url":"https:\/\/tzionlibreria.com\/","name":"tzionlibreria.com","description":"Libreria Cristiana Venezuela","publisher":{"@id":"https:\/\/tzionlibreria.com\/#organization"},"potentialAction":[{"@type":"SearchAction","target":{"@type":"EntryPoint","urlTemplate":"https:\/\/tzionlibreria.com\/?s={search_term_string}"},"query-input":{"@type":"PropertyValueSpecification","valueRequired":true,"valueName":"search_term_string"}}],"inLanguage":"es-CO"},{"@type":"Organization","@id":"https:\/\/tzionlibreria.com\/#organization","name":"tzionlibreria.com","url":"https:\/\/tzionlibreria.com\/","logo":{"@type":"ImageObject","inLanguage":"es-CO","@id":"https:\/\/tzionlibreria.com\/#\/schema\/logo\/image\/","url":"https:\/\/tzionlibreria.com\/wp-content\/uploads\/2023\/10\/cropped-Cuadricula-scaled-1.jpg","contentUrl":"https:\/\/tzionlibreria.com\/wp-content\/uploads\/2023\/10\/cropped-Cuadricula-scaled-1.jpg","width":2560,"height":2560,"caption":"tzionlibreria.com"},"image":{"@id":"https:\/\/tzionlibreria.com\/#\/schema\/logo\/image\/"}}]}},"jetpack_sharing_enabled":true,"_links":{"self":[{"href":"https:\/\/tzionlibreria.com\/index.php\/wp-json\/wp\/v2\/product\/3207","targetHints":{"allow":["GET"]}}],"collection":[{"href":"https:\/\/tzionlibreria.com\/index.php\/wp-json\/wp\/v2\/product"}],"about":[{"href":"https:\/\/tzionlibreria.com\/index.php\/wp-json\/wp\/v2\/types\/product"}],"replies":[{"embeddable":true,"href":"https:\/\/tzionlibreria.com\/index.php\/wp-json\/wp\/v2\/comments?post=3207"}],"wp:featuredmedia":[{"embeddable":true,"href":"https:\/\/tzionlibreria.com\/index.php\/wp-json\/wp\/v2\/media\/3208"}],"wp:attachment":[{"href":"https:\/\/tzionlibreria.com\/index.php\/wp-json\/wp\/v2\/media?parent=3207"}],"wp:term":[{"taxonomy":"product_brand","embeddable":true,"href":"https:\/\/tzionlibreria.com\/index.php\/wp-json\/wp\/v2\/product_brand?post=3207"},{"taxonomy":"product_cat","embeddable":true,"href":"https:\/\/tzionlibreria.com\/index.php\/wp-json\/wp\/v2\/product_cat?post=3207"},{"taxonomy":"product_tag","embeddable":true,"href":"https:\/\/tzionlibreria.com\/index.php\/wp-json\/wp\/v2\/product_tag?post=3207"}],"curies":[{"name":"wp","href":"https:\/\/api.w.org\/{rel}","templated":true}]}}