{"id":3209,"date":"2024-03-17T21:38:00","date_gmt":"2024-03-17T21:38:00","guid":{"rendered":"https:\/\/tzionlibreria.com\/?post_type=product&#038;p=3209"},"modified":"2024-03-17T21:38:00","modified_gmt":"2024-03-17T21:38:00","slug":"el-dia-que-mori-steve-sjogren","status":"publish","type":"product","link":"https:\/\/tzionlibreria.com\/index.php\/product\/el-dia-que-mori-steve-sjogren\/","title":{"rendered":"El d\u00eda que Mor\u00ed  &#8211; Steve Sjogren"},"content":{"rendered":"<p><strong>Una inolvidable historia de vida despu\u00e9s de la muerte<\/strong><\/p>\n<p>Era un hermoso d\u00eda de invierno sin mostrar ninguna se\u00f1al de lo que suceder\u00eda. Steve Sjogren, pastor de una de las iglesias de m\u00e1s r\u00e1pido crecimiento en los Estados Unidos, fue al hospital para una cirug\u00eda de ves\u00edcula biliar de rutina y muri\u00f3&#8230; dos veces.<\/p>\n<p>Lo que comenz\u00f3 como un tr\u00e1gico accidente m\u00e9dico llev\u00f3 a Steve a encontrarse con la muerte, una experiencia inimaginable paz y algunas sorpresas, con palabras reconfortantes de Dios, un encuentro con un \u00e1ngel y la visi\u00f3n de los que murieron antes que \u00e9l.<\/p>\n<p>Si usted, o alguien que conoce, le teme a la muerte, siente curiosidad por el cielo o solo desea vivir la vida a plenitud, este alentador libro puede cambiar su manera de ver la vida y la muerte.<\/p>\n<p>&nbsp;<\/p>\n<p>ISBN:\u00a09780789914644<\/p>\n","protected":false},"excerpt":{"rendered":"<p>Una inolvidable historia de vida despu\u00e9s de la muerte Era un hermoso d\u00eda de invierno sin mostrar ninguna se\u00f1al de lo que suceder\u00eda. Steve Sjogren, pastor de una de las iglesias de m\u00e1s r\u00e1pido crecimiento en los Estados Unidos, fue al hospital para una cirug\u00eda de ves\u00edcula biliar de rutina y muri\u00f3&#8230; dos veces. Lo [&hellip;]<\/p>\n","protected":false},"featured_media":3210,"comment_status":"open","ping_status":"closed","template":"","meta":{"om_disable_all_campaigns":false,"_monsterinsights_skip_tracking":false,"_monsterinsights_sitenote_active":false,"_monsterinsights_sitenote_note":"","_monsterinsights_sitenote_category":0,"site-sidebar-layout":"default","site-content-layout":"","ast-site-content-layout":"default","site-content-style":"default","site-sidebar-style":"default","ast-global-header-display":"","ast-banner-title-visibility":"","ast-main-header-display":"","ast-hfb-above-header-display":"","ast-hfb-below-header-display":"","ast-hfb-mobile-header-display":"","site-post-title":"","ast-breadcrumbs-content":"","ast-featured-img":"","footer-sml-layout":"","ast-disable-related-posts":"","theme-transparent-header-meta":"default","adv-header-id-meta":"","stick-header-meta":"","header-above-stick-meta":"","header-main-stick-meta":"","header-below-stick-meta":"","astra-migrate-meta-layouts":"set","ast-page-background-enabled":"default","ast-page-background-meta":{"desktop":{"background-color":"var(--ast-global-color-4)","background-image":"","background-repeat":"repeat","background-position":"center center","background-size":"auto","background-attachment":"scroll","background-type":"","background-media":"","overlay-type":"","overlay-color":"","overlay-opacity":"","overlay-gradient":""},"tablet":{"background-color":"","background-image":"","background-repeat":"repeat","background-position":"center center","background-size":"auto","background-attachment":"scroll","background-type":"","background-media":"","overlay-type":"","overlay-color":"","overlay-opacity":"","overlay-gradient":""},"mobile":{"background-color":"","background-image":"","background-repeat":"repeat","background-position":"center center","background-size":"auto","background-attachment":"scroll","background-type":"","background-media":"","overlay-type":"","overlay-color":"","overlay-opacity":"","overlay-gradient":""}},"ast-content-background-meta":{"desktop":{"background-color":"var(--ast-global-color-5)","background-image":"","background-repeat":"repeat","background-position":"center center","background-size":"auto","background-attachment":"scroll","background-type":"","background-media":"","overlay-type":"","overlay-color":"","overlay-opacity":"","overlay-gradient":""},"tablet":{"background-color":"var(--ast-global-color-5)","background-image":"","background-repeat":"repeat","background-position":"center center","background-size":"auto","background-attachment":"scroll","background-type":"","background-media":"","overlay-type":"","overlay-color":"","overlay-opacity":"","overlay-gradient":""},"mobile":{"background-color":"var(--ast-global-color-5)","background-image":"","background-repeat":"repeat","background-position":"center center","background-size":"auto","background-attachment":"scroll","background-type":"","background-media":"","overlay-type":"","overlay-color":"","overlay-opacity":"","overlay-gradient":""}}},"product_brand":[],"product_cat":[23],"product_tag":[],"class_list":{"0":"post-3209","1":"product","2":"type-product","3":"status-publish","4":"has-post-thumbnail","6":"product_cat-libros","7":"desktop-align-left","8":"tablet-align-left","9":"mobile-align-left","11":"first","12":"instock","13":"shipping-taxable","14":"purchasable","15":"product-type-simple"},"yoast_head":"<!-- This site is optimized with the Yoast SEO plugin v27.4 - https:\/\/yoast.com\/product\/yoast-seo-wordpress\/ -->\n<title>El d\u00eda que Mor\u00ed - Steve Sjogren - tzionlibreria.com<\/title>\n<meta name=\"robots\" content=\"index, follow, max-snippet:-1, max-image-preview:large, max-video-preview:-1\" \/>\n<link rel=\"canonical\" href=\"https:\/\/tzionlibreria.com\/index.php\/product\/el-dia-que-mori-steve-sjogren\/\" \/>\n<meta property=\"og:locale\" content=\"es_ES\" \/>\n<meta property=\"og:type\" content=\"article\" \/>\n<meta property=\"og:title\" content=\"El d\u00eda que Mor\u00ed - Steve Sjogren - tzionlibreria.com\" \/>\n<meta property=\"og:description\" content=\"Una inolvidable historia de vida despu\u00e9s de la muerte Era un hermoso d\u00eda de invierno sin mostrar ninguna se\u00f1al de lo que suceder\u00eda. Steve Sjogren, pastor de una de las iglesias de m\u00e1s r\u00e1pido crecimiento en los Estados Unidos, fue al hospital para una cirug\u00eda de ves\u00edcula biliar de rutina y muri\u00f3&#8230; dos veces. Lo [&hellip;]\" \/>\n<meta property=\"og:url\" content=\"https:\/\/tzionlibreria.com\/index.php\/product\/el-dia-que-mori-steve-sjogren\/\" \/>\n<meta property=\"og:site_name\" content=\"tzionlibreria.com\" \/>\n<meta property=\"og:image\" content=\"http:\/\/tzionlibreria.com\/wp-content\/uploads\/2024\/03\/el-dia-que-mori.jpg\" \/>\n\t<meta property=\"og:image:width\" content=\"1200\" \/>\n\t<meta property=\"og:image:height\" content=\"1200\" \/>\n\t<meta property=\"og:image:type\" content=\"image\/jpeg\" \/>\n<meta name=\"twitter:card\" content=\"summary_large_image\" \/>\n<meta name=\"twitter:label1\" content=\"Tiempo de lectura\" \/>\n\t<meta name=\"twitter:data1\" content=\"1 minuto\" \/>\n<script type=\"application\/ld+json\" class=\"yoast-schema-graph\">{\"@context\":\"https:\\\/\\\/schema.org\",\"@graph\":[{\"@type\":\"WebPage\",\"@id\":\"https:\\\/\\\/tzionlibreria.com\\\/index.php\\\/product\\\/el-dia-que-mori-steve-sjogren\\\/\",\"url\":\"https:\\\/\\\/tzionlibreria.com\\\/index.php\\\/product\\\/el-dia-que-mori-steve-sjogren\\\/\",\"name\":\"El d\u00eda que Mor\u00ed - Steve Sjogren - tzionlibreria.com\",\"isPartOf\":{\"@id\":\"https:\\\/\\\/tzionlibreria.com\\\/#website\"},\"primaryImageOfPage\":{\"@id\":\"https:\\\/\\\/tzionlibreria.com\\\/index.php\\\/product\\\/el-dia-que-mori-steve-sjogren\\\/#primaryimage\"},\"image\":{\"@id\":\"https:\\\/\\\/tzionlibreria.com\\\/index.php\\\/product\\\/el-dia-que-mori-steve-sjogren\\\/#primaryimage\"},\"thumbnailUrl\":\"https:\\\/\\\/tzionlibreria.com\\\/wp-content\\\/uploads\\\/2024\\\/03\\\/el-dia-que-mori.jpg\",\"datePublished\":\"2024-03-17T21:38:00+00:00\",\"breadcrumb\":{\"@id\":\"https:\\\/\\\/tzionlibreria.com\\\/index.php\\\/product\\\/el-dia-que-mori-steve-sjogren\\\/#breadcrumb\"},\"inLanguage\":\"es-CO\",\"potentialAction\":[{\"@type\":\"ReadAction\",\"target\":[\"https:\\\/\\\/tzionlibreria.com\\\/index.php\\\/product\\\/el-dia-que-mori-steve-sjogren\\\/\"]}]},{\"@type\":\"ImageObject\",\"inLanguage\":\"es-CO\",\"@id\":\"https:\\\/\\\/tzionlibreria.com\\\/index.php\\\/product\\\/el-dia-que-mori-steve-sjogren\\\/#primaryimage\",\"url\":\"https:\\\/\\\/tzionlibreria.com\\\/wp-content\\\/uploads\\\/2024\\\/03\\\/el-dia-que-mori.jpg\",\"contentUrl\":\"https:\\\/\\\/tzionlibreria.com\\\/wp-content\\\/uploads\\\/2024\\\/03\\\/el-dia-que-mori.jpg\",\"width\":1200,\"height\":1200},{\"@type\":\"BreadcrumbList\",\"@id\":\"https:\\\/\\\/tzionlibreria.com\\\/index.php\\\/product\\\/el-dia-que-mori-steve-sjogren\\\/#breadcrumb\",\"itemListElement\":[{\"@type\":\"ListItem\",\"position\":1,\"name\":\"Inicio\",\"item\":\"https:\\\/\\\/tzionlibreria.com\\\/\"},{\"@type\":\"ListItem\",\"position\":2,\"name\":\"Shop\",\"item\":\"https:\\\/\\\/tzionlibreria.com\\\/index.php\\\/shop\\\/\"},{\"@type\":\"ListItem\",\"position\":3,\"name\":\"El d\u00eda que Mor\u00ed &#8211; Steve Sjogren\"}]},{\"@type\":\"WebSite\",\"@id\":\"https:\\\/\\\/tzionlibreria.com\\\/#website\",\"url\":\"https:\\\/\\\/tzionlibreria.com\\\/\",\"name\":\"tzionlibreria.com\",\"description\":\"Libreria Cristiana Venezuela\",\"publisher\":{\"@id\":\"https:\\\/\\\/tzionlibreria.com\\\/#organization\"},\"potentialAction\":[{\"@type\":\"SearchAction\",\"target\":{\"@type\":\"EntryPoint\",\"urlTemplate\":\"https:\\\/\\\/tzionlibreria.com\\\/?s={search_term_string}\"},\"query-input\":{\"@type\":\"PropertyValueSpecification\",\"valueRequired\":true,\"valueName\":\"search_term_string\"}}],\"inLanguage\":\"es-CO\"},{\"@type\":\"Organization\",\"@id\":\"https:\\\/\\\/tzionlibreria.com\\\/#organization\",\"name\":\"tzionlibreria.com\",\"url\":\"https:\\\/\\\/tzionlibreria.com\\\/\",\"logo\":{\"@type\":\"ImageObject\",\"inLanguage\":\"es-CO\",\"@id\":\"https:\\\/\\\/tzionlibreria.com\\\/#\\\/schema\\\/logo\\\/image\\\/\",\"url\":\"https:\\\/\\\/tzionlibreria.com\\\/wp-content\\\/uploads\\\/2023\\\/10\\\/cropped-Cuadricula-scaled-1.jpg\",\"contentUrl\":\"https:\\\/\\\/tzionlibreria.com\\\/wp-content\\\/uploads\\\/2023\\\/10\\\/cropped-Cuadricula-scaled-1.jpg\",\"width\":2560,\"height\":2560,\"caption\":\"tzionlibreria.com\"},\"image\":{\"@id\":\"https:\\\/\\\/tzionlibreria.com\\\/#\\\/schema\\\/logo\\\/image\\\/\"}}]}<\/script>\n<!-- \/ Yoast SEO plugin. -->","yoast_head_json":{"title":"El d\u00eda que Mor\u00ed - Steve Sjogren - tzionlibreria.com","robots":{"index":"index","follow":"follow","max-snippet":"max-snippet:-1","max-image-preview":"max-image-preview:large","max-video-preview":"max-video-preview:-1"},"canonical":"https:\/\/tzionlibreria.com\/index.php\/product\/el-dia-que-mori-steve-sjogren\/","og_locale":"es_ES","og_type":"article","og_title":"El d\u00eda que Mor\u00ed - Steve Sjogren - tzionlibreria.com","og_description":"Una inolvidable historia de vida despu\u00e9s de la muerte Era un hermoso d\u00eda de invierno sin mostrar ninguna se\u00f1al de lo que suceder\u00eda. Steve Sjogren, pastor de una de las iglesias de m\u00e1s r\u00e1pido crecimiento en los Estados Unidos, fue al hospital para una cirug\u00eda de ves\u00edcula biliar de rutina y muri\u00f3&#8230; dos veces. Lo [&hellip;]","og_url":"https:\/\/tzionlibreria.com\/index.php\/product\/el-dia-que-mori-steve-sjogren\/","og_site_name":"tzionlibreria.com","og_image":[{"width":1200,"height":1200,"url":"http:\/\/tzionlibreria.com\/wp-content\/uploads\/2024\/03\/el-dia-que-mori.jpg","type":"image\/jpeg"}],"twitter_card":"summary_large_image","twitter_misc":{"Tiempo de lectura":"1 minuto"},"schema":{"@context":"https:\/\/schema.org","@graph":[{"@type":"WebPage","@id":"https:\/\/tzionlibreria.com\/index.php\/product\/el-dia-que-mori-steve-sjogren\/","url":"https:\/\/tzionlibreria.com\/index.php\/product\/el-dia-que-mori-steve-sjogren\/","name":"El d\u00eda que Mor\u00ed - Steve Sjogren - tzionlibreria.com","isPartOf":{"@id":"https:\/\/tzionlibreria.com\/#website"},"primaryImageOfPage":{"@id":"https:\/\/tzionlibreria.com\/index.php\/product\/el-dia-que-mori-steve-sjogren\/#primaryimage"},"image":{"@id":"https:\/\/tzionlibreria.com\/index.php\/product\/el-dia-que-mori-steve-sjogren\/#primaryimage"},"thumbnailUrl":"https:\/\/tzionlibreria.com\/wp-content\/uploads\/2024\/03\/el-dia-que-mori.jpg","datePublished":"2024-03-17T21:38:00+00:00","breadcrumb":{"@id":"https:\/\/tzionlibreria.com\/index.php\/product\/el-dia-que-mori-steve-sjogren\/#breadcrumb"},"inLanguage":"es-CO","potentialAction":[{"@type":"ReadAction","target":["https:\/\/tzionlibreria.com\/index.php\/product\/el-dia-que-mori-steve-sjogren\/"]}]},{"@type":"ImageObject","inLanguage":"es-CO","@id":"https:\/\/tzionlibreria.com\/index.php\/product\/el-dia-que-mori-steve-sjogren\/#primaryimage","url":"https:\/\/tzionlibreria.com\/wp-content\/uploads\/2024\/03\/el-dia-que-mori.jpg","contentUrl":"https:\/\/tzionlibreria.com\/wp-content\/uploads\/2024\/03\/el-dia-que-mori.jpg","width":1200,"height":1200},{"@type":"BreadcrumbList","@id":"https:\/\/tzionlibreria.com\/index.php\/product\/el-dia-que-mori-steve-sjogren\/#breadcrumb","itemListElement":[{"@type":"ListItem","position":1,"name":"Inicio","item":"https:\/\/tzionlibreria.com\/"},{"@type":"ListItem","position":2,"name":"Shop","item":"https:\/\/tzionlibreria.com\/index.php\/shop\/"},{"@type":"ListItem","position":3,"name":"El d\u00eda que Mor\u00ed &#8211; Steve Sjogren"}]},{"@type":"WebSite","@id":"https:\/\/tzionlibreria.com\/#website","url":"https:\/\/tzionlibreria.com\/","name":"tzionlibreria.com","description":"Libreria Cristiana Venezuela","publisher":{"@id":"https:\/\/tzionlibreria.com\/#organization"},"potentialAction":[{"@type":"SearchAction","target":{"@type":"EntryPoint","urlTemplate":"https:\/\/tzionlibreria.com\/?s={search_term_string}"},"query-input":{"@type":"PropertyValueSpecification","valueRequired":true,"valueName":"search_term_string"}}],"inLanguage":"es-CO"},{"@type":"Organization","@id":"https:\/\/tzionlibreria.com\/#organization","name":"tzionlibreria.com","url":"https:\/\/tzionlibreria.com\/","logo":{"@type":"ImageObject","inLanguage":"es-CO","@id":"https:\/\/tzionlibreria.com\/#\/schema\/logo\/image\/","url":"https:\/\/tzionlibreria.com\/wp-content\/uploads\/2023\/10\/cropped-Cuadricula-scaled-1.jpg","contentUrl":"https:\/\/tzionlibreria.com\/wp-content\/uploads\/2023\/10\/cropped-Cuadricula-scaled-1.jpg","width":2560,"height":2560,"caption":"tzionlibreria.com"},"image":{"@id":"https:\/\/tzionlibreria.com\/#\/schema\/logo\/image\/"}}]}},"jetpack_sharing_enabled":true,"_links":{"self":[{"href":"https:\/\/tzionlibreria.com\/index.php\/wp-json\/wp\/v2\/product\/3209","targetHints":{"allow":["GET"]}}],"collection":[{"href":"https:\/\/tzionlibreria.com\/index.php\/wp-json\/wp\/v2\/product"}],"about":[{"href":"https:\/\/tzionlibreria.com\/index.php\/wp-json\/wp\/v2\/types\/product"}],"replies":[{"embeddable":true,"href":"https:\/\/tzionlibreria.com\/index.php\/wp-json\/wp\/v2\/comments?post=3209"}],"wp:featuredmedia":[{"embeddable":true,"href":"https:\/\/tzionlibreria.com\/index.php\/wp-json\/wp\/v2\/media\/3210"}],"wp:attachment":[{"href":"https:\/\/tzionlibreria.com\/index.php\/wp-json\/wp\/v2\/media?parent=3209"}],"wp:term":[{"taxonomy":"product_brand","embeddable":true,"href":"https:\/\/tzionlibreria.com\/index.php\/wp-json\/wp\/v2\/product_brand?post=3209"},{"taxonomy":"product_cat","embeddable":true,"href":"https:\/\/tzionlibreria.com\/index.php\/wp-json\/wp\/v2\/product_cat?post=3209"},{"taxonomy":"product_tag","embeddable":true,"href":"https:\/\/tzionlibreria.com\/index.php\/wp-json\/wp\/v2\/product_tag?post=3209"}],"curies":[{"name":"wp","href":"https:\/\/api.w.org\/{rel}","templated":true}]}}