{"id":3211,"date":"2024-03-17T21:39:57","date_gmt":"2024-03-17T21:39:57","guid":{"rendered":"https:\/\/tzionlibreria.com\/?post_type=product&#038;p=3211"},"modified":"2025-11-24T00:47:01","modified_gmt":"2025-11-24T00:47:01","slug":"nehemias-modelo-de-pasion-y-fidelidad-j-i-packer","status":"publish","type":"product","link":"https:\/\/tzionlibreria.com\/index.php\/product\/nehemias-modelo-de-pasion-y-fidelidad-j-i-packer\/","title":{"rendered":"Nehemias &#8211; Modelo de pasi\u00f3n y Fidelidad -J. I . Packer"},"content":{"rendered":"<p>Nehem\u00edas fue uno de los l\u00edderes m\u00e1s grandes de la Biblia. Un hombre de acci\u00f3n que asumi\u00f3 la incre\u00edble tarea de reconstruir la antigua Jerusal\u00e9n. Era dedicado,\u00a0sabio, valiente, un hombre de oraci\u00f3n; que ayud\u00f3 a establecer un modelo para un liderazgo piadoso.<\/p>\n<p>Este libro del Antiguo Testamento se lee como las memorias de un l\u00edder pastoral y pol\u00edtico por excelencia. Relata como, con la ayuda y la bendici\u00f3n de Dios, emprendi\u00f3 la reconstrucci\u00f3n de la ciudad de Jerusal\u00e9n y la renovaci\u00f3n de su pueblo. Es una historia en primera persona de avivamiento espiritual. Usando un enfoque de estudio de la Biblia, J. I. Packer analiza c\u00f3mo Nehem\u00edas dirigi\u00f3 al pueblo y c\u00f3mo Dios dirigi\u00f3 a Nehem\u00edas, todo para finalmente edificar Su Reino.<\/p>\n<p>A trav\u00e9s de este libro descubrir\u00e1 un modelo de avivamiento para su propia iglesia.<\/p>\n<p>Cualquiera que tenga sed de Dios y un sentido de su presencia en sus responsabilidades diarias, se sentir\u00e1 inspirado por este libro. Ya sea una madre que se queda en casa tratando de criar hijos piadosos o una empleada que anhela que Dios se haga real incluso en la tarea m\u00e1s mundana, este libro ser\u00e1 una ayuda confiable y un recordatorio del deseo de Dios de ser involucrado en todas las facetas de su vida.<\/p>\n","protected":false},"excerpt":{"rendered":"<p>Nehem\u00edas fue uno de los l\u00edderes m\u00e1s grandes de la Biblia. Un hombre de acci\u00f3n que asumi\u00f3 la incre\u00edble tarea de reconstruir la antigua Jerusal\u00e9n. Era dedicado,\u00a0sabio, valiente, un hombre de oraci\u00f3n; que ayud\u00f3 a establecer un modelo para un liderazgo piadoso. Este libro del Antiguo Testamento se lee como las memorias de un l\u00edder [&hellip;]<\/p>\n","protected":false},"featured_media":3212,"comment_status":"open","ping_status":"closed","template":"","meta":{"om_disable_all_campaigns":false,"_monsterinsights_skip_tracking":false,"_monsterinsights_sitenote_active":false,"_monsterinsights_sitenote_note":"","_monsterinsights_sitenote_category":0,"site-sidebar-layout":"default","site-content-layout":"","ast-site-content-layout":"default","site-content-style":"default","site-sidebar-style":"default","ast-global-header-display":"","ast-banner-title-visibility":"","ast-main-header-display":"","ast-hfb-above-header-display":"","ast-hfb-below-header-display":"","ast-hfb-mobile-header-display":"","site-post-title":"","ast-breadcrumbs-content":"","ast-featured-img":"","footer-sml-layout":"","ast-disable-related-posts":"","theme-transparent-header-meta":"default","adv-header-id-meta":"","stick-header-meta":"","header-above-stick-meta":"","header-main-stick-meta":"","header-below-stick-meta":"","astra-migrate-meta-layouts":"set","ast-page-background-enabled":"default","ast-page-background-meta":{"desktop":{"background-color":"var(--ast-global-color-4)","background-image":"","background-repeat":"repeat","background-position":"center center","background-size":"auto","background-attachment":"scroll","background-type":"","background-media":"","overlay-type":"","overlay-color":"","overlay-opacity":"","overlay-gradient":""},"tablet":{"background-color":"","background-image":"","background-repeat":"repeat","background-position":"center center","background-size":"auto","background-attachment":"scroll","background-type":"","background-media":"","overlay-type":"","overlay-color":"","overlay-opacity":"","overlay-gradient":""},"mobile":{"background-color":"","background-image":"","background-repeat":"repeat","background-position":"center center","background-size":"auto","background-attachment":"scroll","background-type":"","background-media":"","overlay-type":"","overlay-color":"","overlay-opacity":"","overlay-gradient":""}},"ast-content-background-meta":{"desktop":{"background-color":"var(--ast-global-color-5)","background-image":"","background-repeat":"repeat","background-position":"center center","background-size":"auto","background-attachment":"scroll","background-type":"","background-media":"","overlay-type":"","overlay-color":"","overlay-opacity":"","overlay-gradient":""},"tablet":{"background-color":"var(--ast-global-color-5)","background-image":"","background-repeat":"repeat","background-position":"center center","background-size":"auto","background-attachment":"scroll","background-type":"","background-media":"","overlay-type":"","overlay-color":"","overlay-opacity":"","overlay-gradient":""},"mobile":{"background-color":"var(--ast-global-color-5)","background-image":"","background-repeat":"repeat","background-position":"center center","background-size":"auto","background-attachment":"scroll","background-type":"","background-media":"","overlay-type":"","overlay-color":"","overlay-opacity":"","overlay-gradient":""}}},"product_brand":[],"product_cat":[23],"product_tag":[],"class_list":{"0":"post-3211","1":"product","2":"type-product","3":"status-publish","4":"has-post-thumbnail","6":"product_cat-libros","7":"desktop-align-left","8":"tablet-align-left","9":"mobile-align-left","11":"first","12":"instock","13":"shipping-taxable","14":"purchasable","15":"product-type-simple"},"yoast_head":"<!-- This site is optimized with the Yoast SEO plugin v27.4 - https:\/\/yoast.com\/product\/yoast-seo-wordpress\/ -->\n<title>Nehemias - Modelo de pasi\u00f3n y Fidelidad -J. I . Packer - tzionlibreria.com<\/title>\n<meta name=\"robots\" content=\"index, follow, max-snippet:-1, max-image-preview:large, max-video-preview:-1\" \/>\n<link rel=\"canonical\" href=\"https:\/\/tzionlibreria.com\/index.php\/product\/nehemias-modelo-de-pasion-y-fidelidad-j-i-packer\/\" \/>\n<meta property=\"og:locale\" content=\"es_ES\" \/>\n<meta property=\"og:type\" content=\"article\" \/>\n<meta property=\"og:title\" content=\"Nehemias - Modelo de pasi\u00f3n y Fidelidad -J. I . Packer - tzionlibreria.com\" \/>\n<meta property=\"og:description\" content=\"Nehem\u00edas fue uno de los l\u00edderes m\u00e1s grandes de la Biblia. Un hombre de acci\u00f3n que asumi\u00f3 la incre\u00edble tarea de reconstruir la antigua Jerusal\u00e9n. Era dedicado,\u00a0sabio, valiente, un hombre de oraci\u00f3n; que ayud\u00f3 a establecer un modelo para un liderazgo piadoso. Este libro del Antiguo Testamento se lee como las memorias de un l\u00edder [&hellip;]\" \/>\n<meta property=\"og:url\" content=\"https:\/\/tzionlibreria.com\/index.php\/product\/nehemias-modelo-de-pasion-y-fidelidad-j-i-packer\/\" \/>\n<meta property=\"og:site_name\" content=\"tzionlibreria.com\" \/>\n<meta property=\"article:modified_time\" content=\"2025-11-24T00:47:01+00:00\" \/>\n<meta property=\"og:image\" content=\"http:\/\/tzionlibreria.com\/wp-content\/uploads\/2024\/03\/nehemias.jpg\" \/>\n\t<meta property=\"og:image:width\" content=\"1200\" \/>\n\t<meta property=\"og:image:height\" content=\"1200\" \/>\n\t<meta property=\"og:image:type\" content=\"image\/jpeg\" \/>\n<meta name=\"twitter:card\" content=\"summary_large_image\" \/>\n<meta name=\"twitter:label1\" content=\"Tiempo de lectura\" \/>\n\t<meta name=\"twitter:data1\" content=\"2 minutos\" \/>\n<script type=\"application\/ld+json\" class=\"yoast-schema-graph\">{\"@context\":\"https:\\\/\\\/schema.org\",\"@graph\":[{\"@type\":\"WebPage\",\"@id\":\"https:\\\/\\\/tzionlibreria.com\\\/index.php\\\/product\\\/nehemias-modelo-de-pasion-y-fidelidad-j-i-packer\\\/\",\"url\":\"https:\\\/\\\/tzionlibreria.com\\\/index.php\\\/product\\\/nehemias-modelo-de-pasion-y-fidelidad-j-i-packer\\\/\",\"name\":\"Nehemias - Modelo de pasi\u00f3n y Fidelidad -J. I . Packer - tzionlibreria.com\",\"isPartOf\":{\"@id\":\"https:\\\/\\\/tzionlibreria.com\\\/#website\"},\"primaryImageOfPage\":{\"@id\":\"https:\\\/\\\/tzionlibreria.com\\\/index.php\\\/product\\\/nehemias-modelo-de-pasion-y-fidelidad-j-i-packer\\\/#primaryimage\"},\"image\":{\"@id\":\"https:\\\/\\\/tzionlibreria.com\\\/index.php\\\/product\\\/nehemias-modelo-de-pasion-y-fidelidad-j-i-packer\\\/#primaryimage\"},\"thumbnailUrl\":\"https:\\\/\\\/tzionlibreria.com\\\/wp-content\\\/uploads\\\/2024\\\/03\\\/nehemias.jpg\",\"datePublished\":\"2024-03-17T21:39:57+00:00\",\"dateModified\":\"2025-11-24T00:47:01+00:00\",\"breadcrumb\":{\"@id\":\"https:\\\/\\\/tzionlibreria.com\\\/index.php\\\/product\\\/nehemias-modelo-de-pasion-y-fidelidad-j-i-packer\\\/#breadcrumb\"},\"inLanguage\":\"es-CO\",\"potentialAction\":[{\"@type\":\"ReadAction\",\"target\":[\"https:\\\/\\\/tzionlibreria.com\\\/index.php\\\/product\\\/nehemias-modelo-de-pasion-y-fidelidad-j-i-packer\\\/\"]}]},{\"@type\":\"ImageObject\",\"inLanguage\":\"es-CO\",\"@id\":\"https:\\\/\\\/tzionlibreria.com\\\/index.php\\\/product\\\/nehemias-modelo-de-pasion-y-fidelidad-j-i-packer\\\/#primaryimage\",\"url\":\"https:\\\/\\\/tzionlibreria.com\\\/wp-content\\\/uploads\\\/2024\\\/03\\\/nehemias.jpg\",\"contentUrl\":\"https:\\\/\\\/tzionlibreria.com\\\/wp-content\\\/uploads\\\/2024\\\/03\\\/nehemias.jpg\",\"width\":1200,\"height\":1200},{\"@type\":\"BreadcrumbList\",\"@id\":\"https:\\\/\\\/tzionlibreria.com\\\/index.php\\\/product\\\/nehemias-modelo-de-pasion-y-fidelidad-j-i-packer\\\/#breadcrumb\",\"itemListElement\":[{\"@type\":\"ListItem\",\"position\":1,\"name\":\"Inicio\",\"item\":\"https:\\\/\\\/tzionlibreria.com\\\/\"},{\"@type\":\"ListItem\",\"position\":2,\"name\":\"Shop\",\"item\":\"https:\\\/\\\/tzionlibreria.com\\\/index.php\\\/shop\\\/\"},{\"@type\":\"ListItem\",\"position\":3,\"name\":\"Nehemias &#8211; Modelo de pasi\u00f3n y Fidelidad -J. I . Packer\"}]},{\"@type\":\"WebSite\",\"@id\":\"https:\\\/\\\/tzionlibreria.com\\\/#website\",\"url\":\"https:\\\/\\\/tzionlibreria.com\\\/\",\"name\":\"tzionlibreria.com\",\"description\":\"Libreria Cristiana Venezuela\",\"publisher\":{\"@id\":\"https:\\\/\\\/tzionlibreria.com\\\/#organization\"},\"potentialAction\":[{\"@type\":\"SearchAction\",\"target\":{\"@type\":\"EntryPoint\",\"urlTemplate\":\"https:\\\/\\\/tzionlibreria.com\\\/?s={search_term_string}\"},\"query-input\":{\"@type\":\"PropertyValueSpecification\",\"valueRequired\":true,\"valueName\":\"search_term_string\"}}],\"inLanguage\":\"es-CO\"},{\"@type\":\"Organization\",\"@id\":\"https:\\\/\\\/tzionlibreria.com\\\/#organization\",\"name\":\"tzionlibreria.com\",\"url\":\"https:\\\/\\\/tzionlibreria.com\\\/\",\"logo\":{\"@type\":\"ImageObject\",\"inLanguage\":\"es-CO\",\"@id\":\"https:\\\/\\\/tzionlibreria.com\\\/#\\\/schema\\\/logo\\\/image\\\/\",\"url\":\"https:\\\/\\\/tzionlibreria.com\\\/wp-content\\\/uploads\\\/2023\\\/10\\\/cropped-Cuadricula-scaled-1.jpg\",\"contentUrl\":\"https:\\\/\\\/tzionlibreria.com\\\/wp-content\\\/uploads\\\/2023\\\/10\\\/cropped-Cuadricula-scaled-1.jpg\",\"width\":2560,\"height\":2560,\"caption\":\"tzionlibreria.com\"},\"image\":{\"@id\":\"https:\\\/\\\/tzionlibreria.com\\\/#\\\/schema\\\/logo\\\/image\\\/\"}}]}<\/script>\n<!-- \/ Yoast SEO plugin. -->","yoast_head_json":{"title":"Nehemias - Modelo de pasi\u00f3n y Fidelidad -J. I . Packer - tzionlibreria.com","robots":{"index":"index","follow":"follow","max-snippet":"max-snippet:-1","max-image-preview":"max-image-preview:large","max-video-preview":"max-video-preview:-1"},"canonical":"https:\/\/tzionlibreria.com\/index.php\/product\/nehemias-modelo-de-pasion-y-fidelidad-j-i-packer\/","og_locale":"es_ES","og_type":"article","og_title":"Nehemias - Modelo de pasi\u00f3n y Fidelidad -J. I . Packer - tzionlibreria.com","og_description":"Nehem\u00edas fue uno de los l\u00edderes m\u00e1s grandes de la Biblia. Un hombre de acci\u00f3n que asumi\u00f3 la incre\u00edble tarea de reconstruir la antigua Jerusal\u00e9n. Era dedicado,\u00a0sabio, valiente, un hombre de oraci\u00f3n; que ayud\u00f3 a establecer un modelo para un liderazgo piadoso. Este libro del Antiguo Testamento se lee como las memorias de un l\u00edder [&hellip;]","og_url":"https:\/\/tzionlibreria.com\/index.php\/product\/nehemias-modelo-de-pasion-y-fidelidad-j-i-packer\/","og_site_name":"tzionlibreria.com","article_modified_time":"2025-11-24T00:47:01+00:00","og_image":[{"width":1200,"height":1200,"url":"http:\/\/tzionlibreria.com\/wp-content\/uploads\/2024\/03\/nehemias.jpg","type":"image\/jpeg"}],"twitter_card":"summary_large_image","twitter_misc":{"Tiempo de lectura":"2 minutos"},"schema":{"@context":"https:\/\/schema.org","@graph":[{"@type":"WebPage","@id":"https:\/\/tzionlibreria.com\/index.php\/product\/nehemias-modelo-de-pasion-y-fidelidad-j-i-packer\/","url":"https:\/\/tzionlibreria.com\/index.php\/product\/nehemias-modelo-de-pasion-y-fidelidad-j-i-packer\/","name":"Nehemias - Modelo de pasi\u00f3n y Fidelidad -J. I . Packer - tzionlibreria.com","isPartOf":{"@id":"https:\/\/tzionlibreria.com\/#website"},"primaryImageOfPage":{"@id":"https:\/\/tzionlibreria.com\/index.php\/product\/nehemias-modelo-de-pasion-y-fidelidad-j-i-packer\/#primaryimage"},"image":{"@id":"https:\/\/tzionlibreria.com\/index.php\/product\/nehemias-modelo-de-pasion-y-fidelidad-j-i-packer\/#primaryimage"},"thumbnailUrl":"https:\/\/tzionlibreria.com\/wp-content\/uploads\/2024\/03\/nehemias.jpg","datePublished":"2024-03-17T21:39:57+00:00","dateModified":"2025-11-24T00:47:01+00:00","breadcrumb":{"@id":"https:\/\/tzionlibreria.com\/index.php\/product\/nehemias-modelo-de-pasion-y-fidelidad-j-i-packer\/#breadcrumb"},"inLanguage":"es-CO","potentialAction":[{"@type":"ReadAction","target":["https:\/\/tzionlibreria.com\/index.php\/product\/nehemias-modelo-de-pasion-y-fidelidad-j-i-packer\/"]}]},{"@type":"ImageObject","inLanguage":"es-CO","@id":"https:\/\/tzionlibreria.com\/index.php\/product\/nehemias-modelo-de-pasion-y-fidelidad-j-i-packer\/#primaryimage","url":"https:\/\/tzionlibreria.com\/wp-content\/uploads\/2024\/03\/nehemias.jpg","contentUrl":"https:\/\/tzionlibreria.com\/wp-content\/uploads\/2024\/03\/nehemias.jpg","width":1200,"height":1200},{"@type":"BreadcrumbList","@id":"https:\/\/tzionlibreria.com\/index.php\/product\/nehemias-modelo-de-pasion-y-fidelidad-j-i-packer\/#breadcrumb","itemListElement":[{"@type":"ListItem","position":1,"name":"Inicio","item":"https:\/\/tzionlibreria.com\/"},{"@type":"ListItem","position":2,"name":"Shop","item":"https:\/\/tzionlibreria.com\/index.php\/shop\/"},{"@type":"ListItem","position":3,"name":"Nehemias &#8211; Modelo de pasi\u00f3n y Fidelidad -J. I . Packer"}]},{"@type":"WebSite","@id":"https:\/\/tzionlibreria.com\/#website","url":"https:\/\/tzionlibreria.com\/","name":"tzionlibreria.com","description":"Libreria Cristiana Venezuela","publisher":{"@id":"https:\/\/tzionlibreria.com\/#organization"},"potentialAction":[{"@type":"SearchAction","target":{"@type":"EntryPoint","urlTemplate":"https:\/\/tzionlibreria.com\/?s={search_term_string}"},"query-input":{"@type":"PropertyValueSpecification","valueRequired":true,"valueName":"search_term_string"}}],"inLanguage":"es-CO"},{"@type":"Organization","@id":"https:\/\/tzionlibreria.com\/#organization","name":"tzionlibreria.com","url":"https:\/\/tzionlibreria.com\/","logo":{"@type":"ImageObject","inLanguage":"es-CO","@id":"https:\/\/tzionlibreria.com\/#\/schema\/logo\/image\/","url":"https:\/\/tzionlibreria.com\/wp-content\/uploads\/2023\/10\/cropped-Cuadricula-scaled-1.jpg","contentUrl":"https:\/\/tzionlibreria.com\/wp-content\/uploads\/2023\/10\/cropped-Cuadricula-scaled-1.jpg","width":2560,"height":2560,"caption":"tzionlibreria.com"},"image":{"@id":"https:\/\/tzionlibreria.com\/#\/schema\/logo\/image\/"}}]}},"jetpack_sharing_enabled":true,"_links":{"self":[{"href":"https:\/\/tzionlibreria.com\/index.php\/wp-json\/wp\/v2\/product\/3211","targetHints":{"allow":["GET"]}}],"collection":[{"href":"https:\/\/tzionlibreria.com\/index.php\/wp-json\/wp\/v2\/product"}],"about":[{"href":"https:\/\/tzionlibreria.com\/index.php\/wp-json\/wp\/v2\/types\/product"}],"replies":[{"embeddable":true,"href":"https:\/\/tzionlibreria.com\/index.php\/wp-json\/wp\/v2\/comments?post=3211"}],"wp:featuredmedia":[{"embeddable":true,"href":"https:\/\/tzionlibreria.com\/index.php\/wp-json\/wp\/v2\/media\/3212"}],"wp:attachment":[{"href":"https:\/\/tzionlibreria.com\/index.php\/wp-json\/wp\/v2\/media?parent=3211"}],"wp:term":[{"taxonomy":"product_brand","embeddable":true,"href":"https:\/\/tzionlibreria.com\/index.php\/wp-json\/wp\/v2\/product_brand?post=3211"},{"taxonomy":"product_cat","embeddable":true,"href":"https:\/\/tzionlibreria.com\/index.php\/wp-json\/wp\/v2\/product_cat?post=3211"},{"taxonomy":"product_tag","embeddable":true,"href":"https:\/\/tzionlibreria.com\/index.php\/wp-json\/wp\/v2\/product_tag?post=3211"}],"curies":[{"name":"wp","href":"https:\/\/api.w.org\/{rel}","templated":true}]}}