{"id":3367,"date":"2024-03-31T18:25:34","date_gmt":"2024-03-31T18:25:34","guid":{"rendered":"https:\/\/tzionlibreria.com\/?post_type=product&#038;p=3367"},"modified":"2024-03-31T18:25:34","modified_gmt":"2024-03-31T18:25:34","slug":"su-princesa-cartas-de-amor-de-tu-rey","status":"publish","type":"product","link":"https:\/\/tzionlibreria.com\/index.php\/product\/su-princesa-cartas-de-amor-de-tu-rey\/","title":{"rendered":"Su Princesa &#8211; Cartas de amor de tu Rey"},"content":{"rendered":"<div>Este hermoso libro a color abrir\u00e1 los ojos de las mujeres para que se vean como Dios las ve. Muchas ni siquiera saben que son hijas del Rey&#8230; elegidas para ser sus princesas. En alg\u00fan momento entre la ni\u00f1ez y la adultez los sue\u00f1os de hadas de ser amadas cambian por una identidad empa\u00f1ada por sus propias inseguridades y los mensajes confusos de los medios de las redes sociales<\/div>\n<div>Al mirar nuestra vida, nos resulta dif\u00edcil pensar que nosotras somos miembros de la realeza. Pero la verdad es que Dios es nuestro Rey y que hemos sido elegidas por \u00e9l.<\/div>\n<div><\/div>\n<div>A medida que tu alma se empape de estas cartas de amor de tu Rey, af\u00edrmate en la verdad acerca de:<\/div>\n<div>\n<ul>\n<li>qui\u00e9n eres<\/li>\n<li>por qu\u00e9 est\u00e1s aqu\u00ed<\/li>\n<li>cu\u00e1nto \u00e9l te ama<\/li>\n<\/ul>\n<p><strong>ISBN<\/strong>: 9780829747140<br \/>\n<strong>Editorial<\/strong>:\u00a0Editorial Vida<br \/>\n<strong>Dimensiones<\/strong>: 107 x 160 x 10 mm<br \/>\n<strong>Peso<\/strong>: 0,213kg<br \/>\n<strong>Cubierta<\/strong>: Tapa dura<br \/>\n<strong>N\u00famero de p\u00e1ginas<\/strong>: 192<br \/>\n<strong>Fecha de lanzamiento<\/strong>: 31.05.2014<br \/>\n<strong>Idioma<\/strong>: Espa\u00f1ol<\/p>\n<\/div>\n","protected":false},"excerpt":{"rendered":"<p>Este hermoso libro a color abrir\u00e1 los ojos de las mujeres para que se vean como Dios las ve. Muchas ni siquiera saben que son hijas del Rey&#8230; elegidas para ser sus princesas. En alg\u00fan momento entre la ni\u00f1ez y la adultez los sue\u00f1os de hadas de ser amadas cambian por una identidad empa\u00f1ada por [&hellip;]<\/p>\n","protected":false},"featured_media":3368,"comment_status":"open","ping_status":"closed","template":"","meta":{"om_disable_all_campaigns":false,"_monsterinsights_skip_tracking":false,"_monsterinsights_sitenote_active":false,"_monsterinsights_sitenote_note":"","_monsterinsights_sitenote_category":0,"site-sidebar-layout":"default","site-content-layout":"","ast-site-content-layout":"default","site-content-style":"default","site-sidebar-style":"default","ast-global-header-display":"","ast-banner-title-visibility":"","ast-main-header-display":"","ast-hfb-above-header-display":"","ast-hfb-below-header-display":"","ast-hfb-mobile-header-display":"","site-post-title":"","ast-breadcrumbs-content":"","ast-featured-img":"","footer-sml-layout":"","ast-disable-related-posts":"","theme-transparent-header-meta":"default","adv-header-id-meta":"","stick-header-meta":"","header-above-stick-meta":"","header-main-stick-meta":"","header-below-stick-meta":"","astra-migrate-meta-layouts":"set","ast-page-background-enabled":"default","ast-page-background-meta":{"desktop":{"background-color":"var(--ast-global-color-4)","background-image":"","background-repeat":"repeat","background-position":"center center","background-size":"auto","background-attachment":"scroll","background-type":"","background-media":"","overlay-type":"","overlay-color":"","overlay-opacity":"","overlay-gradient":""},"tablet":{"background-color":"","background-image":"","background-repeat":"repeat","background-position":"center center","background-size":"auto","background-attachment":"scroll","background-type":"","background-media":"","overlay-type":"","overlay-color":"","overlay-opacity":"","overlay-gradient":""},"mobile":{"background-color":"","background-image":"","background-repeat":"repeat","background-position":"center center","background-size":"auto","background-attachment":"scroll","background-type":"","background-media":"","overlay-type":"","overlay-color":"","overlay-opacity":"","overlay-gradient":""}},"ast-content-background-meta":{"desktop":{"background-color":"var(--ast-global-color-5)","background-image":"","background-repeat":"repeat","background-position":"center center","background-size":"auto","background-attachment":"scroll","background-type":"","background-media":"","overlay-type":"","overlay-color":"","overlay-opacity":"","overlay-gradient":""},"tablet":{"background-color":"var(--ast-global-color-5)","background-image":"","background-repeat":"repeat","background-position":"center center","background-size":"auto","background-attachment":"scroll","background-type":"","background-media":"","overlay-type":"","overlay-color":"","overlay-opacity":"","overlay-gradient":""},"mobile":{"background-color":"var(--ast-global-color-5)","background-image":"","background-repeat":"repeat","background-position":"center center","background-size":"auto","background-attachment":"scroll","background-type":"","background-media":"","overlay-type":"","overlay-color":"","overlay-opacity":"","overlay-gradient":""}}},"product_brand":[],"product_cat":[23,170],"product_tag":[],"class_list":{"0":"post-3367","1":"product","2":"type-product","3":"status-publish","4":"has-post-thumbnail","6":"product_cat-libros","7":"product_cat-mujeres","8":"desktop-align-left","9":"tablet-align-left","10":"mobile-align-left","12":"first","13":"instock","14":"shipping-taxable","15":"purchasable","16":"product-type-simple"},"yoast_head":"<!-- This site is optimized with the Yoast SEO plugin v27.4 - https:\/\/yoast.com\/product\/yoast-seo-wordpress\/ -->\n<title>Su Princesa - Cartas de amor de tu Rey - tzionlibreria.com<\/title>\n<meta name=\"robots\" content=\"index, follow, max-snippet:-1, max-image-preview:large, max-video-preview:-1\" \/>\n<link rel=\"canonical\" href=\"https:\/\/tzionlibreria.com\/index.php\/product\/su-princesa-cartas-de-amor-de-tu-rey\/\" \/>\n<meta property=\"og:locale\" content=\"es_ES\" \/>\n<meta property=\"og:type\" content=\"article\" \/>\n<meta property=\"og:title\" content=\"Su Princesa - Cartas de amor de tu Rey - tzionlibreria.com\" \/>\n<meta property=\"og:description\" content=\"Este hermoso libro a color abrir\u00e1 los ojos de las mujeres para que se vean como Dios las ve. Muchas ni siquiera saben que son hijas del Rey&#8230; elegidas para ser sus princesas. En alg\u00fan momento entre la ni\u00f1ez y la adultez los sue\u00f1os de hadas de ser amadas cambian por una identidad empa\u00f1ada por [&hellip;]\" \/>\n<meta property=\"og:url\" content=\"https:\/\/tzionlibreria.com\/index.php\/product\/su-princesa-cartas-de-amor-de-tu-rey\/\" \/>\n<meta property=\"og:site_name\" content=\"tzionlibreria.com\" \/>\n<meta property=\"og:image\" content=\"http:\/\/tzionlibreria.com\/wp-content\/uploads\/2024\/03\/su-princesa-2.jpg\" \/>\n\t<meta property=\"og:image:width\" content=\"1200\" \/>\n\t<meta property=\"og:image:height\" content=\"1200\" \/>\n\t<meta property=\"og:image:type\" content=\"image\/jpeg\" \/>\n<meta name=\"twitter:card\" content=\"summary_large_image\" \/>\n<meta name=\"twitter:label1\" content=\"Tiempo de lectura\" \/>\n\t<meta name=\"twitter:data1\" content=\"1 minuto\" \/>\n<script type=\"application\/ld+json\" class=\"yoast-schema-graph\">{\"@context\":\"https:\\\/\\\/schema.org\",\"@graph\":[{\"@type\":\"WebPage\",\"@id\":\"https:\\\/\\\/tzionlibreria.com\\\/index.php\\\/product\\\/su-princesa-cartas-de-amor-de-tu-rey\\\/\",\"url\":\"https:\\\/\\\/tzionlibreria.com\\\/index.php\\\/product\\\/su-princesa-cartas-de-amor-de-tu-rey\\\/\",\"name\":\"Su Princesa - Cartas de amor de tu Rey - tzionlibreria.com\",\"isPartOf\":{\"@id\":\"https:\\\/\\\/tzionlibreria.com\\\/#website\"},\"primaryImageOfPage\":{\"@id\":\"https:\\\/\\\/tzionlibreria.com\\\/index.php\\\/product\\\/su-princesa-cartas-de-amor-de-tu-rey\\\/#primaryimage\"},\"image\":{\"@id\":\"https:\\\/\\\/tzionlibreria.com\\\/index.php\\\/product\\\/su-princesa-cartas-de-amor-de-tu-rey\\\/#primaryimage\"},\"thumbnailUrl\":\"https:\\\/\\\/tzionlibreria.com\\\/wp-content\\\/uploads\\\/2024\\\/03\\\/su-princesa-2.jpg\",\"datePublished\":\"2024-03-31T18:25:34+00:00\",\"breadcrumb\":{\"@id\":\"https:\\\/\\\/tzionlibreria.com\\\/index.php\\\/product\\\/su-princesa-cartas-de-amor-de-tu-rey\\\/#breadcrumb\"},\"inLanguage\":\"es-CO\",\"potentialAction\":[{\"@type\":\"ReadAction\",\"target\":[\"https:\\\/\\\/tzionlibreria.com\\\/index.php\\\/product\\\/su-princesa-cartas-de-amor-de-tu-rey\\\/\"]}]},{\"@type\":\"ImageObject\",\"inLanguage\":\"es-CO\",\"@id\":\"https:\\\/\\\/tzionlibreria.com\\\/index.php\\\/product\\\/su-princesa-cartas-de-amor-de-tu-rey\\\/#primaryimage\",\"url\":\"https:\\\/\\\/tzionlibreria.com\\\/wp-content\\\/uploads\\\/2024\\\/03\\\/su-princesa-2.jpg\",\"contentUrl\":\"https:\\\/\\\/tzionlibreria.com\\\/wp-content\\\/uploads\\\/2024\\\/03\\\/su-princesa-2.jpg\",\"width\":1200,\"height\":1200},{\"@type\":\"BreadcrumbList\",\"@id\":\"https:\\\/\\\/tzionlibreria.com\\\/index.php\\\/product\\\/su-princesa-cartas-de-amor-de-tu-rey\\\/#breadcrumb\",\"itemListElement\":[{\"@type\":\"ListItem\",\"position\":1,\"name\":\"Inicio\",\"item\":\"https:\\\/\\\/tzionlibreria.com\\\/\"},{\"@type\":\"ListItem\",\"position\":2,\"name\":\"Shop\",\"item\":\"https:\\\/\\\/tzionlibreria.com\\\/index.php\\\/shop\\\/\"},{\"@type\":\"ListItem\",\"position\":3,\"name\":\"Su Princesa &#8211; Cartas de amor de tu Rey\"}]},{\"@type\":\"WebSite\",\"@id\":\"https:\\\/\\\/tzionlibreria.com\\\/#website\",\"url\":\"https:\\\/\\\/tzionlibreria.com\\\/\",\"name\":\"tzionlibreria.com\",\"description\":\"Libreria Cristiana Venezuela\",\"publisher\":{\"@id\":\"https:\\\/\\\/tzionlibreria.com\\\/#organization\"},\"potentialAction\":[{\"@type\":\"SearchAction\",\"target\":{\"@type\":\"EntryPoint\",\"urlTemplate\":\"https:\\\/\\\/tzionlibreria.com\\\/?s={search_term_string}\"},\"query-input\":{\"@type\":\"PropertyValueSpecification\",\"valueRequired\":true,\"valueName\":\"search_term_string\"}}],\"inLanguage\":\"es-CO\"},{\"@type\":\"Organization\",\"@id\":\"https:\\\/\\\/tzionlibreria.com\\\/#organization\",\"name\":\"tzionlibreria.com\",\"url\":\"https:\\\/\\\/tzionlibreria.com\\\/\",\"logo\":{\"@type\":\"ImageObject\",\"inLanguage\":\"es-CO\",\"@id\":\"https:\\\/\\\/tzionlibreria.com\\\/#\\\/schema\\\/logo\\\/image\\\/\",\"url\":\"https:\\\/\\\/tzionlibreria.com\\\/wp-content\\\/uploads\\\/2023\\\/10\\\/cropped-Cuadricula-scaled-1.jpg\",\"contentUrl\":\"https:\\\/\\\/tzionlibreria.com\\\/wp-content\\\/uploads\\\/2023\\\/10\\\/cropped-Cuadricula-scaled-1.jpg\",\"width\":2560,\"height\":2560,\"caption\":\"tzionlibreria.com\"},\"image\":{\"@id\":\"https:\\\/\\\/tzionlibreria.com\\\/#\\\/schema\\\/logo\\\/image\\\/\"}}]}<\/script>\n<!-- \/ Yoast SEO plugin. -->","yoast_head_json":{"title":"Su Princesa - Cartas de amor de tu Rey - tzionlibreria.com","robots":{"index":"index","follow":"follow","max-snippet":"max-snippet:-1","max-image-preview":"max-image-preview:large","max-video-preview":"max-video-preview:-1"},"canonical":"https:\/\/tzionlibreria.com\/index.php\/product\/su-princesa-cartas-de-amor-de-tu-rey\/","og_locale":"es_ES","og_type":"article","og_title":"Su Princesa - Cartas de amor de tu Rey - tzionlibreria.com","og_description":"Este hermoso libro a color abrir\u00e1 los ojos de las mujeres para que se vean como Dios las ve. Muchas ni siquiera saben que son hijas del Rey&#8230; elegidas para ser sus princesas. En alg\u00fan momento entre la ni\u00f1ez y la adultez los sue\u00f1os de hadas de ser amadas cambian por una identidad empa\u00f1ada por [&hellip;]","og_url":"https:\/\/tzionlibreria.com\/index.php\/product\/su-princesa-cartas-de-amor-de-tu-rey\/","og_site_name":"tzionlibreria.com","og_image":[{"width":1200,"height":1200,"url":"http:\/\/tzionlibreria.com\/wp-content\/uploads\/2024\/03\/su-princesa-2.jpg","type":"image\/jpeg"}],"twitter_card":"summary_large_image","twitter_misc":{"Tiempo de lectura":"1 minuto"},"schema":{"@context":"https:\/\/schema.org","@graph":[{"@type":"WebPage","@id":"https:\/\/tzionlibreria.com\/index.php\/product\/su-princesa-cartas-de-amor-de-tu-rey\/","url":"https:\/\/tzionlibreria.com\/index.php\/product\/su-princesa-cartas-de-amor-de-tu-rey\/","name":"Su Princesa - Cartas de amor de tu Rey - tzionlibreria.com","isPartOf":{"@id":"https:\/\/tzionlibreria.com\/#website"},"primaryImageOfPage":{"@id":"https:\/\/tzionlibreria.com\/index.php\/product\/su-princesa-cartas-de-amor-de-tu-rey\/#primaryimage"},"image":{"@id":"https:\/\/tzionlibreria.com\/index.php\/product\/su-princesa-cartas-de-amor-de-tu-rey\/#primaryimage"},"thumbnailUrl":"https:\/\/tzionlibreria.com\/wp-content\/uploads\/2024\/03\/su-princesa-2.jpg","datePublished":"2024-03-31T18:25:34+00:00","breadcrumb":{"@id":"https:\/\/tzionlibreria.com\/index.php\/product\/su-princesa-cartas-de-amor-de-tu-rey\/#breadcrumb"},"inLanguage":"es-CO","potentialAction":[{"@type":"ReadAction","target":["https:\/\/tzionlibreria.com\/index.php\/product\/su-princesa-cartas-de-amor-de-tu-rey\/"]}]},{"@type":"ImageObject","inLanguage":"es-CO","@id":"https:\/\/tzionlibreria.com\/index.php\/product\/su-princesa-cartas-de-amor-de-tu-rey\/#primaryimage","url":"https:\/\/tzionlibreria.com\/wp-content\/uploads\/2024\/03\/su-princesa-2.jpg","contentUrl":"https:\/\/tzionlibreria.com\/wp-content\/uploads\/2024\/03\/su-princesa-2.jpg","width":1200,"height":1200},{"@type":"BreadcrumbList","@id":"https:\/\/tzionlibreria.com\/index.php\/product\/su-princesa-cartas-de-amor-de-tu-rey\/#breadcrumb","itemListElement":[{"@type":"ListItem","position":1,"name":"Inicio","item":"https:\/\/tzionlibreria.com\/"},{"@type":"ListItem","position":2,"name":"Shop","item":"https:\/\/tzionlibreria.com\/index.php\/shop\/"},{"@type":"ListItem","position":3,"name":"Su Princesa &#8211; Cartas de amor de tu Rey"}]},{"@type":"WebSite","@id":"https:\/\/tzionlibreria.com\/#website","url":"https:\/\/tzionlibreria.com\/","name":"tzionlibreria.com","description":"Libreria Cristiana Venezuela","publisher":{"@id":"https:\/\/tzionlibreria.com\/#organization"},"potentialAction":[{"@type":"SearchAction","target":{"@type":"EntryPoint","urlTemplate":"https:\/\/tzionlibreria.com\/?s={search_term_string}"},"query-input":{"@type":"PropertyValueSpecification","valueRequired":true,"valueName":"search_term_string"}}],"inLanguage":"es-CO"},{"@type":"Organization","@id":"https:\/\/tzionlibreria.com\/#organization","name":"tzionlibreria.com","url":"https:\/\/tzionlibreria.com\/","logo":{"@type":"ImageObject","inLanguage":"es-CO","@id":"https:\/\/tzionlibreria.com\/#\/schema\/logo\/image\/","url":"https:\/\/tzionlibreria.com\/wp-content\/uploads\/2023\/10\/cropped-Cuadricula-scaled-1.jpg","contentUrl":"https:\/\/tzionlibreria.com\/wp-content\/uploads\/2023\/10\/cropped-Cuadricula-scaled-1.jpg","width":2560,"height":2560,"caption":"tzionlibreria.com"},"image":{"@id":"https:\/\/tzionlibreria.com\/#\/schema\/logo\/image\/"}}]}},"jetpack_sharing_enabled":true,"_links":{"self":[{"href":"https:\/\/tzionlibreria.com\/index.php\/wp-json\/wp\/v2\/product\/3367","targetHints":{"allow":["GET"]}}],"collection":[{"href":"https:\/\/tzionlibreria.com\/index.php\/wp-json\/wp\/v2\/product"}],"about":[{"href":"https:\/\/tzionlibreria.com\/index.php\/wp-json\/wp\/v2\/types\/product"}],"replies":[{"embeddable":true,"href":"https:\/\/tzionlibreria.com\/index.php\/wp-json\/wp\/v2\/comments?post=3367"}],"wp:featuredmedia":[{"embeddable":true,"href":"https:\/\/tzionlibreria.com\/index.php\/wp-json\/wp\/v2\/media\/3368"}],"wp:attachment":[{"href":"https:\/\/tzionlibreria.com\/index.php\/wp-json\/wp\/v2\/media?parent=3367"}],"wp:term":[{"taxonomy":"product_brand","embeddable":true,"href":"https:\/\/tzionlibreria.com\/index.php\/wp-json\/wp\/v2\/product_brand?post=3367"},{"taxonomy":"product_cat","embeddable":true,"href":"https:\/\/tzionlibreria.com\/index.php\/wp-json\/wp\/v2\/product_cat?post=3367"},{"taxonomy":"product_tag","embeddable":true,"href":"https:\/\/tzionlibreria.com\/index.php\/wp-json\/wp\/v2\/product_tag?post=3367"}],"curies":[{"name":"wp","href":"https:\/\/api.w.org\/{rel}","templated":true}]}}