{"id":3372,"date":"2024-03-31T22:21:55","date_gmt":"2024-03-31T22:21:55","guid":{"rendered":"https:\/\/tzionlibreria.com\/?post_type=product&#038;p=3372"},"modified":"2026-03-04T11:00:28","modified_gmt":"2026-03-04T11:00:28","slug":"biblia-pequenos-heroes","status":"publish","type":"product","link":"https:\/\/tzionlibreria.com\/index.php\/product\/biblia-pequenos-heroes\/","title":{"rendered":"Biblia Peque\u00f1os H\u00e9roes"},"content":{"rendered":"<div>\n<div class=\"ast-oembed-container \" style=\"height: 100%;\"><iframe title=\"La Biblia Peque\u00f1os Heroes\" width=\"500\" height=\"281\" src=\"https:\/\/www.youtube.com\/embed\/Rs02g5lyvVw?feature=oembed\" frameborder=\"0\" allow=\"accelerometer; autoplay; clipboard-write; encrypted-media; gyroscope; picture-in-picture; web-share\" referrerpolicy=\"strict-origin-when-cross-origin\" allowfullscreen><\/iframe><\/div>\n<\/div>\n<div><\/div>\n<div>Alguna vez has pensado: \u201c\u00bfC\u00f3mo puedo hacer que mis hijos lean la Biblia? \u00bfC\u00f3mo hago para conectarlos con la verdad, que es Jesucristo?\u201d A los ni\u00f1os les encantan los ejemplos que los inspiran, buscan h\u00e9roes que puedan admirar y seguir. En toda la Biblia hay verdaderos h\u00e9roes de la fe que nos muestran, a trav\u00e9s de su dedicaci\u00f3n y fe, qui\u00e9n es Jes\u00fas y c\u00f3mo nos podemos relacionar con \u00c9l.<\/div>\n<div><\/div>\n<div>La Biblia Peque\u00f1os H\u00e9roes est\u00e1 llena de las mejores historias de los h\u00e9roes, tra\u00eddas directamente de la Palabra de Dios. Con una historia para cada semana del a\u00f1o, deja que tus hijos exploren la verdad de qui\u00e9n es Jes\u00fas y c\u00f3mo \u00c9l es quien conecta toda la Biblia.<\/div>\n<div><\/div>\n<div>-52 historias, una para cada semana del a\u00f1o.<\/div>\n<div>-Referencia a Jes\u00fas en cada historia.<\/div>\n<div>-Stickers para usar en cada historia.<\/div>\n<div>-Funciona de la mano del Devocional para Familias Peque\u00f1os H\u00e9roes, que est\u00e1 lleno de actividades divertidas para estudiar cada historia con tu familia.<\/div>\n<div>-Las historias siguen el curr\u00edculo Jes\u00fas en el tiempo, perfecto para usar en la iglesia.<\/div>\n<div><\/div>\n<div>\u00a1Haz de Jes\u00fas el centro de tu familia!<\/div>\n<div><\/div>\n<div>\n<ul class=\"a-unordered-list a-nostyle a-vertical a-spacing-none detail-bullet-list\">\n<li><span class=\"a-list-item\"><strong><span class=\"a-text-bold\">Editorial\u200f: <\/span><\/strong>VisionArt (1 Enero 2018)<\/span><\/li>\n<li><span class=\"a-list-item\"><strong><span class=\"a-text-bold\">Edad de lectura: <\/span><\/strong>De 4 a 10 a\u00f1os<\/span><\/li>\n<li><strong style=\"font-size: 16px;\">Idioma<\/strong><span style=\"font-size: 16px;\">: Espa\u00f1ol<\/span><\/li>\n<li><strong style=\"font-size: 16px;\">ISBN<\/strong><span style=\"font-size: 16px;\">: 9781684548095<\/span><\/li>\n<li><strong style=\"font-size: 16px;\">Cubierta<\/strong><span style=\"font-size: 16px;\">: Tapa Dura<\/span><\/li>\n<\/ul>\n<\/div>\n","protected":false},"excerpt":{"rendered":"<p>Alguna vez has pensado: \u201c\u00bfC\u00f3mo puedo hacer que mis hijos lean la Biblia? \u00bfC\u00f3mo hago para conectarlos con la verdad, que es Jesucristo?\u201d A los ni\u00f1os les encantan los ejemplos que los inspiran, buscan h\u00e9roes que puedan admirar y seguir. En toda la Biblia hay verdaderos h\u00e9roes de la fe que nos muestran, a trav\u00e9s [&hellip;]<\/p>\n","protected":false},"featured_media":3373,"comment_status":"open","ping_status":"closed","template":"","meta":{"om_disable_all_campaigns":false,"_monsterinsights_skip_tracking":false,"_monsterinsights_sitenote_active":false,"_monsterinsights_sitenote_note":"","_monsterinsights_sitenote_category":0,"site-sidebar-layout":"default","site-content-layout":"","ast-site-content-layout":"default","site-content-style":"default","site-sidebar-style":"default","ast-global-header-display":"","ast-banner-title-visibility":"","ast-main-header-display":"","ast-hfb-above-header-display":"","ast-hfb-below-header-display":"","ast-hfb-mobile-header-display":"","site-post-title":"","ast-breadcrumbs-content":"","ast-featured-img":"","footer-sml-layout":"","ast-disable-related-posts":"","theme-transparent-header-meta":"default","adv-header-id-meta":"","stick-header-meta":"","header-above-stick-meta":"","header-main-stick-meta":"","header-below-stick-meta":"","astra-migrate-meta-layouts":"set","ast-page-background-enabled":"default","ast-page-background-meta":{"desktop":{"background-color":"var(--ast-global-color-4)","background-image":"","background-repeat":"repeat","background-position":"center center","background-size":"auto","background-attachment":"scroll","background-type":"","background-media":"","overlay-type":"","overlay-color":"","overlay-opacity":"","overlay-gradient":""},"tablet":{"background-color":"","background-image":"","background-repeat":"repeat","background-position":"center center","background-size":"auto","background-attachment":"scroll","background-type":"","background-media":"","overlay-type":"","overlay-color":"","overlay-opacity":"","overlay-gradient":""},"mobile":{"background-color":"","background-image":"","background-repeat":"repeat","background-position":"center center","background-size":"auto","background-attachment":"scroll","background-type":"","background-media":"","overlay-type":"","overlay-color":"","overlay-opacity":"","overlay-gradient":""}},"ast-content-background-meta":{"desktop":{"background-color":"var(--ast-global-color-5)","background-image":"","background-repeat":"repeat","background-position":"center center","background-size":"auto","background-attachment":"scroll","background-type":"","background-media":"","overlay-type":"","overlay-color":"","overlay-opacity":"","overlay-gradient":""},"tablet":{"background-color":"var(--ast-global-color-5)","background-image":"","background-repeat":"repeat","background-position":"center center","background-size":"auto","background-attachment":"scroll","background-type":"","background-media":"","overlay-type":"","overlay-color":"","overlay-opacity":"","overlay-gradient":""},"mobile":{"background-color":"var(--ast-global-color-5)","background-image":"","background-repeat":"repeat","background-position":"center center","background-size":"auto","background-attachment":"scroll","background-type":"","background-media":"","overlay-type":"","overlay-color":"","overlay-opacity":"","overlay-gradient":""}}},"product_brand":[],"product_cat":[38,25],"product_tag":[261,50],"class_list":{"0":"post-3372","1":"product","2":"type-product","3":"status-publish","4":"has-post-thumbnail","6":"product_cat-biblias-de-ninos","7":"product_cat-kids","8":"product_tag-heroes","9":"product_tag-kids","10":"desktop-align-left","11":"tablet-align-left","12":"mobile-align-left","14":"first","15":"instock","16":"shipping-taxable","17":"purchasable","18":"product-type-simple"},"yoast_head":"<!-- This site is optimized with the Yoast SEO plugin v27.6 - https:\/\/yoast.com\/product\/yoast-seo-wordpress\/ -->\n<title>Biblia Peque\u00f1os H\u00e9roes - tzionlibreria.com<\/title>\n<meta name=\"description\" content=\"En toda la Biblia hay verdaderos h\u00e9roes de la fe que nos muestran, a trav\u00e9s de su dedicaci\u00f3n y fe, qui\u00e9n es Jes\u00fas y c\u00f3mo nos podemos relacionar con \u00c9l.\" \/>\n<meta name=\"robots\" content=\"index, follow, max-snippet:-1, max-image-preview:large, max-video-preview:-1\" \/>\n<link rel=\"canonical\" href=\"https:\/\/tzionlibreria.com\/index.php\/product\/biblia-pequenos-heroes\/\" \/>\n<meta property=\"og:locale\" content=\"es_ES\" \/>\n<meta property=\"og:type\" content=\"article\" \/>\n<meta property=\"og:title\" content=\"Biblia Peque\u00f1os H\u00e9roes - tzionlibreria.com\" \/>\n<meta property=\"og:description\" content=\"En toda la Biblia hay verdaderos h\u00e9roes de la fe que nos muestran, a trav\u00e9s de su dedicaci\u00f3n y fe, qui\u00e9n es Jes\u00fas y c\u00f3mo nos podemos relacionar con \u00c9l.\" \/>\n<meta property=\"og:url\" content=\"https:\/\/tzionlibreria.com\/index.php\/product\/biblia-pequenos-heroes\/\" \/>\n<meta property=\"og:site_name\" content=\"tzionlibreria.com\" \/>\n<meta property=\"article:modified_time\" content=\"2026-03-04T11:00:28+00:00\" \/>\n<meta property=\"og:image\" content=\"http:\/\/tzionlibreria.com\/wp-content\/uploads\/2024\/03\/2-1.png\" \/>\n\t<meta property=\"og:image:width\" content=\"1080\" \/>\n\t<meta property=\"og:image:height\" content=\"1080\" \/>\n\t<meta property=\"og:image:type\" content=\"image\/png\" \/>\n<meta name=\"twitter:card\" content=\"summary_large_image\" \/>\n<meta name=\"twitter:label1\" content=\"Tiempo de lectura\" \/>\n\t<meta name=\"twitter:data1\" content=\"2 minutos\" \/>\n<script type=\"application\/ld+json\" class=\"yoast-schema-graph\">{\"@context\":\"https:\\\/\\\/schema.org\",\"@graph\":[{\"@type\":\"WebPage\",\"@id\":\"https:\\\/\\\/tzionlibreria.com\\\/index.php\\\/product\\\/biblia-pequenos-heroes\\\/\",\"url\":\"https:\\\/\\\/tzionlibreria.com\\\/index.php\\\/product\\\/biblia-pequenos-heroes\\\/\",\"name\":\"Biblia Peque\u00f1os H\u00e9roes - tzionlibreria.com\",\"isPartOf\":{\"@id\":\"https:\\\/\\\/tzionlibreria.com\\\/#website\"},\"primaryImageOfPage\":{\"@id\":\"https:\\\/\\\/tzionlibreria.com\\\/index.php\\\/product\\\/biblia-pequenos-heroes\\\/#primaryimage\"},\"image\":{\"@id\":\"https:\\\/\\\/tzionlibreria.com\\\/index.php\\\/product\\\/biblia-pequenos-heroes\\\/#primaryimage\"},\"thumbnailUrl\":\"https:\\\/\\\/tzionlibreria.com\\\/wp-content\\\/uploads\\\/2024\\\/03\\\/2-1.png\",\"datePublished\":\"2024-03-31T22:21:55+00:00\",\"dateModified\":\"2026-03-04T11:00:28+00:00\",\"description\":\"En toda la Biblia hay verdaderos h\u00e9roes de la fe que nos muestran, a trav\u00e9s de su dedicaci\u00f3n y fe, qui\u00e9n es Jes\u00fas y c\u00f3mo nos podemos relacionar con \u00c9l.\",\"breadcrumb\":{\"@id\":\"https:\\\/\\\/tzionlibreria.com\\\/index.php\\\/product\\\/biblia-pequenos-heroes\\\/#breadcrumb\"},\"inLanguage\":\"es-CO\",\"potentialAction\":[{\"@type\":\"ReadAction\",\"target\":[\"https:\\\/\\\/tzionlibreria.com\\\/index.php\\\/product\\\/biblia-pequenos-heroes\\\/\"]}]},{\"@type\":\"ImageObject\",\"inLanguage\":\"es-CO\",\"@id\":\"https:\\\/\\\/tzionlibreria.com\\\/index.php\\\/product\\\/biblia-pequenos-heroes\\\/#primaryimage\",\"url\":\"https:\\\/\\\/tzionlibreria.com\\\/wp-content\\\/uploads\\\/2024\\\/03\\\/2-1.png\",\"contentUrl\":\"https:\\\/\\\/tzionlibreria.com\\\/wp-content\\\/uploads\\\/2024\\\/03\\\/2-1.png\",\"width\":1080,\"height\":1080},{\"@type\":\"BreadcrumbList\",\"@id\":\"https:\\\/\\\/tzionlibreria.com\\\/index.php\\\/product\\\/biblia-pequenos-heroes\\\/#breadcrumb\",\"itemListElement\":[{\"@type\":\"ListItem\",\"position\":1,\"name\":\"Inicio\",\"item\":\"https:\\\/\\\/tzionlibreria.com\\\/\"},{\"@type\":\"ListItem\",\"position\":2,\"name\":\"Shop\",\"item\":\"https:\\\/\\\/tzionlibreria.com\\\/index.php\\\/shop\\\/\"},{\"@type\":\"ListItem\",\"position\":3,\"name\":\"Biblia Peque\u00f1os H\u00e9roes\"}]},{\"@type\":\"WebSite\",\"@id\":\"https:\\\/\\\/tzionlibreria.com\\\/#website\",\"url\":\"https:\\\/\\\/tzionlibreria.com\\\/\",\"name\":\"tzionlibreria.com\",\"description\":\"Libreria Cristiana Venezuela\",\"publisher\":{\"@id\":\"https:\\\/\\\/tzionlibreria.com\\\/#organization\"},\"potentialAction\":[{\"@type\":\"SearchAction\",\"target\":{\"@type\":\"EntryPoint\",\"urlTemplate\":\"https:\\\/\\\/tzionlibreria.com\\\/?s={search_term_string}\"},\"query-input\":{\"@type\":\"PropertyValueSpecification\",\"valueRequired\":true,\"valueName\":\"search_term_string\"}}],\"inLanguage\":\"es-CO\"},{\"@type\":\"Organization\",\"@id\":\"https:\\\/\\\/tzionlibreria.com\\\/#organization\",\"name\":\"tzionlibreria.com\",\"url\":\"https:\\\/\\\/tzionlibreria.com\\\/\",\"logo\":{\"@type\":\"ImageObject\",\"inLanguage\":\"es-CO\",\"@id\":\"https:\\\/\\\/tzionlibreria.com\\\/#\\\/schema\\\/logo\\\/image\\\/\",\"url\":\"https:\\\/\\\/tzionlibreria.com\\\/wp-content\\\/uploads\\\/2023\\\/10\\\/cropped-Cuadricula-scaled-1.jpg\",\"contentUrl\":\"https:\\\/\\\/tzionlibreria.com\\\/wp-content\\\/uploads\\\/2023\\\/10\\\/cropped-Cuadricula-scaled-1.jpg\",\"width\":2560,\"height\":2560,\"caption\":\"tzionlibreria.com\"},\"image\":{\"@id\":\"https:\\\/\\\/tzionlibreria.com\\\/#\\\/schema\\\/logo\\\/image\\\/\"}}]}<\/script>\n<!-- \/ Yoast SEO plugin. -->","yoast_head_json":{"title":"Biblia Peque\u00f1os H\u00e9roes - tzionlibreria.com","description":"En toda la Biblia hay verdaderos h\u00e9roes de la fe que nos muestran, a trav\u00e9s de su dedicaci\u00f3n y fe, qui\u00e9n es Jes\u00fas y c\u00f3mo nos podemos relacionar con \u00c9l.","robots":{"index":"index","follow":"follow","max-snippet":"max-snippet:-1","max-image-preview":"max-image-preview:large","max-video-preview":"max-video-preview:-1"},"canonical":"https:\/\/tzionlibreria.com\/index.php\/product\/biblia-pequenos-heroes\/","og_locale":"es_ES","og_type":"article","og_title":"Biblia Peque\u00f1os H\u00e9roes - tzionlibreria.com","og_description":"En toda la Biblia hay verdaderos h\u00e9roes de la fe que nos muestran, a trav\u00e9s de su dedicaci\u00f3n y fe, qui\u00e9n es Jes\u00fas y c\u00f3mo nos podemos relacionar con \u00c9l.","og_url":"https:\/\/tzionlibreria.com\/index.php\/product\/biblia-pequenos-heroes\/","og_site_name":"tzionlibreria.com","article_modified_time":"2026-03-04T11:00:28+00:00","og_image":[{"width":1080,"height":1080,"url":"http:\/\/tzionlibreria.com\/wp-content\/uploads\/2024\/03\/2-1.png","type":"image\/png"}],"twitter_card":"summary_large_image","twitter_misc":{"Tiempo de lectura":"2 minutos"},"schema":{"@context":"https:\/\/schema.org","@graph":[{"@type":"WebPage","@id":"https:\/\/tzionlibreria.com\/index.php\/product\/biblia-pequenos-heroes\/","url":"https:\/\/tzionlibreria.com\/index.php\/product\/biblia-pequenos-heroes\/","name":"Biblia Peque\u00f1os H\u00e9roes - tzionlibreria.com","isPartOf":{"@id":"https:\/\/tzionlibreria.com\/#website"},"primaryImageOfPage":{"@id":"https:\/\/tzionlibreria.com\/index.php\/product\/biblia-pequenos-heroes\/#primaryimage"},"image":{"@id":"https:\/\/tzionlibreria.com\/index.php\/product\/biblia-pequenos-heroes\/#primaryimage"},"thumbnailUrl":"https:\/\/tzionlibreria.com\/wp-content\/uploads\/2024\/03\/2-1.png","datePublished":"2024-03-31T22:21:55+00:00","dateModified":"2026-03-04T11:00:28+00:00","description":"En toda la Biblia hay verdaderos h\u00e9roes de la fe que nos muestran, a trav\u00e9s de su dedicaci\u00f3n y fe, qui\u00e9n es Jes\u00fas y c\u00f3mo nos podemos relacionar con \u00c9l.","breadcrumb":{"@id":"https:\/\/tzionlibreria.com\/index.php\/product\/biblia-pequenos-heroes\/#breadcrumb"},"inLanguage":"es-CO","potentialAction":[{"@type":"ReadAction","target":["https:\/\/tzionlibreria.com\/index.php\/product\/biblia-pequenos-heroes\/"]}]},{"@type":"ImageObject","inLanguage":"es-CO","@id":"https:\/\/tzionlibreria.com\/index.php\/product\/biblia-pequenos-heroes\/#primaryimage","url":"https:\/\/tzionlibreria.com\/wp-content\/uploads\/2024\/03\/2-1.png","contentUrl":"https:\/\/tzionlibreria.com\/wp-content\/uploads\/2024\/03\/2-1.png","width":1080,"height":1080},{"@type":"BreadcrumbList","@id":"https:\/\/tzionlibreria.com\/index.php\/product\/biblia-pequenos-heroes\/#breadcrumb","itemListElement":[{"@type":"ListItem","position":1,"name":"Inicio","item":"https:\/\/tzionlibreria.com\/"},{"@type":"ListItem","position":2,"name":"Shop","item":"https:\/\/tzionlibreria.com\/index.php\/shop\/"},{"@type":"ListItem","position":3,"name":"Biblia Peque\u00f1os H\u00e9roes"}]},{"@type":"WebSite","@id":"https:\/\/tzionlibreria.com\/#website","url":"https:\/\/tzionlibreria.com\/","name":"tzionlibreria.com","description":"Libreria Cristiana Venezuela","publisher":{"@id":"https:\/\/tzionlibreria.com\/#organization"},"potentialAction":[{"@type":"SearchAction","target":{"@type":"EntryPoint","urlTemplate":"https:\/\/tzionlibreria.com\/?s={search_term_string}"},"query-input":{"@type":"PropertyValueSpecification","valueRequired":true,"valueName":"search_term_string"}}],"inLanguage":"es-CO"},{"@type":"Organization","@id":"https:\/\/tzionlibreria.com\/#organization","name":"tzionlibreria.com","url":"https:\/\/tzionlibreria.com\/","logo":{"@type":"ImageObject","inLanguage":"es-CO","@id":"https:\/\/tzionlibreria.com\/#\/schema\/logo\/image\/","url":"https:\/\/tzionlibreria.com\/wp-content\/uploads\/2023\/10\/cropped-Cuadricula-scaled-1.jpg","contentUrl":"https:\/\/tzionlibreria.com\/wp-content\/uploads\/2023\/10\/cropped-Cuadricula-scaled-1.jpg","width":2560,"height":2560,"caption":"tzionlibreria.com"},"image":{"@id":"https:\/\/tzionlibreria.com\/#\/schema\/logo\/image\/"}}]}},"jetpack_sharing_enabled":true,"_links":{"self":[{"href":"https:\/\/tzionlibreria.com\/index.php\/wp-json\/wp\/v2\/product\/3372","targetHints":{"allow":["GET"]}}],"collection":[{"href":"https:\/\/tzionlibreria.com\/index.php\/wp-json\/wp\/v2\/product"}],"about":[{"href":"https:\/\/tzionlibreria.com\/index.php\/wp-json\/wp\/v2\/types\/product"}],"replies":[{"embeddable":true,"href":"https:\/\/tzionlibreria.com\/index.php\/wp-json\/wp\/v2\/comments?post=3372"}],"wp:featuredmedia":[{"embeddable":true,"href":"https:\/\/tzionlibreria.com\/index.php\/wp-json\/wp\/v2\/media\/3373"}],"wp:attachment":[{"href":"https:\/\/tzionlibreria.com\/index.php\/wp-json\/wp\/v2\/media?parent=3372"}],"wp:term":[{"taxonomy":"product_brand","embeddable":true,"href":"https:\/\/tzionlibreria.com\/index.php\/wp-json\/wp\/v2\/product_brand?post=3372"},{"taxonomy":"product_cat","embeddable":true,"href":"https:\/\/tzionlibreria.com\/index.php\/wp-json\/wp\/v2\/product_cat?post=3372"},{"taxonomy":"product_tag","embeddable":true,"href":"https:\/\/tzionlibreria.com\/index.php\/wp-json\/wp\/v2\/product_tag?post=3372"}],"curies":[{"name":"wp","href":"https:\/\/api.w.org\/{rel}","templated":true}]}}