{"id":3429,"date":"2024-04-01T02:46:17","date_gmt":"2024-04-01T02:46:17","guid":{"rendered":"https:\/\/tzionlibreria.com\/?post_type=product&#038;p=3429"},"modified":"2025-06-03T23:59:40","modified_gmt":"2025-06-03T23:59:40","slug":"relatos-de-historias-biblicas-para-la-familia","status":"publish","type":"product","link":"https:\/\/tzionlibreria.com\/index.php\/product\/relatos-de-historias-biblicas-para-la-familia\/","title":{"rendered":"Relatos de historias b\u00edblicas para la familia"},"content":{"rendered":"<div class=\"ast-oembed-container \" style=\"height: 100%;\"><iframe title=\"Relatos de Historias B\u00edblicas para la Familia - Todo lo que sucede en la Biblia\" width=\"500\" height=\"281\" src=\"https:\/\/www.youtube.com\/embed\/FDr19QHbDfM?feature=oembed\" frameborder=\"0\" allow=\"accelerometer; autoplay; clipboard-write; encrypted-media; gyroscope; picture-in-picture; web-share\" referrerpolicy=\"strict-origin-when-cross-origin\" allowfullscreen><\/iframe><\/div>\n<p>&nbsp;<\/p>\n<p>&nbsp;<\/p>\n<p><strong><span class=\"a-text-bold\">DESDE G\u00c9NESIS&#8230;\u00a0<\/span><\/strong><span class=\"a-text-bold a-text-italic\">\u201cEn el principio Dios cre\u00f3 todo de la nada\u201d<\/span><\/p>\n<p>\u00bfQu\u00e9 significan realmente todas las historias de la Biblia? \u00bfSer\u00e1 la Biblia demasiada aburrida para m\u00ed?<\/p>\n<p>\u00bfPor qu\u00e9 la Biblia es tan larga?\u00a0<span class=\"a-text-italic\">\u00bfAlguna vez te ha dado verg\u00fcenza hacer estas preguntas? Esta edici\u00f3n de Relatos de Historias\u00a0<\/span>B\u00edblicas para la Familia te ayudar\u00e1 a entender de qu\u00e9 tratan realmente las historias de la Biblia y c\u00f3mo cada una de ellas encaja para contar una gran historia sobre Dios y su amor por la gente, \u00a1incluido t\u00fa!<\/p>\n<p>Las historias de la Biblia se encuentra en t\u00e9rminos f\u00e1cilmente comprensibles, en cada cap\u00edtulo encontrar\u00e1s material extra como ilustraciones interesantes, datos divertidos y curiosidades sobre las historias b\u00edblicas, listas sencillas de personajes y lugares importantes, y formas f\u00e1ciles de aplicar los temas a tu propia vida.<\/p>\n<p>Despu\u00e9s de leer Relatos de Historias B\u00edblicas para la Familia, \u00a1Entender\u00e1s lo emocionante que es la Biblia y porque la palabra de Dios es importante para ti!<\/p>\n<p>.<strong>..HASTA APOCALIPSIS<\/strong> \u201cDios tiene toda la historia pasado, presente y futuro en Sus manos\u201d.<\/p>\n<p>&nbsp;<\/p>\n<p><strong>ISBN<\/strong>: 9781949206425<br \/>\n<strong>Dimensiones<\/strong>: 140 x 217 x 15 mm<br \/>\n<strong>Peso<\/strong>: 0,318kg<br \/>\n<strong>Cubierta<\/strong>: Tapa r\u00fastica<br \/>\n<strong>N\u00famero de p\u00e1ginas<\/strong>: 328<br \/>\n<strong>Fecha de lanzamiento<\/strong>: 05.12.2023<br \/>\n<strong>Idioma<\/strong>: Espa\u00f1ol<\/p>\n<p>&nbsp;<\/p>\n","protected":false},"excerpt":{"rendered":"<p>&nbsp; &nbsp; DESDE G\u00c9NESIS&#8230;\u00a0\u201cEn el principio Dios cre\u00f3 todo de la nada\u201d \u00bfQu\u00e9 significan realmente todas las historias de la Biblia? \u00bfSer\u00e1 la Biblia demasiada aburrida para m\u00ed? \u00bfPor qu\u00e9 la Biblia es tan larga?\u00a0\u00bfAlguna vez te ha dado verg\u00fcenza hacer estas preguntas? Esta edici\u00f3n de Relatos de Historias\u00a0B\u00edblicas para la Familia te ayudar\u00e1 a [&hellip;]<\/p>\n","protected":false},"featured_media":3430,"comment_status":"open","ping_status":"closed","template":"","meta":{"om_disable_all_campaigns":false,"_monsterinsights_skip_tracking":false,"_monsterinsights_sitenote_active":false,"_monsterinsights_sitenote_note":"","_monsterinsights_sitenote_category":0,"site-sidebar-layout":"default","site-content-layout":"","ast-site-content-layout":"default","site-content-style":"default","site-sidebar-style":"default","ast-global-header-display":"","ast-banner-title-visibility":"","ast-main-header-display":"","ast-hfb-above-header-display":"","ast-hfb-below-header-display":"","ast-hfb-mobile-header-display":"","site-post-title":"","ast-breadcrumbs-content":"","ast-featured-img":"","footer-sml-layout":"","ast-disable-related-posts":"","theme-transparent-header-meta":"default","adv-header-id-meta":"","stick-header-meta":"","header-above-stick-meta":"","header-main-stick-meta":"","header-below-stick-meta":"","astra-migrate-meta-layouts":"set","ast-page-background-enabled":"default","ast-page-background-meta":{"desktop":{"background-color":"var(--ast-global-color-4)","background-image":"","background-repeat":"repeat","background-position":"center center","background-size":"auto","background-attachment":"scroll","background-type":"","background-media":"","overlay-type":"","overlay-color":"","overlay-opacity":"","overlay-gradient":""},"tablet":{"background-color":"","background-image":"","background-repeat":"repeat","background-position":"center center","background-size":"auto","background-attachment":"scroll","background-type":"","background-media":"","overlay-type":"","overlay-color":"","overlay-opacity":"","overlay-gradient":""},"mobile":{"background-color":"","background-image":"","background-repeat":"repeat","background-position":"center center","background-size":"auto","background-attachment":"scroll","background-type":"","background-media":"","overlay-type":"","overlay-color":"","overlay-opacity":"","overlay-gradient":""}},"ast-content-background-meta":{"desktop":{"background-color":"var(--ast-global-color-5)","background-image":"","background-repeat":"repeat","background-position":"center center","background-size":"auto","background-attachment":"scroll","background-type":"","background-media":"","overlay-type":"","overlay-color":"","overlay-opacity":"","overlay-gradient":""},"tablet":{"background-color":"var(--ast-global-color-5)","background-image":"","background-repeat":"repeat","background-position":"center center","background-size":"auto","background-attachment":"scroll","background-type":"","background-media":"","overlay-type":"","overlay-color":"","overlay-opacity":"","overlay-gradient":""},"mobile":{"background-color":"var(--ast-global-color-5)","background-image":"","background-repeat":"repeat","background-position":"center center","background-size":"auto","background-attachment":"scroll","background-type":"","background-media":"","overlay-type":"","overlay-color":"","overlay-opacity":"","overlay-gradient":""}}},"product_brand":[],"product_cat":[25,209],"product_tag":[264,50],"class_list":{"0":"post-3429","1":"product","2":"type-product","3":"status-publish","4":"has-post-thumbnail","6":"product_cat-kids","7":"product_cat-libros-kids","8":"product_tag-historias","9":"product_tag-kids","10":"desktop-align-left","11":"tablet-align-left","12":"mobile-align-left","14":"first","15":"instock","16":"shipping-taxable","17":"purchasable","18":"product-type-simple"},"yoast_head":"<!-- This site is optimized with the Yoast SEO plugin v27.4 - https:\/\/yoast.com\/product\/yoast-seo-wordpress\/ -->\n<title>Relatos de historias b\u00edblicas para la familia - tzionlibreria.com<\/title>\n<meta name=\"description\" content=\"Despu\u00e9s de leer Relatos de Historias B\u00edblicas para la Familia, \u00a1Entender\u00e1s lo emocionante y el porque la palabra de Dios es importante para ti!\" \/>\n<meta name=\"robots\" content=\"index, follow, max-snippet:-1, max-image-preview:large, max-video-preview:-1\" \/>\n<link rel=\"canonical\" href=\"https:\/\/tzionlibreria.com\/index.php\/product\/relatos-de-historias-biblicas-para-la-familia\/\" \/>\n<meta property=\"og:locale\" content=\"es_ES\" \/>\n<meta property=\"og:type\" content=\"article\" \/>\n<meta property=\"og:title\" content=\"Relatos de historias b\u00edblicas para la familia - tzionlibreria.com\" \/>\n<meta property=\"og:description\" content=\"Despu\u00e9s de leer Relatos de Historias B\u00edblicas para la Familia, \u00a1Entender\u00e1s lo emocionante y el porque la palabra de Dios es importante para ti!\" \/>\n<meta property=\"og:url\" content=\"https:\/\/tzionlibreria.com\/index.php\/product\/relatos-de-historias-biblicas-para-la-familia\/\" \/>\n<meta property=\"og:site_name\" content=\"tzionlibreria.com\" \/>\n<meta property=\"article:modified_time\" content=\"2025-06-03T23:59:40+00:00\" \/>\n<meta property=\"og:image\" content=\"http:\/\/tzionlibreria.com\/wp-content\/uploads\/2024\/04\/relatos-de-historias-biblicas.jpg\" \/>\n\t<meta property=\"og:image:width\" content=\"1200\" \/>\n\t<meta property=\"og:image:height\" content=\"1200\" \/>\n\t<meta property=\"og:image:type\" content=\"image\/jpeg\" \/>\n<meta name=\"twitter:card\" content=\"summary_large_image\" \/>\n<meta name=\"twitter:label1\" content=\"Tiempo de lectura\" \/>\n\t<meta name=\"twitter:data1\" content=\"2 minutos\" \/>\n<script type=\"application\/ld+json\" class=\"yoast-schema-graph\">{\"@context\":\"https:\\\/\\\/schema.org\",\"@graph\":[{\"@type\":\"WebPage\",\"@id\":\"https:\\\/\\\/tzionlibreria.com\\\/index.php\\\/product\\\/relatos-de-historias-biblicas-para-la-familia\\\/\",\"url\":\"https:\\\/\\\/tzionlibreria.com\\\/index.php\\\/product\\\/relatos-de-historias-biblicas-para-la-familia\\\/\",\"name\":\"Relatos de historias b\u00edblicas para la familia - tzionlibreria.com\",\"isPartOf\":{\"@id\":\"https:\\\/\\\/tzionlibreria.com\\\/#website\"},\"primaryImageOfPage\":{\"@id\":\"https:\\\/\\\/tzionlibreria.com\\\/index.php\\\/product\\\/relatos-de-historias-biblicas-para-la-familia\\\/#primaryimage\"},\"image\":{\"@id\":\"https:\\\/\\\/tzionlibreria.com\\\/index.php\\\/product\\\/relatos-de-historias-biblicas-para-la-familia\\\/#primaryimage\"},\"thumbnailUrl\":\"https:\\\/\\\/tzionlibreria.com\\\/wp-content\\\/uploads\\\/2024\\\/04\\\/relatos-de-historias-biblicas.jpg\",\"datePublished\":\"2024-04-01T02:46:17+00:00\",\"dateModified\":\"2025-06-03T23:59:40+00:00\",\"description\":\"Despu\u00e9s de leer Relatos de Historias B\u00edblicas para la Familia, \u00a1Entender\u00e1s lo emocionante y el porque la palabra de Dios es importante para ti!\",\"breadcrumb\":{\"@id\":\"https:\\\/\\\/tzionlibreria.com\\\/index.php\\\/product\\\/relatos-de-historias-biblicas-para-la-familia\\\/#breadcrumb\"},\"inLanguage\":\"es-CO\",\"potentialAction\":[{\"@type\":\"ReadAction\",\"target\":[\"https:\\\/\\\/tzionlibreria.com\\\/index.php\\\/product\\\/relatos-de-historias-biblicas-para-la-familia\\\/\"]}]},{\"@type\":\"ImageObject\",\"inLanguage\":\"es-CO\",\"@id\":\"https:\\\/\\\/tzionlibreria.com\\\/index.php\\\/product\\\/relatos-de-historias-biblicas-para-la-familia\\\/#primaryimage\",\"url\":\"https:\\\/\\\/tzionlibreria.com\\\/wp-content\\\/uploads\\\/2024\\\/04\\\/relatos-de-historias-biblicas.jpg\",\"contentUrl\":\"https:\\\/\\\/tzionlibreria.com\\\/wp-content\\\/uploads\\\/2024\\\/04\\\/relatos-de-historias-biblicas.jpg\",\"width\":1200,\"height\":1200},{\"@type\":\"BreadcrumbList\",\"@id\":\"https:\\\/\\\/tzionlibreria.com\\\/index.php\\\/product\\\/relatos-de-historias-biblicas-para-la-familia\\\/#breadcrumb\",\"itemListElement\":[{\"@type\":\"ListItem\",\"position\":1,\"name\":\"Inicio\",\"item\":\"https:\\\/\\\/tzionlibreria.com\\\/\"},{\"@type\":\"ListItem\",\"position\":2,\"name\":\"Shop\",\"item\":\"https:\\\/\\\/tzionlibreria.com\\\/index.php\\\/shop\\\/\"},{\"@type\":\"ListItem\",\"position\":3,\"name\":\"Relatos de historias b\u00edblicas para la familia\"}]},{\"@type\":\"WebSite\",\"@id\":\"https:\\\/\\\/tzionlibreria.com\\\/#website\",\"url\":\"https:\\\/\\\/tzionlibreria.com\\\/\",\"name\":\"tzionlibreria.com\",\"description\":\"Libreria Cristiana Venezuela\",\"publisher\":{\"@id\":\"https:\\\/\\\/tzionlibreria.com\\\/#organization\"},\"potentialAction\":[{\"@type\":\"SearchAction\",\"target\":{\"@type\":\"EntryPoint\",\"urlTemplate\":\"https:\\\/\\\/tzionlibreria.com\\\/?s={search_term_string}\"},\"query-input\":{\"@type\":\"PropertyValueSpecification\",\"valueRequired\":true,\"valueName\":\"search_term_string\"}}],\"inLanguage\":\"es-CO\"},{\"@type\":\"Organization\",\"@id\":\"https:\\\/\\\/tzionlibreria.com\\\/#organization\",\"name\":\"tzionlibreria.com\",\"url\":\"https:\\\/\\\/tzionlibreria.com\\\/\",\"logo\":{\"@type\":\"ImageObject\",\"inLanguage\":\"es-CO\",\"@id\":\"https:\\\/\\\/tzionlibreria.com\\\/#\\\/schema\\\/logo\\\/image\\\/\",\"url\":\"https:\\\/\\\/tzionlibreria.com\\\/wp-content\\\/uploads\\\/2023\\\/10\\\/cropped-Cuadricula-scaled-1.jpg\",\"contentUrl\":\"https:\\\/\\\/tzionlibreria.com\\\/wp-content\\\/uploads\\\/2023\\\/10\\\/cropped-Cuadricula-scaled-1.jpg\",\"width\":2560,\"height\":2560,\"caption\":\"tzionlibreria.com\"},\"image\":{\"@id\":\"https:\\\/\\\/tzionlibreria.com\\\/#\\\/schema\\\/logo\\\/image\\\/\"}}]}<\/script>\n<!-- \/ Yoast SEO plugin. -->","yoast_head_json":{"title":"Relatos de historias b\u00edblicas para la familia - tzionlibreria.com","description":"Despu\u00e9s de leer Relatos de Historias B\u00edblicas para la Familia, \u00a1Entender\u00e1s lo emocionante y el porque la palabra de Dios es importante para ti!","robots":{"index":"index","follow":"follow","max-snippet":"max-snippet:-1","max-image-preview":"max-image-preview:large","max-video-preview":"max-video-preview:-1"},"canonical":"https:\/\/tzionlibreria.com\/index.php\/product\/relatos-de-historias-biblicas-para-la-familia\/","og_locale":"es_ES","og_type":"article","og_title":"Relatos de historias b\u00edblicas para la familia - tzionlibreria.com","og_description":"Despu\u00e9s de leer Relatos de Historias B\u00edblicas para la Familia, \u00a1Entender\u00e1s lo emocionante y el porque la palabra de Dios es importante para ti!","og_url":"https:\/\/tzionlibreria.com\/index.php\/product\/relatos-de-historias-biblicas-para-la-familia\/","og_site_name":"tzionlibreria.com","article_modified_time":"2025-06-03T23:59:40+00:00","og_image":[{"width":1200,"height":1200,"url":"http:\/\/tzionlibreria.com\/wp-content\/uploads\/2024\/04\/relatos-de-historias-biblicas.jpg","type":"image\/jpeg"}],"twitter_card":"summary_large_image","twitter_misc":{"Tiempo de lectura":"2 minutos"},"schema":{"@context":"https:\/\/schema.org","@graph":[{"@type":"WebPage","@id":"https:\/\/tzionlibreria.com\/index.php\/product\/relatos-de-historias-biblicas-para-la-familia\/","url":"https:\/\/tzionlibreria.com\/index.php\/product\/relatos-de-historias-biblicas-para-la-familia\/","name":"Relatos de historias b\u00edblicas para la familia - tzionlibreria.com","isPartOf":{"@id":"https:\/\/tzionlibreria.com\/#website"},"primaryImageOfPage":{"@id":"https:\/\/tzionlibreria.com\/index.php\/product\/relatos-de-historias-biblicas-para-la-familia\/#primaryimage"},"image":{"@id":"https:\/\/tzionlibreria.com\/index.php\/product\/relatos-de-historias-biblicas-para-la-familia\/#primaryimage"},"thumbnailUrl":"https:\/\/tzionlibreria.com\/wp-content\/uploads\/2024\/04\/relatos-de-historias-biblicas.jpg","datePublished":"2024-04-01T02:46:17+00:00","dateModified":"2025-06-03T23:59:40+00:00","description":"Despu\u00e9s de leer Relatos de Historias B\u00edblicas para la Familia, \u00a1Entender\u00e1s lo emocionante y el porque la palabra de Dios es importante para ti!","breadcrumb":{"@id":"https:\/\/tzionlibreria.com\/index.php\/product\/relatos-de-historias-biblicas-para-la-familia\/#breadcrumb"},"inLanguage":"es-CO","potentialAction":[{"@type":"ReadAction","target":["https:\/\/tzionlibreria.com\/index.php\/product\/relatos-de-historias-biblicas-para-la-familia\/"]}]},{"@type":"ImageObject","inLanguage":"es-CO","@id":"https:\/\/tzionlibreria.com\/index.php\/product\/relatos-de-historias-biblicas-para-la-familia\/#primaryimage","url":"https:\/\/tzionlibreria.com\/wp-content\/uploads\/2024\/04\/relatos-de-historias-biblicas.jpg","contentUrl":"https:\/\/tzionlibreria.com\/wp-content\/uploads\/2024\/04\/relatos-de-historias-biblicas.jpg","width":1200,"height":1200},{"@type":"BreadcrumbList","@id":"https:\/\/tzionlibreria.com\/index.php\/product\/relatos-de-historias-biblicas-para-la-familia\/#breadcrumb","itemListElement":[{"@type":"ListItem","position":1,"name":"Inicio","item":"https:\/\/tzionlibreria.com\/"},{"@type":"ListItem","position":2,"name":"Shop","item":"https:\/\/tzionlibreria.com\/index.php\/shop\/"},{"@type":"ListItem","position":3,"name":"Relatos de historias b\u00edblicas para la familia"}]},{"@type":"WebSite","@id":"https:\/\/tzionlibreria.com\/#website","url":"https:\/\/tzionlibreria.com\/","name":"tzionlibreria.com","description":"Libreria Cristiana Venezuela","publisher":{"@id":"https:\/\/tzionlibreria.com\/#organization"},"potentialAction":[{"@type":"SearchAction","target":{"@type":"EntryPoint","urlTemplate":"https:\/\/tzionlibreria.com\/?s={search_term_string}"},"query-input":{"@type":"PropertyValueSpecification","valueRequired":true,"valueName":"search_term_string"}}],"inLanguage":"es-CO"},{"@type":"Organization","@id":"https:\/\/tzionlibreria.com\/#organization","name":"tzionlibreria.com","url":"https:\/\/tzionlibreria.com\/","logo":{"@type":"ImageObject","inLanguage":"es-CO","@id":"https:\/\/tzionlibreria.com\/#\/schema\/logo\/image\/","url":"https:\/\/tzionlibreria.com\/wp-content\/uploads\/2023\/10\/cropped-Cuadricula-scaled-1.jpg","contentUrl":"https:\/\/tzionlibreria.com\/wp-content\/uploads\/2023\/10\/cropped-Cuadricula-scaled-1.jpg","width":2560,"height":2560,"caption":"tzionlibreria.com"},"image":{"@id":"https:\/\/tzionlibreria.com\/#\/schema\/logo\/image\/"}}]}},"jetpack_sharing_enabled":true,"_links":{"self":[{"href":"https:\/\/tzionlibreria.com\/index.php\/wp-json\/wp\/v2\/product\/3429","targetHints":{"allow":["GET"]}}],"collection":[{"href":"https:\/\/tzionlibreria.com\/index.php\/wp-json\/wp\/v2\/product"}],"about":[{"href":"https:\/\/tzionlibreria.com\/index.php\/wp-json\/wp\/v2\/types\/product"}],"replies":[{"embeddable":true,"href":"https:\/\/tzionlibreria.com\/index.php\/wp-json\/wp\/v2\/comments?post=3429"}],"wp:featuredmedia":[{"embeddable":true,"href":"https:\/\/tzionlibreria.com\/index.php\/wp-json\/wp\/v2\/media\/3430"}],"wp:attachment":[{"href":"https:\/\/tzionlibreria.com\/index.php\/wp-json\/wp\/v2\/media?parent=3429"}],"wp:term":[{"taxonomy":"product_brand","embeddable":true,"href":"https:\/\/tzionlibreria.com\/index.php\/wp-json\/wp\/v2\/product_brand?post=3429"},{"taxonomy":"product_cat","embeddable":true,"href":"https:\/\/tzionlibreria.com\/index.php\/wp-json\/wp\/v2\/product_cat?post=3429"},{"taxonomy":"product_tag","embeddable":true,"href":"https:\/\/tzionlibreria.com\/index.php\/wp-json\/wp\/v2\/product_tag?post=3429"}],"curies":[{"name":"wp","href":"https:\/\/api.w.org\/{rel}","templated":true}]}}