{"id":3431,"date":"2024-04-01T02:53:24","date_gmt":"2024-04-01T02:53:24","guid":{"rendered":"https:\/\/tzionlibreria.com\/?post_type=product&#038;p=3431"},"modified":"2025-01-05T16:12:01","modified_gmt":"2025-01-05T16:12:01","slug":"libro-de-historias-biblicas-para-principiantes-30-devocionales","status":"publish","type":"product","link":"https:\/\/tzionlibreria.com\/index.php\/product\/libro-de-historias-biblicas-para-principiantes-30-devocionales\/","title":{"rendered":"Libro De Historias B\u00edblicas Para Principiantes &#8211; 30 Devocionales"},"content":{"rendered":"<p>-Este libro contiene 30\u00a0 historias b\u00edblicas bien conocidas, contadas en oraciones breves, que se enfocan en el anhelo de Dios de tener una relaci\u00f3n con sus hijos. Las historias cautivar\u00e1n a los chicos con sus vibrantes ilustraciones. Cada una est\u00e1 resaltada con una breve oraci\u00f3n y preguntas para invitar a la comprensi\u00f3n de lectura.<\/p>\n<div><\/div>\n<div>-El libro de historias b\u00edblicas para principiantes es perfecto para usar en el devocional familiar diario, e ideal para ayudar a los chicos a aprender y entender los designios de Dios.<\/div>\n<div><\/div>\n<div><strong>Para principiantes de 3 a\u00f1os en adelante.<\/strong><\/div>\n<div><\/div>\n<div><strong>ISBN<\/strong>: 9789588867632<br \/>\n<strong>Cubierta<\/strong>:Tapa dura acolchada<br \/>\n<strong>Idioma<\/strong>: Espa\u00f1ol<\/div>\n","protected":false},"excerpt":{"rendered":"<p>-Este libro contiene 30\u00a0 historias b\u00edblicas bien conocidas, contadas en oraciones breves, que se enfocan en el anhelo de Dios de tener una relaci\u00f3n con sus hijos. Las historias cautivar\u00e1n a los chicos con sus vibrantes ilustraciones. Cada una est\u00e1 resaltada con una breve oraci\u00f3n y preguntas para invitar a la comprensi\u00f3n de lectura. -El [&hellip;]<\/p>\n","protected":false},"featured_media":3432,"comment_status":"open","ping_status":"closed","template":"","meta":{"om_disable_all_campaigns":false,"_monsterinsights_skip_tracking":false,"_monsterinsights_sitenote_active":false,"_monsterinsights_sitenote_note":"","_monsterinsights_sitenote_category":0,"site-sidebar-layout":"default","site-content-layout":"","ast-site-content-layout":"default","site-content-style":"default","site-sidebar-style":"default","ast-global-header-display":"","ast-banner-title-visibility":"","ast-main-header-display":"","ast-hfb-above-header-display":"","ast-hfb-below-header-display":"","ast-hfb-mobile-header-display":"","site-post-title":"","ast-breadcrumbs-content":"","ast-featured-img":"","footer-sml-layout":"","ast-disable-related-posts":"","theme-transparent-header-meta":"default","adv-header-id-meta":"","stick-header-meta":"","header-above-stick-meta":"","header-main-stick-meta":"","header-below-stick-meta":"","astra-migrate-meta-layouts":"set","ast-page-background-enabled":"default","ast-page-background-meta":{"desktop":{"background-color":"var(--ast-global-color-4)","background-image":"","background-repeat":"repeat","background-position":"center center","background-size":"auto","background-attachment":"scroll","background-type":"","background-media":"","overlay-type":"","overlay-color":"","overlay-opacity":"","overlay-gradient":""},"tablet":{"background-color":"","background-image":"","background-repeat":"repeat","background-position":"center center","background-size":"auto","background-attachment":"scroll","background-type":"","background-media":"","overlay-type":"","overlay-color":"","overlay-opacity":"","overlay-gradient":""},"mobile":{"background-color":"","background-image":"","background-repeat":"repeat","background-position":"center center","background-size":"auto","background-attachment":"scroll","background-type":"","background-media":"","overlay-type":"","overlay-color":"","overlay-opacity":"","overlay-gradient":""}},"ast-content-background-meta":{"desktop":{"background-color":"var(--ast-global-color-5)","background-image":"","background-repeat":"repeat","background-position":"center center","background-size":"auto","background-attachment":"scroll","background-type":"","background-media":"","overlay-type":"","overlay-color":"","overlay-opacity":"","overlay-gradient":""},"tablet":{"background-color":"var(--ast-global-color-5)","background-image":"","background-repeat":"repeat","background-position":"center center","background-size":"auto","background-attachment":"scroll","background-type":"","background-media":"","overlay-type":"","overlay-color":"","overlay-opacity":"","overlay-gradient":""},"mobile":{"background-color":"var(--ast-global-color-5)","background-image":"","background-repeat":"repeat","background-position":"center center","background-size":"auto","background-attachment":"scroll","background-type":"","background-media":"","overlay-type":"","overlay-color":"","overlay-opacity":"","overlay-gradient":""}}},"product_brand":[],"product_cat":[24,25,209],"product_tag":[265,50],"class_list":{"0":"post-3431","1":"product","2":"type-product","3":"status-publish","4":"has-post-thumbnail","6":"product_cat-devocionales","7":"product_cat-kids","8":"product_cat-libros-kids","9":"product_tag-devocionales","10":"product_tag-kids","11":"desktop-align-left","12":"tablet-align-left","13":"mobile-align-left","15":"first","16":"outofstock","17":"shipping-taxable","18":"purchasable","19":"product-type-simple"},"yoast_head":"<!-- This site is optimized with the Yoast SEO plugin v27.4 - https:\/\/yoast.com\/product\/yoast-seo-wordpress\/ -->\n<title>Libro De Historias B\u00edblicas Para Principiantes - 30 Devocionales - tzionlibreria.com<\/title>\n<meta name=\"description\" content=\"Este libro contiene 30\u00a0 historias b\u00edblicas, contadas en oraciones breves, que se enfocan en el anhelo de Dios de tener una relaci\u00f3n con sus hijos.\" \/>\n<meta name=\"robots\" content=\"index, follow, max-snippet:-1, max-image-preview:large, max-video-preview:-1\" \/>\n<link rel=\"canonical\" href=\"https:\/\/tzionlibreria.com\/index.php\/product\/libro-de-historias-biblicas-para-principiantes-30-devocionales\/\" \/>\n<meta property=\"og:locale\" content=\"es_ES\" \/>\n<meta property=\"og:type\" content=\"article\" \/>\n<meta property=\"og:title\" content=\"Libro De Historias B\u00edblicas Para Principiantes - 30 Devocionales - tzionlibreria.com\" \/>\n<meta property=\"og:description\" content=\"Este libro contiene 30\u00a0 historias b\u00edblicas, contadas en oraciones breves, que se enfocan en el anhelo de Dios de tener una relaci\u00f3n con sus hijos.\" \/>\n<meta property=\"og:url\" content=\"https:\/\/tzionlibreria.com\/index.php\/product\/libro-de-historias-biblicas-para-principiantes-30-devocionales\/\" \/>\n<meta property=\"og:site_name\" content=\"tzionlibreria.com\" \/>\n<meta property=\"article:modified_time\" content=\"2025-01-05T16:12:01+00:00\" \/>\n<meta property=\"og:image\" content=\"http:\/\/tzionlibreria.com\/wp-content\/uploads\/2024\/04\/historias-biblicas-para-principiantes.jpg\" \/>\n\t<meta property=\"og:image:width\" content=\"1200\" \/>\n\t<meta property=\"og:image:height\" content=\"1200\" \/>\n\t<meta property=\"og:image:type\" content=\"image\/jpeg\" \/>\n<meta name=\"twitter:card\" content=\"summary_large_image\" \/>\n<meta name=\"twitter:label1\" content=\"Tiempo de lectura\" \/>\n\t<meta name=\"twitter:data1\" content=\"1 minuto\" \/>\n<script type=\"application\/ld+json\" class=\"yoast-schema-graph\">{\"@context\":\"https:\\\/\\\/schema.org\",\"@graph\":[{\"@type\":\"WebPage\",\"@id\":\"https:\\\/\\\/tzionlibreria.com\\\/index.php\\\/product\\\/libro-de-historias-biblicas-para-principiantes-30-devocionales\\\/\",\"url\":\"https:\\\/\\\/tzionlibreria.com\\\/index.php\\\/product\\\/libro-de-historias-biblicas-para-principiantes-30-devocionales\\\/\",\"name\":\"Libro De Historias B\u00edblicas Para Principiantes - 30 Devocionales - tzionlibreria.com\",\"isPartOf\":{\"@id\":\"https:\\\/\\\/tzionlibreria.com\\\/#website\"},\"primaryImageOfPage\":{\"@id\":\"https:\\\/\\\/tzionlibreria.com\\\/index.php\\\/product\\\/libro-de-historias-biblicas-para-principiantes-30-devocionales\\\/#primaryimage\"},\"image\":{\"@id\":\"https:\\\/\\\/tzionlibreria.com\\\/index.php\\\/product\\\/libro-de-historias-biblicas-para-principiantes-30-devocionales\\\/#primaryimage\"},\"thumbnailUrl\":\"https:\\\/\\\/tzionlibreria.com\\\/wp-content\\\/uploads\\\/2024\\\/04\\\/historias-biblicas-para-principiantes.jpg\",\"datePublished\":\"2024-04-01T02:53:24+00:00\",\"dateModified\":\"2025-01-05T16:12:01+00:00\",\"description\":\"Este libro contiene 30\u00a0 historias b\u00edblicas, contadas en oraciones breves, que se enfocan en el anhelo de Dios de tener una relaci\u00f3n con sus hijos.\",\"breadcrumb\":{\"@id\":\"https:\\\/\\\/tzionlibreria.com\\\/index.php\\\/product\\\/libro-de-historias-biblicas-para-principiantes-30-devocionales\\\/#breadcrumb\"},\"inLanguage\":\"es-CO\",\"potentialAction\":[{\"@type\":\"ReadAction\",\"target\":[\"https:\\\/\\\/tzionlibreria.com\\\/index.php\\\/product\\\/libro-de-historias-biblicas-para-principiantes-30-devocionales\\\/\"]}]},{\"@type\":\"ImageObject\",\"inLanguage\":\"es-CO\",\"@id\":\"https:\\\/\\\/tzionlibreria.com\\\/index.php\\\/product\\\/libro-de-historias-biblicas-para-principiantes-30-devocionales\\\/#primaryimage\",\"url\":\"https:\\\/\\\/tzionlibreria.com\\\/wp-content\\\/uploads\\\/2024\\\/04\\\/historias-biblicas-para-principiantes.jpg\",\"contentUrl\":\"https:\\\/\\\/tzionlibreria.com\\\/wp-content\\\/uploads\\\/2024\\\/04\\\/historias-biblicas-para-principiantes.jpg\",\"width\":1200,\"height\":1200},{\"@type\":\"BreadcrumbList\",\"@id\":\"https:\\\/\\\/tzionlibreria.com\\\/index.php\\\/product\\\/libro-de-historias-biblicas-para-principiantes-30-devocionales\\\/#breadcrumb\",\"itemListElement\":[{\"@type\":\"ListItem\",\"position\":1,\"name\":\"Inicio\",\"item\":\"https:\\\/\\\/tzionlibreria.com\\\/\"},{\"@type\":\"ListItem\",\"position\":2,\"name\":\"Shop\",\"item\":\"https:\\\/\\\/tzionlibreria.com\\\/index.php\\\/shop\\\/\"},{\"@type\":\"ListItem\",\"position\":3,\"name\":\"Libro De Historias B\u00edblicas Para Principiantes &#8211; 30 Devocionales\"}]},{\"@type\":\"WebSite\",\"@id\":\"https:\\\/\\\/tzionlibreria.com\\\/#website\",\"url\":\"https:\\\/\\\/tzionlibreria.com\\\/\",\"name\":\"tzionlibreria.com\",\"description\":\"Libreria Cristiana Venezuela\",\"publisher\":{\"@id\":\"https:\\\/\\\/tzionlibreria.com\\\/#organization\"},\"potentialAction\":[{\"@type\":\"SearchAction\",\"target\":{\"@type\":\"EntryPoint\",\"urlTemplate\":\"https:\\\/\\\/tzionlibreria.com\\\/?s={search_term_string}\"},\"query-input\":{\"@type\":\"PropertyValueSpecification\",\"valueRequired\":true,\"valueName\":\"search_term_string\"}}],\"inLanguage\":\"es-CO\"},{\"@type\":\"Organization\",\"@id\":\"https:\\\/\\\/tzionlibreria.com\\\/#organization\",\"name\":\"tzionlibreria.com\",\"url\":\"https:\\\/\\\/tzionlibreria.com\\\/\",\"logo\":{\"@type\":\"ImageObject\",\"inLanguage\":\"es-CO\",\"@id\":\"https:\\\/\\\/tzionlibreria.com\\\/#\\\/schema\\\/logo\\\/image\\\/\",\"url\":\"https:\\\/\\\/tzionlibreria.com\\\/wp-content\\\/uploads\\\/2023\\\/10\\\/cropped-Cuadricula-scaled-1.jpg\",\"contentUrl\":\"https:\\\/\\\/tzionlibreria.com\\\/wp-content\\\/uploads\\\/2023\\\/10\\\/cropped-Cuadricula-scaled-1.jpg\",\"width\":2560,\"height\":2560,\"caption\":\"tzionlibreria.com\"},\"image\":{\"@id\":\"https:\\\/\\\/tzionlibreria.com\\\/#\\\/schema\\\/logo\\\/image\\\/\"}}]}<\/script>\n<!-- \/ Yoast SEO plugin. -->","yoast_head_json":{"title":"Libro De Historias B\u00edblicas Para Principiantes - 30 Devocionales - tzionlibreria.com","description":"Este libro contiene 30\u00a0 historias b\u00edblicas, contadas en oraciones breves, que se enfocan en el anhelo de Dios de tener una relaci\u00f3n con sus hijos.","robots":{"index":"index","follow":"follow","max-snippet":"max-snippet:-1","max-image-preview":"max-image-preview:large","max-video-preview":"max-video-preview:-1"},"canonical":"https:\/\/tzionlibreria.com\/index.php\/product\/libro-de-historias-biblicas-para-principiantes-30-devocionales\/","og_locale":"es_ES","og_type":"article","og_title":"Libro De Historias B\u00edblicas Para Principiantes - 30 Devocionales - tzionlibreria.com","og_description":"Este libro contiene 30\u00a0 historias b\u00edblicas, contadas en oraciones breves, que se enfocan en el anhelo de Dios de tener una relaci\u00f3n con sus hijos.","og_url":"https:\/\/tzionlibreria.com\/index.php\/product\/libro-de-historias-biblicas-para-principiantes-30-devocionales\/","og_site_name":"tzionlibreria.com","article_modified_time":"2025-01-05T16:12:01+00:00","og_image":[{"width":1200,"height":1200,"url":"http:\/\/tzionlibreria.com\/wp-content\/uploads\/2024\/04\/historias-biblicas-para-principiantes.jpg","type":"image\/jpeg"}],"twitter_card":"summary_large_image","twitter_misc":{"Tiempo de lectura":"1 minuto"},"schema":{"@context":"https:\/\/schema.org","@graph":[{"@type":"WebPage","@id":"https:\/\/tzionlibreria.com\/index.php\/product\/libro-de-historias-biblicas-para-principiantes-30-devocionales\/","url":"https:\/\/tzionlibreria.com\/index.php\/product\/libro-de-historias-biblicas-para-principiantes-30-devocionales\/","name":"Libro De Historias B\u00edblicas Para Principiantes - 30 Devocionales - tzionlibreria.com","isPartOf":{"@id":"https:\/\/tzionlibreria.com\/#website"},"primaryImageOfPage":{"@id":"https:\/\/tzionlibreria.com\/index.php\/product\/libro-de-historias-biblicas-para-principiantes-30-devocionales\/#primaryimage"},"image":{"@id":"https:\/\/tzionlibreria.com\/index.php\/product\/libro-de-historias-biblicas-para-principiantes-30-devocionales\/#primaryimage"},"thumbnailUrl":"https:\/\/tzionlibreria.com\/wp-content\/uploads\/2024\/04\/historias-biblicas-para-principiantes.jpg","datePublished":"2024-04-01T02:53:24+00:00","dateModified":"2025-01-05T16:12:01+00:00","description":"Este libro contiene 30\u00a0 historias b\u00edblicas, contadas en oraciones breves, que se enfocan en el anhelo de Dios de tener una relaci\u00f3n con sus hijos.","breadcrumb":{"@id":"https:\/\/tzionlibreria.com\/index.php\/product\/libro-de-historias-biblicas-para-principiantes-30-devocionales\/#breadcrumb"},"inLanguage":"es-CO","potentialAction":[{"@type":"ReadAction","target":["https:\/\/tzionlibreria.com\/index.php\/product\/libro-de-historias-biblicas-para-principiantes-30-devocionales\/"]}]},{"@type":"ImageObject","inLanguage":"es-CO","@id":"https:\/\/tzionlibreria.com\/index.php\/product\/libro-de-historias-biblicas-para-principiantes-30-devocionales\/#primaryimage","url":"https:\/\/tzionlibreria.com\/wp-content\/uploads\/2024\/04\/historias-biblicas-para-principiantes.jpg","contentUrl":"https:\/\/tzionlibreria.com\/wp-content\/uploads\/2024\/04\/historias-biblicas-para-principiantes.jpg","width":1200,"height":1200},{"@type":"BreadcrumbList","@id":"https:\/\/tzionlibreria.com\/index.php\/product\/libro-de-historias-biblicas-para-principiantes-30-devocionales\/#breadcrumb","itemListElement":[{"@type":"ListItem","position":1,"name":"Inicio","item":"https:\/\/tzionlibreria.com\/"},{"@type":"ListItem","position":2,"name":"Shop","item":"https:\/\/tzionlibreria.com\/index.php\/shop\/"},{"@type":"ListItem","position":3,"name":"Libro De Historias B\u00edblicas Para Principiantes &#8211; 30 Devocionales"}]},{"@type":"WebSite","@id":"https:\/\/tzionlibreria.com\/#website","url":"https:\/\/tzionlibreria.com\/","name":"tzionlibreria.com","description":"Libreria Cristiana Venezuela","publisher":{"@id":"https:\/\/tzionlibreria.com\/#organization"},"potentialAction":[{"@type":"SearchAction","target":{"@type":"EntryPoint","urlTemplate":"https:\/\/tzionlibreria.com\/?s={search_term_string}"},"query-input":{"@type":"PropertyValueSpecification","valueRequired":true,"valueName":"search_term_string"}}],"inLanguage":"es-CO"},{"@type":"Organization","@id":"https:\/\/tzionlibreria.com\/#organization","name":"tzionlibreria.com","url":"https:\/\/tzionlibreria.com\/","logo":{"@type":"ImageObject","inLanguage":"es-CO","@id":"https:\/\/tzionlibreria.com\/#\/schema\/logo\/image\/","url":"https:\/\/tzionlibreria.com\/wp-content\/uploads\/2023\/10\/cropped-Cuadricula-scaled-1.jpg","contentUrl":"https:\/\/tzionlibreria.com\/wp-content\/uploads\/2023\/10\/cropped-Cuadricula-scaled-1.jpg","width":2560,"height":2560,"caption":"tzionlibreria.com"},"image":{"@id":"https:\/\/tzionlibreria.com\/#\/schema\/logo\/image\/"}}]}},"jetpack_sharing_enabled":true,"_links":{"self":[{"href":"https:\/\/tzionlibreria.com\/index.php\/wp-json\/wp\/v2\/product\/3431","targetHints":{"allow":["GET"]}}],"collection":[{"href":"https:\/\/tzionlibreria.com\/index.php\/wp-json\/wp\/v2\/product"}],"about":[{"href":"https:\/\/tzionlibreria.com\/index.php\/wp-json\/wp\/v2\/types\/product"}],"replies":[{"embeddable":true,"href":"https:\/\/tzionlibreria.com\/index.php\/wp-json\/wp\/v2\/comments?post=3431"}],"wp:featuredmedia":[{"embeddable":true,"href":"https:\/\/tzionlibreria.com\/index.php\/wp-json\/wp\/v2\/media\/3432"}],"wp:attachment":[{"href":"https:\/\/tzionlibreria.com\/index.php\/wp-json\/wp\/v2\/media?parent=3431"}],"wp:term":[{"taxonomy":"product_brand","embeddable":true,"href":"https:\/\/tzionlibreria.com\/index.php\/wp-json\/wp\/v2\/product_brand?post=3431"},{"taxonomy":"product_cat","embeddable":true,"href":"https:\/\/tzionlibreria.com\/index.php\/wp-json\/wp\/v2\/product_cat?post=3431"},{"taxonomy":"product_tag","embeddable":true,"href":"https:\/\/tzionlibreria.com\/index.php\/wp-json\/wp\/v2\/product_tag?post=3431"}],"curies":[{"name":"wp","href":"https:\/\/api.w.org\/{rel}","templated":true}]}}