{"id":3463,"date":"2024-04-08T16:25:06","date_gmt":"2024-04-08T16:25:06","guid":{"rendered":"https:\/\/tzionlibreria.com\/?post_type=product&#038;p=3463"},"modified":"2026-03-26T11:02:50","modified_gmt":"2026-03-26T11:02:50","slug":"biblia-rvr-1960-brujula-con-indice-cierre-gris-negro","status":"publish","type":"product","link":"https:\/\/tzionlibreria.com\/index.php\/product\/biblia-rvr-1960-brujula-con-indice-cierre-gris-negro\/","title":{"rendered":"Biblia RVR 1960 Br\u00fajula de bolsillo br\u00fajula con \u00edndice cierre gris"},"content":{"rendered":"<div class=\"ast-oembed-container \" style=\"height: 100%;\"><iframe title=\"Biblia RVR 1960 Br\u00fajula con \u00edndice \u2013 Cierre Gris Negro\" width=\"500\" height=\"281\" src=\"https:\/\/www.youtube.com\/embed\/RqXIg4z_-Y8?feature=oembed\" frameborder=\"0\" allow=\"accelerometer; autoplay; clipboard-write; encrypted-media; gyroscope; picture-in-picture; web-share\" referrerpolicy=\"strict-origin-when-cross-origin\" allowfullscreen><\/iframe><\/div>\n<p>&nbsp;<\/p>\n<div id=\"ctl00_ucPDTabs_ctl00_fs\" class=\"ProductDetailGroup\">\n<p>La versi\u00f3n Reina-Valera 1960 es \u00fanica en su g\u00e9nero y ha llegado a ser una traducci\u00f3n cl\u00e1sica que se ha convertido en el texto b\u00edblico preferido de cientos de miles de lectores. La Reina Valera en una hermosa presentaci\u00f3n pensada totalmente en hombres de hoy, materiales flexibles y resistentes, dise\u00f1os de colores llamativos. En un tama\u00f1o f\u00e1cil de llevar a cualquier lugar. Con excelentes herramientas para aprender m\u00e1s del estudio de la Palabra.<\/p>\n<div><\/div>\n<div><strong>Contiene :\u00a0<\/strong><\/div>\n<div>\n<ul>\n<li>Con cierre e \u00edndice<\/li>\n<li>Cuenta con un nuevo dise\u00f1o\u00a0 y nueva tipograf\u00eda con mejor legibilidad<\/li>\n<li>Todo el contenido y dise\u00f1o va a dos colores<\/li>\n<li>Canto plateado<\/li>\n<li>C\u00f3mo leer la Biblia<\/li>\n<li>La Biblia en un a\u00f1o<\/li>\n<li>Pasajes famosos de la Biblia<\/li>\n<li>Lo que dice la Biblia acerca del Perd\u00f3n de Dios<\/li>\n<li>Concordancia<\/li>\n<li>Mapas<\/li>\n<li>Cubierta imitaci\u00f3n piel, flexible, repujada<\/li>\n<li>Con cremallera.Cinta separadora<\/li>\n<li>Canto plateado\u00a0 dorado.<\/li>\n<li>Palabras de Jes\u00fas en rojo<\/li>\n<li>Concordancia<\/li>\n<\/ul>\n<\/div>\n<\/div>\n<div id=\"ctl00_ucPDTabs_ctl01_fs\" class=\"ProductDetailGroup\"><\/div>\n<div><strong>ISBN<\/strong>: 9789587456691<br \/>\n<strong>Dimensiones<\/strong>: 110 x 160 x 35 mm<br \/>\n<strong>Peso<\/strong>: 0,440kg<br \/>\n<strong>Cubierta<\/strong>: Imitaci\u00f3n piel<br \/>\n<strong>N\u00famero de p\u00e1ginas<\/strong>: 1760<br \/>\n<strong>Fecha de publicaci\u00f3n<\/strong>: 10.03.2022<br \/>\n<strong>Idioma<\/strong>: Espa\u00f1ol<\/div>\n","protected":false},"excerpt":{"rendered":"<p>&nbsp; La versi\u00f3n Reina-Valera 1960 es \u00fanica en su g\u00e9nero y ha llegado a ser una traducci\u00f3n cl\u00e1sica que se ha convertido en el texto b\u00edblico preferido de cientos de miles de lectores. La Reina Valera en una hermosa presentaci\u00f3n pensada totalmente en hombres de hoy, materiales flexibles y resistentes, dise\u00f1os de colores llamativos. En [&hellip;]<\/p>\n","protected":false},"featured_media":3464,"comment_status":"open","ping_status":"closed","template":"","meta":{"om_disable_all_campaigns":false,"_monsterinsights_skip_tracking":false,"_monsterinsights_sitenote_active":false,"_monsterinsights_sitenote_note":"","_monsterinsights_sitenote_category":0,"site-sidebar-layout":"default","site-content-layout":"","ast-site-content-layout":"default","site-content-style":"default","site-sidebar-style":"default","ast-global-header-display":"","ast-banner-title-visibility":"","ast-main-header-display":"","ast-hfb-above-header-display":"","ast-hfb-below-header-display":"","ast-hfb-mobile-header-display":"","site-post-title":"","ast-breadcrumbs-content":"","ast-featured-img":"","footer-sml-layout":"","ast-disable-related-posts":"","theme-transparent-header-meta":"default","adv-header-id-meta":"","stick-header-meta":"","header-above-stick-meta":"","header-main-stick-meta":"","header-below-stick-meta":"","astra-migrate-meta-layouts":"set","ast-page-background-enabled":"default","ast-page-background-meta":{"desktop":{"background-color":"var(--ast-global-color-4)","background-image":"","background-repeat":"repeat","background-position":"center center","background-size":"auto","background-attachment":"scroll","background-type":"","background-media":"","overlay-type":"","overlay-color":"","overlay-opacity":"","overlay-gradient":""},"tablet":{"background-color":"","background-image":"","background-repeat":"repeat","background-position":"center center","background-size":"auto","background-attachment":"scroll","background-type":"","background-media":"","overlay-type":"","overlay-color":"","overlay-opacity":"","overlay-gradient":""},"mobile":{"background-color":"","background-image":"","background-repeat":"repeat","background-position":"center center","background-size":"auto","background-attachment":"scroll","background-type":"","background-media":"","overlay-type":"","overlay-color":"","overlay-opacity":"","overlay-gradient":""}},"ast-content-background-meta":{"desktop":{"background-color":"var(--ast-global-color-5)","background-image":"","background-repeat":"repeat","background-position":"center center","background-size":"auto","background-attachment":"scroll","background-type":"","background-media":"","overlay-type":"","overlay-color":"","overlay-opacity":"","overlay-gradient":""},"tablet":{"background-color":"var(--ast-global-color-5)","background-image":"","background-repeat":"repeat","background-position":"center center","background-size":"auto","background-attachment":"scroll","background-type":"","background-media":"","overlay-type":"","overlay-color":"","overlay-opacity":"","overlay-gradient":""},"mobile":{"background-color":"var(--ast-global-color-5)","background-image":"","background-repeat":"repeat","background-position":"center center","background-size":"auto","background-attachment":"scroll","background-type":"","background-media":"","overlay-type":"","overlay-color":"","overlay-opacity":"","overlay-gradient":""}}},"product_brand":[],"product_cat":[22,42,287],"product_tag":[267,198],"class_list":{"0":"post-3463","1":"product","2":"type-product","3":"status-publish","4":"has-post-thumbnail","6":"product_cat-biblias","7":"product_cat-biblias-reina-valera","8":"product_cat-bolsillo-rvr","9":"product_tag-biblia-con-indice","10":"product_tag-hombres","11":"desktop-align-left","12":"tablet-align-left","13":"mobile-align-left","15":"first","16":"instock","17":"shipping-taxable","18":"purchasable","19":"product-type-simple"},"yoast_head":"<!-- This site is optimized with the Yoast SEO plugin v27.4 - https:\/\/yoast.com\/product\/yoast-seo-wordpress\/ -->\n<title>Biblia RVR 1960 Br\u00fajula de bolsillo br\u00fajula con \u00edndice cierre gris - tzionlibreria.com<\/title>\n<meta name=\"description\" content=\"Biblia Reina Valera en una hermosa presentaci\u00f3n pensada totalmente en hombres, materiales flexibles y resistentes. En un tama\u00f1o f\u00e1cil de llevar.\" \/>\n<meta name=\"robots\" content=\"index, follow, max-snippet:-1, max-image-preview:large, max-video-preview:-1\" \/>\n<link rel=\"canonical\" href=\"https:\/\/tzionlibreria.com\/index.php\/product\/biblia-rvr-1960-brujula-con-indice-cierre-gris-negro\/\" \/>\n<meta property=\"og:locale\" content=\"es_ES\" \/>\n<meta property=\"og:type\" content=\"article\" \/>\n<meta property=\"og:title\" content=\"Biblia RVR 1960 Br\u00fajula de bolsillo br\u00fajula con \u00edndice cierre gris - tzionlibreria.com\" \/>\n<meta property=\"og:description\" content=\"Biblia Reina Valera en una hermosa presentaci\u00f3n pensada totalmente en hombres, materiales flexibles y resistentes. En un tama\u00f1o f\u00e1cil de llevar.\" \/>\n<meta property=\"og:url\" content=\"https:\/\/tzionlibreria.com\/index.php\/product\/biblia-rvr-1960-brujula-con-indice-cierre-gris-negro\/\" \/>\n<meta property=\"og:site_name\" content=\"tzionlibreria.com\" \/>\n<meta property=\"article:modified_time\" content=\"2026-03-26T11:02:50+00:00\" \/>\n<meta property=\"og:image\" content=\"http:\/\/tzionlibreria.com\/wp-content\/uploads\/2024\/04\/biblia-brujula-con-indice.jpg\" \/>\n\t<meta property=\"og:image:width\" content=\"1200\" \/>\n\t<meta property=\"og:image:height\" content=\"1200\" \/>\n\t<meta property=\"og:image:type\" content=\"image\/jpeg\" \/>\n<meta name=\"twitter:card\" content=\"summary_large_image\" \/>\n<meta name=\"twitter:label1\" content=\"Tiempo de lectura\" \/>\n\t<meta name=\"twitter:data1\" content=\"1 minuto\" \/>\n<script type=\"application\/ld+json\" class=\"yoast-schema-graph\">{\"@context\":\"https:\\\/\\\/schema.org\",\"@graph\":[{\"@type\":\"WebPage\",\"@id\":\"https:\\\/\\\/tzionlibreria.com\\\/index.php\\\/product\\\/biblia-rvr-1960-brujula-con-indice-cierre-gris-negro\\\/\",\"url\":\"https:\\\/\\\/tzionlibreria.com\\\/index.php\\\/product\\\/biblia-rvr-1960-brujula-con-indice-cierre-gris-negro\\\/\",\"name\":\"Biblia RVR 1960 Br\u00fajula de bolsillo br\u00fajula con \u00edndice cierre gris - tzionlibreria.com\",\"isPartOf\":{\"@id\":\"https:\\\/\\\/tzionlibreria.com\\\/#website\"},\"primaryImageOfPage\":{\"@id\":\"https:\\\/\\\/tzionlibreria.com\\\/index.php\\\/product\\\/biblia-rvr-1960-brujula-con-indice-cierre-gris-negro\\\/#primaryimage\"},\"image\":{\"@id\":\"https:\\\/\\\/tzionlibreria.com\\\/index.php\\\/product\\\/biblia-rvr-1960-brujula-con-indice-cierre-gris-negro\\\/#primaryimage\"},\"thumbnailUrl\":\"https:\\\/\\\/tzionlibreria.com\\\/wp-content\\\/uploads\\\/2024\\\/04\\\/biblia-brujula-con-indice.jpg\",\"datePublished\":\"2024-04-08T16:25:06+00:00\",\"dateModified\":\"2026-03-26T11:02:50+00:00\",\"description\":\"Biblia Reina Valera en una hermosa presentaci\u00f3n pensada totalmente en hombres, materiales flexibles y resistentes. En un tama\u00f1o f\u00e1cil de llevar.\",\"breadcrumb\":{\"@id\":\"https:\\\/\\\/tzionlibreria.com\\\/index.php\\\/product\\\/biblia-rvr-1960-brujula-con-indice-cierre-gris-negro\\\/#breadcrumb\"},\"inLanguage\":\"es-CO\",\"potentialAction\":[{\"@type\":\"ReadAction\",\"target\":[\"https:\\\/\\\/tzionlibreria.com\\\/index.php\\\/product\\\/biblia-rvr-1960-brujula-con-indice-cierre-gris-negro\\\/\"]}]},{\"@type\":\"ImageObject\",\"inLanguage\":\"es-CO\",\"@id\":\"https:\\\/\\\/tzionlibreria.com\\\/index.php\\\/product\\\/biblia-rvr-1960-brujula-con-indice-cierre-gris-negro\\\/#primaryimage\",\"url\":\"https:\\\/\\\/tzionlibreria.com\\\/wp-content\\\/uploads\\\/2024\\\/04\\\/biblia-brujula-con-indice.jpg\",\"contentUrl\":\"https:\\\/\\\/tzionlibreria.com\\\/wp-content\\\/uploads\\\/2024\\\/04\\\/biblia-brujula-con-indice.jpg\",\"width\":1200,\"height\":1200},{\"@type\":\"BreadcrumbList\",\"@id\":\"https:\\\/\\\/tzionlibreria.com\\\/index.php\\\/product\\\/biblia-rvr-1960-brujula-con-indice-cierre-gris-negro\\\/#breadcrumb\",\"itemListElement\":[{\"@type\":\"ListItem\",\"position\":1,\"name\":\"Inicio\",\"item\":\"https:\\\/\\\/tzionlibreria.com\\\/\"},{\"@type\":\"ListItem\",\"position\":2,\"name\":\"Shop\",\"item\":\"https:\\\/\\\/tzionlibreria.com\\\/index.php\\\/shop\\\/\"},{\"@type\":\"ListItem\",\"position\":3,\"name\":\"Biblia RVR 1960 Br\u00fajula de bolsillo br\u00fajula con \u00edndice cierre gris\"}]},{\"@type\":\"WebSite\",\"@id\":\"https:\\\/\\\/tzionlibreria.com\\\/#website\",\"url\":\"https:\\\/\\\/tzionlibreria.com\\\/\",\"name\":\"tzionlibreria.com\",\"description\":\"Libreria Cristiana Venezuela\",\"publisher\":{\"@id\":\"https:\\\/\\\/tzionlibreria.com\\\/#organization\"},\"potentialAction\":[{\"@type\":\"SearchAction\",\"target\":{\"@type\":\"EntryPoint\",\"urlTemplate\":\"https:\\\/\\\/tzionlibreria.com\\\/?s={search_term_string}\"},\"query-input\":{\"@type\":\"PropertyValueSpecification\",\"valueRequired\":true,\"valueName\":\"search_term_string\"}}],\"inLanguage\":\"es-CO\"},{\"@type\":\"Organization\",\"@id\":\"https:\\\/\\\/tzionlibreria.com\\\/#organization\",\"name\":\"tzionlibreria.com\",\"url\":\"https:\\\/\\\/tzionlibreria.com\\\/\",\"logo\":{\"@type\":\"ImageObject\",\"inLanguage\":\"es-CO\",\"@id\":\"https:\\\/\\\/tzionlibreria.com\\\/#\\\/schema\\\/logo\\\/image\\\/\",\"url\":\"https:\\\/\\\/tzionlibreria.com\\\/wp-content\\\/uploads\\\/2023\\\/10\\\/cropped-Cuadricula-scaled-1.jpg\",\"contentUrl\":\"https:\\\/\\\/tzionlibreria.com\\\/wp-content\\\/uploads\\\/2023\\\/10\\\/cropped-Cuadricula-scaled-1.jpg\",\"width\":2560,\"height\":2560,\"caption\":\"tzionlibreria.com\"},\"image\":{\"@id\":\"https:\\\/\\\/tzionlibreria.com\\\/#\\\/schema\\\/logo\\\/image\\\/\"}}]}<\/script>\n<!-- \/ Yoast SEO plugin. -->","yoast_head_json":{"title":"Biblia RVR 1960 Br\u00fajula de bolsillo br\u00fajula con \u00edndice cierre gris - tzionlibreria.com","description":"Biblia Reina Valera en una hermosa presentaci\u00f3n pensada totalmente en hombres, materiales flexibles y resistentes. En un tama\u00f1o f\u00e1cil de llevar.","robots":{"index":"index","follow":"follow","max-snippet":"max-snippet:-1","max-image-preview":"max-image-preview:large","max-video-preview":"max-video-preview:-1"},"canonical":"https:\/\/tzionlibreria.com\/index.php\/product\/biblia-rvr-1960-brujula-con-indice-cierre-gris-negro\/","og_locale":"es_ES","og_type":"article","og_title":"Biblia RVR 1960 Br\u00fajula de bolsillo br\u00fajula con \u00edndice cierre gris - tzionlibreria.com","og_description":"Biblia Reina Valera en una hermosa presentaci\u00f3n pensada totalmente en hombres, materiales flexibles y resistentes. En un tama\u00f1o f\u00e1cil de llevar.","og_url":"https:\/\/tzionlibreria.com\/index.php\/product\/biblia-rvr-1960-brujula-con-indice-cierre-gris-negro\/","og_site_name":"tzionlibreria.com","article_modified_time":"2026-03-26T11:02:50+00:00","og_image":[{"width":1200,"height":1200,"url":"http:\/\/tzionlibreria.com\/wp-content\/uploads\/2024\/04\/biblia-brujula-con-indice.jpg","type":"image\/jpeg"}],"twitter_card":"summary_large_image","twitter_misc":{"Tiempo de lectura":"1 minuto"},"schema":{"@context":"https:\/\/schema.org","@graph":[{"@type":"WebPage","@id":"https:\/\/tzionlibreria.com\/index.php\/product\/biblia-rvr-1960-brujula-con-indice-cierre-gris-negro\/","url":"https:\/\/tzionlibreria.com\/index.php\/product\/biblia-rvr-1960-brujula-con-indice-cierre-gris-negro\/","name":"Biblia RVR 1960 Br\u00fajula de bolsillo br\u00fajula con \u00edndice cierre gris - tzionlibreria.com","isPartOf":{"@id":"https:\/\/tzionlibreria.com\/#website"},"primaryImageOfPage":{"@id":"https:\/\/tzionlibreria.com\/index.php\/product\/biblia-rvr-1960-brujula-con-indice-cierre-gris-negro\/#primaryimage"},"image":{"@id":"https:\/\/tzionlibreria.com\/index.php\/product\/biblia-rvr-1960-brujula-con-indice-cierre-gris-negro\/#primaryimage"},"thumbnailUrl":"https:\/\/tzionlibreria.com\/wp-content\/uploads\/2024\/04\/biblia-brujula-con-indice.jpg","datePublished":"2024-04-08T16:25:06+00:00","dateModified":"2026-03-26T11:02:50+00:00","description":"Biblia Reina Valera en una hermosa presentaci\u00f3n pensada totalmente en hombres, materiales flexibles y resistentes. En un tama\u00f1o f\u00e1cil de llevar.","breadcrumb":{"@id":"https:\/\/tzionlibreria.com\/index.php\/product\/biblia-rvr-1960-brujula-con-indice-cierre-gris-negro\/#breadcrumb"},"inLanguage":"es-CO","potentialAction":[{"@type":"ReadAction","target":["https:\/\/tzionlibreria.com\/index.php\/product\/biblia-rvr-1960-brujula-con-indice-cierre-gris-negro\/"]}]},{"@type":"ImageObject","inLanguage":"es-CO","@id":"https:\/\/tzionlibreria.com\/index.php\/product\/biblia-rvr-1960-brujula-con-indice-cierre-gris-negro\/#primaryimage","url":"https:\/\/tzionlibreria.com\/wp-content\/uploads\/2024\/04\/biblia-brujula-con-indice.jpg","contentUrl":"https:\/\/tzionlibreria.com\/wp-content\/uploads\/2024\/04\/biblia-brujula-con-indice.jpg","width":1200,"height":1200},{"@type":"BreadcrumbList","@id":"https:\/\/tzionlibreria.com\/index.php\/product\/biblia-rvr-1960-brujula-con-indice-cierre-gris-negro\/#breadcrumb","itemListElement":[{"@type":"ListItem","position":1,"name":"Inicio","item":"https:\/\/tzionlibreria.com\/"},{"@type":"ListItem","position":2,"name":"Shop","item":"https:\/\/tzionlibreria.com\/index.php\/shop\/"},{"@type":"ListItem","position":3,"name":"Biblia RVR 1960 Br\u00fajula de bolsillo br\u00fajula con \u00edndice cierre gris"}]},{"@type":"WebSite","@id":"https:\/\/tzionlibreria.com\/#website","url":"https:\/\/tzionlibreria.com\/","name":"tzionlibreria.com","description":"Libreria Cristiana Venezuela","publisher":{"@id":"https:\/\/tzionlibreria.com\/#organization"},"potentialAction":[{"@type":"SearchAction","target":{"@type":"EntryPoint","urlTemplate":"https:\/\/tzionlibreria.com\/?s={search_term_string}"},"query-input":{"@type":"PropertyValueSpecification","valueRequired":true,"valueName":"search_term_string"}}],"inLanguage":"es-CO"},{"@type":"Organization","@id":"https:\/\/tzionlibreria.com\/#organization","name":"tzionlibreria.com","url":"https:\/\/tzionlibreria.com\/","logo":{"@type":"ImageObject","inLanguage":"es-CO","@id":"https:\/\/tzionlibreria.com\/#\/schema\/logo\/image\/","url":"https:\/\/tzionlibreria.com\/wp-content\/uploads\/2023\/10\/cropped-Cuadricula-scaled-1.jpg","contentUrl":"https:\/\/tzionlibreria.com\/wp-content\/uploads\/2023\/10\/cropped-Cuadricula-scaled-1.jpg","width":2560,"height":2560,"caption":"tzionlibreria.com"},"image":{"@id":"https:\/\/tzionlibreria.com\/#\/schema\/logo\/image\/"}}]}},"jetpack_sharing_enabled":true,"_links":{"self":[{"href":"https:\/\/tzionlibreria.com\/index.php\/wp-json\/wp\/v2\/product\/3463","targetHints":{"allow":["GET"]}}],"collection":[{"href":"https:\/\/tzionlibreria.com\/index.php\/wp-json\/wp\/v2\/product"}],"about":[{"href":"https:\/\/tzionlibreria.com\/index.php\/wp-json\/wp\/v2\/types\/product"}],"replies":[{"embeddable":true,"href":"https:\/\/tzionlibreria.com\/index.php\/wp-json\/wp\/v2\/comments?post=3463"}],"wp:featuredmedia":[{"embeddable":true,"href":"https:\/\/tzionlibreria.com\/index.php\/wp-json\/wp\/v2\/media\/3464"}],"wp:attachment":[{"href":"https:\/\/tzionlibreria.com\/index.php\/wp-json\/wp\/v2\/media?parent=3463"}],"wp:term":[{"taxonomy":"product_brand","embeddable":true,"href":"https:\/\/tzionlibreria.com\/index.php\/wp-json\/wp\/v2\/product_brand?post=3463"},{"taxonomy":"product_cat","embeddable":true,"href":"https:\/\/tzionlibreria.com\/index.php\/wp-json\/wp\/v2\/product_cat?post=3463"},{"taxonomy":"product_tag","embeddable":true,"href":"https:\/\/tzionlibreria.com\/index.php\/wp-json\/wp\/v2\/product_tag?post=3463"}],"curies":[{"name":"wp","href":"https:\/\/api.w.org\/{rel}","templated":true}]}}