{"id":3509,"date":"2024-04-09T22:15:02","date_gmt":"2024-04-09T22:15:02","guid":{"rendered":"https:\/\/tzionlibreria.com\/?post_type=product&#038;p=3509"},"modified":"2025-10-28T00:18:18","modified_gmt":"2025-10-28T00:18:18","slug":"tabernaculo-y-el-arca-del-pacto-a-la-luz-de-la-administracion-de-dios-en-la-historia-de-la-redencion-abraham-park","status":"publish","type":"product","link":"https:\/\/tzionlibreria.com\/index.php\/product\/tabernaculo-y-el-arca-del-pacto-a-la-luz-de-la-administracion-de-dios-en-la-historia-de-la-redencion-abraham-park\/","title":{"rendered":"Tabern\u00e1culo y el Arca del Pacto &#8211; A la luz de la administraci\u00f3n de Dios en la historia de la redenci\u00f3n &#8211; Abraham Park"},"content":{"rendered":"<p><strong>El Tabern\u00e1culo y el Arca del Pacto<\/strong><\/p>\n<p>A la luz de la administraci\u00f3n de Dios en la historia de la redenci\u00f3n<\/p>\n<p>&nbsp;<\/p>\n<p>El tabern\u00e1culo era el santuario itinerante que Dios le hab\u00eda pedido a Mois\u00e9s que construyera en el desierto. Centro del culto hebreo antes de la construcci\u00f3n del Templo de Salom\u00f3n, el tabern\u00e1culo albergaba en particular el Arca de la Alianza, donde se dispon\u00edan las tablas de la ley.<\/p>\n<p>Este gran libro en color, \u00fanico en su g\u00e9nero, ofrece un descubrimiento muy detallado del tabern\u00e1culo, sus objetos y utensilios, acompa\u00f1ados de los pasajes b\u00edblicos correspondientes.<\/p>\n<p>&nbsp;<\/p>\n<p><strong>ISBN<\/strong>: 9789585163331<br \/>\n<strong>Producer<\/strong>:\u00a0Editorial CLC<br \/>\n<strong>Dimensions<\/strong>: 225 x 304 x 8 mm<br \/>\n<strong>Weight<\/strong>: 0,487kg<br \/>\n<strong>Binding<\/strong>: Tapa r\u00fastica<br \/>\n<strong>Number of pages<\/strong>: 104<br \/>\n<strong>Release Date<\/strong>: 06.09.2023<br \/>\n<strong>Language<\/strong>: Espanol<\/p>\n","protected":false},"excerpt":{"rendered":"<p>El Tabern\u00e1culo y el Arca del Pacto A la luz de la administraci\u00f3n de Dios en la historia de la redenci\u00f3n &nbsp; El tabern\u00e1culo era el santuario itinerante que Dios le hab\u00eda pedido a Mois\u00e9s que construyera en el desierto. Centro del culto hebreo antes de la construcci\u00f3n del Templo de Salom\u00f3n, el tabern\u00e1culo albergaba [&hellip;]<\/p>\n","protected":false},"featured_media":3516,"comment_status":"open","ping_status":"closed","template":"","meta":{"om_disable_all_campaigns":false,"_monsterinsights_skip_tracking":false,"_monsterinsights_sitenote_active":false,"_monsterinsights_sitenote_note":"","_monsterinsights_sitenote_category":0,"site-sidebar-layout":"default","site-content-layout":"","ast-site-content-layout":"default","site-content-style":"default","site-sidebar-style":"default","ast-global-header-display":"","ast-banner-title-visibility":"","ast-main-header-display":"","ast-hfb-above-header-display":"","ast-hfb-below-header-display":"","ast-hfb-mobile-header-display":"","site-post-title":"","ast-breadcrumbs-content":"","ast-featured-img":"","footer-sml-layout":"","ast-disable-related-posts":"","theme-transparent-header-meta":"default","adv-header-id-meta":"","stick-header-meta":"","header-above-stick-meta":"","header-main-stick-meta":"","header-below-stick-meta":"","astra-migrate-meta-layouts":"set","ast-page-background-enabled":"default","ast-page-background-meta":{"desktop":{"background-color":"var(--ast-global-color-4)","background-image":"","background-repeat":"repeat","background-position":"center center","background-size":"auto","background-attachment":"scroll","background-type":"","background-media":"","overlay-type":"","overlay-color":"","overlay-opacity":"","overlay-gradient":""},"tablet":{"background-color":"","background-image":"","background-repeat":"repeat","background-position":"center center","background-size":"auto","background-attachment":"scroll","background-type":"","background-media":"","overlay-type":"","overlay-color":"","overlay-opacity":"","overlay-gradient":""},"mobile":{"background-color":"","background-image":"","background-repeat":"repeat","background-position":"center center","background-size":"auto","background-attachment":"scroll","background-type":"","background-media":"","overlay-type":"","overlay-color":"","overlay-opacity":"","overlay-gradient":""}},"ast-content-background-meta":{"desktop":{"background-color":"var(--ast-global-color-5)","background-image":"","background-repeat":"repeat","background-position":"center center","background-size":"auto","background-attachment":"scroll","background-type":"","background-media":"","overlay-type":"","overlay-color":"","overlay-opacity":"","overlay-gradient":""},"tablet":{"background-color":"var(--ast-global-color-5)","background-image":"","background-repeat":"repeat","background-position":"center center","background-size":"auto","background-attachment":"scroll","background-type":"","background-media":"","overlay-type":"","overlay-color":"","overlay-opacity":"","overlay-gradient":""},"mobile":{"background-color":"var(--ast-global-color-5)","background-image":"","background-repeat":"repeat","background-position":"center center","background-size":"auto","background-attachment":"scroll","background-type":"","background-media":"","overlay-type":"","overlay-color":"","overlay-opacity":"","overlay-gradient":""}}},"product_brand":[],"product_cat":[23],"product_tag":[],"class_list":{"0":"post-3509","1":"product","2":"type-product","3":"status-publish","4":"has-post-thumbnail","6":"product_cat-libros","7":"desktop-align-left","8":"tablet-align-left","9":"mobile-align-left","11":"first","12":"instock","13":"shipping-taxable","14":"purchasable","15":"product-type-simple"},"yoast_head":"<!-- This site is optimized with the Yoast SEO plugin v27.4 - https:\/\/yoast.com\/product\/yoast-seo-wordpress\/ -->\n<title>Tabern\u00e1culo y el Arca del Pacto - A la luz de la administraci\u00f3n de Dios en la historia de la redenci\u00f3n - Abraham Park - tzionlibreria.com<\/title>\n<meta name=\"robots\" content=\"index, follow, max-snippet:-1, max-image-preview:large, max-video-preview:-1\" \/>\n<link rel=\"canonical\" href=\"https:\/\/tzionlibreria.com\/index.php\/product\/tabernaculo-y-el-arca-del-pacto-a-la-luz-de-la-administracion-de-dios-en-la-historia-de-la-redencion-abraham-park\/\" \/>\n<meta property=\"og:locale\" content=\"es_ES\" \/>\n<meta property=\"og:type\" content=\"article\" \/>\n<meta property=\"og:title\" content=\"Tabern\u00e1culo y el Arca del Pacto - A la luz de la administraci\u00f3n de Dios en la historia de la redenci\u00f3n - Abraham Park - tzionlibreria.com\" \/>\n<meta property=\"og:description\" content=\"El Tabern\u00e1culo y el Arca del Pacto A la luz de la administraci\u00f3n de Dios en la historia de la redenci\u00f3n &nbsp; El tabern\u00e1culo era el santuario itinerante que Dios le hab\u00eda pedido a Mois\u00e9s que construyera en el desierto. Centro del culto hebreo antes de la construcci\u00f3n del Templo de Salom\u00f3n, el tabern\u00e1culo albergaba [&hellip;]\" \/>\n<meta property=\"og:url\" content=\"https:\/\/tzionlibreria.com\/index.php\/product\/tabernaculo-y-el-arca-del-pacto-a-la-luz-de-la-administracion-de-dios-en-la-historia-de-la-redencion-abraham-park\/\" \/>\n<meta property=\"og:site_name\" content=\"tzionlibreria.com\" \/>\n<meta property=\"article:modified_time\" content=\"2025-10-28T00:18:18+00:00\" \/>\n<meta property=\"og:image\" content=\"http:\/\/tzionlibreria.com\/wp-content\/uploads\/2024\/04\/el-tabernaculo.jpg\" \/>\n\t<meta property=\"og:image:width\" content=\"1200\" \/>\n\t<meta property=\"og:image:height\" content=\"1200\" \/>\n\t<meta property=\"og:image:type\" content=\"image\/jpeg\" \/>\n<meta name=\"twitter:card\" content=\"summary_large_image\" \/>\n<meta name=\"twitter:label1\" content=\"Tiempo de lectura\" \/>\n\t<meta name=\"twitter:data1\" content=\"1 minuto\" \/>\n<script type=\"application\/ld+json\" class=\"yoast-schema-graph\">{\"@context\":\"https:\\\/\\\/schema.org\",\"@graph\":[{\"@type\":\"WebPage\",\"@id\":\"https:\\\/\\\/tzionlibreria.com\\\/index.php\\\/product\\\/tabernaculo-y-el-arca-del-pacto-a-la-luz-de-la-administracion-de-dios-en-la-historia-de-la-redencion-abraham-park\\\/\",\"url\":\"https:\\\/\\\/tzionlibreria.com\\\/index.php\\\/product\\\/tabernaculo-y-el-arca-del-pacto-a-la-luz-de-la-administracion-de-dios-en-la-historia-de-la-redencion-abraham-park\\\/\",\"name\":\"Tabern\u00e1culo y el Arca del Pacto - A la luz de la administraci\u00f3n de Dios en la historia de la redenci\u00f3n - Abraham Park - tzionlibreria.com\",\"isPartOf\":{\"@id\":\"https:\\\/\\\/tzionlibreria.com\\\/#website\"},\"primaryImageOfPage\":{\"@id\":\"https:\\\/\\\/tzionlibreria.com\\\/index.php\\\/product\\\/tabernaculo-y-el-arca-del-pacto-a-la-luz-de-la-administracion-de-dios-en-la-historia-de-la-redencion-abraham-park\\\/#primaryimage\"},\"image\":{\"@id\":\"https:\\\/\\\/tzionlibreria.com\\\/index.php\\\/product\\\/tabernaculo-y-el-arca-del-pacto-a-la-luz-de-la-administracion-de-dios-en-la-historia-de-la-redencion-abraham-park\\\/#primaryimage\"},\"thumbnailUrl\":\"https:\\\/\\\/tzionlibreria.com\\\/wp-content\\\/uploads\\\/2024\\\/04\\\/el-tabernaculo.jpg\",\"datePublished\":\"2024-04-09T22:15:02+00:00\",\"dateModified\":\"2025-10-28T00:18:18+00:00\",\"breadcrumb\":{\"@id\":\"https:\\\/\\\/tzionlibreria.com\\\/index.php\\\/product\\\/tabernaculo-y-el-arca-del-pacto-a-la-luz-de-la-administracion-de-dios-en-la-historia-de-la-redencion-abraham-park\\\/#breadcrumb\"},\"inLanguage\":\"es-CO\",\"potentialAction\":[{\"@type\":\"ReadAction\",\"target\":[\"https:\\\/\\\/tzionlibreria.com\\\/index.php\\\/product\\\/tabernaculo-y-el-arca-del-pacto-a-la-luz-de-la-administracion-de-dios-en-la-historia-de-la-redencion-abraham-park\\\/\"]}]},{\"@type\":\"ImageObject\",\"inLanguage\":\"es-CO\",\"@id\":\"https:\\\/\\\/tzionlibreria.com\\\/index.php\\\/product\\\/tabernaculo-y-el-arca-del-pacto-a-la-luz-de-la-administracion-de-dios-en-la-historia-de-la-redencion-abraham-park\\\/#primaryimage\",\"url\":\"https:\\\/\\\/tzionlibreria.com\\\/wp-content\\\/uploads\\\/2024\\\/04\\\/el-tabernaculo.jpg\",\"contentUrl\":\"https:\\\/\\\/tzionlibreria.com\\\/wp-content\\\/uploads\\\/2024\\\/04\\\/el-tabernaculo.jpg\",\"width\":1200,\"height\":1200},{\"@type\":\"BreadcrumbList\",\"@id\":\"https:\\\/\\\/tzionlibreria.com\\\/index.php\\\/product\\\/tabernaculo-y-el-arca-del-pacto-a-la-luz-de-la-administracion-de-dios-en-la-historia-de-la-redencion-abraham-park\\\/#breadcrumb\",\"itemListElement\":[{\"@type\":\"ListItem\",\"position\":1,\"name\":\"Inicio\",\"item\":\"https:\\\/\\\/tzionlibreria.com\\\/\"},{\"@type\":\"ListItem\",\"position\":2,\"name\":\"Shop\",\"item\":\"https:\\\/\\\/tzionlibreria.com\\\/index.php\\\/shop\\\/\"},{\"@type\":\"ListItem\",\"position\":3,\"name\":\"Tabern\u00e1culo y el Arca del Pacto &#8211; A la luz de la administraci\u00f3n de Dios en la historia de la redenci\u00f3n &#8211; Abraham Park\"}]},{\"@type\":\"WebSite\",\"@id\":\"https:\\\/\\\/tzionlibreria.com\\\/#website\",\"url\":\"https:\\\/\\\/tzionlibreria.com\\\/\",\"name\":\"tzionlibreria.com\",\"description\":\"Libreria Cristiana Venezuela\",\"publisher\":{\"@id\":\"https:\\\/\\\/tzionlibreria.com\\\/#organization\"},\"potentialAction\":[{\"@type\":\"SearchAction\",\"target\":{\"@type\":\"EntryPoint\",\"urlTemplate\":\"https:\\\/\\\/tzionlibreria.com\\\/?s={search_term_string}\"},\"query-input\":{\"@type\":\"PropertyValueSpecification\",\"valueRequired\":true,\"valueName\":\"search_term_string\"}}],\"inLanguage\":\"es-CO\"},{\"@type\":\"Organization\",\"@id\":\"https:\\\/\\\/tzionlibreria.com\\\/#organization\",\"name\":\"tzionlibreria.com\",\"url\":\"https:\\\/\\\/tzionlibreria.com\\\/\",\"logo\":{\"@type\":\"ImageObject\",\"inLanguage\":\"es-CO\",\"@id\":\"https:\\\/\\\/tzionlibreria.com\\\/#\\\/schema\\\/logo\\\/image\\\/\",\"url\":\"https:\\\/\\\/tzionlibreria.com\\\/wp-content\\\/uploads\\\/2023\\\/10\\\/cropped-Cuadricula-scaled-1.jpg\",\"contentUrl\":\"https:\\\/\\\/tzionlibreria.com\\\/wp-content\\\/uploads\\\/2023\\\/10\\\/cropped-Cuadricula-scaled-1.jpg\",\"width\":2560,\"height\":2560,\"caption\":\"tzionlibreria.com\"},\"image\":{\"@id\":\"https:\\\/\\\/tzionlibreria.com\\\/#\\\/schema\\\/logo\\\/image\\\/\"}}]}<\/script>\n<!-- \/ Yoast SEO plugin. -->","yoast_head_json":{"title":"Tabern\u00e1culo y el Arca del Pacto - A la luz de la administraci\u00f3n de Dios en la historia de la redenci\u00f3n - Abraham Park - tzionlibreria.com","robots":{"index":"index","follow":"follow","max-snippet":"max-snippet:-1","max-image-preview":"max-image-preview:large","max-video-preview":"max-video-preview:-1"},"canonical":"https:\/\/tzionlibreria.com\/index.php\/product\/tabernaculo-y-el-arca-del-pacto-a-la-luz-de-la-administracion-de-dios-en-la-historia-de-la-redencion-abraham-park\/","og_locale":"es_ES","og_type":"article","og_title":"Tabern\u00e1culo y el Arca del Pacto - A la luz de la administraci\u00f3n de Dios en la historia de la redenci\u00f3n - Abraham Park - tzionlibreria.com","og_description":"El Tabern\u00e1culo y el Arca del Pacto A la luz de la administraci\u00f3n de Dios en la historia de la redenci\u00f3n &nbsp; El tabern\u00e1culo era el santuario itinerante que Dios le hab\u00eda pedido a Mois\u00e9s que construyera en el desierto. Centro del culto hebreo antes de la construcci\u00f3n del Templo de Salom\u00f3n, el tabern\u00e1culo albergaba [&hellip;]","og_url":"https:\/\/tzionlibreria.com\/index.php\/product\/tabernaculo-y-el-arca-del-pacto-a-la-luz-de-la-administracion-de-dios-en-la-historia-de-la-redencion-abraham-park\/","og_site_name":"tzionlibreria.com","article_modified_time":"2025-10-28T00:18:18+00:00","og_image":[{"width":1200,"height":1200,"url":"http:\/\/tzionlibreria.com\/wp-content\/uploads\/2024\/04\/el-tabernaculo.jpg","type":"image\/jpeg"}],"twitter_card":"summary_large_image","twitter_misc":{"Tiempo de lectura":"1 minuto"},"schema":{"@context":"https:\/\/schema.org","@graph":[{"@type":"WebPage","@id":"https:\/\/tzionlibreria.com\/index.php\/product\/tabernaculo-y-el-arca-del-pacto-a-la-luz-de-la-administracion-de-dios-en-la-historia-de-la-redencion-abraham-park\/","url":"https:\/\/tzionlibreria.com\/index.php\/product\/tabernaculo-y-el-arca-del-pacto-a-la-luz-de-la-administracion-de-dios-en-la-historia-de-la-redencion-abraham-park\/","name":"Tabern\u00e1culo y el Arca del Pacto - A la luz de la administraci\u00f3n de Dios en la historia de la redenci\u00f3n - Abraham Park - tzionlibreria.com","isPartOf":{"@id":"https:\/\/tzionlibreria.com\/#website"},"primaryImageOfPage":{"@id":"https:\/\/tzionlibreria.com\/index.php\/product\/tabernaculo-y-el-arca-del-pacto-a-la-luz-de-la-administracion-de-dios-en-la-historia-de-la-redencion-abraham-park\/#primaryimage"},"image":{"@id":"https:\/\/tzionlibreria.com\/index.php\/product\/tabernaculo-y-el-arca-del-pacto-a-la-luz-de-la-administracion-de-dios-en-la-historia-de-la-redencion-abraham-park\/#primaryimage"},"thumbnailUrl":"https:\/\/tzionlibreria.com\/wp-content\/uploads\/2024\/04\/el-tabernaculo.jpg","datePublished":"2024-04-09T22:15:02+00:00","dateModified":"2025-10-28T00:18:18+00:00","breadcrumb":{"@id":"https:\/\/tzionlibreria.com\/index.php\/product\/tabernaculo-y-el-arca-del-pacto-a-la-luz-de-la-administracion-de-dios-en-la-historia-de-la-redencion-abraham-park\/#breadcrumb"},"inLanguage":"es-CO","potentialAction":[{"@type":"ReadAction","target":["https:\/\/tzionlibreria.com\/index.php\/product\/tabernaculo-y-el-arca-del-pacto-a-la-luz-de-la-administracion-de-dios-en-la-historia-de-la-redencion-abraham-park\/"]}]},{"@type":"ImageObject","inLanguage":"es-CO","@id":"https:\/\/tzionlibreria.com\/index.php\/product\/tabernaculo-y-el-arca-del-pacto-a-la-luz-de-la-administracion-de-dios-en-la-historia-de-la-redencion-abraham-park\/#primaryimage","url":"https:\/\/tzionlibreria.com\/wp-content\/uploads\/2024\/04\/el-tabernaculo.jpg","contentUrl":"https:\/\/tzionlibreria.com\/wp-content\/uploads\/2024\/04\/el-tabernaculo.jpg","width":1200,"height":1200},{"@type":"BreadcrumbList","@id":"https:\/\/tzionlibreria.com\/index.php\/product\/tabernaculo-y-el-arca-del-pacto-a-la-luz-de-la-administracion-de-dios-en-la-historia-de-la-redencion-abraham-park\/#breadcrumb","itemListElement":[{"@type":"ListItem","position":1,"name":"Inicio","item":"https:\/\/tzionlibreria.com\/"},{"@type":"ListItem","position":2,"name":"Shop","item":"https:\/\/tzionlibreria.com\/index.php\/shop\/"},{"@type":"ListItem","position":3,"name":"Tabern\u00e1culo y el Arca del Pacto &#8211; A la luz de la administraci\u00f3n de Dios en la historia de la redenci\u00f3n &#8211; Abraham Park"}]},{"@type":"WebSite","@id":"https:\/\/tzionlibreria.com\/#website","url":"https:\/\/tzionlibreria.com\/","name":"tzionlibreria.com","description":"Libreria Cristiana Venezuela","publisher":{"@id":"https:\/\/tzionlibreria.com\/#organization"},"potentialAction":[{"@type":"SearchAction","target":{"@type":"EntryPoint","urlTemplate":"https:\/\/tzionlibreria.com\/?s={search_term_string}"},"query-input":{"@type":"PropertyValueSpecification","valueRequired":true,"valueName":"search_term_string"}}],"inLanguage":"es-CO"},{"@type":"Organization","@id":"https:\/\/tzionlibreria.com\/#organization","name":"tzionlibreria.com","url":"https:\/\/tzionlibreria.com\/","logo":{"@type":"ImageObject","inLanguage":"es-CO","@id":"https:\/\/tzionlibreria.com\/#\/schema\/logo\/image\/","url":"https:\/\/tzionlibreria.com\/wp-content\/uploads\/2023\/10\/cropped-Cuadricula-scaled-1.jpg","contentUrl":"https:\/\/tzionlibreria.com\/wp-content\/uploads\/2023\/10\/cropped-Cuadricula-scaled-1.jpg","width":2560,"height":2560,"caption":"tzionlibreria.com"},"image":{"@id":"https:\/\/tzionlibreria.com\/#\/schema\/logo\/image\/"}}]}},"jetpack_sharing_enabled":true,"_links":{"self":[{"href":"https:\/\/tzionlibreria.com\/index.php\/wp-json\/wp\/v2\/product\/3509","targetHints":{"allow":["GET"]}}],"collection":[{"href":"https:\/\/tzionlibreria.com\/index.php\/wp-json\/wp\/v2\/product"}],"about":[{"href":"https:\/\/tzionlibreria.com\/index.php\/wp-json\/wp\/v2\/types\/product"}],"replies":[{"embeddable":true,"href":"https:\/\/tzionlibreria.com\/index.php\/wp-json\/wp\/v2\/comments?post=3509"}],"wp:featuredmedia":[{"embeddable":true,"href":"https:\/\/tzionlibreria.com\/index.php\/wp-json\/wp\/v2\/media\/3516"}],"wp:attachment":[{"href":"https:\/\/tzionlibreria.com\/index.php\/wp-json\/wp\/v2\/media?parent=3509"}],"wp:term":[{"taxonomy":"product_brand","embeddable":true,"href":"https:\/\/tzionlibreria.com\/index.php\/wp-json\/wp\/v2\/product_brand?post=3509"},{"taxonomy":"product_cat","embeddable":true,"href":"https:\/\/tzionlibreria.com\/index.php\/wp-json\/wp\/v2\/product_cat?post=3509"},{"taxonomy":"product_tag","embeddable":true,"href":"https:\/\/tzionlibreria.com\/index.php\/wp-json\/wp\/v2\/product_tag?post=3509"}],"curies":[{"name":"wp","href":"https:\/\/api.w.org\/{rel}","templated":true}]}}