{"id":3538,"date":"2024-04-16T15:05:03","date_gmt":"2024-04-16T15:05:03","guid":{"rendered":"https:\/\/tzionlibreria.com\/?post_type=product&#038;p=3538"},"modified":"2025-08-08T19:44:06","modified_gmt":"2025-08-08T19:44:06","slug":"biblia-reina-valera-1960-de-bolsillo-imitacion-piel-morada-cierre-e-indice-coleccion-floral","status":"publish","type":"product","link":"https:\/\/tzionlibreria.com\/index.php\/product\/biblia-reina-valera-1960-de-bolsillo-imitacion-piel-morada-cierre-e-indice-coleccion-floral\/","title":{"rendered":"Biblia RVR 1960 de bolsillo Imit Piel Morada Cierre e \u00edndice Colecci\u00f3n Floral"},"content":{"rendered":"<div>\n<p><strong>Tama\u00f1o de letra: 8 puntos<\/strong><\/p>\n<p>El tipo de traducci\u00f3n de la Reina-Valera 1960 es de equivalencia formal, todo esto sin alterar el sentido b\u00e1sico del mensaje b\u00edblico y preservando adem\u00e1s el estilo y cadencia del texto de Reina.\u200b Esta es la versi\u00f3n m\u00e1s aceptada por todas las iglesias de Latinoam\u00e9rica y Espa\u00f1a. Esta edici\u00f3n de Biblia en Reina Valera 1960 es ideal para aquellas personas que quieran una Biblia con letra legible de 8 puntos en un tama\u00f1o compacto. Contiene 32 p\u00e1ginas a todo color con ayudas.<\/p>\n<p>Caracter\u00edsticas de la Biblia:<\/p>\n<p>\u2013\u00a0<strong>Palabras de Jes\u00fas en rojo<\/strong><br \/>\n\u2013 Referencias cruzadas a pie de p\u00e1gina.<br \/>\n\u2013 Abreviaturas e Introducciones por C.H Spurgeon y J.C. Ryle<br \/>\n\u2013 Concordancia de 100 p\u00e1ginas<br \/>\n\u2013 Genealog\u00eda de Jes\u00fas\/Fiestas Jud\u00edas<br \/>\n\u2013 Par\u00e1bolas y Milagros de Jes\u00fas<br \/>\n\u2013\u00a0Plan de salvaci\u00f3n<br \/>\n\u2013\u00a0Pasajes y vers\u00edculos claves de la Biblia.<br \/>\n\u2013\u00a0Plan de lectura B\u00edblica<br \/>\n\u2013\u00a0Mapas de tiempos B\u00edblicos a todo color<br \/>\n\u2013 12 Mapas a todo color<br \/>\n\u2013 Tipolog\u00eda de los salmos<br \/>\n\u2013 Plano del templo<br \/>\n\u2013 Cronolog\u00eda de reyes y profetas<br \/>\n\u2013 Promesas de Dios<\/p>\n<\/div>\n<div data-content-region=\"product_below_description_body\"><\/div>\n<p>&nbsp;<\/p>\n<p><strong>ISBN<\/strong>: 9798885162609<br \/>\n<strong>Dimensiones<\/strong>: 140 x 170 x 50 mm<br \/>\n<strong>Peso<\/strong>: 0,250kg<br \/>\n<strong>Cubierta<\/strong>: Imitaci\u00f3n Piel<br \/>\n<strong>Idioma<\/strong>: Espa\u00f1ol<\/p>\n","protected":false},"excerpt":{"rendered":"<p>Tama\u00f1o de letra: 8 puntos El tipo de traducci\u00f3n de la Reina-Valera 1960 es de equivalencia formal, todo esto sin alterar el sentido b\u00e1sico del mensaje b\u00edblico y preservando adem\u00e1s el estilo y cadencia del texto de Reina.\u200b Esta es la versi\u00f3n m\u00e1s aceptada por todas las iglesias de Latinoam\u00e9rica y Espa\u00f1a. Esta edici\u00f3n de [&hellip;]<\/p>\n","protected":false},"featured_media":3539,"comment_status":"open","ping_status":"closed","template":"","meta":{"om_disable_all_campaigns":false,"_monsterinsights_skip_tracking":false,"_monsterinsights_sitenote_active":false,"_monsterinsights_sitenote_note":"","_monsterinsights_sitenote_category":0,"site-sidebar-layout":"default","site-content-layout":"","ast-site-content-layout":"default","site-content-style":"default","site-sidebar-style":"default","ast-global-header-display":"","ast-banner-title-visibility":"","ast-main-header-display":"","ast-hfb-above-header-display":"","ast-hfb-below-header-display":"","ast-hfb-mobile-header-display":"","site-post-title":"","ast-breadcrumbs-content":"","ast-featured-img":"","footer-sml-layout":"","ast-disable-related-posts":"","theme-transparent-header-meta":"default","adv-header-id-meta":"","stick-header-meta":"","header-above-stick-meta":"","header-main-stick-meta":"","header-below-stick-meta":"","astra-migrate-meta-layouts":"set","ast-page-background-enabled":"default","ast-page-background-meta":{"desktop":{"background-color":"var(--ast-global-color-4)","background-image":"","background-repeat":"repeat","background-position":"center center","background-size":"auto","background-attachment":"scroll","background-type":"","background-media":"","overlay-type":"","overlay-color":"","overlay-opacity":"","overlay-gradient":""},"tablet":{"background-color":"","background-image":"","background-repeat":"repeat","background-position":"center center","background-size":"auto","background-attachment":"scroll","background-type":"","background-media":"","overlay-type":"","overlay-color":"","overlay-opacity":"","overlay-gradient":""},"mobile":{"background-color":"","background-image":"","background-repeat":"repeat","background-position":"center center","background-size":"auto","background-attachment":"scroll","background-type":"","background-media":"","overlay-type":"","overlay-color":"","overlay-opacity":"","overlay-gradient":""}},"ast-content-background-meta":{"desktop":{"background-color":"var(--ast-global-color-5)","background-image":"","background-repeat":"repeat","background-position":"center center","background-size":"auto","background-attachment":"scroll","background-type":"","background-media":"","overlay-type":"","overlay-color":"","overlay-opacity":"","overlay-gradient":""},"tablet":{"background-color":"var(--ast-global-color-5)","background-image":"","background-repeat":"repeat","background-position":"center center","background-size":"auto","background-attachment":"scroll","background-type":"","background-media":"","overlay-type":"","overlay-color":"","overlay-opacity":"","overlay-gradient":""},"mobile":{"background-color":"var(--ast-global-color-5)","background-image":"","background-repeat":"repeat","background-position":"center center","background-size":"auto","background-attachment":"scroll","background-type":"","background-media":"","overlay-type":"","overlay-color":"","overlay-opacity":"","overlay-gradient":""}}},"product_brand":[],"product_cat":[22,42,287],"product_tag":[269,242],"class_list":{"0":"post-3538","1":"product","2":"type-product","3":"status-publish","4":"has-post-thumbnail","6":"product_cat-biblias","7":"product_cat-biblias-reina-valera","8":"product_cat-bolsillo-rvr","9":"product_tag-bolsillo","10":"product_tag-mujer","11":"desktop-align-left","12":"tablet-align-left","13":"mobile-align-left","15":"first","16":"outofstock","17":"shipping-taxable","18":"purchasable","19":"product-type-simple"},"yoast_head":"<!-- This site is optimized with the Yoast SEO plugin v27.4 - https:\/\/yoast.com\/product\/yoast-seo-wordpress\/ -->\n<title>Biblia RVR 1960 de bolsillo Imit Piel Morada Cierre e \u00edndice Colecci\u00f3n Floral - tzionlibreria.com<\/title>\n<meta name=\"description\" content=\"Biblia en Reina Valera 1960 es ideal para aquellas personas que quieran una Biblia con letra legible de 8 puntos en un tama\u00f1o compacto.\" \/>\n<meta name=\"robots\" content=\"index, follow, max-snippet:-1, max-image-preview:large, max-video-preview:-1\" \/>\n<link rel=\"canonical\" href=\"https:\/\/tzionlibreria.com\/index.php\/product\/biblia-reina-valera-1960-de-bolsillo-imitacion-piel-morada-cierre-e-indice-coleccion-floral\/\" \/>\n<meta property=\"og:locale\" content=\"es_ES\" \/>\n<meta property=\"og:type\" content=\"article\" \/>\n<meta property=\"og:title\" content=\"Biblia RVR 1960 de bolsillo Imit Piel Morada Cierre e \u00edndice Colecci\u00f3n Floral - tzionlibreria.com\" \/>\n<meta property=\"og:description\" content=\"Biblia en Reina Valera 1960 es ideal para aquellas personas que quieran una Biblia con letra legible de 8 puntos en un tama\u00f1o compacto.\" \/>\n<meta property=\"og:url\" content=\"https:\/\/tzionlibreria.com\/index.php\/product\/biblia-reina-valera-1960-de-bolsillo-imitacion-piel-morada-cierre-e-indice-coleccion-floral\/\" \/>\n<meta property=\"og:site_name\" content=\"tzionlibreria.com\" \/>\n<meta property=\"article:modified_time\" content=\"2025-08-08T19:44:06+00:00\" \/>\n<meta property=\"og:image\" content=\"http:\/\/tzionlibreria.com\/wp-content\/uploads\/2024\/04\/biblia-bolsillo-morada.jpg\" \/>\n\t<meta property=\"og:image:width\" content=\"1200\" \/>\n\t<meta property=\"og:image:height\" content=\"1200\" \/>\n\t<meta property=\"og:image:type\" content=\"image\/jpeg\" \/>\n<meta name=\"twitter:card\" content=\"summary_large_image\" \/>\n<meta name=\"twitter:label1\" content=\"Tiempo de lectura\" \/>\n\t<meta name=\"twitter:data1\" content=\"2 minutos\" \/>\n<script type=\"application\/ld+json\" class=\"yoast-schema-graph\">{\"@context\":\"https:\\\/\\\/schema.org\",\"@graph\":[{\"@type\":\"WebPage\",\"@id\":\"https:\\\/\\\/tzionlibreria.com\\\/index.php\\\/product\\\/biblia-reina-valera-1960-de-bolsillo-imitacion-piel-morada-cierre-e-indice-coleccion-floral\\\/\",\"url\":\"https:\\\/\\\/tzionlibreria.com\\\/index.php\\\/product\\\/biblia-reina-valera-1960-de-bolsillo-imitacion-piel-morada-cierre-e-indice-coleccion-floral\\\/\",\"name\":\"Biblia RVR 1960 de bolsillo Imit Piel Morada Cierre e \u00edndice Colecci\u00f3n Floral - tzionlibreria.com\",\"isPartOf\":{\"@id\":\"https:\\\/\\\/tzionlibreria.com\\\/#website\"},\"primaryImageOfPage\":{\"@id\":\"https:\\\/\\\/tzionlibreria.com\\\/index.php\\\/product\\\/biblia-reina-valera-1960-de-bolsillo-imitacion-piel-morada-cierre-e-indice-coleccion-floral\\\/#primaryimage\"},\"image\":{\"@id\":\"https:\\\/\\\/tzionlibreria.com\\\/index.php\\\/product\\\/biblia-reina-valera-1960-de-bolsillo-imitacion-piel-morada-cierre-e-indice-coleccion-floral\\\/#primaryimage\"},\"thumbnailUrl\":\"https:\\\/\\\/tzionlibreria.com\\\/wp-content\\\/uploads\\\/2024\\\/04\\\/biblia-bolsillo-morada.jpg\",\"datePublished\":\"2024-04-16T15:05:03+00:00\",\"dateModified\":\"2025-08-08T19:44:06+00:00\",\"description\":\"Biblia en Reina Valera 1960 es ideal para aquellas personas que quieran una Biblia con letra legible de 8 puntos en un tama\u00f1o compacto.\",\"breadcrumb\":{\"@id\":\"https:\\\/\\\/tzionlibreria.com\\\/index.php\\\/product\\\/biblia-reina-valera-1960-de-bolsillo-imitacion-piel-morada-cierre-e-indice-coleccion-floral\\\/#breadcrumb\"},\"inLanguage\":\"es-CO\",\"potentialAction\":[{\"@type\":\"ReadAction\",\"target\":[\"https:\\\/\\\/tzionlibreria.com\\\/index.php\\\/product\\\/biblia-reina-valera-1960-de-bolsillo-imitacion-piel-morada-cierre-e-indice-coleccion-floral\\\/\"]}]},{\"@type\":\"ImageObject\",\"inLanguage\":\"es-CO\",\"@id\":\"https:\\\/\\\/tzionlibreria.com\\\/index.php\\\/product\\\/biblia-reina-valera-1960-de-bolsillo-imitacion-piel-morada-cierre-e-indice-coleccion-floral\\\/#primaryimage\",\"url\":\"https:\\\/\\\/tzionlibreria.com\\\/wp-content\\\/uploads\\\/2024\\\/04\\\/biblia-bolsillo-morada.jpg\",\"contentUrl\":\"https:\\\/\\\/tzionlibreria.com\\\/wp-content\\\/uploads\\\/2024\\\/04\\\/biblia-bolsillo-morada.jpg\",\"width\":1200,\"height\":1200},{\"@type\":\"BreadcrumbList\",\"@id\":\"https:\\\/\\\/tzionlibreria.com\\\/index.php\\\/product\\\/biblia-reina-valera-1960-de-bolsillo-imitacion-piel-morada-cierre-e-indice-coleccion-floral\\\/#breadcrumb\",\"itemListElement\":[{\"@type\":\"ListItem\",\"position\":1,\"name\":\"Inicio\",\"item\":\"https:\\\/\\\/tzionlibreria.com\\\/\"},{\"@type\":\"ListItem\",\"position\":2,\"name\":\"Shop\",\"item\":\"https:\\\/\\\/tzionlibreria.com\\\/index.php\\\/shop\\\/\"},{\"@type\":\"ListItem\",\"position\":3,\"name\":\"Biblia RVR 1960 de bolsillo Imit Piel Morada Cierre e \u00edndice Colecci\u00f3n Floral\"}]},{\"@type\":\"WebSite\",\"@id\":\"https:\\\/\\\/tzionlibreria.com\\\/#website\",\"url\":\"https:\\\/\\\/tzionlibreria.com\\\/\",\"name\":\"tzionlibreria.com\",\"description\":\"Libreria Cristiana Venezuela\",\"publisher\":{\"@id\":\"https:\\\/\\\/tzionlibreria.com\\\/#organization\"},\"potentialAction\":[{\"@type\":\"SearchAction\",\"target\":{\"@type\":\"EntryPoint\",\"urlTemplate\":\"https:\\\/\\\/tzionlibreria.com\\\/?s={search_term_string}\"},\"query-input\":{\"@type\":\"PropertyValueSpecification\",\"valueRequired\":true,\"valueName\":\"search_term_string\"}}],\"inLanguage\":\"es-CO\"},{\"@type\":\"Organization\",\"@id\":\"https:\\\/\\\/tzionlibreria.com\\\/#organization\",\"name\":\"tzionlibreria.com\",\"url\":\"https:\\\/\\\/tzionlibreria.com\\\/\",\"logo\":{\"@type\":\"ImageObject\",\"inLanguage\":\"es-CO\",\"@id\":\"https:\\\/\\\/tzionlibreria.com\\\/#\\\/schema\\\/logo\\\/image\\\/\",\"url\":\"https:\\\/\\\/tzionlibreria.com\\\/wp-content\\\/uploads\\\/2023\\\/10\\\/cropped-Cuadricula-scaled-1.jpg\",\"contentUrl\":\"https:\\\/\\\/tzionlibreria.com\\\/wp-content\\\/uploads\\\/2023\\\/10\\\/cropped-Cuadricula-scaled-1.jpg\",\"width\":2560,\"height\":2560,\"caption\":\"tzionlibreria.com\"},\"image\":{\"@id\":\"https:\\\/\\\/tzionlibreria.com\\\/#\\\/schema\\\/logo\\\/image\\\/\"}}]}<\/script>\n<!-- \/ Yoast SEO plugin. -->","yoast_head_json":{"title":"Biblia RVR 1960 de bolsillo Imit Piel Morada Cierre e \u00edndice Colecci\u00f3n Floral - tzionlibreria.com","description":"Biblia en Reina Valera 1960 es ideal para aquellas personas que quieran una Biblia con letra legible de 8 puntos en un tama\u00f1o compacto.","robots":{"index":"index","follow":"follow","max-snippet":"max-snippet:-1","max-image-preview":"max-image-preview:large","max-video-preview":"max-video-preview:-1"},"canonical":"https:\/\/tzionlibreria.com\/index.php\/product\/biblia-reina-valera-1960-de-bolsillo-imitacion-piel-morada-cierre-e-indice-coleccion-floral\/","og_locale":"es_ES","og_type":"article","og_title":"Biblia RVR 1960 de bolsillo Imit Piel Morada Cierre e \u00edndice Colecci\u00f3n Floral - tzionlibreria.com","og_description":"Biblia en Reina Valera 1960 es ideal para aquellas personas que quieran una Biblia con letra legible de 8 puntos en un tama\u00f1o compacto.","og_url":"https:\/\/tzionlibreria.com\/index.php\/product\/biblia-reina-valera-1960-de-bolsillo-imitacion-piel-morada-cierre-e-indice-coleccion-floral\/","og_site_name":"tzionlibreria.com","article_modified_time":"2025-08-08T19:44:06+00:00","og_image":[{"width":1200,"height":1200,"url":"http:\/\/tzionlibreria.com\/wp-content\/uploads\/2024\/04\/biblia-bolsillo-morada.jpg","type":"image\/jpeg"}],"twitter_card":"summary_large_image","twitter_misc":{"Tiempo de lectura":"2 minutos"},"schema":{"@context":"https:\/\/schema.org","@graph":[{"@type":"WebPage","@id":"https:\/\/tzionlibreria.com\/index.php\/product\/biblia-reina-valera-1960-de-bolsillo-imitacion-piel-morada-cierre-e-indice-coleccion-floral\/","url":"https:\/\/tzionlibreria.com\/index.php\/product\/biblia-reina-valera-1960-de-bolsillo-imitacion-piel-morada-cierre-e-indice-coleccion-floral\/","name":"Biblia RVR 1960 de bolsillo Imit Piel Morada Cierre e \u00edndice Colecci\u00f3n Floral - tzionlibreria.com","isPartOf":{"@id":"https:\/\/tzionlibreria.com\/#website"},"primaryImageOfPage":{"@id":"https:\/\/tzionlibreria.com\/index.php\/product\/biblia-reina-valera-1960-de-bolsillo-imitacion-piel-morada-cierre-e-indice-coleccion-floral\/#primaryimage"},"image":{"@id":"https:\/\/tzionlibreria.com\/index.php\/product\/biblia-reina-valera-1960-de-bolsillo-imitacion-piel-morada-cierre-e-indice-coleccion-floral\/#primaryimage"},"thumbnailUrl":"https:\/\/tzionlibreria.com\/wp-content\/uploads\/2024\/04\/biblia-bolsillo-morada.jpg","datePublished":"2024-04-16T15:05:03+00:00","dateModified":"2025-08-08T19:44:06+00:00","description":"Biblia en Reina Valera 1960 es ideal para aquellas personas que quieran una Biblia con letra legible de 8 puntos en un tama\u00f1o compacto.","breadcrumb":{"@id":"https:\/\/tzionlibreria.com\/index.php\/product\/biblia-reina-valera-1960-de-bolsillo-imitacion-piel-morada-cierre-e-indice-coleccion-floral\/#breadcrumb"},"inLanguage":"es-CO","potentialAction":[{"@type":"ReadAction","target":["https:\/\/tzionlibreria.com\/index.php\/product\/biblia-reina-valera-1960-de-bolsillo-imitacion-piel-morada-cierre-e-indice-coleccion-floral\/"]}]},{"@type":"ImageObject","inLanguage":"es-CO","@id":"https:\/\/tzionlibreria.com\/index.php\/product\/biblia-reina-valera-1960-de-bolsillo-imitacion-piel-morada-cierre-e-indice-coleccion-floral\/#primaryimage","url":"https:\/\/tzionlibreria.com\/wp-content\/uploads\/2024\/04\/biblia-bolsillo-morada.jpg","contentUrl":"https:\/\/tzionlibreria.com\/wp-content\/uploads\/2024\/04\/biblia-bolsillo-morada.jpg","width":1200,"height":1200},{"@type":"BreadcrumbList","@id":"https:\/\/tzionlibreria.com\/index.php\/product\/biblia-reina-valera-1960-de-bolsillo-imitacion-piel-morada-cierre-e-indice-coleccion-floral\/#breadcrumb","itemListElement":[{"@type":"ListItem","position":1,"name":"Inicio","item":"https:\/\/tzionlibreria.com\/"},{"@type":"ListItem","position":2,"name":"Shop","item":"https:\/\/tzionlibreria.com\/index.php\/shop\/"},{"@type":"ListItem","position":3,"name":"Biblia RVR 1960 de bolsillo Imit Piel Morada Cierre e \u00edndice Colecci\u00f3n Floral"}]},{"@type":"WebSite","@id":"https:\/\/tzionlibreria.com\/#website","url":"https:\/\/tzionlibreria.com\/","name":"tzionlibreria.com","description":"Libreria Cristiana Venezuela","publisher":{"@id":"https:\/\/tzionlibreria.com\/#organization"},"potentialAction":[{"@type":"SearchAction","target":{"@type":"EntryPoint","urlTemplate":"https:\/\/tzionlibreria.com\/?s={search_term_string}"},"query-input":{"@type":"PropertyValueSpecification","valueRequired":true,"valueName":"search_term_string"}}],"inLanguage":"es-CO"},{"@type":"Organization","@id":"https:\/\/tzionlibreria.com\/#organization","name":"tzionlibreria.com","url":"https:\/\/tzionlibreria.com\/","logo":{"@type":"ImageObject","inLanguage":"es-CO","@id":"https:\/\/tzionlibreria.com\/#\/schema\/logo\/image\/","url":"https:\/\/tzionlibreria.com\/wp-content\/uploads\/2023\/10\/cropped-Cuadricula-scaled-1.jpg","contentUrl":"https:\/\/tzionlibreria.com\/wp-content\/uploads\/2023\/10\/cropped-Cuadricula-scaled-1.jpg","width":2560,"height":2560,"caption":"tzionlibreria.com"},"image":{"@id":"https:\/\/tzionlibreria.com\/#\/schema\/logo\/image\/"}}]}},"jetpack_sharing_enabled":true,"_links":{"self":[{"href":"https:\/\/tzionlibreria.com\/index.php\/wp-json\/wp\/v2\/product\/3538","targetHints":{"allow":["GET"]}}],"collection":[{"href":"https:\/\/tzionlibreria.com\/index.php\/wp-json\/wp\/v2\/product"}],"about":[{"href":"https:\/\/tzionlibreria.com\/index.php\/wp-json\/wp\/v2\/types\/product"}],"replies":[{"embeddable":true,"href":"https:\/\/tzionlibreria.com\/index.php\/wp-json\/wp\/v2\/comments?post=3538"}],"wp:featuredmedia":[{"embeddable":true,"href":"https:\/\/tzionlibreria.com\/index.php\/wp-json\/wp\/v2\/media\/3539"}],"wp:attachment":[{"href":"https:\/\/tzionlibreria.com\/index.php\/wp-json\/wp\/v2\/media?parent=3538"}],"wp:term":[{"taxonomy":"product_brand","embeddable":true,"href":"https:\/\/tzionlibreria.com\/index.php\/wp-json\/wp\/v2\/product_brand?post=3538"},{"taxonomy":"product_cat","embeddable":true,"href":"https:\/\/tzionlibreria.com\/index.php\/wp-json\/wp\/v2\/product_cat?post=3538"},{"taxonomy":"product_tag","embeddable":true,"href":"https:\/\/tzionlibreria.com\/index.php\/wp-json\/wp\/v2\/product_tag?post=3538"}],"curies":[{"name":"wp","href":"https:\/\/api.w.org\/{rel}","templated":true}]}}