{"id":3578,"date":"2024-04-17T22:37:38","date_gmt":"2024-04-17T22:37:38","guid":{"rendered":"https:\/\/tzionlibreria.com\/?post_type=product&#038;p=3578"},"modified":"2025-06-03T22:25:24","modified_gmt":"2025-06-03T22:25:24","slug":"la-biblia-de-estudio-de-la-reforma-lbla","status":"publish","type":"product","link":"https:\/\/tzionlibreria.com\/index.php\/product\/la-biblia-de-estudio-de-la-reforma-lbla\/","title":{"rendered":"La Biblia de Estudio de La Reforma LBLA"},"content":{"rendered":"<div>La Biblia de Estudio de La Reforma ha sido revisada a fondo y cuidadosamente elaborada bajo la direcci\u00f3n editorial de R.C. Sproul y las contribuciones de 75 distinguidos te\u00f3logos y pastores de todo el mundo.<\/div>\n<div><\/div>\n<div>M\u00e1s de 1,1 millones de palabras de explicaciones vers\u00edculo por vers\u00edculo y tem\u00e1ticas presentadas fielmente para enfatizar la necesidad de que la gracia de Dios nos saque de las tinieblas y nos conduzca a la luz de las Escrituras.<\/div>\n<div><\/div>\n<div>La Biblia de Estudio de La Reforma ofrece una experiencia de lectura, estudio y discipulado sin precedentes para cada edad y etapa de la vida cristiana.<\/div>\n<div><\/div>\n<div><strong>\u00a0Fidelidad en erudici\u00f3n y comentarios\u00a0<\/strong><\/div>\n<div>\n<ul>\n<li>Notas teol\u00f3gicas del editor general, R.C. Sproul<\/li>\n<li>Comentarios de 75 pastores y te\u00f3logos de alrededor del mundo<\/li>\n<li>\u00a0Art\u00edculos tem\u00e1ticos para enriquecer el estudio adicional de las Escrituras<\/li>\n<\/ul>\n<\/div>\n<div><strong>\u00a0Notas exhaustivas y recursos teol\u00f3gicos<\/strong><\/div>\n<div>\n<ul>\n<li>\u00a0M\u00e1s de 1,1 millones de palabras de explicaciones vers\u00edculo por vers\u00edculo y tem\u00e1ticas<\/li>\n<li>\u00a0M\u00e1s de 20,000 notas de estudio<\/li>\n<li>\u00a0Confesiones y credos hist\u00f3ricos de 2,000 a\u00f1os de historia de la Iglesia<\/li>\n<\/ul>\n<\/div>\n<div><strong>\u00a0Herramientas de estudio y ayudas visuales\u00a0<\/strong><\/div>\n<div>\n<ul>\n<li>16 p\u00e1ginas de galardonados mapas a color<\/li>\n<li>\u00a0Los mapas integrados proporcionan referencias r\u00e1pidas mientras se lee<\/li>\n<li>\u00a0Concordancia, tabla de pesos y medidas, y mucho m\u00e1s<\/li>\n<\/ul>\n<div id=\"ctl00_ucPDTabs_ctl02_fs\" class=\"ProductDetailGroup system-properties\"><strong>ISBN<\/strong>: 9781642892574<br \/>\n<strong>Referencia de producto<\/strong>: 9781642892574<br \/>\n<strong>Dimensiones<\/strong>: 17 x 25 x 5 cm<br \/>\n<strong>Peso<\/strong>: 1,600kg<br \/>\n<strong>Cubierta<\/strong>: Imitaci\u00f3n Piel<br \/>\n<strong>N\u00famero de discos<\/strong>: 2568<br \/>\n<strong>Idioma<\/strong>: Espa\u00f1ol<\/div>\n<div id=\"ctl00_ucPDTabs_ctl03_fs\" class=\"ProductDetailGroup\"><strong>Color:<\/strong>\u00a0Azul<br \/>\n<strong>Canto:<\/strong>\u00a0Plateado<br \/>\n<strong>Tama\u00f1o:<\/strong>\u00a0Personal<br \/>\n<strong>Especialidad:<\/strong>\u00a0Estudio<br \/>\n<strong>Versi\u00f3n:<\/strong>\u00a0LBLA<br \/>\n<strong>Caracter\u00edsticas Adicionales:<\/strong>\u00a0Cinta Marcadora<br \/>\n<strong>Caracter\u00edsticas Adicionales:<\/strong>\u00a0Concordancia<br \/>\n<strong>Caracter\u00edsticas Adicionales:<\/strong>\u00a0Mapas<br \/>\n<strong>Caracter\u00edsticas Adicionales:<\/strong>\u00a0Notas teol\u00f3gicas<br \/>\n<strong>Caracter\u00edsticas Adicionales:<\/strong>\u00a0Art\u00edculos Tem\u00e1ticos<br \/>\n<strong>Caracter\u00edsticas Adicionales:<\/strong>\u00a0Tabla de Pesos y Medidas<\/div>\n<\/div>\n","protected":false},"excerpt":{"rendered":"<p>La Biblia de Estudio de La Reforma ha sido revisada a fondo y cuidadosamente elaborada bajo la direcci\u00f3n editorial de R.C. Sproul y las contribuciones de 75 distinguidos te\u00f3logos y pastores de todo el mundo. M\u00e1s de 1,1 millones de palabras de explicaciones vers\u00edculo por vers\u00edculo y tem\u00e1ticas presentadas fielmente para enfatizar la necesidad de [&hellip;]<\/p>\n","protected":false},"featured_media":3579,"comment_status":"open","ping_status":"closed","template":"","meta":{"om_disable_all_campaigns":false,"_monsterinsights_skip_tracking":false,"_monsterinsights_sitenote_active":false,"_monsterinsights_sitenote_note":"","_monsterinsights_sitenote_category":0,"site-sidebar-layout":"default","site-content-layout":"","ast-site-content-layout":"default","site-content-style":"default","site-sidebar-style":"default","ast-global-header-display":"","ast-banner-title-visibility":"","ast-main-header-display":"","ast-hfb-above-header-display":"","ast-hfb-below-header-display":"","ast-hfb-mobile-header-display":"","site-post-title":"","ast-breadcrumbs-content":"","ast-featured-img":"","footer-sml-layout":"","ast-disable-related-posts":"","theme-transparent-header-meta":"default","adv-header-id-meta":"","stick-header-meta":"","header-above-stick-meta":"","header-main-stick-meta":"","header-below-stick-meta":"","astra-migrate-meta-layouts":"set","ast-page-background-enabled":"default","ast-page-background-meta":{"desktop":{"background-color":"var(--ast-global-color-4)","background-image":"","background-repeat":"repeat","background-position":"center center","background-size":"auto","background-attachment":"scroll","background-type":"","background-media":"","overlay-type":"","overlay-color":"","overlay-opacity":"","overlay-gradient":""},"tablet":{"background-color":"","background-image":"","background-repeat":"repeat","background-position":"center center","background-size":"auto","background-attachment":"scroll","background-type":"","background-media":"","overlay-type":"","overlay-color":"","overlay-opacity":"","overlay-gradient":""},"mobile":{"background-color":"","background-image":"","background-repeat":"repeat","background-position":"center center","background-size":"auto","background-attachment":"scroll","background-type":"","background-media":"","overlay-type":"","overlay-color":"","overlay-opacity":"","overlay-gradient":""}},"ast-content-background-meta":{"desktop":{"background-color":"var(--ast-global-color-5)","background-image":"","background-repeat":"repeat","background-position":"center center","background-size":"auto","background-attachment":"scroll","background-type":"","background-media":"","overlay-type":"","overlay-color":"","overlay-opacity":"","overlay-gradient":""},"tablet":{"background-color":"var(--ast-global-color-5)","background-image":"","background-repeat":"repeat","background-position":"center center","background-size":"auto","background-attachment":"scroll","background-type":"","background-media":"","overlay-type":"","overlay-color":"","overlay-opacity":"","overlay-gradient":""},"mobile":{"background-color":"var(--ast-global-color-5)","background-image":"","background-repeat":"repeat","background-position":"center center","background-size":"auto","background-attachment":"scroll","background-type":"","background-media":"","overlay-type":"","overlay-color":"","overlay-opacity":"","overlay-gradient":""}}},"product_brand":[],"product_cat":[22,30],"product_tag":[],"class_list":{"0":"post-3578","1":"product","2":"type-product","3":"status-publish","4":"has-post-thumbnail","6":"product_cat-biblias","7":"product_cat-biblia-de-estudio","8":"desktop-align-left","9":"tablet-align-left","10":"mobile-align-left","12":"first","13":"outofstock","14":"shipping-taxable","15":"purchasable","16":"product-type-simple"},"yoast_head":"<!-- This site is optimized with the Yoast SEO plugin v27.4 - https:\/\/yoast.com\/product\/yoast-seo-wordpress\/ -->\n<title>La Biblia de Estudio de La Reforma LBLA - tzionlibreria.com<\/title>\n<meta name=\"robots\" content=\"index, follow, max-snippet:-1, max-image-preview:large, max-video-preview:-1\" \/>\n<link rel=\"canonical\" href=\"https:\/\/tzionlibreria.com\/index.php\/product\/la-biblia-de-estudio-de-la-reforma-lbla\/\" \/>\n<meta property=\"og:locale\" content=\"es_ES\" \/>\n<meta property=\"og:type\" content=\"article\" \/>\n<meta property=\"og:title\" content=\"La Biblia de Estudio de La Reforma LBLA - tzionlibreria.com\" \/>\n<meta property=\"og:description\" content=\"La Biblia de Estudio de La Reforma ha sido revisada a fondo y cuidadosamente elaborada bajo la direcci\u00f3n editorial de R.C. Sproul y las contribuciones de 75 distinguidos te\u00f3logos y pastores de todo el mundo. M\u00e1s de 1,1 millones de palabras de explicaciones vers\u00edculo por vers\u00edculo y tem\u00e1ticas presentadas fielmente para enfatizar la necesidad de [&hellip;]\" \/>\n<meta property=\"og:url\" content=\"https:\/\/tzionlibreria.com\/index.php\/product\/la-biblia-de-estudio-de-la-reforma-lbla\/\" \/>\n<meta property=\"og:site_name\" content=\"tzionlibreria.com\" \/>\n<meta property=\"article:modified_time\" content=\"2025-06-03T22:25:24+00:00\" \/>\n<meta property=\"og:image\" content=\"http:\/\/tzionlibreria.com\/wp-content\/uploads\/2024\/04\/reforma-azul.jpg\" \/>\n\t<meta property=\"og:image:width\" content=\"1200\" \/>\n\t<meta property=\"og:image:height\" content=\"1200\" \/>\n\t<meta property=\"og:image:type\" content=\"image\/jpeg\" \/>\n<meta name=\"twitter:card\" content=\"summary_large_image\" \/>\n<meta name=\"twitter:label1\" content=\"Tiempo de lectura\" \/>\n\t<meta name=\"twitter:data1\" content=\"2 minutos\" \/>\n<script type=\"application\/ld+json\" class=\"yoast-schema-graph\">{\"@context\":\"https:\\\/\\\/schema.org\",\"@graph\":[{\"@type\":\"WebPage\",\"@id\":\"https:\\\/\\\/tzionlibreria.com\\\/index.php\\\/product\\\/la-biblia-de-estudio-de-la-reforma-lbla\\\/\",\"url\":\"https:\\\/\\\/tzionlibreria.com\\\/index.php\\\/product\\\/la-biblia-de-estudio-de-la-reforma-lbla\\\/\",\"name\":\"La Biblia de Estudio de La Reforma LBLA - tzionlibreria.com\",\"isPartOf\":{\"@id\":\"https:\\\/\\\/tzionlibreria.com\\\/#website\"},\"primaryImageOfPage\":{\"@id\":\"https:\\\/\\\/tzionlibreria.com\\\/index.php\\\/product\\\/la-biblia-de-estudio-de-la-reforma-lbla\\\/#primaryimage\"},\"image\":{\"@id\":\"https:\\\/\\\/tzionlibreria.com\\\/index.php\\\/product\\\/la-biblia-de-estudio-de-la-reforma-lbla\\\/#primaryimage\"},\"thumbnailUrl\":\"https:\\\/\\\/tzionlibreria.com\\\/wp-content\\\/uploads\\\/2024\\\/04\\\/reforma-azul.jpg\",\"datePublished\":\"2024-04-17T22:37:38+00:00\",\"dateModified\":\"2025-06-03T22:25:24+00:00\",\"breadcrumb\":{\"@id\":\"https:\\\/\\\/tzionlibreria.com\\\/index.php\\\/product\\\/la-biblia-de-estudio-de-la-reforma-lbla\\\/#breadcrumb\"},\"inLanguage\":\"es-CO\",\"potentialAction\":[{\"@type\":\"ReadAction\",\"target\":[\"https:\\\/\\\/tzionlibreria.com\\\/index.php\\\/product\\\/la-biblia-de-estudio-de-la-reforma-lbla\\\/\"]}]},{\"@type\":\"ImageObject\",\"inLanguage\":\"es-CO\",\"@id\":\"https:\\\/\\\/tzionlibreria.com\\\/index.php\\\/product\\\/la-biblia-de-estudio-de-la-reforma-lbla\\\/#primaryimage\",\"url\":\"https:\\\/\\\/tzionlibreria.com\\\/wp-content\\\/uploads\\\/2024\\\/04\\\/reforma-azul.jpg\",\"contentUrl\":\"https:\\\/\\\/tzionlibreria.com\\\/wp-content\\\/uploads\\\/2024\\\/04\\\/reforma-azul.jpg\",\"width\":1200,\"height\":1200},{\"@type\":\"BreadcrumbList\",\"@id\":\"https:\\\/\\\/tzionlibreria.com\\\/index.php\\\/product\\\/la-biblia-de-estudio-de-la-reforma-lbla\\\/#breadcrumb\",\"itemListElement\":[{\"@type\":\"ListItem\",\"position\":1,\"name\":\"Inicio\",\"item\":\"https:\\\/\\\/tzionlibreria.com\\\/\"},{\"@type\":\"ListItem\",\"position\":2,\"name\":\"Shop\",\"item\":\"https:\\\/\\\/tzionlibreria.com\\\/index.php\\\/shop\\\/\"},{\"@type\":\"ListItem\",\"position\":3,\"name\":\"La Biblia de Estudio de La Reforma LBLA\"}]},{\"@type\":\"WebSite\",\"@id\":\"https:\\\/\\\/tzionlibreria.com\\\/#website\",\"url\":\"https:\\\/\\\/tzionlibreria.com\\\/\",\"name\":\"tzionlibreria.com\",\"description\":\"Libreria Cristiana Venezuela\",\"publisher\":{\"@id\":\"https:\\\/\\\/tzionlibreria.com\\\/#organization\"},\"potentialAction\":[{\"@type\":\"SearchAction\",\"target\":{\"@type\":\"EntryPoint\",\"urlTemplate\":\"https:\\\/\\\/tzionlibreria.com\\\/?s={search_term_string}\"},\"query-input\":{\"@type\":\"PropertyValueSpecification\",\"valueRequired\":true,\"valueName\":\"search_term_string\"}}],\"inLanguage\":\"es-CO\"},{\"@type\":\"Organization\",\"@id\":\"https:\\\/\\\/tzionlibreria.com\\\/#organization\",\"name\":\"tzionlibreria.com\",\"url\":\"https:\\\/\\\/tzionlibreria.com\\\/\",\"logo\":{\"@type\":\"ImageObject\",\"inLanguage\":\"es-CO\",\"@id\":\"https:\\\/\\\/tzionlibreria.com\\\/#\\\/schema\\\/logo\\\/image\\\/\",\"url\":\"https:\\\/\\\/tzionlibreria.com\\\/wp-content\\\/uploads\\\/2023\\\/10\\\/cropped-Cuadricula-scaled-1.jpg\",\"contentUrl\":\"https:\\\/\\\/tzionlibreria.com\\\/wp-content\\\/uploads\\\/2023\\\/10\\\/cropped-Cuadricula-scaled-1.jpg\",\"width\":2560,\"height\":2560,\"caption\":\"tzionlibreria.com\"},\"image\":{\"@id\":\"https:\\\/\\\/tzionlibreria.com\\\/#\\\/schema\\\/logo\\\/image\\\/\"}}]}<\/script>\n<!-- \/ Yoast SEO plugin. -->","yoast_head_json":{"title":"La Biblia de Estudio de La Reforma LBLA - tzionlibreria.com","robots":{"index":"index","follow":"follow","max-snippet":"max-snippet:-1","max-image-preview":"max-image-preview:large","max-video-preview":"max-video-preview:-1"},"canonical":"https:\/\/tzionlibreria.com\/index.php\/product\/la-biblia-de-estudio-de-la-reforma-lbla\/","og_locale":"es_ES","og_type":"article","og_title":"La Biblia de Estudio de La Reforma LBLA - tzionlibreria.com","og_description":"La Biblia de Estudio de La Reforma ha sido revisada a fondo y cuidadosamente elaborada bajo la direcci\u00f3n editorial de R.C. Sproul y las contribuciones de 75 distinguidos te\u00f3logos y pastores de todo el mundo. M\u00e1s de 1,1 millones de palabras de explicaciones vers\u00edculo por vers\u00edculo y tem\u00e1ticas presentadas fielmente para enfatizar la necesidad de [&hellip;]","og_url":"https:\/\/tzionlibreria.com\/index.php\/product\/la-biblia-de-estudio-de-la-reforma-lbla\/","og_site_name":"tzionlibreria.com","article_modified_time":"2025-06-03T22:25:24+00:00","og_image":[{"width":1200,"height":1200,"url":"http:\/\/tzionlibreria.com\/wp-content\/uploads\/2024\/04\/reforma-azul.jpg","type":"image\/jpeg"}],"twitter_card":"summary_large_image","twitter_misc":{"Tiempo de lectura":"2 minutos"},"schema":{"@context":"https:\/\/schema.org","@graph":[{"@type":"WebPage","@id":"https:\/\/tzionlibreria.com\/index.php\/product\/la-biblia-de-estudio-de-la-reforma-lbla\/","url":"https:\/\/tzionlibreria.com\/index.php\/product\/la-biblia-de-estudio-de-la-reforma-lbla\/","name":"La Biblia de Estudio de La Reforma LBLA - tzionlibreria.com","isPartOf":{"@id":"https:\/\/tzionlibreria.com\/#website"},"primaryImageOfPage":{"@id":"https:\/\/tzionlibreria.com\/index.php\/product\/la-biblia-de-estudio-de-la-reforma-lbla\/#primaryimage"},"image":{"@id":"https:\/\/tzionlibreria.com\/index.php\/product\/la-biblia-de-estudio-de-la-reforma-lbla\/#primaryimage"},"thumbnailUrl":"https:\/\/tzionlibreria.com\/wp-content\/uploads\/2024\/04\/reforma-azul.jpg","datePublished":"2024-04-17T22:37:38+00:00","dateModified":"2025-06-03T22:25:24+00:00","breadcrumb":{"@id":"https:\/\/tzionlibreria.com\/index.php\/product\/la-biblia-de-estudio-de-la-reforma-lbla\/#breadcrumb"},"inLanguage":"es-CO","potentialAction":[{"@type":"ReadAction","target":["https:\/\/tzionlibreria.com\/index.php\/product\/la-biblia-de-estudio-de-la-reforma-lbla\/"]}]},{"@type":"ImageObject","inLanguage":"es-CO","@id":"https:\/\/tzionlibreria.com\/index.php\/product\/la-biblia-de-estudio-de-la-reforma-lbla\/#primaryimage","url":"https:\/\/tzionlibreria.com\/wp-content\/uploads\/2024\/04\/reforma-azul.jpg","contentUrl":"https:\/\/tzionlibreria.com\/wp-content\/uploads\/2024\/04\/reforma-azul.jpg","width":1200,"height":1200},{"@type":"BreadcrumbList","@id":"https:\/\/tzionlibreria.com\/index.php\/product\/la-biblia-de-estudio-de-la-reforma-lbla\/#breadcrumb","itemListElement":[{"@type":"ListItem","position":1,"name":"Inicio","item":"https:\/\/tzionlibreria.com\/"},{"@type":"ListItem","position":2,"name":"Shop","item":"https:\/\/tzionlibreria.com\/index.php\/shop\/"},{"@type":"ListItem","position":3,"name":"La Biblia de Estudio de La Reforma LBLA"}]},{"@type":"WebSite","@id":"https:\/\/tzionlibreria.com\/#website","url":"https:\/\/tzionlibreria.com\/","name":"tzionlibreria.com","description":"Libreria Cristiana Venezuela","publisher":{"@id":"https:\/\/tzionlibreria.com\/#organization"},"potentialAction":[{"@type":"SearchAction","target":{"@type":"EntryPoint","urlTemplate":"https:\/\/tzionlibreria.com\/?s={search_term_string}"},"query-input":{"@type":"PropertyValueSpecification","valueRequired":true,"valueName":"search_term_string"}}],"inLanguage":"es-CO"},{"@type":"Organization","@id":"https:\/\/tzionlibreria.com\/#organization","name":"tzionlibreria.com","url":"https:\/\/tzionlibreria.com\/","logo":{"@type":"ImageObject","inLanguage":"es-CO","@id":"https:\/\/tzionlibreria.com\/#\/schema\/logo\/image\/","url":"https:\/\/tzionlibreria.com\/wp-content\/uploads\/2023\/10\/cropped-Cuadricula-scaled-1.jpg","contentUrl":"https:\/\/tzionlibreria.com\/wp-content\/uploads\/2023\/10\/cropped-Cuadricula-scaled-1.jpg","width":2560,"height":2560,"caption":"tzionlibreria.com"},"image":{"@id":"https:\/\/tzionlibreria.com\/#\/schema\/logo\/image\/"}}]}},"jetpack_sharing_enabled":true,"_links":{"self":[{"href":"https:\/\/tzionlibreria.com\/index.php\/wp-json\/wp\/v2\/product\/3578","targetHints":{"allow":["GET"]}}],"collection":[{"href":"https:\/\/tzionlibreria.com\/index.php\/wp-json\/wp\/v2\/product"}],"about":[{"href":"https:\/\/tzionlibreria.com\/index.php\/wp-json\/wp\/v2\/types\/product"}],"replies":[{"embeddable":true,"href":"https:\/\/tzionlibreria.com\/index.php\/wp-json\/wp\/v2\/comments?post=3578"}],"wp:featuredmedia":[{"embeddable":true,"href":"https:\/\/tzionlibreria.com\/index.php\/wp-json\/wp\/v2\/media\/3579"}],"wp:attachment":[{"href":"https:\/\/tzionlibreria.com\/index.php\/wp-json\/wp\/v2\/media?parent=3578"}],"wp:term":[{"taxonomy":"product_brand","embeddable":true,"href":"https:\/\/tzionlibreria.com\/index.php\/wp-json\/wp\/v2\/product_brand?post=3578"},{"taxonomy":"product_cat","embeddable":true,"href":"https:\/\/tzionlibreria.com\/index.php\/wp-json\/wp\/v2\/product_cat?post=3578"},{"taxonomy":"product_tag","embeddable":true,"href":"https:\/\/tzionlibreria.com\/index.php\/wp-json\/wp\/v2\/product_tag?post=3578"}],"curies":[{"name":"wp","href":"https:\/\/api.w.org\/{rel}","templated":true}]}}