{"id":3684,"date":"2024-04-17T23:28:53","date_gmt":"2024-04-17T23:28:53","guid":{"rendered":"https:\/\/tzionlibreria.com\/?post_type=product&#038;p=3684"},"modified":"2026-03-10T15:43:31","modified_gmt":"2026-03-10T15:43:31","slug":"biblia-rvr-1960-letra-grande-tamano-manual-tapa-dura-de-tela-leon-aguamarina","status":"publish","type":"product","link":"https:\/\/tzionlibreria.com\/index.php\/product\/biblia-rvr-1960-letra-grande-tamano-manual-tapa-dura-de-tela-leon-aguamarina\/","title":{"rendered":"Biblia RVR 1960 Letra Grande Tapa Dura de Tela Le\u00f3n Aguamarina"},"content":{"rendered":"<div class=\"ast-oembed-container \" style=\"height: 100%;\"><iframe title=\"Biblia RVR 1960 letra grande Tapa Dura de tela Jes\u00fas sana - Le\u00f3n aguamarina -  Pescador de hombres\" width=\"500\" height=\"281\" src=\"https:\/\/www.youtube.com\/embed\/hySvI_SolHM?feature=oembed\" frameborder=\"0\" allow=\"accelerometer; autoplay; clipboard-write; encrypted-media; gyroscope; picture-in-picture; web-share\" referrerpolicy=\"strict-origin-when-cross-origin\" allowfullscreen><\/iframe><\/div>\n<p>&nbsp;<\/p>\n<p><strong><span class=\"a-text-bold\">Biblia tama\u00f1o manual, ultrafina y con letra grande, tapa dura con un estudio conciso de los nombres de Dios.<\/span><\/strong><\/p>\n<p>Su presentaci\u00f3n la hace \u00fanica en el mercado de las maravillosas Biblias del nuestro sello Origen, formato de encuadernaci\u00f3n tapa dura forrada en tela con la imagen cl\u00e1sica de Jes\u00fas sanando al hombre, hace que la Santa Biblia RVR1960 sea ideal para el uso personal o para regalo. Esta edici\u00f3n contiene un estudio especial sobre los nombres de Dios. Descubre el significado B\u00edblico de cada uno de ellos y su aplicaci\u00f3n en nuestro d\u00eda a d\u00eda. Con letra grande y las palabras de Cristo destacadas en rojo, la Biblia incluye una gu\u00eda para acompa\u00f1arte en su lectura durante el a\u00f1o.<\/p>\n<p>Esta edici\u00f3n conserva la belleza cl\u00e1sica y la elocuencia de la Reina Valera Revisada 1960. Liviana, pr\u00e1ctica y resistente, su encuadernaci\u00f3n la hace perfecta para acompa\u00f1arte a todas partes, para la lectura diaria y el uso en la iglesia cada domingo.<\/p>\n<p><span class=\"a-text-bold\">El texto incluye:<\/span><\/p>\n<p>\u2022 Letra grande que facilita la lectura (10.5 pts)<br \/>\n\u2022 Concordancia<br \/>\n\u2022 Palabras de Cristo en rojo<br \/>\n\u2022 Encabezados visibles para encontrar f\u00e1cilmente las referencias<br \/>\n\u2022 M\u00e1s de 10,000 referencias cruzadas<br \/>\n\u2022 Plan de salvaci\u00f3n<br \/>\n\u2022 Un estudio conciso de los nombres de Dios<br \/>\n\u2022 Una gu\u00eda para leer la Biblia en un a\u00f1o<\/p>\n<p><span class=\"a-text-bold\">Adem\u00e1s, esta edici\u00f3n Reina Valera Revisada 1960 ofrece:<\/span><\/p>\n<p>\u2022 Encuadernaci\u00f3n tapa dura resistente y durable<br \/>\n\u2022 Ultrafina<br \/>\n\u2022 P\u00e1gina para dedicatoria<br \/>\n\u2022 Cinta marcador<br \/>\n\u2022 Tama\u00f1o: 13.6 cm x 20.3 cm<br \/>\n\u2022 1,280 p\u00e1ginas<\/p>\n<p>&nbsp;<\/p>\n<p>ISBN: 9781644737767<\/p>\n","protected":false},"excerpt":{"rendered":"<p>&nbsp; Biblia tama\u00f1o manual, ultrafina y con letra grande, tapa dura con un estudio conciso de los nombres de Dios. Su presentaci\u00f3n la hace \u00fanica en el mercado de las maravillosas Biblias del nuestro sello Origen, formato de encuadernaci\u00f3n tapa dura forrada en tela con la imagen cl\u00e1sica de Jes\u00fas sanando al hombre, hace que [&hellip;]<\/p>\n","protected":false},"featured_media":3685,"comment_status":"open","ping_status":"closed","template":"","meta":{"om_disable_all_campaigns":false,"_monsterinsights_skip_tracking":false,"_monsterinsights_sitenote_active":false,"_monsterinsights_sitenote_note":"","_monsterinsights_sitenote_category":0,"site-sidebar-layout":"default","site-content-layout":"","ast-site-content-layout":"default","site-content-style":"default","site-sidebar-style":"default","ast-global-header-display":"","ast-banner-title-visibility":"","ast-main-header-display":"","ast-hfb-above-header-display":"","ast-hfb-below-header-display":"","ast-hfb-mobile-header-display":"","site-post-title":"","ast-breadcrumbs-content":"","ast-featured-img":"","footer-sml-layout":"","ast-disable-related-posts":"","theme-transparent-header-meta":"default","adv-header-id-meta":"","stick-header-meta":"","header-above-stick-meta":"","header-main-stick-meta":"","header-below-stick-meta":"","astra-migrate-meta-layouts":"set","ast-page-background-enabled":"default","ast-page-background-meta":{"desktop":{"background-color":"var(--ast-global-color-4)","background-image":"","background-repeat":"repeat","background-position":"center center","background-size":"auto","background-attachment":"scroll","background-type":"","background-media":"","overlay-type":"","overlay-color":"","overlay-opacity":"","overlay-gradient":""},"tablet":{"background-color":"","background-image":"","background-repeat":"repeat","background-position":"center center","background-size":"auto","background-attachment":"scroll","background-type":"","background-media":"","overlay-type":"","overlay-color":"","overlay-opacity":"","overlay-gradient":""},"mobile":{"background-color":"","background-image":"","background-repeat":"repeat","background-position":"center center","background-size":"auto","background-attachment":"scroll","background-type":"","background-media":"","overlay-type":"","overlay-color":"","overlay-opacity":"","overlay-gradient":""}},"ast-content-background-meta":{"desktop":{"background-color":"var(--ast-global-color-5)","background-image":"","background-repeat":"repeat","background-position":"center center","background-size":"auto","background-attachment":"scroll","background-type":"","background-media":"","overlay-type":"","overlay-color":"","overlay-opacity":"","overlay-gradient":""},"tablet":{"background-color":"var(--ast-global-color-5)","background-image":"","background-repeat":"repeat","background-position":"center center","background-size":"auto","background-attachment":"scroll","background-type":"","background-media":"","overlay-type":"","overlay-color":"","overlay-opacity":"","overlay-gradient":""},"mobile":{"background-color":"var(--ast-global-color-5)","background-image":"","background-repeat":"repeat","background-position":"center center","background-size":"auto","background-attachment":"scroll","background-type":"","background-media":"","overlay-type":"","overlay-color":"","overlay-opacity":"","overlay-gradient":""}}},"product_brand":[],"product_cat":[22,42,177],"product_tag":[47],"class_list":{"0":"post-3684","1":"product","2":"type-product","3":"status-publish","4":"has-post-thumbnail","6":"product_cat-biblias","7":"product_cat-biblias-reina-valera","8":"product_cat-letra-grande-rvr","9":"product_tag-letra-grande","10":"desktop-align-left","11":"tablet-align-left","12":"mobile-align-left","14":"first","15":"instock","16":"shipping-taxable","17":"purchasable","18":"product-type-simple"},"yoast_head":"<!-- This site is optimized with the Yoast SEO plugin v27.4 - https:\/\/yoast.com\/product\/yoast-seo-wordpress\/ -->\n<title>Biblia RVR 1960 Letra Grande Tapa Dura de Tela Le\u00f3n Aguamarina - tzionlibreria.com<\/title>\n<meta name=\"description\" content=\"Biblia tama\u00f1o manual, ultrafina y con letra grande, tapa dura con un estudio conciso de los nombres de Dios. Liviana, pr\u00e1ctica y resistente.\" \/>\n<meta name=\"robots\" content=\"index, follow, max-snippet:-1, max-image-preview:large, max-video-preview:-1\" \/>\n<link rel=\"canonical\" href=\"https:\/\/tzionlibreria.com\/index.php\/product\/biblia-rvr-1960-letra-grande-tamano-manual-tapa-dura-de-tela-leon-aguamarina\/\" \/>\n<meta property=\"og:locale\" content=\"es_ES\" \/>\n<meta property=\"og:type\" content=\"article\" \/>\n<meta property=\"og:title\" content=\"Biblia RVR 1960 Letra Grande Tapa Dura de Tela Le\u00f3n Aguamarina - tzionlibreria.com\" \/>\n<meta property=\"og:description\" content=\"Biblia tama\u00f1o manual, ultrafina y con letra grande, tapa dura con un estudio conciso de los nombres de Dios. Liviana, pr\u00e1ctica y resistente.\" \/>\n<meta property=\"og:url\" content=\"https:\/\/tzionlibreria.com\/index.php\/product\/biblia-rvr-1960-letra-grande-tamano-manual-tapa-dura-de-tela-leon-aguamarina\/\" \/>\n<meta property=\"og:site_name\" content=\"tzionlibreria.com\" \/>\n<meta property=\"article:modified_time\" content=\"2026-03-10T15:43:31+00:00\" \/>\n<meta property=\"og:image\" content=\"http:\/\/tzionlibreria.com\/wp-content\/uploads\/2024\/04\/leon-tapa-dura.jpg\" \/>\n\t<meta property=\"og:image:width\" content=\"1200\" \/>\n\t<meta property=\"og:image:height\" content=\"1200\" \/>\n\t<meta property=\"og:image:type\" content=\"image\/jpeg\" \/>\n<meta name=\"twitter:card\" content=\"summary_large_image\" \/>\n<meta name=\"twitter:label1\" content=\"Tiempo de lectura\" \/>\n\t<meta name=\"twitter:data1\" content=\"2 minutos\" \/>\n<script type=\"application\/ld+json\" class=\"yoast-schema-graph\">{\"@context\":\"https:\\\/\\\/schema.org\",\"@graph\":[{\"@type\":\"WebPage\",\"@id\":\"https:\\\/\\\/tzionlibreria.com\\\/index.php\\\/product\\\/biblia-rvr-1960-letra-grande-tamano-manual-tapa-dura-de-tela-leon-aguamarina\\\/\",\"url\":\"https:\\\/\\\/tzionlibreria.com\\\/index.php\\\/product\\\/biblia-rvr-1960-letra-grande-tamano-manual-tapa-dura-de-tela-leon-aguamarina\\\/\",\"name\":\"Biblia RVR 1960 Letra Grande Tapa Dura de Tela Le\u00f3n Aguamarina - tzionlibreria.com\",\"isPartOf\":{\"@id\":\"https:\\\/\\\/tzionlibreria.com\\\/#website\"},\"primaryImageOfPage\":{\"@id\":\"https:\\\/\\\/tzionlibreria.com\\\/index.php\\\/product\\\/biblia-rvr-1960-letra-grande-tamano-manual-tapa-dura-de-tela-leon-aguamarina\\\/#primaryimage\"},\"image\":{\"@id\":\"https:\\\/\\\/tzionlibreria.com\\\/index.php\\\/product\\\/biblia-rvr-1960-letra-grande-tamano-manual-tapa-dura-de-tela-leon-aguamarina\\\/#primaryimage\"},\"thumbnailUrl\":\"https:\\\/\\\/tzionlibreria.com\\\/wp-content\\\/uploads\\\/2024\\\/04\\\/leon-tapa-dura.jpg\",\"datePublished\":\"2024-04-17T23:28:53+00:00\",\"dateModified\":\"2026-03-10T15:43:31+00:00\",\"description\":\"Biblia tama\u00f1o manual, ultrafina y con letra grande, tapa dura con un estudio conciso de los nombres de Dios. Liviana, pr\u00e1ctica y resistente.\",\"breadcrumb\":{\"@id\":\"https:\\\/\\\/tzionlibreria.com\\\/index.php\\\/product\\\/biblia-rvr-1960-letra-grande-tamano-manual-tapa-dura-de-tela-leon-aguamarina\\\/#breadcrumb\"},\"inLanguage\":\"es-CO\",\"potentialAction\":[{\"@type\":\"ReadAction\",\"target\":[\"https:\\\/\\\/tzionlibreria.com\\\/index.php\\\/product\\\/biblia-rvr-1960-letra-grande-tamano-manual-tapa-dura-de-tela-leon-aguamarina\\\/\"]}]},{\"@type\":\"ImageObject\",\"inLanguage\":\"es-CO\",\"@id\":\"https:\\\/\\\/tzionlibreria.com\\\/index.php\\\/product\\\/biblia-rvr-1960-letra-grande-tamano-manual-tapa-dura-de-tela-leon-aguamarina\\\/#primaryimage\",\"url\":\"https:\\\/\\\/tzionlibreria.com\\\/wp-content\\\/uploads\\\/2024\\\/04\\\/leon-tapa-dura.jpg\",\"contentUrl\":\"https:\\\/\\\/tzionlibreria.com\\\/wp-content\\\/uploads\\\/2024\\\/04\\\/leon-tapa-dura.jpg\",\"width\":1200,\"height\":1200},{\"@type\":\"BreadcrumbList\",\"@id\":\"https:\\\/\\\/tzionlibreria.com\\\/index.php\\\/product\\\/biblia-rvr-1960-letra-grande-tamano-manual-tapa-dura-de-tela-leon-aguamarina\\\/#breadcrumb\",\"itemListElement\":[{\"@type\":\"ListItem\",\"position\":1,\"name\":\"Inicio\",\"item\":\"https:\\\/\\\/tzionlibreria.com\\\/\"},{\"@type\":\"ListItem\",\"position\":2,\"name\":\"Shop\",\"item\":\"https:\\\/\\\/tzionlibreria.com\\\/index.php\\\/shop\\\/\"},{\"@type\":\"ListItem\",\"position\":3,\"name\":\"Biblia RVR 1960 Letra Grande Tapa Dura de Tela Le\u00f3n Aguamarina\"}]},{\"@type\":\"WebSite\",\"@id\":\"https:\\\/\\\/tzionlibreria.com\\\/#website\",\"url\":\"https:\\\/\\\/tzionlibreria.com\\\/\",\"name\":\"tzionlibreria.com\",\"description\":\"Libreria Cristiana Venezuela\",\"publisher\":{\"@id\":\"https:\\\/\\\/tzionlibreria.com\\\/#organization\"},\"potentialAction\":[{\"@type\":\"SearchAction\",\"target\":{\"@type\":\"EntryPoint\",\"urlTemplate\":\"https:\\\/\\\/tzionlibreria.com\\\/?s={search_term_string}\"},\"query-input\":{\"@type\":\"PropertyValueSpecification\",\"valueRequired\":true,\"valueName\":\"search_term_string\"}}],\"inLanguage\":\"es-CO\"},{\"@type\":\"Organization\",\"@id\":\"https:\\\/\\\/tzionlibreria.com\\\/#organization\",\"name\":\"tzionlibreria.com\",\"url\":\"https:\\\/\\\/tzionlibreria.com\\\/\",\"logo\":{\"@type\":\"ImageObject\",\"inLanguage\":\"es-CO\",\"@id\":\"https:\\\/\\\/tzionlibreria.com\\\/#\\\/schema\\\/logo\\\/image\\\/\",\"url\":\"https:\\\/\\\/tzionlibreria.com\\\/wp-content\\\/uploads\\\/2023\\\/10\\\/cropped-Cuadricula-scaled-1.jpg\",\"contentUrl\":\"https:\\\/\\\/tzionlibreria.com\\\/wp-content\\\/uploads\\\/2023\\\/10\\\/cropped-Cuadricula-scaled-1.jpg\",\"width\":2560,\"height\":2560,\"caption\":\"tzionlibreria.com\"},\"image\":{\"@id\":\"https:\\\/\\\/tzionlibreria.com\\\/#\\\/schema\\\/logo\\\/image\\\/\"}}]}<\/script>\n<!-- \/ Yoast SEO plugin. -->","yoast_head_json":{"title":"Biblia RVR 1960 Letra Grande Tapa Dura de Tela Le\u00f3n Aguamarina - tzionlibreria.com","description":"Biblia tama\u00f1o manual, ultrafina y con letra grande, tapa dura con un estudio conciso de los nombres de Dios. Liviana, pr\u00e1ctica y resistente.","robots":{"index":"index","follow":"follow","max-snippet":"max-snippet:-1","max-image-preview":"max-image-preview:large","max-video-preview":"max-video-preview:-1"},"canonical":"https:\/\/tzionlibreria.com\/index.php\/product\/biblia-rvr-1960-letra-grande-tamano-manual-tapa-dura-de-tela-leon-aguamarina\/","og_locale":"es_ES","og_type":"article","og_title":"Biblia RVR 1960 Letra Grande Tapa Dura de Tela Le\u00f3n Aguamarina - tzionlibreria.com","og_description":"Biblia tama\u00f1o manual, ultrafina y con letra grande, tapa dura con un estudio conciso de los nombres de Dios. Liviana, pr\u00e1ctica y resistente.","og_url":"https:\/\/tzionlibreria.com\/index.php\/product\/biblia-rvr-1960-letra-grande-tamano-manual-tapa-dura-de-tela-leon-aguamarina\/","og_site_name":"tzionlibreria.com","article_modified_time":"2026-03-10T15:43:31+00:00","og_image":[{"width":1200,"height":1200,"url":"http:\/\/tzionlibreria.com\/wp-content\/uploads\/2024\/04\/leon-tapa-dura.jpg","type":"image\/jpeg"}],"twitter_card":"summary_large_image","twitter_misc":{"Tiempo de lectura":"2 minutos"},"schema":{"@context":"https:\/\/schema.org","@graph":[{"@type":"WebPage","@id":"https:\/\/tzionlibreria.com\/index.php\/product\/biblia-rvr-1960-letra-grande-tamano-manual-tapa-dura-de-tela-leon-aguamarina\/","url":"https:\/\/tzionlibreria.com\/index.php\/product\/biblia-rvr-1960-letra-grande-tamano-manual-tapa-dura-de-tela-leon-aguamarina\/","name":"Biblia RVR 1960 Letra Grande Tapa Dura de Tela Le\u00f3n Aguamarina - tzionlibreria.com","isPartOf":{"@id":"https:\/\/tzionlibreria.com\/#website"},"primaryImageOfPage":{"@id":"https:\/\/tzionlibreria.com\/index.php\/product\/biblia-rvr-1960-letra-grande-tamano-manual-tapa-dura-de-tela-leon-aguamarina\/#primaryimage"},"image":{"@id":"https:\/\/tzionlibreria.com\/index.php\/product\/biblia-rvr-1960-letra-grande-tamano-manual-tapa-dura-de-tela-leon-aguamarina\/#primaryimage"},"thumbnailUrl":"https:\/\/tzionlibreria.com\/wp-content\/uploads\/2024\/04\/leon-tapa-dura.jpg","datePublished":"2024-04-17T23:28:53+00:00","dateModified":"2026-03-10T15:43:31+00:00","description":"Biblia tama\u00f1o manual, ultrafina y con letra grande, tapa dura con un estudio conciso de los nombres de Dios. Liviana, pr\u00e1ctica y resistente.","breadcrumb":{"@id":"https:\/\/tzionlibreria.com\/index.php\/product\/biblia-rvr-1960-letra-grande-tamano-manual-tapa-dura-de-tela-leon-aguamarina\/#breadcrumb"},"inLanguage":"es-CO","potentialAction":[{"@type":"ReadAction","target":["https:\/\/tzionlibreria.com\/index.php\/product\/biblia-rvr-1960-letra-grande-tamano-manual-tapa-dura-de-tela-leon-aguamarina\/"]}]},{"@type":"ImageObject","inLanguage":"es-CO","@id":"https:\/\/tzionlibreria.com\/index.php\/product\/biblia-rvr-1960-letra-grande-tamano-manual-tapa-dura-de-tela-leon-aguamarina\/#primaryimage","url":"https:\/\/tzionlibreria.com\/wp-content\/uploads\/2024\/04\/leon-tapa-dura.jpg","contentUrl":"https:\/\/tzionlibreria.com\/wp-content\/uploads\/2024\/04\/leon-tapa-dura.jpg","width":1200,"height":1200},{"@type":"BreadcrumbList","@id":"https:\/\/tzionlibreria.com\/index.php\/product\/biblia-rvr-1960-letra-grande-tamano-manual-tapa-dura-de-tela-leon-aguamarina\/#breadcrumb","itemListElement":[{"@type":"ListItem","position":1,"name":"Inicio","item":"https:\/\/tzionlibreria.com\/"},{"@type":"ListItem","position":2,"name":"Shop","item":"https:\/\/tzionlibreria.com\/index.php\/shop\/"},{"@type":"ListItem","position":3,"name":"Biblia RVR 1960 Letra Grande Tapa Dura de Tela Le\u00f3n Aguamarina"}]},{"@type":"WebSite","@id":"https:\/\/tzionlibreria.com\/#website","url":"https:\/\/tzionlibreria.com\/","name":"tzionlibreria.com","description":"Libreria Cristiana Venezuela","publisher":{"@id":"https:\/\/tzionlibreria.com\/#organization"},"potentialAction":[{"@type":"SearchAction","target":{"@type":"EntryPoint","urlTemplate":"https:\/\/tzionlibreria.com\/?s={search_term_string}"},"query-input":{"@type":"PropertyValueSpecification","valueRequired":true,"valueName":"search_term_string"}}],"inLanguage":"es-CO"},{"@type":"Organization","@id":"https:\/\/tzionlibreria.com\/#organization","name":"tzionlibreria.com","url":"https:\/\/tzionlibreria.com\/","logo":{"@type":"ImageObject","inLanguage":"es-CO","@id":"https:\/\/tzionlibreria.com\/#\/schema\/logo\/image\/","url":"https:\/\/tzionlibreria.com\/wp-content\/uploads\/2023\/10\/cropped-Cuadricula-scaled-1.jpg","contentUrl":"https:\/\/tzionlibreria.com\/wp-content\/uploads\/2023\/10\/cropped-Cuadricula-scaled-1.jpg","width":2560,"height":2560,"caption":"tzionlibreria.com"},"image":{"@id":"https:\/\/tzionlibreria.com\/#\/schema\/logo\/image\/"}}]}},"jetpack_sharing_enabled":true,"_links":{"self":[{"href":"https:\/\/tzionlibreria.com\/index.php\/wp-json\/wp\/v2\/product\/3684","targetHints":{"allow":["GET"]}}],"collection":[{"href":"https:\/\/tzionlibreria.com\/index.php\/wp-json\/wp\/v2\/product"}],"about":[{"href":"https:\/\/tzionlibreria.com\/index.php\/wp-json\/wp\/v2\/types\/product"}],"replies":[{"embeddable":true,"href":"https:\/\/tzionlibreria.com\/index.php\/wp-json\/wp\/v2\/comments?post=3684"}],"wp:featuredmedia":[{"embeddable":true,"href":"https:\/\/tzionlibreria.com\/index.php\/wp-json\/wp\/v2\/media\/3685"}],"wp:attachment":[{"href":"https:\/\/tzionlibreria.com\/index.php\/wp-json\/wp\/v2\/media?parent=3684"}],"wp:term":[{"taxonomy":"product_brand","embeddable":true,"href":"https:\/\/tzionlibreria.com\/index.php\/wp-json\/wp\/v2\/product_brand?post=3684"},{"taxonomy":"product_cat","embeddable":true,"href":"https:\/\/tzionlibreria.com\/index.php\/wp-json\/wp\/v2\/product_cat?post=3684"},{"taxonomy":"product_tag","embeddable":true,"href":"https:\/\/tzionlibreria.com\/index.php\/wp-json\/wp\/v2\/product_tag?post=3684"}],"curies":[{"name":"wp","href":"https:\/\/api.w.org\/{rel}","templated":true}]}}