{"id":369,"date":"2023-10-07T01:36:03","date_gmt":"2023-10-07T01:36:03","guid":{"rendered":"https:\/\/tzionlibreria.com\/?post_type=product&#038;p=369"},"modified":"2025-01-20T15:43:28","modified_gmt":"2025-01-20T15:43:28","slug":"diccionario-expositivo-de-palabras-de-la-biblia-vine","status":"publish","type":"product","link":"https:\/\/tzionlibreria.com\/index.php\/product\/diccionario-expositivo-de-palabras-de-la-biblia-vine\/","title":{"rendered":"Diccionario Expositivo De Palabras De La Biblia Vine"},"content":{"rendered":"<p>*Diccionario Expositivo de Palabras de la Biblia Vine (Tapa Dura)*<\/p>\n<p>Autor: W. E. Vine<\/p>\n<p>Esta obra le permite al estudiante con poco o mucho conocimiento del hebreo o del griego, estudiar el significado de las palabras b\u00edblicas en su idioma original.<\/p>\n<p>El Diccionario Expositivo de Palabras del Antiguo y Nuevo Testamento Exhaustivo de Vine contiene m\u00e1s de 5,700 palabras en el original hebreo o griego. Esta es una magn\u00edfica ayuda de estudio, para pastores, maestros, y para todo aquel que se interese en profundizar en el texto B\u00edblico a conciencia.<\/p>\n<p>Su pr\u00e1ctico formato permite una r\u00e1pida ubicaci\u00f3n de palabras y t\u00e9rminos. As\u00ed mismo, esta indispensable herramienta ofrece un panorama m\u00e1s amplio de los planes y prop\u00f3sitos de Dios para sus hijos, a trav\u00e9s de la traducci\u00f3n, significado, y comentarios de los distintos pasajes B\u00edblicos.<\/p>\n<p>Es un material confiable y muy \u00fatil, que no puede faltar en la biblioteca personal al momento de escudri\u00f1ar las Escrituras.<\/p>\n<p>Medidas: 24.5 x 17 x 5<\/p>\n<p>-Tapa Dura<\/p>\n<p>&nbsp;<\/p>\n<p>ISBN: 9780899224954<\/p>\n","protected":false},"excerpt":{"rendered":"<p>*Diccionario Expositivo de Palabras de la Biblia Vine (Tapa Dura)* Autor: W. E. Vine Esta obra le permite al estudiante con poco o mucho conocimiento del hebreo o del griego, estudiar el significado de las palabras b\u00edblicas en su idioma original. El Diccionario Expositivo de Palabras del Antiguo y Nuevo Testamento Exhaustivo de Vine contiene [&hellip;]<\/p>\n","protected":false},"featured_media":370,"comment_status":"open","ping_status":"closed","template":"","meta":{"om_disable_all_campaigns":false,"_monsterinsights_skip_tracking":false,"_monsterinsights_sitenote_active":false,"_monsterinsights_sitenote_note":"","_monsterinsights_sitenote_category":0,"site-sidebar-layout":"default","site-content-layout":"","ast-site-content-layout":"default","site-content-style":"default","site-sidebar-style":"default","ast-global-header-display":"","ast-banner-title-visibility":"","ast-main-header-display":"","ast-hfb-above-header-display":"","ast-hfb-below-header-display":"","ast-hfb-mobile-header-display":"","site-post-title":"","ast-breadcrumbs-content":"","ast-featured-img":"","footer-sml-layout":"","ast-disable-related-posts":"","theme-transparent-header-meta":"default","adv-header-id-meta":"","stick-header-meta":"","header-above-stick-meta":"","header-main-stick-meta":"","header-below-stick-meta":"","astra-migrate-meta-layouts":"set","ast-page-background-enabled":"default","ast-page-background-meta":{"desktop":{"background-color":"var(--ast-global-color-4)","background-image":"","background-repeat":"repeat","background-position":"center center","background-size":"auto","background-attachment":"scroll","background-type":"","background-media":"","overlay-type":"","overlay-color":"","overlay-opacity":"","overlay-gradient":""},"tablet":{"background-color":"","background-image":"","background-repeat":"repeat","background-position":"center center","background-size":"auto","background-attachment":"scroll","background-type":"","background-media":"","overlay-type":"","overlay-color":"","overlay-opacity":"","overlay-gradient":""},"mobile":{"background-color":"","background-image":"","background-repeat":"repeat","background-position":"center center","background-size":"auto","background-attachment":"scroll","background-type":"","background-media":"","overlay-type":"","overlay-color":"","overlay-opacity":"","overlay-gradient":""}},"ast-content-background-meta":{"desktop":{"background-color":"var(--ast-global-color-5)","background-image":"","background-repeat":"repeat","background-position":"center center","background-size":"auto","background-attachment":"scroll","background-type":"","background-media":"","overlay-type":"","overlay-color":"","overlay-opacity":"","overlay-gradient":""},"tablet":{"background-color":"var(--ast-global-color-5)","background-image":"","background-repeat":"repeat","background-position":"center center","background-size":"auto","background-attachment":"scroll","background-type":"","background-media":"","overlay-type":"","overlay-color":"","overlay-opacity":"","overlay-gradient":""},"mobile":{"background-color":"var(--ast-global-color-5)","background-image":"","background-repeat":"repeat","background-position":"center center","background-size":"auto","background-attachment":"scroll","background-type":"","background-media":"","overlay-type":"","overlay-color":"","overlay-opacity":"","overlay-gradient":""}}},"product_brand":[],"product_cat":[40,26],"product_tag":[49],"class_list":{"0":"post-369","1":"product","2":"type-product","3":"status-publish","4":"has-post-thumbnail","6":"product_cat-diccionarios","7":"product_cat-teologia","8":"product_tag-diccionario-biblico","9":"desktop-align-left","10":"tablet-align-left","11":"mobile-align-left","13":"first","14":"instock","15":"shipping-taxable","16":"purchasable","17":"product-type-simple"},"yoast_head":"<!-- This site is optimized with the Yoast SEO plugin v27.4 - https:\/\/yoast.com\/product\/yoast-seo-wordpress\/ -->\n<title>Diccionario Expositivo De Palabras De La Biblia Vine - tzionlibreria.com<\/title>\n<meta name=\"robots\" content=\"index, follow, max-snippet:-1, max-image-preview:large, max-video-preview:-1\" \/>\n<link rel=\"canonical\" href=\"https:\/\/tzionlibreria.com\/index.php\/product\/diccionario-expositivo-de-palabras-de-la-biblia-vine\/\" \/>\n<meta property=\"og:locale\" content=\"es_ES\" \/>\n<meta property=\"og:type\" content=\"article\" \/>\n<meta property=\"og:title\" content=\"Diccionario Expositivo De Palabras De La Biblia Vine - tzionlibreria.com\" \/>\n<meta property=\"og:description\" content=\"*Diccionario Expositivo de Palabras de la Biblia Vine (Tapa Dura)* Autor: W. E. Vine Esta obra le permite al estudiante con poco o mucho conocimiento del hebreo o del griego, estudiar el significado de las palabras b\u00edblicas en su idioma original. El Diccionario Expositivo de Palabras del Antiguo y Nuevo Testamento Exhaustivo de Vine contiene [&hellip;]\" \/>\n<meta property=\"og:url\" content=\"https:\/\/tzionlibreria.com\/index.php\/product\/diccionario-expositivo-de-palabras-de-la-biblia-vine\/\" \/>\n<meta property=\"og:site_name\" content=\"tzionlibreria.com\" \/>\n<meta property=\"article:modified_time\" content=\"2025-01-20T15:43:28+00:00\" \/>\n<meta property=\"og:image\" content=\"http:\/\/tzionlibreria.com\/wp-content\/uploads\/2023\/10\/D_NQ_NP_2X_972606-MLV52800325610_122022-F.webp\" \/>\n\t<meta property=\"og:image:width\" content=\"1039\" \/>\n\t<meta property=\"og:image:height\" content=\"960\" \/>\n\t<meta property=\"og:image:type\" content=\"image\/webp\" \/>\n<meta name=\"twitter:card\" content=\"summary_large_image\" \/>\n<meta name=\"twitter:label1\" content=\"Tiempo de lectura\" \/>\n\t<meta name=\"twitter:data1\" content=\"1 minuto\" \/>\n<script type=\"application\/ld+json\" class=\"yoast-schema-graph\">{\"@context\":\"https:\\\/\\\/schema.org\",\"@graph\":[{\"@type\":\"WebPage\",\"@id\":\"https:\\\/\\\/tzionlibreria.com\\\/index.php\\\/product\\\/diccionario-expositivo-de-palabras-de-la-biblia-vine\\\/\",\"url\":\"https:\\\/\\\/tzionlibreria.com\\\/index.php\\\/product\\\/diccionario-expositivo-de-palabras-de-la-biblia-vine\\\/\",\"name\":\"Diccionario Expositivo De Palabras De La Biblia Vine - tzionlibreria.com\",\"isPartOf\":{\"@id\":\"https:\\\/\\\/tzionlibreria.com\\\/#website\"},\"primaryImageOfPage\":{\"@id\":\"https:\\\/\\\/tzionlibreria.com\\\/index.php\\\/product\\\/diccionario-expositivo-de-palabras-de-la-biblia-vine\\\/#primaryimage\"},\"image\":{\"@id\":\"https:\\\/\\\/tzionlibreria.com\\\/index.php\\\/product\\\/diccionario-expositivo-de-palabras-de-la-biblia-vine\\\/#primaryimage\"},\"thumbnailUrl\":\"https:\\\/\\\/tzionlibreria.com\\\/wp-content\\\/uploads\\\/2023\\\/10\\\/D_NQ_NP_2X_972606-MLV52800325610_122022-F.webp\",\"datePublished\":\"2023-10-07T01:36:03+00:00\",\"dateModified\":\"2025-01-20T15:43:28+00:00\",\"breadcrumb\":{\"@id\":\"https:\\\/\\\/tzionlibreria.com\\\/index.php\\\/product\\\/diccionario-expositivo-de-palabras-de-la-biblia-vine\\\/#breadcrumb\"},\"inLanguage\":\"es-CO\",\"potentialAction\":[{\"@type\":\"ReadAction\",\"target\":[\"https:\\\/\\\/tzionlibreria.com\\\/index.php\\\/product\\\/diccionario-expositivo-de-palabras-de-la-biblia-vine\\\/\"]}]},{\"@type\":\"ImageObject\",\"inLanguage\":\"es-CO\",\"@id\":\"https:\\\/\\\/tzionlibreria.com\\\/index.php\\\/product\\\/diccionario-expositivo-de-palabras-de-la-biblia-vine\\\/#primaryimage\",\"url\":\"https:\\\/\\\/tzionlibreria.com\\\/wp-content\\\/uploads\\\/2023\\\/10\\\/D_NQ_NP_2X_972606-MLV52800325610_122022-F.webp\",\"contentUrl\":\"https:\\\/\\\/tzionlibreria.com\\\/wp-content\\\/uploads\\\/2023\\\/10\\\/D_NQ_NP_2X_972606-MLV52800325610_122022-F.webp\",\"width\":1039,\"height\":960},{\"@type\":\"BreadcrumbList\",\"@id\":\"https:\\\/\\\/tzionlibreria.com\\\/index.php\\\/product\\\/diccionario-expositivo-de-palabras-de-la-biblia-vine\\\/#breadcrumb\",\"itemListElement\":[{\"@type\":\"ListItem\",\"position\":1,\"name\":\"Inicio\",\"item\":\"https:\\\/\\\/tzionlibreria.com\\\/\"},{\"@type\":\"ListItem\",\"position\":2,\"name\":\"Shop\",\"item\":\"https:\\\/\\\/tzionlibreria.com\\\/index.php\\\/shop\\\/\"},{\"@type\":\"ListItem\",\"position\":3,\"name\":\"Diccionario Expositivo De Palabras De La Biblia Vine\"}]},{\"@type\":\"WebSite\",\"@id\":\"https:\\\/\\\/tzionlibreria.com\\\/#website\",\"url\":\"https:\\\/\\\/tzionlibreria.com\\\/\",\"name\":\"tzionlibreria.com\",\"description\":\"Libreria Cristiana Venezuela\",\"publisher\":{\"@id\":\"https:\\\/\\\/tzionlibreria.com\\\/#organization\"},\"potentialAction\":[{\"@type\":\"SearchAction\",\"target\":{\"@type\":\"EntryPoint\",\"urlTemplate\":\"https:\\\/\\\/tzionlibreria.com\\\/?s={search_term_string}\"},\"query-input\":{\"@type\":\"PropertyValueSpecification\",\"valueRequired\":true,\"valueName\":\"search_term_string\"}}],\"inLanguage\":\"es-CO\"},{\"@type\":\"Organization\",\"@id\":\"https:\\\/\\\/tzionlibreria.com\\\/#organization\",\"name\":\"tzionlibreria.com\",\"url\":\"https:\\\/\\\/tzionlibreria.com\\\/\",\"logo\":{\"@type\":\"ImageObject\",\"inLanguage\":\"es-CO\",\"@id\":\"https:\\\/\\\/tzionlibreria.com\\\/#\\\/schema\\\/logo\\\/image\\\/\",\"url\":\"https:\\\/\\\/tzionlibreria.com\\\/wp-content\\\/uploads\\\/2023\\\/10\\\/cropped-Cuadricula-scaled-1.jpg\",\"contentUrl\":\"https:\\\/\\\/tzionlibreria.com\\\/wp-content\\\/uploads\\\/2023\\\/10\\\/cropped-Cuadricula-scaled-1.jpg\",\"width\":2560,\"height\":2560,\"caption\":\"tzionlibreria.com\"},\"image\":{\"@id\":\"https:\\\/\\\/tzionlibreria.com\\\/#\\\/schema\\\/logo\\\/image\\\/\"}}]}<\/script>\n<!-- \/ Yoast SEO plugin. -->","yoast_head_json":{"title":"Diccionario Expositivo De Palabras De La Biblia Vine - tzionlibreria.com","robots":{"index":"index","follow":"follow","max-snippet":"max-snippet:-1","max-image-preview":"max-image-preview:large","max-video-preview":"max-video-preview:-1"},"canonical":"https:\/\/tzionlibreria.com\/index.php\/product\/diccionario-expositivo-de-palabras-de-la-biblia-vine\/","og_locale":"es_ES","og_type":"article","og_title":"Diccionario Expositivo De Palabras De La Biblia Vine - tzionlibreria.com","og_description":"*Diccionario Expositivo de Palabras de la Biblia Vine (Tapa Dura)* Autor: W. E. Vine Esta obra le permite al estudiante con poco o mucho conocimiento del hebreo o del griego, estudiar el significado de las palabras b\u00edblicas en su idioma original. El Diccionario Expositivo de Palabras del Antiguo y Nuevo Testamento Exhaustivo de Vine contiene [&hellip;]","og_url":"https:\/\/tzionlibreria.com\/index.php\/product\/diccionario-expositivo-de-palabras-de-la-biblia-vine\/","og_site_name":"tzionlibreria.com","article_modified_time":"2025-01-20T15:43:28+00:00","og_image":[{"width":1039,"height":960,"url":"http:\/\/tzionlibreria.com\/wp-content\/uploads\/2023\/10\/D_NQ_NP_2X_972606-MLV52800325610_122022-F.webp","type":"image\/webp"}],"twitter_card":"summary_large_image","twitter_misc":{"Tiempo de lectura":"1 minuto"},"schema":{"@context":"https:\/\/schema.org","@graph":[{"@type":"WebPage","@id":"https:\/\/tzionlibreria.com\/index.php\/product\/diccionario-expositivo-de-palabras-de-la-biblia-vine\/","url":"https:\/\/tzionlibreria.com\/index.php\/product\/diccionario-expositivo-de-palabras-de-la-biblia-vine\/","name":"Diccionario Expositivo De Palabras De La Biblia Vine - tzionlibreria.com","isPartOf":{"@id":"https:\/\/tzionlibreria.com\/#website"},"primaryImageOfPage":{"@id":"https:\/\/tzionlibreria.com\/index.php\/product\/diccionario-expositivo-de-palabras-de-la-biblia-vine\/#primaryimage"},"image":{"@id":"https:\/\/tzionlibreria.com\/index.php\/product\/diccionario-expositivo-de-palabras-de-la-biblia-vine\/#primaryimage"},"thumbnailUrl":"https:\/\/tzionlibreria.com\/wp-content\/uploads\/2023\/10\/D_NQ_NP_2X_972606-MLV52800325610_122022-F.webp","datePublished":"2023-10-07T01:36:03+00:00","dateModified":"2025-01-20T15:43:28+00:00","breadcrumb":{"@id":"https:\/\/tzionlibreria.com\/index.php\/product\/diccionario-expositivo-de-palabras-de-la-biblia-vine\/#breadcrumb"},"inLanguage":"es-CO","potentialAction":[{"@type":"ReadAction","target":["https:\/\/tzionlibreria.com\/index.php\/product\/diccionario-expositivo-de-palabras-de-la-biblia-vine\/"]}]},{"@type":"ImageObject","inLanguage":"es-CO","@id":"https:\/\/tzionlibreria.com\/index.php\/product\/diccionario-expositivo-de-palabras-de-la-biblia-vine\/#primaryimage","url":"https:\/\/tzionlibreria.com\/wp-content\/uploads\/2023\/10\/D_NQ_NP_2X_972606-MLV52800325610_122022-F.webp","contentUrl":"https:\/\/tzionlibreria.com\/wp-content\/uploads\/2023\/10\/D_NQ_NP_2X_972606-MLV52800325610_122022-F.webp","width":1039,"height":960},{"@type":"BreadcrumbList","@id":"https:\/\/tzionlibreria.com\/index.php\/product\/diccionario-expositivo-de-palabras-de-la-biblia-vine\/#breadcrumb","itemListElement":[{"@type":"ListItem","position":1,"name":"Inicio","item":"https:\/\/tzionlibreria.com\/"},{"@type":"ListItem","position":2,"name":"Shop","item":"https:\/\/tzionlibreria.com\/index.php\/shop\/"},{"@type":"ListItem","position":3,"name":"Diccionario Expositivo De Palabras De La Biblia Vine"}]},{"@type":"WebSite","@id":"https:\/\/tzionlibreria.com\/#website","url":"https:\/\/tzionlibreria.com\/","name":"tzionlibreria.com","description":"Libreria Cristiana Venezuela","publisher":{"@id":"https:\/\/tzionlibreria.com\/#organization"},"potentialAction":[{"@type":"SearchAction","target":{"@type":"EntryPoint","urlTemplate":"https:\/\/tzionlibreria.com\/?s={search_term_string}"},"query-input":{"@type":"PropertyValueSpecification","valueRequired":true,"valueName":"search_term_string"}}],"inLanguage":"es-CO"},{"@type":"Organization","@id":"https:\/\/tzionlibreria.com\/#organization","name":"tzionlibreria.com","url":"https:\/\/tzionlibreria.com\/","logo":{"@type":"ImageObject","inLanguage":"es-CO","@id":"https:\/\/tzionlibreria.com\/#\/schema\/logo\/image\/","url":"https:\/\/tzionlibreria.com\/wp-content\/uploads\/2023\/10\/cropped-Cuadricula-scaled-1.jpg","contentUrl":"https:\/\/tzionlibreria.com\/wp-content\/uploads\/2023\/10\/cropped-Cuadricula-scaled-1.jpg","width":2560,"height":2560,"caption":"tzionlibreria.com"},"image":{"@id":"https:\/\/tzionlibreria.com\/#\/schema\/logo\/image\/"}}]}},"jetpack_sharing_enabled":true,"_links":{"self":[{"href":"https:\/\/tzionlibreria.com\/index.php\/wp-json\/wp\/v2\/product\/369","targetHints":{"allow":["GET"]}}],"collection":[{"href":"https:\/\/tzionlibreria.com\/index.php\/wp-json\/wp\/v2\/product"}],"about":[{"href":"https:\/\/tzionlibreria.com\/index.php\/wp-json\/wp\/v2\/types\/product"}],"replies":[{"embeddable":true,"href":"https:\/\/tzionlibreria.com\/index.php\/wp-json\/wp\/v2\/comments?post=369"}],"wp:featuredmedia":[{"embeddable":true,"href":"https:\/\/tzionlibreria.com\/index.php\/wp-json\/wp\/v2\/media\/370"}],"wp:attachment":[{"href":"https:\/\/tzionlibreria.com\/index.php\/wp-json\/wp\/v2\/media?parent=369"}],"wp:term":[{"taxonomy":"product_brand","embeddable":true,"href":"https:\/\/tzionlibreria.com\/index.php\/wp-json\/wp\/v2\/product_brand?post=369"},{"taxonomy":"product_cat","embeddable":true,"href":"https:\/\/tzionlibreria.com\/index.php\/wp-json\/wp\/v2\/product_cat?post=369"},{"taxonomy":"product_tag","embeddable":true,"href":"https:\/\/tzionlibreria.com\/index.php\/wp-json\/wp\/v2\/product_tag?post=369"}],"curies":[{"name":"wp","href":"https:\/\/api.w.org\/{rel}","templated":true}]}}