{"id":3739,"date":"2024-04-18T00:00:55","date_gmt":"2024-04-18T00:00:55","guid":{"rendered":"https:\/\/tzionlibreria.com\/?post_type=product&#038;p=3739"},"modified":"2025-06-03T22:58:50","modified_gmt":"2025-06-03T22:58:50","slug":"biblia-rv60-nombres-de-dios-letra-grande-tamano-manual-tapa-dura-el-faro","status":"publish","type":"product","link":"https:\/\/tzionlibreria.com\/index.php\/product\/biblia-rv60-nombres-de-dios-letra-grande-tamano-manual-tapa-dura-el-faro\/","title":{"rendered":"Biblia RV60 Nombres De Dios Letra Grande Tama\u00f1o Manual Tapa Dura El Faro"},"content":{"rendered":"<p><strong><span class=\"a-text-bold\">Biblia tama\u00f1o manual, ultrafina y con letra grande, encuadernaci\u00f3n de tapa dura con un estudio conciso de los nombres de Dios<\/span><\/strong><\/p>\n<p>Su encuadernaci\u00f3n de tapa dura hace que la Santa Biblia RVR 1960 sea ideal para el uso personal o para regalo. Esta edici\u00f3n \u00fanica trae un estudio especial sobre los nombres de Dios. Descubre el significado b\u00edblico de cada nombre de Dios tanto como su aplicaci\u00f3n en nuestro andar diario. Con letra grande y las palabras de Cristo destacadas en rojo, incluye una gu\u00eda para ayudarte a leer toda la Biblia en un a\u00f1o.<\/p>\n<p>Esta edici\u00f3n conserva la belleza cl\u00e1sica y la elocuencia de la Reina Valera Revisada 1960. Liviana, pr\u00e1ctica y resistente, su encuadernaci\u00f3n la hace perfecta para acompa\u00f1arte a todas partes, para la lectura diaria y el uso en la iglesia cada domingo.<\/p>\n<p><strong><span class=\"a-text-bold\">El texto incluye:<\/span><\/strong><br \/>\n\u2022 Letra grande que facilita la lectura (10.5 pts)<br \/>\n\u2022 Concordancia<br \/>\n\u2022 Palabras de Cristo en rojo<br \/>\n\u2022 Encabezados visibles para encontrar f\u00e1cilmente las referencias<br \/>\n\u2022 M\u00e1s de 10,000 referencias cruzadas<br \/>\n\u2022 Plan de salvaci\u00f3n<br \/>\n\u2022 Un estudio concisa de los nombres de Dios<br \/>\n\u2022 Una guia para leer la Biblia en un a\u00f1o<\/p>\n<p><span class=\"a-text-bold\"><strong>Adem\u00e1s, esta edici\u00f3n Reina Valera Revisada 1960 ofrece:<\/strong><br \/>\n<\/span>\u2022 Encuadernaci\u00f3n de tapa dura<br \/>\n\u2022 Resistente y durable<br \/>\n\u2022 Ultrafina<br \/>\n\u2022 Tama\u00f1o: 5 3\/8 x 8 3\/8 pulgadas (13.6 cm x 20.3 cm)<br \/>\n\u2022 1,280 p\u00e1ginas<\/p>\n<div id=\"ctl00_ucPDTabs_ctl02_fs\" class=\"ProductDetailGroup system-properties\"><strong>ISBN<\/strong>: 9781644737101<br \/>\n<strong>Referencia de producto<\/strong>: 9781644737101<br \/>\n<strong>Dimensiones<\/strong>: 14 x 22 x 3 cm<br \/>\n<strong>Peso<\/strong>: 0,692kg<br \/>\n<strong>Cubierta<\/strong>: Tapa Dura<br \/>\n<strong>N\u00famero de p\u00e1ginas<\/strong>: 1280<br \/>\n<strong>Idioma<\/strong>: Espa\u00f1ol<\/div>\n<div id=\"ctl00_ucPDTabs_ctl03_fs\" class=\"ProductDetailGroup\"><strong>Versi\u00f3n:<\/strong>\u00a0RVR1960<br \/>\n<strong>Canto:<\/strong>\u00a0Blanco<br \/>\n<strong>Tama\u00f1o:<\/strong>\u00a0Manual<br \/>\n<strong>Color:<\/strong>\u00a0Morado<br \/>\n<strong>Tama\u00f1o de Letra:<\/strong>\u00a010,5 pts<br \/>\n<strong>Caracter\u00edsticas Adicionales:<\/strong>\u00a0Palabras de Jes\u00fas en Rojo<br \/>\n<strong>Caracter\u00edsticas Adicionales:<\/strong>\u00a0Concordancia<br \/>\n<strong>Caracter\u00edsticas Adicionales:<\/strong>\u00a0Referencias Cruzadas<br \/>\n<strong>Caracter\u00edsticas Adicionales:<\/strong>\u00a0Plan de salvaci\u00f3n<br \/>\n<strong>Caracter\u00edsticas Adicionales:<\/strong>\u00a0Plan de Lectura<\/div>\n","protected":false},"excerpt":{"rendered":"<p>Biblia tama\u00f1o manual, ultrafina y con letra grande, encuadernaci\u00f3n de tapa dura con un estudio conciso de los nombres de Dios Su encuadernaci\u00f3n de tapa dura hace que la Santa Biblia RVR 1960 sea ideal para el uso personal o para regalo. Esta edici\u00f3n \u00fanica trae un estudio especial sobre los nombres de Dios. Descubre [&hellip;]<\/p>\n","protected":false},"featured_media":3740,"comment_status":"open","ping_status":"closed","template":"","meta":{"om_disable_all_campaigns":false,"_monsterinsights_skip_tracking":false,"_monsterinsights_sitenote_active":false,"_monsterinsights_sitenote_note":"","_monsterinsights_sitenote_category":0,"site-sidebar-layout":"default","site-content-layout":"","ast-site-content-layout":"default","site-content-style":"default","site-sidebar-style":"default","ast-global-header-display":"","ast-banner-title-visibility":"","ast-main-header-display":"","ast-hfb-above-header-display":"","ast-hfb-below-header-display":"","ast-hfb-mobile-header-display":"","site-post-title":"","ast-breadcrumbs-content":"","ast-featured-img":"","footer-sml-layout":"","ast-disable-related-posts":"","theme-transparent-header-meta":"default","adv-header-id-meta":"","stick-header-meta":"","header-above-stick-meta":"","header-main-stick-meta":"","header-below-stick-meta":"","astra-migrate-meta-layouts":"set","ast-page-background-enabled":"default","ast-page-background-meta":{"desktop":{"background-color":"var(--ast-global-color-4)","background-image":"","background-repeat":"repeat","background-position":"center center","background-size":"auto","background-attachment":"scroll","background-type":"","background-media":"","overlay-type":"","overlay-color":"","overlay-opacity":"","overlay-gradient":""},"tablet":{"background-color":"","background-image":"","background-repeat":"repeat","background-position":"center center","background-size":"auto","background-attachment":"scroll","background-type":"","background-media":"","overlay-type":"","overlay-color":"","overlay-opacity":"","overlay-gradient":""},"mobile":{"background-color":"","background-image":"","background-repeat":"repeat","background-position":"center center","background-size":"auto","background-attachment":"scroll","background-type":"","background-media":"","overlay-type":"","overlay-color":"","overlay-opacity":"","overlay-gradient":""}},"ast-content-background-meta":{"desktop":{"background-color":"var(--ast-global-color-5)","background-image":"","background-repeat":"repeat","background-position":"center center","background-size":"auto","background-attachment":"scroll","background-type":"","background-media":"","overlay-type":"","overlay-color":"","overlay-opacity":"","overlay-gradient":""},"tablet":{"background-color":"var(--ast-global-color-5)","background-image":"","background-repeat":"repeat","background-position":"center center","background-size":"auto","background-attachment":"scroll","background-type":"","background-media":"","overlay-type":"","overlay-color":"","overlay-opacity":"","overlay-gradient":""},"mobile":{"background-color":"var(--ast-global-color-5)","background-image":"","background-repeat":"repeat","background-position":"center center","background-size":"auto","background-attachment":"scroll","background-type":"","background-media":"","overlay-type":"","overlay-color":"","overlay-opacity":"","overlay-gradient":""}}},"product_brand":[],"product_cat":[22,42,177],"product_tag":[],"class_list":{"0":"post-3739","1":"product","2":"type-product","3":"status-publish","4":"has-post-thumbnail","6":"product_cat-biblias","7":"product_cat-biblias-reina-valera","8":"product_cat-letra-grande-rvr","9":"desktop-align-left","10":"tablet-align-left","11":"mobile-align-left","13":"first","14":"outofstock","15":"shipping-taxable","16":"purchasable","17":"product-type-simple"},"yoast_head":"<!-- This site is optimized with the Yoast SEO plugin v27.4 - https:\/\/yoast.com\/product\/yoast-seo-wordpress\/ -->\n<title>Biblia RV60 Nombres De Dios Letra Grande Tama\u00f1o Manual Tapa Dura El Faro - tzionlibreria.com<\/title>\n<meta name=\"robots\" content=\"index, follow, max-snippet:-1, max-image-preview:large, max-video-preview:-1\" \/>\n<link rel=\"canonical\" href=\"https:\/\/tzionlibreria.com\/index.php\/product\/biblia-rv60-nombres-de-dios-letra-grande-tamano-manual-tapa-dura-el-faro\/\" \/>\n<meta property=\"og:locale\" content=\"es_ES\" \/>\n<meta property=\"og:type\" content=\"article\" \/>\n<meta property=\"og:title\" content=\"Biblia RV60 Nombres De Dios Letra Grande Tama\u00f1o Manual Tapa Dura El Faro - tzionlibreria.com\" \/>\n<meta property=\"og:description\" content=\"Biblia tama\u00f1o manual, ultrafina y con letra grande, encuadernaci\u00f3n de tapa dura con un estudio conciso de los nombres de Dios Su encuadernaci\u00f3n de tapa dura hace que la Santa Biblia RVR 1960 sea ideal para el uso personal o para regalo. Esta edici\u00f3n \u00fanica trae un estudio especial sobre los nombres de Dios. Descubre [&hellip;]\" \/>\n<meta property=\"og:url\" content=\"https:\/\/tzionlibreria.com\/index.php\/product\/biblia-rv60-nombres-de-dios-letra-grande-tamano-manual-tapa-dura-el-faro\/\" \/>\n<meta property=\"og:site_name\" content=\"tzionlibreria.com\" \/>\n<meta property=\"article:modified_time\" content=\"2025-06-03T22:58:50+00:00\" \/>\n<meta property=\"og:image\" content=\"http:\/\/tzionlibreria.com\/wp-content\/uploads\/2024\/04\/biblia-faro.jpg\" \/>\n\t<meta property=\"og:image:width\" content=\"1200\" \/>\n\t<meta property=\"og:image:height\" content=\"1200\" \/>\n\t<meta property=\"og:image:type\" content=\"image\/jpeg\" \/>\n<meta name=\"twitter:card\" content=\"summary_large_image\" \/>\n<meta name=\"twitter:label1\" content=\"Tiempo de lectura\" \/>\n\t<meta name=\"twitter:data1\" content=\"2 minutos\" \/>\n<script type=\"application\/ld+json\" class=\"yoast-schema-graph\">{\"@context\":\"https:\\\/\\\/schema.org\",\"@graph\":[{\"@type\":\"WebPage\",\"@id\":\"https:\\\/\\\/tzionlibreria.com\\\/index.php\\\/product\\\/biblia-rv60-nombres-de-dios-letra-grande-tamano-manual-tapa-dura-el-faro\\\/\",\"url\":\"https:\\\/\\\/tzionlibreria.com\\\/index.php\\\/product\\\/biblia-rv60-nombres-de-dios-letra-grande-tamano-manual-tapa-dura-el-faro\\\/\",\"name\":\"Biblia RV60 Nombres De Dios Letra Grande Tama\u00f1o Manual Tapa Dura El Faro - tzionlibreria.com\",\"isPartOf\":{\"@id\":\"https:\\\/\\\/tzionlibreria.com\\\/#website\"},\"primaryImageOfPage\":{\"@id\":\"https:\\\/\\\/tzionlibreria.com\\\/index.php\\\/product\\\/biblia-rv60-nombres-de-dios-letra-grande-tamano-manual-tapa-dura-el-faro\\\/#primaryimage\"},\"image\":{\"@id\":\"https:\\\/\\\/tzionlibreria.com\\\/index.php\\\/product\\\/biblia-rv60-nombres-de-dios-letra-grande-tamano-manual-tapa-dura-el-faro\\\/#primaryimage\"},\"thumbnailUrl\":\"https:\\\/\\\/tzionlibreria.com\\\/wp-content\\\/uploads\\\/2024\\\/04\\\/biblia-faro.jpg\",\"datePublished\":\"2024-04-18T00:00:55+00:00\",\"dateModified\":\"2025-06-03T22:58:50+00:00\",\"breadcrumb\":{\"@id\":\"https:\\\/\\\/tzionlibreria.com\\\/index.php\\\/product\\\/biblia-rv60-nombres-de-dios-letra-grande-tamano-manual-tapa-dura-el-faro\\\/#breadcrumb\"},\"inLanguage\":\"es-CO\",\"potentialAction\":[{\"@type\":\"ReadAction\",\"target\":[\"https:\\\/\\\/tzionlibreria.com\\\/index.php\\\/product\\\/biblia-rv60-nombres-de-dios-letra-grande-tamano-manual-tapa-dura-el-faro\\\/\"]}]},{\"@type\":\"ImageObject\",\"inLanguage\":\"es-CO\",\"@id\":\"https:\\\/\\\/tzionlibreria.com\\\/index.php\\\/product\\\/biblia-rv60-nombres-de-dios-letra-grande-tamano-manual-tapa-dura-el-faro\\\/#primaryimage\",\"url\":\"https:\\\/\\\/tzionlibreria.com\\\/wp-content\\\/uploads\\\/2024\\\/04\\\/biblia-faro.jpg\",\"contentUrl\":\"https:\\\/\\\/tzionlibreria.com\\\/wp-content\\\/uploads\\\/2024\\\/04\\\/biblia-faro.jpg\",\"width\":1200,\"height\":1200},{\"@type\":\"BreadcrumbList\",\"@id\":\"https:\\\/\\\/tzionlibreria.com\\\/index.php\\\/product\\\/biblia-rv60-nombres-de-dios-letra-grande-tamano-manual-tapa-dura-el-faro\\\/#breadcrumb\",\"itemListElement\":[{\"@type\":\"ListItem\",\"position\":1,\"name\":\"Inicio\",\"item\":\"https:\\\/\\\/tzionlibreria.com\\\/\"},{\"@type\":\"ListItem\",\"position\":2,\"name\":\"Shop\",\"item\":\"https:\\\/\\\/tzionlibreria.com\\\/index.php\\\/shop\\\/\"},{\"@type\":\"ListItem\",\"position\":3,\"name\":\"Biblia RV60 Nombres De Dios Letra Grande Tama\u00f1o Manual Tapa Dura El Faro\"}]},{\"@type\":\"WebSite\",\"@id\":\"https:\\\/\\\/tzionlibreria.com\\\/#website\",\"url\":\"https:\\\/\\\/tzionlibreria.com\\\/\",\"name\":\"tzionlibreria.com\",\"description\":\"Libreria Cristiana Venezuela\",\"publisher\":{\"@id\":\"https:\\\/\\\/tzionlibreria.com\\\/#organization\"},\"potentialAction\":[{\"@type\":\"SearchAction\",\"target\":{\"@type\":\"EntryPoint\",\"urlTemplate\":\"https:\\\/\\\/tzionlibreria.com\\\/?s={search_term_string}\"},\"query-input\":{\"@type\":\"PropertyValueSpecification\",\"valueRequired\":true,\"valueName\":\"search_term_string\"}}],\"inLanguage\":\"es-CO\"},{\"@type\":\"Organization\",\"@id\":\"https:\\\/\\\/tzionlibreria.com\\\/#organization\",\"name\":\"tzionlibreria.com\",\"url\":\"https:\\\/\\\/tzionlibreria.com\\\/\",\"logo\":{\"@type\":\"ImageObject\",\"inLanguage\":\"es-CO\",\"@id\":\"https:\\\/\\\/tzionlibreria.com\\\/#\\\/schema\\\/logo\\\/image\\\/\",\"url\":\"https:\\\/\\\/tzionlibreria.com\\\/wp-content\\\/uploads\\\/2023\\\/10\\\/cropped-Cuadricula-scaled-1.jpg\",\"contentUrl\":\"https:\\\/\\\/tzionlibreria.com\\\/wp-content\\\/uploads\\\/2023\\\/10\\\/cropped-Cuadricula-scaled-1.jpg\",\"width\":2560,\"height\":2560,\"caption\":\"tzionlibreria.com\"},\"image\":{\"@id\":\"https:\\\/\\\/tzionlibreria.com\\\/#\\\/schema\\\/logo\\\/image\\\/\"}}]}<\/script>\n<!-- \/ Yoast SEO plugin. -->","yoast_head_json":{"title":"Biblia RV60 Nombres De Dios Letra Grande Tama\u00f1o Manual Tapa Dura El Faro - tzionlibreria.com","robots":{"index":"index","follow":"follow","max-snippet":"max-snippet:-1","max-image-preview":"max-image-preview:large","max-video-preview":"max-video-preview:-1"},"canonical":"https:\/\/tzionlibreria.com\/index.php\/product\/biblia-rv60-nombres-de-dios-letra-grande-tamano-manual-tapa-dura-el-faro\/","og_locale":"es_ES","og_type":"article","og_title":"Biblia RV60 Nombres De Dios Letra Grande Tama\u00f1o Manual Tapa Dura El Faro - tzionlibreria.com","og_description":"Biblia tama\u00f1o manual, ultrafina y con letra grande, encuadernaci\u00f3n de tapa dura con un estudio conciso de los nombres de Dios Su encuadernaci\u00f3n de tapa dura hace que la Santa Biblia RVR 1960 sea ideal para el uso personal o para regalo. Esta edici\u00f3n \u00fanica trae un estudio especial sobre los nombres de Dios. Descubre [&hellip;]","og_url":"https:\/\/tzionlibreria.com\/index.php\/product\/biblia-rv60-nombres-de-dios-letra-grande-tamano-manual-tapa-dura-el-faro\/","og_site_name":"tzionlibreria.com","article_modified_time":"2025-06-03T22:58:50+00:00","og_image":[{"width":1200,"height":1200,"url":"http:\/\/tzionlibreria.com\/wp-content\/uploads\/2024\/04\/biblia-faro.jpg","type":"image\/jpeg"}],"twitter_card":"summary_large_image","twitter_misc":{"Tiempo de lectura":"2 minutos"},"schema":{"@context":"https:\/\/schema.org","@graph":[{"@type":"WebPage","@id":"https:\/\/tzionlibreria.com\/index.php\/product\/biblia-rv60-nombres-de-dios-letra-grande-tamano-manual-tapa-dura-el-faro\/","url":"https:\/\/tzionlibreria.com\/index.php\/product\/biblia-rv60-nombres-de-dios-letra-grande-tamano-manual-tapa-dura-el-faro\/","name":"Biblia RV60 Nombres De Dios Letra Grande Tama\u00f1o Manual Tapa Dura El Faro - tzionlibreria.com","isPartOf":{"@id":"https:\/\/tzionlibreria.com\/#website"},"primaryImageOfPage":{"@id":"https:\/\/tzionlibreria.com\/index.php\/product\/biblia-rv60-nombres-de-dios-letra-grande-tamano-manual-tapa-dura-el-faro\/#primaryimage"},"image":{"@id":"https:\/\/tzionlibreria.com\/index.php\/product\/biblia-rv60-nombres-de-dios-letra-grande-tamano-manual-tapa-dura-el-faro\/#primaryimage"},"thumbnailUrl":"https:\/\/tzionlibreria.com\/wp-content\/uploads\/2024\/04\/biblia-faro.jpg","datePublished":"2024-04-18T00:00:55+00:00","dateModified":"2025-06-03T22:58:50+00:00","breadcrumb":{"@id":"https:\/\/tzionlibreria.com\/index.php\/product\/biblia-rv60-nombres-de-dios-letra-grande-tamano-manual-tapa-dura-el-faro\/#breadcrumb"},"inLanguage":"es-CO","potentialAction":[{"@type":"ReadAction","target":["https:\/\/tzionlibreria.com\/index.php\/product\/biblia-rv60-nombres-de-dios-letra-grande-tamano-manual-tapa-dura-el-faro\/"]}]},{"@type":"ImageObject","inLanguage":"es-CO","@id":"https:\/\/tzionlibreria.com\/index.php\/product\/biblia-rv60-nombres-de-dios-letra-grande-tamano-manual-tapa-dura-el-faro\/#primaryimage","url":"https:\/\/tzionlibreria.com\/wp-content\/uploads\/2024\/04\/biblia-faro.jpg","contentUrl":"https:\/\/tzionlibreria.com\/wp-content\/uploads\/2024\/04\/biblia-faro.jpg","width":1200,"height":1200},{"@type":"BreadcrumbList","@id":"https:\/\/tzionlibreria.com\/index.php\/product\/biblia-rv60-nombres-de-dios-letra-grande-tamano-manual-tapa-dura-el-faro\/#breadcrumb","itemListElement":[{"@type":"ListItem","position":1,"name":"Inicio","item":"https:\/\/tzionlibreria.com\/"},{"@type":"ListItem","position":2,"name":"Shop","item":"https:\/\/tzionlibreria.com\/index.php\/shop\/"},{"@type":"ListItem","position":3,"name":"Biblia RV60 Nombres De Dios Letra Grande Tama\u00f1o Manual Tapa Dura El Faro"}]},{"@type":"WebSite","@id":"https:\/\/tzionlibreria.com\/#website","url":"https:\/\/tzionlibreria.com\/","name":"tzionlibreria.com","description":"Libreria Cristiana Venezuela","publisher":{"@id":"https:\/\/tzionlibreria.com\/#organization"},"potentialAction":[{"@type":"SearchAction","target":{"@type":"EntryPoint","urlTemplate":"https:\/\/tzionlibreria.com\/?s={search_term_string}"},"query-input":{"@type":"PropertyValueSpecification","valueRequired":true,"valueName":"search_term_string"}}],"inLanguage":"es-CO"},{"@type":"Organization","@id":"https:\/\/tzionlibreria.com\/#organization","name":"tzionlibreria.com","url":"https:\/\/tzionlibreria.com\/","logo":{"@type":"ImageObject","inLanguage":"es-CO","@id":"https:\/\/tzionlibreria.com\/#\/schema\/logo\/image\/","url":"https:\/\/tzionlibreria.com\/wp-content\/uploads\/2023\/10\/cropped-Cuadricula-scaled-1.jpg","contentUrl":"https:\/\/tzionlibreria.com\/wp-content\/uploads\/2023\/10\/cropped-Cuadricula-scaled-1.jpg","width":2560,"height":2560,"caption":"tzionlibreria.com"},"image":{"@id":"https:\/\/tzionlibreria.com\/#\/schema\/logo\/image\/"}}]}},"jetpack_sharing_enabled":true,"_links":{"self":[{"href":"https:\/\/tzionlibreria.com\/index.php\/wp-json\/wp\/v2\/product\/3739","targetHints":{"allow":["GET"]}}],"collection":[{"href":"https:\/\/tzionlibreria.com\/index.php\/wp-json\/wp\/v2\/product"}],"about":[{"href":"https:\/\/tzionlibreria.com\/index.php\/wp-json\/wp\/v2\/types\/product"}],"replies":[{"embeddable":true,"href":"https:\/\/tzionlibreria.com\/index.php\/wp-json\/wp\/v2\/comments?post=3739"}],"wp:featuredmedia":[{"embeddable":true,"href":"https:\/\/tzionlibreria.com\/index.php\/wp-json\/wp\/v2\/media\/3740"}],"wp:attachment":[{"href":"https:\/\/tzionlibreria.com\/index.php\/wp-json\/wp\/v2\/media?parent=3739"}],"wp:term":[{"taxonomy":"product_brand","embeddable":true,"href":"https:\/\/tzionlibreria.com\/index.php\/wp-json\/wp\/v2\/product_brand?post=3739"},{"taxonomy":"product_cat","embeddable":true,"href":"https:\/\/tzionlibreria.com\/index.php\/wp-json\/wp\/v2\/product_cat?post=3739"},{"taxonomy":"product_tag","embeddable":true,"href":"https:\/\/tzionlibreria.com\/index.php\/wp-json\/wp\/v2\/product_tag?post=3739"}],"curies":[{"name":"wp","href":"https:\/\/api.w.org\/{rel}","templated":true}]}}