{"id":3758,"date":"2024-04-18T00:48:43","date_gmt":"2024-04-18T00:48:43","guid":{"rendered":"https:\/\/tzionlibreria.com\/?post_type=product&#038;p=3758"},"modified":"2024-12-17T13:19:50","modified_gmt":"2024-12-17T13:19:50","slug":"oraciones-de-un-minuto-para-comenzar-tu-dia","status":"publish","type":"product","link":"https:\/\/tzionlibreria.com\/index.php\/product\/oraciones-de-un-minuto-para-comenzar-tu-dia\/","title":{"rendered":"Oraciones De Un Minuto Para Comenzar Tu Dia"},"content":{"rendered":"<div>\n<div>Esta hermosa recopilaci\u00f3n de conversaciones de un minuto con Dios te ayudar\u00e1 a compartir el deseo de tu coraz\u00f3n de caminar con Jes\u00fas, crecer en tu espiritualidad y ayudar a otros. Incluye a Dios en tu vida diaria y siente su paz, su gracia y su alegr\u00eda.<\/div>\n<div><\/div>\n<\/div>\n<div>Cuando comprometas tu d\u00eda a su prop\u00f3sito, \u00e9l transformar\u00e1 tu coraz\u00f3n y tu vida.<\/div>\n<div><\/div>\n<div>Tan seguro como que hay un nuevo amanecer cada d\u00eda, as\u00ed de seguro debes estar de que Dios est\u00e1 contigo. Lo que sea que traiga el d\u00eda, puedes saber que \u00c9l est\u00e1 cerca y anhela los momentos para hablarle a tu coraz\u00f3n.<\/div>\n<div><\/div>\n<div>Estas oraciones cortas y poderosas y versos inspiradores revivir\u00e1n tu esp\u00edritu, renovar\u00e1n tu fe y te llevar\u00e1n a conversaciones m\u00e1s profundas con tu creador.<\/div>\n<div><\/div>\n<div>Despierta diariamente a la posibilidad y aliento de Dios a medida que:<\/div>\n<div><\/div>\n<div>&#8211; Conf\u00edes en sus promesas para cada prueba, busques cada sagrada ense\u00f1anza en sus decisiones y camines en el plan dise\u00f1ado para ti.<\/div>\n<div><\/div>\n<div>&#8211; Pases los primeros momentos de cada d\u00eda con Dios, tu coraz\u00f3n ablandado estar\u00e1 m\u00e1s disponible para recibir su gracia transformadora durante todo el d\u00eda.<\/div>\n<div><\/div>\n<div><strong>ISBN<\/strong>: 9781949061758<br \/>\n<strong>Cubierta<\/strong>: R\u00fastica<br \/>\n<strong>Idioma<\/strong>: Espa\u00f1ol<\/div>\n","protected":false},"excerpt":{"rendered":"<p>Esta hermosa recopilaci\u00f3n de conversaciones de un minuto con Dios te ayudar\u00e1 a compartir el deseo de tu coraz\u00f3n de caminar con Jes\u00fas, crecer en tu espiritualidad y ayudar a otros. Incluye a Dios en tu vida diaria y siente su paz, su gracia y su alegr\u00eda. Cuando comprometas tu d\u00eda a su prop\u00f3sito, \u00e9l [&hellip;]<\/p>\n","protected":false},"featured_media":3759,"comment_status":"open","ping_status":"closed","template":"","meta":{"om_disable_all_campaigns":false,"_monsterinsights_skip_tracking":false,"_monsterinsights_sitenote_active":false,"_monsterinsights_sitenote_note":"","_monsterinsights_sitenote_category":0,"site-sidebar-layout":"default","site-content-layout":"","ast-site-content-layout":"default","site-content-style":"default","site-sidebar-style":"default","ast-global-header-display":"","ast-banner-title-visibility":"","ast-main-header-display":"","ast-hfb-above-header-display":"","ast-hfb-below-header-display":"","ast-hfb-mobile-header-display":"","site-post-title":"","ast-breadcrumbs-content":"","ast-featured-img":"","footer-sml-layout":"","ast-disable-related-posts":"","theme-transparent-header-meta":"default","adv-header-id-meta":"","stick-header-meta":"","header-above-stick-meta":"","header-main-stick-meta":"","header-below-stick-meta":"","astra-migrate-meta-layouts":"set","ast-page-background-enabled":"default","ast-page-background-meta":{"desktop":{"background-color":"var(--ast-global-color-4)","background-image":"","background-repeat":"repeat","background-position":"center center","background-size":"auto","background-attachment":"scroll","background-type":"","background-media":"","overlay-type":"","overlay-color":"","overlay-opacity":"","overlay-gradient":""},"tablet":{"background-color":"","background-image":"","background-repeat":"repeat","background-position":"center center","background-size":"auto","background-attachment":"scroll","background-type":"","background-media":"","overlay-type":"","overlay-color":"","overlay-opacity":"","overlay-gradient":""},"mobile":{"background-color":"","background-image":"","background-repeat":"repeat","background-position":"center center","background-size":"auto","background-attachment":"scroll","background-type":"","background-media":"","overlay-type":"","overlay-color":"","overlay-opacity":"","overlay-gradient":""}},"ast-content-background-meta":{"desktop":{"background-color":"var(--ast-global-color-5)","background-image":"","background-repeat":"repeat","background-position":"center center","background-size":"auto","background-attachment":"scroll","background-type":"","background-media":"","overlay-type":"","overlay-color":"","overlay-opacity":"","overlay-gradient":""},"tablet":{"background-color":"var(--ast-global-color-5)","background-image":"","background-repeat":"repeat","background-position":"center center","background-size":"auto","background-attachment":"scroll","background-type":"","background-media":"","overlay-type":"","overlay-color":"","overlay-opacity":"","overlay-gradient":""},"mobile":{"background-color":"var(--ast-global-color-5)","background-image":"","background-repeat":"repeat","background-position":"center center","background-size":"auto","background-attachment":"scroll","background-type":"","background-media":"","overlay-type":"","overlay-color":"","overlay-opacity":"","overlay-gradient":""}}},"product_brand":[],"product_cat":[23],"product_tag":[],"class_list":{"0":"post-3758","1":"product","2":"type-product","3":"status-publish","4":"has-post-thumbnail","6":"product_cat-libros","7":"desktop-align-left","8":"tablet-align-left","9":"mobile-align-left","11":"first","12":"outofstock","13":"shipping-taxable","14":"purchasable","15":"product-type-simple"},"yoast_head":"<!-- This site is optimized with the Yoast SEO plugin v27.4 - https:\/\/yoast.com\/product\/yoast-seo-wordpress\/ -->\n<title>Oraciones De Un Minuto Para Comenzar Tu Dia - tzionlibreria.com<\/title>\n<meta name=\"robots\" content=\"index, follow, max-snippet:-1, max-image-preview:large, max-video-preview:-1\" \/>\n<link rel=\"canonical\" href=\"https:\/\/tzionlibreria.com\/index.php\/product\/oraciones-de-un-minuto-para-comenzar-tu-dia\/\" \/>\n<meta property=\"og:locale\" content=\"es_ES\" \/>\n<meta property=\"og:type\" content=\"article\" \/>\n<meta property=\"og:title\" content=\"Oraciones De Un Minuto Para Comenzar Tu Dia - tzionlibreria.com\" \/>\n<meta property=\"og:description\" content=\"Esta hermosa recopilaci\u00f3n de conversaciones de un minuto con Dios te ayudar\u00e1 a compartir el deseo de tu coraz\u00f3n de caminar con Jes\u00fas, crecer en tu espiritualidad y ayudar a otros. Incluye a Dios en tu vida diaria y siente su paz, su gracia y su alegr\u00eda. Cuando comprometas tu d\u00eda a su prop\u00f3sito, \u00e9l [&hellip;]\" \/>\n<meta property=\"og:url\" content=\"https:\/\/tzionlibreria.com\/index.php\/product\/oraciones-de-un-minuto-para-comenzar-tu-dia\/\" \/>\n<meta property=\"og:site_name\" content=\"tzionlibreria.com\" \/>\n<meta property=\"article:modified_time\" content=\"2024-12-17T13:19:50+00:00\" \/>\n<meta property=\"og:image\" content=\"http:\/\/tzionlibreria.com\/wp-content\/uploads\/2024\/04\/oraciones-de-un-minuto.jpg\" \/>\n\t<meta property=\"og:image:width\" content=\"1200\" \/>\n\t<meta property=\"og:image:height\" content=\"1200\" \/>\n\t<meta property=\"og:image:type\" content=\"image\/jpeg\" \/>\n<meta name=\"twitter:card\" content=\"summary_large_image\" \/>\n<meta name=\"twitter:label1\" content=\"Tiempo de lectura\" \/>\n\t<meta name=\"twitter:data1\" content=\"2 minutos\" \/>\n<script type=\"application\/ld+json\" class=\"yoast-schema-graph\">{\"@context\":\"https:\\\/\\\/schema.org\",\"@graph\":[{\"@type\":\"WebPage\",\"@id\":\"https:\\\/\\\/tzionlibreria.com\\\/index.php\\\/product\\\/oraciones-de-un-minuto-para-comenzar-tu-dia\\\/\",\"url\":\"https:\\\/\\\/tzionlibreria.com\\\/index.php\\\/product\\\/oraciones-de-un-minuto-para-comenzar-tu-dia\\\/\",\"name\":\"Oraciones De Un Minuto Para Comenzar Tu Dia - tzionlibreria.com\",\"isPartOf\":{\"@id\":\"https:\\\/\\\/tzionlibreria.com\\\/#website\"},\"primaryImageOfPage\":{\"@id\":\"https:\\\/\\\/tzionlibreria.com\\\/index.php\\\/product\\\/oraciones-de-un-minuto-para-comenzar-tu-dia\\\/#primaryimage\"},\"image\":{\"@id\":\"https:\\\/\\\/tzionlibreria.com\\\/index.php\\\/product\\\/oraciones-de-un-minuto-para-comenzar-tu-dia\\\/#primaryimage\"},\"thumbnailUrl\":\"https:\\\/\\\/tzionlibreria.com\\\/wp-content\\\/uploads\\\/2024\\\/04\\\/oraciones-de-un-minuto.jpg\",\"datePublished\":\"2024-04-18T00:48:43+00:00\",\"dateModified\":\"2024-12-17T13:19:50+00:00\",\"breadcrumb\":{\"@id\":\"https:\\\/\\\/tzionlibreria.com\\\/index.php\\\/product\\\/oraciones-de-un-minuto-para-comenzar-tu-dia\\\/#breadcrumb\"},\"inLanguage\":\"es-CO\",\"potentialAction\":[{\"@type\":\"ReadAction\",\"target\":[\"https:\\\/\\\/tzionlibreria.com\\\/index.php\\\/product\\\/oraciones-de-un-minuto-para-comenzar-tu-dia\\\/\"]}]},{\"@type\":\"ImageObject\",\"inLanguage\":\"es-CO\",\"@id\":\"https:\\\/\\\/tzionlibreria.com\\\/index.php\\\/product\\\/oraciones-de-un-minuto-para-comenzar-tu-dia\\\/#primaryimage\",\"url\":\"https:\\\/\\\/tzionlibreria.com\\\/wp-content\\\/uploads\\\/2024\\\/04\\\/oraciones-de-un-minuto.jpg\",\"contentUrl\":\"https:\\\/\\\/tzionlibreria.com\\\/wp-content\\\/uploads\\\/2024\\\/04\\\/oraciones-de-un-minuto.jpg\",\"width\":1200,\"height\":1200},{\"@type\":\"BreadcrumbList\",\"@id\":\"https:\\\/\\\/tzionlibreria.com\\\/index.php\\\/product\\\/oraciones-de-un-minuto-para-comenzar-tu-dia\\\/#breadcrumb\",\"itemListElement\":[{\"@type\":\"ListItem\",\"position\":1,\"name\":\"Inicio\",\"item\":\"https:\\\/\\\/tzionlibreria.com\\\/\"},{\"@type\":\"ListItem\",\"position\":2,\"name\":\"Shop\",\"item\":\"https:\\\/\\\/tzionlibreria.com\\\/index.php\\\/shop\\\/\"},{\"@type\":\"ListItem\",\"position\":3,\"name\":\"Oraciones De Un Minuto Para Comenzar Tu Dia\"}]},{\"@type\":\"WebSite\",\"@id\":\"https:\\\/\\\/tzionlibreria.com\\\/#website\",\"url\":\"https:\\\/\\\/tzionlibreria.com\\\/\",\"name\":\"tzionlibreria.com\",\"description\":\"Libreria Cristiana Venezuela\",\"publisher\":{\"@id\":\"https:\\\/\\\/tzionlibreria.com\\\/#organization\"},\"potentialAction\":[{\"@type\":\"SearchAction\",\"target\":{\"@type\":\"EntryPoint\",\"urlTemplate\":\"https:\\\/\\\/tzionlibreria.com\\\/?s={search_term_string}\"},\"query-input\":{\"@type\":\"PropertyValueSpecification\",\"valueRequired\":true,\"valueName\":\"search_term_string\"}}],\"inLanguage\":\"es-CO\"},{\"@type\":\"Organization\",\"@id\":\"https:\\\/\\\/tzionlibreria.com\\\/#organization\",\"name\":\"tzionlibreria.com\",\"url\":\"https:\\\/\\\/tzionlibreria.com\\\/\",\"logo\":{\"@type\":\"ImageObject\",\"inLanguage\":\"es-CO\",\"@id\":\"https:\\\/\\\/tzionlibreria.com\\\/#\\\/schema\\\/logo\\\/image\\\/\",\"url\":\"https:\\\/\\\/tzionlibreria.com\\\/wp-content\\\/uploads\\\/2023\\\/10\\\/cropped-Cuadricula-scaled-1.jpg\",\"contentUrl\":\"https:\\\/\\\/tzionlibreria.com\\\/wp-content\\\/uploads\\\/2023\\\/10\\\/cropped-Cuadricula-scaled-1.jpg\",\"width\":2560,\"height\":2560,\"caption\":\"tzionlibreria.com\"},\"image\":{\"@id\":\"https:\\\/\\\/tzionlibreria.com\\\/#\\\/schema\\\/logo\\\/image\\\/\"}}]}<\/script>\n<!-- \/ Yoast SEO plugin. -->","yoast_head_json":{"title":"Oraciones De Un Minuto Para Comenzar Tu Dia - tzionlibreria.com","robots":{"index":"index","follow":"follow","max-snippet":"max-snippet:-1","max-image-preview":"max-image-preview:large","max-video-preview":"max-video-preview:-1"},"canonical":"https:\/\/tzionlibreria.com\/index.php\/product\/oraciones-de-un-minuto-para-comenzar-tu-dia\/","og_locale":"es_ES","og_type":"article","og_title":"Oraciones De Un Minuto Para Comenzar Tu Dia - tzionlibreria.com","og_description":"Esta hermosa recopilaci\u00f3n de conversaciones de un minuto con Dios te ayudar\u00e1 a compartir el deseo de tu coraz\u00f3n de caminar con Jes\u00fas, crecer en tu espiritualidad y ayudar a otros. Incluye a Dios en tu vida diaria y siente su paz, su gracia y su alegr\u00eda. Cuando comprometas tu d\u00eda a su prop\u00f3sito, \u00e9l [&hellip;]","og_url":"https:\/\/tzionlibreria.com\/index.php\/product\/oraciones-de-un-minuto-para-comenzar-tu-dia\/","og_site_name":"tzionlibreria.com","article_modified_time":"2024-12-17T13:19:50+00:00","og_image":[{"width":1200,"height":1200,"url":"http:\/\/tzionlibreria.com\/wp-content\/uploads\/2024\/04\/oraciones-de-un-minuto.jpg","type":"image\/jpeg"}],"twitter_card":"summary_large_image","twitter_misc":{"Tiempo de lectura":"2 minutos"},"schema":{"@context":"https:\/\/schema.org","@graph":[{"@type":"WebPage","@id":"https:\/\/tzionlibreria.com\/index.php\/product\/oraciones-de-un-minuto-para-comenzar-tu-dia\/","url":"https:\/\/tzionlibreria.com\/index.php\/product\/oraciones-de-un-minuto-para-comenzar-tu-dia\/","name":"Oraciones De Un Minuto Para Comenzar Tu Dia - tzionlibreria.com","isPartOf":{"@id":"https:\/\/tzionlibreria.com\/#website"},"primaryImageOfPage":{"@id":"https:\/\/tzionlibreria.com\/index.php\/product\/oraciones-de-un-minuto-para-comenzar-tu-dia\/#primaryimage"},"image":{"@id":"https:\/\/tzionlibreria.com\/index.php\/product\/oraciones-de-un-minuto-para-comenzar-tu-dia\/#primaryimage"},"thumbnailUrl":"https:\/\/tzionlibreria.com\/wp-content\/uploads\/2024\/04\/oraciones-de-un-minuto.jpg","datePublished":"2024-04-18T00:48:43+00:00","dateModified":"2024-12-17T13:19:50+00:00","breadcrumb":{"@id":"https:\/\/tzionlibreria.com\/index.php\/product\/oraciones-de-un-minuto-para-comenzar-tu-dia\/#breadcrumb"},"inLanguage":"es-CO","potentialAction":[{"@type":"ReadAction","target":["https:\/\/tzionlibreria.com\/index.php\/product\/oraciones-de-un-minuto-para-comenzar-tu-dia\/"]}]},{"@type":"ImageObject","inLanguage":"es-CO","@id":"https:\/\/tzionlibreria.com\/index.php\/product\/oraciones-de-un-minuto-para-comenzar-tu-dia\/#primaryimage","url":"https:\/\/tzionlibreria.com\/wp-content\/uploads\/2024\/04\/oraciones-de-un-minuto.jpg","contentUrl":"https:\/\/tzionlibreria.com\/wp-content\/uploads\/2024\/04\/oraciones-de-un-minuto.jpg","width":1200,"height":1200},{"@type":"BreadcrumbList","@id":"https:\/\/tzionlibreria.com\/index.php\/product\/oraciones-de-un-minuto-para-comenzar-tu-dia\/#breadcrumb","itemListElement":[{"@type":"ListItem","position":1,"name":"Inicio","item":"https:\/\/tzionlibreria.com\/"},{"@type":"ListItem","position":2,"name":"Shop","item":"https:\/\/tzionlibreria.com\/index.php\/shop\/"},{"@type":"ListItem","position":3,"name":"Oraciones De Un Minuto Para Comenzar Tu Dia"}]},{"@type":"WebSite","@id":"https:\/\/tzionlibreria.com\/#website","url":"https:\/\/tzionlibreria.com\/","name":"tzionlibreria.com","description":"Libreria Cristiana Venezuela","publisher":{"@id":"https:\/\/tzionlibreria.com\/#organization"},"potentialAction":[{"@type":"SearchAction","target":{"@type":"EntryPoint","urlTemplate":"https:\/\/tzionlibreria.com\/?s={search_term_string}"},"query-input":{"@type":"PropertyValueSpecification","valueRequired":true,"valueName":"search_term_string"}}],"inLanguage":"es-CO"},{"@type":"Organization","@id":"https:\/\/tzionlibreria.com\/#organization","name":"tzionlibreria.com","url":"https:\/\/tzionlibreria.com\/","logo":{"@type":"ImageObject","inLanguage":"es-CO","@id":"https:\/\/tzionlibreria.com\/#\/schema\/logo\/image\/","url":"https:\/\/tzionlibreria.com\/wp-content\/uploads\/2023\/10\/cropped-Cuadricula-scaled-1.jpg","contentUrl":"https:\/\/tzionlibreria.com\/wp-content\/uploads\/2023\/10\/cropped-Cuadricula-scaled-1.jpg","width":2560,"height":2560,"caption":"tzionlibreria.com"},"image":{"@id":"https:\/\/tzionlibreria.com\/#\/schema\/logo\/image\/"}}]}},"jetpack_sharing_enabled":true,"_links":{"self":[{"href":"https:\/\/tzionlibreria.com\/index.php\/wp-json\/wp\/v2\/product\/3758","targetHints":{"allow":["GET"]}}],"collection":[{"href":"https:\/\/tzionlibreria.com\/index.php\/wp-json\/wp\/v2\/product"}],"about":[{"href":"https:\/\/tzionlibreria.com\/index.php\/wp-json\/wp\/v2\/types\/product"}],"replies":[{"embeddable":true,"href":"https:\/\/tzionlibreria.com\/index.php\/wp-json\/wp\/v2\/comments?post=3758"}],"wp:featuredmedia":[{"embeddable":true,"href":"https:\/\/tzionlibreria.com\/index.php\/wp-json\/wp\/v2\/media\/3759"}],"wp:attachment":[{"href":"https:\/\/tzionlibreria.com\/index.php\/wp-json\/wp\/v2\/media?parent=3758"}],"wp:term":[{"taxonomy":"product_brand","embeddable":true,"href":"https:\/\/tzionlibreria.com\/index.php\/wp-json\/wp\/v2\/product_brand?post=3758"},{"taxonomy":"product_cat","embeddable":true,"href":"https:\/\/tzionlibreria.com\/index.php\/wp-json\/wp\/v2\/product_cat?post=3758"},{"taxonomy":"product_tag","embeddable":true,"href":"https:\/\/tzionlibreria.com\/index.php\/wp-json\/wp\/v2\/product_tag?post=3758"}],"curies":[{"name":"wp","href":"https:\/\/api.w.org\/{rel}","templated":true}]}}