{"id":3760,"date":"2024-04-18T00:50:17","date_gmt":"2024-04-18T00:50:17","guid":{"rendered":"https:\/\/tzionlibreria.com\/?post_type=product&#038;p=3760"},"modified":"2024-11-22T03:03:50","modified_gmt":"2024-11-22T03:03:50","slug":"vulnerables-o-no-el-mejor-antidoto-contra-lo-que-nos-parece-imposible","status":"publish","type":"product","link":"https:\/\/tzionlibreria.com\/index.php\/product\/vulnerables-o-no-el-mejor-antidoto-contra-lo-que-nos-parece-imposible\/","title":{"rendered":"Vulnerables O No &#8211; El mejor ant\u00eddoto contra lo que nos parece imposible"},"content":{"rendered":"<div id=\"ctl00_ucPDTabs_ctl00_fs\" class=\"ProductDetailGroup\">\n<p><strong>Vulnerable o no<\/strong>\u00a0es un recurso para entender lo vulnerable que es el ser humano sin Cristo.<\/p>\n<p>En estas p\u00e1ginas aprender\u00e1s sobre la fragilidad humana, los diferentes estados de vulnerabilidad y c\u00f3mo afecta a nuestra vida diaria.\u00a0Se pone de manifiesto los que estamos al peligro y se iza en profundidad c\u00f3mo la naturaleza humana, las debilidades emocionales, las carencias y las decepciones nos descubrir\u00e1n en objetivos dif\u00edciles de ser vulnerables a ser desviados de nuestro prop\u00f3sito cuando no estamos anclados en nuestra \u00fanica Esperanza, Jesucristo.<\/p>\n<p>&nbsp;<\/p>\n<\/div>\n<div id=\"ctl00_ucPDTabs_ctl01_fs\" class=\"ProductDetailGroup\"><strong>ISBN<\/strong>: 9780789926142<br \/>\n<strong>Dimensiones<\/strong>: 140 x 25 mm<br \/>\n<strong>Peso<\/strong>: 0,650kg<br \/>\n<strong>Cubierta<\/strong>: R\u00fastica<br \/>\n<strong>N\u00famero de p\u00e1ginas<\/strong>: 192<br \/>\n<strong>Fecha de lanzamiento<\/strong>: 03.07.2022<br \/>\n<strong>Idioma<\/strong>: Espa\u00f1ol<\/div>\n","protected":false},"excerpt":{"rendered":"<p>Vulnerable o no\u00a0es un recurso para entender lo vulnerable que es el ser humano sin Cristo. En estas p\u00e1ginas aprender\u00e1s sobre la fragilidad humana, los diferentes estados de vulnerabilidad y c\u00f3mo afecta a nuestra vida diaria.\u00a0Se pone de manifiesto los que estamos al peligro y se iza en profundidad c\u00f3mo la naturaleza humana, las debilidades [&hellip;]<\/p>\n","protected":false},"featured_media":3761,"comment_status":"open","ping_status":"closed","template":"","meta":{"om_disable_all_campaigns":false,"_monsterinsights_skip_tracking":false,"_monsterinsights_sitenote_active":false,"_monsterinsights_sitenote_note":"","_monsterinsights_sitenote_category":0,"site-sidebar-layout":"default","site-content-layout":"","ast-site-content-layout":"default","site-content-style":"default","site-sidebar-style":"default","ast-global-header-display":"","ast-banner-title-visibility":"","ast-main-header-display":"","ast-hfb-above-header-display":"","ast-hfb-below-header-display":"","ast-hfb-mobile-header-display":"","site-post-title":"","ast-breadcrumbs-content":"","ast-featured-img":"","footer-sml-layout":"","ast-disable-related-posts":"","theme-transparent-header-meta":"default","adv-header-id-meta":"","stick-header-meta":"","header-above-stick-meta":"","header-main-stick-meta":"","header-below-stick-meta":"","astra-migrate-meta-layouts":"set","ast-page-background-enabled":"default","ast-page-background-meta":{"desktop":{"background-color":"var(--ast-global-color-4)","background-image":"","background-repeat":"repeat","background-position":"center center","background-size":"auto","background-attachment":"scroll","background-type":"","background-media":"","overlay-type":"","overlay-color":"","overlay-opacity":"","overlay-gradient":""},"tablet":{"background-color":"","background-image":"","background-repeat":"repeat","background-position":"center center","background-size":"auto","background-attachment":"scroll","background-type":"","background-media":"","overlay-type":"","overlay-color":"","overlay-opacity":"","overlay-gradient":""},"mobile":{"background-color":"","background-image":"","background-repeat":"repeat","background-position":"center center","background-size":"auto","background-attachment":"scroll","background-type":"","background-media":"","overlay-type":"","overlay-color":"","overlay-opacity":"","overlay-gradient":""}},"ast-content-background-meta":{"desktop":{"background-color":"var(--ast-global-color-5)","background-image":"","background-repeat":"repeat","background-position":"center center","background-size":"auto","background-attachment":"scroll","background-type":"","background-media":"","overlay-type":"","overlay-color":"","overlay-opacity":"","overlay-gradient":""},"tablet":{"background-color":"var(--ast-global-color-5)","background-image":"","background-repeat":"repeat","background-position":"center center","background-size":"auto","background-attachment":"scroll","background-type":"","background-media":"","overlay-type":"","overlay-color":"","overlay-opacity":"","overlay-gradient":""},"mobile":{"background-color":"var(--ast-global-color-5)","background-image":"","background-repeat":"repeat","background-position":"center center","background-size":"auto","background-attachment":"scroll","background-type":"","background-media":"","overlay-type":"","overlay-color":"","overlay-opacity":"","overlay-gradient":""}}},"product_brand":[],"product_cat":[174,173,23],"product_tag":[],"class_list":{"0":"post-3760","1":"product","2":"type-product","3":"status-publish","4":"has-post-thumbnail","6":"product_cat-iglesia","7":"product_cat-jovenes","8":"product_cat-libros","9":"desktop-align-left","10":"tablet-align-left","11":"mobile-align-left","13":"first","14":"instock","15":"shipping-taxable","16":"purchasable","17":"product-type-simple"},"yoast_head":"<!-- This site is optimized with the Yoast SEO plugin v27.4 - https:\/\/yoast.com\/product\/yoast-seo-wordpress\/ -->\n<title>Vulnerables O No - El mejor ant\u00eddoto contra lo que nos parece imposible - tzionlibreria.com<\/title>\n<meta name=\"robots\" content=\"index, follow, max-snippet:-1, max-image-preview:large, max-video-preview:-1\" \/>\n<link rel=\"canonical\" href=\"https:\/\/tzionlibreria.com\/index.php\/product\/vulnerables-o-no-el-mejor-antidoto-contra-lo-que-nos-parece-imposible\/\" \/>\n<meta property=\"og:locale\" content=\"es_ES\" \/>\n<meta property=\"og:type\" content=\"article\" \/>\n<meta property=\"og:title\" content=\"Vulnerables O No - El mejor ant\u00eddoto contra lo que nos parece imposible - tzionlibreria.com\" \/>\n<meta property=\"og:description\" content=\"Vulnerable o no\u00a0es un recurso para entender lo vulnerable que es el ser humano sin Cristo. En estas p\u00e1ginas aprender\u00e1s sobre la fragilidad humana, los diferentes estados de vulnerabilidad y c\u00f3mo afecta a nuestra vida diaria.\u00a0Se pone de manifiesto los que estamos al peligro y se iza en profundidad c\u00f3mo la naturaleza humana, las debilidades [&hellip;]\" \/>\n<meta property=\"og:url\" content=\"https:\/\/tzionlibreria.com\/index.php\/product\/vulnerables-o-no-el-mejor-antidoto-contra-lo-que-nos-parece-imposible\/\" \/>\n<meta property=\"og:site_name\" content=\"tzionlibreria.com\" \/>\n<meta property=\"article:modified_time\" content=\"2024-11-22T03:03:50+00:00\" \/>\n<meta property=\"og:image\" content=\"http:\/\/tzionlibreria.com\/wp-content\/uploads\/2024\/04\/vulnerable.jpg\" \/>\n\t<meta property=\"og:image:width\" content=\"1200\" \/>\n\t<meta property=\"og:image:height\" content=\"1200\" \/>\n\t<meta property=\"og:image:type\" content=\"image\/jpeg\" \/>\n<meta name=\"twitter:card\" content=\"summary_large_image\" \/>\n<meta name=\"twitter:label1\" content=\"Tiempo de lectura\" \/>\n\t<meta name=\"twitter:data1\" content=\"1 minuto\" \/>\n<script type=\"application\/ld+json\" class=\"yoast-schema-graph\">{\"@context\":\"https:\\\/\\\/schema.org\",\"@graph\":[{\"@type\":\"WebPage\",\"@id\":\"https:\\\/\\\/tzionlibreria.com\\\/index.php\\\/product\\\/vulnerables-o-no-el-mejor-antidoto-contra-lo-que-nos-parece-imposible\\\/\",\"url\":\"https:\\\/\\\/tzionlibreria.com\\\/index.php\\\/product\\\/vulnerables-o-no-el-mejor-antidoto-contra-lo-que-nos-parece-imposible\\\/\",\"name\":\"Vulnerables O No - El mejor ant\u00eddoto contra lo que nos parece imposible - tzionlibreria.com\",\"isPartOf\":{\"@id\":\"https:\\\/\\\/tzionlibreria.com\\\/#website\"},\"primaryImageOfPage\":{\"@id\":\"https:\\\/\\\/tzionlibreria.com\\\/index.php\\\/product\\\/vulnerables-o-no-el-mejor-antidoto-contra-lo-que-nos-parece-imposible\\\/#primaryimage\"},\"image\":{\"@id\":\"https:\\\/\\\/tzionlibreria.com\\\/index.php\\\/product\\\/vulnerables-o-no-el-mejor-antidoto-contra-lo-que-nos-parece-imposible\\\/#primaryimage\"},\"thumbnailUrl\":\"https:\\\/\\\/tzionlibreria.com\\\/wp-content\\\/uploads\\\/2024\\\/04\\\/vulnerable.jpg\",\"datePublished\":\"2024-04-18T00:50:17+00:00\",\"dateModified\":\"2024-11-22T03:03:50+00:00\",\"breadcrumb\":{\"@id\":\"https:\\\/\\\/tzionlibreria.com\\\/index.php\\\/product\\\/vulnerables-o-no-el-mejor-antidoto-contra-lo-que-nos-parece-imposible\\\/#breadcrumb\"},\"inLanguage\":\"es-CO\",\"potentialAction\":[{\"@type\":\"ReadAction\",\"target\":[\"https:\\\/\\\/tzionlibreria.com\\\/index.php\\\/product\\\/vulnerables-o-no-el-mejor-antidoto-contra-lo-que-nos-parece-imposible\\\/\"]}]},{\"@type\":\"ImageObject\",\"inLanguage\":\"es-CO\",\"@id\":\"https:\\\/\\\/tzionlibreria.com\\\/index.php\\\/product\\\/vulnerables-o-no-el-mejor-antidoto-contra-lo-que-nos-parece-imposible\\\/#primaryimage\",\"url\":\"https:\\\/\\\/tzionlibreria.com\\\/wp-content\\\/uploads\\\/2024\\\/04\\\/vulnerable.jpg\",\"contentUrl\":\"https:\\\/\\\/tzionlibreria.com\\\/wp-content\\\/uploads\\\/2024\\\/04\\\/vulnerable.jpg\",\"width\":1200,\"height\":1200},{\"@type\":\"BreadcrumbList\",\"@id\":\"https:\\\/\\\/tzionlibreria.com\\\/index.php\\\/product\\\/vulnerables-o-no-el-mejor-antidoto-contra-lo-que-nos-parece-imposible\\\/#breadcrumb\",\"itemListElement\":[{\"@type\":\"ListItem\",\"position\":1,\"name\":\"Inicio\",\"item\":\"https:\\\/\\\/tzionlibreria.com\\\/\"},{\"@type\":\"ListItem\",\"position\":2,\"name\":\"Shop\",\"item\":\"https:\\\/\\\/tzionlibreria.com\\\/index.php\\\/shop\\\/\"},{\"@type\":\"ListItem\",\"position\":3,\"name\":\"Vulnerables O No &#8211; El mejor ant\u00eddoto contra lo que nos parece imposible\"}]},{\"@type\":\"WebSite\",\"@id\":\"https:\\\/\\\/tzionlibreria.com\\\/#website\",\"url\":\"https:\\\/\\\/tzionlibreria.com\\\/\",\"name\":\"tzionlibreria.com\",\"description\":\"Libreria Cristiana Venezuela\",\"publisher\":{\"@id\":\"https:\\\/\\\/tzionlibreria.com\\\/#organization\"},\"potentialAction\":[{\"@type\":\"SearchAction\",\"target\":{\"@type\":\"EntryPoint\",\"urlTemplate\":\"https:\\\/\\\/tzionlibreria.com\\\/?s={search_term_string}\"},\"query-input\":{\"@type\":\"PropertyValueSpecification\",\"valueRequired\":true,\"valueName\":\"search_term_string\"}}],\"inLanguage\":\"es-CO\"},{\"@type\":\"Organization\",\"@id\":\"https:\\\/\\\/tzionlibreria.com\\\/#organization\",\"name\":\"tzionlibreria.com\",\"url\":\"https:\\\/\\\/tzionlibreria.com\\\/\",\"logo\":{\"@type\":\"ImageObject\",\"inLanguage\":\"es-CO\",\"@id\":\"https:\\\/\\\/tzionlibreria.com\\\/#\\\/schema\\\/logo\\\/image\\\/\",\"url\":\"https:\\\/\\\/tzionlibreria.com\\\/wp-content\\\/uploads\\\/2023\\\/10\\\/cropped-Cuadricula-scaled-1.jpg\",\"contentUrl\":\"https:\\\/\\\/tzionlibreria.com\\\/wp-content\\\/uploads\\\/2023\\\/10\\\/cropped-Cuadricula-scaled-1.jpg\",\"width\":2560,\"height\":2560,\"caption\":\"tzionlibreria.com\"},\"image\":{\"@id\":\"https:\\\/\\\/tzionlibreria.com\\\/#\\\/schema\\\/logo\\\/image\\\/\"}}]}<\/script>\n<!-- \/ Yoast SEO plugin. -->","yoast_head_json":{"title":"Vulnerables O No - El mejor ant\u00eddoto contra lo que nos parece imposible - tzionlibreria.com","robots":{"index":"index","follow":"follow","max-snippet":"max-snippet:-1","max-image-preview":"max-image-preview:large","max-video-preview":"max-video-preview:-1"},"canonical":"https:\/\/tzionlibreria.com\/index.php\/product\/vulnerables-o-no-el-mejor-antidoto-contra-lo-que-nos-parece-imposible\/","og_locale":"es_ES","og_type":"article","og_title":"Vulnerables O No - El mejor ant\u00eddoto contra lo que nos parece imposible - tzionlibreria.com","og_description":"Vulnerable o no\u00a0es un recurso para entender lo vulnerable que es el ser humano sin Cristo. En estas p\u00e1ginas aprender\u00e1s sobre la fragilidad humana, los diferentes estados de vulnerabilidad y c\u00f3mo afecta a nuestra vida diaria.\u00a0Se pone de manifiesto los que estamos al peligro y se iza en profundidad c\u00f3mo la naturaleza humana, las debilidades [&hellip;]","og_url":"https:\/\/tzionlibreria.com\/index.php\/product\/vulnerables-o-no-el-mejor-antidoto-contra-lo-que-nos-parece-imposible\/","og_site_name":"tzionlibreria.com","article_modified_time":"2024-11-22T03:03:50+00:00","og_image":[{"width":1200,"height":1200,"url":"http:\/\/tzionlibreria.com\/wp-content\/uploads\/2024\/04\/vulnerable.jpg","type":"image\/jpeg"}],"twitter_card":"summary_large_image","twitter_misc":{"Tiempo de lectura":"1 minuto"},"schema":{"@context":"https:\/\/schema.org","@graph":[{"@type":"WebPage","@id":"https:\/\/tzionlibreria.com\/index.php\/product\/vulnerables-o-no-el-mejor-antidoto-contra-lo-que-nos-parece-imposible\/","url":"https:\/\/tzionlibreria.com\/index.php\/product\/vulnerables-o-no-el-mejor-antidoto-contra-lo-que-nos-parece-imposible\/","name":"Vulnerables O No - El mejor ant\u00eddoto contra lo que nos parece imposible - tzionlibreria.com","isPartOf":{"@id":"https:\/\/tzionlibreria.com\/#website"},"primaryImageOfPage":{"@id":"https:\/\/tzionlibreria.com\/index.php\/product\/vulnerables-o-no-el-mejor-antidoto-contra-lo-que-nos-parece-imposible\/#primaryimage"},"image":{"@id":"https:\/\/tzionlibreria.com\/index.php\/product\/vulnerables-o-no-el-mejor-antidoto-contra-lo-que-nos-parece-imposible\/#primaryimage"},"thumbnailUrl":"https:\/\/tzionlibreria.com\/wp-content\/uploads\/2024\/04\/vulnerable.jpg","datePublished":"2024-04-18T00:50:17+00:00","dateModified":"2024-11-22T03:03:50+00:00","breadcrumb":{"@id":"https:\/\/tzionlibreria.com\/index.php\/product\/vulnerables-o-no-el-mejor-antidoto-contra-lo-que-nos-parece-imposible\/#breadcrumb"},"inLanguage":"es-CO","potentialAction":[{"@type":"ReadAction","target":["https:\/\/tzionlibreria.com\/index.php\/product\/vulnerables-o-no-el-mejor-antidoto-contra-lo-que-nos-parece-imposible\/"]}]},{"@type":"ImageObject","inLanguage":"es-CO","@id":"https:\/\/tzionlibreria.com\/index.php\/product\/vulnerables-o-no-el-mejor-antidoto-contra-lo-que-nos-parece-imposible\/#primaryimage","url":"https:\/\/tzionlibreria.com\/wp-content\/uploads\/2024\/04\/vulnerable.jpg","contentUrl":"https:\/\/tzionlibreria.com\/wp-content\/uploads\/2024\/04\/vulnerable.jpg","width":1200,"height":1200},{"@type":"BreadcrumbList","@id":"https:\/\/tzionlibreria.com\/index.php\/product\/vulnerables-o-no-el-mejor-antidoto-contra-lo-que-nos-parece-imposible\/#breadcrumb","itemListElement":[{"@type":"ListItem","position":1,"name":"Inicio","item":"https:\/\/tzionlibreria.com\/"},{"@type":"ListItem","position":2,"name":"Shop","item":"https:\/\/tzionlibreria.com\/index.php\/shop\/"},{"@type":"ListItem","position":3,"name":"Vulnerables O No &#8211; El mejor ant\u00eddoto contra lo que nos parece imposible"}]},{"@type":"WebSite","@id":"https:\/\/tzionlibreria.com\/#website","url":"https:\/\/tzionlibreria.com\/","name":"tzionlibreria.com","description":"Libreria Cristiana Venezuela","publisher":{"@id":"https:\/\/tzionlibreria.com\/#organization"},"potentialAction":[{"@type":"SearchAction","target":{"@type":"EntryPoint","urlTemplate":"https:\/\/tzionlibreria.com\/?s={search_term_string}"},"query-input":{"@type":"PropertyValueSpecification","valueRequired":true,"valueName":"search_term_string"}}],"inLanguage":"es-CO"},{"@type":"Organization","@id":"https:\/\/tzionlibreria.com\/#organization","name":"tzionlibreria.com","url":"https:\/\/tzionlibreria.com\/","logo":{"@type":"ImageObject","inLanguage":"es-CO","@id":"https:\/\/tzionlibreria.com\/#\/schema\/logo\/image\/","url":"https:\/\/tzionlibreria.com\/wp-content\/uploads\/2023\/10\/cropped-Cuadricula-scaled-1.jpg","contentUrl":"https:\/\/tzionlibreria.com\/wp-content\/uploads\/2023\/10\/cropped-Cuadricula-scaled-1.jpg","width":2560,"height":2560,"caption":"tzionlibreria.com"},"image":{"@id":"https:\/\/tzionlibreria.com\/#\/schema\/logo\/image\/"}}]}},"jetpack_sharing_enabled":true,"_links":{"self":[{"href":"https:\/\/tzionlibreria.com\/index.php\/wp-json\/wp\/v2\/product\/3760","targetHints":{"allow":["GET"]}}],"collection":[{"href":"https:\/\/tzionlibreria.com\/index.php\/wp-json\/wp\/v2\/product"}],"about":[{"href":"https:\/\/tzionlibreria.com\/index.php\/wp-json\/wp\/v2\/types\/product"}],"replies":[{"embeddable":true,"href":"https:\/\/tzionlibreria.com\/index.php\/wp-json\/wp\/v2\/comments?post=3760"}],"wp:featuredmedia":[{"embeddable":true,"href":"https:\/\/tzionlibreria.com\/index.php\/wp-json\/wp\/v2\/media\/3761"}],"wp:attachment":[{"href":"https:\/\/tzionlibreria.com\/index.php\/wp-json\/wp\/v2\/media?parent=3760"}],"wp:term":[{"taxonomy":"product_brand","embeddable":true,"href":"https:\/\/tzionlibreria.com\/index.php\/wp-json\/wp\/v2\/product_brand?post=3760"},{"taxonomy":"product_cat","embeddable":true,"href":"https:\/\/tzionlibreria.com\/index.php\/wp-json\/wp\/v2\/product_cat?post=3760"},{"taxonomy":"product_tag","embeddable":true,"href":"https:\/\/tzionlibreria.com\/index.php\/wp-json\/wp\/v2\/product_tag?post=3760"}],"curies":[{"name":"wp","href":"https:\/\/api.w.org\/{rel}","templated":true}]}}