{"id":3783,"date":"2024-04-29T22:19:46","date_gmt":"2024-04-29T22:19:46","guid":{"rendered":"https:\/\/tzionlibreria.com\/?post_type=product&#038;p=3783"},"modified":"2025-11-30T15:55:07","modified_gmt":"2025-11-30T15:55:07","slug":"la-biblia-junior-ilustrada-y-narrada-para-jovenes-lectores","status":"publish","type":"product","link":"https:\/\/tzionlibreria.com\/index.php\/product\/la-biblia-junior-ilustrada-y-narrada-para-jovenes-lectores\/","title":{"rendered":"La Biblia Junior &#8211; Ilustrada y narrada para j\u00f3venes lectores"},"content":{"rendered":"<div class=\"ast-oembed-container \" style=\"height: 100%;\"><iframe title=\"Biblia Junior - Ilustrada y narrada para j\u00f3venes lectores\" width=\"500\" height=\"281\" src=\"https:\/\/www.youtube.com\/embed\/AtVrbY4m3y8?feature=oembed\" frameborder=\"0\" allow=\"accelerometer; autoplay; clipboard-write; encrypted-media; gyroscope; picture-in-picture; web-share\" referrerpolicy=\"strict-origin-when-cross-origin\" allowfullscreen><\/iframe><\/div>\n<p>&nbsp;<\/p>\n<p><strong>Edad sugerida:\u00a0<span class=\"a-text-bold\">8 a 12 a\u00f1os<\/span><\/strong><\/p>\n<p><span class=\"a-text-italic\">La Biblia Junior<\/span>\u00a0para jovencitos tiene historias desde G\u00e9nesis hasta Apocalipsis, que brindan una descripci\u00f3n general completa de la palabra de Dios, y est\u00e1 narrada a un nivel de lectura adecuado para los j\u00f3venes de 8 a 12 a\u00f1os de edad.<\/p>\n<p>Sus historias atraen al lector hacia una mejor comprensi\u00f3n de los mensajes centrales de la Biblia a trav\u00e9s de su narraci\u00f3n fiel de pasajes clave de las Escrituras.<\/p>\n<p>Est\u00e1 acompa\u00f1ado de incre\u00edbles obras de arte con ilustraciones animadas y colores muy vivos que deleitar\u00e1n a sus lectores con im\u00e1genes completamente reales, no caricaturescas.<\/p>\n<p>Los lectores encontrar\u00e1n historias muy significativas y fascinantes que los llevar\u00e1n a conocer m\u00e1s el car\u00e1cter de Dios y Su obra maravillosa a trav\u00e9s de la historia.<\/p>\n<p>&nbsp;<\/p>\n<p><strong>Editorial<\/strong>:CLC<br \/>\n<strong>Idioma<\/strong>: Espa\u00f1ol<br \/>\n<strong>ISBN<\/strong>: 9789585163201<br \/>\n<strong>Dimensiones<\/strong>: 165 x 240 mm<br \/>\n<strong>Cubierta<\/strong>: Tapa Dura<br \/>\n<strong>N\u00famero de p\u00e1ginas<\/strong>: 320<br \/>\n<strong>Fecha de lanzamiento<\/strong>: 12.09.2022<\/p>\n","protected":false},"excerpt":{"rendered":"<p>&nbsp; Edad sugerida:\u00a08 a 12 a\u00f1os La Biblia Junior\u00a0para jovencitos tiene historias desde G\u00e9nesis hasta Apocalipsis, que brindan una descripci\u00f3n general completa de la palabra de Dios, y est\u00e1 narrada a un nivel de lectura adecuado para los j\u00f3venes de 8 a 12 a\u00f1os de edad. Sus historias atraen al lector hacia una mejor comprensi\u00f3n [&hellip;]<\/p>\n","protected":false},"featured_media":3785,"comment_status":"open","ping_status":"closed","template":"","meta":{"om_disable_all_campaigns":false,"_monsterinsights_skip_tracking":false,"_monsterinsights_sitenote_active":false,"_monsterinsights_sitenote_note":"","_monsterinsights_sitenote_category":0,"site-sidebar-layout":"default","site-content-layout":"","ast-site-content-layout":"default","site-content-style":"default","site-sidebar-style":"default","ast-global-header-display":"","ast-banner-title-visibility":"","ast-main-header-display":"","ast-hfb-above-header-display":"","ast-hfb-below-header-display":"","ast-hfb-mobile-header-display":"","site-post-title":"","ast-breadcrumbs-content":"","ast-featured-img":"","footer-sml-layout":"","ast-disable-related-posts":"","theme-transparent-header-meta":"default","adv-header-id-meta":"","stick-header-meta":"","header-above-stick-meta":"","header-main-stick-meta":"","header-below-stick-meta":"","astra-migrate-meta-layouts":"set","ast-page-background-enabled":"default","ast-page-background-meta":{"desktop":{"background-color":"var(--ast-global-color-4)","background-image":"","background-repeat":"repeat","background-position":"center center","background-size":"auto","background-attachment":"scroll","background-type":"","background-media":"","overlay-type":"","overlay-color":"","overlay-opacity":"","overlay-gradient":""},"tablet":{"background-color":"","background-image":"","background-repeat":"repeat","background-position":"center center","background-size":"auto","background-attachment":"scroll","background-type":"","background-media":"","overlay-type":"","overlay-color":"","overlay-opacity":"","overlay-gradient":""},"mobile":{"background-color":"","background-image":"","background-repeat":"repeat","background-position":"center center","background-size":"auto","background-attachment":"scroll","background-type":"","background-media":"","overlay-type":"","overlay-color":"","overlay-opacity":"","overlay-gradient":""}},"ast-content-background-meta":{"desktop":{"background-color":"var(--ast-global-color-5)","background-image":"","background-repeat":"repeat","background-position":"center center","background-size":"auto","background-attachment":"scroll","background-type":"","background-media":"","overlay-type":"","overlay-color":"","overlay-opacity":"","overlay-gradient":""},"tablet":{"background-color":"var(--ast-global-color-5)","background-image":"","background-repeat":"repeat","background-position":"center center","background-size":"auto","background-attachment":"scroll","background-type":"","background-media":"","overlay-type":"","overlay-color":"","overlay-opacity":"","overlay-gradient":""},"mobile":{"background-color":"var(--ast-global-color-5)","background-image":"","background-repeat":"repeat","background-position":"center center","background-size":"auto","background-attachment":"scroll","background-type":"","background-media":"","overlay-type":"","overlay-color":"","overlay-opacity":"","overlay-gradient":""}}},"product_brand":[],"product_cat":[38,25],"product_tag":[224],"class_list":{"0":"post-3783","1":"product","2":"type-product","3":"status-publish","4":"has-post-thumbnail","6":"product_cat-biblias-de-ninos","7":"product_cat-kids","8":"product_tag-adolescentes","9":"desktop-align-left","10":"tablet-align-left","11":"mobile-align-left","13":"first","14":"instock","15":"shipping-taxable","16":"purchasable","17":"product-type-simple"},"yoast_head":"<!-- This site is optimized with the Yoast SEO plugin v27.4 - https:\/\/yoast.com\/product\/yoast-seo-wordpress\/ -->\n<title>La Biblia Junior - Ilustrada y narrada para j\u00f3venes lectores - tzionlibreria.com<\/title>\n<meta name=\"description\" content=\"La Biblia Junior\u00a0para jovencitos tiene historias desde G\u00e9nesis hasta Apocalipsis,narrada para los j\u00f3venes de 8 a 12 a\u00f1os de edad.\" \/>\n<meta name=\"robots\" content=\"index, follow, max-snippet:-1, max-image-preview:large, max-video-preview:-1\" \/>\n<link rel=\"canonical\" href=\"https:\/\/tzionlibreria.com\/index.php\/product\/la-biblia-junior-ilustrada-y-narrada-para-jovenes-lectores\/\" \/>\n<meta property=\"og:locale\" content=\"es_ES\" \/>\n<meta property=\"og:type\" content=\"article\" \/>\n<meta property=\"og:title\" content=\"La Biblia Junior - Ilustrada y narrada para j\u00f3venes lectores - tzionlibreria.com\" \/>\n<meta property=\"og:description\" content=\"La Biblia Junior\u00a0para jovencitos tiene historias desde G\u00e9nesis hasta Apocalipsis,narrada para los j\u00f3venes de 8 a 12 a\u00f1os de edad.\" \/>\n<meta property=\"og:url\" content=\"https:\/\/tzionlibreria.com\/index.php\/product\/la-biblia-junior-ilustrada-y-narrada-para-jovenes-lectores\/\" \/>\n<meta property=\"og:site_name\" content=\"tzionlibreria.com\" \/>\n<meta property=\"article:modified_time\" content=\"2025-11-30T15:55:07+00:00\" \/>\n<meta property=\"og:image\" content=\"http:\/\/tzionlibreria.com\/wp-content\/uploads\/2024\/04\/junior.png\" \/>\n\t<meta property=\"og:image:width\" content=\"1200\" \/>\n\t<meta property=\"og:image:height\" content=\"1200\" \/>\n\t<meta property=\"og:image:type\" content=\"image\/png\" \/>\n<meta name=\"twitter:card\" content=\"summary_large_image\" \/>\n<meta name=\"twitter:label1\" content=\"Tiempo de lectura\" \/>\n\t<meta name=\"twitter:data1\" content=\"1 minuto\" \/>\n<script type=\"application\/ld+json\" class=\"yoast-schema-graph\">{\"@context\":\"https:\\\/\\\/schema.org\",\"@graph\":[{\"@type\":\"WebPage\",\"@id\":\"https:\\\/\\\/tzionlibreria.com\\\/index.php\\\/product\\\/la-biblia-junior-ilustrada-y-narrada-para-jovenes-lectores\\\/\",\"url\":\"https:\\\/\\\/tzionlibreria.com\\\/index.php\\\/product\\\/la-biblia-junior-ilustrada-y-narrada-para-jovenes-lectores\\\/\",\"name\":\"La Biblia Junior - Ilustrada y narrada para j\u00f3venes lectores - tzionlibreria.com\",\"isPartOf\":{\"@id\":\"https:\\\/\\\/tzionlibreria.com\\\/#website\"},\"primaryImageOfPage\":{\"@id\":\"https:\\\/\\\/tzionlibreria.com\\\/index.php\\\/product\\\/la-biblia-junior-ilustrada-y-narrada-para-jovenes-lectores\\\/#primaryimage\"},\"image\":{\"@id\":\"https:\\\/\\\/tzionlibreria.com\\\/index.php\\\/product\\\/la-biblia-junior-ilustrada-y-narrada-para-jovenes-lectores\\\/#primaryimage\"},\"thumbnailUrl\":\"https:\\\/\\\/tzionlibreria.com\\\/wp-content\\\/uploads\\\/2024\\\/04\\\/junior.png\",\"datePublished\":\"2024-04-29T22:19:46+00:00\",\"dateModified\":\"2025-11-30T15:55:07+00:00\",\"description\":\"La Biblia Junior\u00a0para jovencitos tiene historias desde G\u00e9nesis hasta Apocalipsis,narrada para los j\u00f3venes de 8 a 12 a\u00f1os de edad.\",\"breadcrumb\":{\"@id\":\"https:\\\/\\\/tzionlibreria.com\\\/index.php\\\/product\\\/la-biblia-junior-ilustrada-y-narrada-para-jovenes-lectores\\\/#breadcrumb\"},\"inLanguage\":\"es-CO\",\"potentialAction\":[{\"@type\":\"ReadAction\",\"target\":[\"https:\\\/\\\/tzionlibreria.com\\\/index.php\\\/product\\\/la-biblia-junior-ilustrada-y-narrada-para-jovenes-lectores\\\/\"]}]},{\"@type\":\"ImageObject\",\"inLanguage\":\"es-CO\",\"@id\":\"https:\\\/\\\/tzionlibreria.com\\\/index.php\\\/product\\\/la-biblia-junior-ilustrada-y-narrada-para-jovenes-lectores\\\/#primaryimage\",\"url\":\"https:\\\/\\\/tzionlibreria.com\\\/wp-content\\\/uploads\\\/2024\\\/04\\\/junior.png\",\"contentUrl\":\"https:\\\/\\\/tzionlibreria.com\\\/wp-content\\\/uploads\\\/2024\\\/04\\\/junior.png\",\"width\":1200,\"height\":1200},{\"@type\":\"BreadcrumbList\",\"@id\":\"https:\\\/\\\/tzionlibreria.com\\\/index.php\\\/product\\\/la-biblia-junior-ilustrada-y-narrada-para-jovenes-lectores\\\/#breadcrumb\",\"itemListElement\":[{\"@type\":\"ListItem\",\"position\":1,\"name\":\"Inicio\",\"item\":\"https:\\\/\\\/tzionlibreria.com\\\/\"},{\"@type\":\"ListItem\",\"position\":2,\"name\":\"Shop\",\"item\":\"https:\\\/\\\/tzionlibreria.com\\\/index.php\\\/shop\\\/\"},{\"@type\":\"ListItem\",\"position\":3,\"name\":\"La Biblia Junior &#8211; Ilustrada y narrada para j\u00f3venes lectores\"}]},{\"@type\":\"WebSite\",\"@id\":\"https:\\\/\\\/tzionlibreria.com\\\/#website\",\"url\":\"https:\\\/\\\/tzionlibreria.com\\\/\",\"name\":\"tzionlibreria.com\",\"description\":\"Libreria Cristiana Venezuela\",\"publisher\":{\"@id\":\"https:\\\/\\\/tzionlibreria.com\\\/#organization\"},\"potentialAction\":[{\"@type\":\"SearchAction\",\"target\":{\"@type\":\"EntryPoint\",\"urlTemplate\":\"https:\\\/\\\/tzionlibreria.com\\\/?s={search_term_string}\"},\"query-input\":{\"@type\":\"PropertyValueSpecification\",\"valueRequired\":true,\"valueName\":\"search_term_string\"}}],\"inLanguage\":\"es-CO\"},{\"@type\":\"Organization\",\"@id\":\"https:\\\/\\\/tzionlibreria.com\\\/#organization\",\"name\":\"tzionlibreria.com\",\"url\":\"https:\\\/\\\/tzionlibreria.com\\\/\",\"logo\":{\"@type\":\"ImageObject\",\"inLanguage\":\"es-CO\",\"@id\":\"https:\\\/\\\/tzionlibreria.com\\\/#\\\/schema\\\/logo\\\/image\\\/\",\"url\":\"https:\\\/\\\/tzionlibreria.com\\\/wp-content\\\/uploads\\\/2023\\\/10\\\/cropped-Cuadricula-scaled-1.jpg\",\"contentUrl\":\"https:\\\/\\\/tzionlibreria.com\\\/wp-content\\\/uploads\\\/2023\\\/10\\\/cropped-Cuadricula-scaled-1.jpg\",\"width\":2560,\"height\":2560,\"caption\":\"tzionlibreria.com\"},\"image\":{\"@id\":\"https:\\\/\\\/tzionlibreria.com\\\/#\\\/schema\\\/logo\\\/image\\\/\"}}]}<\/script>\n<!-- \/ Yoast SEO plugin. -->","yoast_head_json":{"title":"La Biblia Junior - Ilustrada y narrada para j\u00f3venes lectores - tzionlibreria.com","description":"La Biblia Junior\u00a0para jovencitos tiene historias desde G\u00e9nesis hasta Apocalipsis,narrada para los j\u00f3venes de 8 a 12 a\u00f1os de edad.","robots":{"index":"index","follow":"follow","max-snippet":"max-snippet:-1","max-image-preview":"max-image-preview:large","max-video-preview":"max-video-preview:-1"},"canonical":"https:\/\/tzionlibreria.com\/index.php\/product\/la-biblia-junior-ilustrada-y-narrada-para-jovenes-lectores\/","og_locale":"es_ES","og_type":"article","og_title":"La Biblia Junior - Ilustrada y narrada para j\u00f3venes lectores - tzionlibreria.com","og_description":"La Biblia Junior\u00a0para jovencitos tiene historias desde G\u00e9nesis hasta Apocalipsis,narrada para los j\u00f3venes de 8 a 12 a\u00f1os de edad.","og_url":"https:\/\/tzionlibreria.com\/index.php\/product\/la-biblia-junior-ilustrada-y-narrada-para-jovenes-lectores\/","og_site_name":"tzionlibreria.com","article_modified_time":"2025-11-30T15:55:07+00:00","og_image":[{"width":1200,"height":1200,"url":"http:\/\/tzionlibreria.com\/wp-content\/uploads\/2024\/04\/junior.png","type":"image\/png"}],"twitter_card":"summary_large_image","twitter_misc":{"Tiempo de lectura":"1 minuto"},"schema":{"@context":"https:\/\/schema.org","@graph":[{"@type":"WebPage","@id":"https:\/\/tzionlibreria.com\/index.php\/product\/la-biblia-junior-ilustrada-y-narrada-para-jovenes-lectores\/","url":"https:\/\/tzionlibreria.com\/index.php\/product\/la-biblia-junior-ilustrada-y-narrada-para-jovenes-lectores\/","name":"La Biblia Junior - Ilustrada y narrada para j\u00f3venes lectores - tzionlibreria.com","isPartOf":{"@id":"https:\/\/tzionlibreria.com\/#website"},"primaryImageOfPage":{"@id":"https:\/\/tzionlibreria.com\/index.php\/product\/la-biblia-junior-ilustrada-y-narrada-para-jovenes-lectores\/#primaryimage"},"image":{"@id":"https:\/\/tzionlibreria.com\/index.php\/product\/la-biblia-junior-ilustrada-y-narrada-para-jovenes-lectores\/#primaryimage"},"thumbnailUrl":"https:\/\/tzionlibreria.com\/wp-content\/uploads\/2024\/04\/junior.png","datePublished":"2024-04-29T22:19:46+00:00","dateModified":"2025-11-30T15:55:07+00:00","description":"La Biblia Junior\u00a0para jovencitos tiene historias desde G\u00e9nesis hasta Apocalipsis,narrada para los j\u00f3venes de 8 a 12 a\u00f1os de edad.","breadcrumb":{"@id":"https:\/\/tzionlibreria.com\/index.php\/product\/la-biblia-junior-ilustrada-y-narrada-para-jovenes-lectores\/#breadcrumb"},"inLanguage":"es-CO","potentialAction":[{"@type":"ReadAction","target":["https:\/\/tzionlibreria.com\/index.php\/product\/la-biblia-junior-ilustrada-y-narrada-para-jovenes-lectores\/"]}]},{"@type":"ImageObject","inLanguage":"es-CO","@id":"https:\/\/tzionlibreria.com\/index.php\/product\/la-biblia-junior-ilustrada-y-narrada-para-jovenes-lectores\/#primaryimage","url":"https:\/\/tzionlibreria.com\/wp-content\/uploads\/2024\/04\/junior.png","contentUrl":"https:\/\/tzionlibreria.com\/wp-content\/uploads\/2024\/04\/junior.png","width":1200,"height":1200},{"@type":"BreadcrumbList","@id":"https:\/\/tzionlibreria.com\/index.php\/product\/la-biblia-junior-ilustrada-y-narrada-para-jovenes-lectores\/#breadcrumb","itemListElement":[{"@type":"ListItem","position":1,"name":"Inicio","item":"https:\/\/tzionlibreria.com\/"},{"@type":"ListItem","position":2,"name":"Shop","item":"https:\/\/tzionlibreria.com\/index.php\/shop\/"},{"@type":"ListItem","position":3,"name":"La Biblia Junior &#8211; Ilustrada y narrada para j\u00f3venes lectores"}]},{"@type":"WebSite","@id":"https:\/\/tzionlibreria.com\/#website","url":"https:\/\/tzionlibreria.com\/","name":"tzionlibreria.com","description":"Libreria Cristiana Venezuela","publisher":{"@id":"https:\/\/tzionlibreria.com\/#organization"},"potentialAction":[{"@type":"SearchAction","target":{"@type":"EntryPoint","urlTemplate":"https:\/\/tzionlibreria.com\/?s={search_term_string}"},"query-input":{"@type":"PropertyValueSpecification","valueRequired":true,"valueName":"search_term_string"}}],"inLanguage":"es-CO"},{"@type":"Organization","@id":"https:\/\/tzionlibreria.com\/#organization","name":"tzionlibreria.com","url":"https:\/\/tzionlibreria.com\/","logo":{"@type":"ImageObject","inLanguage":"es-CO","@id":"https:\/\/tzionlibreria.com\/#\/schema\/logo\/image\/","url":"https:\/\/tzionlibreria.com\/wp-content\/uploads\/2023\/10\/cropped-Cuadricula-scaled-1.jpg","contentUrl":"https:\/\/tzionlibreria.com\/wp-content\/uploads\/2023\/10\/cropped-Cuadricula-scaled-1.jpg","width":2560,"height":2560,"caption":"tzionlibreria.com"},"image":{"@id":"https:\/\/tzionlibreria.com\/#\/schema\/logo\/image\/"}}]}},"jetpack_sharing_enabled":true,"_links":{"self":[{"href":"https:\/\/tzionlibreria.com\/index.php\/wp-json\/wp\/v2\/product\/3783","targetHints":{"allow":["GET"]}}],"collection":[{"href":"https:\/\/tzionlibreria.com\/index.php\/wp-json\/wp\/v2\/product"}],"about":[{"href":"https:\/\/tzionlibreria.com\/index.php\/wp-json\/wp\/v2\/types\/product"}],"replies":[{"embeddable":true,"href":"https:\/\/tzionlibreria.com\/index.php\/wp-json\/wp\/v2\/comments?post=3783"}],"wp:featuredmedia":[{"embeddable":true,"href":"https:\/\/tzionlibreria.com\/index.php\/wp-json\/wp\/v2\/media\/3785"}],"wp:attachment":[{"href":"https:\/\/tzionlibreria.com\/index.php\/wp-json\/wp\/v2\/media?parent=3783"}],"wp:term":[{"taxonomy":"product_brand","embeddable":true,"href":"https:\/\/tzionlibreria.com\/index.php\/wp-json\/wp\/v2\/product_brand?post=3783"},{"taxonomy":"product_cat","embeddable":true,"href":"https:\/\/tzionlibreria.com\/index.php\/wp-json\/wp\/v2\/product_cat?post=3783"},{"taxonomy":"product_tag","embeddable":true,"href":"https:\/\/tzionlibreria.com\/index.php\/wp-json\/wp\/v2\/product_tag?post=3783"}],"curies":[{"name":"wp","href":"https:\/\/api.w.org\/{rel}","templated":true}]}}