{"id":3863,"date":"2024-06-21T16:05:27","date_gmt":"2024-06-21T16:05:27","guid":{"rendered":"https:\/\/tzionlibreria.com\/?post_type=product&#038;p=3863"},"modified":"2025-01-16T00:03:35","modified_gmt":"2025-01-16T00:03:35","slug":"biblia-para-la-predicacion-reina-valera-1960","status":"publish","type":"product","link":"https:\/\/tzionlibreria.com\/index.php\/product\/biblia-para-la-predicacion-reina-valera-1960\/","title":{"rendered":"Biblia para la Predicaci\u00f3n Reina Valera 1960"},"content":{"rendered":"<div class=\"ast-oembed-container \" style=\"height: 100%;\"><iframe title=\"Biblia para la Predicaci\u00f3n Caf\u00e9 - Reina Valera 1960\" width=\"500\" height=\"281\" src=\"https:\/\/www.youtube.com\/embed\/IonL681Z9aA?feature=oembed\" frameborder=\"0\" allow=\"accelerometer; autoplay; clipboard-write; encrypted-media; gyroscope; picture-in-picture; web-share\" referrerpolicy=\"strict-origin-when-cross-origin\" allowfullscreen><\/iframe><\/div>\n<p>&nbsp;<\/p>\n<div><\/div>\n<div><strong>Caracter\u00edsticas:\u00a0 <\/strong>Cada libro b\u00edblico comienza con una breve rese\u00f1a y estructura de su contenido y presenta un recuadro con \u00abtemas sugeridos para la predicaci\u00f3n\u00bb; destacando los temas\u00a0principales\u00a0 para\u00a0la predicaci\u00f3n en cada libro.Contiene art\u00edculos sobre la predicaci\u00f3n b\u00edblica, colocados en el Antiguo Testamento\u00a0y Nuevo\u00a0Testamento.El Manual de homil\u00e9tica b\u00e1sica incluido constituye una herramienta valiosa para\u00a0todo aquel\u00a0que quiere profundizar en el arte de la preparaci\u00f3n de sermones, con\u00a0numerosos temas\u00a0clave y ejercicios tales como:<\/div>\n<div><\/div>\n<div>\n<ul>\n<li>Predicaci\u00f3n y homil\u00e9tica El estudio del texto b\u00edblico: explicaci\u00f3n y contextualizaci\u00f3n<\/li>\n<li>La interpretaci\u00f3n del texto\u00a0b\u00edblico Los\u00a0rudimentos de la\u00a0predicaci\u00f3n Consejos\u00a0para la redacci\u00f3n del serm\u00f3n<\/li>\n<li>Los cuatros tipos b\u00e1sicos de\u00a0serm\u00f3n<\/li>\n<li>Preguntas\u00a0para evaluar el contenido del\u00a0serm\u00f3n<\/li>\n<li>C\u00f3mo\u00a0planificar la\u00a0predicaci\u00f3n Modelos\u00a0de sermones, \u00fatiles para 120 textos b\u00edblicos esenciales.<\/li>\n<li>M\u00e1s de 1500 recuadros con bosquejos de sermones, ubicados al lado del texto b\u00edblico correspondiente\u00a0y un art\u00edculo explicativo para saber c\u00f3mo usarlos.<\/li>\n<li>Ejemplos de bosquejos de sermones homil\u00e9ticos, tales como: expositivo narrativo,tem\u00e1tico-doctrinal, de ocasiones especiales, y otros.Glosario b\u00e1sico de homil\u00e9tica y predicaci\u00f3n.<\/li>\n<li>Art\u00edculos esenciales con explicaci\u00f3n detallada para saber c\u00f3mo predicar los\u00a0diferentes g\u00e9neros\u00a0de sermones, tales como: las narrativas del Antiguo Testamento; los salmos y\u00a0la poes\u00eda\u00a0hebrea; los textos prof\u00e9ticos; las historias de milagros; la narrativa de la Pasi\u00f3n, y otros.<\/li>\n<li>Consejos pr\u00e1cticos sobre la predicaci\u00f3n en la iglesia hispanoamericana, ubicado al inicio de la Biblia.<\/li>\n<\/ul>\n<\/div>\n<p>&nbsp;<\/p>\n<p><strong>ISBN<\/strong>: 9781598774450<br \/>\n<strong>Editorial<\/strong>: Sociedad B\u00edblica<br \/>\n<strong>Cubierta<\/strong>:Imitaci\u00f3n Piel<br \/>\n<strong>N\u00famero de p\u00e1ginas<\/strong>: 1358<\/p>\n","protected":false},"excerpt":{"rendered":"<p>&nbsp; Caracter\u00edsticas:\u00a0 Cada libro b\u00edblico comienza con una breve rese\u00f1a y estructura de su contenido y presenta un recuadro con \u00abtemas sugeridos para la predicaci\u00f3n\u00bb; destacando los temas\u00a0principales\u00a0 para\u00a0la predicaci\u00f3n en cada libro.Contiene art\u00edculos sobre la predicaci\u00f3n b\u00edblica, colocados en el Antiguo Testamento\u00a0y Nuevo\u00a0Testamento.El Manual de homil\u00e9tica b\u00e1sica incluido constituye una herramienta valiosa para\u00a0todo aquel\u00a0que [&hellip;]<\/p>\n","protected":false},"featured_media":3864,"comment_status":"open","ping_status":"closed","template":"","meta":{"om_disable_all_campaigns":false,"_monsterinsights_skip_tracking":false,"_monsterinsights_sitenote_active":false,"_monsterinsights_sitenote_note":"","_monsterinsights_sitenote_category":0,"site-sidebar-layout":"default","site-content-layout":"","ast-site-content-layout":"default","site-content-style":"default","site-sidebar-style":"default","ast-global-header-display":"","ast-banner-title-visibility":"","ast-main-header-display":"","ast-hfb-above-header-display":"","ast-hfb-below-header-display":"","ast-hfb-mobile-header-display":"","site-post-title":"","ast-breadcrumbs-content":"","ast-featured-img":"","footer-sml-layout":"","ast-disable-related-posts":"","theme-transparent-header-meta":"default","adv-header-id-meta":"","stick-header-meta":"","header-above-stick-meta":"","header-main-stick-meta":"","header-below-stick-meta":"","astra-migrate-meta-layouts":"set","ast-page-background-enabled":"default","ast-page-background-meta":{"desktop":{"background-color":"var(--ast-global-color-4)","background-image":"","background-repeat":"repeat","background-position":"center center","background-size":"auto","background-attachment":"scroll","background-type":"","background-media":"","overlay-type":"","overlay-color":"","overlay-opacity":"","overlay-gradient":""},"tablet":{"background-color":"","background-image":"","background-repeat":"repeat","background-position":"center center","background-size":"auto","background-attachment":"scroll","background-type":"","background-media":"","overlay-type":"","overlay-color":"","overlay-opacity":"","overlay-gradient":""},"mobile":{"background-color":"","background-image":"","background-repeat":"repeat","background-position":"center center","background-size":"auto","background-attachment":"scroll","background-type":"","background-media":"","overlay-type":"","overlay-color":"","overlay-opacity":"","overlay-gradient":""}},"ast-content-background-meta":{"desktop":{"background-color":"var(--ast-global-color-5)","background-image":"","background-repeat":"repeat","background-position":"center center","background-size":"auto","background-attachment":"scroll","background-type":"","background-media":"","overlay-type":"","overlay-color":"","overlay-opacity":"","overlay-gradient":""},"tablet":{"background-color":"var(--ast-global-color-5)","background-image":"","background-repeat":"repeat","background-position":"center center","background-size":"auto","background-attachment":"scroll","background-type":"","background-media":"","overlay-type":"","overlay-color":"","overlay-opacity":"","overlay-gradient":""},"mobile":{"background-color":"var(--ast-global-color-5)","background-image":"","background-repeat":"repeat","background-position":"center center","background-size":"auto","background-attachment":"scroll","background-type":"","background-media":"","overlay-type":"","overlay-color":"","overlay-opacity":"","overlay-gradient":""}}},"product_brand":[],"product_cat":[22,42],"product_tag":[95],"class_list":{"0":"post-3863","1":"product","2":"type-product","3":"status-publish","4":"has-post-thumbnail","6":"product_cat-biblias","7":"product_cat-biblias-reina-valera","8":"product_tag-predicacion","9":"desktop-align-left","10":"tablet-align-left","11":"mobile-align-left","13":"first","14":"outofstock","15":"shipping-taxable","16":"purchasable","17":"product-type-simple"},"yoast_head":"<!-- This site is optimized with the Yoast SEO plugin v27.4 - https:\/\/yoast.com\/product\/yoast-seo-wordpress\/ -->\n<title>Biblia para la Predicaci\u00f3n Reina Valera 1960 - tzionlibreria.com<\/title>\n<meta name=\"description\" content=\"Cada libro b\u00edblico comienza con una breve rese\u00f1a y estructura de su contenido con \u00abtemas sugeridos para la predicaci\u00f3n\u00bbcon manual de homil\u00e9tica b\u00e1sica.\" \/>\n<meta name=\"robots\" content=\"index, follow, max-snippet:-1, max-image-preview:large, max-video-preview:-1\" \/>\n<link rel=\"canonical\" href=\"https:\/\/tzionlibreria.com\/index.php\/product\/biblia-para-la-predicacion-reina-valera-1960\/\" \/>\n<meta property=\"og:locale\" content=\"es_ES\" \/>\n<meta property=\"og:type\" content=\"article\" \/>\n<meta property=\"og:title\" content=\"Biblia para la Predicaci\u00f3n Reina Valera 1960 - tzionlibreria.com\" \/>\n<meta property=\"og:description\" content=\"Cada libro b\u00edblico comienza con una breve rese\u00f1a y estructura de su contenido con \u00abtemas sugeridos para la predicaci\u00f3n\u00bbcon manual de homil\u00e9tica b\u00e1sica.\" \/>\n<meta property=\"og:url\" content=\"https:\/\/tzionlibreria.com\/index.php\/product\/biblia-para-la-predicacion-reina-valera-1960\/\" \/>\n<meta property=\"og:site_name\" content=\"tzionlibreria.com\" \/>\n<meta property=\"article:modified_time\" content=\"2025-01-16T00:03:35+00:00\" \/>\n<meta property=\"og:image\" content=\"http:\/\/tzionlibreria.com\/wp-content\/uploads\/2024\/06\/biblia-de-la-predicacion-.png\" \/>\n\t<meta property=\"og:image:width\" content=\"1200\" \/>\n\t<meta property=\"og:image:height\" content=\"1200\" \/>\n\t<meta property=\"og:image:type\" content=\"image\/png\" \/>\n<meta name=\"twitter:card\" content=\"summary_large_image\" \/>\n<meta name=\"twitter:label1\" content=\"Tiempo de lectura\" \/>\n\t<meta name=\"twitter:data1\" content=\"2 minutos\" \/>\n<script type=\"application\/ld+json\" class=\"yoast-schema-graph\">{\"@context\":\"https:\\\/\\\/schema.org\",\"@graph\":[{\"@type\":\"WebPage\",\"@id\":\"https:\\\/\\\/tzionlibreria.com\\\/index.php\\\/product\\\/biblia-para-la-predicacion-reina-valera-1960\\\/\",\"url\":\"https:\\\/\\\/tzionlibreria.com\\\/index.php\\\/product\\\/biblia-para-la-predicacion-reina-valera-1960\\\/\",\"name\":\"Biblia para la Predicaci\u00f3n Reina Valera 1960 - tzionlibreria.com\",\"isPartOf\":{\"@id\":\"https:\\\/\\\/tzionlibreria.com\\\/#website\"},\"primaryImageOfPage\":{\"@id\":\"https:\\\/\\\/tzionlibreria.com\\\/index.php\\\/product\\\/biblia-para-la-predicacion-reina-valera-1960\\\/#primaryimage\"},\"image\":{\"@id\":\"https:\\\/\\\/tzionlibreria.com\\\/index.php\\\/product\\\/biblia-para-la-predicacion-reina-valera-1960\\\/#primaryimage\"},\"thumbnailUrl\":\"https:\\\/\\\/tzionlibreria.com\\\/wp-content\\\/uploads\\\/2024\\\/06\\\/biblia-de-la-predicacion-.png\",\"datePublished\":\"2024-06-21T16:05:27+00:00\",\"dateModified\":\"2025-01-16T00:03:35+00:00\",\"description\":\"Cada libro b\u00edblico comienza con una breve rese\u00f1a y estructura de su contenido con \u00abtemas sugeridos para la predicaci\u00f3n\u00bbcon manual de homil\u00e9tica b\u00e1sica.\",\"breadcrumb\":{\"@id\":\"https:\\\/\\\/tzionlibreria.com\\\/index.php\\\/product\\\/biblia-para-la-predicacion-reina-valera-1960\\\/#breadcrumb\"},\"inLanguage\":\"es-CO\",\"potentialAction\":[{\"@type\":\"ReadAction\",\"target\":[\"https:\\\/\\\/tzionlibreria.com\\\/index.php\\\/product\\\/biblia-para-la-predicacion-reina-valera-1960\\\/\"]}]},{\"@type\":\"ImageObject\",\"inLanguage\":\"es-CO\",\"@id\":\"https:\\\/\\\/tzionlibreria.com\\\/index.php\\\/product\\\/biblia-para-la-predicacion-reina-valera-1960\\\/#primaryimage\",\"url\":\"https:\\\/\\\/tzionlibreria.com\\\/wp-content\\\/uploads\\\/2024\\\/06\\\/biblia-de-la-predicacion-.png\",\"contentUrl\":\"https:\\\/\\\/tzionlibreria.com\\\/wp-content\\\/uploads\\\/2024\\\/06\\\/biblia-de-la-predicacion-.png\",\"width\":1200,\"height\":1200},{\"@type\":\"BreadcrumbList\",\"@id\":\"https:\\\/\\\/tzionlibreria.com\\\/index.php\\\/product\\\/biblia-para-la-predicacion-reina-valera-1960\\\/#breadcrumb\",\"itemListElement\":[{\"@type\":\"ListItem\",\"position\":1,\"name\":\"Inicio\",\"item\":\"https:\\\/\\\/tzionlibreria.com\\\/\"},{\"@type\":\"ListItem\",\"position\":2,\"name\":\"Shop\",\"item\":\"https:\\\/\\\/tzionlibreria.com\\\/index.php\\\/shop\\\/\"},{\"@type\":\"ListItem\",\"position\":3,\"name\":\"Biblia para la Predicaci\u00f3n Reina Valera 1960\"}]},{\"@type\":\"WebSite\",\"@id\":\"https:\\\/\\\/tzionlibreria.com\\\/#website\",\"url\":\"https:\\\/\\\/tzionlibreria.com\\\/\",\"name\":\"tzionlibreria.com\",\"description\":\"Libreria Cristiana Venezuela\",\"publisher\":{\"@id\":\"https:\\\/\\\/tzionlibreria.com\\\/#organization\"},\"potentialAction\":[{\"@type\":\"SearchAction\",\"target\":{\"@type\":\"EntryPoint\",\"urlTemplate\":\"https:\\\/\\\/tzionlibreria.com\\\/?s={search_term_string}\"},\"query-input\":{\"@type\":\"PropertyValueSpecification\",\"valueRequired\":true,\"valueName\":\"search_term_string\"}}],\"inLanguage\":\"es-CO\"},{\"@type\":\"Organization\",\"@id\":\"https:\\\/\\\/tzionlibreria.com\\\/#organization\",\"name\":\"tzionlibreria.com\",\"url\":\"https:\\\/\\\/tzionlibreria.com\\\/\",\"logo\":{\"@type\":\"ImageObject\",\"inLanguage\":\"es-CO\",\"@id\":\"https:\\\/\\\/tzionlibreria.com\\\/#\\\/schema\\\/logo\\\/image\\\/\",\"url\":\"https:\\\/\\\/tzionlibreria.com\\\/wp-content\\\/uploads\\\/2023\\\/10\\\/cropped-Cuadricula-scaled-1.jpg\",\"contentUrl\":\"https:\\\/\\\/tzionlibreria.com\\\/wp-content\\\/uploads\\\/2023\\\/10\\\/cropped-Cuadricula-scaled-1.jpg\",\"width\":2560,\"height\":2560,\"caption\":\"tzionlibreria.com\"},\"image\":{\"@id\":\"https:\\\/\\\/tzionlibreria.com\\\/#\\\/schema\\\/logo\\\/image\\\/\"}}]}<\/script>\n<!-- \/ Yoast SEO plugin. -->","yoast_head_json":{"title":"Biblia para la Predicaci\u00f3n Reina Valera 1960 - tzionlibreria.com","description":"Cada libro b\u00edblico comienza con una breve rese\u00f1a y estructura de su contenido con \u00abtemas sugeridos para la predicaci\u00f3n\u00bbcon manual de homil\u00e9tica b\u00e1sica.","robots":{"index":"index","follow":"follow","max-snippet":"max-snippet:-1","max-image-preview":"max-image-preview:large","max-video-preview":"max-video-preview:-1"},"canonical":"https:\/\/tzionlibreria.com\/index.php\/product\/biblia-para-la-predicacion-reina-valera-1960\/","og_locale":"es_ES","og_type":"article","og_title":"Biblia para la Predicaci\u00f3n Reina Valera 1960 - tzionlibreria.com","og_description":"Cada libro b\u00edblico comienza con una breve rese\u00f1a y estructura de su contenido con \u00abtemas sugeridos para la predicaci\u00f3n\u00bbcon manual de homil\u00e9tica b\u00e1sica.","og_url":"https:\/\/tzionlibreria.com\/index.php\/product\/biblia-para-la-predicacion-reina-valera-1960\/","og_site_name":"tzionlibreria.com","article_modified_time":"2025-01-16T00:03:35+00:00","og_image":[{"width":1200,"height":1200,"url":"http:\/\/tzionlibreria.com\/wp-content\/uploads\/2024\/06\/biblia-de-la-predicacion-.png","type":"image\/png"}],"twitter_card":"summary_large_image","twitter_misc":{"Tiempo de lectura":"2 minutos"},"schema":{"@context":"https:\/\/schema.org","@graph":[{"@type":"WebPage","@id":"https:\/\/tzionlibreria.com\/index.php\/product\/biblia-para-la-predicacion-reina-valera-1960\/","url":"https:\/\/tzionlibreria.com\/index.php\/product\/biblia-para-la-predicacion-reina-valera-1960\/","name":"Biblia para la Predicaci\u00f3n Reina Valera 1960 - tzionlibreria.com","isPartOf":{"@id":"https:\/\/tzionlibreria.com\/#website"},"primaryImageOfPage":{"@id":"https:\/\/tzionlibreria.com\/index.php\/product\/biblia-para-la-predicacion-reina-valera-1960\/#primaryimage"},"image":{"@id":"https:\/\/tzionlibreria.com\/index.php\/product\/biblia-para-la-predicacion-reina-valera-1960\/#primaryimage"},"thumbnailUrl":"https:\/\/tzionlibreria.com\/wp-content\/uploads\/2024\/06\/biblia-de-la-predicacion-.png","datePublished":"2024-06-21T16:05:27+00:00","dateModified":"2025-01-16T00:03:35+00:00","description":"Cada libro b\u00edblico comienza con una breve rese\u00f1a y estructura de su contenido con \u00abtemas sugeridos para la predicaci\u00f3n\u00bbcon manual de homil\u00e9tica b\u00e1sica.","breadcrumb":{"@id":"https:\/\/tzionlibreria.com\/index.php\/product\/biblia-para-la-predicacion-reina-valera-1960\/#breadcrumb"},"inLanguage":"es-CO","potentialAction":[{"@type":"ReadAction","target":["https:\/\/tzionlibreria.com\/index.php\/product\/biblia-para-la-predicacion-reina-valera-1960\/"]}]},{"@type":"ImageObject","inLanguage":"es-CO","@id":"https:\/\/tzionlibreria.com\/index.php\/product\/biblia-para-la-predicacion-reina-valera-1960\/#primaryimage","url":"https:\/\/tzionlibreria.com\/wp-content\/uploads\/2024\/06\/biblia-de-la-predicacion-.png","contentUrl":"https:\/\/tzionlibreria.com\/wp-content\/uploads\/2024\/06\/biblia-de-la-predicacion-.png","width":1200,"height":1200},{"@type":"BreadcrumbList","@id":"https:\/\/tzionlibreria.com\/index.php\/product\/biblia-para-la-predicacion-reina-valera-1960\/#breadcrumb","itemListElement":[{"@type":"ListItem","position":1,"name":"Inicio","item":"https:\/\/tzionlibreria.com\/"},{"@type":"ListItem","position":2,"name":"Shop","item":"https:\/\/tzionlibreria.com\/index.php\/shop\/"},{"@type":"ListItem","position":3,"name":"Biblia para la Predicaci\u00f3n Reina Valera 1960"}]},{"@type":"WebSite","@id":"https:\/\/tzionlibreria.com\/#website","url":"https:\/\/tzionlibreria.com\/","name":"tzionlibreria.com","description":"Libreria Cristiana Venezuela","publisher":{"@id":"https:\/\/tzionlibreria.com\/#organization"},"potentialAction":[{"@type":"SearchAction","target":{"@type":"EntryPoint","urlTemplate":"https:\/\/tzionlibreria.com\/?s={search_term_string}"},"query-input":{"@type":"PropertyValueSpecification","valueRequired":true,"valueName":"search_term_string"}}],"inLanguage":"es-CO"},{"@type":"Organization","@id":"https:\/\/tzionlibreria.com\/#organization","name":"tzionlibreria.com","url":"https:\/\/tzionlibreria.com\/","logo":{"@type":"ImageObject","inLanguage":"es-CO","@id":"https:\/\/tzionlibreria.com\/#\/schema\/logo\/image\/","url":"https:\/\/tzionlibreria.com\/wp-content\/uploads\/2023\/10\/cropped-Cuadricula-scaled-1.jpg","contentUrl":"https:\/\/tzionlibreria.com\/wp-content\/uploads\/2023\/10\/cropped-Cuadricula-scaled-1.jpg","width":2560,"height":2560,"caption":"tzionlibreria.com"},"image":{"@id":"https:\/\/tzionlibreria.com\/#\/schema\/logo\/image\/"}}]}},"jetpack_sharing_enabled":true,"_links":{"self":[{"href":"https:\/\/tzionlibreria.com\/index.php\/wp-json\/wp\/v2\/product\/3863","targetHints":{"allow":["GET"]}}],"collection":[{"href":"https:\/\/tzionlibreria.com\/index.php\/wp-json\/wp\/v2\/product"}],"about":[{"href":"https:\/\/tzionlibreria.com\/index.php\/wp-json\/wp\/v2\/types\/product"}],"replies":[{"embeddable":true,"href":"https:\/\/tzionlibreria.com\/index.php\/wp-json\/wp\/v2\/comments?post=3863"}],"wp:featuredmedia":[{"embeddable":true,"href":"https:\/\/tzionlibreria.com\/index.php\/wp-json\/wp\/v2\/media\/3864"}],"wp:attachment":[{"href":"https:\/\/tzionlibreria.com\/index.php\/wp-json\/wp\/v2\/media?parent=3863"}],"wp:term":[{"taxonomy":"product_brand","embeddable":true,"href":"https:\/\/tzionlibreria.com\/index.php\/wp-json\/wp\/v2\/product_brand?post=3863"},{"taxonomy":"product_cat","embeddable":true,"href":"https:\/\/tzionlibreria.com\/index.php\/wp-json\/wp\/v2\/product_cat?post=3863"},{"taxonomy":"product_tag","embeddable":true,"href":"https:\/\/tzionlibreria.com\/index.php\/wp-json\/wp\/v2\/product_tag?post=3863"}],"curies":[{"name":"wp","href":"https:\/\/api.w.org\/{rel}","templated":true}]}}