{"id":3895,"date":"2024-07-07T18:23:52","date_gmt":"2024-07-07T18:23:52","guid":{"rendered":"https:\/\/tzionlibreria.com\/?post_type=product&#038;p=3895"},"modified":"2025-06-03T23:07:31","modified_gmt":"2025-06-03T23:07:31","slug":"biblia-rvr-1960-letra-gigante-covertex-vinotinto-concordancia","status":"publish","type":"product","link":"https:\/\/tzionlibreria.com\/index.php\/product\/biblia-rvr-1960-letra-gigante-covertex-vinotinto-concordancia\/","title":{"rendered":"Biblia Letra Gigante 16 puntos Reina Valera 1960 Marr\u00f3n"},"content":{"rendered":"<div class=\"descrip2\">\n<p>Esta Biblia grande letra gigante 14 puntos te permite una lectura \u00e1gil y c\u00f3moda ya que su letra es m\u00e1s grande comparada con otras Biblias de su tama\u00f1o (siendo \u00fanica en el mercado con esas caracter\u00edsticas). Palabras de Jes\u00fas resaltadas en rojo lo que te permitir\u00e1 encontrar r\u00e1pidamente sus ense\u00f1anzas en el nuevo testamento, dise\u00f1ada en tapa flexible color negro y filo pintado con \u00edndice en la versi\u00f3n tradicional de siempre Reina Valera 1960. Sin duda disfrutaras tu lectura diaria.<\/p>\n<p>&nbsp;<\/p>\n<ul>\n<li>ISBN: 7899938421857<\/li>\n<li>Tapa Sint\u00e9tico<\/li>\n<li>Borde pintado<\/li>\n<li>Editorial: Sociedades B\u00edblicas<\/li>\n<li>Idioma: Espa\u00f1ol P\u00e1ginas: 1450<\/li>\n<li>Dimensiones: 20,5 \u00d7 14,5 \u00d7 4 cm<\/li>\n<\/ul>\n<\/div>\n<p>&nbsp;<\/p>\n<div class=\"descrip1\"><\/div>\n","protected":false},"excerpt":{"rendered":"<p>Esta Biblia grande letra gigante 14 puntos te permite una lectura \u00e1gil y c\u00f3moda ya que su letra es m\u00e1s grande comparada con otras Biblias de su tama\u00f1o (siendo \u00fanica en el mercado con esas caracter\u00edsticas). Palabras de Jes\u00fas resaltadas en rojo lo que te permitir\u00e1 encontrar r\u00e1pidamente sus ense\u00f1anzas en el nuevo testamento, dise\u00f1ada [&hellip;]<\/p>\n","protected":false},"featured_media":3898,"comment_status":"open","ping_status":"closed","template":"","meta":{"om_disable_all_campaigns":false,"_monsterinsights_skip_tracking":false,"_monsterinsights_sitenote_active":false,"_monsterinsights_sitenote_note":"","_monsterinsights_sitenote_category":0,"site-sidebar-layout":"default","site-content-layout":"","ast-site-content-layout":"default","site-content-style":"default","site-sidebar-style":"default","ast-global-header-display":"","ast-banner-title-visibility":"","ast-main-header-display":"","ast-hfb-above-header-display":"","ast-hfb-below-header-display":"","ast-hfb-mobile-header-display":"","site-post-title":"","ast-breadcrumbs-content":"","ast-featured-img":"","footer-sml-layout":"","ast-disable-related-posts":"","theme-transparent-header-meta":"default","adv-header-id-meta":"","stick-header-meta":"","header-above-stick-meta":"","header-main-stick-meta":"","header-below-stick-meta":"","astra-migrate-meta-layouts":"set","ast-page-background-enabled":"default","ast-page-background-meta":{"desktop":{"background-color":"var(--ast-global-color-4)","background-image":"","background-repeat":"repeat","background-position":"center center","background-size":"auto","background-attachment":"scroll","background-type":"","background-media":"","overlay-type":"","overlay-color":"","overlay-opacity":"","overlay-gradient":""},"tablet":{"background-color":"","background-image":"","background-repeat":"repeat","background-position":"center center","background-size":"auto","background-attachment":"scroll","background-type":"","background-media":"","overlay-type":"","overlay-color":"","overlay-opacity":"","overlay-gradient":""},"mobile":{"background-color":"","background-image":"","background-repeat":"repeat","background-position":"center center","background-size":"auto","background-attachment":"scroll","background-type":"","background-media":"","overlay-type":"","overlay-color":"","overlay-opacity":"","overlay-gradient":""}},"ast-content-background-meta":{"desktop":{"background-color":"var(--ast-global-color-5)","background-image":"","background-repeat":"repeat","background-position":"center center","background-size":"auto","background-attachment":"scroll","background-type":"","background-media":"","overlay-type":"","overlay-color":"","overlay-opacity":"","overlay-gradient":""},"tablet":{"background-color":"var(--ast-global-color-5)","background-image":"","background-repeat":"repeat","background-position":"center center","background-size":"auto","background-attachment":"scroll","background-type":"","background-media":"","overlay-type":"","overlay-color":"","overlay-opacity":"","overlay-gradient":""},"mobile":{"background-color":"var(--ast-global-color-5)","background-image":"","background-repeat":"repeat","background-position":"center center","background-size":"auto","background-attachment":"scroll","background-type":"","background-media":"","overlay-type":"","overlay-color":"","overlay-opacity":"","overlay-gradient":""}}},"product_brand":[],"product_cat":[22,42,179],"product_tag":[275],"class_list":{"0":"post-3895","1":"product","2":"type-product","3":"status-publish","4":"has-post-thumbnail","6":"product_cat-biblias","7":"product_cat-biblias-reina-valera","8":"product_cat-letra-gigante-rvr","9":"product_tag-lg","10":"desktop-align-left","11":"tablet-align-left","12":"mobile-align-left","14":"first","15":"instock","16":"shipping-taxable","17":"purchasable","18":"product-type-simple"},"yoast_head":"<!-- This site is optimized with the Yoast SEO plugin v27.4 - https:\/\/yoast.com\/product\/yoast-seo-wordpress\/ -->\n<title>Biblia Letra Gigante 16 puntos Reina Valera 1960 Marr\u00f3n - tzionlibreria.com<\/title>\n<meta name=\"description\" content=\"Esta Biblia grande letra gigante 14 puntos te permite una lectura \u00e1gil y c\u00f3moda ya que su letra es m\u00e1s grande comparada con otras Biblias de su tama\u00f1o.\" \/>\n<meta name=\"robots\" content=\"index, follow, max-snippet:-1, max-image-preview:large, max-video-preview:-1\" \/>\n<link rel=\"canonical\" href=\"https:\/\/tzionlibreria.com\/index.php\/product\/biblia-rvr-1960-letra-gigante-covertex-vinotinto-concordancia\/\" \/>\n<meta property=\"og:locale\" content=\"es_ES\" \/>\n<meta property=\"og:type\" content=\"article\" \/>\n<meta property=\"og:title\" content=\"Biblia Letra Gigante 16 puntos Reina Valera 1960 Marr\u00f3n - tzionlibreria.com\" \/>\n<meta property=\"og:description\" content=\"Esta Biblia grande letra gigante 14 puntos te permite una lectura \u00e1gil y c\u00f3moda ya que su letra es m\u00e1s grande comparada con otras Biblias de su tama\u00f1o.\" \/>\n<meta property=\"og:url\" content=\"https:\/\/tzionlibreria.com\/index.php\/product\/biblia-rvr-1960-letra-gigante-covertex-vinotinto-concordancia\/\" \/>\n<meta property=\"og:site_name\" content=\"tzionlibreria.com\" \/>\n<meta property=\"article:modified_time\" content=\"2025-06-03T23:07:31+00:00\" \/>\n<meta property=\"og:image\" content=\"http:\/\/tzionlibreria.com\/wp-content\/uploads\/2024\/07\/7899938421857.jpg\" \/>\n\t<meta property=\"og:image:width\" content=\"1200\" \/>\n\t<meta property=\"og:image:height\" content=\"1200\" \/>\n\t<meta property=\"og:image:type\" content=\"image\/jpeg\" \/>\n<meta name=\"twitter:card\" content=\"summary_large_image\" \/>\n<meta name=\"twitter:label1\" content=\"Tiempo de lectura\" \/>\n\t<meta name=\"twitter:data1\" content=\"1 minuto\" \/>\n<script type=\"application\/ld+json\" class=\"yoast-schema-graph\">{\"@context\":\"https:\\\/\\\/schema.org\",\"@graph\":[{\"@type\":\"WebPage\",\"@id\":\"https:\\\/\\\/tzionlibreria.com\\\/index.php\\\/product\\\/biblia-rvr-1960-letra-gigante-covertex-vinotinto-concordancia\\\/\",\"url\":\"https:\\\/\\\/tzionlibreria.com\\\/index.php\\\/product\\\/biblia-rvr-1960-letra-gigante-covertex-vinotinto-concordancia\\\/\",\"name\":\"Biblia Letra Gigante 16 puntos Reina Valera 1960 Marr\u00f3n - tzionlibreria.com\",\"isPartOf\":{\"@id\":\"https:\\\/\\\/tzionlibreria.com\\\/#website\"},\"primaryImageOfPage\":{\"@id\":\"https:\\\/\\\/tzionlibreria.com\\\/index.php\\\/product\\\/biblia-rvr-1960-letra-gigante-covertex-vinotinto-concordancia\\\/#primaryimage\"},\"image\":{\"@id\":\"https:\\\/\\\/tzionlibreria.com\\\/index.php\\\/product\\\/biblia-rvr-1960-letra-gigante-covertex-vinotinto-concordancia\\\/#primaryimage\"},\"thumbnailUrl\":\"https:\\\/\\\/tzionlibreria.com\\\/wp-content\\\/uploads\\\/2024\\\/07\\\/7899938421857.jpg\",\"datePublished\":\"2024-07-07T18:23:52+00:00\",\"dateModified\":\"2025-06-03T23:07:31+00:00\",\"description\":\"Esta Biblia grande letra gigante 14 puntos te permite una lectura \u00e1gil y c\u00f3moda ya que su letra es m\u00e1s grande comparada con otras Biblias de su tama\u00f1o.\",\"breadcrumb\":{\"@id\":\"https:\\\/\\\/tzionlibreria.com\\\/index.php\\\/product\\\/biblia-rvr-1960-letra-gigante-covertex-vinotinto-concordancia\\\/#breadcrumb\"},\"inLanguage\":\"es-CO\",\"potentialAction\":[{\"@type\":\"ReadAction\",\"target\":[\"https:\\\/\\\/tzionlibreria.com\\\/index.php\\\/product\\\/biblia-rvr-1960-letra-gigante-covertex-vinotinto-concordancia\\\/\"]}]},{\"@type\":\"ImageObject\",\"inLanguage\":\"es-CO\",\"@id\":\"https:\\\/\\\/tzionlibreria.com\\\/index.php\\\/product\\\/biblia-rvr-1960-letra-gigante-covertex-vinotinto-concordancia\\\/#primaryimage\",\"url\":\"https:\\\/\\\/tzionlibreria.com\\\/wp-content\\\/uploads\\\/2024\\\/07\\\/7899938421857.jpg\",\"contentUrl\":\"https:\\\/\\\/tzionlibreria.com\\\/wp-content\\\/uploads\\\/2024\\\/07\\\/7899938421857.jpg\",\"width\":1200,\"height\":1200},{\"@type\":\"BreadcrumbList\",\"@id\":\"https:\\\/\\\/tzionlibreria.com\\\/index.php\\\/product\\\/biblia-rvr-1960-letra-gigante-covertex-vinotinto-concordancia\\\/#breadcrumb\",\"itemListElement\":[{\"@type\":\"ListItem\",\"position\":1,\"name\":\"Inicio\",\"item\":\"https:\\\/\\\/tzionlibreria.com\\\/\"},{\"@type\":\"ListItem\",\"position\":2,\"name\":\"Shop\",\"item\":\"https:\\\/\\\/tzionlibreria.com\\\/index.php\\\/shop\\\/\"},{\"@type\":\"ListItem\",\"position\":3,\"name\":\"Biblia Letra Gigante 16 puntos Reina Valera 1960 Marr\u00f3n\"}]},{\"@type\":\"WebSite\",\"@id\":\"https:\\\/\\\/tzionlibreria.com\\\/#website\",\"url\":\"https:\\\/\\\/tzionlibreria.com\\\/\",\"name\":\"tzionlibreria.com\",\"description\":\"Libreria Cristiana Venezuela\",\"publisher\":{\"@id\":\"https:\\\/\\\/tzionlibreria.com\\\/#organization\"},\"potentialAction\":[{\"@type\":\"SearchAction\",\"target\":{\"@type\":\"EntryPoint\",\"urlTemplate\":\"https:\\\/\\\/tzionlibreria.com\\\/?s={search_term_string}\"},\"query-input\":{\"@type\":\"PropertyValueSpecification\",\"valueRequired\":true,\"valueName\":\"search_term_string\"}}],\"inLanguage\":\"es-CO\"},{\"@type\":\"Organization\",\"@id\":\"https:\\\/\\\/tzionlibreria.com\\\/#organization\",\"name\":\"tzionlibreria.com\",\"url\":\"https:\\\/\\\/tzionlibreria.com\\\/\",\"logo\":{\"@type\":\"ImageObject\",\"inLanguage\":\"es-CO\",\"@id\":\"https:\\\/\\\/tzionlibreria.com\\\/#\\\/schema\\\/logo\\\/image\\\/\",\"url\":\"https:\\\/\\\/tzionlibreria.com\\\/wp-content\\\/uploads\\\/2023\\\/10\\\/cropped-Cuadricula-scaled-1.jpg\",\"contentUrl\":\"https:\\\/\\\/tzionlibreria.com\\\/wp-content\\\/uploads\\\/2023\\\/10\\\/cropped-Cuadricula-scaled-1.jpg\",\"width\":2560,\"height\":2560,\"caption\":\"tzionlibreria.com\"},\"image\":{\"@id\":\"https:\\\/\\\/tzionlibreria.com\\\/#\\\/schema\\\/logo\\\/image\\\/\"}}]}<\/script>\n<!-- \/ Yoast SEO plugin. -->","yoast_head_json":{"title":"Biblia Letra Gigante 16 puntos Reina Valera 1960 Marr\u00f3n - tzionlibreria.com","description":"Esta Biblia grande letra gigante 14 puntos te permite una lectura \u00e1gil y c\u00f3moda ya que su letra es m\u00e1s grande comparada con otras Biblias de su tama\u00f1o.","robots":{"index":"index","follow":"follow","max-snippet":"max-snippet:-1","max-image-preview":"max-image-preview:large","max-video-preview":"max-video-preview:-1"},"canonical":"https:\/\/tzionlibreria.com\/index.php\/product\/biblia-rvr-1960-letra-gigante-covertex-vinotinto-concordancia\/","og_locale":"es_ES","og_type":"article","og_title":"Biblia Letra Gigante 16 puntos Reina Valera 1960 Marr\u00f3n - tzionlibreria.com","og_description":"Esta Biblia grande letra gigante 14 puntos te permite una lectura \u00e1gil y c\u00f3moda ya que su letra es m\u00e1s grande comparada con otras Biblias de su tama\u00f1o.","og_url":"https:\/\/tzionlibreria.com\/index.php\/product\/biblia-rvr-1960-letra-gigante-covertex-vinotinto-concordancia\/","og_site_name":"tzionlibreria.com","article_modified_time":"2025-06-03T23:07:31+00:00","og_image":[{"width":1200,"height":1200,"url":"http:\/\/tzionlibreria.com\/wp-content\/uploads\/2024\/07\/7899938421857.jpg","type":"image\/jpeg"}],"twitter_card":"summary_large_image","twitter_misc":{"Tiempo de lectura":"1 minuto"},"schema":{"@context":"https:\/\/schema.org","@graph":[{"@type":"WebPage","@id":"https:\/\/tzionlibreria.com\/index.php\/product\/biblia-rvr-1960-letra-gigante-covertex-vinotinto-concordancia\/","url":"https:\/\/tzionlibreria.com\/index.php\/product\/biblia-rvr-1960-letra-gigante-covertex-vinotinto-concordancia\/","name":"Biblia Letra Gigante 16 puntos Reina Valera 1960 Marr\u00f3n - tzionlibreria.com","isPartOf":{"@id":"https:\/\/tzionlibreria.com\/#website"},"primaryImageOfPage":{"@id":"https:\/\/tzionlibreria.com\/index.php\/product\/biblia-rvr-1960-letra-gigante-covertex-vinotinto-concordancia\/#primaryimage"},"image":{"@id":"https:\/\/tzionlibreria.com\/index.php\/product\/biblia-rvr-1960-letra-gigante-covertex-vinotinto-concordancia\/#primaryimage"},"thumbnailUrl":"https:\/\/tzionlibreria.com\/wp-content\/uploads\/2024\/07\/7899938421857.jpg","datePublished":"2024-07-07T18:23:52+00:00","dateModified":"2025-06-03T23:07:31+00:00","description":"Esta Biblia grande letra gigante 14 puntos te permite una lectura \u00e1gil y c\u00f3moda ya que su letra es m\u00e1s grande comparada con otras Biblias de su tama\u00f1o.","breadcrumb":{"@id":"https:\/\/tzionlibreria.com\/index.php\/product\/biblia-rvr-1960-letra-gigante-covertex-vinotinto-concordancia\/#breadcrumb"},"inLanguage":"es-CO","potentialAction":[{"@type":"ReadAction","target":["https:\/\/tzionlibreria.com\/index.php\/product\/biblia-rvr-1960-letra-gigante-covertex-vinotinto-concordancia\/"]}]},{"@type":"ImageObject","inLanguage":"es-CO","@id":"https:\/\/tzionlibreria.com\/index.php\/product\/biblia-rvr-1960-letra-gigante-covertex-vinotinto-concordancia\/#primaryimage","url":"https:\/\/tzionlibreria.com\/wp-content\/uploads\/2024\/07\/7899938421857.jpg","contentUrl":"https:\/\/tzionlibreria.com\/wp-content\/uploads\/2024\/07\/7899938421857.jpg","width":1200,"height":1200},{"@type":"BreadcrumbList","@id":"https:\/\/tzionlibreria.com\/index.php\/product\/biblia-rvr-1960-letra-gigante-covertex-vinotinto-concordancia\/#breadcrumb","itemListElement":[{"@type":"ListItem","position":1,"name":"Inicio","item":"https:\/\/tzionlibreria.com\/"},{"@type":"ListItem","position":2,"name":"Shop","item":"https:\/\/tzionlibreria.com\/index.php\/shop\/"},{"@type":"ListItem","position":3,"name":"Biblia Letra Gigante 16 puntos Reina Valera 1960 Marr\u00f3n"}]},{"@type":"WebSite","@id":"https:\/\/tzionlibreria.com\/#website","url":"https:\/\/tzionlibreria.com\/","name":"tzionlibreria.com","description":"Libreria Cristiana Venezuela","publisher":{"@id":"https:\/\/tzionlibreria.com\/#organization"},"potentialAction":[{"@type":"SearchAction","target":{"@type":"EntryPoint","urlTemplate":"https:\/\/tzionlibreria.com\/?s={search_term_string}"},"query-input":{"@type":"PropertyValueSpecification","valueRequired":true,"valueName":"search_term_string"}}],"inLanguage":"es-CO"},{"@type":"Organization","@id":"https:\/\/tzionlibreria.com\/#organization","name":"tzionlibreria.com","url":"https:\/\/tzionlibreria.com\/","logo":{"@type":"ImageObject","inLanguage":"es-CO","@id":"https:\/\/tzionlibreria.com\/#\/schema\/logo\/image\/","url":"https:\/\/tzionlibreria.com\/wp-content\/uploads\/2023\/10\/cropped-Cuadricula-scaled-1.jpg","contentUrl":"https:\/\/tzionlibreria.com\/wp-content\/uploads\/2023\/10\/cropped-Cuadricula-scaled-1.jpg","width":2560,"height":2560,"caption":"tzionlibreria.com"},"image":{"@id":"https:\/\/tzionlibreria.com\/#\/schema\/logo\/image\/"}}]}},"jetpack_sharing_enabled":true,"_links":{"self":[{"href":"https:\/\/tzionlibreria.com\/index.php\/wp-json\/wp\/v2\/product\/3895","targetHints":{"allow":["GET"]}}],"collection":[{"href":"https:\/\/tzionlibreria.com\/index.php\/wp-json\/wp\/v2\/product"}],"about":[{"href":"https:\/\/tzionlibreria.com\/index.php\/wp-json\/wp\/v2\/types\/product"}],"replies":[{"embeddable":true,"href":"https:\/\/tzionlibreria.com\/index.php\/wp-json\/wp\/v2\/comments?post=3895"}],"wp:featuredmedia":[{"embeddable":true,"href":"https:\/\/tzionlibreria.com\/index.php\/wp-json\/wp\/v2\/media\/3898"}],"wp:attachment":[{"href":"https:\/\/tzionlibreria.com\/index.php\/wp-json\/wp\/v2\/media?parent=3895"}],"wp:term":[{"taxonomy":"product_brand","embeddable":true,"href":"https:\/\/tzionlibreria.com\/index.php\/wp-json\/wp\/v2\/product_brand?post=3895"},{"taxonomy":"product_cat","embeddable":true,"href":"https:\/\/tzionlibreria.com\/index.php\/wp-json\/wp\/v2\/product_cat?post=3895"},{"taxonomy":"product_tag","embeddable":true,"href":"https:\/\/tzionlibreria.com\/index.php\/wp-json\/wp\/v2\/product_tag?post=3895"}],"curies":[{"name":"wp","href":"https:\/\/api.w.org\/{rel}","templated":true}]}}