{"id":3921,"date":"2024-07-17T22:47:08","date_gmt":"2024-07-17T22:47:08","guid":{"rendered":"https:\/\/tzionlibreria.com\/?post_type=product&#038;p=3921"},"modified":"2024-11-04T20:14:16","modified_gmt":"2024-11-04T20:14:16","slug":"biblia-cronologica-dia-por-dia-reina-valera-1960-tapa-dura","status":"publish","type":"product","link":"https:\/\/tzionlibreria.com\/index.php\/product\/biblia-cronologica-dia-por-dia-reina-valera-1960-tapa-dura\/","title":{"rendered":"Biblia Cronol\u00f3gica &#8211; D\u00eda Por D\u00eda- Reina Valera 1960- Tapa Dura"},"content":{"rendered":"<p><span style=\"font-size: 16px;\">La Biblia Cronol\u00f3gica en versi\u00f3n Reina Valera de 1960, nos muestra una narrativa clara de acercamiento a la Biblia. Su texto est\u00e1 organizado de manera completa en un plan de lectura cronol\u00f3gico con lecturas diarias. De esta forma, los libros, cap\u00edtulos y vers\u00edculos de la Biblia est\u00e1n ubicados cuidadosamente para que el lector pueda seguir la historia de la Escritura d\u00eda a d\u00eda, desde el principio hasta el final, y pueda entender el flujo de los eventos y c\u00f3mo la gran narrativa de la Escritura se aplica a cada d\u00eda.<\/span><\/p>\n<div>\n<p>Adem\u00e1s, diferente a otras biblias cronol\u00f3gicas, su disposici\u00f3n no est\u00e1 fechada de manera espec\u00edfica, de manera que el plan de lectura puede comenzar cualquier d\u00eda del a\u00f1o.<\/p>\n<\/div>\n<h3>Caracter\u00edsticas:<\/h3>\n<ul>\n<li>Introducci\u00f3n a la RVR 1960 Biblia cronol\u00f3gica<\/li>\n<li>52 Semanas de lectura devocional en orden cronol\u00f3gico<\/li>\n<li>Lectura presentada en 3 partes:<\/li>\n<li>El plan de Dios para todos<\/li>\n<li>El pueblo del pacto de Dios<\/li>\n<li>El pueblo del nuevo pacto de Dios<\/li>\n<li>Una introducci\u00f3n a cada secci\u00f3n<\/li>\n<li>Texto B\u00edblico en una sola columna<\/li>\n<li>Amplio margen para anotaciones<\/li>\n<li>\u00cdndice de la Escritura<\/li>\n<li>Hoja de presentaci\u00f3n<\/li>\n<li>Mapas a color<\/li>\n<\/ul>\n<div class=\"celwidget\" data-csa-c-id=\"5b0nz3-syv5wx-d0y2ss-iyxiiv\" data-cel-widget=\"dpx-aplus-product-description_csm_instrumentation_wrapper\">\n<div id=\"aplus_feature_div\" class=\"celwidget\" data-feature-name=\"aplus\" data-csa-c-id=\"xgps5h-l4eswe-upwyff-n4n47w\" data-cel-widget=\"aplus_feature_div\">\n<div id=\"aplus\" class=\"a-section a-spacing-large bucket\">\n<div class=\"aplus-v2 desktop celwidget\" data-csa-c-id=\"atn2gp-8ok3aq-fam23k-clmwon\" data-cel-widget=\"aplus\">\n<div class=\"celwidget aplus-module module-12 aplus-standard\" data-csa-c-id=\"efcopp-ffm37o-p62app-8kx3bu\" data-cel-widget=\"aplus-module-12\">\n<div class=\"a-expander-collapsed-height a-row a-expander-container a-expander-partial-collapse-container\" aria-live=\"polite\" data-a-expander-name=\"aplus-module-expander\" data-a-expander-collapsed-height=\"360\">\n<div class=\"a-expander-content a-expander-partial-collapse-content\" aria-expanded=\"false\">\n<div><\/div>\n<\/div>\n<\/div>\n<\/div>\n<div class=\"celwidget aplus-module module-1 aplus-standard\" data-csa-c-id=\"722ojg-6l8n1i-a1i6qy-s9u4dp\" data-cel-widget=\"aplus-module-1\">\n<div class=\"a-expander-collapsed-height a-row a-expander-container a-expander-partial-collapse-container\" aria-live=\"polite\" data-a-expander-name=\"aplus-module-expander\" data-a-expander-collapsed-height=\"700\">\n<div class=\"a-expander-content a-expander-partial-collapse-content\" aria-expanded=\"false\">\n<div class=\"aplus-module-wrapper apm-fixed-width\">\n<div class=\"apm-spacing apm-wrap\">\n<div class=\"apm-floatleft apm-wrap\">\n<div class=\"apm-rightthirdcol\">\n<div class=\"apm-rightthirdcol-inner\">\n<h5 class=\"a-color-secondary\">Tradicional y Verdadera<\/h5>\n<p class=\"a-spacing-small a-size-small a-color-secondary\">La Reina-Valera 1960 es la versi\u00f3n en espa\u00f1ol m\u00e1s le\u00edda y querida en todo el mundo. Con un lenguaje elegante basado en los manuscritos Hebreos, Arameo y Griegos, esta traducci\u00f3n hace que la Palabra de Dios cobre vida en el lector.<\/p>\n<p>&nbsp;<\/p>\n<\/div>\n<\/div>\n<div class=\"apm-centerthirdcol apm-wrap\">\n<h3 class=\"a-spacing-mini\">Biblia Cronol\u00f3gica Elegante, Profunda y Sencilla<\/h3>\n<p>&nbsp;<\/p>\n<p class=\"a-spacing-base\">La RVR 1960 Biblia Cronol\u00f3gica nos muestra una narrativa clara de acercamiento a la Biblia, organizando el texto de manera completa en un plan de lectura cronol\u00f3gico con lecturas diarias del Dr. George Guthrie.<\/p>\n<div class=\"amp-centerthirdcol-listbox\">\n<div class=\"a-box a-spacing-small a-color-alternate-background apm-listbox amp-centerthirdcol-listbox\">\n<div class=\"a-box-inner\">\n<ul class=\"a-unordered-list a-vertical\">\n<li><span class=\"a-list-item\"><span class=\"a-size-base\">Ideal para estudio Biblico diario o lectura.<\/span><\/span><\/li>\n<li><span class=\"a-list-item\"><span class=\"a-size-base\">Gran herramienta para devocionales con textos en una columna que deja espacio para notas personales.<\/span><\/span><\/li>\n<li><span class=\"a-list-item\"><span class=\"a-size-base\">Una introducci\u00f3n diaria que te guiar\u00e1 a entender c\u00f3mo est\u00e1 la Biblia conectada.<\/span><\/span><\/li>\n<\/ul>\n<\/div>\n<\/div>\n<p>&nbsp;<\/p>\n<p><strong>ISBN<\/strong>: 9781087701400<br \/>\n<strong>Dimensiones<\/strong>: 160 x 90 x 67 mm<br \/>\n<strong>Peso<\/strong>: 1,200kg<br \/>\n<strong>N\u00famero de p\u00e1ginas<\/strong>: 1424<br \/>\n<strong>Idioma<\/strong>: Espa\u00f1ol<\/p>\n<\/div>\n<\/div>\n<\/div>\n<\/div>\n<\/div>\n<\/div>\n<\/div>\n<\/div>\n<\/div>\n<\/div>\n<\/div>\n<\/div>\n","protected":false},"excerpt":{"rendered":"<p>La Biblia Cronol\u00f3gica en versi\u00f3n Reina Valera de 1960, nos muestra una narrativa clara de acercamiento a la Biblia. Su texto est\u00e1 organizado de manera completa en un plan de lectura cronol\u00f3gico con lecturas diarias. De esta forma, los libros, cap\u00edtulos y vers\u00edculos de la Biblia est\u00e1n ubicados cuidadosamente para que el lector pueda seguir [&hellip;]<\/p>\n","protected":false},"featured_media":3922,"comment_status":"open","ping_status":"closed","template":"","meta":{"om_disable_all_campaigns":false,"_monsterinsights_skip_tracking":false,"_monsterinsights_sitenote_active":false,"_monsterinsights_sitenote_note":"","_monsterinsights_sitenote_category":0,"site-sidebar-layout":"default","site-content-layout":"","ast-site-content-layout":"default","site-content-style":"default","site-sidebar-style":"default","ast-global-header-display":"","ast-banner-title-visibility":"","ast-main-header-display":"","ast-hfb-above-header-display":"","ast-hfb-below-header-display":"","ast-hfb-mobile-header-display":"","site-post-title":"","ast-breadcrumbs-content":"","ast-featured-img":"","footer-sml-layout":"","ast-disable-related-posts":"","theme-transparent-header-meta":"default","adv-header-id-meta":"","stick-header-meta":"","header-above-stick-meta":"","header-main-stick-meta":"","header-below-stick-meta":"","astra-migrate-meta-layouts":"set","ast-page-background-enabled":"default","ast-page-background-meta":{"desktop":{"background-color":"var(--ast-global-color-4)","background-image":"","background-repeat":"repeat","background-position":"center center","background-size":"auto","background-attachment":"scroll","background-type":"","background-media":"","overlay-type":"","overlay-color":"","overlay-opacity":"","overlay-gradient":""},"tablet":{"background-color":"","background-image":"","background-repeat":"repeat","background-position":"center center","background-size":"auto","background-attachment":"scroll","background-type":"","background-media":"","overlay-type":"","overlay-color":"","overlay-opacity":"","overlay-gradient":""},"mobile":{"background-color":"","background-image":"","background-repeat":"repeat","background-position":"center center","background-size":"auto","background-attachment":"scroll","background-type":"","background-media":"","overlay-type":"","overlay-color":"","overlay-opacity":"","overlay-gradient":""}},"ast-content-background-meta":{"desktop":{"background-color":"var(--ast-global-color-5)","background-image":"","background-repeat":"repeat","background-position":"center center","background-size":"auto","background-attachment":"scroll","background-type":"","background-media":"","overlay-type":"","overlay-color":"","overlay-opacity":"","overlay-gradient":""},"tablet":{"background-color":"var(--ast-global-color-5)","background-image":"","background-repeat":"repeat","background-position":"center center","background-size":"auto","background-attachment":"scroll","background-type":"","background-media":"","overlay-type":"","overlay-color":"","overlay-opacity":"","overlay-gradient":""},"mobile":{"background-color":"var(--ast-global-color-5)","background-image":"","background-repeat":"repeat","background-position":"center center","background-size":"auto","background-attachment":"scroll","background-type":"","background-media":"","overlay-type":"","overlay-color":"","overlay-opacity":"","overlay-gradient":""}}},"product_brand":[],"product_cat":[22,30,42],"product_tag":[276],"class_list":{"0":"post-3921","1":"product","2":"type-product","3":"status-publish","4":"has-post-thumbnail","6":"product_cat-biblias","7":"product_cat-biblia-de-estudio","8":"product_cat-biblias-reina-valera","9":"product_tag-cronologica","10":"desktop-align-left","11":"tablet-align-left","12":"mobile-align-left","14":"first","15":"outofstock","16":"shipping-taxable","17":"purchasable","18":"product-type-simple"},"yoast_head":"<!-- This site is optimized with the Yoast SEO plugin v27.4 - https:\/\/yoast.com\/product\/yoast-seo-wordpress\/ -->\n<title>Biblia Cronol\u00f3gica - D\u00eda Por D\u00eda- Reina Valera 1960- Tapa Dura - tzionlibreria.com<\/title>\n<meta name=\"description\" content=\"La Biblia Cronol\u00f3gica su texto est\u00e1 organizado de manera completa en un plan de lectura cronol\u00f3gico con lecturas diarias desde el principio hasta el final.\" \/>\n<meta name=\"robots\" content=\"index, follow, max-snippet:-1, max-image-preview:large, max-video-preview:-1\" \/>\n<link rel=\"canonical\" href=\"https:\/\/tzionlibreria.com\/index.php\/product\/biblia-cronologica-dia-por-dia-reina-valera-1960-tapa-dura\/\" \/>\n<meta property=\"og:locale\" content=\"es_ES\" \/>\n<meta property=\"og:type\" content=\"article\" \/>\n<meta property=\"og:title\" content=\"Biblia Cronol\u00f3gica - D\u00eda Por D\u00eda- Reina Valera 1960- Tapa Dura - tzionlibreria.com\" \/>\n<meta property=\"og:description\" content=\"La Biblia Cronol\u00f3gica su texto est\u00e1 organizado de manera completa en un plan de lectura cronol\u00f3gico con lecturas diarias desde el principio hasta el final.\" \/>\n<meta property=\"og:url\" content=\"https:\/\/tzionlibreria.com\/index.php\/product\/biblia-cronologica-dia-por-dia-reina-valera-1960-tapa-dura\/\" \/>\n<meta property=\"og:site_name\" content=\"tzionlibreria.com\" \/>\n<meta property=\"article:modified_time\" content=\"2024-11-04T20:14:16+00:00\" \/>\n<meta property=\"og:image\" content=\"http:\/\/tzionlibreria.com\/wp-content\/uploads\/2024\/07\/Biblia-cronologica.png\" \/>\n\t<meta property=\"og:image:width\" content=\"1200\" \/>\n\t<meta property=\"og:image:height\" content=\"1200\" \/>\n\t<meta property=\"og:image:type\" content=\"image\/png\" \/>\n<meta name=\"twitter:card\" content=\"summary_large_image\" \/>\n<meta name=\"twitter:label1\" content=\"Tiempo de lectura\" \/>\n\t<meta name=\"twitter:data1\" content=\"2 minutos\" \/>\n<script type=\"application\/ld+json\" class=\"yoast-schema-graph\">{\"@context\":\"https:\\\/\\\/schema.org\",\"@graph\":[{\"@type\":\"WebPage\",\"@id\":\"https:\\\/\\\/tzionlibreria.com\\\/index.php\\\/product\\\/biblia-cronologica-dia-por-dia-reina-valera-1960-tapa-dura\\\/\",\"url\":\"https:\\\/\\\/tzionlibreria.com\\\/index.php\\\/product\\\/biblia-cronologica-dia-por-dia-reina-valera-1960-tapa-dura\\\/\",\"name\":\"Biblia Cronol\u00f3gica - D\u00eda Por D\u00eda- Reina Valera 1960- Tapa Dura - tzionlibreria.com\",\"isPartOf\":{\"@id\":\"https:\\\/\\\/tzionlibreria.com\\\/#website\"},\"primaryImageOfPage\":{\"@id\":\"https:\\\/\\\/tzionlibreria.com\\\/index.php\\\/product\\\/biblia-cronologica-dia-por-dia-reina-valera-1960-tapa-dura\\\/#primaryimage\"},\"image\":{\"@id\":\"https:\\\/\\\/tzionlibreria.com\\\/index.php\\\/product\\\/biblia-cronologica-dia-por-dia-reina-valera-1960-tapa-dura\\\/#primaryimage\"},\"thumbnailUrl\":\"https:\\\/\\\/tzionlibreria.com\\\/wp-content\\\/uploads\\\/2024\\\/07\\\/Biblia-cronologica.png\",\"datePublished\":\"2024-07-17T22:47:08+00:00\",\"dateModified\":\"2024-11-04T20:14:16+00:00\",\"description\":\"La Biblia Cronol\u00f3gica su texto est\u00e1 organizado de manera completa en un plan de lectura cronol\u00f3gico con lecturas diarias desde el principio hasta el final.\",\"breadcrumb\":{\"@id\":\"https:\\\/\\\/tzionlibreria.com\\\/index.php\\\/product\\\/biblia-cronologica-dia-por-dia-reina-valera-1960-tapa-dura\\\/#breadcrumb\"},\"inLanguage\":\"es-CO\",\"potentialAction\":[{\"@type\":\"ReadAction\",\"target\":[\"https:\\\/\\\/tzionlibreria.com\\\/index.php\\\/product\\\/biblia-cronologica-dia-por-dia-reina-valera-1960-tapa-dura\\\/\"]}]},{\"@type\":\"ImageObject\",\"inLanguage\":\"es-CO\",\"@id\":\"https:\\\/\\\/tzionlibreria.com\\\/index.php\\\/product\\\/biblia-cronologica-dia-por-dia-reina-valera-1960-tapa-dura\\\/#primaryimage\",\"url\":\"https:\\\/\\\/tzionlibreria.com\\\/wp-content\\\/uploads\\\/2024\\\/07\\\/Biblia-cronologica.png\",\"contentUrl\":\"https:\\\/\\\/tzionlibreria.com\\\/wp-content\\\/uploads\\\/2024\\\/07\\\/Biblia-cronologica.png\",\"width\":1200,\"height\":1200},{\"@type\":\"BreadcrumbList\",\"@id\":\"https:\\\/\\\/tzionlibreria.com\\\/index.php\\\/product\\\/biblia-cronologica-dia-por-dia-reina-valera-1960-tapa-dura\\\/#breadcrumb\",\"itemListElement\":[{\"@type\":\"ListItem\",\"position\":1,\"name\":\"Inicio\",\"item\":\"https:\\\/\\\/tzionlibreria.com\\\/\"},{\"@type\":\"ListItem\",\"position\":2,\"name\":\"Shop\",\"item\":\"https:\\\/\\\/tzionlibreria.com\\\/index.php\\\/shop\\\/\"},{\"@type\":\"ListItem\",\"position\":3,\"name\":\"Biblia Cronol\u00f3gica &#8211; D\u00eda Por D\u00eda- Reina Valera 1960- Tapa Dura\"}]},{\"@type\":\"WebSite\",\"@id\":\"https:\\\/\\\/tzionlibreria.com\\\/#website\",\"url\":\"https:\\\/\\\/tzionlibreria.com\\\/\",\"name\":\"tzionlibreria.com\",\"description\":\"Libreria Cristiana Venezuela\",\"publisher\":{\"@id\":\"https:\\\/\\\/tzionlibreria.com\\\/#organization\"},\"potentialAction\":[{\"@type\":\"SearchAction\",\"target\":{\"@type\":\"EntryPoint\",\"urlTemplate\":\"https:\\\/\\\/tzionlibreria.com\\\/?s={search_term_string}\"},\"query-input\":{\"@type\":\"PropertyValueSpecification\",\"valueRequired\":true,\"valueName\":\"search_term_string\"}}],\"inLanguage\":\"es-CO\"},{\"@type\":\"Organization\",\"@id\":\"https:\\\/\\\/tzionlibreria.com\\\/#organization\",\"name\":\"tzionlibreria.com\",\"url\":\"https:\\\/\\\/tzionlibreria.com\\\/\",\"logo\":{\"@type\":\"ImageObject\",\"inLanguage\":\"es-CO\",\"@id\":\"https:\\\/\\\/tzionlibreria.com\\\/#\\\/schema\\\/logo\\\/image\\\/\",\"url\":\"https:\\\/\\\/tzionlibreria.com\\\/wp-content\\\/uploads\\\/2023\\\/10\\\/cropped-Cuadricula-scaled-1.jpg\",\"contentUrl\":\"https:\\\/\\\/tzionlibreria.com\\\/wp-content\\\/uploads\\\/2023\\\/10\\\/cropped-Cuadricula-scaled-1.jpg\",\"width\":2560,\"height\":2560,\"caption\":\"tzionlibreria.com\"},\"image\":{\"@id\":\"https:\\\/\\\/tzionlibreria.com\\\/#\\\/schema\\\/logo\\\/image\\\/\"}}]}<\/script>\n<!-- \/ Yoast SEO plugin. -->","yoast_head_json":{"title":"Biblia Cronol\u00f3gica - D\u00eda Por D\u00eda- Reina Valera 1960- Tapa Dura - tzionlibreria.com","description":"La Biblia Cronol\u00f3gica su texto est\u00e1 organizado de manera completa en un plan de lectura cronol\u00f3gico con lecturas diarias desde el principio hasta el final.","robots":{"index":"index","follow":"follow","max-snippet":"max-snippet:-1","max-image-preview":"max-image-preview:large","max-video-preview":"max-video-preview:-1"},"canonical":"https:\/\/tzionlibreria.com\/index.php\/product\/biblia-cronologica-dia-por-dia-reina-valera-1960-tapa-dura\/","og_locale":"es_ES","og_type":"article","og_title":"Biblia Cronol\u00f3gica - D\u00eda Por D\u00eda- Reina Valera 1960- Tapa Dura - tzionlibreria.com","og_description":"La Biblia Cronol\u00f3gica su texto est\u00e1 organizado de manera completa en un plan de lectura cronol\u00f3gico con lecturas diarias desde el principio hasta el final.","og_url":"https:\/\/tzionlibreria.com\/index.php\/product\/biblia-cronologica-dia-por-dia-reina-valera-1960-tapa-dura\/","og_site_name":"tzionlibreria.com","article_modified_time":"2024-11-04T20:14:16+00:00","og_image":[{"width":1200,"height":1200,"url":"http:\/\/tzionlibreria.com\/wp-content\/uploads\/2024\/07\/Biblia-cronologica.png","type":"image\/png"}],"twitter_card":"summary_large_image","twitter_misc":{"Tiempo de lectura":"2 minutos"},"schema":{"@context":"https:\/\/schema.org","@graph":[{"@type":"WebPage","@id":"https:\/\/tzionlibreria.com\/index.php\/product\/biblia-cronologica-dia-por-dia-reina-valera-1960-tapa-dura\/","url":"https:\/\/tzionlibreria.com\/index.php\/product\/biblia-cronologica-dia-por-dia-reina-valera-1960-tapa-dura\/","name":"Biblia Cronol\u00f3gica - D\u00eda Por D\u00eda- Reina Valera 1960- Tapa Dura - tzionlibreria.com","isPartOf":{"@id":"https:\/\/tzionlibreria.com\/#website"},"primaryImageOfPage":{"@id":"https:\/\/tzionlibreria.com\/index.php\/product\/biblia-cronologica-dia-por-dia-reina-valera-1960-tapa-dura\/#primaryimage"},"image":{"@id":"https:\/\/tzionlibreria.com\/index.php\/product\/biblia-cronologica-dia-por-dia-reina-valera-1960-tapa-dura\/#primaryimage"},"thumbnailUrl":"https:\/\/tzionlibreria.com\/wp-content\/uploads\/2024\/07\/Biblia-cronologica.png","datePublished":"2024-07-17T22:47:08+00:00","dateModified":"2024-11-04T20:14:16+00:00","description":"La Biblia Cronol\u00f3gica su texto est\u00e1 organizado de manera completa en un plan de lectura cronol\u00f3gico con lecturas diarias desde el principio hasta el final.","breadcrumb":{"@id":"https:\/\/tzionlibreria.com\/index.php\/product\/biblia-cronologica-dia-por-dia-reina-valera-1960-tapa-dura\/#breadcrumb"},"inLanguage":"es-CO","potentialAction":[{"@type":"ReadAction","target":["https:\/\/tzionlibreria.com\/index.php\/product\/biblia-cronologica-dia-por-dia-reina-valera-1960-tapa-dura\/"]}]},{"@type":"ImageObject","inLanguage":"es-CO","@id":"https:\/\/tzionlibreria.com\/index.php\/product\/biblia-cronologica-dia-por-dia-reina-valera-1960-tapa-dura\/#primaryimage","url":"https:\/\/tzionlibreria.com\/wp-content\/uploads\/2024\/07\/Biblia-cronologica.png","contentUrl":"https:\/\/tzionlibreria.com\/wp-content\/uploads\/2024\/07\/Biblia-cronologica.png","width":1200,"height":1200},{"@type":"BreadcrumbList","@id":"https:\/\/tzionlibreria.com\/index.php\/product\/biblia-cronologica-dia-por-dia-reina-valera-1960-tapa-dura\/#breadcrumb","itemListElement":[{"@type":"ListItem","position":1,"name":"Inicio","item":"https:\/\/tzionlibreria.com\/"},{"@type":"ListItem","position":2,"name":"Shop","item":"https:\/\/tzionlibreria.com\/index.php\/shop\/"},{"@type":"ListItem","position":3,"name":"Biblia Cronol\u00f3gica &#8211; D\u00eda Por D\u00eda- Reina Valera 1960- Tapa Dura"}]},{"@type":"WebSite","@id":"https:\/\/tzionlibreria.com\/#website","url":"https:\/\/tzionlibreria.com\/","name":"tzionlibreria.com","description":"Libreria Cristiana Venezuela","publisher":{"@id":"https:\/\/tzionlibreria.com\/#organization"},"potentialAction":[{"@type":"SearchAction","target":{"@type":"EntryPoint","urlTemplate":"https:\/\/tzionlibreria.com\/?s={search_term_string}"},"query-input":{"@type":"PropertyValueSpecification","valueRequired":true,"valueName":"search_term_string"}}],"inLanguage":"es-CO"},{"@type":"Organization","@id":"https:\/\/tzionlibreria.com\/#organization","name":"tzionlibreria.com","url":"https:\/\/tzionlibreria.com\/","logo":{"@type":"ImageObject","inLanguage":"es-CO","@id":"https:\/\/tzionlibreria.com\/#\/schema\/logo\/image\/","url":"https:\/\/tzionlibreria.com\/wp-content\/uploads\/2023\/10\/cropped-Cuadricula-scaled-1.jpg","contentUrl":"https:\/\/tzionlibreria.com\/wp-content\/uploads\/2023\/10\/cropped-Cuadricula-scaled-1.jpg","width":2560,"height":2560,"caption":"tzionlibreria.com"},"image":{"@id":"https:\/\/tzionlibreria.com\/#\/schema\/logo\/image\/"}}]}},"jetpack_sharing_enabled":true,"_links":{"self":[{"href":"https:\/\/tzionlibreria.com\/index.php\/wp-json\/wp\/v2\/product\/3921","targetHints":{"allow":["GET"]}}],"collection":[{"href":"https:\/\/tzionlibreria.com\/index.php\/wp-json\/wp\/v2\/product"}],"about":[{"href":"https:\/\/tzionlibreria.com\/index.php\/wp-json\/wp\/v2\/types\/product"}],"replies":[{"embeddable":true,"href":"https:\/\/tzionlibreria.com\/index.php\/wp-json\/wp\/v2\/comments?post=3921"}],"wp:featuredmedia":[{"embeddable":true,"href":"https:\/\/tzionlibreria.com\/index.php\/wp-json\/wp\/v2\/media\/3922"}],"wp:attachment":[{"href":"https:\/\/tzionlibreria.com\/index.php\/wp-json\/wp\/v2\/media?parent=3921"}],"wp:term":[{"taxonomy":"product_brand","embeddable":true,"href":"https:\/\/tzionlibreria.com\/index.php\/wp-json\/wp\/v2\/product_brand?post=3921"},{"taxonomy":"product_cat","embeddable":true,"href":"https:\/\/tzionlibreria.com\/index.php\/wp-json\/wp\/v2\/product_cat?post=3921"},{"taxonomy":"product_tag","embeddable":true,"href":"https:\/\/tzionlibreria.com\/index.php\/wp-json\/wp\/v2\/product_tag?post=3921"}],"curies":[{"name":"wp","href":"https:\/\/api.w.org\/{rel}","templated":true}]}}