{"id":3929,"date":"2024-07-17T23:44:06","date_gmt":"2024-07-17T23:44:06","guid":{"rendered":"https:\/\/tzionlibreria.com\/?post_type=product&#038;p=3929"},"modified":"2026-04-04T21:23:51","modified_gmt":"2026-04-04T21:23:51","slug":"biblia-del-ministro-letra-grande-12-puntos-reina-valera-piel-negro","status":"publish","type":"product","link":"https:\/\/tzionlibreria.com\/index.php\/product\/biblia-del-ministro-letra-grande-12-puntos-reina-valera-piel-negro\/","title":{"rendered":"Biblia del Ministro Letra Grande 12 puntos Reina Valera Piel Negro"},"content":{"rendered":"<p>L<strong>a\u00a0<em>RVR 1960 Biblia del ministro edici\u00f3n ampliada<\/em>\u00a0<\/strong>es ideal para usarla en el p\u00falpito por su dise\u00f1o pr\u00e1ctico, f\u00e1cil lectura y extensas notas auxiliares. Esta nueva edici\u00f3n cuenta con una letra m\u00e1s grande de 12 puntos, adem\u00e1s de un\u00a0<em>Manual del ministro<\/em>\u00a0con 40 % m\u00e1s material, incluyendo bosquejos de serm\u00f3n para ceremonia de bodas, la Cena del Se\u00f1or, el culto f\u00fanebre y la celebraci\u00f3n de XV a\u00f1os. El Manual, colocado en el centro y con una fuente grande y f\u00e1cil de leer, es una herramienta indispensable para una variedad de ocasiones especiales. Contiene tambi\u00e9n ayudas para leer y entender los g\u00e9neros literarios de la Biblia. Disponible en la versi\u00f3n RVR 1960, una traducci\u00f3n tradicional y verdadera.<\/p>\n<p>Caracter\u00edsticas:<\/p>\n<ul>\n<li>C\u00f3mo leer y entender la Biblia<\/li>\n<li>Letra grande de 12 puntos<\/li>\n<li>Concordancia tem\u00e1tica<\/li>\n<li>Panorama hist\u00f3rico de la Biblia<\/li>\n<li>Palabras de Cristo en rojo<\/li>\n<li>Mapas a todo color<\/li>\n<li>Atributos de Jes\u00fas<\/li>\n<li>Palabras de aliento para tu caminar con Dios<\/li>\n<\/ul>\n<p>Manual del ministro:<\/p>\n<ul>\n<li>Ceremonia de bodas<\/li>\n<li>La Cena del Se\u00f1or<\/li>\n<li>El culto f\u00fanebre y entierro<\/li>\n<li>Celebraci\u00f3n de XV a\u00f1os<\/li>\n<li>14 bosquejos de serm\u00f3n<\/li>\n<li>Ceremonia de nuevos miembros<\/li>\n<li>Dedicaci\u00f3n de ni\u00f1os<\/li>\n<li>Ceremonia de bautismo<\/li>\n<li>Ordenaci\u00f3n de l\u00edderes de la iglesia<\/li>\n<li>Vers\u00edculos para visitaci\u00f3n<\/li>\n<li>Ejemplos de servicios de adoraci\u00f3n<\/li>\n<\/ul>\n<ul class=\"a-unordered-list a-nostyle a-vertical a-spacing-none detail-bullet-list\">\n<li><span class=\"a-list-item\"><span class=\"a-text-bold\">Editorial:\u200e <\/span>B&amp;H Espa\u00f1ol (1 Octubre 2023)<\/span><\/li>\n<li><span class=\"a-list-item\"><span class=\"a-text-bold\">Idioma: \u200e<\/span>Espa\u00f1ol<\/span><\/li>\n<li><span class=\"a-list-item\"><span class=\"a-text-bold\">P\u00e1ginas: \u200e <\/span>1792 p\u00e1ginas<\/span><\/li>\n<li><span class=\"a-list-item\"><span class=\"a-text-bold\">ISBN : \u200e <\/span>9781087781112<\/span><\/li>\n<li>Dimensiones: 20 x 13x 2<\/li>\n<\/ul>\n","protected":false},"excerpt":{"rendered":"<p>La\u00a0RVR 1960 Biblia del ministro edici\u00f3n ampliada\u00a0es ideal para usarla en el p\u00falpito por su dise\u00f1o pr\u00e1ctico, f\u00e1cil lectura y extensas notas auxiliares. Esta nueva edici\u00f3n cuenta con una letra m\u00e1s grande de 12 puntos, adem\u00e1s de un\u00a0Manual del ministro\u00a0con 40 % m\u00e1s material, incluyendo bosquejos de serm\u00f3n para ceremonia de bodas, la Cena del [&hellip;]<\/p>\n","protected":false},"featured_media":3930,"comment_status":"open","ping_status":"closed","template":"","meta":{"om_disable_all_campaigns":false,"_monsterinsights_skip_tracking":false,"_monsterinsights_sitenote_active":false,"_monsterinsights_sitenote_note":"","_monsterinsights_sitenote_category":0,"site-sidebar-layout":"default","site-content-layout":"","ast-site-content-layout":"default","site-content-style":"default","site-sidebar-style":"default","ast-global-header-display":"","ast-banner-title-visibility":"","ast-main-header-display":"","ast-hfb-above-header-display":"","ast-hfb-below-header-display":"","ast-hfb-mobile-header-display":"","site-post-title":"","ast-breadcrumbs-content":"","ast-featured-img":"","footer-sml-layout":"","ast-disable-related-posts":"","theme-transparent-header-meta":"default","adv-header-id-meta":"","stick-header-meta":"","header-above-stick-meta":"","header-main-stick-meta":"","header-below-stick-meta":"","astra-migrate-meta-layouts":"set","ast-page-background-enabled":"default","ast-page-background-meta":{"desktop":{"background-color":"var(--ast-global-color-4)","background-image":"","background-repeat":"repeat","background-position":"center center","background-size":"auto","background-attachment":"scroll","background-type":"","background-media":"","overlay-type":"","overlay-color":"","overlay-opacity":"","overlay-gradient":""},"tablet":{"background-color":"","background-image":"","background-repeat":"repeat","background-position":"center center","background-size":"auto","background-attachment":"scroll","background-type":"","background-media":"","overlay-type":"","overlay-color":"","overlay-opacity":"","overlay-gradient":""},"mobile":{"background-color":"","background-image":"","background-repeat":"repeat","background-position":"center center","background-size":"auto","background-attachment":"scroll","background-type":"","background-media":"","overlay-type":"","overlay-color":"","overlay-opacity":"","overlay-gradient":""}},"ast-content-background-meta":{"desktop":{"background-color":"var(--ast-global-color-5)","background-image":"","background-repeat":"repeat","background-position":"center center","background-size":"auto","background-attachment":"scroll","background-type":"","background-media":"","overlay-type":"","overlay-color":"","overlay-opacity":"","overlay-gradient":""},"tablet":{"background-color":"var(--ast-global-color-5)","background-image":"","background-repeat":"repeat","background-position":"center center","background-size":"auto","background-attachment":"scroll","background-type":"","background-media":"","overlay-type":"","overlay-color":"","overlay-opacity":"","overlay-gradient":""},"mobile":{"background-color":"var(--ast-global-color-5)","background-image":"","background-repeat":"repeat","background-position":"center center","background-size":"auto","background-attachment":"scroll","background-type":"","background-media":"","overlay-type":"","overlay-color":"","overlay-opacity":"","overlay-gradient":""}}},"product_brand":[],"product_cat":[305,22,42,177],"product_tag":[98],"class_list":{"0":"post-3929","1":"product","2":"type-product","3":"status-publish","4":"has-post-thumbnail","6":"product_cat-biblia-para-ministros","7":"product_cat-biblias","8":"product_cat-biblias-reina-valera","9":"product_cat-letra-grande-rvr","10":"product_tag-ministro","11":"desktop-align-left","12":"tablet-align-left","13":"mobile-align-left","15":"first","16":"instock","17":"shipping-taxable","18":"purchasable","19":"product-type-simple"},"yoast_head":"<!-- This site is optimized with the Yoast SEO plugin v27.4 - https:\/\/yoast.com\/product\/yoast-seo-wordpress\/ -->\n<title>Biblia del Ministro Letra Grande 12 puntos Reina Valera Piel Negro - tzionlibreria.com<\/title>\n<meta name=\"description\" content=\"Es ideal para usarla en el p\u00falpito por su dise\u00f1o pr\u00e1ctico, f\u00e1cil lectura y extensas notas auxiliares. Esta cuenta con una letra m\u00e1s grande de 12 puntos.\" \/>\n<meta name=\"robots\" content=\"index, follow, max-snippet:-1, max-image-preview:large, max-video-preview:-1\" \/>\n<link rel=\"canonical\" href=\"https:\/\/tzionlibreria.com\/index.php\/product\/biblia-del-ministro-letra-grande-12-puntos-reina-valera-piel-negro\/\" \/>\n<meta property=\"og:locale\" content=\"es_ES\" \/>\n<meta property=\"og:type\" content=\"article\" \/>\n<meta property=\"og:title\" content=\"Biblia del Ministro Letra Grande 12 puntos Reina Valera Piel Negro - tzionlibreria.com\" \/>\n<meta property=\"og:description\" content=\"Es ideal para usarla en el p\u00falpito por su dise\u00f1o pr\u00e1ctico, f\u00e1cil lectura y extensas notas auxiliares. Esta cuenta con una letra m\u00e1s grande de 12 puntos.\" \/>\n<meta property=\"og:url\" content=\"https:\/\/tzionlibreria.com\/index.php\/product\/biblia-del-ministro-letra-grande-12-puntos-reina-valera-piel-negro\/\" \/>\n<meta property=\"og:site_name\" content=\"tzionlibreria.com\" \/>\n<meta property=\"article:modified_time\" content=\"2026-04-04T21:23:51+00:00\" \/>\n<meta property=\"og:image\" content=\"http:\/\/tzionlibreria.com\/wp-content\/uploads\/2024\/07\/Biblia-ministro-amoliada.png\" \/>\n\t<meta property=\"og:image:width\" content=\"1200\" \/>\n\t<meta property=\"og:image:height\" content=\"1200\" \/>\n\t<meta property=\"og:image:type\" content=\"image\/png\" \/>\n<meta name=\"twitter:card\" content=\"summary_large_image\" \/>\n<meta name=\"twitter:label1\" content=\"Tiempo de lectura\" \/>\n\t<meta name=\"twitter:data1\" content=\"2 minutos\" \/>\n<script type=\"application\/ld+json\" class=\"yoast-schema-graph\">{\"@context\":\"https:\\\/\\\/schema.org\",\"@graph\":[{\"@type\":\"WebPage\",\"@id\":\"https:\\\/\\\/tzionlibreria.com\\\/index.php\\\/product\\\/biblia-del-ministro-letra-grande-12-puntos-reina-valera-piel-negro\\\/\",\"url\":\"https:\\\/\\\/tzionlibreria.com\\\/index.php\\\/product\\\/biblia-del-ministro-letra-grande-12-puntos-reina-valera-piel-negro\\\/\",\"name\":\"Biblia del Ministro Letra Grande 12 puntos Reina Valera Piel Negro - tzionlibreria.com\",\"isPartOf\":{\"@id\":\"https:\\\/\\\/tzionlibreria.com\\\/#website\"},\"primaryImageOfPage\":{\"@id\":\"https:\\\/\\\/tzionlibreria.com\\\/index.php\\\/product\\\/biblia-del-ministro-letra-grande-12-puntos-reina-valera-piel-negro\\\/#primaryimage\"},\"image\":{\"@id\":\"https:\\\/\\\/tzionlibreria.com\\\/index.php\\\/product\\\/biblia-del-ministro-letra-grande-12-puntos-reina-valera-piel-negro\\\/#primaryimage\"},\"thumbnailUrl\":\"https:\\\/\\\/tzionlibreria.com\\\/wp-content\\\/uploads\\\/2024\\\/07\\\/Biblia-ministro-amoliada.png\",\"datePublished\":\"2024-07-17T23:44:06+00:00\",\"dateModified\":\"2026-04-04T21:23:51+00:00\",\"description\":\"Es ideal para usarla en el p\u00falpito por su dise\u00f1o pr\u00e1ctico, f\u00e1cil lectura y extensas notas auxiliares. Esta cuenta con una letra m\u00e1s grande de 12 puntos.\",\"breadcrumb\":{\"@id\":\"https:\\\/\\\/tzionlibreria.com\\\/index.php\\\/product\\\/biblia-del-ministro-letra-grande-12-puntos-reina-valera-piel-negro\\\/#breadcrumb\"},\"inLanguage\":\"es-CO\",\"potentialAction\":[{\"@type\":\"ReadAction\",\"target\":[\"https:\\\/\\\/tzionlibreria.com\\\/index.php\\\/product\\\/biblia-del-ministro-letra-grande-12-puntos-reina-valera-piel-negro\\\/\"]}]},{\"@type\":\"ImageObject\",\"inLanguage\":\"es-CO\",\"@id\":\"https:\\\/\\\/tzionlibreria.com\\\/index.php\\\/product\\\/biblia-del-ministro-letra-grande-12-puntos-reina-valera-piel-negro\\\/#primaryimage\",\"url\":\"https:\\\/\\\/tzionlibreria.com\\\/wp-content\\\/uploads\\\/2024\\\/07\\\/Biblia-ministro-amoliada.png\",\"contentUrl\":\"https:\\\/\\\/tzionlibreria.com\\\/wp-content\\\/uploads\\\/2024\\\/07\\\/Biblia-ministro-amoliada.png\",\"width\":1200,\"height\":1200},{\"@type\":\"BreadcrumbList\",\"@id\":\"https:\\\/\\\/tzionlibreria.com\\\/index.php\\\/product\\\/biblia-del-ministro-letra-grande-12-puntos-reina-valera-piel-negro\\\/#breadcrumb\",\"itemListElement\":[{\"@type\":\"ListItem\",\"position\":1,\"name\":\"Inicio\",\"item\":\"https:\\\/\\\/tzionlibreria.com\\\/\"},{\"@type\":\"ListItem\",\"position\":2,\"name\":\"Shop\",\"item\":\"https:\\\/\\\/tzionlibreria.com\\\/index.php\\\/shop\\\/\"},{\"@type\":\"ListItem\",\"position\":3,\"name\":\"Biblia del Ministro Letra Grande 12 puntos Reina Valera Piel Negro\"}]},{\"@type\":\"WebSite\",\"@id\":\"https:\\\/\\\/tzionlibreria.com\\\/#website\",\"url\":\"https:\\\/\\\/tzionlibreria.com\\\/\",\"name\":\"tzionlibreria.com\",\"description\":\"Libreria Cristiana Venezuela\",\"publisher\":{\"@id\":\"https:\\\/\\\/tzionlibreria.com\\\/#organization\"},\"potentialAction\":[{\"@type\":\"SearchAction\",\"target\":{\"@type\":\"EntryPoint\",\"urlTemplate\":\"https:\\\/\\\/tzionlibreria.com\\\/?s={search_term_string}\"},\"query-input\":{\"@type\":\"PropertyValueSpecification\",\"valueRequired\":true,\"valueName\":\"search_term_string\"}}],\"inLanguage\":\"es-CO\"},{\"@type\":\"Organization\",\"@id\":\"https:\\\/\\\/tzionlibreria.com\\\/#organization\",\"name\":\"tzionlibreria.com\",\"url\":\"https:\\\/\\\/tzionlibreria.com\\\/\",\"logo\":{\"@type\":\"ImageObject\",\"inLanguage\":\"es-CO\",\"@id\":\"https:\\\/\\\/tzionlibreria.com\\\/#\\\/schema\\\/logo\\\/image\\\/\",\"url\":\"https:\\\/\\\/tzionlibreria.com\\\/wp-content\\\/uploads\\\/2023\\\/10\\\/cropped-Cuadricula-scaled-1.jpg\",\"contentUrl\":\"https:\\\/\\\/tzionlibreria.com\\\/wp-content\\\/uploads\\\/2023\\\/10\\\/cropped-Cuadricula-scaled-1.jpg\",\"width\":2560,\"height\":2560,\"caption\":\"tzionlibreria.com\"},\"image\":{\"@id\":\"https:\\\/\\\/tzionlibreria.com\\\/#\\\/schema\\\/logo\\\/image\\\/\"}}]}<\/script>\n<!-- \/ Yoast SEO plugin. -->","yoast_head_json":{"title":"Biblia del Ministro Letra Grande 12 puntos Reina Valera Piel Negro - tzionlibreria.com","description":"Es ideal para usarla en el p\u00falpito por su dise\u00f1o pr\u00e1ctico, f\u00e1cil lectura y extensas notas auxiliares. Esta cuenta con una letra m\u00e1s grande de 12 puntos.","robots":{"index":"index","follow":"follow","max-snippet":"max-snippet:-1","max-image-preview":"max-image-preview:large","max-video-preview":"max-video-preview:-1"},"canonical":"https:\/\/tzionlibreria.com\/index.php\/product\/biblia-del-ministro-letra-grande-12-puntos-reina-valera-piel-negro\/","og_locale":"es_ES","og_type":"article","og_title":"Biblia del Ministro Letra Grande 12 puntos Reina Valera Piel Negro - tzionlibreria.com","og_description":"Es ideal para usarla en el p\u00falpito por su dise\u00f1o pr\u00e1ctico, f\u00e1cil lectura y extensas notas auxiliares. Esta cuenta con una letra m\u00e1s grande de 12 puntos.","og_url":"https:\/\/tzionlibreria.com\/index.php\/product\/biblia-del-ministro-letra-grande-12-puntos-reina-valera-piel-negro\/","og_site_name":"tzionlibreria.com","article_modified_time":"2026-04-04T21:23:51+00:00","og_image":[{"width":1200,"height":1200,"url":"http:\/\/tzionlibreria.com\/wp-content\/uploads\/2024\/07\/Biblia-ministro-amoliada.png","type":"image\/png"}],"twitter_card":"summary_large_image","twitter_misc":{"Tiempo de lectura":"2 minutos"},"schema":{"@context":"https:\/\/schema.org","@graph":[{"@type":"WebPage","@id":"https:\/\/tzionlibreria.com\/index.php\/product\/biblia-del-ministro-letra-grande-12-puntos-reina-valera-piel-negro\/","url":"https:\/\/tzionlibreria.com\/index.php\/product\/biblia-del-ministro-letra-grande-12-puntos-reina-valera-piel-negro\/","name":"Biblia del Ministro Letra Grande 12 puntos Reina Valera Piel Negro - tzionlibreria.com","isPartOf":{"@id":"https:\/\/tzionlibreria.com\/#website"},"primaryImageOfPage":{"@id":"https:\/\/tzionlibreria.com\/index.php\/product\/biblia-del-ministro-letra-grande-12-puntos-reina-valera-piel-negro\/#primaryimage"},"image":{"@id":"https:\/\/tzionlibreria.com\/index.php\/product\/biblia-del-ministro-letra-grande-12-puntos-reina-valera-piel-negro\/#primaryimage"},"thumbnailUrl":"https:\/\/tzionlibreria.com\/wp-content\/uploads\/2024\/07\/Biblia-ministro-amoliada.png","datePublished":"2024-07-17T23:44:06+00:00","dateModified":"2026-04-04T21:23:51+00:00","description":"Es ideal para usarla en el p\u00falpito por su dise\u00f1o pr\u00e1ctico, f\u00e1cil lectura y extensas notas auxiliares. Esta cuenta con una letra m\u00e1s grande de 12 puntos.","breadcrumb":{"@id":"https:\/\/tzionlibreria.com\/index.php\/product\/biblia-del-ministro-letra-grande-12-puntos-reina-valera-piel-negro\/#breadcrumb"},"inLanguage":"es-CO","potentialAction":[{"@type":"ReadAction","target":["https:\/\/tzionlibreria.com\/index.php\/product\/biblia-del-ministro-letra-grande-12-puntos-reina-valera-piel-negro\/"]}]},{"@type":"ImageObject","inLanguage":"es-CO","@id":"https:\/\/tzionlibreria.com\/index.php\/product\/biblia-del-ministro-letra-grande-12-puntos-reina-valera-piel-negro\/#primaryimage","url":"https:\/\/tzionlibreria.com\/wp-content\/uploads\/2024\/07\/Biblia-ministro-amoliada.png","contentUrl":"https:\/\/tzionlibreria.com\/wp-content\/uploads\/2024\/07\/Biblia-ministro-amoliada.png","width":1200,"height":1200},{"@type":"BreadcrumbList","@id":"https:\/\/tzionlibreria.com\/index.php\/product\/biblia-del-ministro-letra-grande-12-puntos-reina-valera-piel-negro\/#breadcrumb","itemListElement":[{"@type":"ListItem","position":1,"name":"Inicio","item":"https:\/\/tzionlibreria.com\/"},{"@type":"ListItem","position":2,"name":"Shop","item":"https:\/\/tzionlibreria.com\/index.php\/shop\/"},{"@type":"ListItem","position":3,"name":"Biblia del Ministro Letra Grande 12 puntos Reina Valera Piel Negro"}]},{"@type":"WebSite","@id":"https:\/\/tzionlibreria.com\/#website","url":"https:\/\/tzionlibreria.com\/","name":"tzionlibreria.com","description":"Libreria Cristiana Venezuela","publisher":{"@id":"https:\/\/tzionlibreria.com\/#organization"},"potentialAction":[{"@type":"SearchAction","target":{"@type":"EntryPoint","urlTemplate":"https:\/\/tzionlibreria.com\/?s={search_term_string}"},"query-input":{"@type":"PropertyValueSpecification","valueRequired":true,"valueName":"search_term_string"}}],"inLanguage":"es-CO"},{"@type":"Organization","@id":"https:\/\/tzionlibreria.com\/#organization","name":"tzionlibreria.com","url":"https:\/\/tzionlibreria.com\/","logo":{"@type":"ImageObject","inLanguage":"es-CO","@id":"https:\/\/tzionlibreria.com\/#\/schema\/logo\/image\/","url":"https:\/\/tzionlibreria.com\/wp-content\/uploads\/2023\/10\/cropped-Cuadricula-scaled-1.jpg","contentUrl":"https:\/\/tzionlibreria.com\/wp-content\/uploads\/2023\/10\/cropped-Cuadricula-scaled-1.jpg","width":2560,"height":2560,"caption":"tzionlibreria.com"},"image":{"@id":"https:\/\/tzionlibreria.com\/#\/schema\/logo\/image\/"}}]}},"jetpack_sharing_enabled":true,"_links":{"self":[{"href":"https:\/\/tzionlibreria.com\/index.php\/wp-json\/wp\/v2\/product\/3929","targetHints":{"allow":["GET"]}}],"collection":[{"href":"https:\/\/tzionlibreria.com\/index.php\/wp-json\/wp\/v2\/product"}],"about":[{"href":"https:\/\/tzionlibreria.com\/index.php\/wp-json\/wp\/v2\/types\/product"}],"replies":[{"embeddable":true,"href":"https:\/\/tzionlibreria.com\/index.php\/wp-json\/wp\/v2\/comments?post=3929"}],"wp:featuredmedia":[{"embeddable":true,"href":"https:\/\/tzionlibreria.com\/index.php\/wp-json\/wp\/v2\/media\/3930"}],"wp:attachment":[{"href":"https:\/\/tzionlibreria.com\/index.php\/wp-json\/wp\/v2\/media?parent=3929"}],"wp:term":[{"taxonomy":"product_brand","embeddable":true,"href":"https:\/\/tzionlibreria.com\/index.php\/wp-json\/wp\/v2\/product_brand?post=3929"},{"taxonomy":"product_cat","embeddable":true,"href":"https:\/\/tzionlibreria.com\/index.php\/wp-json\/wp\/v2\/product_cat?post=3929"},{"taxonomy":"product_tag","embeddable":true,"href":"https:\/\/tzionlibreria.com\/index.php\/wp-json\/wp\/v2\/product_tag?post=3929"}],"curies":[{"name":"wp","href":"https:\/\/api.w.org\/{rel}","templated":true}]}}