{"id":3971,"date":"2024-07-26T23:07:42","date_gmt":"2024-07-26T23:07:42","guid":{"rendered":"https:\/\/tzionlibreria.com\/?post_type=product&#038;p=3971"},"modified":"2024-08-16T00:03:23","modified_gmt":"2024-08-16T00:03:23","slug":"puede-sucederte-a-ti-josh-mcdowell","status":"publish","type":"product","link":"https:\/\/tzionlibreria.com\/index.php\/product\/puede-sucederte-a-ti-josh-mcdowell\/","title":{"rendered":"Puede sucederte a ti &#8211; Josh  McDowell"},"content":{"rendered":"<p>Si Sucedi\u00f3&#8230;\u00bfComo Sobrevivo? Si No Ha Sucedido&#8230;\u00bfQue Precauciones tomar para Que jam\u00e1s suceda?<\/p>\n<p>Est\u00e1s en el instituto, quizas seas alumna de una universidad mixta. Eres una cristiana con principios morales muy altos. Sales con personas agradables y te cuidas de los extra\u00f1os. La violacion en una cita nunca podr\u00eda sucederte a ti. \u00a1Error! Puede sucederte a ti o a una amiga, asi como alguien que conoces podr\u00eda tener un accidente automovil\u00edstico o sufrir un infarto.<\/p>\n<p>En los Estados Unidos ocurre una violaci\u00f3n cada seis minutos. Una de cada cuatro estudiantes universitarias experimentaran la violaci\u00f3n o intento de violaci\u00f3n, \u00a1y un abrumador ochenta y cuatro por ciento de estas v\u00edctimas conocer\u00e1 a sus agresores! No hay duda; la violaci\u00f3n en citas aumenta a un ritmo alarmante, dejando una infinidad de cicatrices emocionales en mujeres j\u00f3venes de entre 16 y 24 a\u00f1os. Puede sucederte a ti provee lo que necesitas saber a fin de prevenir la violaci\u00f3n en una cita y para recuperarte si tu o tu amiga se han transformado en una v\u00edctima de la violaci\u00f3n en una cita.<\/p>\n<p>El escritor y orador Josh McDowell, junto con la asesor\u00eda, el consejo y la asistencia de reconocidos expertos, han recopilado un libro breve, pero poderoso, que te lleva a traves de la vida de una joven cristiana que se enfrenta a un violador , su novio. Descubrir\u00e1s: Que es en realidad la violaci\u00f3n en una cita y como puede sucederte. C\u00f3mo puedes ayudar para evitar la violaci\u00f3n en una cita. Qu\u00e9 hacer si te violan. C\u00f3mo puedes recuperarte de la violaci\u00f3n en una cita. Nadie es inmune al peligro de la violaci\u00f3n.<\/p>\n<p>Este libro es lo que toda mujer, su familia y amigos, e incluso su novio, necesita saber acerca de la violaci\u00f3n en una cita&#8230; porque por m\u00e1s alarmante que parezca, puede sucederte a ti.<\/p>\n<p>&nbsp;<\/p>\n<ul class=\"a-unordered-list a-nostyle a-vertical a-spacing-none detail-bullet-list\">\n<li><span class=\"a-list-item\"><span class=\"a-text-bold\">Editorial: <\/span>Spanish House (1 Enero 2007)<\/span><\/li>\n<li><span class=\"a-list-item\"><span class=\"a-text-bold\">Idioma: \u200e<\/span>Espa\u00f1ol<\/span><\/li>\n<li><span class=\"a-list-item\"><span class=\"a-text-bold\">Tapa blanda: \u200e8<\/span>2 p\u00e1ginas<\/span><\/li>\n<li><span class=\"a-list-item\"><span class=\"a-text-bold\">ISBN: \u200e<\/span>9780789914897<\/span><\/li>\n<\/ul>\n<p>&nbsp;<\/p>\n<p>&nbsp;<\/p>\n","protected":false},"excerpt":{"rendered":"<p>Si Sucedi\u00f3&#8230;\u00bfComo Sobrevivo? Si No Ha Sucedido&#8230;\u00bfQue Precauciones tomar para Que jam\u00e1s suceda? Est\u00e1s en el instituto, quizas seas alumna de una universidad mixta. Eres una cristiana con principios morales muy altos. Sales con personas agradables y te cuidas de los extra\u00f1os. La violacion en una cita nunca podr\u00eda sucederte a ti. \u00a1Error! Puede sucederte [&hellip;]<\/p>\n","protected":false},"featured_media":3972,"comment_status":"open","ping_status":"closed","template":"","meta":{"om_disable_all_campaigns":false,"_monsterinsights_skip_tracking":false,"_monsterinsights_sitenote_active":false,"_monsterinsights_sitenote_note":"","_monsterinsights_sitenote_category":0,"site-sidebar-layout":"default","site-content-layout":"","ast-site-content-layout":"default","site-content-style":"default","site-sidebar-style":"default","ast-global-header-display":"","ast-banner-title-visibility":"","ast-main-header-display":"","ast-hfb-above-header-display":"","ast-hfb-below-header-display":"","ast-hfb-mobile-header-display":"","site-post-title":"","ast-breadcrumbs-content":"","ast-featured-img":"","footer-sml-layout":"","ast-disable-related-posts":"","theme-transparent-header-meta":"default","adv-header-id-meta":"","stick-header-meta":"","header-above-stick-meta":"","header-main-stick-meta":"","header-below-stick-meta":"","astra-migrate-meta-layouts":"set","ast-page-background-enabled":"default","ast-page-background-meta":{"desktop":{"background-color":"var(--ast-global-color-4)","background-image":"","background-repeat":"repeat","background-position":"center center","background-size":"auto","background-attachment":"scroll","background-type":"","background-media":"","overlay-type":"","overlay-color":"","overlay-opacity":"","overlay-gradient":""},"tablet":{"background-color":"","background-image":"","background-repeat":"repeat","background-position":"center center","background-size":"auto","background-attachment":"scroll","background-type":"","background-media":"","overlay-type":"","overlay-color":"","overlay-opacity":"","overlay-gradient":""},"mobile":{"background-color":"","background-image":"","background-repeat":"repeat","background-position":"center center","background-size":"auto","background-attachment":"scroll","background-type":"","background-media":"","overlay-type":"","overlay-color":"","overlay-opacity":"","overlay-gradient":""}},"ast-content-background-meta":{"desktop":{"background-color":"var(--ast-global-color-5)","background-image":"","background-repeat":"repeat","background-position":"center center","background-size":"auto","background-attachment":"scroll","background-type":"","background-media":"","overlay-type":"","overlay-color":"","overlay-opacity":"","overlay-gradient":""},"tablet":{"background-color":"var(--ast-global-color-5)","background-image":"","background-repeat":"repeat","background-position":"center center","background-size":"auto","background-attachment":"scroll","background-type":"","background-media":"","overlay-type":"","overlay-color":"","overlay-opacity":"","overlay-gradient":""},"mobile":{"background-color":"var(--ast-global-color-5)","background-image":"","background-repeat":"repeat","background-position":"center center","background-size":"auto","background-attachment":"scroll","background-type":"","background-media":"","overlay-type":"","overlay-color":"","overlay-opacity":"","overlay-gradient":""}}},"product_brand":[],"product_cat":[173,23,170],"product_tag":[278],"class_list":{"0":"post-3971","1":"product","2":"type-product","3":"status-publish","4":"has-post-thumbnail","6":"product_cat-jovenes","7":"product_cat-libros","8":"product_cat-mujeres","9":"product_tag-violacion","10":"desktop-align-left","11":"tablet-align-left","12":"mobile-align-left","14":"first","15":"instock","16":"shipping-taxable","17":"purchasable","18":"product-type-simple"},"yoast_head":"<!-- This site is optimized with the Yoast SEO plugin v27.4 - https:\/\/yoast.com\/product\/yoast-seo-wordpress\/ -->\n<title>Puede sucederte a ti - Josh McDowell - tzionlibreria.com<\/title>\n<meta name=\"description\" content=\"Este libro es lo que toda mujer, necesita saber acerca de la violaci\u00f3n en una cita... porque por m\u00e1s alarmante que parezca, puede sucederte a ti.\" \/>\n<meta name=\"robots\" content=\"index, follow, max-snippet:-1, max-image-preview:large, max-video-preview:-1\" \/>\n<link rel=\"canonical\" href=\"https:\/\/tzionlibreria.com\/index.php\/product\/puede-sucederte-a-ti-josh-mcdowell\/\" \/>\n<meta property=\"og:locale\" content=\"es_ES\" \/>\n<meta property=\"og:type\" content=\"article\" \/>\n<meta property=\"og:title\" content=\"Puede sucederte a ti - Josh McDowell - tzionlibreria.com\" \/>\n<meta property=\"og:description\" content=\"Este libro es lo que toda mujer, necesita saber acerca de la violaci\u00f3n en una cita... porque por m\u00e1s alarmante que parezca, puede sucederte a ti.\" \/>\n<meta property=\"og:url\" content=\"https:\/\/tzionlibreria.com\/index.php\/product\/puede-sucederte-a-ti-josh-mcdowell\/\" \/>\n<meta property=\"og:site_name\" content=\"tzionlibreria.com\" \/>\n<meta property=\"article:modified_time\" content=\"2024-08-16T00:03:23+00:00\" \/>\n<meta property=\"og:image\" content=\"http:\/\/tzionlibreria.com\/wp-content\/uploads\/2024\/07\/puede-sucederte-a-ti.png\" \/>\n\t<meta property=\"og:image:width\" content=\"1200\" \/>\n\t<meta property=\"og:image:height\" content=\"1200\" \/>\n\t<meta property=\"og:image:type\" content=\"image\/png\" \/>\n<meta name=\"twitter:card\" content=\"summary_large_image\" \/>\n<meta name=\"twitter:label1\" content=\"Tiempo de lectura\" \/>\n\t<meta name=\"twitter:data1\" content=\"2 minutos\" \/>\n<script type=\"application\/ld+json\" class=\"yoast-schema-graph\">{\"@context\":\"https:\\\/\\\/schema.org\",\"@graph\":[{\"@type\":\"WebPage\",\"@id\":\"https:\\\/\\\/tzionlibreria.com\\\/index.php\\\/product\\\/puede-sucederte-a-ti-josh-mcdowell\\\/\",\"url\":\"https:\\\/\\\/tzionlibreria.com\\\/index.php\\\/product\\\/puede-sucederte-a-ti-josh-mcdowell\\\/\",\"name\":\"Puede sucederte a ti - Josh McDowell - tzionlibreria.com\",\"isPartOf\":{\"@id\":\"https:\\\/\\\/tzionlibreria.com\\\/#website\"},\"primaryImageOfPage\":{\"@id\":\"https:\\\/\\\/tzionlibreria.com\\\/index.php\\\/product\\\/puede-sucederte-a-ti-josh-mcdowell\\\/#primaryimage\"},\"image\":{\"@id\":\"https:\\\/\\\/tzionlibreria.com\\\/index.php\\\/product\\\/puede-sucederte-a-ti-josh-mcdowell\\\/#primaryimage\"},\"thumbnailUrl\":\"https:\\\/\\\/tzionlibreria.com\\\/wp-content\\\/uploads\\\/2024\\\/07\\\/puede-sucederte-a-ti.png\",\"datePublished\":\"2024-07-26T23:07:42+00:00\",\"dateModified\":\"2024-08-16T00:03:23+00:00\",\"description\":\"Este libro es lo que toda mujer, necesita saber acerca de la violaci\u00f3n en una cita... porque por m\u00e1s alarmante que parezca, puede sucederte a ti.\",\"breadcrumb\":{\"@id\":\"https:\\\/\\\/tzionlibreria.com\\\/index.php\\\/product\\\/puede-sucederte-a-ti-josh-mcdowell\\\/#breadcrumb\"},\"inLanguage\":\"es-CO\",\"potentialAction\":[{\"@type\":\"ReadAction\",\"target\":[\"https:\\\/\\\/tzionlibreria.com\\\/index.php\\\/product\\\/puede-sucederte-a-ti-josh-mcdowell\\\/\"]}]},{\"@type\":\"ImageObject\",\"inLanguage\":\"es-CO\",\"@id\":\"https:\\\/\\\/tzionlibreria.com\\\/index.php\\\/product\\\/puede-sucederte-a-ti-josh-mcdowell\\\/#primaryimage\",\"url\":\"https:\\\/\\\/tzionlibreria.com\\\/wp-content\\\/uploads\\\/2024\\\/07\\\/puede-sucederte-a-ti.png\",\"contentUrl\":\"https:\\\/\\\/tzionlibreria.com\\\/wp-content\\\/uploads\\\/2024\\\/07\\\/puede-sucederte-a-ti.png\",\"width\":1200,\"height\":1200},{\"@type\":\"BreadcrumbList\",\"@id\":\"https:\\\/\\\/tzionlibreria.com\\\/index.php\\\/product\\\/puede-sucederte-a-ti-josh-mcdowell\\\/#breadcrumb\",\"itemListElement\":[{\"@type\":\"ListItem\",\"position\":1,\"name\":\"Inicio\",\"item\":\"https:\\\/\\\/tzionlibreria.com\\\/\"},{\"@type\":\"ListItem\",\"position\":2,\"name\":\"Shop\",\"item\":\"https:\\\/\\\/tzionlibreria.com\\\/index.php\\\/shop\\\/\"},{\"@type\":\"ListItem\",\"position\":3,\"name\":\"Puede sucederte a ti &#8211; Josh McDowell\"}]},{\"@type\":\"WebSite\",\"@id\":\"https:\\\/\\\/tzionlibreria.com\\\/#website\",\"url\":\"https:\\\/\\\/tzionlibreria.com\\\/\",\"name\":\"tzionlibreria.com\",\"description\":\"Libreria Cristiana Venezuela\",\"publisher\":{\"@id\":\"https:\\\/\\\/tzionlibreria.com\\\/#organization\"},\"potentialAction\":[{\"@type\":\"SearchAction\",\"target\":{\"@type\":\"EntryPoint\",\"urlTemplate\":\"https:\\\/\\\/tzionlibreria.com\\\/?s={search_term_string}\"},\"query-input\":{\"@type\":\"PropertyValueSpecification\",\"valueRequired\":true,\"valueName\":\"search_term_string\"}}],\"inLanguage\":\"es-CO\"},{\"@type\":\"Organization\",\"@id\":\"https:\\\/\\\/tzionlibreria.com\\\/#organization\",\"name\":\"tzionlibreria.com\",\"url\":\"https:\\\/\\\/tzionlibreria.com\\\/\",\"logo\":{\"@type\":\"ImageObject\",\"inLanguage\":\"es-CO\",\"@id\":\"https:\\\/\\\/tzionlibreria.com\\\/#\\\/schema\\\/logo\\\/image\\\/\",\"url\":\"https:\\\/\\\/tzionlibreria.com\\\/wp-content\\\/uploads\\\/2023\\\/10\\\/cropped-Cuadricula-scaled-1.jpg\",\"contentUrl\":\"https:\\\/\\\/tzionlibreria.com\\\/wp-content\\\/uploads\\\/2023\\\/10\\\/cropped-Cuadricula-scaled-1.jpg\",\"width\":2560,\"height\":2560,\"caption\":\"tzionlibreria.com\"},\"image\":{\"@id\":\"https:\\\/\\\/tzionlibreria.com\\\/#\\\/schema\\\/logo\\\/image\\\/\"}}]}<\/script>\n<!-- \/ Yoast SEO plugin. -->","yoast_head_json":{"title":"Puede sucederte a ti - Josh McDowell - tzionlibreria.com","description":"Este libro es lo que toda mujer, necesita saber acerca de la violaci\u00f3n en una cita... porque por m\u00e1s alarmante que parezca, puede sucederte a ti.","robots":{"index":"index","follow":"follow","max-snippet":"max-snippet:-1","max-image-preview":"max-image-preview:large","max-video-preview":"max-video-preview:-1"},"canonical":"https:\/\/tzionlibreria.com\/index.php\/product\/puede-sucederte-a-ti-josh-mcdowell\/","og_locale":"es_ES","og_type":"article","og_title":"Puede sucederte a ti - Josh McDowell - tzionlibreria.com","og_description":"Este libro es lo que toda mujer, necesita saber acerca de la violaci\u00f3n en una cita... porque por m\u00e1s alarmante que parezca, puede sucederte a ti.","og_url":"https:\/\/tzionlibreria.com\/index.php\/product\/puede-sucederte-a-ti-josh-mcdowell\/","og_site_name":"tzionlibreria.com","article_modified_time":"2024-08-16T00:03:23+00:00","og_image":[{"width":1200,"height":1200,"url":"http:\/\/tzionlibreria.com\/wp-content\/uploads\/2024\/07\/puede-sucederte-a-ti.png","type":"image\/png"}],"twitter_card":"summary_large_image","twitter_misc":{"Tiempo de lectura":"2 minutos"},"schema":{"@context":"https:\/\/schema.org","@graph":[{"@type":"WebPage","@id":"https:\/\/tzionlibreria.com\/index.php\/product\/puede-sucederte-a-ti-josh-mcdowell\/","url":"https:\/\/tzionlibreria.com\/index.php\/product\/puede-sucederte-a-ti-josh-mcdowell\/","name":"Puede sucederte a ti - Josh McDowell - tzionlibreria.com","isPartOf":{"@id":"https:\/\/tzionlibreria.com\/#website"},"primaryImageOfPage":{"@id":"https:\/\/tzionlibreria.com\/index.php\/product\/puede-sucederte-a-ti-josh-mcdowell\/#primaryimage"},"image":{"@id":"https:\/\/tzionlibreria.com\/index.php\/product\/puede-sucederte-a-ti-josh-mcdowell\/#primaryimage"},"thumbnailUrl":"https:\/\/tzionlibreria.com\/wp-content\/uploads\/2024\/07\/puede-sucederte-a-ti.png","datePublished":"2024-07-26T23:07:42+00:00","dateModified":"2024-08-16T00:03:23+00:00","description":"Este libro es lo que toda mujer, necesita saber acerca de la violaci\u00f3n en una cita... porque por m\u00e1s alarmante que parezca, puede sucederte a ti.","breadcrumb":{"@id":"https:\/\/tzionlibreria.com\/index.php\/product\/puede-sucederte-a-ti-josh-mcdowell\/#breadcrumb"},"inLanguage":"es-CO","potentialAction":[{"@type":"ReadAction","target":["https:\/\/tzionlibreria.com\/index.php\/product\/puede-sucederte-a-ti-josh-mcdowell\/"]}]},{"@type":"ImageObject","inLanguage":"es-CO","@id":"https:\/\/tzionlibreria.com\/index.php\/product\/puede-sucederte-a-ti-josh-mcdowell\/#primaryimage","url":"https:\/\/tzionlibreria.com\/wp-content\/uploads\/2024\/07\/puede-sucederte-a-ti.png","contentUrl":"https:\/\/tzionlibreria.com\/wp-content\/uploads\/2024\/07\/puede-sucederte-a-ti.png","width":1200,"height":1200},{"@type":"BreadcrumbList","@id":"https:\/\/tzionlibreria.com\/index.php\/product\/puede-sucederte-a-ti-josh-mcdowell\/#breadcrumb","itemListElement":[{"@type":"ListItem","position":1,"name":"Inicio","item":"https:\/\/tzionlibreria.com\/"},{"@type":"ListItem","position":2,"name":"Shop","item":"https:\/\/tzionlibreria.com\/index.php\/shop\/"},{"@type":"ListItem","position":3,"name":"Puede sucederte a ti &#8211; Josh McDowell"}]},{"@type":"WebSite","@id":"https:\/\/tzionlibreria.com\/#website","url":"https:\/\/tzionlibreria.com\/","name":"tzionlibreria.com","description":"Libreria Cristiana Venezuela","publisher":{"@id":"https:\/\/tzionlibreria.com\/#organization"},"potentialAction":[{"@type":"SearchAction","target":{"@type":"EntryPoint","urlTemplate":"https:\/\/tzionlibreria.com\/?s={search_term_string}"},"query-input":{"@type":"PropertyValueSpecification","valueRequired":true,"valueName":"search_term_string"}}],"inLanguage":"es-CO"},{"@type":"Organization","@id":"https:\/\/tzionlibreria.com\/#organization","name":"tzionlibreria.com","url":"https:\/\/tzionlibreria.com\/","logo":{"@type":"ImageObject","inLanguage":"es-CO","@id":"https:\/\/tzionlibreria.com\/#\/schema\/logo\/image\/","url":"https:\/\/tzionlibreria.com\/wp-content\/uploads\/2023\/10\/cropped-Cuadricula-scaled-1.jpg","contentUrl":"https:\/\/tzionlibreria.com\/wp-content\/uploads\/2023\/10\/cropped-Cuadricula-scaled-1.jpg","width":2560,"height":2560,"caption":"tzionlibreria.com"},"image":{"@id":"https:\/\/tzionlibreria.com\/#\/schema\/logo\/image\/"}}]}},"jetpack_sharing_enabled":true,"_links":{"self":[{"href":"https:\/\/tzionlibreria.com\/index.php\/wp-json\/wp\/v2\/product\/3971","targetHints":{"allow":["GET"]}}],"collection":[{"href":"https:\/\/tzionlibreria.com\/index.php\/wp-json\/wp\/v2\/product"}],"about":[{"href":"https:\/\/tzionlibreria.com\/index.php\/wp-json\/wp\/v2\/types\/product"}],"replies":[{"embeddable":true,"href":"https:\/\/tzionlibreria.com\/index.php\/wp-json\/wp\/v2\/comments?post=3971"}],"wp:featuredmedia":[{"embeddable":true,"href":"https:\/\/tzionlibreria.com\/index.php\/wp-json\/wp\/v2\/media\/3972"}],"wp:attachment":[{"href":"https:\/\/tzionlibreria.com\/index.php\/wp-json\/wp\/v2\/media?parent=3971"}],"wp:term":[{"taxonomy":"product_brand","embeddable":true,"href":"https:\/\/tzionlibreria.com\/index.php\/wp-json\/wp\/v2\/product_brand?post=3971"},{"taxonomy":"product_cat","embeddable":true,"href":"https:\/\/tzionlibreria.com\/index.php\/wp-json\/wp\/v2\/product_cat?post=3971"},{"taxonomy":"product_tag","embeddable":true,"href":"https:\/\/tzionlibreria.com\/index.php\/wp-json\/wp\/v2\/product_tag?post=3971"}],"curies":[{"name":"wp","href":"https:\/\/api.w.org\/{rel}","templated":true}]}}