{"id":3975,"date":"2024-07-26T23:22:30","date_gmt":"2024-07-26T23:22:30","guid":{"rendered":"https:\/\/tzionlibreria.com\/?post_type=product&#038;p=3975"},"modified":"2024-11-30T19:31:08","modified_gmt":"2024-11-30T19:31:08","slug":"socorro-mi-hijo-tiene-problemas-en-la-escuela-g-martin","status":"publish","type":"product","link":"https:\/\/tzionlibreria.com\/index.php\/product\/socorro-mi-hijo-tiene-problemas-en-la-escuela-g-martin\/","title":{"rendered":"Socorro! Mi Hijo Tiene Problemas en la Escuela &#8211;  G. Martin"},"content":{"rendered":"<p><span style=\"font-size: 16px;\">No todos los ni\u00f1os avanzan en la tarea escolar. Ahora bien, usted puede averiguar si su hijo solo es un ni\u00f1o o si quiz\u00e1 tenga una incapacidad en el aprendizaje que le limiten. En esta gu\u00eda \u00fatil, aprender\u00e1 acerca del trastorno por d\u00e9ficit de atenci\u00f3n e hiperactividad (TDAH), el bajo rendimiento, cu\u00e1ndo buscar un diagn\u00f3stico profesional, c\u00f3mo cooperar con la escuela de su hijo y m\u00e1s. \u00a1\u00danase a su hijo con este recurso informativo y ofrezca el apoyo que a la larga traer\u00e1 el \u00e9xito al aula!<\/span><\/p>\n<div id=\"ctl00_ucPDTabs_ctl00_fs\" class=\"ProductDetailGroup\">\n<div><\/div>\n<\/div>\n<div id=\"ctl00_ucPDTabs_ctl01_fs\" class=\"ProductDetailGroup\"><\/div>\n<div>\n<ul class=\"a-unordered-list a-nostyle a-vertical a-spacing-none detail-bullet-list\">\n<li><span class=\"a-list-item\"><span class=\"a-text-bold\"><strong>Editorial:<\/strong> \u200e <\/span>Spanish House (1 Enero 2009)<\/span><\/li>\n<li><span class=\"a-list-item\"><span class=\"a-text-bold\"><strong>Idioma:<\/strong> \u200e <\/span>Espa\u00f1ol<\/span><\/li>\n<li><span class=\"a-list-item\"><span class=\"a-text-bold\"><strong>Tapa bland<\/strong>a : \u200e<\/span>107 p\u00e1ginas<\/span><\/li>\n<li><span class=\"a-list-item\"><span class=\"a-text-bold\"><strong>ISBN<\/strong>: \u200e <\/span>9780789916402<\/span><\/li>\n<li><strong>Tama\u00f1o<\/strong>: 10.8 x 17 x 0.9 cm<\/li>\n<li>\n<div>\n<div id=\"ctl00_ucPDTabs_ctl01_fs\" class=\"ProductDetailGroup\"><strong style=\"font-size: 16px;\">P\u00e1ginas:<\/strong><span style=\"font-size: 16px;\">\u00a0107<\/span><\/div>\n<\/div>\n<\/li>\n<\/ul>\n<\/div>\n","protected":false},"excerpt":{"rendered":"<p>No todos los ni\u00f1os avanzan en la tarea escolar. Ahora bien, usted puede averiguar si su hijo solo es un ni\u00f1o o si quiz\u00e1 tenga una incapacidad en el aprendizaje que le limiten. En esta gu\u00eda \u00fatil, aprender\u00e1 acerca del trastorno por d\u00e9ficit de atenci\u00f3n e hiperactividad (TDAH), el bajo rendimiento, cu\u00e1ndo buscar un diagn\u00f3stico [&hellip;]<\/p>\n","protected":false},"featured_media":3976,"comment_status":"open","ping_status":"closed","template":"","meta":{"om_disable_all_campaigns":false,"_monsterinsights_skip_tracking":false,"_monsterinsights_sitenote_active":false,"_monsterinsights_sitenote_note":"","_monsterinsights_sitenote_category":0,"site-sidebar-layout":"default","site-content-layout":"","ast-site-content-layout":"default","site-content-style":"default","site-sidebar-style":"default","ast-global-header-display":"","ast-banner-title-visibility":"","ast-main-header-display":"","ast-hfb-above-header-display":"","ast-hfb-below-header-display":"","ast-hfb-mobile-header-display":"","site-post-title":"","ast-breadcrumbs-content":"","ast-featured-img":"","footer-sml-layout":"","ast-disable-related-posts":"","theme-transparent-header-meta":"default","adv-header-id-meta":"","stick-header-meta":"","header-above-stick-meta":"","header-main-stick-meta":"","header-below-stick-meta":"","astra-migrate-meta-layouts":"set","ast-page-background-enabled":"default","ast-page-background-meta":{"desktop":{"background-color":"var(--ast-global-color-4)","background-image":"","background-repeat":"repeat","background-position":"center center","background-size":"auto","background-attachment":"scroll","background-type":"","background-media":"","overlay-type":"","overlay-color":"","overlay-opacity":"","overlay-gradient":""},"tablet":{"background-color":"","background-image":"","background-repeat":"repeat","background-position":"center center","background-size":"auto","background-attachment":"scroll","background-type":"","background-media":"","overlay-type":"","overlay-color":"","overlay-opacity":"","overlay-gradient":""},"mobile":{"background-color":"","background-image":"","background-repeat":"repeat","background-position":"center center","background-size":"auto","background-attachment":"scroll","background-type":"","background-media":"","overlay-type":"","overlay-color":"","overlay-opacity":"","overlay-gradient":""}},"ast-content-background-meta":{"desktop":{"background-color":"var(--ast-global-color-5)","background-image":"","background-repeat":"repeat","background-position":"center center","background-size":"auto","background-attachment":"scroll","background-type":"","background-media":"","overlay-type":"","overlay-color":"","overlay-opacity":"","overlay-gradient":""},"tablet":{"background-color":"var(--ast-global-color-5)","background-image":"","background-repeat":"repeat","background-position":"center center","background-size":"auto","background-attachment":"scroll","background-type":"","background-media":"","overlay-type":"","overlay-color":"","overlay-opacity":"","overlay-gradient":""},"mobile":{"background-color":"var(--ast-global-color-5)","background-image":"","background-repeat":"repeat","background-position":"center center","background-size":"auto","background-attachment":"scroll","background-type":"","background-media":"","overlay-type":"","overlay-color":"","overlay-opacity":"","overlay-gradient":""}}},"product_brand":[],"product_cat":[167,23],"product_tag":[108,280,233,107],"class_list":{"0":"post-3975","1":"product","2":"type-product","3":"status-publish","4":"has-post-thumbnail","6":"product_cat-familia","7":"product_cat-libros","8":"product_tag-crianza","9":"product_tag-educacion","10":"product_tag-hijos","11":"product_tag-padres","12":"desktop-align-left","13":"tablet-align-left","14":"mobile-align-left","16":"first","17":"instock","18":"shipping-taxable","19":"purchasable","20":"product-type-simple"},"yoast_head":"<!-- This site is optimized with the Yoast SEO plugin v27.4 - https:\/\/yoast.com\/product\/yoast-seo-wordpress\/ -->\n<title>Socorro! Mi Hijo Tiene Problemas en la Escuela - G. Martin - tzionlibreria.com<\/title>\n<meta name=\"description\" content=\"C\u00f3mo cooperar con la escuela de su hijo y m\u00e1s. \u00a1\u00danase a su hijo con este recurso informativo y ofrezca el apoyo que a la larga traer\u00e1 el \u00e9xito al aula!\" \/>\n<meta name=\"robots\" content=\"index, follow, max-snippet:-1, max-image-preview:large, max-video-preview:-1\" \/>\n<link rel=\"canonical\" href=\"https:\/\/tzionlibreria.com\/index.php\/product\/socorro-mi-hijo-tiene-problemas-en-la-escuela-g-martin\/\" \/>\n<meta property=\"og:locale\" content=\"es_ES\" \/>\n<meta property=\"og:type\" content=\"article\" \/>\n<meta property=\"og:title\" content=\"Socorro! Mi Hijo Tiene Problemas en la Escuela - G. Martin - tzionlibreria.com\" \/>\n<meta property=\"og:description\" content=\"C\u00f3mo cooperar con la escuela de su hijo y m\u00e1s. \u00a1\u00danase a su hijo con este recurso informativo y ofrezca el apoyo que a la larga traer\u00e1 el \u00e9xito al aula!\" \/>\n<meta property=\"og:url\" content=\"https:\/\/tzionlibreria.com\/index.php\/product\/socorro-mi-hijo-tiene-problemas-en-la-escuela-g-martin\/\" \/>\n<meta property=\"og:site_name\" content=\"tzionlibreria.com\" \/>\n<meta property=\"article:modified_time\" content=\"2024-11-30T19:31:08+00:00\" \/>\n<meta property=\"og:image\" content=\"http:\/\/tzionlibreria.com\/wp-content\/uploads\/2024\/07\/socorro.png\" \/>\n\t<meta property=\"og:image:width\" content=\"1200\" \/>\n\t<meta property=\"og:image:height\" content=\"1200\" \/>\n\t<meta property=\"og:image:type\" content=\"image\/png\" \/>\n<meta name=\"twitter:card\" content=\"summary_large_image\" \/>\n<meta name=\"twitter:label1\" content=\"Tiempo de lectura\" \/>\n\t<meta name=\"twitter:data1\" content=\"1 minuto\" \/>\n<script type=\"application\/ld+json\" class=\"yoast-schema-graph\">{\"@context\":\"https:\\\/\\\/schema.org\",\"@graph\":[{\"@type\":\"WebPage\",\"@id\":\"https:\\\/\\\/tzionlibreria.com\\\/index.php\\\/product\\\/socorro-mi-hijo-tiene-problemas-en-la-escuela-g-martin\\\/\",\"url\":\"https:\\\/\\\/tzionlibreria.com\\\/index.php\\\/product\\\/socorro-mi-hijo-tiene-problemas-en-la-escuela-g-martin\\\/\",\"name\":\"Socorro! Mi Hijo Tiene Problemas en la Escuela - G. Martin - tzionlibreria.com\",\"isPartOf\":{\"@id\":\"https:\\\/\\\/tzionlibreria.com\\\/#website\"},\"primaryImageOfPage\":{\"@id\":\"https:\\\/\\\/tzionlibreria.com\\\/index.php\\\/product\\\/socorro-mi-hijo-tiene-problemas-en-la-escuela-g-martin\\\/#primaryimage\"},\"image\":{\"@id\":\"https:\\\/\\\/tzionlibreria.com\\\/index.php\\\/product\\\/socorro-mi-hijo-tiene-problemas-en-la-escuela-g-martin\\\/#primaryimage\"},\"thumbnailUrl\":\"https:\\\/\\\/tzionlibreria.com\\\/wp-content\\\/uploads\\\/2024\\\/07\\\/socorro.png\",\"datePublished\":\"2024-07-26T23:22:30+00:00\",\"dateModified\":\"2024-11-30T19:31:08+00:00\",\"description\":\"C\u00f3mo cooperar con la escuela de su hijo y m\u00e1s. \u00a1\u00danase a su hijo con este recurso informativo y ofrezca el apoyo que a la larga traer\u00e1 el \u00e9xito al aula!\",\"breadcrumb\":{\"@id\":\"https:\\\/\\\/tzionlibreria.com\\\/index.php\\\/product\\\/socorro-mi-hijo-tiene-problemas-en-la-escuela-g-martin\\\/#breadcrumb\"},\"inLanguage\":\"es-CO\",\"potentialAction\":[{\"@type\":\"ReadAction\",\"target\":[\"https:\\\/\\\/tzionlibreria.com\\\/index.php\\\/product\\\/socorro-mi-hijo-tiene-problemas-en-la-escuela-g-martin\\\/\"]}]},{\"@type\":\"ImageObject\",\"inLanguage\":\"es-CO\",\"@id\":\"https:\\\/\\\/tzionlibreria.com\\\/index.php\\\/product\\\/socorro-mi-hijo-tiene-problemas-en-la-escuela-g-martin\\\/#primaryimage\",\"url\":\"https:\\\/\\\/tzionlibreria.com\\\/wp-content\\\/uploads\\\/2024\\\/07\\\/socorro.png\",\"contentUrl\":\"https:\\\/\\\/tzionlibreria.com\\\/wp-content\\\/uploads\\\/2024\\\/07\\\/socorro.png\",\"width\":1200,\"height\":1200},{\"@type\":\"BreadcrumbList\",\"@id\":\"https:\\\/\\\/tzionlibreria.com\\\/index.php\\\/product\\\/socorro-mi-hijo-tiene-problemas-en-la-escuela-g-martin\\\/#breadcrumb\",\"itemListElement\":[{\"@type\":\"ListItem\",\"position\":1,\"name\":\"Inicio\",\"item\":\"https:\\\/\\\/tzionlibreria.com\\\/\"},{\"@type\":\"ListItem\",\"position\":2,\"name\":\"Shop\",\"item\":\"https:\\\/\\\/tzionlibreria.com\\\/index.php\\\/shop\\\/\"},{\"@type\":\"ListItem\",\"position\":3,\"name\":\"Socorro! Mi Hijo Tiene Problemas en la Escuela &#8211; G. Martin\"}]},{\"@type\":\"WebSite\",\"@id\":\"https:\\\/\\\/tzionlibreria.com\\\/#website\",\"url\":\"https:\\\/\\\/tzionlibreria.com\\\/\",\"name\":\"tzionlibreria.com\",\"description\":\"Libreria Cristiana Venezuela\",\"publisher\":{\"@id\":\"https:\\\/\\\/tzionlibreria.com\\\/#organization\"},\"potentialAction\":[{\"@type\":\"SearchAction\",\"target\":{\"@type\":\"EntryPoint\",\"urlTemplate\":\"https:\\\/\\\/tzionlibreria.com\\\/?s={search_term_string}\"},\"query-input\":{\"@type\":\"PropertyValueSpecification\",\"valueRequired\":true,\"valueName\":\"search_term_string\"}}],\"inLanguage\":\"es-CO\"},{\"@type\":\"Organization\",\"@id\":\"https:\\\/\\\/tzionlibreria.com\\\/#organization\",\"name\":\"tzionlibreria.com\",\"url\":\"https:\\\/\\\/tzionlibreria.com\\\/\",\"logo\":{\"@type\":\"ImageObject\",\"inLanguage\":\"es-CO\",\"@id\":\"https:\\\/\\\/tzionlibreria.com\\\/#\\\/schema\\\/logo\\\/image\\\/\",\"url\":\"https:\\\/\\\/tzionlibreria.com\\\/wp-content\\\/uploads\\\/2023\\\/10\\\/cropped-Cuadricula-scaled-1.jpg\",\"contentUrl\":\"https:\\\/\\\/tzionlibreria.com\\\/wp-content\\\/uploads\\\/2023\\\/10\\\/cropped-Cuadricula-scaled-1.jpg\",\"width\":2560,\"height\":2560,\"caption\":\"tzionlibreria.com\"},\"image\":{\"@id\":\"https:\\\/\\\/tzionlibreria.com\\\/#\\\/schema\\\/logo\\\/image\\\/\"}}]}<\/script>\n<!-- \/ Yoast SEO plugin. -->","yoast_head_json":{"title":"Socorro! Mi Hijo Tiene Problemas en la Escuela - G. Martin - tzionlibreria.com","description":"C\u00f3mo cooperar con la escuela de su hijo y m\u00e1s. \u00a1\u00danase a su hijo con este recurso informativo y ofrezca el apoyo que a la larga traer\u00e1 el \u00e9xito al aula!","robots":{"index":"index","follow":"follow","max-snippet":"max-snippet:-1","max-image-preview":"max-image-preview:large","max-video-preview":"max-video-preview:-1"},"canonical":"https:\/\/tzionlibreria.com\/index.php\/product\/socorro-mi-hijo-tiene-problemas-en-la-escuela-g-martin\/","og_locale":"es_ES","og_type":"article","og_title":"Socorro! Mi Hijo Tiene Problemas en la Escuela - G. Martin - tzionlibreria.com","og_description":"C\u00f3mo cooperar con la escuela de su hijo y m\u00e1s. \u00a1\u00danase a su hijo con este recurso informativo y ofrezca el apoyo que a la larga traer\u00e1 el \u00e9xito al aula!","og_url":"https:\/\/tzionlibreria.com\/index.php\/product\/socorro-mi-hijo-tiene-problemas-en-la-escuela-g-martin\/","og_site_name":"tzionlibreria.com","article_modified_time":"2024-11-30T19:31:08+00:00","og_image":[{"width":1200,"height":1200,"url":"http:\/\/tzionlibreria.com\/wp-content\/uploads\/2024\/07\/socorro.png","type":"image\/png"}],"twitter_card":"summary_large_image","twitter_misc":{"Tiempo de lectura":"1 minuto"},"schema":{"@context":"https:\/\/schema.org","@graph":[{"@type":"WebPage","@id":"https:\/\/tzionlibreria.com\/index.php\/product\/socorro-mi-hijo-tiene-problemas-en-la-escuela-g-martin\/","url":"https:\/\/tzionlibreria.com\/index.php\/product\/socorro-mi-hijo-tiene-problemas-en-la-escuela-g-martin\/","name":"Socorro! Mi Hijo Tiene Problemas en la Escuela - G. Martin - tzionlibreria.com","isPartOf":{"@id":"https:\/\/tzionlibreria.com\/#website"},"primaryImageOfPage":{"@id":"https:\/\/tzionlibreria.com\/index.php\/product\/socorro-mi-hijo-tiene-problemas-en-la-escuela-g-martin\/#primaryimage"},"image":{"@id":"https:\/\/tzionlibreria.com\/index.php\/product\/socorro-mi-hijo-tiene-problemas-en-la-escuela-g-martin\/#primaryimage"},"thumbnailUrl":"https:\/\/tzionlibreria.com\/wp-content\/uploads\/2024\/07\/socorro.png","datePublished":"2024-07-26T23:22:30+00:00","dateModified":"2024-11-30T19:31:08+00:00","description":"C\u00f3mo cooperar con la escuela de su hijo y m\u00e1s. \u00a1\u00danase a su hijo con este recurso informativo y ofrezca el apoyo que a la larga traer\u00e1 el \u00e9xito al aula!","breadcrumb":{"@id":"https:\/\/tzionlibreria.com\/index.php\/product\/socorro-mi-hijo-tiene-problemas-en-la-escuela-g-martin\/#breadcrumb"},"inLanguage":"es-CO","potentialAction":[{"@type":"ReadAction","target":["https:\/\/tzionlibreria.com\/index.php\/product\/socorro-mi-hijo-tiene-problemas-en-la-escuela-g-martin\/"]}]},{"@type":"ImageObject","inLanguage":"es-CO","@id":"https:\/\/tzionlibreria.com\/index.php\/product\/socorro-mi-hijo-tiene-problemas-en-la-escuela-g-martin\/#primaryimage","url":"https:\/\/tzionlibreria.com\/wp-content\/uploads\/2024\/07\/socorro.png","contentUrl":"https:\/\/tzionlibreria.com\/wp-content\/uploads\/2024\/07\/socorro.png","width":1200,"height":1200},{"@type":"BreadcrumbList","@id":"https:\/\/tzionlibreria.com\/index.php\/product\/socorro-mi-hijo-tiene-problemas-en-la-escuela-g-martin\/#breadcrumb","itemListElement":[{"@type":"ListItem","position":1,"name":"Inicio","item":"https:\/\/tzionlibreria.com\/"},{"@type":"ListItem","position":2,"name":"Shop","item":"https:\/\/tzionlibreria.com\/index.php\/shop\/"},{"@type":"ListItem","position":3,"name":"Socorro! Mi Hijo Tiene Problemas en la Escuela &#8211; G. Martin"}]},{"@type":"WebSite","@id":"https:\/\/tzionlibreria.com\/#website","url":"https:\/\/tzionlibreria.com\/","name":"tzionlibreria.com","description":"Libreria Cristiana Venezuela","publisher":{"@id":"https:\/\/tzionlibreria.com\/#organization"},"potentialAction":[{"@type":"SearchAction","target":{"@type":"EntryPoint","urlTemplate":"https:\/\/tzionlibreria.com\/?s={search_term_string}"},"query-input":{"@type":"PropertyValueSpecification","valueRequired":true,"valueName":"search_term_string"}}],"inLanguage":"es-CO"},{"@type":"Organization","@id":"https:\/\/tzionlibreria.com\/#organization","name":"tzionlibreria.com","url":"https:\/\/tzionlibreria.com\/","logo":{"@type":"ImageObject","inLanguage":"es-CO","@id":"https:\/\/tzionlibreria.com\/#\/schema\/logo\/image\/","url":"https:\/\/tzionlibreria.com\/wp-content\/uploads\/2023\/10\/cropped-Cuadricula-scaled-1.jpg","contentUrl":"https:\/\/tzionlibreria.com\/wp-content\/uploads\/2023\/10\/cropped-Cuadricula-scaled-1.jpg","width":2560,"height":2560,"caption":"tzionlibreria.com"},"image":{"@id":"https:\/\/tzionlibreria.com\/#\/schema\/logo\/image\/"}}]}},"jetpack_sharing_enabled":true,"_links":{"self":[{"href":"https:\/\/tzionlibreria.com\/index.php\/wp-json\/wp\/v2\/product\/3975","targetHints":{"allow":["GET"]}}],"collection":[{"href":"https:\/\/tzionlibreria.com\/index.php\/wp-json\/wp\/v2\/product"}],"about":[{"href":"https:\/\/tzionlibreria.com\/index.php\/wp-json\/wp\/v2\/types\/product"}],"replies":[{"embeddable":true,"href":"https:\/\/tzionlibreria.com\/index.php\/wp-json\/wp\/v2\/comments?post=3975"}],"wp:featuredmedia":[{"embeddable":true,"href":"https:\/\/tzionlibreria.com\/index.php\/wp-json\/wp\/v2\/media\/3976"}],"wp:attachment":[{"href":"https:\/\/tzionlibreria.com\/index.php\/wp-json\/wp\/v2\/media?parent=3975"}],"wp:term":[{"taxonomy":"product_brand","embeddable":true,"href":"https:\/\/tzionlibreria.com\/index.php\/wp-json\/wp\/v2\/product_brand?post=3975"},{"taxonomy":"product_cat","embeddable":true,"href":"https:\/\/tzionlibreria.com\/index.php\/wp-json\/wp\/v2\/product_cat?post=3975"},{"taxonomy":"product_tag","embeddable":true,"href":"https:\/\/tzionlibreria.com\/index.php\/wp-json\/wp\/v2\/product_tag?post=3975"}],"curies":[{"name":"wp","href":"https:\/\/api.w.org\/{rel}","templated":true}]}}