{"id":400,"date":"2023-10-07T01:42:46","date_gmt":"2023-10-07T01:42:46","guid":{"rendered":"https:\/\/tzionlibreria.com\/?post_type=product&#038;p=400"},"modified":"2025-11-10T13:29:34","modified_gmt":"2025-11-10T13:29:34","slug":"biblia-descubrimiento-reina-valera-1960-ninos-tapa-dura","status":"publish","type":"product","link":"https:\/\/tzionlibreria.com\/index.php\/product\/biblia-descubrimiento-reina-valera-1960-ninos-tapa-dura\/","title":{"rendered":"Biblia Descubrimiento Reina Valera 1960 Ni\u00f1os Tapa Dura"},"content":{"rendered":"<p>LA BIBLIA DESCUBRIMIENTO<\/p>\n<p>Listo para una aventura? Emb\u00e1rcate en un viaje divertido y excitante a trav\u00e9s de la palabra de Dios con la Biblia de Descubrimiento. En el camino conocer\u00e1s gente de todas clases, ver\u00e1s todo tipo de lugares y aprender\u00e1s muchas cosas acerca de la Biblia. Pero lo m\u00e1s importante es que tu relaci\u00f3n con Dios ser\u00e1 m\u00e1s \u00edntima. Esta es la Biblia de ni\u00f1os m\u00e1s recomendada por iglesias y escuelas cristianas.<\/p>\n<p>Descripci\u00f3n:<\/p>\n<p>La Biblia de Descubrimiento RVR 1960 es perfecto para ni\u00f1os de 8 a 12 a\u00f1os de edad. Sus caracter\u00edsticas excitantes hacen del aprendizaje acerca de la fe y el crecimiento espiritual un viaje emocionante.<\/p>\n<p>Veinte p\u00e1ginas a todo color y con motivos de safari ofrecen actividades inspiradoras. La vida en los tiempos b\u00edblicos te transporta a un mundo antiguo para descubrir c\u00f3mo era la vida en ese entonces, con ilustraciones que muestran lo que com\u00eda la gente, donde dorm\u00edan, qu\u00e9 trabajos hac\u00edan y mucho m\u00e1s. Desde Jeh\u00fa hasta Jes\u00fas, las personas de los \u00abtiempos b\u00edblicos\u00bb nos revelan qui\u00e9n es qui\u00e9n en las Escrituras. \u00abPalabras para atesorar\u00bb resaltan vers\u00edculos valiosos para memorizar. \u00ab \u00bfSab\u00edas?\u00bb te da revelaci\u00f3n de la Palabra de Dios y te hace un experto en conocimientos b\u00edblicos.<\/p>\n<p>\u00ab \u00a1V\u00edvelo!\u00bb te sugiere actividades divertidas para ayudarte a recordar las verdades b\u00edblicas y c\u00f3mo aplicarlas.<\/p>\n<p>La Biblia de Descubrimiento tambi\u00e9n contiene introducciones con datos \u00fatiles acerca de cada libro de la Biblia, un diccionario\/concordancia para buscar palabras dif\u00edciles, y mapas a color para ayudarte a localizar lugares en la Biblia.<\/p>\n<p>-Dimensiones: 21x14x3 cm<\/p>\n<p>ISBN: 9780829757910<\/p>\n","protected":false},"excerpt":{"rendered":"<p>LA BIBLIA DESCUBRIMIENTO Listo para una aventura? Emb\u00e1rcate en un viaje divertido y excitante a trav\u00e9s de la palabra de Dios con la Biblia de Descubrimiento. En el camino conocer\u00e1s gente de todas clases, ver\u00e1s todo tipo de lugares y aprender\u00e1s muchas cosas acerca de la Biblia. Pero lo m\u00e1s importante es que tu relaci\u00f3n [&hellip;]<\/p>\n","protected":false},"featured_media":401,"comment_status":"open","ping_status":"closed","template":"","meta":{"om_disable_all_campaigns":false,"_monsterinsights_skip_tracking":false,"_monsterinsights_sitenote_active":false,"_monsterinsights_sitenote_note":"","_monsterinsights_sitenote_category":0,"site-sidebar-layout":"default","site-content-layout":"","ast-site-content-layout":"default","site-content-style":"default","site-sidebar-style":"default","ast-global-header-display":"","ast-banner-title-visibility":"","ast-main-header-display":"","ast-hfb-above-header-display":"","ast-hfb-below-header-display":"","ast-hfb-mobile-header-display":"","site-post-title":"","ast-breadcrumbs-content":"","ast-featured-img":"","footer-sml-layout":"","ast-disable-related-posts":"","theme-transparent-header-meta":"default","adv-header-id-meta":"","stick-header-meta":"","header-above-stick-meta":"","header-main-stick-meta":"","header-below-stick-meta":"","astra-migrate-meta-layouts":"set","ast-page-background-enabled":"default","ast-page-background-meta":{"desktop":{"background-color":"var(--ast-global-color-4)","background-image":"","background-repeat":"repeat","background-position":"center center","background-size":"auto","background-attachment":"scroll","background-type":"","background-media":"","overlay-type":"","overlay-color":"","overlay-opacity":"","overlay-gradient":""},"tablet":{"background-color":"","background-image":"","background-repeat":"repeat","background-position":"center center","background-size":"auto","background-attachment":"scroll","background-type":"","background-media":"","overlay-type":"","overlay-color":"","overlay-opacity":"","overlay-gradient":""},"mobile":{"background-color":"","background-image":"","background-repeat":"repeat","background-position":"center center","background-size":"auto","background-attachment":"scroll","background-type":"","background-media":"","overlay-type":"","overlay-color":"","overlay-opacity":"","overlay-gradient":""}},"ast-content-background-meta":{"desktop":{"background-color":"var(--ast-global-color-5)","background-image":"","background-repeat":"repeat","background-position":"center center","background-size":"auto","background-attachment":"scroll","background-type":"","background-media":"","overlay-type":"","overlay-color":"","overlay-opacity":"","overlay-gradient":""},"tablet":{"background-color":"var(--ast-global-color-5)","background-image":"","background-repeat":"repeat","background-position":"center center","background-size":"auto","background-attachment":"scroll","background-type":"","background-media":"","overlay-type":"","overlay-color":"","overlay-opacity":"","overlay-gradient":""},"mobile":{"background-color":"var(--ast-global-color-5)","background-image":"","background-repeat":"repeat","background-position":"center center","background-size":"auto","background-attachment":"scroll","background-type":"","background-media":"","overlay-type":"","overlay-color":"","overlay-opacity":"","overlay-gradient":""}}},"product_brand":[],"product_cat":[22,38,25],"product_tag":[45],"class_list":{"0":"post-400","1":"product","2":"type-product","3":"status-publish","4":"has-post-thumbnail","6":"product_cat-biblias","7":"product_cat-biblias-de-ninos","8":"product_cat-kids","9":"product_tag-rvr","10":"desktop-align-left","11":"tablet-align-left","12":"mobile-align-left","14":"first","15":"outofstock","16":"shipping-taxable","17":"purchasable","18":"product-type-simple"},"yoast_head":"<!-- This site is optimized with the Yoast SEO plugin v27.5 - https:\/\/yoast.com\/product\/yoast-seo-wordpress\/ -->\n<title>Biblia Descubrimiento Reina Valera 1960 Ni\u00f1os Tapa Dura - tzionlibreria.com<\/title>\n<meta name=\"robots\" content=\"index, follow, max-snippet:-1, max-image-preview:large, max-video-preview:-1\" \/>\n<link rel=\"canonical\" href=\"https:\/\/tzionlibreria.com\/index.php\/product\/biblia-descubrimiento-reina-valera-1960-ninos-tapa-dura\/\" \/>\n<meta property=\"og:locale\" content=\"es_ES\" \/>\n<meta property=\"og:type\" content=\"article\" \/>\n<meta property=\"og:title\" content=\"Biblia Descubrimiento Reina Valera 1960 Ni\u00f1os Tapa Dura - tzionlibreria.com\" \/>\n<meta property=\"og:description\" content=\"LA BIBLIA DESCUBRIMIENTO Listo para una aventura? Emb\u00e1rcate en un viaje divertido y excitante a trav\u00e9s de la palabra de Dios con la Biblia de Descubrimiento. En el camino conocer\u00e1s gente de todas clases, ver\u00e1s todo tipo de lugares y aprender\u00e1s muchas cosas acerca de la Biblia. Pero lo m\u00e1s importante es que tu relaci\u00f3n [&hellip;]\" \/>\n<meta property=\"og:url\" content=\"https:\/\/tzionlibreria.com\/index.php\/product\/biblia-descubrimiento-reina-valera-1960-ninos-tapa-dura\/\" \/>\n<meta property=\"og:site_name\" content=\"tzionlibreria.com\" \/>\n<meta property=\"article:modified_time\" content=\"2025-11-10T13:29:34+00:00\" \/>\n<meta property=\"og:image\" content=\"http:\/\/tzionlibreria.com\/wp-content\/uploads\/2023\/10\/D_NQ_NP_2X_686853-MLV52800107435_122022-F.webp\" \/>\n\t<meta property=\"og:image:width\" content=\"1074\" \/>\n\t<meta property=\"og:image:height\" content=\"960\" \/>\n\t<meta property=\"og:image:type\" content=\"image\/webp\" \/>\n<meta name=\"twitter:card\" content=\"summary_large_image\" \/>\n<meta name=\"twitter:label1\" content=\"Tiempo de lectura\" \/>\n\t<meta name=\"twitter:data1\" content=\"2 minutos\" \/>\n<script type=\"application\/ld+json\" class=\"yoast-schema-graph\">{\"@context\":\"https:\\\/\\\/schema.org\",\"@graph\":[{\"@type\":\"WebPage\",\"@id\":\"https:\\\/\\\/tzionlibreria.com\\\/index.php\\\/product\\\/biblia-descubrimiento-reina-valera-1960-ninos-tapa-dura\\\/\",\"url\":\"https:\\\/\\\/tzionlibreria.com\\\/index.php\\\/product\\\/biblia-descubrimiento-reina-valera-1960-ninos-tapa-dura\\\/\",\"name\":\"Biblia Descubrimiento Reina Valera 1960 Ni\u00f1os Tapa Dura - tzionlibreria.com\",\"isPartOf\":{\"@id\":\"https:\\\/\\\/tzionlibreria.com\\\/#website\"},\"primaryImageOfPage\":{\"@id\":\"https:\\\/\\\/tzionlibreria.com\\\/index.php\\\/product\\\/biblia-descubrimiento-reina-valera-1960-ninos-tapa-dura\\\/#primaryimage\"},\"image\":{\"@id\":\"https:\\\/\\\/tzionlibreria.com\\\/index.php\\\/product\\\/biblia-descubrimiento-reina-valera-1960-ninos-tapa-dura\\\/#primaryimage\"},\"thumbnailUrl\":\"https:\\\/\\\/tzionlibreria.com\\\/wp-content\\\/uploads\\\/2023\\\/10\\\/D_NQ_NP_2X_686853-MLV52800107435_122022-F.webp\",\"datePublished\":\"2023-10-07T01:42:46+00:00\",\"dateModified\":\"2025-11-10T13:29:34+00:00\",\"breadcrumb\":{\"@id\":\"https:\\\/\\\/tzionlibreria.com\\\/index.php\\\/product\\\/biblia-descubrimiento-reina-valera-1960-ninos-tapa-dura\\\/#breadcrumb\"},\"inLanguage\":\"es-CO\",\"potentialAction\":[{\"@type\":\"ReadAction\",\"target\":[\"https:\\\/\\\/tzionlibreria.com\\\/index.php\\\/product\\\/biblia-descubrimiento-reina-valera-1960-ninos-tapa-dura\\\/\"]}]},{\"@type\":\"ImageObject\",\"inLanguage\":\"es-CO\",\"@id\":\"https:\\\/\\\/tzionlibreria.com\\\/index.php\\\/product\\\/biblia-descubrimiento-reina-valera-1960-ninos-tapa-dura\\\/#primaryimage\",\"url\":\"https:\\\/\\\/tzionlibreria.com\\\/wp-content\\\/uploads\\\/2023\\\/10\\\/D_NQ_NP_2X_686853-MLV52800107435_122022-F.webp\",\"contentUrl\":\"https:\\\/\\\/tzionlibreria.com\\\/wp-content\\\/uploads\\\/2023\\\/10\\\/D_NQ_NP_2X_686853-MLV52800107435_122022-F.webp\",\"width\":1074,\"height\":960},{\"@type\":\"BreadcrumbList\",\"@id\":\"https:\\\/\\\/tzionlibreria.com\\\/index.php\\\/product\\\/biblia-descubrimiento-reina-valera-1960-ninos-tapa-dura\\\/#breadcrumb\",\"itemListElement\":[{\"@type\":\"ListItem\",\"position\":1,\"name\":\"Inicio\",\"item\":\"https:\\\/\\\/tzionlibreria.com\\\/\"},{\"@type\":\"ListItem\",\"position\":2,\"name\":\"Shop\",\"item\":\"https:\\\/\\\/tzionlibreria.com\\\/index.php\\\/shop\\\/\"},{\"@type\":\"ListItem\",\"position\":3,\"name\":\"Biblia Descubrimiento Reina Valera 1960 Ni\u00f1os Tapa Dura\"}]},{\"@type\":\"WebSite\",\"@id\":\"https:\\\/\\\/tzionlibreria.com\\\/#website\",\"url\":\"https:\\\/\\\/tzionlibreria.com\\\/\",\"name\":\"tzionlibreria.com\",\"description\":\"Libreria Cristiana Venezuela\",\"publisher\":{\"@id\":\"https:\\\/\\\/tzionlibreria.com\\\/#organization\"},\"potentialAction\":[{\"@type\":\"SearchAction\",\"target\":{\"@type\":\"EntryPoint\",\"urlTemplate\":\"https:\\\/\\\/tzionlibreria.com\\\/?s={search_term_string}\"},\"query-input\":{\"@type\":\"PropertyValueSpecification\",\"valueRequired\":true,\"valueName\":\"search_term_string\"}}],\"inLanguage\":\"es-CO\"},{\"@type\":\"Organization\",\"@id\":\"https:\\\/\\\/tzionlibreria.com\\\/#organization\",\"name\":\"tzionlibreria.com\",\"url\":\"https:\\\/\\\/tzionlibreria.com\\\/\",\"logo\":{\"@type\":\"ImageObject\",\"inLanguage\":\"es-CO\",\"@id\":\"https:\\\/\\\/tzionlibreria.com\\\/#\\\/schema\\\/logo\\\/image\\\/\",\"url\":\"https:\\\/\\\/tzionlibreria.com\\\/wp-content\\\/uploads\\\/2023\\\/10\\\/cropped-Cuadricula-scaled-1.jpg\",\"contentUrl\":\"https:\\\/\\\/tzionlibreria.com\\\/wp-content\\\/uploads\\\/2023\\\/10\\\/cropped-Cuadricula-scaled-1.jpg\",\"width\":2560,\"height\":2560,\"caption\":\"tzionlibreria.com\"},\"image\":{\"@id\":\"https:\\\/\\\/tzionlibreria.com\\\/#\\\/schema\\\/logo\\\/image\\\/\"}}]}<\/script>\n<!-- \/ Yoast SEO plugin. -->","yoast_head_json":{"title":"Biblia Descubrimiento Reina Valera 1960 Ni\u00f1os Tapa Dura - tzionlibreria.com","robots":{"index":"index","follow":"follow","max-snippet":"max-snippet:-1","max-image-preview":"max-image-preview:large","max-video-preview":"max-video-preview:-1"},"canonical":"https:\/\/tzionlibreria.com\/index.php\/product\/biblia-descubrimiento-reina-valera-1960-ninos-tapa-dura\/","og_locale":"es_ES","og_type":"article","og_title":"Biblia Descubrimiento Reina Valera 1960 Ni\u00f1os Tapa Dura - tzionlibreria.com","og_description":"LA BIBLIA DESCUBRIMIENTO Listo para una aventura? Emb\u00e1rcate en un viaje divertido y excitante a trav\u00e9s de la palabra de Dios con la Biblia de Descubrimiento. En el camino conocer\u00e1s gente de todas clases, ver\u00e1s todo tipo de lugares y aprender\u00e1s muchas cosas acerca de la Biblia. Pero lo m\u00e1s importante es que tu relaci\u00f3n [&hellip;]","og_url":"https:\/\/tzionlibreria.com\/index.php\/product\/biblia-descubrimiento-reina-valera-1960-ninos-tapa-dura\/","og_site_name":"tzionlibreria.com","article_modified_time":"2025-11-10T13:29:34+00:00","og_image":[{"width":1074,"height":960,"url":"http:\/\/tzionlibreria.com\/wp-content\/uploads\/2023\/10\/D_NQ_NP_2X_686853-MLV52800107435_122022-F.webp","type":"image\/webp"}],"twitter_card":"summary_large_image","twitter_misc":{"Tiempo de lectura":"2 minutos"},"schema":{"@context":"https:\/\/schema.org","@graph":[{"@type":"WebPage","@id":"https:\/\/tzionlibreria.com\/index.php\/product\/biblia-descubrimiento-reina-valera-1960-ninos-tapa-dura\/","url":"https:\/\/tzionlibreria.com\/index.php\/product\/biblia-descubrimiento-reina-valera-1960-ninos-tapa-dura\/","name":"Biblia Descubrimiento Reina Valera 1960 Ni\u00f1os Tapa Dura - tzionlibreria.com","isPartOf":{"@id":"https:\/\/tzionlibreria.com\/#website"},"primaryImageOfPage":{"@id":"https:\/\/tzionlibreria.com\/index.php\/product\/biblia-descubrimiento-reina-valera-1960-ninos-tapa-dura\/#primaryimage"},"image":{"@id":"https:\/\/tzionlibreria.com\/index.php\/product\/biblia-descubrimiento-reina-valera-1960-ninos-tapa-dura\/#primaryimage"},"thumbnailUrl":"https:\/\/tzionlibreria.com\/wp-content\/uploads\/2023\/10\/D_NQ_NP_2X_686853-MLV52800107435_122022-F.webp","datePublished":"2023-10-07T01:42:46+00:00","dateModified":"2025-11-10T13:29:34+00:00","breadcrumb":{"@id":"https:\/\/tzionlibreria.com\/index.php\/product\/biblia-descubrimiento-reina-valera-1960-ninos-tapa-dura\/#breadcrumb"},"inLanguage":"es-CO","potentialAction":[{"@type":"ReadAction","target":["https:\/\/tzionlibreria.com\/index.php\/product\/biblia-descubrimiento-reina-valera-1960-ninos-tapa-dura\/"]}]},{"@type":"ImageObject","inLanguage":"es-CO","@id":"https:\/\/tzionlibreria.com\/index.php\/product\/biblia-descubrimiento-reina-valera-1960-ninos-tapa-dura\/#primaryimage","url":"https:\/\/tzionlibreria.com\/wp-content\/uploads\/2023\/10\/D_NQ_NP_2X_686853-MLV52800107435_122022-F.webp","contentUrl":"https:\/\/tzionlibreria.com\/wp-content\/uploads\/2023\/10\/D_NQ_NP_2X_686853-MLV52800107435_122022-F.webp","width":1074,"height":960},{"@type":"BreadcrumbList","@id":"https:\/\/tzionlibreria.com\/index.php\/product\/biblia-descubrimiento-reina-valera-1960-ninos-tapa-dura\/#breadcrumb","itemListElement":[{"@type":"ListItem","position":1,"name":"Inicio","item":"https:\/\/tzionlibreria.com\/"},{"@type":"ListItem","position":2,"name":"Shop","item":"https:\/\/tzionlibreria.com\/index.php\/shop\/"},{"@type":"ListItem","position":3,"name":"Biblia Descubrimiento Reina Valera 1960 Ni\u00f1os Tapa Dura"}]},{"@type":"WebSite","@id":"https:\/\/tzionlibreria.com\/#website","url":"https:\/\/tzionlibreria.com\/","name":"tzionlibreria.com","description":"Libreria Cristiana Venezuela","publisher":{"@id":"https:\/\/tzionlibreria.com\/#organization"},"potentialAction":[{"@type":"SearchAction","target":{"@type":"EntryPoint","urlTemplate":"https:\/\/tzionlibreria.com\/?s={search_term_string}"},"query-input":{"@type":"PropertyValueSpecification","valueRequired":true,"valueName":"search_term_string"}}],"inLanguage":"es-CO"},{"@type":"Organization","@id":"https:\/\/tzionlibreria.com\/#organization","name":"tzionlibreria.com","url":"https:\/\/tzionlibreria.com\/","logo":{"@type":"ImageObject","inLanguage":"es-CO","@id":"https:\/\/tzionlibreria.com\/#\/schema\/logo\/image\/","url":"https:\/\/tzionlibreria.com\/wp-content\/uploads\/2023\/10\/cropped-Cuadricula-scaled-1.jpg","contentUrl":"https:\/\/tzionlibreria.com\/wp-content\/uploads\/2023\/10\/cropped-Cuadricula-scaled-1.jpg","width":2560,"height":2560,"caption":"tzionlibreria.com"},"image":{"@id":"https:\/\/tzionlibreria.com\/#\/schema\/logo\/image\/"}}]}},"jetpack_sharing_enabled":true,"_links":{"self":[{"href":"https:\/\/tzionlibreria.com\/index.php\/wp-json\/wp\/v2\/product\/400","targetHints":{"allow":["GET"]}}],"collection":[{"href":"https:\/\/tzionlibreria.com\/index.php\/wp-json\/wp\/v2\/product"}],"about":[{"href":"https:\/\/tzionlibreria.com\/index.php\/wp-json\/wp\/v2\/types\/product"}],"replies":[{"embeddable":true,"href":"https:\/\/tzionlibreria.com\/index.php\/wp-json\/wp\/v2\/comments?post=400"}],"wp:featuredmedia":[{"embeddable":true,"href":"https:\/\/tzionlibreria.com\/index.php\/wp-json\/wp\/v2\/media\/401"}],"wp:attachment":[{"href":"https:\/\/tzionlibreria.com\/index.php\/wp-json\/wp\/v2\/media?parent=400"}],"wp:term":[{"taxonomy":"product_brand","embeddable":true,"href":"https:\/\/tzionlibreria.com\/index.php\/wp-json\/wp\/v2\/product_brand?post=400"},{"taxonomy":"product_cat","embeddable":true,"href":"https:\/\/tzionlibreria.com\/index.php\/wp-json\/wp\/v2\/product_cat?post=400"},{"taxonomy":"product_tag","embeddable":true,"href":"https:\/\/tzionlibreria.com\/index.php\/wp-json\/wp\/v2\/product_tag?post=400"}],"curies":[{"name":"wp","href":"https:\/\/api.w.org\/{rel}","templated":true}]}}