{"id":4053,"date":"2024-09-11T16:38:32","date_gmt":"2024-09-11T16:38:32","guid":{"rendered":"https:\/\/tzionlibreria.com\/?post_type=product&#038;p=4053"},"modified":"2025-06-04T00:06:21","modified_gmt":"2025-06-04T00:06:21","slug":"super-pack-para-colorear-con-escenas-del-nuevo-testamento","status":"publish","type":"product","link":"https:\/\/tzionlibreria.com\/index.php\/product\/super-pack-para-colorear-con-escenas-del-nuevo-testamento\/","title":{"rendered":"S\u00faper Pack para colorear con escenas del Nuevo Testamento"},"content":{"rendered":"<div class=\"ast-oembed-container \" style=\"height: 100%;\"><iframe title=\"S\u00faper pack Colorear Gigante 5 en 1\/Nuevo Testamento\" width=\"500\" height=\"281\" src=\"https:\/\/www.youtube.com\/embed\/ZdmVRaIPf5w?feature=oembed\" frameborder=\"0\" allow=\"accelerometer; autoplay; clipboard-write; encrypted-media; gyroscope; picture-in-picture; web-share\" referrerpolicy=\"strict-origin-when-cross-origin\" allowfullscreen><\/iframe><\/div>\n<p>&nbsp;<\/p>\n<p><strong>En este s\u00faper pack 5 en 1 encontrar\u00e1s:<\/strong><\/p>\n<p>Un pack para que los ni\u00f1os puedan aprender historias b\u00edblicas del Nuevo Testamento mientras se divierten coloreando.<\/p>\n<p><strong>Incluye:<\/strong><\/p>\n<ul>\n<li>1 p\u00e1gina con stickers<\/li>\n<li>Block de 24 hojas para pintar<\/li>\n<li>8 crayones<\/li>\n<li>6 l\u00e1pices para colorear<\/li>\n<li>Acuarelas + pincel<\/li>\n<\/ul>\n<p><strong>ISBN<\/strong>: 9788418577031<\/p>\n<p><strong>Editorial<\/strong>: Mundo Biblia de Abba<\/p>\n<p><strong>Fecha de lanzamiento<\/strong>: 22.12.2023<br \/>\n<strong>Idioma<\/strong>: Espa\u00f1ol<\/p>\n<p><strong>Tama\u00f1o:<\/strong>\u00a052x38x1 cm<br \/>\n<strong>P\u00e1ginas:<\/strong>\u00a024<br \/>\n<strong>Edad:<\/strong>\u00a01 \u2013 5<br \/>\n<strong>Tipo de hoja:<\/strong>\u00a0Papel<br \/>\n<strong>Portada:\u00a0<\/strong>Tapa r\u00fastica<\/p>\n","protected":false},"excerpt":{"rendered":"<p>&nbsp; En este s\u00faper pack 5 en 1 encontrar\u00e1s: Un pack para que los ni\u00f1os puedan aprender historias b\u00edblicas del Nuevo Testamento mientras se divierten coloreando. Incluye: 1 p\u00e1gina con stickers Block de 24 hojas para pintar 8 crayones 6 l\u00e1pices para colorear Acuarelas + pincel ISBN: 9788418577031 Editorial: Mundo Biblia de Abba Fecha de [&hellip;]<\/p>\n","protected":false},"featured_media":4054,"comment_status":"open","ping_status":"closed","template":"","meta":{"om_disable_all_campaigns":false,"_monsterinsights_skip_tracking":false,"_monsterinsights_sitenote_active":false,"_monsterinsights_sitenote_note":"","_monsterinsights_sitenote_category":0,"site-sidebar-layout":"default","site-content-layout":"","ast-site-content-layout":"default","site-content-style":"default","site-sidebar-style":"default","ast-global-header-display":"","ast-banner-title-visibility":"","ast-main-header-display":"","ast-hfb-above-header-display":"","ast-hfb-below-header-display":"","ast-hfb-mobile-header-display":"","site-post-title":"","ast-breadcrumbs-content":"","ast-featured-img":"","footer-sml-layout":"","ast-disable-related-posts":"","theme-transparent-header-meta":"default","adv-header-id-meta":"","stick-header-meta":"","header-above-stick-meta":"","header-main-stick-meta":"","header-below-stick-meta":"","astra-migrate-meta-layouts":"set","ast-page-background-enabled":"default","ast-page-background-meta":{"desktop":{"background-color":"var(--ast-global-color-4)","background-image":"","background-repeat":"repeat","background-position":"center center","background-size":"auto","background-attachment":"scroll","background-type":"","background-media":"","overlay-type":"","overlay-color":"","overlay-opacity":"","overlay-gradient":""},"tablet":{"background-color":"","background-image":"","background-repeat":"repeat","background-position":"center center","background-size":"auto","background-attachment":"scroll","background-type":"","background-media":"","overlay-type":"","overlay-color":"","overlay-opacity":"","overlay-gradient":""},"mobile":{"background-color":"","background-image":"","background-repeat":"repeat","background-position":"center center","background-size":"auto","background-attachment":"scroll","background-type":"","background-media":"","overlay-type":"","overlay-color":"","overlay-opacity":"","overlay-gradient":""}},"ast-content-background-meta":{"desktop":{"background-color":"var(--ast-global-color-5)","background-image":"","background-repeat":"repeat","background-position":"center center","background-size":"auto","background-attachment":"scroll","background-type":"","background-media":"","overlay-type":"","overlay-color":"","overlay-opacity":"","overlay-gradient":""},"tablet":{"background-color":"var(--ast-global-color-5)","background-image":"","background-repeat":"repeat","background-position":"center center","background-size":"auto","background-attachment":"scroll","background-type":"","background-media":"","overlay-type":"","overlay-color":"","overlay-opacity":"","overlay-gradient":""},"mobile":{"background-color":"var(--ast-global-color-5)","background-image":"","background-repeat":"repeat","background-position":"center center","background-size":"auto","background-attachment":"scroll","background-type":"","background-media":"","overlay-type":"","overlay-color":"","overlay-opacity":"","overlay-gradient":""}}},"product_brand":[],"product_cat":[25],"product_tag":[286,50,100],"class_list":{"0":"post-4053","1":"product","2":"type-product","3":"status-publish","4":"has-post-thumbnail","6":"product_cat-kids","7":"product_tag-colorear","8":"product_tag-kids","9":"product_tag-ninos","10":"desktop-align-left","11":"tablet-align-left","12":"mobile-align-left","14":"first","15":"instock","16":"shipping-taxable","17":"purchasable","18":"product-type-simple"},"yoast_head":"<!-- This site is optimized with the Yoast SEO plugin v27.4 - https:\/\/yoast.com\/product\/yoast-seo-wordpress\/ -->\n<title>S\u00faper Pack para colorear con escenas del Nuevo Testamento - tzionlibreria.com<\/title>\n<meta name=\"robots\" content=\"index, follow, max-snippet:-1, max-image-preview:large, max-video-preview:-1\" \/>\n<link rel=\"canonical\" href=\"https:\/\/tzionlibreria.com\/index.php\/product\/super-pack-para-colorear-con-escenas-del-nuevo-testamento\/\" \/>\n<meta property=\"og:locale\" content=\"es_ES\" \/>\n<meta property=\"og:type\" content=\"article\" \/>\n<meta property=\"og:title\" content=\"S\u00faper Pack para colorear con escenas del Nuevo Testamento - tzionlibreria.com\" \/>\n<meta property=\"og:description\" content=\"&nbsp; En este s\u00faper pack 5 en 1 encontrar\u00e1s: Un pack para que los ni\u00f1os puedan aprender historias b\u00edblicas del Nuevo Testamento mientras se divierten coloreando. Incluye: 1 p\u00e1gina con stickers Block de 24 hojas para pintar 8 crayones 6 l\u00e1pices para colorear Acuarelas + pincel ISBN: 9788418577031 Editorial: Mundo Biblia de Abba Fecha de [&hellip;]\" \/>\n<meta property=\"og:url\" content=\"https:\/\/tzionlibreria.com\/index.php\/product\/super-pack-para-colorear-con-escenas-del-nuevo-testamento\/\" \/>\n<meta property=\"og:site_name\" content=\"tzionlibreria.com\" \/>\n<meta property=\"article:modified_time\" content=\"2025-06-04T00:06:21+00:00\" \/>\n<meta property=\"og:image\" content=\"http:\/\/tzionlibreria.com\/wp-content\/uploads\/2024\/09\/42275.jpg\" \/>\n\t<meta property=\"og:image:width\" content=\"1080\" \/>\n\t<meta property=\"og:image:height\" content=\"1080\" \/>\n\t<meta property=\"og:image:type\" content=\"image\/jpeg\" \/>\n<meta name=\"twitter:card\" content=\"summary_large_image\" \/>\n<meta name=\"twitter:label1\" content=\"Tiempo de lectura\" \/>\n\t<meta name=\"twitter:data1\" content=\"1 minuto\" \/>\n<script type=\"application\/ld+json\" class=\"yoast-schema-graph\">{\"@context\":\"https:\\\/\\\/schema.org\",\"@graph\":[{\"@type\":\"WebPage\",\"@id\":\"https:\\\/\\\/tzionlibreria.com\\\/index.php\\\/product\\\/super-pack-para-colorear-con-escenas-del-nuevo-testamento\\\/\",\"url\":\"https:\\\/\\\/tzionlibreria.com\\\/index.php\\\/product\\\/super-pack-para-colorear-con-escenas-del-nuevo-testamento\\\/\",\"name\":\"S\u00faper Pack para colorear con escenas del Nuevo Testamento - tzionlibreria.com\",\"isPartOf\":{\"@id\":\"https:\\\/\\\/tzionlibreria.com\\\/#website\"},\"primaryImageOfPage\":{\"@id\":\"https:\\\/\\\/tzionlibreria.com\\\/index.php\\\/product\\\/super-pack-para-colorear-con-escenas-del-nuevo-testamento\\\/#primaryimage\"},\"image\":{\"@id\":\"https:\\\/\\\/tzionlibreria.com\\\/index.php\\\/product\\\/super-pack-para-colorear-con-escenas-del-nuevo-testamento\\\/#primaryimage\"},\"thumbnailUrl\":\"https:\\\/\\\/tzionlibreria.com\\\/wp-content\\\/uploads\\\/2024\\\/09\\\/42275.jpg\",\"datePublished\":\"2024-09-11T16:38:32+00:00\",\"dateModified\":\"2025-06-04T00:06:21+00:00\",\"breadcrumb\":{\"@id\":\"https:\\\/\\\/tzionlibreria.com\\\/index.php\\\/product\\\/super-pack-para-colorear-con-escenas-del-nuevo-testamento\\\/#breadcrumb\"},\"inLanguage\":\"es-CO\",\"potentialAction\":[{\"@type\":\"ReadAction\",\"target\":[\"https:\\\/\\\/tzionlibreria.com\\\/index.php\\\/product\\\/super-pack-para-colorear-con-escenas-del-nuevo-testamento\\\/\"]}]},{\"@type\":\"ImageObject\",\"inLanguage\":\"es-CO\",\"@id\":\"https:\\\/\\\/tzionlibreria.com\\\/index.php\\\/product\\\/super-pack-para-colorear-con-escenas-del-nuevo-testamento\\\/#primaryimage\",\"url\":\"https:\\\/\\\/tzionlibreria.com\\\/wp-content\\\/uploads\\\/2024\\\/09\\\/42275.jpg\",\"contentUrl\":\"https:\\\/\\\/tzionlibreria.com\\\/wp-content\\\/uploads\\\/2024\\\/09\\\/42275.jpg\",\"width\":1080,\"height\":1080},{\"@type\":\"BreadcrumbList\",\"@id\":\"https:\\\/\\\/tzionlibreria.com\\\/index.php\\\/product\\\/super-pack-para-colorear-con-escenas-del-nuevo-testamento\\\/#breadcrumb\",\"itemListElement\":[{\"@type\":\"ListItem\",\"position\":1,\"name\":\"Inicio\",\"item\":\"https:\\\/\\\/tzionlibreria.com\\\/\"},{\"@type\":\"ListItem\",\"position\":2,\"name\":\"Shop\",\"item\":\"https:\\\/\\\/tzionlibreria.com\\\/index.php\\\/shop\\\/\"},{\"@type\":\"ListItem\",\"position\":3,\"name\":\"S\u00faper Pack para colorear con escenas del Nuevo Testamento\"}]},{\"@type\":\"WebSite\",\"@id\":\"https:\\\/\\\/tzionlibreria.com\\\/#website\",\"url\":\"https:\\\/\\\/tzionlibreria.com\\\/\",\"name\":\"tzionlibreria.com\",\"description\":\"Libreria Cristiana Venezuela\",\"publisher\":{\"@id\":\"https:\\\/\\\/tzionlibreria.com\\\/#organization\"},\"potentialAction\":[{\"@type\":\"SearchAction\",\"target\":{\"@type\":\"EntryPoint\",\"urlTemplate\":\"https:\\\/\\\/tzionlibreria.com\\\/?s={search_term_string}\"},\"query-input\":{\"@type\":\"PropertyValueSpecification\",\"valueRequired\":true,\"valueName\":\"search_term_string\"}}],\"inLanguage\":\"es-CO\"},{\"@type\":\"Organization\",\"@id\":\"https:\\\/\\\/tzionlibreria.com\\\/#organization\",\"name\":\"tzionlibreria.com\",\"url\":\"https:\\\/\\\/tzionlibreria.com\\\/\",\"logo\":{\"@type\":\"ImageObject\",\"inLanguage\":\"es-CO\",\"@id\":\"https:\\\/\\\/tzionlibreria.com\\\/#\\\/schema\\\/logo\\\/image\\\/\",\"url\":\"https:\\\/\\\/tzionlibreria.com\\\/wp-content\\\/uploads\\\/2023\\\/10\\\/cropped-Cuadricula-scaled-1.jpg\",\"contentUrl\":\"https:\\\/\\\/tzionlibreria.com\\\/wp-content\\\/uploads\\\/2023\\\/10\\\/cropped-Cuadricula-scaled-1.jpg\",\"width\":2560,\"height\":2560,\"caption\":\"tzionlibreria.com\"},\"image\":{\"@id\":\"https:\\\/\\\/tzionlibreria.com\\\/#\\\/schema\\\/logo\\\/image\\\/\"}}]}<\/script>\n<!-- \/ Yoast SEO plugin. -->","yoast_head_json":{"title":"S\u00faper Pack para colorear con escenas del Nuevo Testamento - tzionlibreria.com","robots":{"index":"index","follow":"follow","max-snippet":"max-snippet:-1","max-image-preview":"max-image-preview:large","max-video-preview":"max-video-preview:-1"},"canonical":"https:\/\/tzionlibreria.com\/index.php\/product\/super-pack-para-colorear-con-escenas-del-nuevo-testamento\/","og_locale":"es_ES","og_type":"article","og_title":"S\u00faper Pack para colorear con escenas del Nuevo Testamento - tzionlibreria.com","og_description":"&nbsp; En este s\u00faper pack 5 en 1 encontrar\u00e1s: Un pack para que los ni\u00f1os puedan aprender historias b\u00edblicas del Nuevo Testamento mientras se divierten coloreando. Incluye: 1 p\u00e1gina con stickers Block de 24 hojas para pintar 8 crayones 6 l\u00e1pices para colorear Acuarelas + pincel ISBN: 9788418577031 Editorial: Mundo Biblia de Abba Fecha de [&hellip;]","og_url":"https:\/\/tzionlibreria.com\/index.php\/product\/super-pack-para-colorear-con-escenas-del-nuevo-testamento\/","og_site_name":"tzionlibreria.com","article_modified_time":"2025-06-04T00:06:21+00:00","og_image":[{"width":1080,"height":1080,"url":"http:\/\/tzionlibreria.com\/wp-content\/uploads\/2024\/09\/42275.jpg","type":"image\/jpeg"}],"twitter_card":"summary_large_image","twitter_misc":{"Tiempo de lectura":"1 minuto"},"schema":{"@context":"https:\/\/schema.org","@graph":[{"@type":"WebPage","@id":"https:\/\/tzionlibreria.com\/index.php\/product\/super-pack-para-colorear-con-escenas-del-nuevo-testamento\/","url":"https:\/\/tzionlibreria.com\/index.php\/product\/super-pack-para-colorear-con-escenas-del-nuevo-testamento\/","name":"S\u00faper Pack para colorear con escenas del Nuevo Testamento - tzionlibreria.com","isPartOf":{"@id":"https:\/\/tzionlibreria.com\/#website"},"primaryImageOfPage":{"@id":"https:\/\/tzionlibreria.com\/index.php\/product\/super-pack-para-colorear-con-escenas-del-nuevo-testamento\/#primaryimage"},"image":{"@id":"https:\/\/tzionlibreria.com\/index.php\/product\/super-pack-para-colorear-con-escenas-del-nuevo-testamento\/#primaryimage"},"thumbnailUrl":"https:\/\/tzionlibreria.com\/wp-content\/uploads\/2024\/09\/42275.jpg","datePublished":"2024-09-11T16:38:32+00:00","dateModified":"2025-06-04T00:06:21+00:00","breadcrumb":{"@id":"https:\/\/tzionlibreria.com\/index.php\/product\/super-pack-para-colorear-con-escenas-del-nuevo-testamento\/#breadcrumb"},"inLanguage":"es-CO","potentialAction":[{"@type":"ReadAction","target":["https:\/\/tzionlibreria.com\/index.php\/product\/super-pack-para-colorear-con-escenas-del-nuevo-testamento\/"]}]},{"@type":"ImageObject","inLanguage":"es-CO","@id":"https:\/\/tzionlibreria.com\/index.php\/product\/super-pack-para-colorear-con-escenas-del-nuevo-testamento\/#primaryimage","url":"https:\/\/tzionlibreria.com\/wp-content\/uploads\/2024\/09\/42275.jpg","contentUrl":"https:\/\/tzionlibreria.com\/wp-content\/uploads\/2024\/09\/42275.jpg","width":1080,"height":1080},{"@type":"BreadcrumbList","@id":"https:\/\/tzionlibreria.com\/index.php\/product\/super-pack-para-colorear-con-escenas-del-nuevo-testamento\/#breadcrumb","itemListElement":[{"@type":"ListItem","position":1,"name":"Inicio","item":"https:\/\/tzionlibreria.com\/"},{"@type":"ListItem","position":2,"name":"Shop","item":"https:\/\/tzionlibreria.com\/index.php\/shop\/"},{"@type":"ListItem","position":3,"name":"S\u00faper Pack para colorear con escenas del Nuevo Testamento"}]},{"@type":"WebSite","@id":"https:\/\/tzionlibreria.com\/#website","url":"https:\/\/tzionlibreria.com\/","name":"tzionlibreria.com","description":"Libreria Cristiana Venezuela","publisher":{"@id":"https:\/\/tzionlibreria.com\/#organization"},"potentialAction":[{"@type":"SearchAction","target":{"@type":"EntryPoint","urlTemplate":"https:\/\/tzionlibreria.com\/?s={search_term_string}"},"query-input":{"@type":"PropertyValueSpecification","valueRequired":true,"valueName":"search_term_string"}}],"inLanguage":"es-CO"},{"@type":"Organization","@id":"https:\/\/tzionlibreria.com\/#organization","name":"tzionlibreria.com","url":"https:\/\/tzionlibreria.com\/","logo":{"@type":"ImageObject","inLanguage":"es-CO","@id":"https:\/\/tzionlibreria.com\/#\/schema\/logo\/image\/","url":"https:\/\/tzionlibreria.com\/wp-content\/uploads\/2023\/10\/cropped-Cuadricula-scaled-1.jpg","contentUrl":"https:\/\/tzionlibreria.com\/wp-content\/uploads\/2023\/10\/cropped-Cuadricula-scaled-1.jpg","width":2560,"height":2560,"caption":"tzionlibreria.com"},"image":{"@id":"https:\/\/tzionlibreria.com\/#\/schema\/logo\/image\/"}}]}},"jetpack_sharing_enabled":true,"_links":{"self":[{"href":"https:\/\/tzionlibreria.com\/index.php\/wp-json\/wp\/v2\/product\/4053","targetHints":{"allow":["GET"]}}],"collection":[{"href":"https:\/\/tzionlibreria.com\/index.php\/wp-json\/wp\/v2\/product"}],"about":[{"href":"https:\/\/tzionlibreria.com\/index.php\/wp-json\/wp\/v2\/types\/product"}],"replies":[{"embeddable":true,"href":"https:\/\/tzionlibreria.com\/index.php\/wp-json\/wp\/v2\/comments?post=4053"}],"wp:featuredmedia":[{"embeddable":true,"href":"https:\/\/tzionlibreria.com\/index.php\/wp-json\/wp\/v2\/media\/4054"}],"wp:attachment":[{"href":"https:\/\/tzionlibreria.com\/index.php\/wp-json\/wp\/v2\/media?parent=4053"}],"wp:term":[{"taxonomy":"product_brand","embeddable":true,"href":"https:\/\/tzionlibreria.com\/index.php\/wp-json\/wp\/v2\/product_brand?post=4053"},{"taxonomy":"product_cat","embeddable":true,"href":"https:\/\/tzionlibreria.com\/index.php\/wp-json\/wp\/v2\/product_cat?post=4053"},{"taxonomy":"product_tag","embeddable":true,"href":"https:\/\/tzionlibreria.com\/index.php\/wp-json\/wp\/v2\/product_tag?post=4053"}],"curies":[{"name":"wp","href":"https:\/\/api.w.org\/{rel}","templated":true}]}}