{"id":408,"date":"2023-10-07T01:44:27","date_gmt":"2023-10-07T01:44:27","guid":{"rendered":"https:\/\/tzionlibreria.com\/?post_type=product&#038;p=408"},"modified":"2024-11-22T02:50:52","modified_gmt":"2024-11-22T02:50:52","slug":"nuevo-diccionario-ilustrado-de-la-biblia-tapa-dura","status":"publish","type":"product","link":"https:\/\/tzionlibreria.com\/index.php\/product\/nuevo-diccionario-ilustrado-de-la-biblia-tapa-dura\/","title":{"rendered":"Nuevo Diccionario Ilustrado De La Biblia Tapa Dura"},"content":{"rendered":"<p>*Nuevo Diccionario Ilustrado de la Biblia (Tapa Dura)*<\/p>\n<p>Autor: Wilton M. Nelson<\/p>\n<p>Ahora completamente revisado y enriquecido, impreso a todo color y con \u00edndice, el Nuevo Diccionario Ilustrado de la Biblia pone en sus manos un verdadero tesoro de informaci\u00f3n actualizada y confiable.<\/p>\n<p>Dise\u00f1ado, escrito y editado con las necesidades del lector promedio en mente, este completo diccionario b\u00edblico contiene cerca de 7.000 art\u00edculos sobre personas, lugares, objetos y doctrinas de la Biblia.<\/p>\n<p>Los cristianos que deseen sacarle buen provecho a su estudio de la Biblia, los maestros de Escuela Dominical y estudios b\u00edblicos que anden en busca de material para prepararse mejor, y cualquiera que desee entender bien la Palabra de Dios y el marco hist\u00f3rico de la Biblia hallar\u00e1n en este diccionario lo que andaban buscando.<\/p>\n<p>Repleto de informaci\u00f3n y recursos gr\u00e1ficos para estudiar mejor:<\/p>\n<p>-M\u00e1s de 500 fotograf\u00edas a todo color que ilustran y aclaran importantes temas de la Biblia.<br \/>\n-\u00datiles bosquejos de los libros de la Biblia para estudiar y ense\u00f1ar mejor.<br \/>\n-\u00cdndice de mapas y mapas de todo color para entender las diferentes \u00e9pocas de la historia b\u00edblica<br \/>\n-Art\u00edculos que tocan temas especiales como los m\u00f1as recientes descubrimientos de la arqueolog\u00eda<br \/>\n-Nuevas tablas y gr\u00e1ficas, as\u00ed como el Resumen Gr\u00e1fico de la Biblia para poder entender la historia b\u00edblica de un vistazo<br \/>\n-Buen tama\u00f1o de letra y dise\u00f1o a todo color para hacer m\u00e1s agradable y f\u00e1cil la lectura<\/p>\n<p>-Medidas: 24 x 17,5 x 5,5<br \/>\n-Tapa Dura<\/p>\n<p>ISBN: 9780899222851<\/p>\n","protected":false},"excerpt":{"rendered":"<p>*Nuevo Diccionario Ilustrado de la Biblia (Tapa Dura)* Autor: Wilton M. Nelson Ahora completamente revisado y enriquecido, impreso a todo color y con \u00edndice, el Nuevo Diccionario Ilustrado de la Biblia pone en sus manos un verdadero tesoro de informaci\u00f3n actualizada y confiable. Dise\u00f1ado, escrito y editado con las necesidades del lector promedio en mente, [&hellip;]<\/p>\n","protected":false},"featured_media":409,"comment_status":"open","ping_status":"closed","template":"","meta":{"om_disable_all_campaigns":false,"_monsterinsights_skip_tracking":false,"_monsterinsights_sitenote_active":false,"_monsterinsights_sitenote_note":"","_monsterinsights_sitenote_category":0,"site-sidebar-layout":"default","site-content-layout":"","ast-site-content-layout":"default","site-content-style":"default","site-sidebar-style":"default","ast-global-header-display":"","ast-banner-title-visibility":"","ast-main-header-display":"","ast-hfb-above-header-display":"","ast-hfb-below-header-display":"","ast-hfb-mobile-header-display":"","site-post-title":"","ast-breadcrumbs-content":"","ast-featured-img":"","footer-sml-layout":"","ast-disable-related-posts":"","theme-transparent-header-meta":"default","adv-header-id-meta":"","stick-header-meta":"","header-above-stick-meta":"","header-main-stick-meta":"","header-below-stick-meta":"","astra-migrate-meta-layouts":"set","ast-page-background-enabled":"default","ast-page-background-meta":{"desktop":{"background-color":"var(--ast-global-color-4)","background-image":"","background-repeat":"repeat","background-position":"center center","background-size":"auto","background-attachment":"scroll","background-type":"","background-media":"","overlay-type":"","overlay-color":"","overlay-opacity":"","overlay-gradient":""},"tablet":{"background-color":"","background-image":"","background-repeat":"repeat","background-position":"center center","background-size":"auto","background-attachment":"scroll","background-type":"","background-media":"","overlay-type":"","overlay-color":"","overlay-opacity":"","overlay-gradient":""},"mobile":{"background-color":"","background-image":"","background-repeat":"repeat","background-position":"center center","background-size":"auto","background-attachment":"scroll","background-type":"","background-media":"","overlay-type":"","overlay-color":"","overlay-opacity":"","overlay-gradient":""}},"ast-content-background-meta":{"desktop":{"background-color":"var(--ast-global-color-5)","background-image":"","background-repeat":"repeat","background-position":"center center","background-size":"auto","background-attachment":"scroll","background-type":"","background-media":"","overlay-type":"","overlay-color":"","overlay-opacity":"","overlay-gradient":""},"tablet":{"background-color":"var(--ast-global-color-5)","background-image":"","background-repeat":"repeat","background-position":"center center","background-size":"auto","background-attachment":"scroll","background-type":"","background-media":"","overlay-type":"","overlay-color":"","overlay-opacity":"","overlay-gradient":""},"mobile":{"background-color":"var(--ast-global-color-5)","background-image":"","background-repeat":"repeat","background-position":"center center","background-size":"auto","background-attachment":"scroll","background-type":"","background-media":"","overlay-type":"","overlay-color":"","overlay-opacity":"","overlay-gradient":""}}},"product_brand":[],"product_cat":[40,26],"product_tag":[],"class_list":{"0":"post-408","1":"product","2":"type-product","3":"status-publish","4":"has-post-thumbnail","6":"product_cat-diccionarios","7":"product_cat-teologia","8":"desktop-align-left","9":"tablet-align-left","10":"mobile-align-left","12":"first","13":"instock","14":"shipping-taxable","15":"purchasable","16":"product-type-simple"},"yoast_head":"<!-- This site is optimized with the Yoast SEO plugin v27.4 - https:\/\/yoast.com\/product\/yoast-seo-wordpress\/ -->\n<title>Nuevo Diccionario Ilustrado De La Biblia Tapa Dura - tzionlibreria.com<\/title>\n<meta name=\"robots\" content=\"index, follow, max-snippet:-1, max-image-preview:large, max-video-preview:-1\" \/>\n<link rel=\"canonical\" href=\"https:\/\/tzionlibreria.com\/index.php\/product\/nuevo-diccionario-ilustrado-de-la-biblia-tapa-dura\/\" \/>\n<meta property=\"og:locale\" content=\"es_ES\" \/>\n<meta property=\"og:type\" content=\"article\" \/>\n<meta property=\"og:title\" content=\"Nuevo Diccionario Ilustrado De La Biblia Tapa Dura - tzionlibreria.com\" \/>\n<meta property=\"og:description\" content=\"*Nuevo Diccionario Ilustrado de la Biblia (Tapa Dura)* Autor: Wilton M. Nelson Ahora completamente revisado y enriquecido, impreso a todo color y con \u00edndice, el Nuevo Diccionario Ilustrado de la Biblia pone en sus manos un verdadero tesoro de informaci\u00f3n actualizada y confiable. Dise\u00f1ado, escrito y editado con las necesidades del lector promedio en mente, [&hellip;]\" \/>\n<meta property=\"og:url\" content=\"https:\/\/tzionlibreria.com\/index.php\/product\/nuevo-diccionario-ilustrado-de-la-biblia-tapa-dura\/\" \/>\n<meta property=\"og:site_name\" content=\"tzionlibreria.com\" \/>\n<meta property=\"article:modified_time\" content=\"2024-11-22T02:50:52+00:00\" \/>\n<meta property=\"og:image\" content=\"http:\/\/tzionlibreria.com\/wp-content\/uploads\/2023\/10\/D_NQ_NP_2X_673622-MLV52800469210_122022-F.webp\" \/>\n\t<meta property=\"og:image:width\" content=\"1030\" \/>\n\t<meta property=\"og:image:height\" content=\"960\" \/>\n\t<meta property=\"og:image:type\" content=\"image\/webp\" \/>\n<meta name=\"twitter:card\" content=\"summary_large_image\" \/>\n<meta name=\"twitter:label1\" content=\"Tiempo de lectura\" \/>\n\t<meta name=\"twitter:data1\" content=\"2 minutos\" \/>\n<script type=\"application\/ld+json\" class=\"yoast-schema-graph\">{\"@context\":\"https:\\\/\\\/schema.org\",\"@graph\":[{\"@type\":\"WebPage\",\"@id\":\"https:\\\/\\\/tzionlibreria.com\\\/index.php\\\/product\\\/nuevo-diccionario-ilustrado-de-la-biblia-tapa-dura\\\/\",\"url\":\"https:\\\/\\\/tzionlibreria.com\\\/index.php\\\/product\\\/nuevo-diccionario-ilustrado-de-la-biblia-tapa-dura\\\/\",\"name\":\"Nuevo Diccionario Ilustrado De La Biblia Tapa Dura - tzionlibreria.com\",\"isPartOf\":{\"@id\":\"https:\\\/\\\/tzionlibreria.com\\\/#website\"},\"primaryImageOfPage\":{\"@id\":\"https:\\\/\\\/tzionlibreria.com\\\/index.php\\\/product\\\/nuevo-diccionario-ilustrado-de-la-biblia-tapa-dura\\\/#primaryimage\"},\"image\":{\"@id\":\"https:\\\/\\\/tzionlibreria.com\\\/index.php\\\/product\\\/nuevo-diccionario-ilustrado-de-la-biblia-tapa-dura\\\/#primaryimage\"},\"thumbnailUrl\":\"https:\\\/\\\/tzionlibreria.com\\\/wp-content\\\/uploads\\\/2023\\\/10\\\/D_NQ_NP_2X_673622-MLV52800469210_122022-F.webp\",\"datePublished\":\"2023-10-07T01:44:27+00:00\",\"dateModified\":\"2024-11-22T02:50:52+00:00\",\"breadcrumb\":{\"@id\":\"https:\\\/\\\/tzionlibreria.com\\\/index.php\\\/product\\\/nuevo-diccionario-ilustrado-de-la-biblia-tapa-dura\\\/#breadcrumb\"},\"inLanguage\":\"es-CO\",\"potentialAction\":[{\"@type\":\"ReadAction\",\"target\":[\"https:\\\/\\\/tzionlibreria.com\\\/index.php\\\/product\\\/nuevo-diccionario-ilustrado-de-la-biblia-tapa-dura\\\/\"]}]},{\"@type\":\"ImageObject\",\"inLanguage\":\"es-CO\",\"@id\":\"https:\\\/\\\/tzionlibreria.com\\\/index.php\\\/product\\\/nuevo-diccionario-ilustrado-de-la-biblia-tapa-dura\\\/#primaryimage\",\"url\":\"https:\\\/\\\/tzionlibreria.com\\\/wp-content\\\/uploads\\\/2023\\\/10\\\/D_NQ_NP_2X_673622-MLV52800469210_122022-F.webp\",\"contentUrl\":\"https:\\\/\\\/tzionlibreria.com\\\/wp-content\\\/uploads\\\/2023\\\/10\\\/D_NQ_NP_2X_673622-MLV52800469210_122022-F.webp\",\"width\":1030,\"height\":960},{\"@type\":\"BreadcrumbList\",\"@id\":\"https:\\\/\\\/tzionlibreria.com\\\/index.php\\\/product\\\/nuevo-diccionario-ilustrado-de-la-biblia-tapa-dura\\\/#breadcrumb\",\"itemListElement\":[{\"@type\":\"ListItem\",\"position\":1,\"name\":\"Inicio\",\"item\":\"https:\\\/\\\/tzionlibreria.com\\\/\"},{\"@type\":\"ListItem\",\"position\":2,\"name\":\"Shop\",\"item\":\"https:\\\/\\\/tzionlibreria.com\\\/index.php\\\/shop\\\/\"},{\"@type\":\"ListItem\",\"position\":3,\"name\":\"Nuevo Diccionario Ilustrado De La Biblia Tapa Dura\"}]},{\"@type\":\"WebSite\",\"@id\":\"https:\\\/\\\/tzionlibreria.com\\\/#website\",\"url\":\"https:\\\/\\\/tzionlibreria.com\\\/\",\"name\":\"tzionlibreria.com\",\"description\":\"Libreria Cristiana Venezuela\",\"publisher\":{\"@id\":\"https:\\\/\\\/tzionlibreria.com\\\/#organization\"},\"potentialAction\":[{\"@type\":\"SearchAction\",\"target\":{\"@type\":\"EntryPoint\",\"urlTemplate\":\"https:\\\/\\\/tzionlibreria.com\\\/?s={search_term_string}\"},\"query-input\":{\"@type\":\"PropertyValueSpecification\",\"valueRequired\":true,\"valueName\":\"search_term_string\"}}],\"inLanguage\":\"es-CO\"},{\"@type\":\"Organization\",\"@id\":\"https:\\\/\\\/tzionlibreria.com\\\/#organization\",\"name\":\"tzionlibreria.com\",\"url\":\"https:\\\/\\\/tzionlibreria.com\\\/\",\"logo\":{\"@type\":\"ImageObject\",\"inLanguage\":\"es-CO\",\"@id\":\"https:\\\/\\\/tzionlibreria.com\\\/#\\\/schema\\\/logo\\\/image\\\/\",\"url\":\"https:\\\/\\\/tzionlibreria.com\\\/wp-content\\\/uploads\\\/2023\\\/10\\\/cropped-Cuadricula-scaled-1.jpg\",\"contentUrl\":\"https:\\\/\\\/tzionlibreria.com\\\/wp-content\\\/uploads\\\/2023\\\/10\\\/cropped-Cuadricula-scaled-1.jpg\",\"width\":2560,\"height\":2560,\"caption\":\"tzionlibreria.com\"},\"image\":{\"@id\":\"https:\\\/\\\/tzionlibreria.com\\\/#\\\/schema\\\/logo\\\/image\\\/\"}}]}<\/script>\n<!-- \/ Yoast SEO plugin. -->","yoast_head_json":{"title":"Nuevo Diccionario Ilustrado De La Biblia Tapa Dura - tzionlibreria.com","robots":{"index":"index","follow":"follow","max-snippet":"max-snippet:-1","max-image-preview":"max-image-preview:large","max-video-preview":"max-video-preview:-1"},"canonical":"https:\/\/tzionlibreria.com\/index.php\/product\/nuevo-diccionario-ilustrado-de-la-biblia-tapa-dura\/","og_locale":"es_ES","og_type":"article","og_title":"Nuevo Diccionario Ilustrado De La Biblia Tapa Dura - tzionlibreria.com","og_description":"*Nuevo Diccionario Ilustrado de la Biblia (Tapa Dura)* Autor: Wilton M. Nelson Ahora completamente revisado y enriquecido, impreso a todo color y con \u00edndice, el Nuevo Diccionario Ilustrado de la Biblia pone en sus manos un verdadero tesoro de informaci\u00f3n actualizada y confiable. Dise\u00f1ado, escrito y editado con las necesidades del lector promedio en mente, [&hellip;]","og_url":"https:\/\/tzionlibreria.com\/index.php\/product\/nuevo-diccionario-ilustrado-de-la-biblia-tapa-dura\/","og_site_name":"tzionlibreria.com","article_modified_time":"2024-11-22T02:50:52+00:00","og_image":[{"width":1030,"height":960,"url":"http:\/\/tzionlibreria.com\/wp-content\/uploads\/2023\/10\/D_NQ_NP_2X_673622-MLV52800469210_122022-F.webp","type":"image\/webp"}],"twitter_card":"summary_large_image","twitter_misc":{"Tiempo de lectura":"2 minutos"},"schema":{"@context":"https:\/\/schema.org","@graph":[{"@type":"WebPage","@id":"https:\/\/tzionlibreria.com\/index.php\/product\/nuevo-diccionario-ilustrado-de-la-biblia-tapa-dura\/","url":"https:\/\/tzionlibreria.com\/index.php\/product\/nuevo-diccionario-ilustrado-de-la-biblia-tapa-dura\/","name":"Nuevo Diccionario Ilustrado De La Biblia Tapa Dura - tzionlibreria.com","isPartOf":{"@id":"https:\/\/tzionlibreria.com\/#website"},"primaryImageOfPage":{"@id":"https:\/\/tzionlibreria.com\/index.php\/product\/nuevo-diccionario-ilustrado-de-la-biblia-tapa-dura\/#primaryimage"},"image":{"@id":"https:\/\/tzionlibreria.com\/index.php\/product\/nuevo-diccionario-ilustrado-de-la-biblia-tapa-dura\/#primaryimage"},"thumbnailUrl":"https:\/\/tzionlibreria.com\/wp-content\/uploads\/2023\/10\/D_NQ_NP_2X_673622-MLV52800469210_122022-F.webp","datePublished":"2023-10-07T01:44:27+00:00","dateModified":"2024-11-22T02:50:52+00:00","breadcrumb":{"@id":"https:\/\/tzionlibreria.com\/index.php\/product\/nuevo-diccionario-ilustrado-de-la-biblia-tapa-dura\/#breadcrumb"},"inLanguage":"es-CO","potentialAction":[{"@type":"ReadAction","target":["https:\/\/tzionlibreria.com\/index.php\/product\/nuevo-diccionario-ilustrado-de-la-biblia-tapa-dura\/"]}]},{"@type":"ImageObject","inLanguage":"es-CO","@id":"https:\/\/tzionlibreria.com\/index.php\/product\/nuevo-diccionario-ilustrado-de-la-biblia-tapa-dura\/#primaryimage","url":"https:\/\/tzionlibreria.com\/wp-content\/uploads\/2023\/10\/D_NQ_NP_2X_673622-MLV52800469210_122022-F.webp","contentUrl":"https:\/\/tzionlibreria.com\/wp-content\/uploads\/2023\/10\/D_NQ_NP_2X_673622-MLV52800469210_122022-F.webp","width":1030,"height":960},{"@type":"BreadcrumbList","@id":"https:\/\/tzionlibreria.com\/index.php\/product\/nuevo-diccionario-ilustrado-de-la-biblia-tapa-dura\/#breadcrumb","itemListElement":[{"@type":"ListItem","position":1,"name":"Inicio","item":"https:\/\/tzionlibreria.com\/"},{"@type":"ListItem","position":2,"name":"Shop","item":"https:\/\/tzionlibreria.com\/index.php\/shop\/"},{"@type":"ListItem","position":3,"name":"Nuevo Diccionario Ilustrado De La Biblia Tapa Dura"}]},{"@type":"WebSite","@id":"https:\/\/tzionlibreria.com\/#website","url":"https:\/\/tzionlibreria.com\/","name":"tzionlibreria.com","description":"Libreria Cristiana Venezuela","publisher":{"@id":"https:\/\/tzionlibreria.com\/#organization"},"potentialAction":[{"@type":"SearchAction","target":{"@type":"EntryPoint","urlTemplate":"https:\/\/tzionlibreria.com\/?s={search_term_string}"},"query-input":{"@type":"PropertyValueSpecification","valueRequired":true,"valueName":"search_term_string"}}],"inLanguage":"es-CO"},{"@type":"Organization","@id":"https:\/\/tzionlibreria.com\/#organization","name":"tzionlibreria.com","url":"https:\/\/tzionlibreria.com\/","logo":{"@type":"ImageObject","inLanguage":"es-CO","@id":"https:\/\/tzionlibreria.com\/#\/schema\/logo\/image\/","url":"https:\/\/tzionlibreria.com\/wp-content\/uploads\/2023\/10\/cropped-Cuadricula-scaled-1.jpg","contentUrl":"https:\/\/tzionlibreria.com\/wp-content\/uploads\/2023\/10\/cropped-Cuadricula-scaled-1.jpg","width":2560,"height":2560,"caption":"tzionlibreria.com"},"image":{"@id":"https:\/\/tzionlibreria.com\/#\/schema\/logo\/image\/"}}]}},"jetpack_sharing_enabled":true,"_links":{"self":[{"href":"https:\/\/tzionlibreria.com\/index.php\/wp-json\/wp\/v2\/product\/408","targetHints":{"allow":["GET"]}}],"collection":[{"href":"https:\/\/tzionlibreria.com\/index.php\/wp-json\/wp\/v2\/product"}],"about":[{"href":"https:\/\/tzionlibreria.com\/index.php\/wp-json\/wp\/v2\/types\/product"}],"replies":[{"embeddable":true,"href":"https:\/\/tzionlibreria.com\/index.php\/wp-json\/wp\/v2\/comments?post=408"}],"wp:featuredmedia":[{"embeddable":true,"href":"https:\/\/tzionlibreria.com\/index.php\/wp-json\/wp\/v2\/media\/409"}],"wp:attachment":[{"href":"https:\/\/tzionlibreria.com\/index.php\/wp-json\/wp\/v2\/media?parent=408"}],"wp:term":[{"taxonomy":"product_brand","embeddable":true,"href":"https:\/\/tzionlibreria.com\/index.php\/wp-json\/wp\/v2\/product_brand?post=408"},{"taxonomy":"product_cat","embeddable":true,"href":"https:\/\/tzionlibreria.com\/index.php\/wp-json\/wp\/v2\/product_cat?post=408"},{"taxonomy":"product_tag","embeddable":true,"href":"https:\/\/tzionlibreria.com\/index.php\/wp-json\/wp\/v2\/product_tag?post=408"}],"curies":[{"name":"wp","href":"https:\/\/api.w.org\/{rel}","templated":true}]}}