{"id":4159,"date":"2024-09-12T13:44:44","date_gmt":"2024-09-12T13:44:44","guid":{"rendered":"https:\/\/tzionlibreria.com\/?post_type=product&#038;p=4159"},"modified":"2025-06-05T22:08:41","modified_gmt":"2025-06-05T22:08:41","slug":"biblia-rvr60-de-bolsillo-imit-piel-fucsia-corazones-cierre","status":"publish","type":"product","link":"https:\/\/tzionlibreria.com\/index.php\/product\/biblia-rvr60-de-bolsillo-imit-piel-fucsia-corazones-cierre\/","title":{"rendered":"Biblia RVR60 de Bolsillo Imit Piel Fucsia Corazones Cierre"},"content":{"rendered":"<p>La Biblia RVR60 es una de las traducciones de la Biblia m\u00e1s reconocidas en el mundo de habla hispana, siendo la traducci\u00f3n cl\u00e1sica del pueblo evang\u00e9lico. Un dise\u00f1o elegante, juvenil, elaborado con la m\u00e1s alta calidad, de tama\u00f1o ideal para llevar a todas partes.<\/p>\n<h6>Adem\u00e1s, en todas las Biblias de la versi\u00f3n RVR 1960:<\/h6>\n<ul>\n<li>Vers\u00edculos clave de cada libro<\/li>\n<li>Genealog\u00eda de Jes\u00fas<\/li>\n<li>Fiestas B\u00edblicas<\/li>\n<li>Tipolog\u00eda de los salmos<\/li>\n<li>Plano del templo<\/li>\n<li>Cronolog\u00eda de Reyes y Profetas<\/li>\n<li>Cuadro con las par\u00e1bolas de Jes\u00fas<\/li>\n<li>Cuadro con los milagros de Jesus<\/li>\n<li>Plan de salvaci\u00f3n<\/li>\n<li>Promesas de Dios<\/li>\n<li>Plan de lectura en un a\u00f1o<\/li>\n<li>12 mapas a todo color<\/li>\n<\/ul>\n<p><strong>P\u00e1ginas:<\/strong>\u00a01710<br \/>\n<strong>Tama\u00f1o:<\/strong>\u00a011.5 x 16 x 3.2 cm<br \/>\n<strong>Letra:<\/strong> 8 puntos<\/p>\n<p><strong>ISBN<\/strong>: 9798885165341<\/p>\n<p><strong>Peso<\/strong>: 0,385kg<\/p>\n<p><strong>Portada<\/strong>: Imitaci\u00f3n Piel<\/p>\n<p><strong>Idioma<\/strong>: Espa\u00f1ol<\/p>\n<p>&nbsp;<\/p>\n","protected":false},"excerpt":{"rendered":"<p>La Biblia RVR60 es una de las traducciones de la Biblia m\u00e1s reconocidas en el mundo de habla hispana, siendo la traducci\u00f3n cl\u00e1sica del pueblo evang\u00e9lico. Un dise\u00f1o elegante, juvenil, elaborado con la m\u00e1s alta calidad, de tama\u00f1o ideal para llevar a todas partes. Adem\u00e1s, en todas las Biblias de la versi\u00f3n RVR 1960: Vers\u00edculos [&hellip;]<\/p>\n","protected":false},"featured_media":4160,"comment_status":"open","ping_status":"closed","template":"","meta":{"om_disable_all_campaigns":false,"_monsterinsights_skip_tracking":false,"_monsterinsights_sitenote_active":false,"_monsterinsights_sitenote_note":"","_monsterinsights_sitenote_category":0,"site-sidebar-layout":"default","site-content-layout":"","ast-site-content-layout":"default","site-content-style":"default","site-sidebar-style":"default","ast-global-header-display":"","ast-banner-title-visibility":"","ast-main-header-display":"","ast-hfb-above-header-display":"","ast-hfb-below-header-display":"","ast-hfb-mobile-header-display":"","site-post-title":"","ast-breadcrumbs-content":"","ast-featured-img":"","footer-sml-layout":"","ast-disable-related-posts":"","theme-transparent-header-meta":"default","adv-header-id-meta":"","stick-header-meta":"","header-above-stick-meta":"","header-main-stick-meta":"","header-below-stick-meta":"","astra-migrate-meta-layouts":"set","ast-page-background-enabled":"default","ast-page-background-meta":{"desktop":{"background-color":"var(--ast-global-color-4)","background-image":"","background-repeat":"repeat","background-position":"center center","background-size":"auto","background-attachment":"scroll","background-type":"","background-media":"","overlay-type":"","overlay-color":"","overlay-opacity":"","overlay-gradient":""},"tablet":{"background-color":"","background-image":"","background-repeat":"repeat","background-position":"center center","background-size":"auto","background-attachment":"scroll","background-type":"","background-media":"","overlay-type":"","overlay-color":"","overlay-opacity":"","overlay-gradient":""},"mobile":{"background-color":"","background-image":"","background-repeat":"repeat","background-position":"center center","background-size":"auto","background-attachment":"scroll","background-type":"","background-media":"","overlay-type":"","overlay-color":"","overlay-opacity":"","overlay-gradient":""}},"ast-content-background-meta":{"desktop":{"background-color":"var(--ast-global-color-5)","background-image":"","background-repeat":"repeat","background-position":"center center","background-size":"auto","background-attachment":"scroll","background-type":"","background-media":"","overlay-type":"","overlay-color":"","overlay-opacity":"","overlay-gradient":""},"tablet":{"background-color":"var(--ast-global-color-5)","background-image":"","background-repeat":"repeat","background-position":"center center","background-size":"auto","background-attachment":"scroll","background-type":"","background-media":"","overlay-type":"","overlay-color":"","overlay-opacity":"","overlay-gradient":""},"mobile":{"background-color":"var(--ast-global-color-5)","background-image":"","background-repeat":"repeat","background-position":"center center","background-size":"auto","background-attachment":"scroll","background-type":"","background-media":"","overlay-type":"","overlay-color":"","overlay-opacity":"","overlay-gradient":""}}},"product_brand":[],"product_cat":[304,22,42,287],"product_tag":[],"class_list":{"0":"post-4159","1":"product","2":"type-product","3":"status-publish","4":"has-post-thumbnail","6":"product_cat-biblia-juvenil","7":"product_cat-biblias","8":"product_cat-biblias-reina-valera","9":"product_cat-bolsillo-rvr","10":"desktop-align-left","11":"tablet-align-left","12":"mobile-align-left","14":"first","15":"instock","16":"shipping-taxable","17":"purchasable","18":"product-type-simple"},"yoast_head":"<!-- This site is optimized with the Yoast SEO plugin v27.4 - https:\/\/yoast.com\/product\/yoast-seo-wordpress\/ -->\n<title>Biblia RVR60 de Bolsillo Imit Piel Fucsia Corazones Cierre - tzionlibreria.com<\/title>\n<meta name=\"description\" content=\"Biblia con dise\u00f1o elegante, juvenil, elaborado con la m\u00e1s alta calidad, de tama\u00f1o ideal para llevar a todas partes. Con la versi\u00f3n Reina Valera 1960.\" \/>\n<meta name=\"robots\" content=\"index, follow, max-snippet:-1, max-image-preview:large, max-video-preview:-1\" \/>\n<link rel=\"canonical\" href=\"https:\/\/tzionlibreria.com\/index.php\/product\/biblia-rvr60-de-bolsillo-imit-piel-fucsia-corazones-cierre\/\" \/>\n<meta property=\"og:locale\" content=\"es_ES\" \/>\n<meta property=\"og:type\" content=\"article\" \/>\n<meta property=\"og:title\" content=\"Biblia RVR60 de Bolsillo Imit Piel Fucsia Corazones Cierre - tzionlibreria.com\" \/>\n<meta property=\"og:description\" content=\"Biblia con dise\u00f1o elegante, juvenil, elaborado con la m\u00e1s alta calidad, de tama\u00f1o ideal para llevar a todas partes. Con la versi\u00f3n Reina Valera 1960.\" \/>\n<meta property=\"og:url\" content=\"https:\/\/tzionlibreria.com\/index.php\/product\/biblia-rvr60-de-bolsillo-imit-piel-fucsia-corazones-cierre\/\" \/>\n<meta property=\"og:site_name\" content=\"tzionlibreria.com\" \/>\n<meta property=\"article:modified_time\" content=\"2025-06-05T22:08:41+00:00\" \/>\n<meta property=\"og:image\" content=\"http:\/\/tzionlibreria.com\/wp-content\/uploads\/2024\/09\/4.png\" \/>\n\t<meta property=\"og:image:width\" content=\"1080\" \/>\n\t<meta property=\"og:image:height\" content=\"1080\" \/>\n\t<meta property=\"og:image:type\" content=\"image\/png\" \/>\n<meta name=\"twitter:card\" content=\"summary_large_image\" \/>\n<meta name=\"twitter:label1\" content=\"Tiempo de lectura\" \/>\n\t<meta name=\"twitter:data1\" content=\"1 minuto\" \/>\n<script type=\"application\/ld+json\" class=\"yoast-schema-graph\">{\"@context\":\"https:\\\/\\\/schema.org\",\"@graph\":[{\"@type\":\"WebPage\",\"@id\":\"https:\\\/\\\/tzionlibreria.com\\\/index.php\\\/product\\\/biblia-rvr60-de-bolsillo-imit-piel-fucsia-corazones-cierre\\\/\",\"url\":\"https:\\\/\\\/tzionlibreria.com\\\/index.php\\\/product\\\/biblia-rvr60-de-bolsillo-imit-piel-fucsia-corazones-cierre\\\/\",\"name\":\"Biblia RVR60 de Bolsillo Imit Piel Fucsia Corazones Cierre - tzionlibreria.com\",\"isPartOf\":{\"@id\":\"https:\\\/\\\/tzionlibreria.com\\\/#website\"},\"primaryImageOfPage\":{\"@id\":\"https:\\\/\\\/tzionlibreria.com\\\/index.php\\\/product\\\/biblia-rvr60-de-bolsillo-imit-piel-fucsia-corazones-cierre\\\/#primaryimage\"},\"image\":{\"@id\":\"https:\\\/\\\/tzionlibreria.com\\\/index.php\\\/product\\\/biblia-rvr60-de-bolsillo-imit-piel-fucsia-corazones-cierre\\\/#primaryimage\"},\"thumbnailUrl\":\"https:\\\/\\\/tzionlibreria.com\\\/wp-content\\\/uploads\\\/2024\\\/09\\\/4.png\",\"datePublished\":\"2024-09-12T13:44:44+00:00\",\"dateModified\":\"2025-06-05T22:08:41+00:00\",\"description\":\"Biblia con dise\u00f1o elegante, juvenil, elaborado con la m\u00e1s alta calidad, de tama\u00f1o ideal para llevar a todas partes. Con la versi\u00f3n Reina Valera 1960.\",\"breadcrumb\":{\"@id\":\"https:\\\/\\\/tzionlibreria.com\\\/index.php\\\/product\\\/biblia-rvr60-de-bolsillo-imit-piel-fucsia-corazones-cierre\\\/#breadcrumb\"},\"inLanguage\":\"es-CO\",\"potentialAction\":[{\"@type\":\"ReadAction\",\"target\":[\"https:\\\/\\\/tzionlibreria.com\\\/index.php\\\/product\\\/biblia-rvr60-de-bolsillo-imit-piel-fucsia-corazones-cierre\\\/\"]}]},{\"@type\":\"ImageObject\",\"inLanguage\":\"es-CO\",\"@id\":\"https:\\\/\\\/tzionlibreria.com\\\/index.php\\\/product\\\/biblia-rvr60-de-bolsillo-imit-piel-fucsia-corazones-cierre\\\/#primaryimage\",\"url\":\"https:\\\/\\\/tzionlibreria.com\\\/wp-content\\\/uploads\\\/2024\\\/09\\\/4.png\",\"contentUrl\":\"https:\\\/\\\/tzionlibreria.com\\\/wp-content\\\/uploads\\\/2024\\\/09\\\/4.png\",\"width\":1080,\"height\":1080},{\"@type\":\"BreadcrumbList\",\"@id\":\"https:\\\/\\\/tzionlibreria.com\\\/index.php\\\/product\\\/biblia-rvr60-de-bolsillo-imit-piel-fucsia-corazones-cierre\\\/#breadcrumb\",\"itemListElement\":[{\"@type\":\"ListItem\",\"position\":1,\"name\":\"Inicio\",\"item\":\"https:\\\/\\\/tzionlibreria.com\\\/\"},{\"@type\":\"ListItem\",\"position\":2,\"name\":\"Shop\",\"item\":\"https:\\\/\\\/tzionlibreria.com\\\/index.php\\\/shop\\\/\"},{\"@type\":\"ListItem\",\"position\":3,\"name\":\"Biblia RVR60 de Bolsillo Imit Piel Fucsia Corazones Cierre\"}]},{\"@type\":\"WebSite\",\"@id\":\"https:\\\/\\\/tzionlibreria.com\\\/#website\",\"url\":\"https:\\\/\\\/tzionlibreria.com\\\/\",\"name\":\"tzionlibreria.com\",\"description\":\"Libreria Cristiana Venezuela\",\"publisher\":{\"@id\":\"https:\\\/\\\/tzionlibreria.com\\\/#organization\"},\"potentialAction\":[{\"@type\":\"SearchAction\",\"target\":{\"@type\":\"EntryPoint\",\"urlTemplate\":\"https:\\\/\\\/tzionlibreria.com\\\/?s={search_term_string}\"},\"query-input\":{\"@type\":\"PropertyValueSpecification\",\"valueRequired\":true,\"valueName\":\"search_term_string\"}}],\"inLanguage\":\"es-CO\"},{\"@type\":\"Organization\",\"@id\":\"https:\\\/\\\/tzionlibreria.com\\\/#organization\",\"name\":\"tzionlibreria.com\",\"url\":\"https:\\\/\\\/tzionlibreria.com\\\/\",\"logo\":{\"@type\":\"ImageObject\",\"inLanguage\":\"es-CO\",\"@id\":\"https:\\\/\\\/tzionlibreria.com\\\/#\\\/schema\\\/logo\\\/image\\\/\",\"url\":\"https:\\\/\\\/tzionlibreria.com\\\/wp-content\\\/uploads\\\/2023\\\/10\\\/cropped-Cuadricula-scaled-1.jpg\",\"contentUrl\":\"https:\\\/\\\/tzionlibreria.com\\\/wp-content\\\/uploads\\\/2023\\\/10\\\/cropped-Cuadricula-scaled-1.jpg\",\"width\":2560,\"height\":2560,\"caption\":\"tzionlibreria.com\"},\"image\":{\"@id\":\"https:\\\/\\\/tzionlibreria.com\\\/#\\\/schema\\\/logo\\\/image\\\/\"}}]}<\/script>\n<!-- \/ Yoast SEO plugin. -->","yoast_head_json":{"title":"Biblia RVR60 de Bolsillo Imit Piel Fucsia Corazones Cierre - tzionlibreria.com","description":"Biblia con dise\u00f1o elegante, juvenil, elaborado con la m\u00e1s alta calidad, de tama\u00f1o ideal para llevar a todas partes. Con la versi\u00f3n Reina Valera 1960.","robots":{"index":"index","follow":"follow","max-snippet":"max-snippet:-1","max-image-preview":"max-image-preview:large","max-video-preview":"max-video-preview:-1"},"canonical":"https:\/\/tzionlibreria.com\/index.php\/product\/biblia-rvr60-de-bolsillo-imit-piel-fucsia-corazones-cierre\/","og_locale":"es_ES","og_type":"article","og_title":"Biblia RVR60 de Bolsillo Imit Piel Fucsia Corazones Cierre - tzionlibreria.com","og_description":"Biblia con dise\u00f1o elegante, juvenil, elaborado con la m\u00e1s alta calidad, de tama\u00f1o ideal para llevar a todas partes. Con la versi\u00f3n Reina Valera 1960.","og_url":"https:\/\/tzionlibreria.com\/index.php\/product\/biblia-rvr60-de-bolsillo-imit-piel-fucsia-corazones-cierre\/","og_site_name":"tzionlibreria.com","article_modified_time":"2025-06-05T22:08:41+00:00","og_image":[{"width":1080,"height":1080,"url":"http:\/\/tzionlibreria.com\/wp-content\/uploads\/2024\/09\/4.png","type":"image\/png"}],"twitter_card":"summary_large_image","twitter_misc":{"Tiempo de lectura":"1 minuto"},"schema":{"@context":"https:\/\/schema.org","@graph":[{"@type":"WebPage","@id":"https:\/\/tzionlibreria.com\/index.php\/product\/biblia-rvr60-de-bolsillo-imit-piel-fucsia-corazones-cierre\/","url":"https:\/\/tzionlibreria.com\/index.php\/product\/biblia-rvr60-de-bolsillo-imit-piel-fucsia-corazones-cierre\/","name":"Biblia RVR60 de Bolsillo Imit Piel Fucsia Corazones Cierre - tzionlibreria.com","isPartOf":{"@id":"https:\/\/tzionlibreria.com\/#website"},"primaryImageOfPage":{"@id":"https:\/\/tzionlibreria.com\/index.php\/product\/biblia-rvr60-de-bolsillo-imit-piel-fucsia-corazones-cierre\/#primaryimage"},"image":{"@id":"https:\/\/tzionlibreria.com\/index.php\/product\/biblia-rvr60-de-bolsillo-imit-piel-fucsia-corazones-cierre\/#primaryimage"},"thumbnailUrl":"https:\/\/tzionlibreria.com\/wp-content\/uploads\/2024\/09\/4.png","datePublished":"2024-09-12T13:44:44+00:00","dateModified":"2025-06-05T22:08:41+00:00","description":"Biblia con dise\u00f1o elegante, juvenil, elaborado con la m\u00e1s alta calidad, de tama\u00f1o ideal para llevar a todas partes. Con la versi\u00f3n Reina Valera 1960.","breadcrumb":{"@id":"https:\/\/tzionlibreria.com\/index.php\/product\/biblia-rvr60-de-bolsillo-imit-piel-fucsia-corazones-cierre\/#breadcrumb"},"inLanguage":"es-CO","potentialAction":[{"@type":"ReadAction","target":["https:\/\/tzionlibreria.com\/index.php\/product\/biblia-rvr60-de-bolsillo-imit-piel-fucsia-corazones-cierre\/"]}]},{"@type":"ImageObject","inLanguage":"es-CO","@id":"https:\/\/tzionlibreria.com\/index.php\/product\/biblia-rvr60-de-bolsillo-imit-piel-fucsia-corazones-cierre\/#primaryimage","url":"https:\/\/tzionlibreria.com\/wp-content\/uploads\/2024\/09\/4.png","contentUrl":"https:\/\/tzionlibreria.com\/wp-content\/uploads\/2024\/09\/4.png","width":1080,"height":1080},{"@type":"BreadcrumbList","@id":"https:\/\/tzionlibreria.com\/index.php\/product\/biblia-rvr60-de-bolsillo-imit-piel-fucsia-corazones-cierre\/#breadcrumb","itemListElement":[{"@type":"ListItem","position":1,"name":"Inicio","item":"https:\/\/tzionlibreria.com\/"},{"@type":"ListItem","position":2,"name":"Shop","item":"https:\/\/tzionlibreria.com\/index.php\/shop\/"},{"@type":"ListItem","position":3,"name":"Biblia RVR60 de Bolsillo Imit Piel Fucsia Corazones Cierre"}]},{"@type":"WebSite","@id":"https:\/\/tzionlibreria.com\/#website","url":"https:\/\/tzionlibreria.com\/","name":"tzionlibreria.com","description":"Libreria Cristiana Venezuela","publisher":{"@id":"https:\/\/tzionlibreria.com\/#organization"},"potentialAction":[{"@type":"SearchAction","target":{"@type":"EntryPoint","urlTemplate":"https:\/\/tzionlibreria.com\/?s={search_term_string}"},"query-input":{"@type":"PropertyValueSpecification","valueRequired":true,"valueName":"search_term_string"}}],"inLanguage":"es-CO"},{"@type":"Organization","@id":"https:\/\/tzionlibreria.com\/#organization","name":"tzionlibreria.com","url":"https:\/\/tzionlibreria.com\/","logo":{"@type":"ImageObject","inLanguage":"es-CO","@id":"https:\/\/tzionlibreria.com\/#\/schema\/logo\/image\/","url":"https:\/\/tzionlibreria.com\/wp-content\/uploads\/2023\/10\/cropped-Cuadricula-scaled-1.jpg","contentUrl":"https:\/\/tzionlibreria.com\/wp-content\/uploads\/2023\/10\/cropped-Cuadricula-scaled-1.jpg","width":2560,"height":2560,"caption":"tzionlibreria.com"},"image":{"@id":"https:\/\/tzionlibreria.com\/#\/schema\/logo\/image\/"}}]}},"jetpack_sharing_enabled":true,"_links":{"self":[{"href":"https:\/\/tzionlibreria.com\/index.php\/wp-json\/wp\/v2\/product\/4159","targetHints":{"allow":["GET"]}}],"collection":[{"href":"https:\/\/tzionlibreria.com\/index.php\/wp-json\/wp\/v2\/product"}],"about":[{"href":"https:\/\/tzionlibreria.com\/index.php\/wp-json\/wp\/v2\/types\/product"}],"replies":[{"embeddable":true,"href":"https:\/\/tzionlibreria.com\/index.php\/wp-json\/wp\/v2\/comments?post=4159"}],"wp:featuredmedia":[{"embeddable":true,"href":"https:\/\/tzionlibreria.com\/index.php\/wp-json\/wp\/v2\/media\/4160"}],"wp:attachment":[{"href":"https:\/\/tzionlibreria.com\/index.php\/wp-json\/wp\/v2\/media?parent=4159"}],"wp:term":[{"taxonomy":"product_brand","embeddable":true,"href":"https:\/\/tzionlibreria.com\/index.php\/wp-json\/wp\/v2\/product_brand?post=4159"},{"taxonomy":"product_cat","embeddable":true,"href":"https:\/\/tzionlibreria.com\/index.php\/wp-json\/wp\/v2\/product_cat?post=4159"},{"taxonomy":"product_tag","embeddable":true,"href":"https:\/\/tzionlibreria.com\/index.php\/wp-json\/wp\/v2\/product_tag?post=4159"}],"curies":[{"name":"wp","href":"https:\/\/api.w.org\/{rel}","templated":true}]}}