{"id":4187,"date":"2024-09-13T13:49:09","date_gmt":"2024-09-13T13:49:09","guid":{"rendered":"https:\/\/tzionlibreria.com\/?post_type=product&#038;p=4187"},"modified":"2026-01-30T17:34:50","modified_gmt":"2026-01-30T17:34:50","slug":"el-libro-de-los-misterios-jonathan-cahn","status":"publish","type":"product","link":"https:\/\/tzionlibreria.com\/index.php\/product\/el-libro-de-los-misterios-jonathan-cahn\/","title":{"rendered":"El Libro De Los Misterios &#8211; Jonathan Cahn"},"content":{"rendered":"<p>&nbsp;<\/p>\n<p><span class=\"a-text-bold\"><strong>-El libro de los misterios comienza con un viajero y su encuentro con un hombre conocido solamente como \u201cel maestro\u201d, quien lo lleva a una odisea por monta\u00f1as del desierto, ruinas antiguas y la C\u00e1mara de los Rollos.<\/strong><br \/>\n<\/span><br \/>\n-Entre en un viaje transformador para descubrir los <strong><span class=\"a-text-bold\">MISTERIOS DE DIOS<\/span><\/strong>, los\u00a0<strong><span class=\"a-text-bold\">SECRETOS<\/span>\u00a0<\/strong>de los<strong>\u00a0<span class=\"a-text-bold\">TIEMPOS<\/span><\/strong>, y las\u00a0<strong><span class=\"a-text-bold\">LLAVES OCULTAS<\/span>\u00a0<\/strong>para abrir las puertas a una vida de gozo, bendici\u00f3n, y el cumplimiento de <strong>SU\u00a0<span class=\"a-text-bold\">DESTINO<\/span>.<\/strong><\/p>\n<p><span class=\"a-text-italic\">-El libro de los misterios<\/span>\u00a0comienza con un viajero y su encuentro con un hombre conocido solamente como \u201cel maestro\u201d, quien lo lleva a una odisea por monta\u00f1as del desierto, ruinas antiguas y la C\u00e1mara de los Rollos. Cada d\u00eda es un nuevo misterio, incluidos el misterio del octavo d\u00eda, el viaje del Novio, el portal, c\u00f3mo alterar su pasado, el rostro en las aguas, la huella macabea, el chiasma, los siete misterios de los tiempos, y muchos m\u00e1s. Participe en el viaje y en los sorprendentes misterios revelados.<\/p>\n<p><strong><span class=\"a-text-bold\">-Con 365 misterios, uno para cada d\u00eda del a\u00f1o, este libro es tambi\u00e9n un devocional diario como ning\u00fan otro, con las llaves m\u00e1s importantes de la verdad espiritual, los misterios de los \u00faltimos tiempos y los secretos de la vida.<\/span><\/strong><\/p>\n<p>&nbsp;<\/p>\n<ul class=\"a-unordered-list a-nostyle a-vertical a-spacing-none detail-bullet-list\">\n<li><span class=\"a-list-item\"><span class=\"a-text-bold\">Editorial :<\/span>Casa Creaci\u00f3n (27 Septiembre 2016)<\/span><\/li>\n<li><span class=\"a-list-item\"><span class=\"a-text-bold\">Idioma: \u200e<\/span>Espa\u00f1ol<\/span><\/li>\n<li><span class=\"a-list-item\"><span class=\"a-text-bold\">Tapa blanda: \u200e<\/span>384 p\u00e1ginas<\/span><\/li>\n<li>Peso: 0,479kg<\/li>\n<li><span class=\"a-list-item\"><span class=\"a-list-item\"><span class=\"a-text-bold\">ISBN: <\/span><\/span><\/span>9781629988641<\/li>\n<li>Dimensiones: 15 x 3 x 23 cm<\/li>\n<\/ul>\n<p>&nbsp;<\/p>\n","protected":false},"excerpt":{"rendered":"<p>&nbsp; -El libro de los misterios comienza con un viajero y su encuentro con un hombre conocido solamente como \u201cel maestro\u201d, quien lo lleva a una odisea por monta\u00f1as del desierto, ruinas antiguas y la C\u00e1mara de los Rollos. -Entre en un viaje transformador para descubrir los MISTERIOS DE DIOS, los\u00a0SECRETOS\u00a0de los\u00a0TIEMPOS, y las\u00a0LLAVES OCULTAS\u00a0para [&hellip;]<\/p>\n","protected":false},"featured_media":4188,"comment_status":"open","ping_status":"closed","template":"","meta":{"om_disable_all_campaigns":false,"_monsterinsights_skip_tracking":false,"_monsterinsights_sitenote_active":false,"_monsterinsights_sitenote_note":"","_monsterinsights_sitenote_category":0,"site-sidebar-layout":"default","site-content-layout":"","ast-site-content-layout":"default","site-content-style":"default","site-sidebar-style":"default","ast-global-header-display":"","ast-banner-title-visibility":"","ast-main-header-display":"","ast-hfb-above-header-display":"","ast-hfb-below-header-display":"","ast-hfb-mobile-header-display":"","site-post-title":"","ast-breadcrumbs-content":"","ast-featured-img":"","footer-sml-layout":"","ast-disable-related-posts":"","theme-transparent-header-meta":"default","adv-header-id-meta":"","stick-header-meta":"","header-above-stick-meta":"","header-main-stick-meta":"","header-below-stick-meta":"","astra-migrate-meta-layouts":"set","ast-page-background-enabled":"default","ast-page-background-meta":{"desktop":{"background-color":"var(--ast-global-color-4)","background-image":"","background-repeat":"repeat","background-position":"center center","background-size":"auto","background-attachment":"scroll","background-type":"","background-media":"","overlay-type":"","overlay-color":"","overlay-opacity":"","overlay-gradient":""},"tablet":{"background-color":"","background-image":"","background-repeat":"repeat","background-position":"center center","background-size":"auto","background-attachment":"scroll","background-type":"","background-media":"","overlay-type":"","overlay-color":"","overlay-opacity":"","overlay-gradient":""},"mobile":{"background-color":"","background-image":"","background-repeat":"repeat","background-position":"center center","background-size":"auto","background-attachment":"scroll","background-type":"","background-media":"","overlay-type":"","overlay-color":"","overlay-opacity":"","overlay-gradient":""}},"ast-content-background-meta":{"desktop":{"background-color":"var(--ast-global-color-5)","background-image":"","background-repeat":"repeat","background-position":"center center","background-size":"auto","background-attachment":"scroll","background-type":"","background-media":"","overlay-type":"","overlay-color":"","overlay-opacity":"","overlay-gradient":""},"tablet":{"background-color":"var(--ast-global-color-5)","background-image":"","background-repeat":"repeat","background-position":"center center","background-size":"auto","background-attachment":"scroll","background-type":"","background-media":"","overlay-type":"","overlay-color":"","overlay-opacity":"","overlay-gradient":""},"mobile":{"background-color":"var(--ast-global-color-5)","background-image":"","background-repeat":"repeat","background-position":"center center","background-size":"auto","background-attachment":"scroll","background-type":"","background-media":"","overlay-type":"","overlay-color":"","overlay-opacity":"","overlay-gradient":""}}},"product_brand":[],"product_cat":[23,166],"product_tag":[290],"class_list":{"0":"post-4187","1":"product","2":"type-product","3":"status-publish","4":"has-post-thumbnail","6":"product_cat-libros","7":"product_cat-profecia","8":"product_tag-misterios","9":"desktop-align-left","10":"tablet-align-left","11":"mobile-align-left","13":"first","14":"instock","15":"shipping-taxable","16":"purchasable","17":"product-type-simple"},"yoast_head":"<!-- This site is optimized with the Yoast SEO plugin v27.4 - https:\/\/yoast.com\/product\/yoast-seo-wordpress\/ -->\n<title>El Libro De Los Misterios - Jonathan Cahn - tzionlibreria.com<\/title>\n<meta name=\"description\" content=\"365 misterios, uno para cada d\u00eda del a\u00f1o, devocional diario como ning\u00fan otro, con las llaves m\u00e1s importantes de la verdad espiritual, los misterios de Dios.\" \/>\n<meta name=\"robots\" content=\"index, follow, max-snippet:-1, max-image-preview:large, max-video-preview:-1\" \/>\n<link rel=\"canonical\" href=\"https:\/\/tzionlibreria.com\/index.php\/product\/el-libro-de-los-misterios-jonathan-cahn\/\" \/>\n<meta property=\"og:locale\" content=\"es_ES\" \/>\n<meta property=\"og:type\" content=\"article\" \/>\n<meta property=\"og:title\" content=\"El Libro De Los Misterios - Jonathan Cahn - tzionlibreria.com\" \/>\n<meta property=\"og:description\" content=\"365 misterios, uno para cada d\u00eda del a\u00f1o, devocional diario como ning\u00fan otro, con las llaves m\u00e1s importantes de la verdad espiritual, los misterios de Dios.\" \/>\n<meta property=\"og:url\" content=\"https:\/\/tzionlibreria.com\/index.php\/product\/el-libro-de-los-misterios-jonathan-cahn\/\" \/>\n<meta property=\"og:site_name\" content=\"tzionlibreria.com\" \/>\n<meta property=\"article:modified_time\" content=\"2026-01-30T17:34:50+00:00\" \/>\n<meta property=\"og:image\" content=\"http:\/\/tzionlibreria.com\/wp-content\/uploads\/2024\/09\/1-2.png\" \/>\n\t<meta property=\"og:image:width\" content=\"1080\" \/>\n\t<meta property=\"og:image:height\" content=\"1080\" \/>\n\t<meta property=\"og:image:type\" content=\"image\/png\" \/>\n<meta name=\"twitter:card\" content=\"summary_large_image\" \/>\n<meta name=\"twitter:label1\" content=\"Tiempo de lectura\" \/>\n\t<meta name=\"twitter:data1\" content=\"2 minutos\" \/>\n<script type=\"application\/ld+json\" class=\"yoast-schema-graph\">{\"@context\":\"https:\\\/\\\/schema.org\",\"@graph\":[{\"@type\":\"WebPage\",\"@id\":\"https:\\\/\\\/tzionlibreria.com\\\/index.php\\\/product\\\/el-libro-de-los-misterios-jonathan-cahn\\\/\",\"url\":\"https:\\\/\\\/tzionlibreria.com\\\/index.php\\\/product\\\/el-libro-de-los-misterios-jonathan-cahn\\\/\",\"name\":\"El Libro De Los Misterios - Jonathan Cahn - tzionlibreria.com\",\"isPartOf\":{\"@id\":\"https:\\\/\\\/tzionlibreria.com\\\/#website\"},\"primaryImageOfPage\":{\"@id\":\"https:\\\/\\\/tzionlibreria.com\\\/index.php\\\/product\\\/el-libro-de-los-misterios-jonathan-cahn\\\/#primaryimage\"},\"image\":{\"@id\":\"https:\\\/\\\/tzionlibreria.com\\\/index.php\\\/product\\\/el-libro-de-los-misterios-jonathan-cahn\\\/#primaryimage\"},\"thumbnailUrl\":\"https:\\\/\\\/tzionlibreria.com\\\/wp-content\\\/uploads\\\/2024\\\/09\\\/1-2.png\",\"datePublished\":\"2024-09-13T13:49:09+00:00\",\"dateModified\":\"2026-01-30T17:34:50+00:00\",\"description\":\"365 misterios, uno para cada d\u00eda del a\u00f1o, devocional diario como ning\u00fan otro, con las llaves m\u00e1s importantes de la verdad espiritual, los misterios de Dios.\",\"breadcrumb\":{\"@id\":\"https:\\\/\\\/tzionlibreria.com\\\/index.php\\\/product\\\/el-libro-de-los-misterios-jonathan-cahn\\\/#breadcrumb\"},\"inLanguage\":\"es-CO\",\"potentialAction\":[{\"@type\":\"ReadAction\",\"target\":[\"https:\\\/\\\/tzionlibreria.com\\\/index.php\\\/product\\\/el-libro-de-los-misterios-jonathan-cahn\\\/\"]}]},{\"@type\":\"ImageObject\",\"inLanguage\":\"es-CO\",\"@id\":\"https:\\\/\\\/tzionlibreria.com\\\/index.php\\\/product\\\/el-libro-de-los-misterios-jonathan-cahn\\\/#primaryimage\",\"url\":\"https:\\\/\\\/tzionlibreria.com\\\/wp-content\\\/uploads\\\/2024\\\/09\\\/1-2.png\",\"contentUrl\":\"https:\\\/\\\/tzionlibreria.com\\\/wp-content\\\/uploads\\\/2024\\\/09\\\/1-2.png\",\"width\":1080,\"height\":1080},{\"@type\":\"BreadcrumbList\",\"@id\":\"https:\\\/\\\/tzionlibreria.com\\\/index.php\\\/product\\\/el-libro-de-los-misterios-jonathan-cahn\\\/#breadcrumb\",\"itemListElement\":[{\"@type\":\"ListItem\",\"position\":1,\"name\":\"Inicio\",\"item\":\"https:\\\/\\\/tzionlibreria.com\\\/\"},{\"@type\":\"ListItem\",\"position\":2,\"name\":\"Shop\",\"item\":\"https:\\\/\\\/tzionlibreria.com\\\/index.php\\\/shop\\\/\"},{\"@type\":\"ListItem\",\"position\":3,\"name\":\"El Libro De Los Misterios &#8211; Jonathan Cahn\"}]},{\"@type\":\"WebSite\",\"@id\":\"https:\\\/\\\/tzionlibreria.com\\\/#website\",\"url\":\"https:\\\/\\\/tzionlibreria.com\\\/\",\"name\":\"tzionlibreria.com\",\"description\":\"Libreria Cristiana Venezuela\",\"publisher\":{\"@id\":\"https:\\\/\\\/tzionlibreria.com\\\/#organization\"},\"potentialAction\":[{\"@type\":\"SearchAction\",\"target\":{\"@type\":\"EntryPoint\",\"urlTemplate\":\"https:\\\/\\\/tzionlibreria.com\\\/?s={search_term_string}\"},\"query-input\":{\"@type\":\"PropertyValueSpecification\",\"valueRequired\":true,\"valueName\":\"search_term_string\"}}],\"inLanguage\":\"es-CO\"},{\"@type\":\"Organization\",\"@id\":\"https:\\\/\\\/tzionlibreria.com\\\/#organization\",\"name\":\"tzionlibreria.com\",\"url\":\"https:\\\/\\\/tzionlibreria.com\\\/\",\"logo\":{\"@type\":\"ImageObject\",\"inLanguage\":\"es-CO\",\"@id\":\"https:\\\/\\\/tzionlibreria.com\\\/#\\\/schema\\\/logo\\\/image\\\/\",\"url\":\"https:\\\/\\\/tzionlibreria.com\\\/wp-content\\\/uploads\\\/2023\\\/10\\\/cropped-Cuadricula-scaled-1.jpg\",\"contentUrl\":\"https:\\\/\\\/tzionlibreria.com\\\/wp-content\\\/uploads\\\/2023\\\/10\\\/cropped-Cuadricula-scaled-1.jpg\",\"width\":2560,\"height\":2560,\"caption\":\"tzionlibreria.com\"},\"image\":{\"@id\":\"https:\\\/\\\/tzionlibreria.com\\\/#\\\/schema\\\/logo\\\/image\\\/\"}}]}<\/script>\n<!-- \/ Yoast SEO plugin. -->","yoast_head_json":{"title":"El Libro De Los Misterios - Jonathan Cahn - tzionlibreria.com","description":"365 misterios, uno para cada d\u00eda del a\u00f1o, devocional diario como ning\u00fan otro, con las llaves m\u00e1s importantes de la verdad espiritual, los misterios de Dios.","robots":{"index":"index","follow":"follow","max-snippet":"max-snippet:-1","max-image-preview":"max-image-preview:large","max-video-preview":"max-video-preview:-1"},"canonical":"https:\/\/tzionlibreria.com\/index.php\/product\/el-libro-de-los-misterios-jonathan-cahn\/","og_locale":"es_ES","og_type":"article","og_title":"El Libro De Los Misterios - Jonathan Cahn - tzionlibreria.com","og_description":"365 misterios, uno para cada d\u00eda del a\u00f1o, devocional diario como ning\u00fan otro, con las llaves m\u00e1s importantes de la verdad espiritual, los misterios de Dios.","og_url":"https:\/\/tzionlibreria.com\/index.php\/product\/el-libro-de-los-misterios-jonathan-cahn\/","og_site_name":"tzionlibreria.com","article_modified_time":"2026-01-30T17:34:50+00:00","og_image":[{"width":1080,"height":1080,"url":"http:\/\/tzionlibreria.com\/wp-content\/uploads\/2024\/09\/1-2.png","type":"image\/png"}],"twitter_card":"summary_large_image","twitter_misc":{"Tiempo de lectura":"2 minutos"},"schema":{"@context":"https:\/\/schema.org","@graph":[{"@type":"WebPage","@id":"https:\/\/tzionlibreria.com\/index.php\/product\/el-libro-de-los-misterios-jonathan-cahn\/","url":"https:\/\/tzionlibreria.com\/index.php\/product\/el-libro-de-los-misterios-jonathan-cahn\/","name":"El Libro De Los Misterios - Jonathan Cahn - tzionlibreria.com","isPartOf":{"@id":"https:\/\/tzionlibreria.com\/#website"},"primaryImageOfPage":{"@id":"https:\/\/tzionlibreria.com\/index.php\/product\/el-libro-de-los-misterios-jonathan-cahn\/#primaryimage"},"image":{"@id":"https:\/\/tzionlibreria.com\/index.php\/product\/el-libro-de-los-misterios-jonathan-cahn\/#primaryimage"},"thumbnailUrl":"https:\/\/tzionlibreria.com\/wp-content\/uploads\/2024\/09\/1-2.png","datePublished":"2024-09-13T13:49:09+00:00","dateModified":"2026-01-30T17:34:50+00:00","description":"365 misterios, uno para cada d\u00eda del a\u00f1o, devocional diario como ning\u00fan otro, con las llaves m\u00e1s importantes de la verdad espiritual, los misterios de Dios.","breadcrumb":{"@id":"https:\/\/tzionlibreria.com\/index.php\/product\/el-libro-de-los-misterios-jonathan-cahn\/#breadcrumb"},"inLanguage":"es-CO","potentialAction":[{"@type":"ReadAction","target":["https:\/\/tzionlibreria.com\/index.php\/product\/el-libro-de-los-misterios-jonathan-cahn\/"]}]},{"@type":"ImageObject","inLanguage":"es-CO","@id":"https:\/\/tzionlibreria.com\/index.php\/product\/el-libro-de-los-misterios-jonathan-cahn\/#primaryimage","url":"https:\/\/tzionlibreria.com\/wp-content\/uploads\/2024\/09\/1-2.png","contentUrl":"https:\/\/tzionlibreria.com\/wp-content\/uploads\/2024\/09\/1-2.png","width":1080,"height":1080},{"@type":"BreadcrumbList","@id":"https:\/\/tzionlibreria.com\/index.php\/product\/el-libro-de-los-misterios-jonathan-cahn\/#breadcrumb","itemListElement":[{"@type":"ListItem","position":1,"name":"Inicio","item":"https:\/\/tzionlibreria.com\/"},{"@type":"ListItem","position":2,"name":"Shop","item":"https:\/\/tzionlibreria.com\/index.php\/shop\/"},{"@type":"ListItem","position":3,"name":"El Libro De Los Misterios &#8211; Jonathan Cahn"}]},{"@type":"WebSite","@id":"https:\/\/tzionlibreria.com\/#website","url":"https:\/\/tzionlibreria.com\/","name":"tzionlibreria.com","description":"Libreria Cristiana Venezuela","publisher":{"@id":"https:\/\/tzionlibreria.com\/#organization"},"potentialAction":[{"@type":"SearchAction","target":{"@type":"EntryPoint","urlTemplate":"https:\/\/tzionlibreria.com\/?s={search_term_string}"},"query-input":{"@type":"PropertyValueSpecification","valueRequired":true,"valueName":"search_term_string"}}],"inLanguage":"es-CO"},{"@type":"Organization","@id":"https:\/\/tzionlibreria.com\/#organization","name":"tzionlibreria.com","url":"https:\/\/tzionlibreria.com\/","logo":{"@type":"ImageObject","inLanguage":"es-CO","@id":"https:\/\/tzionlibreria.com\/#\/schema\/logo\/image\/","url":"https:\/\/tzionlibreria.com\/wp-content\/uploads\/2023\/10\/cropped-Cuadricula-scaled-1.jpg","contentUrl":"https:\/\/tzionlibreria.com\/wp-content\/uploads\/2023\/10\/cropped-Cuadricula-scaled-1.jpg","width":2560,"height":2560,"caption":"tzionlibreria.com"},"image":{"@id":"https:\/\/tzionlibreria.com\/#\/schema\/logo\/image\/"}}]}},"jetpack_sharing_enabled":true,"_links":{"self":[{"href":"https:\/\/tzionlibreria.com\/index.php\/wp-json\/wp\/v2\/product\/4187","targetHints":{"allow":["GET"]}}],"collection":[{"href":"https:\/\/tzionlibreria.com\/index.php\/wp-json\/wp\/v2\/product"}],"about":[{"href":"https:\/\/tzionlibreria.com\/index.php\/wp-json\/wp\/v2\/types\/product"}],"replies":[{"embeddable":true,"href":"https:\/\/tzionlibreria.com\/index.php\/wp-json\/wp\/v2\/comments?post=4187"}],"wp:featuredmedia":[{"embeddable":true,"href":"https:\/\/tzionlibreria.com\/index.php\/wp-json\/wp\/v2\/media\/4188"}],"wp:attachment":[{"href":"https:\/\/tzionlibreria.com\/index.php\/wp-json\/wp\/v2\/media?parent=4187"}],"wp:term":[{"taxonomy":"product_brand","embeddable":true,"href":"https:\/\/tzionlibreria.com\/index.php\/wp-json\/wp\/v2\/product_brand?post=4187"},{"taxonomy":"product_cat","embeddable":true,"href":"https:\/\/tzionlibreria.com\/index.php\/wp-json\/wp\/v2\/product_cat?post=4187"},{"taxonomy":"product_tag","embeddable":true,"href":"https:\/\/tzionlibreria.com\/index.php\/wp-json\/wp\/v2\/product_tag?post=4187"}],"curies":[{"name":"wp","href":"https:\/\/api.w.org\/{rel}","templated":true}]}}