{"id":4201,"date":"2024-09-13T14:28:07","date_gmt":"2024-09-13T14:28:07","guid":{"rendered":"https:\/\/tzionlibreria.com\/?post_type=product&#038;p=4201"},"modified":"2025-07-24T01:23:00","modified_gmt":"2025-07-24T01:23:00","slug":"el-buen-sexo-si-dios-creo-el-sexo-nosotros-debemos-ser-los-maestros","status":"publish","type":"product","link":"https:\/\/tzionlibreria.com\/index.php\/product\/el-buen-sexo-si-dios-creo-el-sexo-nosotros-debemos-ser-los-maestros\/","title":{"rendered":"El Buen Sexo &#8211; Si Dios Creo el Sexo, nosotros debemos ser los Maestros"},"content":{"rendered":"<h3 data-start=\"175\" data-end=\"213\">\ud83d\udcd8 <em data-start=\"182\" data-end=\"196\">El Buen Sexo<\/em> \u2013 Kari Clewett<\/h3>\n<p>&nbsp;<\/p>\n<p data-start=\"214\" data-end=\"330\"><strong data-start=\"214\" data-end=\"285\">Una gu\u00eda para hablar de sexualidad desde la fe, sin tab\u00faes ni culpa<\/strong><br data-start=\"285\" data-end=\"288\" \/>\ud83e\udde0 Psicolog\u00eda + \ud83d\udcac Sexolog\u00eda + \u271d\ufe0f Teolog\u00eda<\/p>\n<p data-start=\"332\" data-end=\"517\"><strong data-start=\"332\" data-end=\"341\">ISBN:<\/strong> 9788410166226 | <strong data-start=\"358\" data-end=\"372\">Editorial:<\/strong> Andamio<br data-start=\"380\" data-end=\"383\" \/>\ud83d\udcc5 <strong data-start=\"386\" data-end=\"402\">Lanzamiento:<\/strong> 26.08.2024 | \ud83d\udcc4 <strong data-start=\"419\" data-end=\"434\">184 p\u00e1ginas<\/strong> | \ud83d\udcd0 <strong data-start=\"440\" data-end=\"456\">Dimensiones:<\/strong> 14 x 21 cm | \u2696\ufe0f <strong data-start=\"473\" data-end=\"482\">Peso:<\/strong> 100 g | \ud83d\udcda Encuadernaci\u00f3n: R\u00fastica<\/p>\n<hr data-start=\"519\" data-end=\"522\" \/>\n<p data-start=\"524\" data-end=\"892\">\u00bfEs posible hablar de sexo con claridad, respeto y desde una visi\u00f3n cristiana?<br data-start=\"602\" data-end=\"605\" \/>Kari Clewett responde con un rotundo s\u00ed. Psic\u00f3loga, sex\u00f3loga y te\u00f3loga, nos presenta un libro valiente, sensible y profundamente necesario. <em data-start=\"745\" data-end=\"759\">El Buen Sexo<\/em> es una invitaci\u00f3n a <strong data-start=\"780\" data-end=\"829\">romper con los mitos, el miedo y la verg\u00fcenza<\/strong>, y recuperar la belleza del dise\u00f1o de Dios para la sexualidad.<\/p>\n<p data-start=\"894\" data-end=\"927\">\ud83d\udca1 <strong data-start=\"897\" data-end=\"927\">En este libro encontrar\u00e1s:<\/strong><\/p>\n<ul data-start=\"928\" data-end=\"1245\">\n<li data-start=\"928\" data-end=\"988\">\n<p data-start=\"930\" data-end=\"988\">Una visi\u00f3n sana del sexo dentro del matrimonio cristiano<\/p>\n<\/li>\n<li data-start=\"989\" data-end=\"1048\">\n<p data-start=\"991\" data-end=\"1048\">Herramientas para enriquecer la intimidad con tu pareja<\/p>\n<\/li>\n<li data-start=\"1049\" data-end=\"1104\">\n<p data-start=\"1051\" data-end=\"1104\">Fundamentos b\u00edblicos y cient\u00edficos sobre sexualidad<\/p>\n<\/li>\n<li data-start=\"1105\" data-end=\"1163\">\n<p data-start=\"1107\" data-end=\"1163\">Lenguaje respetuoso, real y directo para adultos de fe<\/p>\n<\/li>\n<li data-start=\"1164\" data-end=\"1245\">\n<p data-start=\"1166\" data-end=\"1245\">Reflexiones que invitan a hablar del sexo sin tab\u00faes, con sabidur\u00eda e inocencia<\/p>\n<\/li>\n<\/ul>\n<p data-start=\"1247\" data-end=\"1309\">\ud83d\udcac <em data-start=\"1250\" data-end=\"1309\">\u201cSi Dios cre\u00f3 el sexo, nosotros debemos ser los maestros\u201d<\/em><\/p>\n<p data-start=\"1316\" data-end=\"1405\" data-is-last-node=\"\" data-is-only-node=\"\">\n","protected":false},"excerpt":{"rendered":"<p>\ud83d\udcd8 El Buen Sexo \u2013 Kari Clewett &nbsp; Una gu\u00eda para hablar de sexualidad desde la fe, sin tab\u00faes ni culpa\ud83e\udde0 Psicolog\u00eda + \ud83d\udcac Sexolog\u00eda + \u271d\ufe0f Teolog\u00eda ISBN: 9788410166226 | Editorial: Andamio\ud83d\udcc5 Lanzamiento: 26.08.2024 | \ud83d\udcc4 184 p\u00e1ginas | \ud83d\udcd0 Dimensiones: 14 x 21 cm | \u2696\ufe0f Peso: 100 g | \ud83d\udcda Encuadernaci\u00f3n: R\u00fastica [&hellip;]<\/p>\n","protected":false},"featured_media":4202,"comment_status":"open","ping_status":"closed","template":"","meta":{"om_disable_all_campaigns":false,"_monsterinsights_skip_tracking":false,"_monsterinsights_sitenote_active":false,"_monsterinsights_sitenote_note":"","_monsterinsights_sitenote_category":0,"site-sidebar-layout":"default","site-content-layout":"","ast-site-content-layout":"default","site-content-style":"default","site-sidebar-style":"default","ast-global-header-display":"","ast-banner-title-visibility":"","ast-main-header-display":"","ast-hfb-above-header-display":"","ast-hfb-below-header-display":"","ast-hfb-mobile-header-display":"","site-post-title":"","ast-breadcrumbs-content":"","ast-featured-img":"","footer-sml-layout":"","ast-disable-related-posts":"","theme-transparent-header-meta":"default","adv-header-id-meta":"","stick-header-meta":"","header-above-stick-meta":"","header-main-stick-meta":"","header-below-stick-meta":"","astra-migrate-meta-layouts":"set","ast-page-background-enabled":"default","ast-page-background-meta":{"desktop":{"background-color":"var(--ast-global-color-4)","background-image":"","background-repeat":"repeat","background-position":"center center","background-size":"auto","background-attachment":"scroll","background-type":"","background-media":"","overlay-type":"","overlay-color":"","overlay-opacity":"","overlay-gradient":""},"tablet":{"background-color":"","background-image":"","background-repeat":"repeat","background-position":"center center","background-size":"auto","background-attachment":"scroll","background-type":"","background-media":"","overlay-type":"","overlay-color":"","overlay-opacity":"","overlay-gradient":""},"mobile":{"background-color":"","background-image":"","background-repeat":"repeat","background-position":"center center","background-size":"auto","background-attachment":"scroll","background-type":"","background-media":"","overlay-type":"","overlay-color":"","overlay-opacity":"","overlay-gradient":""}},"ast-content-background-meta":{"desktop":{"background-color":"var(--ast-global-color-5)","background-image":"","background-repeat":"repeat","background-position":"center center","background-size":"auto","background-attachment":"scroll","background-type":"","background-media":"","overlay-type":"","overlay-color":"","overlay-opacity":"","overlay-gradient":""},"tablet":{"background-color":"var(--ast-global-color-5)","background-image":"","background-repeat":"repeat","background-position":"center center","background-size":"auto","background-attachment":"scroll","background-type":"","background-media":"","overlay-type":"","overlay-color":"","overlay-opacity":"","overlay-gradient":""},"mobile":{"background-color":"var(--ast-global-color-5)","background-image":"","background-repeat":"repeat","background-position":"center center","background-size":"auto","background-attachment":"scroll","background-type":"","background-media":"","overlay-type":"","overlay-color":"","overlay-opacity":"","overlay-gradient":""}}},"product_brand":[],"product_cat":[173,23,172,170],"product_tag":[150,93],"class_list":{"0":"post-4201","1":"product","2":"type-product","3":"status-publish","4":"has-post-thumbnail","6":"product_cat-jovenes","7":"product_cat-libros","8":"product_cat-matrimonio-y-relaciones","9":"product_cat-mujeres","10":"product_tag-relaciones","11":"product_tag-sexualidad","12":"desktop-align-left","13":"tablet-align-left","14":"mobile-align-left","16":"first","17":"instock","18":"shipping-taxable","19":"purchasable","20":"product-type-simple"},"yoast_head":"<!-- This site is optimized with the Yoast SEO plugin v27.4 - https:\/\/yoast.com\/product\/yoast-seo-wordpress\/ -->\n<title>El Buen Sexo - Si Dios Creo el Sexo, nosotros debemos ser los Maestros - tzionlibreria.com<\/title>\n<meta name=\"description\" content=\"El Buen Sexo es una gu\u00eda esencial que combina la psicolog\u00eda, la sexolog\u00eda y la teolog\u00eda para abordar el tema del sexo desde una perspectiva cristiana.\" \/>\n<meta name=\"robots\" content=\"index, follow, max-snippet:-1, max-image-preview:large, max-video-preview:-1\" \/>\n<link rel=\"canonical\" href=\"https:\/\/tzionlibreria.com\/index.php\/product\/el-buen-sexo-si-dios-creo-el-sexo-nosotros-debemos-ser-los-maestros\/\" \/>\n<meta property=\"og:locale\" content=\"es_ES\" \/>\n<meta property=\"og:type\" content=\"article\" \/>\n<meta property=\"og:title\" content=\"El Buen Sexo - Si Dios Creo el Sexo, nosotros debemos ser los Maestros - tzionlibreria.com\" \/>\n<meta property=\"og:description\" content=\"El Buen Sexo es una gu\u00eda esencial que combina la psicolog\u00eda, la sexolog\u00eda y la teolog\u00eda para abordar el tema del sexo desde una perspectiva cristiana.\" \/>\n<meta property=\"og:url\" content=\"https:\/\/tzionlibreria.com\/index.php\/product\/el-buen-sexo-si-dios-creo-el-sexo-nosotros-debemos-ser-los-maestros\/\" \/>\n<meta property=\"og:site_name\" content=\"tzionlibreria.com\" \/>\n<meta property=\"article:modified_time\" content=\"2025-07-24T01:23:00+00:00\" \/>\n<meta property=\"og:image\" content=\"http:\/\/tzionlibreria.com\/wp-content\/uploads\/2024\/09\/4-1.png\" \/>\n\t<meta property=\"og:image:width\" content=\"1080\" \/>\n\t<meta property=\"og:image:height\" content=\"1080\" \/>\n\t<meta property=\"og:image:type\" content=\"image\/png\" \/>\n<meta name=\"twitter:card\" content=\"summary_large_image\" \/>\n<meta name=\"twitter:label1\" content=\"Tiempo de lectura\" \/>\n\t<meta name=\"twitter:data1\" content=\"1 minuto\" \/>\n<script type=\"application\/ld+json\" class=\"yoast-schema-graph\">{\"@context\":\"https:\\\/\\\/schema.org\",\"@graph\":[{\"@type\":\"WebPage\",\"@id\":\"https:\\\/\\\/tzionlibreria.com\\\/index.php\\\/product\\\/el-buen-sexo-si-dios-creo-el-sexo-nosotros-debemos-ser-los-maestros\\\/\",\"url\":\"https:\\\/\\\/tzionlibreria.com\\\/index.php\\\/product\\\/el-buen-sexo-si-dios-creo-el-sexo-nosotros-debemos-ser-los-maestros\\\/\",\"name\":\"El Buen Sexo - Si Dios Creo el Sexo, nosotros debemos ser los Maestros - tzionlibreria.com\",\"isPartOf\":{\"@id\":\"https:\\\/\\\/tzionlibreria.com\\\/#website\"},\"primaryImageOfPage\":{\"@id\":\"https:\\\/\\\/tzionlibreria.com\\\/index.php\\\/product\\\/el-buen-sexo-si-dios-creo-el-sexo-nosotros-debemos-ser-los-maestros\\\/#primaryimage\"},\"image\":{\"@id\":\"https:\\\/\\\/tzionlibreria.com\\\/index.php\\\/product\\\/el-buen-sexo-si-dios-creo-el-sexo-nosotros-debemos-ser-los-maestros\\\/#primaryimage\"},\"thumbnailUrl\":\"https:\\\/\\\/tzionlibreria.com\\\/wp-content\\\/uploads\\\/2024\\\/09\\\/4-1.png\",\"datePublished\":\"2024-09-13T14:28:07+00:00\",\"dateModified\":\"2025-07-24T01:23:00+00:00\",\"description\":\"El Buen Sexo es una gu\u00eda esencial que combina la psicolog\u00eda, la sexolog\u00eda y la teolog\u00eda para abordar el tema del sexo desde una perspectiva cristiana.\",\"breadcrumb\":{\"@id\":\"https:\\\/\\\/tzionlibreria.com\\\/index.php\\\/product\\\/el-buen-sexo-si-dios-creo-el-sexo-nosotros-debemos-ser-los-maestros\\\/#breadcrumb\"},\"inLanguage\":\"es-CO\",\"potentialAction\":[{\"@type\":\"ReadAction\",\"target\":[\"https:\\\/\\\/tzionlibreria.com\\\/index.php\\\/product\\\/el-buen-sexo-si-dios-creo-el-sexo-nosotros-debemos-ser-los-maestros\\\/\"]}]},{\"@type\":\"ImageObject\",\"inLanguage\":\"es-CO\",\"@id\":\"https:\\\/\\\/tzionlibreria.com\\\/index.php\\\/product\\\/el-buen-sexo-si-dios-creo-el-sexo-nosotros-debemos-ser-los-maestros\\\/#primaryimage\",\"url\":\"https:\\\/\\\/tzionlibreria.com\\\/wp-content\\\/uploads\\\/2024\\\/09\\\/4-1.png\",\"contentUrl\":\"https:\\\/\\\/tzionlibreria.com\\\/wp-content\\\/uploads\\\/2024\\\/09\\\/4-1.png\",\"width\":1080,\"height\":1080},{\"@type\":\"BreadcrumbList\",\"@id\":\"https:\\\/\\\/tzionlibreria.com\\\/index.php\\\/product\\\/el-buen-sexo-si-dios-creo-el-sexo-nosotros-debemos-ser-los-maestros\\\/#breadcrumb\",\"itemListElement\":[{\"@type\":\"ListItem\",\"position\":1,\"name\":\"Inicio\",\"item\":\"https:\\\/\\\/tzionlibreria.com\\\/\"},{\"@type\":\"ListItem\",\"position\":2,\"name\":\"Shop\",\"item\":\"https:\\\/\\\/tzionlibreria.com\\\/index.php\\\/shop\\\/\"},{\"@type\":\"ListItem\",\"position\":3,\"name\":\"El Buen Sexo &#8211; Si Dios Creo el Sexo, nosotros debemos ser los Maestros\"}]},{\"@type\":\"WebSite\",\"@id\":\"https:\\\/\\\/tzionlibreria.com\\\/#website\",\"url\":\"https:\\\/\\\/tzionlibreria.com\\\/\",\"name\":\"tzionlibreria.com\",\"description\":\"Libreria Cristiana Venezuela\",\"publisher\":{\"@id\":\"https:\\\/\\\/tzionlibreria.com\\\/#organization\"},\"potentialAction\":[{\"@type\":\"SearchAction\",\"target\":{\"@type\":\"EntryPoint\",\"urlTemplate\":\"https:\\\/\\\/tzionlibreria.com\\\/?s={search_term_string}\"},\"query-input\":{\"@type\":\"PropertyValueSpecification\",\"valueRequired\":true,\"valueName\":\"search_term_string\"}}],\"inLanguage\":\"es-CO\"},{\"@type\":\"Organization\",\"@id\":\"https:\\\/\\\/tzionlibreria.com\\\/#organization\",\"name\":\"tzionlibreria.com\",\"url\":\"https:\\\/\\\/tzionlibreria.com\\\/\",\"logo\":{\"@type\":\"ImageObject\",\"inLanguage\":\"es-CO\",\"@id\":\"https:\\\/\\\/tzionlibreria.com\\\/#\\\/schema\\\/logo\\\/image\\\/\",\"url\":\"https:\\\/\\\/tzionlibreria.com\\\/wp-content\\\/uploads\\\/2023\\\/10\\\/cropped-Cuadricula-scaled-1.jpg\",\"contentUrl\":\"https:\\\/\\\/tzionlibreria.com\\\/wp-content\\\/uploads\\\/2023\\\/10\\\/cropped-Cuadricula-scaled-1.jpg\",\"width\":2560,\"height\":2560,\"caption\":\"tzionlibreria.com\"},\"image\":{\"@id\":\"https:\\\/\\\/tzionlibreria.com\\\/#\\\/schema\\\/logo\\\/image\\\/\"}}]}<\/script>\n<!-- \/ Yoast SEO plugin. -->","yoast_head_json":{"title":"El Buen Sexo - Si Dios Creo el Sexo, nosotros debemos ser los Maestros - tzionlibreria.com","description":"El Buen Sexo es una gu\u00eda esencial que combina la psicolog\u00eda, la sexolog\u00eda y la teolog\u00eda para abordar el tema del sexo desde una perspectiva cristiana.","robots":{"index":"index","follow":"follow","max-snippet":"max-snippet:-1","max-image-preview":"max-image-preview:large","max-video-preview":"max-video-preview:-1"},"canonical":"https:\/\/tzionlibreria.com\/index.php\/product\/el-buen-sexo-si-dios-creo-el-sexo-nosotros-debemos-ser-los-maestros\/","og_locale":"es_ES","og_type":"article","og_title":"El Buen Sexo - Si Dios Creo el Sexo, nosotros debemos ser los Maestros - tzionlibreria.com","og_description":"El Buen Sexo es una gu\u00eda esencial que combina la psicolog\u00eda, la sexolog\u00eda y la teolog\u00eda para abordar el tema del sexo desde una perspectiva cristiana.","og_url":"https:\/\/tzionlibreria.com\/index.php\/product\/el-buen-sexo-si-dios-creo-el-sexo-nosotros-debemos-ser-los-maestros\/","og_site_name":"tzionlibreria.com","article_modified_time":"2025-07-24T01:23:00+00:00","og_image":[{"width":1080,"height":1080,"url":"http:\/\/tzionlibreria.com\/wp-content\/uploads\/2024\/09\/4-1.png","type":"image\/png"}],"twitter_card":"summary_large_image","twitter_misc":{"Tiempo de lectura":"1 minuto"},"schema":{"@context":"https:\/\/schema.org","@graph":[{"@type":"WebPage","@id":"https:\/\/tzionlibreria.com\/index.php\/product\/el-buen-sexo-si-dios-creo-el-sexo-nosotros-debemos-ser-los-maestros\/","url":"https:\/\/tzionlibreria.com\/index.php\/product\/el-buen-sexo-si-dios-creo-el-sexo-nosotros-debemos-ser-los-maestros\/","name":"El Buen Sexo - Si Dios Creo el Sexo, nosotros debemos ser los Maestros - tzionlibreria.com","isPartOf":{"@id":"https:\/\/tzionlibreria.com\/#website"},"primaryImageOfPage":{"@id":"https:\/\/tzionlibreria.com\/index.php\/product\/el-buen-sexo-si-dios-creo-el-sexo-nosotros-debemos-ser-los-maestros\/#primaryimage"},"image":{"@id":"https:\/\/tzionlibreria.com\/index.php\/product\/el-buen-sexo-si-dios-creo-el-sexo-nosotros-debemos-ser-los-maestros\/#primaryimage"},"thumbnailUrl":"https:\/\/tzionlibreria.com\/wp-content\/uploads\/2024\/09\/4-1.png","datePublished":"2024-09-13T14:28:07+00:00","dateModified":"2025-07-24T01:23:00+00:00","description":"El Buen Sexo es una gu\u00eda esencial que combina la psicolog\u00eda, la sexolog\u00eda y la teolog\u00eda para abordar el tema del sexo desde una perspectiva cristiana.","breadcrumb":{"@id":"https:\/\/tzionlibreria.com\/index.php\/product\/el-buen-sexo-si-dios-creo-el-sexo-nosotros-debemos-ser-los-maestros\/#breadcrumb"},"inLanguage":"es-CO","potentialAction":[{"@type":"ReadAction","target":["https:\/\/tzionlibreria.com\/index.php\/product\/el-buen-sexo-si-dios-creo-el-sexo-nosotros-debemos-ser-los-maestros\/"]}]},{"@type":"ImageObject","inLanguage":"es-CO","@id":"https:\/\/tzionlibreria.com\/index.php\/product\/el-buen-sexo-si-dios-creo-el-sexo-nosotros-debemos-ser-los-maestros\/#primaryimage","url":"https:\/\/tzionlibreria.com\/wp-content\/uploads\/2024\/09\/4-1.png","contentUrl":"https:\/\/tzionlibreria.com\/wp-content\/uploads\/2024\/09\/4-1.png","width":1080,"height":1080},{"@type":"BreadcrumbList","@id":"https:\/\/tzionlibreria.com\/index.php\/product\/el-buen-sexo-si-dios-creo-el-sexo-nosotros-debemos-ser-los-maestros\/#breadcrumb","itemListElement":[{"@type":"ListItem","position":1,"name":"Inicio","item":"https:\/\/tzionlibreria.com\/"},{"@type":"ListItem","position":2,"name":"Shop","item":"https:\/\/tzionlibreria.com\/index.php\/shop\/"},{"@type":"ListItem","position":3,"name":"El Buen Sexo &#8211; Si Dios Creo el Sexo, nosotros debemos ser los Maestros"}]},{"@type":"WebSite","@id":"https:\/\/tzionlibreria.com\/#website","url":"https:\/\/tzionlibreria.com\/","name":"tzionlibreria.com","description":"Libreria Cristiana Venezuela","publisher":{"@id":"https:\/\/tzionlibreria.com\/#organization"},"potentialAction":[{"@type":"SearchAction","target":{"@type":"EntryPoint","urlTemplate":"https:\/\/tzionlibreria.com\/?s={search_term_string}"},"query-input":{"@type":"PropertyValueSpecification","valueRequired":true,"valueName":"search_term_string"}}],"inLanguage":"es-CO"},{"@type":"Organization","@id":"https:\/\/tzionlibreria.com\/#organization","name":"tzionlibreria.com","url":"https:\/\/tzionlibreria.com\/","logo":{"@type":"ImageObject","inLanguage":"es-CO","@id":"https:\/\/tzionlibreria.com\/#\/schema\/logo\/image\/","url":"https:\/\/tzionlibreria.com\/wp-content\/uploads\/2023\/10\/cropped-Cuadricula-scaled-1.jpg","contentUrl":"https:\/\/tzionlibreria.com\/wp-content\/uploads\/2023\/10\/cropped-Cuadricula-scaled-1.jpg","width":2560,"height":2560,"caption":"tzionlibreria.com"},"image":{"@id":"https:\/\/tzionlibreria.com\/#\/schema\/logo\/image\/"}}]}},"jetpack_sharing_enabled":true,"_links":{"self":[{"href":"https:\/\/tzionlibreria.com\/index.php\/wp-json\/wp\/v2\/product\/4201","targetHints":{"allow":["GET"]}}],"collection":[{"href":"https:\/\/tzionlibreria.com\/index.php\/wp-json\/wp\/v2\/product"}],"about":[{"href":"https:\/\/tzionlibreria.com\/index.php\/wp-json\/wp\/v2\/types\/product"}],"replies":[{"embeddable":true,"href":"https:\/\/tzionlibreria.com\/index.php\/wp-json\/wp\/v2\/comments?post=4201"}],"wp:featuredmedia":[{"embeddable":true,"href":"https:\/\/tzionlibreria.com\/index.php\/wp-json\/wp\/v2\/media\/4202"}],"wp:attachment":[{"href":"https:\/\/tzionlibreria.com\/index.php\/wp-json\/wp\/v2\/media?parent=4201"}],"wp:term":[{"taxonomy":"product_brand","embeddable":true,"href":"https:\/\/tzionlibreria.com\/index.php\/wp-json\/wp\/v2\/product_brand?post=4201"},{"taxonomy":"product_cat","embeddable":true,"href":"https:\/\/tzionlibreria.com\/index.php\/wp-json\/wp\/v2\/product_cat?post=4201"},{"taxonomy":"product_tag","embeddable":true,"href":"https:\/\/tzionlibreria.com\/index.php\/wp-json\/wp\/v2\/product_tag?post=4201"}],"curies":[{"name":"wp","href":"https:\/\/api.w.org\/{rel}","templated":true}]}}