{"id":4203,"date":"2024-09-13T14:48:07","date_gmt":"2024-09-13T14:48:07","guid":{"rendered":"https:\/\/tzionlibreria.com\/?post_type=product&#038;p=4203"},"modified":"2025-06-04T00:05:30","modified_gmt":"2025-06-04T00:05:30","slug":"para-que-son-las-bocas-entrenando-corazones-jovenes","status":"publish","type":"product","link":"https:\/\/tzionlibreria.com\/index.php\/product\/para-que-son-las-bocas-entrenando-corazones-jovenes\/","title":{"rendered":"\u00bfPara qu\u00e9 son las bocas? Entrenando corazones j\u00f3venes"},"content":{"rendered":"<h1 id=\"title\" class=\"a-spacing-none a-text-normal\"><span id=\"productTitle\" class=\"a-size-large celwidget\" data-csa-c-id=\"v8pqhg-glbh7o-wfgjuo-5pmxqi\" data-cel-widget=\"productTitle\">Entrenando corazones j\u00f3venes<\/span><\/h1>\n<p>&nbsp;<\/p>\n<p><strong><span class=\"a-text-bold\">Ayuda pr\u00e1ctica para padres criando hijos sobre el fundamento del evangelio.<\/span><\/strong><\/p>\n<p>Con pesta\u00f1as para levantar, estos libros divertidos motivan a los ni\u00f1os peque\u00f1os <strong>(de entre dos a cuatro a\u00f1os de edad)<\/strong> a usar sus bocas como Cristo.<\/p>\n<p>Esta herramienta de entrenamiento \u00fatil y cautivadora ayudar\u00e1 a los padres a ense\u00f1arles a sus hijos que Dios no hizo sus bocas para comportamientos como morder o mentir, sino para cosas positivas como dar besos, masticar, cantar, pedir perd\u00f3n y decir la verdad. No solo alienta a los ni\u00f1os a seguir el ejemplo de Jes\u00fas, sino que les asegura que \u00e9l nos ama sin importar lo que hagamos. \u00c9l nos puede perdonar cuando fallamos, y nos puede ayudar a cambiar. Este libro es parte de una serie titulada Entrenando corazones j\u00f3venes que trata con las actitudes del coraz\u00f3n que apuntalan comportamientos y explica c\u00f3mo el evangelio de la gracia nos hace posible cambiar. Los padres, los maestros y otros seres queridos pueden consultar estos recursos cuando ciertos comportamientos necesitan ser tanto corregidos como asociados con el perd\u00f3n, la gracia y el crecimiento.<\/p>\n<p>&nbsp;<\/p>\n<div id=\"detailBullets_feature_div\">\n<ul class=\"a-unordered-list a-nostyle a-vertical a-spacing-none detail-bullet-list\">\n<li><span class=\"a-list-item\"><span class=\"a-text-bold\">Editorial: <\/span>Tyndale Kids (16 Abril 2024)<\/span><\/li>\n<li><span class=\"a-list-item\"><span class=\"a-text-bold\">Idioma: \u200e<\/span>Espa\u00f1ol<\/span><\/li>\n<li><span class=\"a-list-item\"><span class=\"a-text-bold\">Libro de cart\u00f3n \u200f : \u200e\u00a0<\/span>18 p\u00e1ginas<\/span><\/li>\n<li><span class=\"a-list-item\"><span class=\"a-text-bold\">ISBN: \u200e<\/span>9781496491312<\/span><\/li>\n<li><span class=\"a-list-item\"><span class=\"a-text-bold\">Edad de lectura: \u200e<\/span>De 2 a 4 a\u00f1os<\/span><\/li>\n<li><span class=\"a-list-item\"><span class=\"a-text-bold\">Dimensiones: 17 x 17 x 2 cm \u200e<\/span><\/span><\/li>\n<\/ul>\n<\/div>\n","protected":false},"excerpt":{"rendered":"<p>Entrenando corazones j\u00f3venes &nbsp; Ayuda pr\u00e1ctica para padres criando hijos sobre el fundamento del evangelio. Con pesta\u00f1as para levantar, estos libros divertidos motivan a los ni\u00f1os peque\u00f1os (de entre dos a cuatro a\u00f1os de edad) a usar sus bocas como Cristo. Esta herramienta de entrenamiento \u00fatil y cautivadora ayudar\u00e1 a los padres a ense\u00f1arles a [&hellip;]<\/p>\n","protected":false},"featured_media":4204,"comment_status":"open","ping_status":"closed","template":"","meta":{"om_disable_all_campaigns":false,"_monsterinsights_skip_tracking":false,"_monsterinsights_sitenote_active":false,"_monsterinsights_sitenote_note":"","_monsterinsights_sitenote_category":0,"site-sidebar-layout":"default","site-content-layout":"","ast-site-content-layout":"default","site-content-style":"default","site-sidebar-style":"default","ast-global-header-display":"","ast-banner-title-visibility":"","ast-main-header-display":"","ast-hfb-above-header-display":"","ast-hfb-below-header-display":"","ast-hfb-mobile-header-display":"","site-post-title":"","ast-breadcrumbs-content":"","ast-featured-img":"","footer-sml-layout":"","ast-disable-related-posts":"","theme-transparent-header-meta":"default","adv-header-id-meta":"","stick-header-meta":"","header-above-stick-meta":"","header-main-stick-meta":"","header-below-stick-meta":"","astra-migrate-meta-layouts":"set","ast-page-background-enabled":"default","ast-page-background-meta":{"desktop":{"background-color":"var(--ast-global-color-4)","background-image":"","background-repeat":"repeat","background-position":"center center","background-size":"auto","background-attachment":"scroll","background-type":"","background-media":"","overlay-type":"","overlay-color":"","overlay-opacity":"","overlay-gradient":""},"tablet":{"background-color":"","background-image":"","background-repeat":"repeat","background-position":"center center","background-size":"auto","background-attachment":"scroll","background-type":"","background-media":"","overlay-type":"","overlay-color":"","overlay-opacity":"","overlay-gradient":""},"mobile":{"background-color":"","background-image":"","background-repeat":"repeat","background-position":"center center","background-size":"auto","background-attachment":"scroll","background-type":"","background-media":"","overlay-type":"","overlay-color":"","overlay-opacity":"","overlay-gradient":""}},"ast-content-background-meta":{"desktop":{"background-color":"var(--ast-global-color-5)","background-image":"","background-repeat":"repeat","background-position":"center center","background-size":"auto","background-attachment":"scroll","background-type":"","background-media":"","overlay-type":"","overlay-color":"","overlay-opacity":"","overlay-gradient":""},"tablet":{"background-color":"var(--ast-global-color-5)","background-image":"","background-repeat":"repeat","background-position":"center center","background-size":"auto","background-attachment":"scroll","background-type":"","background-media":"","overlay-type":"","overlay-color":"","overlay-opacity":"","overlay-gradient":""},"mobile":{"background-color":"var(--ast-global-color-5)","background-image":"","background-repeat":"repeat","background-position":"center center","background-size":"auto","background-attachment":"scroll","background-type":"","background-media":"","overlay-type":"","overlay-color":"","overlay-opacity":"","overlay-gradient":""}}},"product_brand":[],"product_cat":[25,209],"product_tag":[],"class_list":{"0":"post-4203","1":"product","2":"type-product","3":"status-publish","4":"has-post-thumbnail","6":"product_cat-kids","7":"product_cat-libros-kids","8":"desktop-align-left","9":"tablet-align-left","10":"mobile-align-left","12":"first","13":"instock","14":"shipping-taxable","15":"purchasable","16":"product-type-simple"},"yoast_head":"<!-- This site is optimized with the Yoast SEO plugin v27.4 - https:\/\/yoast.com\/product\/yoast-seo-wordpress\/ -->\n<title>\u00bfPara qu\u00e9 son las bocas? Entrenando corazones j\u00f3venes - tzionlibreria.com<\/title>\n<meta name=\"description\" content=\"Esta herramienta de entrenamiento \u00fatil y cautivadora ayudar\u00e1 a los padres a ense\u00f1arles a sus hijos que Dios no hizo sus bocas.\" \/>\n<meta name=\"robots\" content=\"index, follow, max-snippet:-1, max-image-preview:large, max-video-preview:-1\" \/>\n<link rel=\"canonical\" href=\"https:\/\/tzionlibreria.com\/index.php\/product\/para-que-son-las-bocas-entrenando-corazones-jovenes\/\" \/>\n<meta property=\"og:locale\" content=\"es_ES\" \/>\n<meta property=\"og:type\" content=\"article\" \/>\n<meta property=\"og:title\" content=\"\u00bfPara qu\u00e9 son las bocas? Entrenando corazones j\u00f3venes - tzionlibreria.com\" \/>\n<meta property=\"og:description\" content=\"Esta herramienta de entrenamiento \u00fatil y cautivadora ayudar\u00e1 a los padres a ense\u00f1arles a sus hijos que Dios no hizo sus bocas.\" \/>\n<meta property=\"og:url\" content=\"https:\/\/tzionlibreria.com\/index.php\/product\/para-que-son-las-bocas-entrenando-corazones-jovenes\/\" \/>\n<meta property=\"og:site_name\" content=\"tzionlibreria.com\" \/>\n<meta property=\"article:modified_time\" content=\"2025-06-04T00:05:30+00:00\" \/>\n<meta property=\"og:image\" content=\"http:\/\/tzionlibreria.com\/wp-content\/uploads\/2024\/09\/9.png\" \/>\n\t<meta property=\"og:image:width\" content=\"1080\" \/>\n\t<meta property=\"og:image:height\" content=\"1080\" \/>\n\t<meta property=\"og:image:type\" content=\"image\/png\" \/>\n<meta name=\"twitter:card\" content=\"summary_large_image\" \/>\n<meta name=\"twitter:label1\" content=\"Tiempo de lectura\" \/>\n\t<meta name=\"twitter:data1\" content=\"2 minutos\" \/>\n<script type=\"application\/ld+json\" class=\"yoast-schema-graph\">{\"@context\":\"https:\\\/\\\/schema.org\",\"@graph\":[{\"@type\":\"WebPage\",\"@id\":\"https:\\\/\\\/tzionlibreria.com\\\/index.php\\\/product\\\/para-que-son-las-bocas-entrenando-corazones-jovenes\\\/\",\"url\":\"https:\\\/\\\/tzionlibreria.com\\\/index.php\\\/product\\\/para-que-son-las-bocas-entrenando-corazones-jovenes\\\/\",\"name\":\"\u00bfPara qu\u00e9 son las bocas? Entrenando corazones j\u00f3venes - tzionlibreria.com\",\"isPartOf\":{\"@id\":\"https:\\\/\\\/tzionlibreria.com\\\/#website\"},\"primaryImageOfPage\":{\"@id\":\"https:\\\/\\\/tzionlibreria.com\\\/index.php\\\/product\\\/para-que-son-las-bocas-entrenando-corazones-jovenes\\\/#primaryimage\"},\"image\":{\"@id\":\"https:\\\/\\\/tzionlibreria.com\\\/index.php\\\/product\\\/para-que-son-las-bocas-entrenando-corazones-jovenes\\\/#primaryimage\"},\"thumbnailUrl\":\"https:\\\/\\\/tzionlibreria.com\\\/wp-content\\\/uploads\\\/2024\\\/09\\\/9.png\",\"datePublished\":\"2024-09-13T14:48:07+00:00\",\"dateModified\":\"2025-06-04T00:05:30+00:00\",\"description\":\"Esta herramienta de entrenamiento \u00fatil y cautivadora ayudar\u00e1 a los padres a ense\u00f1arles a sus hijos que Dios no hizo sus bocas.\",\"breadcrumb\":{\"@id\":\"https:\\\/\\\/tzionlibreria.com\\\/index.php\\\/product\\\/para-que-son-las-bocas-entrenando-corazones-jovenes\\\/#breadcrumb\"},\"inLanguage\":\"es-CO\",\"potentialAction\":[{\"@type\":\"ReadAction\",\"target\":[\"https:\\\/\\\/tzionlibreria.com\\\/index.php\\\/product\\\/para-que-son-las-bocas-entrenando-corazones-jovenes\\\/\"]}]},{\"@type\":\"ImageObject\",\"inLanguage\":\"es-CO\",\"@id\":\"https:\\\/\\\/tzionlibreria.com\\\/index.php\\\/product\\\/para-que-son-las-bocas-entrenando-corazones-jovenes\\\/#primaryimage\",\"url\":\"https:\\\/\\\/tzionlibreria.com\\\/wp-content\\\/uploads\\\/2024\\\/09\\\/9.png\",\"contentUrl\":\"https:\\\/\\\/tzionlibreria.com\\\/wp-content\\\/uploads\\\/2024\\\/09\\\/9.png\",\"width\":1080,\"height\":1080},{\"@type\":\"BreadcrumbList\",\"@id\":\"https:\\\/\\\/tzionlibreria.com\\\/index.php\\\/product\\\/para-que-son-las-bocas-entrenando-corazones-jovenes\\\/#breadcrumb\",\"itemListElement\":[{\"@type\":\"ListItem\",\"position\":1,\"name\":\"Inicio\",\"item\":\"https:\\\/\\\/tzionlibreria.com\\\/\"},{\"@type\":\"ListItem\",\"position\":2,\"name\":\"Shop\",\"item\":\"https:\\\/\\\/tzionlibreria.com\\\/index.php\\\/shop\\\/\"},{\"@type\":\"ListItem\",\"position\":3,\"name\":\"\u00bfPara qu\u00e9 son las bocas? Entrenando corazones j\u00f3venes\"}]},{\"@type\":\"WebSite\",\"@id\":\"https:\\\/\\\/tzionlibreria.com\\\/#website\",\"url\":\"https:\\\/\\\/tzionlibreria.com\\\/\",\"name\":\"tzionlibreria.com\",\"description\":\"Libreria Cristiana Venezuela\",\"publisher\":{\"@id\":\"https:\\\/\\\/tzionlibreria.com\\\/#organization\"},\"potentialAction\":[{\"@type\":\"SearchAction\",\"target\":{\"@type\":\"EntryPoint\",\"urlTemplate\":\"https:\\\/\\\/tzionlibreria.com\\\/?s={search_term_string}\"},\"query-input\":{\"@type\":\"PropertyValueSpecification\",\"valueRequired\":true,\"valueName\":\"search_term_string\"}}],\"inLanguage\":\"es-CO\"},{\"@type\":\"Organization\",\"@id\":\"https:\\\/\\\/tzionlibreria.com\\\/#organization\",\"name\":\"tzionlibreria.com\",\"url\":\"https:\\\/\\\/tzionlibreria.com\\\/\",\"logo\":{\"@type\":\"ImageObject\",\"inLanguage\":\"es-CO\",\"@id\":\"https:\\\/\\\/tzionlibreria.com\\\/#\\\/schema\\\/logo\\\/image\\\/\",\"url\":\"https:\\\/\\\/tzionlibreria.com\\\/wp-content\\\/uploads\\\/2023\\\/10\\\/cropped-Cuadricula-scaled-1.jpg\",\"contentUrl\":\"https:\\\/\\\/tzionlibreria.com\\\/wp-content\\\/uploads\\\/2023\\\/10\\\/cropped-Cuadricula-scaled-1.jpg\",\"width\":2560,\"height\":2560,\"caption\":\"tzionlibreria.com\"},\"image\":{\"@id\":\"https:\\\/\\\/tzionlibreria.com\\\/#\\\/schema\\\/logo\\\/image\\\/\"}}]}<\/script>\n<!-- \/ Yoast SEO plugin. -->","yoast_head_json":{"title":"\u00bfPara qu\u00e9 son las bocas? Entrenando corazones j\u00f3venes - tzionlibreria.com","description":"Esta herramienta de entrenamiento \u00fatil y cautivadora ayudar\u00e1 a los padres a ense\u00f1arles a sus hijos que Dios no hizo sus bocas.","robots":{"index":"index","follow":"follow","max-snippet":"max-snippet:-1","max-image-preview":"max-image-preview:large","max-video-preview":"max-video-preview:-1"},"canonical":"https:\/\/tzionlibreria.com\/index.php\/product\/para-que-son-las-bocas-entrenando-corazones-jovenes\/","og_locale":"es_ES","og_type":"article","og_title":"\u00bfPara qu\u00e9 son las bocas? Entrenando corazones j\u00f3venes - tzionlibreria.com","og_description":"Esta herramienta de entrenamiento \u00fatil y cautivadora ayudar\u00e1 a los padres a ense\u00f1arles a sus hijos que Dios no hizo sus bocas.","og_url":"https:\/\/tzionlibreria.com\/index.php\/product\/para-que-son-las-bocas-entrenando-corazones-jovenes\/","og_site_name":"tzionlibreria.com","article_modified_time":"2025-06-04T00:05:30+00:00","og_image":[{"width":1080,"height":1080,"url":"http:\/\/tzionlibreria.com\/wp-content\/uploads\/2024\/09\/9.png","type":"image\/png"}],"twitter_card":"summary_large_image","twitter_misc":{"Tiempo de lectura":"2 minutos"},"schema":{"@context":"https:\/\/schema.org","@graph":[{"@type":"WebPage","@id":"https:\/\/tzionlibreria.com\/index.php\/product\/para-que-son-las-bocas-entrenando-corazones-jovenes\/","url":"https:\/\/tzionlibreria.com\/index.php\/product\/para-que-son-las-bocas-entrenando-corazones-jovenes\/","name":"\u00bfPara qu\u00e9 son las bocas? Entrenando corazones j\u00f3venes - tzionlibreria.com","isPartOf":{"@id":"https:\/\/tzionlibreria.com\/#website"},"primaryImageOfPage":{"@id":"https:\/\/tzionlibreria.com\/index.php\/product\/para-que-son-las-bocas-entrenando-corazones-jovenes\/#primaryimage"},"image":{"@id":"https:\/\/tzionlibreria.com\/index.php\/product\/para-que-son-las-bocas-entrenando-corazones-jovenes\/#primaryimage"},"thumbnailUrl":"https:\/\/tzionlibreria.com\/wp-content\/uploads\/2024\/09\/9.png","datePublished":"2024-09-13T14:48:07+00:00","dateModified":"2025-06-04T00:05:30+00:00","description":"Esta herramienta de entrenamiento \u00fatil y cautivadora ayudar\u00e1 a los padres a ense\u00f1arles a sus hijos que Dios no hizo sus bocas.","breadcrumb":{"@id":"https:\/\/tzionlibreria.com\/index.php\/product\/para-que-son-las-bocas-entrenando-corazones-jovenes\/#breadcrumb"},"inLanguage":"es-CO","potentialAction":[{"@type":"ReadAction","target":["https:\/\/tzionlibreria.com\/index.php\/product\/para-que-son-las-bocas-entrenando-corazones-jovenes\/"]}]},{"@type":"ImageObject","inLanguage":"es-CO","@id":"https:\/\/tzionlibreria.com\/index.php\/product\/para-que-son-las-bocas-entrenando-corazones-jovenes\/#primaryimage","url":"https:\/\/tzionlibreria.com\/wp-content\/uploads\/2024\/09\/9.png","contentUrl":"https:\/\/tzionlibreria.com\/wp-content\/uploads\/2024\/09\/9.png","width":1080,"height":1080},{"@type":"BreadcrumbList","@id":"https:\/\/tzionlibreria.com\/index.php\/product\/para-que-son-las-bocas-entrenando-corazones-jovenes\/#breadcrumb","itemListElement":[{"@type":"ListItem","position":1,"name":"Inicio","item":"https:\/\/tzionlibreria.com\/"},{"@type":"ListItem","position":2,"name":"Shop","item":"https:\/\/tzionlibreria.com\/index.php\/shop\/"},{"@type":"ListItem","position":3,"name":"\u00bfPara qu\u00e9 son las bocas? Entrenando corazones j\u00f3venes"}]},{"@type":"WebSite","@id":"https:\/\/tzionlibreria.com\/#website","url":"https:\/\/tzionlibreria.com\/","name":"tzionlibreria.com","description":"Libreria Cristiana Venezuela","publisher":{"@id":"https:\/\/tzionlibreria.com\/#organization"},"potentialAction":[{"@type":"SearchAction","target":{"@type":"EntryPoint","urlTemplate":"https:\/\/tzionlibreria.com\/?s={search_term_string}"},"query-input":{"@type":"PropertyValueSpecification","valueRequired":true,"valueName":"search_term_string"}}],"inLanguage":"es-CO"},{"@type":"Organization","@id":"https:\/\/tzionlibreria.com\/#organization","name":"tzionlibreria.com","url":"https:\/\/tzionlibreria.com\/","logo":{"@type":"ImageObject","inLanguage":"es-CO","@id":"https:\/\/tzionlibreria.com\/#\/schema\/logo\/image\/","url":"https:\/\/tzionlibreria.com\/wp-content\/uploads\/2023\/10\/cropped-Cuadricula-scaled-1.jpg","contentUrl":"https:\/\/tzionlibreria.com\/wp-content\/uploads\/2023\/10\/cropped-Cuadricula-scaled-1.jpg","width":2560,"height":2560,"caption":"tzionlibreria.com"},"image":{"@id":"https:\/\/tzionlibreria.com\/#\/schema\/logo\/image\/"}}]}},"jetpack_sharing_enabled":true,"_links":{"self":[{"href":"https:\/\/tzionlibreria.com\/index.php\/wp-json\/wp\/v2\/product\/4203","targetHints":{"allow":["GET"]}}],"collection":[{"href":"https:\/\/tzionlibreria.com\/index.php\/wp-json\/wp\/v2\/product"}],"about":[{"href":"https:\/\/tzionlibreria.com\/index.php\/wp-json\/wp\/v2\/types\/product"}],"replies":[{"embeddable":true,"href":"https:\/\/tzionlibreria.com\/index.php\/wp-json\/wp\/v2\/comments?post=4203"}],"wp:featuredmedia":[{"embeddable":true,"href":"https:\/\/tzionlibreria.com\/index.php\/wp-json\/wp\/v2\/media\/4204"}],"wp:attachment":[{"href":"https:\/\/tzionlibreria.com\/index.php\/wp-json\/wp\/v2\/media?parent=4203"}],"wp:term":[{"taxonomy":"product_brand","embeddable":true,"href":"https:\/\/tzionlibreria.com\/index.php\/wp-json\/wp\/v2\/product_brand?post=4203"},{"taxonomy":"product_cat","embeddable":true,"href":"https:\/\/tzionlibreria.com\/index.php\/wp-json\/wp\/v2\/product_cat?post=4203"},{"taxonomy":"product_tag","embeddable":true,"href":"https:\/\/tzionlibreria.com\/index.php\/wp-json\/wp\/v2\/product_tag?post=4203"}],"curies":[{"name":"wp","href":"https:\/\/api.w.org\/{rel}","templated":true}]}}