{"id":4205,"date":"2024-09-13T14:54:18","date_gmt":"2024-09-13T14:54:18","guid":{"rendered":"https:\/\/tzionlibreria.com\/?post_type=product&#038;p=4205"},"modified":"2025-06-04T00:04:45","modified_gmt":"2025-06-04T00:04:45","slug":"primeros-principios-biblicos","status":"publish","type":"product","link":"https:\/\/tzionlibreria.com\/index.php\/product\/primeros-principios-biblicos\/","title":{"rendered":"Primeros principios b\u00edblicos"},"content":{"rendered":"<p><span class=\"a-text-italic\">\u00a1Ense\u00f1e a su hijo a contar y entender principios\u00a0b\u00e1sicos de la Biblia al mismo tiempo!\u00a0<\/span><\/p>\n<p><span class=\"a-text-italic\">\u00a1A tu familia le encantar\u00e1 este libro \u00fanico\u00a0de aprendizaje!\u00a0<\/span><strong><span class=\"a-text-bold\">Primeros principios b\u00edblicos<\/span>\u00a0<\/strong>es un libro que va m\u00e1s all\u00e1 de las historias b\u00edblicas a la teolog\u00eda real. Cada p\u00e1gina presenta obras de arte coloridas que atraer\u00e1n tu atenci\u00f3n, y\u00a0<span class=\"a-text-bold\">el <strong>formato de conteo del 1 al 10 explica\u00a0el contenido b\u00edblico abstracto<\/strong><\/span>, y de vital importancia, de una manera que nuestros peque\u00f1os ni\u00f1os pueden entender y disfrutar.<\/p>\n<p>Su hijo se deleitar\u00e1 con las brillantes ilustraciones, y mientras ellos cuentan con usted, ellos ser\u00e1n\u00a0expuestos al vocabulario de teolog\u00eda b\u00e1sica de una manera que lo ayudar\u00e1 a categorizar y retener la informaci\u00f3n.\u00a0T\u00fa podr\u00e1s apreciar el dise\u00f1o art\u00edstico y el desarrollo de una base para conversaciones m\u00e1s profundas y significativas sobre Dios con tu peque\u00f1o.\u00a0<span class=\"a-text-italic\">\u00bfY qui\u00e9n sabe? \u00a1Incluso t\u00fa podr\u00edas aprender algo nuevo sobre la Biblia!\u00a0<\/span><\/p>\n<p>&nbsp;<\/p>\n<div id=\"detailBullets_feature_div\">\n<ul class=\"a-unordered-list a-nostyle a-vertical a-spacing-none detail-bullet-list\">\n<li><span class=\"a-list-item\"><span class=\"a-text-bold\">Editorial: <\/span>B&amp;H Espa\u00f1ol (1 Junio 2024)<\/span><\/li>\n<li><span class=\"a-list-item\"><span class=\"a-text-bold\">Idioma: \u200e<\/span>Espa\u00f1ol<\/span><\/li>\n<li><span class=\"a-list-item\"><span class=\"a-text-bold\">Libro de cart\u00f3n: <\/span>20 p\u00e1ginas<\/span><\/li>\n<li><span class=\"a-list-item\"><span class=\"a-text-bold\">ISBN: \u200e<\/span>9781430087540<\/span><\/li>\n<li><span class=\"a-list-item\"><span class=\"a-text-bold\">Edad de lectura: \u200e<\/span>De 1 a 3 a\u00f1os<\/span><\/li>\n<li><span class=\"a-list-item\"><span class=\"a-text-bold\">Dimensiones: \u200e18 x 18 x 2 cm<\/span><\/span><\/li>\n<\/ul>\n<\/div>\n","protected":false},"excerpt":{"rendered":"<p>\u00a1Ense\u00f1e a su hijo a contar y entender principios\u00a0b\u00e1sicos de la Biblia al mismo tiempo!\u00a0 \u00a1A tu familia le encantar\u00e1 este libro \u00fanico\u00a0de aprendizaje!\u00a0Primeros principios b\u00edblicos\u00a0es un libro que va m\u00e1s all\u00e1 de las historias b\u00edblicas a la teolog\u00eda real. Cada p\u00e1gina presenta obras de arte coloridas que atraer\u00e1n tu atenci\u00f3n, y\u00a0el formato de conteo [&hellip;]<\/p>\n","protected":false},"featured_media":4206,"comment_status":"open","ping_status":"closed","template":"","meta":{"om_disable_all_campaigns":false,"_monsterinsights_skip_tracking":false,"_monsterinsights_sitenote_active":false,"_monsterinsights_sitenote_note":"","_monsterinsights_sitenote_category":0,"site-sidebar-layout":"default","site-content-layout":"","ast-site-content-layout":"default","site-content-style":"default","site-sidebar-style":"default","ast-global-header-display":"","ast-banner-title-visibility":"","ast-main-header-display":"","ast-hfb-above-header-display":"","ast-hfb-below-header-display":"","ast-hfb-mobile-header-display":"","site-post-title":"","ast-breadcrumbs-content":"","ast-featured-img":"","footer-sml-layout":"","ast-disable-related-posts":"","theme-transparent-header-meta":"default","adv-header-id-meta":"","stick-header-meta":"","header-above-stick-meta":"","header-main-stick-meta":"","header-below-stick-meta":"","astra-migrate-meta-layouts":"set","ast-page-background-enabled":"default","ast-page-background-meta":{"desktop":{"background-color":"var(--ast-global-color-4)","background-image":"","background-repeat":"repeat","background-position":"center center","background-size":"auto","background-attachment":"scroll","background-type":"","background-media":"","overlay-type":"","overlay-color":"","overlay-opacity":"","overlay-gradient":""},"tablet":{"background-color":"","background-image":"","background-repeat":"repeat","background-position":"center center","background-size":"auto","background-attachment":"scroll","background-type":"","background-media":"","overlay-type":"","overlay-color":"","overlay-opacity":"","overlay-gradient":""},"mobile":{"background-color":"","background-image":"","background-repeat":"repeat","background-position":"center center","background-size":"auto","background-attachment":"scroll","background-type":"","background-media":"","overlay-type":"","overlay-color":"","overlay-opacity":"","overlay-gradient":""}},"ast-content-background-meta":{"desktop":{"background-color":"var(--ast-global-color-5)","background-image":"","background-repeat":"repeat","background-position":"center center","background-size":"auto","background-attachment":"scroll","background-type":"","background-media":"","overlay-type":"","overlay-color":"","overlay-opacity":"","overlay-gradient":""},"tablet":{"background-color":"var(--ast-global-color-5)","background-image":"","background-repeat":"repeat","background-position":"center center","background-size":"auto","background-attachment":"scroll","background-type":"","background-media":"","overlay-type":"","overlay-color":"","overlay-opacity":"","overlay-gradient":""},"mobile":{"background-color":"var(--ast-global-color-5)","background-image":"","background-repeat":"repeat","background-position":"center center","background-size":"auto","background-attachment":"scroll","background-type":"","background-media":"","overlay-type":"","overlay-color":"","overlay-opacity":"","overlay-gradient":""}}},"product_brand":[],"product_cat":[37,25],"product_tag":[],"class_list":{"0":"post-4205","1":"product","2":"type-product","3":"status-publish","4":"has-post-thumbnail","6":"product_cat-bebes","7":"product_cat-kids","8":"desktop-align-left","9":"tablet-align-left","10":"mobile-align-left","12":"first","13":"instock","14":"shipping-taxable","15":"purchasable","16":"product-type-simple"},"yoast_head":"<!-- This site is optimized with the Yoast SEO plugin v27.4 - https:\/\/yoast.com\/product\/yoast-seo-wordpress\/ -->\n<title>Primeros principios b\u00edblicos - tzionlibreria.com<\/title>\n<meta name=\"description\" content=\"\u00a1Ense\u00f1e a su hijo a contar y entender principios\u00a0b\u00e1sicos de la Biblia al mismo tiempo!\u00a0 Para beb\u00e9s de 0 a 3 a\u00f1os. Los pap\u00e1s son los maestros.\" \/>\n<meta name=\"robots\" content=\"index, follow, max-snippet:-1, max-image-preview:large, max-video-preview:-1\" \/>\n<link rel=\"canonical\" href=\"https:\/\/tzionlibreria.com\/index.php\/product\/primeros-principios-biblicos\/\" \/>\n<meta property=\"og:locale\" content=\"es_ES\" \/>\n<meta property=\"og:type\" content=\"article\" \/>\n<meta property=\"og:title\" content=\"Primeros principios b\u00edblicos - tzionlibreria.com\" \/>\n<meta property=\"og:description\" content=\"\u00a1Ense\u00f1e a su hijo a contar y entender principios\u00a0b\u00e1sicos de la Biblia al mismo tiempo!\u00a0 Para beb\u00e9s de 0 a 3 a\u00f1os. Los pap\u00e1s son los maestros.\" \/>\n<meta property=\"og:url\" content=\"https:\/\/tzionlibreria.com\/index.php\/product\/primeros-principios-biblicos\/\" \/>\n<meta property=\"og:site_name\" content=\"tzionlibreria.com\" \/>\n<meta property=\"article:modified_time\" content=\"2025-06-04T00:04:45+00:00\" \/>\n<meta property=\"og:image\" content=\"http:\/\/tzionlibreria.com\/wp-content\/uploads\/2024\/09\/8.png\" \/>\n\t<meta property=\"og:image:width\" content=\"1080\" \/>\n\t<meta property=\"og:image:height\" content=\"1080\" \/>\n\t<meta property=\"og:image:type\" content=\"image\/png\" \/>\n<meta name=\"twitter:card\" content=\"summary_large_image\" \/>\n<meta name=\"twitter:label1\" content=\"Tiempo de lectura\" \/>\n\t<meta name=\"twitter:data1\" content=\"2 minutos\" \/>\n<script type=\"application\/ld+json\" class=\"yoast-schema-graph\">{\"@context\":\"https:\\\/\\\/schema.org\",\"@graph\":[{\"@type\":\"WebPage\",\"@id\":\"https:\\\/\\\/tzionlibreria.com\\\/index.php\\\/product\\\/primeros-principios-biblicos\\\/\",\"url\":\"https:\\\/\\\/tzionlibreria.com\\\/index.php\\\/product\\\/primeros-principios-biblicos\\\/\",\"name\":\"Primeros principios b\u00edblicos - tzionlibreria.com\",\"isPartOf\":{\"@id\":\"https:\\\/\\\/tzionlibreria.com\\\/#website\"},\"primaryImageOfPage\":{\"@id\":\"https:\\\/\\\/tzionlibreria.com\\\/index.php\\\/product\\\/primeros-principios-biblicos\\\/#primaryimage\"},\"image\":{\"@id\":\"https:\\\/\\\/tzionlibreria.com\\\/index.php\\\/product\\\/primeros-principios-biblicos\\\/#primaryimage\"},\"thumbnailUrl\":\"https:\\\/\\\/tzionlibreria.com\\\/wp-content\\\/uploads\\\/2024\\\/09\\\/8.png\",\"datePublished\":\"2024-09-13T14:54:18+00:00\",\"dateModified\":\"2025-06-04T00:04:45+00:00\",\"description\":\"\u00a1Ense\u00f1e a su hijo a contar y entender principios\u00a0b\u00e1sicos de la Biblia al mismo tiempo!\u00a0 Para beb\u00e9s de 0 a 3 a\u00f1os. Los pap\u00e1s son los maestros.\",\"breadcrumb\":{\"@id\":\"https:\\\/\\\/tzionlibreria.com\\\/index.php\\\/product\\\/primeros-principios-biblicos\\\/#breadcrumb\"},\"inLanguage\":\"es-CO\",\"potentialAction\":[{\"@type\":\"ReadAction\",\"target\":[\"https:\\\/\\\/tzionlibreria.com\\\/index.php\\\/product\\\/primeros-principios-biblicos\\\/\"]}]},{\"@type\":\"ImageObject\",\"inLanguage\":\"es-CO\",\"@id\":\"https:\\\/\\\/tzionlibreria.com\\\/index.php\\\/product\\\/primeros-principios-biblicos\\\/#primaryimage\",\"url\":\"https:\\\/\\\/tzionlibreria.com\\\/wp-content\\\/uploads\\\/2024\\\/09\\\/8.png\",\"contentUrl\":\"https:\\\/\\\/tzionlibreria.com\\\/wp-content\\\/uploads\\\/2024\\\/09\\\/8.png\",\"width\":1080,\"height\":1080},{\"@type\":\"BreadcrumbList\",\"@id\":\"https:\\\/\\\/tzionlibreria.com\\\/index.php\\\/product\\\/primeros-principios-biblicos\\\/#breadcrumb\",\"itemListElement\":[{\"@type\":\"ListItem\",\"position\":1,\"name\":\"Inicio\",\"item\":\"https:\\\/\\\/tzionlibreria.com\\\/\"},{\"@type\":\"ListItem\",\"position\":2,\"name\":\"Shop\",\"item\":\"https:\\\/\\\/tzionlibreria.com\\\/index.php\\\/shop\\\/\"},{\"@type\":\"ListItem\",\"position\":3,\"name\":\"Primeros principios b\u00edblicos\"}]},{\"@type\":\"WebSite\",\"@id\":\"https:\\\/\\\/tzionlibreria.com\\\/#website\",\"url\":\"https:\\\/\\\/tzionlibreria.com\\\/\",\"name\":\"tzionlibreria.com\",\"description\":\"Libreria Cristiana Venezuela\",\"publisher\":{\"@id\":\"https:\\\/\\\/tzionlibreria.com\\\/#organization\"},\"potentialAction\":[{\"@type\":\"SearchAction\",\"target\":{\"@type\":\"EntryPoint\",\"urlTemplate\":\"https:\\\/\\\/tzionlibreria.com\\\/?s={search_term_string}\"},\"query-input\":{\"@type\":\"PropertyValueSpecification\",\"valueRequired\":true,\"valueName\":\"search_term_string\"}}],\"inLanguage\":\"es-CO\"},{\"@type\":\"Organization\",\"@id\":\"https:\\\/\\\/tzionlibreria.com\\\/#organization\",\"name\":\"tzionlibreria.com\",\"url\":\"https:\\\/\\\/tzionlibreria.com\\\/\",\"logo\":{\"@type\":\"ImageObject\",\"inLanguage\":\"es-CO\",\"@id\":\"https:\\\/\\\/tzionlibreria.com\\\/#\\\/schema\\\/logo\\\/image\\\/\",\"url\":\"https:\\\/\\\/tzionlibreria.com\\\/wp-content\\\/uploads\\\/2023\\\/10\\\/cropped-Cuadricula-scaled-1.jpg\",\"contentUrl\":\"https:\\\/\\\/tzionlibreria.com\\\/wp-content\\\/uploads\\\/2023\\\/10\\\/cropped-Cuadricula-scaled-1.jpg\",\"width\":2560,\"height\":2560,\"caption\":\"tzionlibreria.com\"},\"image\":{\"@id\":\"https:\\\/\\\/tzionlibreria.com\\\/#\\\/schema\\\/logo\\\/image\\\/\"}}]}<\/script>\n<!-- \/ Yoast SEO plugin. -->","yoast_head_json":{"title":"Primeros principios b\u00edblicos - tzionlibreria.com","description":"\u00a1Ense\u00f1e a su hijo a contar y entender principios\u00a0b\u00e1sicos de la Biblia al mismo tiempo!\u00a0 Para beb\u00e9s de 0 a 3 a\u00f1os. Los pap\u00e1s son los maestros.","robots":{"index":"index","follow":"follow","max-snippet":"max-snippet:-1","max-image-preview":"max-image-preview:large","max-video-preview":"max-video-preview:-1"},"canonical":"https:\/\/tzionlibreria.com\/index.php\/product\/primeros-principios-biblicos\/","og_locale":"es_ES","og_type":"article","og_title":"Primeros principios b\u00edblicos - tzionlibreria.com","og_description":"\u00a1Ense\u00f1e a su hijo a contar y entender principios\u00a0b\u00e1sicos de la Biblia al mismo tiempo!\u00a0 Para beb\u00e9s de 0 a 3 a\u00f1os. Los pap\u00e1s son los maestros.","og_url":"https:\/\/tzionlibreria.com\/index.php\/product\/primeros-principios-biblicos\/","og_site_name":"tzionlibreria.com","article_modified_time":"2025-06-04T00:04:45+00:00","og_image":[{"width":1080,"height":1080,"url":"http:\/\/tzionlibreria.com\/wp-content\/uploads\/2024\/09\/8.png","type":"image\/png"}],"twitter_card":"summary_large_image","twitter_misc":{"Tiempo de lectura":"2 minutos"},"schema":{"@context":"https:\/\/schema.org","@graph":[{"@type":"WebPage","@id":"https:\/\/tzionlibreria.com\/index.php\/product\/primeros-principios-biblicos\/","url":"https:\/\/tzionlibreria.com\/index.php\/product\/primeros-principios-biblicos\/","name":"Primeros principios b\u00edblicos - tzionlibreria.com","isPartOf":{"@id":"https:\/\/tzionlibreria.com\/#website"},"primaryImageOfPage":{"@id":"https:\/\/tzionlibreria.com\/index.php\/product\/primeros-principios-biblicos\/#primaryimage"},"image":{"@id":"https:\/\/tzionlibreria.com\/index.php\/product\/primeros-principios-biblicos\/#primaryimage"},"thumbnailUrl":"https:\/\/tzionlibreria.com\/wp-content\/uploads\/2024\/09\/8.png","datePublished":"2024-09-13T14:54:18+00:00","dateModified":"2025-06-04T00:04:45+00:00","description":"\u00a1Ense\u00f1e a su hijo a contar y entender principios\u00a0b\u00e1sicos de la Biblia al mismo tiempo!\u00a0 Para beb\u00e9s de 0 a 3 a\u00f1os. Los pap\u00e1s son los maestros.","breadcrumb":{"@id":"https:\/\/tzionlibreria.com\/index.php\/product\/primeros-principios-biblicos\/#breadcrumb"},"inLanguage":"es-CO","potentialAction":[{"@type":"ReadAction","target":["https:\/\/tzionlibreria.com\/index.php\/product\/primeros-principios-biblicos\/"]}]},{"@type":"ImageObject","inLanguage":"es-CO","@id":"https:\/\/tzionlibreria.com\/index.php\/product\/primeros-principios-biblicos\/#primaryimage","url":"https:\/\/tzionlibreria.com\/wp-content\/uploads\/2024\/09\/8.png","contentUrl":"https:\/\/tzionlibreria.com\/wp-content\/uploads\/2024\/09\/8.png","width":1080,"height":1080},{"@type":"BreadcrumbList","@id":"https:\/\/tzionlibreria.com\/index.php\/product\/primeros-principios-biblicos\/#breadcrumb","itemListElement":[{"@type":"ListItem","position":1,"name":"Inicio","item":"https:\/\/tzionlibreria.com\/"},{"@type":"ListItem","position":2,"name":"Shop","item":"https:\/\/tzionlibreria.com\/index.php\/shop\/"},{"@type":"ListItem","position":3,"name":"Primeros principios b\u00edblicos"}]},{"@type":"WebSite","@id":"https:\/\/tzionlibreria.com\/#website","url":"https:\/\/tzionlibreria.com\/","name":"tzionlibreria.com","description":"Libreria Cristiana Venezuela","publisher":{"@id":"https:\/\/tzionlibreria.com\/#organization"},"potentialAction":[{"@type":"SearchAction","target":{"@type":"EntryPoint","urlTemplate":"https:\/\/tzionlibreria.com\/?s={search_term_string}"},"query-input":{"@type":"PropertyValueSpecification","valueRequired":true,"valueName":"search_term_string"}}],"inLanguage":"es-CO"},{"@type":"Organization","@id":"https:\/\/tzionlibreria.com\/#organization","name":"tzionlibreria.com","url":"https:\/\/tzionlibreria.com\/","logo":{"@type":"ImageObject","inLanguage":"es-CO","@id":"https:\/\/tzionlibreria.com\/#\/schema\/logo\/image\/","url":"https:\/\/tzionlibreria.com\/wp-content\/uploads\/2023\/10\/cropped-Cuadricula-scaled-1.jpg","contentUrl":"https:\/\/tzionlibreria.com\/wp-content\/uploads\/2023\/10\/cropped-Cuadricula-scaled-1.jpg","width":2560,"height":2560,"caption":"tzionlibreria.com"},"image":{"@id":"https:\/\/tzionlibreria.com\/#\/schema\/logo\/image\/"}}]}},"jetpack_sharing_enabled":true,"_links":{"self":[{"href":"https:\/\/tzionlibreria.com\/index.php\/wp-json\/wp\/v2\/product\/4205","targetHints":{"allow":["GET"]}}],"collection":[{"href":"https:\/\/tzionlibreria.com\/index.php\/wp-json\/wp\/v2\/product"}],"about":[{"href":"https:\/\/tzionlibreria.com\/index.php\/wp-json\/wp\/v2\/types\/product"}],"replies":[{"embeddable":true,"href":"https:\/\/tzionlibreria.com\/index.php\/wp-json\/wp\/v2\/comments?post=4205"}],"wp:featuredmedia":[{"embeddable":true,"href":"https:\/\/tzionlibreria.com\/index.php\/wp-json\/wp\/v2\/media\/4206"}],"wp:attachment":[{"href":"https:\/\/tzionlibreria.com\/index.php\/wp-json\/wp\/v2\/media?parent=4205"}],"wp:term":[{"taxonomy":"product_brand","embeddable":true,"href":"https:\/\/tzionlibreria.com\/index.php\/wp-json\/wp\/v2\/product_brand?post=4205"},{"taxonomy":"product_cat","embeddable":true,"href":"https:\/\/tzionlibreria.com\/index.php\/wp-json\/wp\/v2\/product_cat?post=4205"},{"taxonomy":"product_tag","embeddable":true,"href":"https:\/\/tzionlibreria.com\/index.php\/wp-json\/wp\/v2\/product_tag?post=4205"}],"curies":[{"name":"wp","href":"https:\/\/api.w.org\/{rel}","templated":true}]}}