{"id":4210,"date":"2024-09-13T14:59:27","date_gmt":"2024-09-13T14:59:27","guid":{"rendered":"https:\/\/tzionlibreria.com\/?post_type=product&#038;p=4210"},"modified":"2024-09-13T15:00:49","modified_gmt":"2024-09-13T15:00:49","slug":"mujeres-de-influencia-el-legado-de-una-vida-virtuosa","status":"publish","type":"product","link":"https:\/\/tzionlibreria.com\/index.php\/product\/mujeres-de-influencia-el-legado-de-una-vida-virtuosa\/","title":{"rendered":"Mujeres de influencia: El legado de una vida virtuosa"},"content":{"rendered":"<p>Una verdad universalmente afirmada es que Dios usa a las mujeres para llevar a cabo Sus prop\u00f3sitos soberanos. Sin embargo, el c\u00f3mo y d\u00f3nde Dios las usa ha sido un tema controvertido en tiempos modernos. \u00bfLa Biblia habla de mujeres en liderazgo?<\/p>\n<p>Este libro explora la Escritura con el prop\u00f3sito de ayudar a los lectores a entender lo que significa tener un ministerio de mujeres efectivo y b\u00edblico en la iglesia local. Ya sea entrenar, discipular, evangelizar o tender la mano al pobre y necesitado, un ministerio de mujeres liderado por mujeres generar\u00e1 grandes beneficios para la vida de la iglesia. Este libro, escrito por l\u00edderes ministeriales con experiencia, ayudar\u00e1 a saber c\u00f3mo construir un ministerio de mujeres de manera b\u00edblica, fiel y fruct\u00edfera.<\/p>\n<p>&nbsp;<\/p>\n<h3>Biograf\u00eda del autor<\/h3>\n<div class=\"a-section a-spacing-small a-padding-small\">\n<p>Catherine Scheraldi de N\u00fa\u00f1ez es la esposa del Pastor Miguel N\u00fanez y es doctora con especialidad en endocrinolog\u00eda. En la Iglesia Bautista Internacional trabaja con el ministerio de mujeres y en la Radio Eternidad conduce un programa llamado Mujer para la gloria de Dios.<\/p>\n<p>Catherine Scheraldi de N\u00fa\u00f1ez is the wife of Pastor Miguel N\u00fa\u00f1ez, and is a medical doctor, with specialty in endocrinology. She is involved in the Women\u2019s ministry, Ezer of la Iglesia Bautista Internacional. Cathy conducts the program, Mujer para la gloria de Dios, in Radio Eternidad.<\/p>\n<\/div>\n<div><\/div>\n<div>\n<ul class=\"a-unordered-list a-nostyle a-vertical a-spacing-none detail-bullet-list\">\n<li><span class=\"a-list-item\"><span class=\"a-text-bold\">Editorial: \u200e<\/span>B&amp;H Espa\u00f1ol (15 Febrero 2022)<\/span><\/li>\n<li><span class=\"a-list-item\"><span class=\"a-text-bold\">Idioma: <\/span>Espa\u00f1ol<\/span><\/li>\n<li><span class=\"a-list-item\"><span class=\"a-text-bold\">Tapa blanda: <\/span>208 p\u00e1ginas<\/span><\/li>\n<li><span class=\"a-list-item\"><span class=\"a-text-bold\">ISBN: \u200e<\/span>9781087756318<\/span><\/li>\n<li><span class=\"a-list-item\"><span class=\"a-text-bold\">Edad de lectura:<\/span>A partir de 18 a\u00f1os<\/span><\/li>\n<li><span class=\"a-list-item\"><span class=\"a-text-bold\">Dimensiones: 14 x 21 x 2 cm<\/span><\/span><\/li>\n<\/ul>\n<\/div>\n","protected":false},"excerpt":{"rendered":"<p>Una verdad universalmente afirmada es que Dios usa a las mujeres para llevar a cabo Sus prop\u00f3sitos soberanos. Sin embargo, el c\u00f3mo y d\u00f3nde Dios las usa ha sido un tema controvertido en tiempos modernos. \u00bfLa Biblia habla de mujeres en liderazgo? Este libro explora la Escritura con el prop\u00f3sito de ayudar a los lectores [&hellip;]<\/p>\n","protected":false},"featured_media":4211,"comment_status":"open","ping_status":"closed","template":"","meta":{"om_disable_all_campaigns":false,"_monsterinsights_skip_tracking":false,"_monsterinsights_sitenote_active":false,"_monsterinsights_sitenote_note":"","_monsterinsights_sitenote_category":0,"site-sidebar-layout":"default","site-content-layout":"","ast-site-content-layout":"default","site-content-style":"default","site-sidebar-style":"default","ast-global-header-display":"","ast-banner-title-visibility":"","ast-main-header-display":"","ast-hfb-above-header-display":"","ast-hfb-below-header-display":"","ast-hfb-mobile-header-display":"","site-post-title":"","ast-breadcrumbs-content":"","ast-featured-img":"","footer-sml-layout":"","ast-disable-related-posts":"","theme-transparent-header-meta":"default","adv-header-id-meta":"","stick-header-meta":"","header-above-stick-meta":"","header-main-stick-meta":"","header-below-stick-meta":"","astra-migrate-meta-layouts":"set","ast-page-background-enabled":"default","ast-page-background-meta":{"desktop":{"background-color":"var(--ast-global-color-4)","background-image":"","background-repeat":"repeat","background-position":"center center","background-size":"auto","background-attachment":"scroll","background-type":"","background-media":"","overlay-type":"","overlay-color":"","overlay-opacity":"","overlay-gradient":""},"tablet":{"background-color":"","background-image":"","background-repeat":"repeat","background-position":"center center","background-size":"auto","background-attachment":"scroll","background-type":"","background-media":"","overlay-type":"","overlay-color":"","overlay-opacity":"","overlay-gradient":""},"mobile":{"background-color":"","background-image":"","background-repeat":"repeat","background-position":"center center","background-size":"auto","background-attachment":"scroll","background-type":"","background-media":"","overlay-type":"","overlay-color":"","overlay-opacity":"","overlay-gradient":""}},"ast-content-background-meta":{"desktop":{"background-color":"var(--ast-global-color-5)","background-image":"","background-repeat":"repeat","background-position":"center center","background-size":"auto","background-attachment":"scroll","background-type":"","background-media":"","overlay-type":"","overlay-color":"","overlay-opacity":"","overlay-gradient":""},"tablet":{"background-color":"var(--ast-global-color-5)","background-image":"","background-repeat":"repeat","background-position":"center center","background-size":"auto","background-attachment":"scroll","background-type":"","background-media":"","overlay-type":"","overlay-color":"","overlay-opacity":"","overlay-gradient":""},"mobile":{"background-color":"var(--ast-global-color-5)","background-image":"","background-repeat":"repeat","background-position":"center center","background-size":"auto","background-attachment":"scroll","background-type":"","background-media":"","overlay-type":"","overlay-color":"","overlay-opacity":"","overlay-gradient":""}}},"product_brand":[],"product_cat":[174,23,170],"product_tag":[],"class_list":{"0":"post-4210","1":"product","2":"type-product","3":"status-publish","4":"has-post-thumbnail","6":"product_cat-iglesia","7":"product_cat-libros","8":"product_cat-mujeres","9":"desktop-align-left","10":"tablet-align-left","11":"mobile-align-left","13":"first","14":"instock","15":"shipping-taxable","16":"purchasable","17":"product-type-simple"},"yoast_head":"<!-- This site is optimized with the Yoast SEO plugin v27.4 - https:\/\/yoast.com\/product\/yoast-seo-wordpress\/ -->\n<title>Mujeres de influencia: El legado de una vida virtuosa - tzionlibreria.com<\/title>\n<meta name=\"description\" content=\"Explora la Escritura con el fin de ayudar a los lectores a entender lo que significa tener un ministerio de mujeres efectivo y b\u00edblico en la iglesia local.\" \/>\n<meta name=\"robots\" content=\"index, follow, max-snippet:-1, max-image-preview:large, max-video-preview:-1\" \/>\n<link rel=\"canonical\" href=\"https:\/\/tzionlibreria.com\/index.php\/product\/mujeres-de-influencia-el-legado-de-una-vida-virtuosa\/\" \/>\n<meta property=\"og:locale\" content=\"es_ES\" \/>\n<meta property=\"og:type\" content=\"article\" \/>\n<meta property=\"og:title\" content=\"Mujeres de influencia: El legado de una vida virtuosa - tzionlibreria.com\" \/>\n<meta property=\"og:description\" content=\"Explora la Escritura con el fin de ayudar a los lectores a entender lo que significa tener un ministerio de mujeres efectivo y b\u00edblico en la iglesia local.\" \/>\n<meta property=\"og:url\" content=\"https:\/\/tzionlibreria.com\/index.php\/product\/mujeres-de-influencia-el-legado-de-una-vida-virtuosa\/\" \/>\n<meta property=\"og:site_name\" content=\"tzionlibreria.com\" \/>\n<meta property=\"article:modified_time\" content=\"2024-09-13T15:00:49+00:00\" \/>\n<meta property=\"og:image\" content=\"http:\/\/tzionlibreria.com\/wp-content\/uploads\/2024\/09\/1-3.png\" \/>\n\t<meta property=\"og:image:width\" content=\"1080\" \/>\n\t<meta property=\"og:image:height\" content=\"1080\" \/>\n\t<meta property=\"og:image:type\" content=\"image\/png\" \/>\n<meta name=\"twitter:card\" content=\"summary_large_image\" \/>\n<meta name=\"twitter:label1\" content=\"Tiempo de lectura\" \/>\n\t<meta name=\"twitter:data1\" content=\"2 minutos\" \/>\n<script type=\"application\/ld+json\" class=\"yoast-schema-graph\">{\"@context\":\"https:\\\/\\\/schema.org\",\"@graph\":[{\"@type\":\"WebPage\",\"@id\":\"https:\\\/\\\/tzionlibreria.com\\\/index.php\\\/product\\\/mujeres-de-influencia-el-legado-de-una-vida-virtuosa\\\/\",\"url\":\"https:\\\/\\\/tzionlibreria.com\\\/index.php\\\/product\\\/mujeres-de-influencia-el-legado-de-una-vida-virtuosa\\\/\",\"name\":\"Mujeres de influencia: El legado de una vida virtuosa - tzionlibreria.com\",\"isPartOf\":{\"@id\":\"https:\\\/\\\/tzionlibreria.com\\\/#website\"},\"primaryImageOfPage\":{\"@id\":\"https:\\\/\\\/tzionlibreria.com\\\/index.php\\\/product\\\/mujeres-de-influencia-el-legado-de-una-vida-virtuosa\\\/#primaryimage\"},\"image\":{\"@id\":\"https:\\\/\\\/tzionlibreria.com\\\/index.php\\\/product\\\/mujeres-de-influencia-el-legado-de-una-vida-virtuosa\\\/#primaryimage\"},\"thumbnailUrl\":\"https:\\\/\\\/tzionlibreria.com\\\/wp-content\\\/uploads\\\/2024\\\/09\\\/1-3.png\",\"datePublished\":\"2024-09-13T14:59:27+00:00\",\"dateModified\":\"2024-09-13T15:00:49+00:00\",\"description\":\"Explora la Escritura con el fin de ayudar a los lectores a entender lo que significa tener un ministerio de mujeres efectivo y b\u00edblico en la iglesia local.\",\"breadcrumb\":{\"@id\":\"https:\\\/\\\/tzionlibreria.com\\\/index.php\\\/product\\\/mujeres-de-influencia-el-legado-de-una-vida-virtuosa\\\/#breadcrumb\"},\"inLanguage\":\"es-CO\",\"potentialAction\":[{\"@type\":\"ReadAction\",\"target\":[\"https:\\\/\\\/tzionlibreria.com\\\/index.php\\\/product\\\/mujeres-de-influencia-el-legado-de-una-vida-virtuosa\\\/\"]}]},{\"@type\":\"ImageObject\",\"inLanguage\":\"es-CO\",\"@id\":\"https:\\\/\\\/tzionlibreria.com\\\/index.php\\\/product\\\/mujeres-de-influencia-el-legado-de-una-vida-virtuosa\\\/#primaryimage\",\"url\":\"https:\\\/\\\/tzionlibreria.com\\\/wp-content\\\/uploads\\\/2024\\\/09\\\/1-3.png\",\"contentUrl\":\"https:\\\/\\\/tzionlibreria.com\\\/wp-content\\\/uploads\\\/2024\\\/09\\\/1-3.png\",\"width\":1080,\"height\":1080},{\"@type\":\"BreadcrumbList\",\"@id\":\"https:\\\/\\\/tzionlibreria.com\\\/index.php\\\/product\\\/mujeres-de-influencia-el-legado-de-una-vida-virtuosa\\\/#breadcrumb\",\"itemListElement\":[{\"@type\":\"ListItem\",\"position\":1,\"name\":\"Inicio\",\"item\":\"https:\\\/\\\/tzionlibreria.com\\\/\"},{\"@type\":\"ListItem\",\"position\":2,\"name\":\"Shop\",\"item\":\"https:\\\/\\\/tzionlibreria.com\\\/index.php\\\/shop\\\/\"},{\"@type\":\"ListItem\",\"position\":3,\"name\":\"Mujeres de influencia: El legado de una vida virtuosa\"}]},{\"@type\":\"WebSite\",\"@id\":\"https:\\\/\\\/tzionlibreria.com\\\/#website\",\"url\":\"https:\\\/\\\/tzionlibreria.com\\\/\",\"name\":\"tzionlibreria.com\",\"description\":\"Libreria Cristiana Venezuela\",\"publisher\":{\"@id\":\"https:\\\/\\\/tzionlibreria.com\\\/#organization\"},\"potentialAction\":[{\"@type\":\"SearchAction\",\"target\":{\"@type\":\"EntryPoint\",\"urlTemplate\":\"https:\\\/\\\/tzionlibreria.com\\\/?s={search_term_string}\"},\"query-input\":{\"@type\":\"PropertyValueSpecification\",\"valueRequired\":true,\"valueName\":\"search_term_string\"}}],\"inLanguage\":\"es-CO\"},{\"@type\":\"Organization\",\"@id\":\"https:\\\/\\\/tzionlibreria.com\\\/#organization\",\"name\":\"tzionlibreria.com\",\"url\":\"https:\\\/\\\/tzionlibreria.com\\\/\",\"logo\":{\"@type\":\"ImageObject\",\"inLanguage\":\"es-CO\",\"@id\":\"https:\\\/\\\/tzionlibreria.com\\\/#\\\/schema\\\/logo\\\/image\\\/\",\"url\":\"https:\\\/\\\/tzionlibreria.com\\\/wp-content\\\/uploads\\\/2023\\\/10\\\/cropped-Cuadricula-scaled-1.jpg\",\"contentUrl\":\"https:\\\/\\\/tzionlibreria.com\\\/wp-content\\\/uploads\\\/2023\\\/10\\\/cropped-Cuadricula-scaled-1.jpg\",\"width\":2560,\"height\":2560,\"caption\":\"tzionlibreria.com\"},\"image\":{\"@id\":\"https:\\\/\\\/tzionlibreria.com\\\/#\\\/schema\\\/logo\\\/image\\\/\"}}]}<\/script>\n<!-- \/ Yoast SEO plugin. -->","yoast_head_json":{"title":"Mujeres de influencia: El legado de una vida virtuosa - tzionlibreria.com","description":"Explora la Escritura con el fin de ayudar a los lectores a entender lo que significa tener un ministerio de mujeres efectivo y b\u00edblico en la iglesia local.","robots":{"index":"index","follow":"follow","max-snippet":"max-snippet:-1","max-image-preview":"max-image-preview:large","max-video-preview":"max-video-preview:-1"},"canonical":"https:\/\/tzionlibreria.com\/index.php\/product\/mujeres-de-influencia-el-legado-de-una-vida-virtuosa\/","og_locale":"es_ES","og_type":"article","og_title":"Mujeres de influencia: El legado de una vida virtuosa - tzionlibreria.com","og_description":"Explora la Escritura con el fin de ayudar a los lectores a entender lo que significa tener un ministerio de mujeres efectivo y b\u00edblico en la iglesia local.","og_url":"https:\/\/tzionlibreria.com\/index.php\/product\/mujeres-de-influencia-el-legado-de-una-vida-virtuosa\/","og_site_name":"tzionlibreria.com","article_modified_time":"2024-09-13T15:00:49+00:00","og_image":[{"width":1080,"height":1080,"url":"http:\/\/tzionlibreria.com\/wp-content\/uploads\/2024\/09\/1-3.png","type":"image\/png"}],"twitter_card":"summary_large_image","twitter_misc":{"Tiempo de lectura":"2 minutos"},"schema":{"@context":"https:\/\/schema.org","@graph":[{"@type":"WebPage","@id":"https:\/\/tzionlibreria.com\/index.php\/product\/mujeres-de-influencia-el-legado-de-una-vida-virtuosa\/","url":"https:\/\/tzionlibreria.com\/index.php\/product\/mujeres-de-influencia-el-legado-de-una-vida-virtuosa\/","name":"Mujeres de influencia: El legado de una vida virtuosa - tzionlibreria.com","isPartOf":{"@id":"https:\/\/tzionlibreria.com\/#website"},"primaryImageOfPage":{"@id":"https:\/\/tzionlibreria.com\/index.php\/product\/mujeres-de-influencia-el-legado-de-una-vida-virtuosa\/#primaryimage"},"image":{"@id":"https:\/\/tzionlibreria.com\/index.php\/product\/mujeres-de-influencia-el-legado-de-una-vida-virtuosa\/#primaryimage"},"thumbnailUrl":"https:\/\/tzionlibreria.com\/wp-content\/uploads\/2024\/09\/1-3.png","datePublished":"2024-09-13T14:59:27+00:00","dateModified":"2024-09-13T15:00:49+00:00","description":"Explora la Escritura con el fin de ayudar a los lectores a entender lo que significa tener un ministerio de mujeres efectivo y b\u00edblico en la iglesia local.","breadcrumb":{"@id":"https:\/\/tzionlibreria.com\/index.php\/product\/mujeres-de-influencia-el-legado-de-una-vida-virtuosa\/#breadcrumb"},"inLanguage":"es-CO","potentialAction":[{"@type":"ReadAction","target":["https:\/\/tzionlibreria.com\/index.php\/product\/mujeres-de-influencia-el-legado-de-una-vida-virtuosa\/"]}]},{"@type":"ImageObject","inLanguage":"es-CO","@id":"https:\/\/tzionlibreria.com\/index.php\/product\/mujeres-de-influencia-el-legado-de-una-vida-virtuosa\/#primaryimage","url":"https:\/\/tzionlibreria.com\/wp-content\/uploads\/2024\/09\/1-3.png","contentUrl":"https:\/\/tzionlibreria.com\/wp-content\/uploads\/2024\/09\/1-3.png","width":1080,"height":1080},{"@type":"BreadcrumbList","@id":"https:\/\/tzionlibreria.com\/index.php\/product\/mujeres-de-influencia-el-legado-de-una-vida-virtuosa\/#breadcrumb","itemListElement":[{"@type":"ListItem","position":1,"name":"Inicio","item":"https:\/\/tzionlibreria.com\/"},{"@type":"ListItem","position":2,"name":"Shop","item":"https:\/\/tzionlibreria.com\/index.php\/shop\/"},{"@type":"ListItem","position":3,"name":"Mujeres de influencia: El legado de una vida virtuosa"}]},{"@type":"WebSite","@id":"https:\/\/tzionlibreria.com\/#website","url":"https:\/\/tzionlibreria.com\/","name":"tzionlibreria.com","description":"Libreria Cristiana Venezuela","publisher":{"@id":"https:\/\/tzionlibreria.com\/#organization"},"potentialAction":[{"@type":"SearchAction","target":{"@type":"EntryPoint","urlTemplate":"https:\/\/tzionlibreria.com\/?s={search_term_string}"},"query-input":{"@type":"PropertyValueSpecification","valueRequired":true,"valueName":"search_term_string"}}],"inLanguage":"es-CO"},{"@type":"Organization","@id":"https:\/\/tzionlibreria.com\/#organization","name":"tzionlibreria.com","url":"https:\/\/tzionlibreria.com\/","logo":{"@type":"ImageObject","inLanguage":"es-CO","@id":"https:\/\/tzionlibreria.com\/#\/schema\/logo\/image\/","url":"https:\/\/tzionlibreria.com\/wp-content\/uploads\/2023\/10\/cropped-Cuadricula-scaled-1.jpg","contentUrl":"https:\/\/tzionlibreria.com\/wp-content\/uploads\/2023\/10\/cropped-Cuadricula-scaled-1.jpg","width":2560,"height":2560,"caption":"tzionlibreria.com"},"image":{"@id":"https:\/\/tzionlibreria.com\/#\/schema\/logo\/image\/"}}]}},"jetpack_sharing_enabled":true,"_links":{"self":[{"href":"https:\/\/tzionlibreria.com\/index.php\/wp-json\/wp\/v2\/product\/4210","targetHints":{"allow":["GET"]}}],"collection":[{"href":"https:\/\/tzionlibreria.com\/index.php\/wp-json\/wp\/v2\/product"}],"about":[{"href":"https:\/\/tzionlibreria.com\/index.php\/wp-json\/wp\/v2\/types\/product"}],"replies":[{"embeddable":true,"href":"https:\/\/tzionlibreria.com\/index.php\/wp-json\/wp\/v2\/comments?post=4210"}],"wp:featuredmedia":[{"embeddable":true,"href":"https:\/\/tzionlibreria.com\/index.php\/wp-json\/wp\/v2\/media\/4211"}],"wp:attachment":[{"href":"https:\/\/tzionlibreria.com\/index.php\/wp-json\/wp\/v2\/media?parent=4210"}],"wp:term":[{"taxonomy":"product_brand","embeddable":true,"href":"https:\/\/tzionlibreria.com\/index.php\/wp-json\/wp\/v2\/product_brand?post=4210"},{"taxonomy":"product_cat","embeddable":true,"href":"https:\/\/tzionlibreria.com\/index.php\/wp-json\/wp\/v2\/product_cat?post=4210"},{"taxonomy":"product_tag","embeddable":true,"href":"https:\/\/tzionlibreria.com\/index.php\/wp-json\/wp\/v2\/product_tag?post=4210"}],"curies":[{"name":"wp","href":"https:\/\/api.w.org\/{rel}","templated":true}]}}