{"id":4234,"date":"2024-09-15T21:50:38","date_gmt":"2024-09-15T21:50:38","guid":{"rendered":"https:\/\/tzionlibreria.com\/?post_type=product&#038;p=4234"},"modified":"2025-08-28T16:05:59","modified_gmt":"2025-08-28T16:05:59","slug":"cuando-el-cielo-se-nos-viene-encima-bolsilibro","status":"publish","type":"product","link":"https:\/\/tzionlibreria.com\/index.php\/product\/cuando-el-cielo-se-nos-viene-encima-bolsilibro\/","title":{"rendered":"Cuando el cielo se nos viene encima &#8211; Bolsilibro"},"content":{"rendered":"<h1><strong>C\u00f3mo encontrar esperanza en un mundo incierto<\/strong><\/h1>\n<p>&nbsp;<\/p>\n<div>Lo inesperado nos golpea a cada uno de nosotros en alg\u00fan momento de nuestras vidas. Esos d\u00edas en que el cielo se siente como si se estuviera acercando y nuestro mundo se est\u00e1 desmoronando a nuestro alrededor. Un ser querido muere &#8230; Sobrevivimos a un desastre natural &#8230; Somos testigos de un evento horrible o acto de terrorismo. Y vivimos con el temor de lo que pueda suceder cuando nos subimos a un avi\u00f3n o observamos c\u00f3mo alguien que amamos es admitido en el hospital.<\/div>\n<div><\/div>\n<div>\u00bfC\u00f3mo podemos responder mejor a tal conmoci\u00f3n y pena? \u00bfEs posible sentirse seguro de nuevo o dar sentido a la vida despu\u00e9s de eso?<\/div>\n<div><\/div>\n<div>El consejero cristiano H. Norman Wright ha ayudado a las personas a sobrellevar el 11 de septiembre; Hurac\u00e1n Katrina; los tiroteos masivos en Aurora, Colorado y Las Vegas, Nevada; y otros eventos traum\u00e1ticos. Aqu\u00ed ofrece una gu\u00eda compasiva sobre c\u00f3mo afrontar y crecer a partir de las circunstancias que m\u00e1s temen. Descubrir\u00e1 formas pr\u00e1cticas de prepararse para lo inesperado y encontrar\u00e1 un camino hacia la esperanza y la paz reales, incluso en medio de la tragedia.<\/div>\n<div><\/div>\n<div>\n<h3>Biograf\u00eda del autor<\/h3>\n<div class=\"a-section a-spacing-small a-padding-small\">\n<p>&nbsp;<\/p>\n<p>H. Norman Wright es un terapeuta matrimonial, familiar e infantil licenciado y ha ense\u00f1ado en el Grad. Departamento de la Universidad de Biola. Fue director del Departamento de Posgrado de Asesoramiento Matrimonial, Familiar e Infantil de la Universidad de Biola, as\u00ed como profesor asociado de Psicolog\u00eda.<\/p>\n<\/div>\n<\/div>\n<div><\/div>\n<div><\/div>\n<ul class=\"a-unordered-list a-nostyle a-vertical a-spacing-none detail-bullet-list\">\n<li><span class=\"a-list-item\"><span class=\"a-text-bold\">Editorial:<\/span>Unilit 1 Junio 2019)<\/span><\/li>\n<li><span class=\"a-list-item\"><span class=\"a-text-bold\">Idioma : \u200e<\/span>Espa\u00f1ol<\/span><\/li>\n<li><span class=\"a-list-item\"><span class=\"a-text-bold\">Tapa blanda: <\/span>224 p\u00e1ginas<\/span><\/li>\n<li><span class=\"a-list-item\"><span class=\"a-text-bold\">ISBN: \u200e <\/span>9780789924605<\/span><\/li>\n<li><span class=\"a-list-item\"><span class=\"a-text-bold\">Dimensiones \u200f : \u200e\u00a0<\/span>8.25 x 1 x 5.5 pulgadas<\/span><\/li>\n<\/ul>\n<p>&nbsp;<\/p>\n","protected":false},"excerpt":{"rendered":"<p>C\u00f3mo encontrar esperanza en un mundo incierto &nbsp; Lo inesperado nos golpea a cada uno de nosotros en alg\u00fan momento de nuestras vidas. Esos d\u00edas en que el cielo se siente como si se estuviera acercando y nuestro mundo se est\u00e1 desmoronando a nuestro alrededor. Un ser querido muere &#8230; Sobrevivimos a un desastre natural [&hellip;]<\/p>\n","protected":false},"featured_media":4235,"comment_status":"open","ping_status":"closed","template":"","meta":{"om_disable_all_campaigns":false,"_monsterinsights_skip_tracking":false,"_monsterinsights_sitenote_active":false,"_monsterinsights_sitenote_note":"","_monsterinsights_sitenote_category":0,"site-sidebar-layout":"default","site-content-layout":"","ast-site-content-layout":"default","site-content-style":"default","site-sidebar-style":"default","ast-global-header-display":"","ast-banner-title-visibility":"","ast-main-header-display":"","ast-hfb-above-header-display":"","ast-hfb-below-header-display":"","ast-hfb-mobile-header-display":"","site-post-title":"","ast-breadcrumbs-content":"","ast-featured-img":"","footer-sml-layout":"","ast-disable-related-posts":"","theme-transparent-header-meta":"default","adv-header-id-meta":"","stick-header-meta":"","header-above-stick-meta":"","header-main-stick-meta":"","header-below-stick-meta":"","astra-migrate-meta-layouts":"set","ast-page-background-enabled":"default","ast-page-background-meta":{"desktop":{"background-color":"var(--ast-global-color-4)","background-image":"","background-repeat":"repeat","background-position":"center center","background-size":"auto","background-attachment":"scroll","background-type":"","background-media":"","overlay-type":"","overlay-color":"","overlay-opacity":"","overlay-gradient":""},"tablet":{"background-color":"","background-image":"","background-repeat":"repeat","background-position":"center center","background-size":"auto","background-attachment":"scroll","background-type":"","background-media":"","overlay-type":"","overlay-color":"","overlay-opacity":"","overlay-gradient":""},"mobile":{"background-color":"","background-image":"","background-repeat":"repeat","background-position":"center center","background-size":"auto","background-attachment":"scroll","background-type":"","background-media":"","overlay-type":"","overlay-color":"","overlay-opacity":"","overlay-gradient":""}},"ast-content-background-meta":{"desktop":{"background-color":"var(--ast-global-color-5)","background-image":"","background-repeat":"repeat","background-position":"center center","background-size":"auto","background-attachment":"scroll","background-type":"","background-media":"","overlay-type":"","overlay-color":"","overlay-opacity":"","overlay-gradient":""},"tablet":{"background-color":"var(--ast-global-color-5)","background-image":"","background-repeat":"repeat","background-position":"center center","background-size":"auto","background-attachment":"scroll","background-type":"","background-media":"","overlay-type":"","overlay-color":"","overlay-opacity":"","overlay-gradient":""},"mobile":{"background-color":"var(--ast-global-color-5)","background-image":"","background-repeat":"repeat","background-position":"center center","background-size":"auto","background-attachment":"scroll","background-type":"","background-media":"","overlay-type":"","overlay-color":"","overlay-opacity":"","overlay-gradient":""}}},"product_brand":[],"product_cat":[174,23],"product_tag":[],"class_list":{"0":"post-4234","1":"product","2":"type-product","3":"status-publish","4":"has-post-thumbnail","6":"product_cat-iglesia","7":"product_cat-libros","8":"desktop-align-left","9":"tablet-align-left","10":"mobile-align-left","12":"first","13":"instock","14":"shipping-taxable","15":"purchasable","16":"product-type-simple"},"yoast_head":"<!-- This site is optimized with the Yoast SEO plugin v27.4 - https:\/\/yoast.com\/product\/yoast-seo-wordpress\/ -->\n<title>Cuando el cielo se nos viene encima - Bolsilibro - tzionlibreria.com<\/title>\n<meta name=\"description\" content=\"Descubrir\u00e1 formas pr\u00e1cticas de prepararse para lo inesperado y encontrar\u00e1 un camino hacia la verdadera esperanza y la paz, incluso en medio de la tragedia.\" \/>\n<meta name=\"robots\" content=\"index, follow, max-snippet:-1, max-image-preview:large, max-video-preview:-1\" \/>\n<link rel=\"canonical\" href=\"https:\/\/tzionlibreria.com\/index.php\/product\/cuando-el-cielo-se-nos-viene-encima-bolsilibro\/\" \/>\n<meta property=\"og:locale\" content=\"es_ES\" \/>\n<meta property=\"og:type\" content=\"article\" \/>\n<meta property=\"og:title\" content=\"Cuando el cielo se nos viene encima - Bolsilibro - tzionlibreria.com\" \/>\n<meta property=\"og:description\" content=\"Descubrir\u00e1 formas pr\u00e1cticas de prepararse para lo inesperado y encontrar\u00e1 un camino hacia la verdadera esperanza y la paz, incluso en medio de la tragedia.\" \/>\n<meta property=\"og:url\" content=\"https:\/\/tzionlibreria.com\/index.php\/product\/cuando-el-cielo-se-nos-viene-encima-bolsilibro\/\" \/>\n<meta property=\"og:site_name\" content=\"tzionlibreria.com\" \/>\n<meta property=\"article:modified_time\" content=\"2025-08-28T16:05:59+00:00\" \/>\n<meta property=\"og:image\" content=\"http:\/\/tzionlibreria.com\/wp-content\/uploads\/2024\/09\/4-2.png\" \/>\n\t<meta property=\"og:image:width\" content=\"1080\" \/>\n\t<meta property=\"og:image:height\" content=\"1080\" \/>\n\t<meta property=\"og:image:type\" content=\"image\/png\" \/>\n<meta name=\"twitter:card\" content=\"summary_large_image\" \/>\n<meta name=\"twitter:label1\" content=\"Tiempo de lectura\" \/>\n\t<meta name=\"twitter:data1\" content=\"2 minutos\" \/>\n<script type=\"application\/ld+json\" class=\"yoast-schema-graph\">{\"@context\":\"https:\\\/\\\/schema.org\",\"@graph\":[{\"@type\":\"WebPage\",\"@id\":\"https:\\\/\\\/tzionlibreria.com\\\/index.php\\\/product\\\/cuando-el-cielo-se-nos-viene-encima-bolsilibro\\\/\",\"url\":\"https:\\\/\\\/tzionlibreria.com\\\/index.php\\\/product\\\/cuando-el-cielo-se-nos-viene-encima-bolsilibro\\\/\",\"name\":\"Cuando el cielo se nos viene encima - Bolsilibro - tzionlibreria.com\",\"isPartOf\":{\"@id\":\"https:\\\/\\\/tzionlibreria.com\\\/#website\"},\"primaryImageOfPage\":{\"@id\":\"https:\\\/\\\/tzionlibreria.com\\\/index.php\\\/product\\\/cuando-el-cielo-se-nos-viene-encima-bolsilibro\\\/#primaryimage\"},\"image\":{\"@id\":\"https:\\\/\\\/tzionlibreria.com\\\/index.php\\\/product\\\/cuando-el-cielo-se-nos-viene-encima-bolsilibro\\\/#primaryimage\"},\"thumbnailUrl\":\"https:\\\/\\\/tzionlibreria.com\\\/wp-content\\\/uploads\\\/2024\\\/09\\\/4-2.png\",\"datePublished\":\"2024-09-15T21:50:38+00:00\",\"dateModified\":\"2025-08-28T16:05:59+00:00\",\"description\":\"Descubrir\u00e1 formas pr\u00e1cticas de prepararse para lo inesperado y encontrar\u00e1 un camino hacia la verdadera esperanza y la paz, incluso en medio de la tragedia.\",\"breadcrumb\":{\"@id\":\"https:\\\/\\\/tzionlibreria.com\\\/index.php\\\/product\\\/cuando-el-cielo-se-nos-viene-encima-bolsilibro\\\/#breadcrumb\"},\"inLanguage\":\"es-CO\",\"potentialAction\":[{\"@type\":\"ReadAction\",\"target\":[\"https:\\\/\\\/tzionlibreria.com\\\/index.php\\\/product\\\/cuando-el-cielo-se-nos-viene-encima-bolsilibro\\\/\"]}]},{\"@type\":\"ImageObject\",\"inLanguage\":\"es-CO\",\"@id\":\"https:\\\/\\\/tzionlibreria.com\\\/index.php\\\/product\\\/cuando-el-cielo-se-nos-viene-encima-bolsilibro\\\/#primaryimage\",\"url\":\"https:\\\/\\\/tzionlibreria.com\\\/wp-content\\\/uploads\\\/2024\\\/09\\\/4-2.png\",\"contentUrl\":\"https:\\\/\\\/tzionlibreria.com\\\/wp-content\\\/uploads\\\/2024\\\/09\\\/4-2.png\",\"width\":1080,\"height\":1080},{\"@type\":\"BreadcrumbList\",\"@id\":\"https:\\\/\\\/tzionlibreria.com\\\/index.php\\\/product\\\/cuando-el-cielo-se-nos-viene-encima-bolsilibro\\\/#breadcrumb\",\"itemListElement\":[{\"@type\":\"ListItem\",\"position\":1,\"name\":\"Inicio\",\"item\":\"https:\\\/\\\/tzionlibreria.com\\\/\"},{\"@type\":\"ListItem\",\"position\":2,\"name\":\"Shop\",\"item\":\"https:\\\/\\\/tzionlibreria.com\\\/index.php\\\/shop\\\/\"},{\"@type\":\"ListItem\",\"position\":3,\"name\":\"Cuando el cielo se nos viene encima &#8211; Bolsilibro\"}]},{\"@type\":\"WebSite\",\"@id\":\"https:\\\/\\\/tzionlibreria.com\\\/#website\",\"url\":\"https:\\\/\\\/tzionlibreria.com\\\/\",\"name\":\"tzionlibreria.com\",\"description\":\"Libreria Cristiana Venezuela\",\"publisher\":{\"@id\":\"https:\\\/\\\/tzionlibreria.com\\\/#organization\"},\"potentialAction\":[{\"@type\":\"SearchAction\",\"target\":{\"@type\":\"EntryPoint\",\"urlTemplate\":\"https:\\\/\\\/tzionlibreria.com\\\/?s={search_term_string}\"},\"query-input\":{\"@type\":\"PropertyValueSpecification\",\"valueRequired\":true,\"valueName\":\"search_term_string\"}}],\"inLanguage\":\"es-CO\"},{\"@type\":\"Organization\",\"@id\":\"https:\\\/\\\/tzionlibreria.com\\\/#organization\",\"name\":\"tzionlibreria.com\",\"url\":\"https:\\\/\\\/tzionlibreria.com\\\/\",\"logo\":{\"@type\":\"ImageObject\",\"inLanguage\":\"es-CO\",\"@id\":\"https:\\\/\\\/tzionlibreria.com\\\/#\\\/schema\\\/logo\\\/image\\\/\",\"url\":\"https:\\\/\\\/tzionlibreria.com\\\/wp-content\\\/uploads\\\/2023\\\/10\\\/cropped-Cuadricula-scaled-1.jpg\",\"contentUrl\":\"https:\\\/\\\/tzionlibreria.com\\\/wp-content\\\/uploads\\\/2023\\\/10\\\/cropped-Cuadricula-scaled-1.jpg\",\"width\":2560,\"height\":2560,\"caption\":\"tzionlibreria.com\"},\"image\":{\"@id\":\"https:\\\/\\\/tzionlibreria.com\\\/#\\\/schema\\\/logo\\\/image\\\/\"}}]}<\/script>\n<!-- \/ Yoast SEO plugin. -->","yoast_head_json":{"title":"Cuando el cielo se nos viene encima - Bolsilibro - tzionlibreria.com","description":"Descubrir\u00e1 formas pr\u00e1cticas de prepararse para lo inesperado y encontrar\u00e1 un camino hacia la verdadera esperanza y la paz, incluso en medio de la tragedia.","robots":{"index":"index","follow":"follow","max-snippet":"max-snippet:-1","max-image-preview":"max-image-preview:large","max-video-preview":"max-video-preview:-1"},"canonical":"https:\/\/tzionlibreria.com\/index.php\/product\/cuando-el-cielo-se-nos-viene-encima-bolsilibro\/","og_locale":"es_ES","og_type":"article","og_title":"Cuando el cielo se nos viene encima - Bolsilibro - tzionlibreria.com","og_description":"Descubrir\u00e1 formas pr\u00e1cticas de prepararse para lo inesperado y encontrar\u00e1 un camino hacia la verdadera esperanza y la paz, incluso en medio de la tragedia.","og_url":"https:\/\/tzionlibreria.com\/index.php\/product\/cuando-el-cielo-se-nos-viene-encima-bolsilibro\/","og_site_name":"tzionlibreria.com","article_modified_time":"2025-08-28T16:05:59+00:00","og_image":[{"width":1080,"height":1080,"url":"http:\/\/tzionlibreria.com\/wp-content\/uploads\/2024\/09\/4-2.png","type":"image\/png"}],"twitter_card":"summary_large_image","twitter_misc":{"Tiempo de lectura":"2 minutos"},"schema":{"@context":"https:\/\/schema.org","@graph":[{"@type":"WebPage","@id":"https:\/\/tzionlibreria.com\/index.php\/product\/cuando-el-cielo-se-nos-viene-encima-bolsilibro\/","url":"https:\/\/tzionlibreria.com\/index.php\/product\/cuando-el-cielo-se-nos-viene-encima-bolsilibro\/","name":"Cuando el cielo se nos viene encima - Bolsilibro - tzionlibreria.com","isPartOf":{"@id":"https:\/\/tzionlibreria.com\/#website"},"primaryImageOfPage":{"@id":"https:\/\/tzionlibreria.com\/index.php\/product\/cuando-el-cielo-se-nos-viene-encima-bolsilibro\/#primaryimage"},"image":{"@id":"https:\/\/tzionlibreria.com\/index.php\/product\/cuando-el-cielo-se-nos-viene-encima-bolsilibro\/#primaryimage"},"thumbnailUrl":"https:\/\/tzionlibreria.com\/wp-content\/uploads\/2024\/09\/4-2.png","datePublished":"2024-09-15T21:50:38+00:00","dateModified":"2025-08-28T16:05:59+00:00","description":"Descubrir\u00e1 formas pr\u00e1cticas de prepararse para lo inesperado y encontrar\u00e1 un camino hacia la verdadera esperanza y la paz, incluso en medio de la tragedia.","breadcrumb":{"@id":"https:\/\/tzionlibreria.com\/index.php\/product\/cuando-el-cielo-se-nos-viene-encima-bolsilibro\/#breadcrumb"},"inLanguage":"es-CO","potentialAction":[{"@type":"ReadAction","target":["https:\/\/tzionlibreria.com\/index.php\/product\/cuando-el-cielo-se-nos-viene-encima-bolsilibro\/"]}]},{"@type":"ImageObject","inLanguage":"es-CO","@id":"https:\/\/tzionlibreria.com\/index.php\/product\/cuando-el-cielo-se-nos-viene-encima-bolsilibro\/#primaryimage","url":"https:\/\/tzionlibreria.com\/wp-content\/uploads\/2024\/09\/4-2.png","contentUrl":"https:\/\/tzionlibreria.com\/wp-content\/uploads\/2024\/09\/4-2.png","width":1080,"height":1080},{"@type":"BreadcrumbList","@id":"https:\/\/tzionlibreria.com\/index.php\/product\/cuando-el-cielo-se-nos-viene-encima-bolsilibro\/#breadcrumb","itemListElement":[{"@type":"ListItem","position":1,"name":"Inicio","item":"https:\/\/tzionlibreria.com\/"},{"@type":"ListItem","position":2,"name":"Shop","item":"https:\/\/tzionlibreria.com\/index.php\/shop\/"},{"@type":"ListItem","position":3,"name":"Cuando el cielo se nos viene encima &#8211; Bolsilibro"}]},{"@type":"WebSite","@id":"https:\/\/tzionlibreria.com\/#website","url":"https:\/\/tzionlibreria.com\/","name":"tzionlibreria.com","description":"Libreria Cristiana Venezuela","publisher":{"@id":"https:\/\/tzionlibreria.com\/#organization"},"potentialAction":[{"@type":"SearchAction","target":{"@type":"EntryPoint","urlTemplate":"https:\/\/tzionlibreria.com\/?s={search_term_string}"},"query-input":{"@type":"PropertyValueSpecification","valueRequired":true,"valueName":"search_term_string"}}],"inLanguage":"es-CO"},{"@type":"Organization","@id":"https:\/\/tzionlibreria.com\/#organization","name":"tzionlibreria.com","url":"https:\/\/tzionlibreria.com\/","logo":{"@type":"ImageObject","inLanguage":"es-CO","@id":"https:\/\/tzionlibreria.com\/#\/schema\/logo\/image\/","url":"https:\/\/tzionlibreria.com\/wp-content\/uploads\/2023\/10\/cropped-Cuadricula-scaled-1.jpg","contentUrl":"https:\/\/tzionlibreria.com\/wp-content\/uploads\/2023\/10\/cropped-Cuadricula-scaled-1.jpg","width":2560,"height":2560,"caption":"tzionlibreria.com"},"image":{"@id":"https:\/\/tzionlibreria.com\/#\/schema\/logo\/image\/"}}]}},"jetpack_sharing_enabled":true,"_links":{"self":[{"href":"https:\/\/tzionlibreria.com\/index.php\/wp-json\/wp\/v2\/product\/4234","targetHints":{"allow":["GET"]}}],"collection":[{"href":"https:\/\/tzionlibreria.com\/index.php\/wp-json\/wp\/v2\/product"}],"about":[{"href":"https:\/\/tzionlibreria.com\/index.php\/wp-json\/wp\/v2\/types\/product"}],"replies":[{"embeddable":true,"href":"https:\/\/tzionlibreria.com\/index.php\/wp-json\/wp\/v2\/comments?post=4234"}],"wp:featuredmedia":[{"embeddable":true,"href":"https:\/\/tzionlibreria.com\/index.php\/wp-json\/wp\/v2\/media\/4235"}],"wp:attachment":[{"href":"https:\/\/tzionlibreria.com\/index.php\/wp-json\/wp\/v2\/media?parent=4234"}],"wp:term":[{"taxonomy":"product_brand","embeddable":true,"href":"https:\/\/tzionlibreria.com\/index.php\/wp-json\/wp\/v2\/product_brand?post=4234"},{"taxonomy":"product_cat","embeddable":true,"href":"https:\/\/tzionlibreria.com\/index.php\/wp-json\/wp\/v2\/product_cat?post=4234"},{"taxonomy":"product_tag","embeddable":true,"href":"https:\/\/tzionlibreria.com\/index.php\/wp-json\/wp\/v2\/product_tag?post=4234"}],"curies":[{"name":"wp","href":"https:\/\/api.w.org\/{rel}","templated":true}]}}