{"id":4250,"date":"2024-10-30T15:28:02","date_gmt":"2024-10-30T15:28:02","guid":{"rendered":"https:\/\/tzionlibreria.com\/?post_type=product&#038;p=4250"},"modified":"2026-03-13T20:31:06","modified_gmt":"2026-03-13T20:31:06","slug":"biblia-de-la-mujer-conforme-al-corazon-de-dios-tapa-dura","status":"publish","type":"product","link":"https:\/\/tzionlibreria.com\/index.php\/product\/biblia-de-la-mujer-conforme-al-corazon-de-dios-tapa-dura\/","title":{"rendered":"Biblia de la mujer conforme al coraz\u00f3n de Dios Tapa dura"},"content":{"rendered":"<p><strong><span class=\"a-text-bold\">\u00a1Descubre las riquezas de la gracia de Dios en tu vida!<\/span><\/strong><\/p>\n<p>La\u00a0<span class=\"a-text-italic\">Biblia de la mujer conforme al coraz\u00f3n de Dios<\/span>\u00a0est\u00e1 pensada para ti, mujer, que buscas respuestas y deseas profundizar tu conocimiento de la Palabra de Dios. Elizabeth George te acompa\u00f1a en tu lectura comunicando la sabidur\u00eda que ha adquirido en m\u00e1s de 30 a\u00f1os como maestra b\u00edblica para mujeres. Su deseo es que estudies la Palabra de Dios para conocer mejor la vida que \u00c9l desea para ti.<\/p>\n<p>&nbsp;<\/p>\n<p>Con este prop\u00f3sito, la\u00a0<span class=\"a-text-italic\">Biblia de la mujer conforme al coraz\u00f3n de Dios<\/span>\u00a0te proporciona material de estudio, palabras de aliento y sabidur\u00eda que puedes aplicar a tu vida.<\/p>\n<p><span class=\"a-text-bold\">Esta Biblia incluye:<\/span><\/p>\n<ul class=\"a-unordered-list a-vertical\">\n<li><span class=\"a-list-item\">La versi\u00f3n Reina-Valera 1960<\/span><\/li>\n<li><span class=\"a-list-item\">66 introducciones a los libros de la Biblia<\/span><\/li>\n<li><span class=\"a-list-item\">172 biograf\u00edas de mujeres y hombres de la Biblia<\/span><\/li>\n<li><span class=\"a-list-item\">400 perlas de sabidur\u00eda<\/span><\/li>\n<li><span class=\"a-list-item\">25 art\u00edculos tem\u00e1ticos<\/span><\/li>\n<li><span class=\"a-list-item\">66 lecciones para la mujer de hoy<\/span><\/li>\n<li><span class=\"a-list-item\">365 lecturas devocionales con una oraci\u00f3n al final<\/span><\/li>\n<li><span class=\"a-list-item\">y mucho m\u00e1s<\/span><\/li>\n<\/ul>\n<h3>Biograf\u00eda del autor<\/h3>\n<div class=\"a-section a-spacing-small a-padding-small\"><span class=\"a-text-bold\">Elizabeth George<\/span> es autora de varios \u00e9xitos de venta, incluyendo\u00a0<span class=\"a-text-italic\">Una madre conforme al coraz\u00f3nn de Dios<\/span>\u00a0y\u00a0<span class=\"a-text-italic\">Una esposa conforme al coraz\u00f3n de Dios<\/span>. Es una reconocida maestra y conferencista. Ella y su esposo Jim llevan casados m\u00e1s de 40 a\u00f1os. Son padres de dos hijas casadas y felices abuelos. Ambos han participado en el ministerio por m\u00e1s de 30 a\u00f1os.<\/div>\n<div><\/div>\n<div>\n<ul class=\"a-unordered-list a-nostyle a-vertical a-spacing-none detail-bullet-list\">\n<li><span class=\"a-list-item\"><span class=\"a-text-bold\">Editorial: \u200e <\/span>Editorial Portavoz (11 Agosto 2016)<\/span><\/li>\n<li><span class=\"a-list-item\"><span class=\"a-text-bold\">Idioma: \u200e <\/span>Espa\u00f1ol<\/span><\/li>\n<li><span class=\"a-list-item\"><span class=\"a-text-bold\">Tapa dura : \u200e <\/span>1680 p\u00e1ginas<\/span><\/li>\n<li><span class=\"a-list-item\"><span class=\"a-text-bold\">ISBN: \u200e <\/span>9780825456459<\/span><\/li>\n<li><span class=\"a-list-item\"><span class=\"a-text-bold\">Dimensiones \u200f : \u200e 22 x 16 x 5 cm<\/span><\/span><\/li>\n<\/ul>\n<\/div>\n","protected":false},"excerpt":{"rendered":"<p>\u00a1Descubre las riquezas de la gracia de Dios en tu vida! La\u00a0Biblia de la mujer conforme al coraz\u00f3n de Dios\u00a0est\u00e1 pensada para ti, mujer, que buscas respuestas y deseas profundizar tu conocimiento de la Palabra de Dios. Elizabeth George te acompa\u00f1a en tu lectura comunicando la sabidur\u00eda que ha adquirido en m\u00e1s de 30 a\u00f1os [&hellip;]<\/p>\n","protected":false},"featured_media":4251,"comment_status":"open","ping_status":"closed","template":"","meta":{"om_disable_all_campaigns":false,"_monsterinsights_skip_tracking":false,"_monsterinsights_sitenote_active":false,"_monsterinsights_sitenote_note":"","_monsterinsights_sitenote_category":0,"site-sidebar-layout":"default","site-content-layout":"","ast-site-content-layout":"default","site-content-style":"default","site-sidebar-style":"default","ast-global-header-display":"","ast-banner-title-visibility":"","ast-main-header-display":"","ast-hfb-above-header-display":"","ast-hfb-below-header-display":"","ast-hfb-mobile-header-display":"","site-post-title":"","ast-breadcrumbs-content":"","ast-featured-img":"","footer-sml-layout":"","ast-disable-related-posts":"","theme-transparent-header-meta":"default","adv-header-id-meta":"","stick-header-meta":"","header-above-stick-meta":"","header-main-stick-meta":"","header-below-stick-meta":"","astra-migrate-meta-layouts":"set","ast-page-background-enabled":"default","ast-page-background-meta":{"desktop":{"background-color":"var(--ast-global-color-4)","background-image":"","background-repeat":"repeat","background-position":"center center","background-size":"auto","background-attachment":"scroll","background-type":"","background-media":"","overlay-type":"","overlay-color":"","overlay-opacity":"","overlay-gradient":""},"tablet":{"background-color":"","background-image":"","background-repeat":"repeat","background-position":"center center","background-size":"auto","background-attachment":"scroll","background-type":"","background-media":"","overlay-type":"","overlay-color":"","overlay-opacity":"","overlay-gradient":""},"mobile":{"background-color":"","background-image":"","background-repeat":"repeat","background-position":"center center","background-size":"auto","background-attachment":"scroll","background-type":"","background-media":"","overlay-type":"","overlay-color":"","overlay-opacity":"","overlay-gradient":""}},"ast-content-background-meta":{"desktop":{"background-color":"var(--ast-global-color-5)","background-image":"","background-repeat":"repeat","background-position":"center center","background-size":"auto","background-attachment":"scroll","background-type":"","background-media":"","overlay-type":"","overlay-color":"","overlay-opacity":"","overlay-gradient":""},"tablet":{"background-color":"var(--ast-global-color-5)","background-image":"","background-repeat":"repeat","background-position":"center center","background-size":"auto","background-attachment":"scroll","background-type":"","background-media":"","overlay-type":"","overlay-color":"","overlay-opacity":"","overlay-gradient":""},"mobile":{"background-color":"var(--ast-global-color-5)","background-image":"","background-repeat":"repeat","background-position":"center center","background-size":"auto","background-attachment":"scroll","background-type":"","background-media":"","overlay-type":"","overlay-color":"","overlay-opacity":"","overlay-gradient":""}}},"product_brand":[],"product_cat":[22,42],"product_tag":[242],"class_list":{"0":"post-4250","1":"product","2":"type-product","3":"status-publish","4":"has-post-thumbnail","6":"product_cat-biblias","7":"product_cat-biblias-reina-valera","8":"product_tag-mujer","9":"desktop-align-left","10":"tablet-align-left","11":"mobile-align-left","13":"first","14":"instock","15":"shipping-taxable","16":"purchasable","17":"product-type-simple"},"yoast_head":"<!-- This site is optimized with the Yoast SEO plugin v27.4 - https:\/\/yoast.com\/product\/yoast-seo-wordpress\/ -->\n<title>Biblia de la mujer conforme al coraz\u00f3n de Dios Tapa dura - tzionlibreria.com<\/title>\n<meta name=\"description\" content=\"la\u00a0Biblia de la mujer conforme al coraz\u00f3n de Dios\u00a0te proporciona material de estudio, palabras de aliento y sabidur\u00eda que puedes aplicar a tu vida.\" \/>\n<meta name=\"robots\" content=\"index, follow, max-snippet:-1, max-image-preview:large, max-video-preview:-1\" \/>\n<link rel=\"canonical\" href=\"https:\/\/tzionlibreria.com\/index.php\/product\/biblia-de-la-mujer-conforme-al-corazon-de-dios-tapa-dura\/\" \/>\n<meta property=\"og:locale\" content=\"es_ES\" \/>\n<meta property=\"og:type\" content=\"article\" \/>\n<meta property=\"og:title\" content=\"Biblia de la mujer conforme al coraz\u00f3n de Dios Tapa dura - tzionlibreria.com\" \/>\n<meta property=\"og:description\" content=\"la\u00a0Biblia de la mujer conforme al coraz\u00f3n de Dios\u00a0te proporciona material de estudio, palabras de aliento y sabidur\u00eda que puedes aplicar a tu vida.\" \/>\n<meta property=\"og:url\" content=\"https:\/\/tzionlibreria.com\/index.php\/product\/biblia-de-la-mujer-conforme-al-corazon-de-dios-tapa-dura\/\" \/>\n<meta property=\"og:site_name\" content=\"tzionlibreria.com\" \/>\n<meta property=\"article:modified_time\" content=\"2026-03-13T20:31:06+00:00\" \/>\n<meta property=\"og:image\" content=\"https:\/\/tzionlibreria.com\/wp-content\/uploads\/2024\/10\/biblia-mujer.png\" \/>\n\t<meta property=\"og:image:width\" content=\"1080\" \/>\n\t<meta property=\"og:image:height\" content=\"1080\" \/>\n\t<meta property=\"og:image:type\" content=\"image\/png\" \/>\n<meta name=\"twitter:card\" content=\"summary_large_image\" \/>\n<meta name=\"twitter:label1\" content=\"Tiempo de lectura\" \/>\n\t<meta name=\"twitter:data1\" content=\"2 minutos\" \/>\n<script type=\"application\/ld+json\" class=\"yoast-schema-graph\">{\"@context\":\"https:\\\/\\\/schema.org\",\"@graph\":[{\"@type\":\"WebPage\",\"@id\":\"https:\\\/\\\/tzionlibreria.com\\\/index.php\\\/product\\\/biblia-de-la-mujer-conforme-al-corazon-de-dios-tapa-dura\\\/\",\"url\":\"https:\\\/\\\/tzionlibreria.com\\\/index.php\\\/product\\\/biblia-de-la-mujer-conforme-al-corazon-de-dios-tapa-dura\\\/\",\"name\":\"Biblia de la mujer conforme al coraz\u00f3n de Dios Tapa dura - tzionlibreria.com\",\"isPartOf\":{\"@id\":\"https:\\\/\\\/tzionlibreria.com\\\/#website\"},\"primaryImageOfPage\":{\"@id\":\"https:\\\/\\\/tzionlibreria.com\\\/index.php\\\/product\\\/biblia-de-la-mujer-conforme-al-corazon-de-dios-tapa-dura\\\/#primaryimage\"},\"image\":{\"@id\":\"https:\\\/\\\/tzionlibreria.com\\\/index.php\\\/product\\\/biblia-de-la-mujer-conforme-al-corazon-de-dios-tapa-dura\\\/#primaryimage\"},\"thumbnailUrl\":\"https:\\\/\\\/tzionlibreria.com\\\/wp-content\\\/uploads\\\/2024\\\/10\\\/biblia-mujer.png\",\"datePublished\":\"2024-10-30T15:28:02+00:00\",\"dateModified\":\"2026-03-13T20:31:06+00:00\",\"description\":\"la\u00a0Biblia de la mujer conforme al coraz\u00f3n de Dios\u00a0te proporciona material de estudio, palabras de aliento y sabidur\u00eda que puedes aplicar a tu vida.\",\"breadcrumb\":{\"@id\":\"https:\\\/\\\/tzionlibreria.com\\\/index.php\\\/product\\\/biblia-de-la-mujer-conforme-al-corazon-de-dios-tapa-dura\\\/#breadcrumb\"},\"inLanguage\":\"es-CO\",\"potentialAction\":[{\"@type\":\"ReadAction\",\"target\":[\"https:\\\/\\\/tzionlibreria.com\\\/index.php\\\/product\\\/biblia-de-la-mujer-conforme-al-corazon-de-dios-tapa-dura\\\/\"]}]},{\"@type\":\"ImageObject\",\"inLanguage\":\"es-CO\",\"@id\":\"https:\\\/\\\/tzionlibreria.com\\\/index.php\\\/product\\\/biblia-de-la-mujer-conforme-al-corazon-de-dios-tapa-dura\\\/#primaryimage\",\"url\":\"https:\\\/\\\/tzionlibreria.com\\\/wp-content\\\/uploads\\\/2024\\\/10\\\/biblia-mujer.png\",\"contentUrl\":\"https:\\\/\\\/tzionlibreria.com\\\/wp-content\\\/uploads\\\/2024\\\/10\\\/biblia-mujer.png\",\"width\":1080,\"height\":1080},{\"@type\":\"BreadcrumbList\",\"@id\":\"https:\\\/\\\/tzionlibreria.com\\\/index.php\\\/product\\\/biblia-de-la-mujer-conforme-al-corazon-de-dios-tapa-dura\\\/#breadcrumb\",\"itemListElement\":[{\"@type\":\"ListItem\",\"position\":1,\"name\":\"Inicio\",\"item\":\"https:\\\/\\\/tzionlibreria.com\\\/\"},{\"@type\":\"ListItem\",\"position\":2,\"name\":\"Shop\",\"item\":\"https:\\\/\\\/tzionlibreria.com\\\/index.php\\\/shop\\\/\"},{\"@type\":\"ListItem\",\"position\":3,\"name\":\"Biblia de la mujer conforme al coraz\u00f3n de Dios Tapa dura\"}]},{\"@type\":\"WebSite\",\"@id\":\"https:\\\/\\\/tzionlibreria.com\\\/#website\",\"url\":\"https:\\\/\\\/tzionlibreria.com\\\/\",\"name\":\"tzionlibreria.com\",\"description\":\"Libreria Cristiana Venezuela\",\"publisher\":{\"@id\":\"https:\\\/\\\/tzionlibreria.com\\\/#organization\"},\"potentialAction\":[{\"@type\":\"SearchAction\",\"target\":{\"@type\":\"EntryPoint\",\"urlTemplate\":\"https:\\\/\\\/tzionlibreria.com\\\/?s={search_term_string}\"},\"query-input\":{\"@type\":\"PropertyValueSpecification\",\"valueRequired\":true,\"valueName\":\"search_term_string\"}}],\"inLanguage\":\"es-CO\"},{\"@type\":\"Organization\",\"@id\":\"https:\\\/\\\/tzionlibreria.com\\\/#organization\",\"name\":\"tzionlibreria.com\",\"url\":\"https:\\\/\\\/tzionlibreria.com\\\/\",\"logo\":{\"@type\":\"ImageObject\",\"inLanguage\":\"es-CO\",\"@id\":\"https:\\\/\\\/tzionlibreria.com\\\/#\\\/schema\\\/logo\\\/image\\\/\",\"url\":\"https:\\\/\\\/tzionlibreria.com\\\/wp-content\\\/uploads\\\/2023\\\/10\\\/cropped-Cuadricula-scaled-1.jpg\",\"contentUrl\":\"https:\\\/\\\/tzionlibreria.com\\\/wp-content\\\/uploads\\\/2023\\\/10\\\/cropped-Cuadricula-scaled-1.jpg\",\"width\":2560,\"height\":2560,\"caption\":\"tzionlibreria.com\"},\"image\":{\"@id\":\"https:\\\/\\\/tzionlibreria.com\\\/#\\\/schema\\\/logo\\\/image\\\/\"}}]}<\/script>\n<!-- \/ Yoast SEO plugin. -->","yoast_head_json":{"title":"Biblia de la mujer conforme al coraz\u00f3n de Dios Tapa dura - tzionlibreria.com","description":"la\u00a0Biblia de la mujer conforme al coraz\u00f3n de Dios\u00a0te proporciona material de estudio, palabras de aliento y sabidur\u00eda que puedes aplicar a tu vida.","robots":{"index":"index","follow":"follow","max-snippet":"max-snippet:-1","max-image-preview":"max-image-preview:large","max-video-preview":"max-video-preview:-1"},"canonical":"https:\/\/tzionlibreria.com\/index.php\/product\/biblia-de-la-mujer-conforme-al-corazon-de-dios-tapa-dura\/","og_locale":"es_ES","og_type":"article","og_title":"Biblia de la mujer conforme al coraz\u00f3n de Dios Tapa dura - tzionlibreria.com","og_description":"la\u00a0Biblia de la mujer conforme al coraz\u00f3n de Dios\u00a0te proporciona material de estudio, palabras de aliento y sabidur\u00eda que puedes aplicar a tu vida.","og_url":"https:\/\/tzionlibreria.com\/index.php\/product\/biblia-de-la-mujer-conforme-al-corazon-de-dios-tapa-dura\/","og_site_name":"tzionlibreria.com","article_modified_time":"2026-03-13T20:31:06+00:00","og_image":[{"width":1080,"height":1080,"url":"https:\/\/tzionlibreria.com\/wp-content\/uploads\/2024\/10\/biblia-mujer.png","type":"image\/png"}],"twitter_card":"summary_large_image","twitter_misc":{"Tiempo de lectura":"2 minutos"},"schema":{"@context":"https:\/\/schema.org","@graph":[{"@type":"WebPage","@id":"https:\/\/tzionlibreria.com\/index.php\/product\/biblia-de-la-mujer-conforme-al-corazon-de-dios-tapa-dura\/","url":"https:\/\/tzionlibreria.com\/index.php\/product\/biblia-de-la-mujer-conforme-al-corazon-de-dios-tapa-dura\/","name":"Biblia de la mujer conforme al coraz\u00f3n de Dios Tapa dura - tzionlibreria.com","isPartOf":{"@id":"https:\/\/tzionlibreria.com\/#website"},"primaryImageOfPage":{"@id":"https:\/\/tzionlibreria.com\/index.php\/product\/biblia-de-la-mujer-conforme-al-corazon-de-dios-tapa-dura\/#primaryimage"},"image":{"@id":"https:\/\/tzionlibreria.com\/index.php\/product\/biblia-de-la-mujer-conforme-al-corazon-de-dios-tapa-dura\/#primaryimage"},"thumbnailUrl":"https:\/\/tzionlibreria.com\/wp-content\/uploads\/2024\/10\/biblia-mujer.png","datePublished":"2024-10-30T15:28:02+00:00","dateModified":"2026-03-13T20:31:06+00:00","description":"la\u00a0Biblia de la mujer conforme al coraz\u00f3n de Dios\u00a0te proporciona material de estudio, palabras de aliento y sabidur\u00eda que puedes aplicar a tu vida.","breadcrumb":{"@id":"https:\/\/tzionlibreria.com\/index.php\/product\/biblia-de-la-mujer-conforme-al-corazon-de-dios-tapa-dura\/#breadcrumb"},"inLanguage":"es-CO","potentialAction":[{"@type":"ReadAction","target":["https:\/\/tzionlibreria.com\/index.php\/product\/biblia-de-la-mujer-conforme-al-corazon-de-dios-tapa-dura\/"]}]},{"@type":"ImageObject","inLanguage":"es-CO","@id":"https:\/\/tzionlibreria.com\/index.php\/product\/biblia-de-la-mujer-conforme-al-corazon-de-dios-tapa-dura\/#primaryimage","url":"https:\/\/tzionlibreria.com\/wp-content\/uploads\/2024\/10\/biblia-mujer.png","contentUrl":"https:\/\/tzionlibreria.com\/wp-content\/uploads\/2024\/10\/biblia-mujer.png","width":1080,"height":1080},{"@type":"BreadcrumbList","@id":"https:\/\/tzionlibreria.com\/index.php\/product\/biblia-de-la-mujer-conforme-al-corazon-de-dios-tapa-dura\/#breadcrumb","itemListElement":[{"@type":"ListItem","position":1,"name":"Inicio","item":"https:\/\/tzionlibreria.com\/"},{"@type":"ListItem","position":2,"name":"Shop","item":"https:\/\/tzionlibreria.com\/index.php\/shop\/"},{"@type":"ListItem","position":3,"name":"Biblia de la mujer conforme al coraz\u00f3n de Dios Tapa dura"}]},{"@type":"WebSite","@id":"https:\/\/tzionlibreria.com\/#website","url":"https:\/\/tzionlibreria.com\/","name":"tzionlibreria.com","description":"Libreria Cristiana Venezuela","publisher":{"@id":"https:\/\/tzionlibreria.com\/#organization"},"potentialAction":[{"@type":"SearchAction","target":{"@type":"EntryPoint","urlTemplate":"https:\/\/tzionlibreria.com\/?s={search_term_string}"},"query-input":{"@type":"PropertyValueSpecification","valueRequired":true,"valueName":"search_term_string"}}],"inLanguage":"es-CO"},{"@type":"Organization","@id":"https:\/\/tzionlibreria.com\/#organization","name":"tzionlibreria.com","url":"https:\/\/tzionlibreria.com\/","logo":{"@type":"ImageObject","inLanguage":"es-CO","@id":"https:\/\/tzionlibreria.com\/#\/schema\/logo\/image\/","url":"https:\/\/tzionlibreria.com\/wp-content\/uploads\/2023\/10\/cropped-Cuadricula-scaled-1.jpg","contentUrl":"https:\/\/tzionlibreria.com\/wp-content\/uploads\/2023\/10\/cropped-Cuadricula-scaled-1.jpg","width":2560,"height":2560,"caption":"tzionlibreria.com"},"image":{"@id":"https:\/\/tzionlibreria.com\/#\/schema\/logo\/image\/"}}]}},"jetpack_sharing_enabled":true,"_links":{"self":[{"href":"https:\/\/tzionlibreria.com\/index.php\/wp-json\/wp\/v2\/product\/4250","targetHints":{"allow":["GET"]}}],"collection":[{"href":"https:\/\/tzionlibreria.com\/index.php\/wp-json\/wp\/v2\/product"}],"about":[{"href":"https:\/\/tzionlibreria.com\/index.php\/wp-json\/wp\/v2\/types\/product"}],"replies":[{"embeddable":true,"href":"https:\/\/tzionlibreria.com\/index.php\/wp-json\/wp\/v2\/comments?post=4250"}],"wp:featuredmedia":[{"embeddable":true,"href":"https:\/\/tzionlibreria.com\/index.php\/wp-json\/wp\/v2\/media\/4251"}],"wp:attachment":[{"href":"https:\/\/tzionlibreria.com\/index.php\/wp-json\/wp\/v2\/media?parent=4250"}],"wp:term":[{"taxonomy":"product_brand","embeddable":true,"href":"https:\/\/tzionlibreria.com\/index.php\/wp-json\/wp\/v2\/product_brand?post=4250"},{"taxonomy":"product_cat","embeddable":true,"href":"https:\/\/tzionlibreria.com\/index.php\/wp-json\/wp\/v2\/product_cat?post=4250"},{"taxonomy":"product_tag","embeddable":true,"href":"https:\/\/tzionlibreria.com\/index.php\/wp-json\/wp\/v2\/product_tag?post=4250"}],"curies":[{"name":"wp","href":"https:\/\/api.w.org\/{rel}","templated":true}]}}