{"id":4322,"date":"2024-11-28T21:27:05","date_gmt":"2024-11-28T21:27:05","guid":{"rendered":"https:\/\/tzionlibreria.com\/?post_type=product&#038;p=4322"},"modified":"2025-02-01T18:11:56","modified_gmt":"2025-02-01T18:11:56","slug":"biblia-de-bolsillo-rvr-1960-verde-mariposa-canto-floral","status":"publish","type":"product","link":"https:\/\/tzionlibreria.com\/index.php\/product\/biblia-de-bolsillo-rvr-1960-verde-mariposa-canto-floral\/","title":{"rendered":"Biblia de Bolsillo RVR 1960 Verde Mariposa Canto Floral"},"content":{"rendered":"<p>La Biblia Reina Valera 1960 es una de las traducciones de la Biblia m\u00e1s reconocidas en el mundo de habla hispana, siendo la traducci\u00f3n cl\u00e1sica del pueblo evang\u00e9lico.<\/p>\n<p><strong>Esta Biblia tiene las siguientes caracter\u00edsticas:<\/strong><\/p>\n<ul>\n<li>Dise\u00f1os originales<\/li>\n<li>Tipograf\u00eda clara<\/li>\n<li>Palabras de Jes\u00fas en rojo<\/li>\n<li>Notas al pie de p\u00e1gina<\/li>\n<li>Referencias cruzadas al pie de p\u00e1gina<\/li>\n<li>Concordancia amplia de 120 p\u00e1ginas<\/li>\n<li>Concordancia adicional de personajes b\u00edblicos<\/li>\n<li>P\u00e1gina de presentaci\u00f3n<\/li>\n<\/ul>\n<p><strong>Incluye 32 p\u00e1ginas a todo color con ayudas acerca de<\/strong>:<\/p>\n<ul>\n<li>Vers\u00edculos clave de cada libro<\/li>\n<li>Genealog\u00eda de Jes\u00fas<\/li>\n<li>Fiestas b\u00edblicas<\/li>\n<li>Tipolog\u00eda de los salmos<\/li>\n<li>Plano del templo<\/li>\n<li>Cronolog\u00eda de reyes y profetas<\/li>\n<li>Cuadro con las par\u00e1bolas de Jes\u00fas<\/li>\n<li>Cuadro con los milagros de Jes\u00fas<\/li>\n<li>Plan de salvaci\u00f3n<\/li>\n<li>Promesas\u00a0de Dios<\/li>\n<li>Plan de lectura en un a\u00f1o<\/li>\n<li>12 mapas a todo color<\/li>\n<\/ul>\n<div class=\"d-flex py-3 justify-content-between align-items-center\" role=\"button\" aria-controls=\"collapse-attribute\" aria-expanded=\"true\">\n<h5>Caracter\u00edsticas<\/h5>\n<\/div>\n<div id=\"collapse-attribute\" class=\"mb-3 collapse-attribute collapse show\">\n<ul class=\"samurai-product-attrs p-0\">\n<li><span class=\"attr-name\">Tipo Tapa\u00a0<\/span>:\u00a0<span class=\"attr-description\">IMITACI\u00d3N PIEL\u00a0<\/span><\/li>\n<li><span class=\"attr-name\">Colores\u00a0<\/span>:\u00a0<span class=\"attr-description\">VERDE\u00a0<\/span><\/li>\n<li><span class=\"attr-name\">Tama\u00f1o De Letra\u00a0<\/span>:\u00a0<span class=\"attr-description\">8 PUNTOS\u00a0<\/span><\/li>\n<li><span class=\"attr-name\">Cantidad De P\u00e1ginas\u00a0<\/span>:\u00a0<span class=\"attr-description\">1658\u00a0<\/span><\/li>\n<li><span class=\"attr-name\">\u00cdndice\u00a0<\/span>:\u00a0<span class=\"attr-description\">NO <\/span><\/li>\n<li>Alto<span style=\"font-size: 16px;\">\u00a0:\u00a03cm<\/span><\/li>\n<li class=\"product-size\"><span class=\"attr-size\">Ancho<\/span>\u00a0:\u00a011.5cm<\/li>\n<li class=\"product-size\"><span class=\"attr-size\">Largo<\/span>\u00a0:\u00a016cm<\/li>\n<li class=\"product-weight\"><span class=\"attr-weight\">Peso<\/span>\u00a0:\u00a00.42Kg<\/li>\n<\/ul>\n<p>ISBN: 9798885165389<\/p>\n<\/div>\n","protected":false},"excerpt":{"rendered":"<p>La Biblia Reina Valera 1960 es una de las traducciones de la Biblia m\u00e1s reconocidas en el mundo de habla hispana, siendo la traducci\u00f3n cl\u00e1sica del pueblo evang\u00e9lico. Esta Biblia tiene las siguientes caracter\u00edsticas: Dise\u00f1os originales Tipograf\u00eda clara Palabras de Jes\u00fas en rojo Notas al pie de p\u00e1gina Referencias cruzadas al pie de p\u00e1gina Concordancia [&hellip;]<\/p>\n","protected":false},"featured_media":4323,"comment_status":"open","ping_status":"closed","template":"","meta":{"om_disable_all_campaigns":false,"_monsterinsights_skip_tracking":false,"_monsterinsights_sitenote_active":false,"_monsterinsights_sitenote_note":"","_monsterinsights_sitenote_category":0,"site-sidebar-layout":"default","site-content-layout":"","ast-site-content-layout":"default","site-content-style":"default","site-sidebar-style":"default","ast-global-header-display":"","ast-banner-title-visibility":"","ast-main-header-display":"","ast-hfb-above-header-display":"","ast-hfb-below-header-display":"","ast-hfb-mobile-header-display":"","site-post-title":"","ast-breadcrumbs-content":"","ast-featured-img":"","footer-sml-layout":"","ast-disable-related-posts":"","theme-transparent-header-meta":"default","adv-header-id-meta":"","stick-header-meta":"","header-above-stick-meta":"","header-main-stick-meta":"","header-below-stick-meta":"","astra-migrate-meta-layouts":"set","ast-page-background-enabled":"default","ast-page-background-meta":{"desktop":{"background-color":"var(--ast-global-color-4)","background-image":"","background-repeat":"repeat","background-position":"center center","background-size":"auto","background-attachment":"scroll","background-type":"","background-media":"","overlay-type":"","overlay-color":"","overlay-opacity":"","overlay-gradient":""},"tablet":{"background-color":"","background-image":"","background-repeat":"repeat","background-position":"center center","background-size":"auto","background-attachment":"scroll","background-type":"","background-media":"","overlay-type":"","overlay-color":"","overlay-opacity":"","overlay-gradient":""},"mobile":{"background-color":"","background-image":"","background-repeat":"repeat","background-position":"center center","background-size":"auto","background-attachment":"scroll","background-type":"","background-media":"","overlay-type":"","overlay-color":"","overlay-opacity":"","overlay-gradient":""}},"ast-content-background-meta":{"desktop":{"background-color":"var(--ast-global-color-5)","background-image":"","background-repeat":"repeat","background-position":"center center","background-size":"auto","background-attachment":"scroll","background-type":"","background-media":"","overlay-type":"","overlay-color":"","overlay-opacity":"","overlay-gradient":""},"tablet":{"background-color":"var(--ast-global-color-5)","background-image":"","background-repeat":"repeat","background-position":"center center","background-size":"auto","background-attachment":"scroll","background-type":"","background-media":"","overlay-type":"","overlay-color":"","overlay-opacity":"","overlay-gradient":""},"mobile":{"background-color":"var(--ast-global-color-5)","background-image":"","background-repeat":"repeat","background-position":"center center","background-size":"auto","background-attachment":"scroll","background-type":"","background-media":"","overlay-type":"","overlay-color":"","overlay-opacity":"","overlay-gradient":""}}},"product_brand":[],"product_cat":[22,42,287],"product_tag":[],"class_list":{"0":"post-4322","1":"product","2":"type-product","3":"status-publish","4":"has-post-thumbnail","6":"product_cat-biblias","7":"product_cat-biblias-reina-valera","8":"product_cat-bolsillo-rvr","9":"desktop-align-left","10":"tablet-align-left","11":"mobile-align-left","13":"first","14":"outofstock","15":"shipping-taxable","16":"purchasable","17":"product-type-simple"},"yoast_head":"<!-- This site is optimized with the Yoast SEO plugin v27.4 - https:\/\/yoast.com\/product\/yoast-seo-wordpress\/ -->\n<title>Biblia de Bolsillo RVR 1960 Verde Mariposa Canto Floral - tzionlibreria.com<\/title>\n<meta name=\"robots\" content=\"index, follow, max-snippet:-1, max-image-preview:large, max-video-preview:-1\" \/>\n<link rel=\"canonical\" href=\"https:\/\/tzionlibreria.com\/index.php\/product\/biblia-de-bolsillo-rvr-1960-verde-mariposa-canto-floral\/\" \/>\n<meta property=\"og:locale\" content=\"es_ES\" \/>\n<meta property=\"og:type\" content=\"article\" \/>\n<meta property=\"og:title\" content=\"Biblia de Bolsillo RVR 1960 Verde Mariposa Canto Floral - tzionlibreria.com\" \/>\n<meta property=\"og:description\" content=\"La Biblia Reina Valera 1960 es una de las traducciones de la Biblia m\u00e1s reconocidas en el mundo de habla hispana, siendo la traducci\u00f3n cl\u00e1sica del pueblo evang\u00e9lico. Esta Biblia tiene las siguientes caracter\u00edsticas: Dise\u00f1os originales Tipograf\u00eda clara Palabras de Jes\u00fas en rojo Notas al pie de p\u00e1gina Referencias cruzadas al pie de p\u00e1gina Concordancia [&hellip;]\" \/>\n<meta property=\"og:url\" content=\"https:\/\/tzionlibreria.com\/index.php\/product\/biblia-de-bolsillo-rvr-1960-verde-mariposa-canto-floral\/\" \/>\n<meta property=\"og:site_name\" content=\"tzionlibreria.com\" \/>\n<meta property=\"article:modified_time\" content=\"2025-02-01T18:11:56+00:00\" \/>\n<meta property=\"og:image\" content=\"http:\/\/tzionlibreria.com\/wp-content\/uploads\/2024\/11\/4.png\" \/>\n\t<meta property=\"og:image:width\" content=\"1080\" \/>\n\t<meta property=\"og:image:height\" content=\"1080\" \/>\n\t<meta property=\"og:image:type\" content=\"image\/png\" \/>\n<meta name=\"twitter:card\" content=\"summary_large_image\" \/>\n<meta name=\"twitter:label1\" content=\"Tiempo de lectura\" \/>\n\t<meta name=\"twitter:data1\" content=\"1 minuto\" \/>\n<script type=\"application\/ld+json\" class=\"yoast-schema-graph\">{\"@context\":\"https:\\\/\\\/schema.org\",\"@graph\":[{\"@type\":\"WebPage\",\"@id\":\"https:\\\/\\\/tzionlibreria.com\\\/index.php\\\/product\\\/biblia-de-bolsillo-rvr-1960-verde-mariposa-canto-floral\\\/\",\"url\":\"https:\\\/\\\/tzionlibreria.com\\\/index.php\\\/product\\\/biblia-de-bolsillo-rvr-1960-verde-mariposa-canto-floral\\\/\",\"name\":\"Biblia de Bolsillo RVR 1960 Verde Mariposa Canto Floral - tzionlibreria.com\",\"isPartOf\":{\"@id\":\"https:\\\/\\\/tzionlibreria.com\\\/#website\"},\"primaryImageOfPage\":{\"@id\":\"https:\\\/\\\/tzionlibreria.com\\\/index.php\\\/product\\\/biblia-de-bolsillo-rvr-1960-verde-mariposa-canto-floral\\\/#primaryimage\"},\"image\":{\"@id\":\"https:\\\/\\\/tzionlibreria.com\\\/index.php\\\/product\\\/biblia-de-bolsillo-rvr-1960-verde-mariposa-canto-floral\\\/#primaryimage\"},\"thumbnailUrl\":\"https:\\\/\\\/tzionlibreria.com\\\/wp-content\\\/uploads\\\/2024\\\/11\\\/4.png\",\"datePublished\":\"2024-11-28T21:27:05+00:00\",\"dateModified\":\"2025-02-01T18:11:56+00:00\",\"breadcrumb\":{\"@id\":\"https:\\\/\\\/tzionlibreria.com\\\/index.php\\\/product\\\/biblia-de-bolsillo-rvr-1960-verde-mariposa-canto-floral\\\/#breadcrumb\"},\"inLanguage\":\"es-CO\",\"potentialAction\":[{\"@type\":\"ReadAction\",\"target\":[\"https:\\\/\\\/tzionlibreria.com\\\/index.php\\\/product\\\/biblia-de-bolsillo-rvr-1960-verde-mariposa-canto-floral\\\/\"]}]},{\"@type\":\"ImageObject\",\"inLanguage\":\"es-CO\",\"@id\":\"https:\\\/\\\/tzionlibreria.com\\\/index.php\\\/product\\\/biblia-de-bolsillo-rvr-1960-verde-mariposa-canto-floral\\\/#primaryimage\",\"url\":\"https:\\\/\\\/tzionlibreria.com\\\/wp-content\\\/uploads\\\/2024\\\/11\\\/4.png\",\"contentUrl\":\"https:\\\/\\\/tzionlibreria.com\\\/wp-content\\\/uploads\\\/2024\\\/11\\\/4.png\",\"width\":1080,\"height\":1080},{\"@type\":\"BreadcrumbList\",\"@id\":\"https:\\\/\\\/tzionlibreria.com\\\/index.php\\\/product\\\/biblia-de-bolsillo-rvr-1960-verde-mariposa-canto-floral\\\/#breadcrumb\",\"itemListElement\":[{\"@type\":\"ListItem\",\"position\":1,\"name\":\"Inicio\",\"item\":\"https:\\\/\\\/tzionlibreria.com\\\/\"},{\"@type\":\"ListItem\",\"position\":2,\"name\":\"Shop\",\"item\":\"https:\\\/\\\/tzionlibreria.com\\\/index.php\\\/shop\\\/\"},{\"@type\":\"ListItem\",\"position\":3,\"name\":\"Biblia de Bolsillo RVR 1960 Verde Mariposa Canto Floral\"}]},{\"@type\":\"WebSite\",\"@id\":\"https:\\\/\\\/tzionlibreria.com\\\/#website\",\"url\":\"https:\\\/\\\/tzionlibreria.com\\\/\",\"name\":\"tzionlibreria.com\",\"description\":\"Libreria Cristiana Venezuela\",\"publisher\":{\"@id\":\"https:\\\/\\\/tzionlibreria.com\\\/#organization\"},\"potentialAction\":[{\"@type\":\"SearchAction\",\"target\":{\"@type\":\"EntryPoint\",\"urlTemplate\":\"https:\\\/\\\/tzionlibreria.com\\\/?s={search_term_string}\"},\"query-input\":{\"@type\":\"PropertyValueSpecification\",\"valueRequired\":true,\"valueName\":\"search_term_string\"}}],\"inLanguage\":\"es-CO\"},{\"@type\":\"Organization\",\"@id\":\"https:\\\/\\\/tzionlibreria.com\\\/#organization\",\"name\":\"tzionlibreria.com\",\"url\":\"https:\\\/\\\/tzionlibreria.com\\\/\",\"logo\":{\"@type\":\"ImageObject\",\"inLanguage\":\"es-CO\",\"@id\":\"https:\\\/\\\/tzionlibreria.com\\\/#\\\/schema\\\/logo\\\/image\\\/\",\"url\":\"https:\\\/\\\/tzionlibreria.com\\\/wp-content\\\/uploads\\\/2023\\\/10\\\/cropped-Cuadricula-scaled-1.jpg\",\"contentUrl\":\"https:\\\/\\\/tzionlibreria.com\\\/wp-content\\\/uploads\\\/2023\\\/10\\\/cropped-Cuadricula-scaled-1.jpg\",\"width\":2560,\"height\":2560,\"caption\":\"tzionlibreria.com\"},\"image\":{\"@id\":\"https:\\\/\\\/tzionlibreria.com\\\/#\\\/schema\\\/logo\\\/image\\\/\"}}]}<\/script>\n<!-- \/ Yoast SEO plugin. -->","yoast_head_json":{"title":"Biblia de Bolsillo RVR 1960 Verde Mariposa Canto Floral - tzionlibreria.com","robots":{"index":"index","follow":"follow","max-snippet":"max-snippet:-1","max-image-preview":"max-image-preview:large","max-video-preview":"max-video-preview:-1"},"canonical":"https:\/\/tzionlibreria.com\/index.php\/product\/biblia-de-bolsillo-rvr-1960-verde-mariposa-canto-floral\/","og_locale":"es_ES","og_type":"article","og_title":"Biblia de Bolsillo RVR 1960 Verde Mariposa Canto Floral - tzionlibreria.com","og_description":"La Biblia Reina Valera 1960 es una de las traducciones de la Biblia m\u00e1s reconocidas en el mundo de habla hispana, siendo la traducci\u00f3n cl\u00e1sica del pueblo evang\u00e9lico. Esta Biblia tiene las siguientes caracter\u00edsticas: Dise\u00f1os originales Tipograf\u00eda clara Palabras de Jes\u00fas en rojo Notas al pie de p\u00e1gina Referencias cruzadas al pie de p\u00e1gina Concordancia [&hellip;]","og_url":"https:\/\/tzionlibreria.com\/index.php\/product\/biblia-de-bolsillo-rvr-1960-verde-mariposa-canto-floral\/","og_site_name":"tzionlibreria.com","article_modified_time":"2025-02-01T18:11:56+00:00","og_image":[{"width":1080,"height":1080,"url":"http:\/\/tzionlibreria.com\/wp-content\/uploads\/2024\/11\/4.png","type":"image\/png"}],"twitter_card":"summary_large_image","twitter_misc":{"Tiempo de lectura":"1 minuto"},"schema":{"@context":"https:\/\/schema.org","@graph":[{"@type":"WebPage","@id":"https:\/\/tzionlibreria.com\/index.php\/product\/biblia-de-bolsillo-rvr-1960-verde-mariposa-canto-floral\/","url":"https:\/\/tzionlibreria.com\/index.php\/product\/biblia-de-bolsillo-rvr-1960-verde-mariposa-canto-floral\/","name":"Biblia de Bolsillo RVR 1960 Verde Mariposa Canto Floral - tzionlibreria.com","isPartOf":{"@id":"https:\/\/tzionlibreria.com\/#website"},"primaryImageOfPage":{"@id":"https:\/\/tzionlibreria.com\/index.php\/product\/biblia-de-bolsillo-rvr-1960-verde-mariposa-canto-floral\/#primaryimage"},"image":{"@id":"https:\/\/tzionlibreria.com\/index.php\/product\/biblia-de-bolsillo-rvr-1960-verde-mariposa-canto-floral\/#primaryimage"},"thumbnailUrl":"https:\/\/tzionlibreria.com\/wp-content\/uploads\/2024\/11\/4.png","datePublished":"2024-11-28T21:27:05+00:00","dateModified":"2025-02-01T18:11:56+00:00","breadcrumb":{"@id":"https:\/\/tzionlibreria.com\/index.php\/product\/biblia-de-bolsillo-rvr-1960-verde-mariposa-canto-floral\/#breadcrumb"},"inLanguage":"es-CO","potentialAction":[{"@type":"ReadAction","target":["https:\/\/tzionlibreria.com\/index.php\/product\/biblia-de-bolsillo-rvr-1960-verde-mariposa-canto-floral\/"]}]},{"@type":"ImageObject","inLanguage":"es-CO","@id":"https:\/\/tzionlibreria.com\/index.php\/product\/biblia-de-bolsillo-rvr-1960-verde-mariposa-canto-floral\/#primaryimage","url":"https:\/\/tzionlibreria.com\/wp-content\/uploads\/2024\/11\/4.png","contentUrl":"https:\/\/tzionlibreria.com\/wp-content\/uploads\/2024\/11\/4.png","width":1080,"height":1080},{"@type":"BreadcrumbList","@id":"https:\/\/tzionlibreria.com\/index.php\/product\/biblia-de-bolsillo-rvr-1960-verde-mariposa-canto-floral\/#breadcrumb","itemListElement":[{"@type":"ListItem","position":1,"name":"Inicio","item":"https:\/\/tzionlibreria.com\/"},{"@type":"ListItem","position":2,"name":"Shop","item":"https:\/\/tzionlibreria.com\/index.php\/shop\/"},{"@type":"ListItem","position":3,"name":"Biblia de Bolsillo RVR 1960 Verde Mariposa Canto Floral"}]},{"@type":"WebSite","@id":"https:\/\/tzionlibreria.com\/#website","url":"https:\/\/tzionlibreria.com\/","name":"tzionlibreria.com","description":"Libreria Cristiana Venezuela","publisher":{"@id":"https:\/\/tzionlibreria.com\/#organization"},"potentialAction":[{"@type":"SearchAction","target":{"@type":"EntryPoint","urlTemplate":"https:\/\/tzionlibreria.com\/?s={search_term_string}"},"query-input":{"@type":"PropertyValueSpecification","valueRequired":true,"valueName":"search_term_string"}}],"inLanguage":"es-CO"},{"@type":"Organization","@id":"https:\/\/tzionlibreria.com\/#organization","name":"tzionlibreria.com","url":"https:\/\/tzionlibreria.com\/","logo":{"@type":"ImageObject","inLanguage":"es-CO","@id":"https:\/\/tzionlibreria.com\/#\/schema\/logo\/image\/","url":"https:\/\/tzionlibreria.com\/wp-content\/uploads\/2023\/10\/cropped-Cuadricula-scaled-1.jpg","contentUrl":"https:\/\/tzionlibreria.com\/wp-content\/uploads\/2023\/10\/cropped-Cuadricula-scaled-1.jpg","width":2560,"height":2560,"caption":"tzionlibreria.com"},"image":{"@id":"https:\/\/tzionlibreria.com\/#\/schema\/logo\/image\/"}}]}},"jetpack_sharing_enabled":true,"_links":{"self":[{"href":"https:\/\/tzionlibreria.com\/index.php\/wp-json\/wp\/v2\/product\/4322","targetHints":{"allow":["GET"]}}],"collection":[{"href":"https:\/\/tzionlibreria.com\/index.php\/wp-json\/wp\/v2\/product"}],"about":[{"href":"https:\/\/tzionlibreria.com\/index.php\/wp-json\/wp\/v2\/types\/product"}],"replies":[{"embeddable":true,"href":"https:\/\/tzionlibreria.com\/index.php\/wp-json\/wp\/v2\/comments?post=4322"}],"wp:featuredmedia":[{"embeddable":true,"href":"https:\/\/tzionlibreria.com\/index.php\/wp-json\/wp\/v2\/media\/4323"}],"wp:attachment":[{"href":"https:\/\/tzionlibreria.com\/index.php\/wp-json\/wp\/v2\/media?parent=4322"}],"wp:term":[{"taxonomy":"product_brand","embeddable":true,"href":"https:\/\/tzionlibreria.com\/index.php\/wp-json\/wp\/v2\/product_brand?post=4322"},{"taxonomy":"product_cat","embeddable":true,"href":"https:\/\/tzionlibreria.com\/index.php\/wp-json\/wp\/v2\/product_cat?post=4322"},{"taxonomy":"product_tag","embeddable":true,"href":"https:\/\/tzionlibreria.com\/index.php\/wp-json\/wp\/v2\/product_tag?post=4322"}],"curies":[{"name":"wp","href":"https:\/\/api.w.org\/{rel}","templated":true}]}}