{"id":4332,"date":"2024-11-28T21:34:31","date_gmt":"2024-11-28T21:34:31","guid":{"rendered":"https:\/\/tzionlibreria.com\/?post_type=product&#038;p=4332"},"modified":"2025-06-16T02:12:05","modified_gmt":"2025-06-16T02:12:05","slug":"cuando-lo-que-dios-hace-no-tiene-sentido-bolsilibro","status":"publish","type":"product","link":"https:\/\/tzionlibreria.com\/index.php\/product\/cuando-lo-que-dios-hace-no-tiene-sentido-bolsilibro\/","title":{"rendered":"Cuando Lo Que Dios Hace No Tiene Sentido &#8211; Bolsilibro"},"content":{"rendered":"<p>&nbsp;<\/p>\n<div class=\"ast-oembed-container \" style=\"height: 100%;\"><iframe title=\"Cuando lo que Dios hace No tiene Sentido -  Dr James Dobson\" width=\"500\" height=\"281\" src=\"https:\/\/www.youtube.com\/embed\/PTazAEDu-eA?feature=oembed\" frameborder=\"0\" allow=\"accelerometer; autoplay; clipboard-write; encrypted-media; gyroscope; picture-in-picture; web-share\" referrerpolicy=\"strict-origin-when-cross-origin\" allowfullscreen><\/iframe><\/div>\n<p>&nbsp;<\/p>\n<p><span class=\"a-text-bold a-text-italic\">Cuando lo que Dios hace no tiene sentido<\/span>\u00a0es un libro inmensamente pr\u00e1ctico para aquellos que est\u00e1n luchando con pruebas y aflicciones que no pueden entender. \u00bfPor qu\u00e9 la enfermedad, el desastre natural, el divorcio, el rechazo, la muerte o alguna otra pena se cuela en nuestras vidas cuando estamos tratando de servir al Se\u00f1or? No parece justo.<\/p>\n<p>Este libro aborda sin tapujos la pregunta m\u00e1s inquietante de la vida: &#8220;\u00bfPor qu\u00e9?&#8221;. Bas\u00e1ndose en su larga experiencia como psic\u00f3logo cristiano y consejero familiar, el Dr. Dobson trae esperanza a aquellos que casi se han rendido.<\/p>\n<p class=\"a-text-italic\"><span class=\"a-text-bold a-text-italic\">Cuando lo que Dios hace no tiene sentido<\/span><span class=\"a-text-italic\">\u00a0tambi\u00e9n ayuda a los creyentes a evitar la &#8220;barrera de la traici\u00f3n&#8221; la sensaci\u00f3n de que Dios los abandona en medio de las tormentas de la vida.<\/span><\/p>\n<p>&nbsp;<\/p>\n<p><strong>ISBN<\/strong>: 9780789910806<\/p>\n<p><strong>Editorial<\/strong>: Editorial Unilit<\/p>\n<p><strong>Dimensiones<\/strong>: 110 x 170 x 15 mm<\/p>\n<p><strong>Peso<\/strong>: 0,195kg<\/p>\n<p><strong>Cubierta<\/strong>: R\u00fastica<\/p>\n<p><strong>Idioma<\/strong>: Espa\u00f1ol<\/p>\n","protected":false},"excerpt":{"rendered":"<p>&nbsp; &nbsp; Cuando lo que Dios hace no tiene sentido\u00a0es un libro inmensamente pr\u00e1ctico para aquellos que est\u00e1n luchando con pruebas y aflicciones que no pueden entender. \u00bfPor qu\u00e9 la enfermedad, el desastre natural, el divorcio, el rechazo, la muerte o alguna otra pena se cuela en nuestras vidas cuando estamos tratando de servir al [&hellip;]<\/p>\n","protected":false},"featured_media":4333,"comment_status":"open","ping_status":"closed","template":"","meta":{"om_disable_all_campaigns":false,"_monsterinsights_skip_tracking":false,"_monsterinsights_sitenote_active":false,"_monsterinsights_sitenote_note":"","_monsterinsights_sitenote_category":0,"site-sidebar-layout":"default","site-content-layout":"","ast-site-content-layout":"default","site-content-style":"default","site-sidebar-style":"default","ast-global-header-display":"","ast-banner-title-visibility":"","ast-main-header-display":"","ast-hfb-above-header-display":"","ast-hfb-below-header-display":"","ast-hfb-mobile-header-display":"","site-post-title":"","ast-breadcrumbs-content":"","ast-featured-img":"","footer-sml-layout":"","ast-disable-related-posts":"","theme-transparent-header-meta":"default","adv-header-id-meta":"","stick-header-meta":"","header-above-stick-meta":"","header-main-stick-meta":"","header-below-stick-meta":"","astra-migrate-meta-layouts":"set","ast-page-background-enabled":"default","ast-page-background-meta":{"desktop":{"background-color":"var(--ast-global-color-4)","background-image":"","background-repeat":"repeat","background-position":"center center","background-size":"auto","background-attachment":"scroll","background-type":"","background-media":"","overlay-type":"","overlay-color":"","overlay-opacity":"","overlay-gradient":""},"tablet":{"background-color":"","background-image":"","background-repeat":"repeat","background-position":"center center","background-size":"auto","background-attachment":"scroll","background-type":"","background-media":"","overlay-type":"","overlay-color":"","overlay-opacity":"","overlay-gradient":""},"mobile":{"background-color":"","background-image":"","background-repeat":"repeat","background-position":"center center","background-size":"auto","background-attachment":"scroll","background-type":"","background-media":"","overlay-type":"","overlay-color":"","overlay-opacity":"","overlay-gradient":""}},"ast-content-background-meta":{"desktop":{"background-color":"var(--ast-global-color-5)","background-image":"","background-repeat":"repeat","background-position":"center center","background-size":"auto","background-attachment":"scroll","background-type":"","background-media":"","overlay-type":"","overlay-color":"","overlay-opacity":"","overlay-gradient":""},"tablet":{"background-color":"var(--ast-global-color-5)","background-image":"","background-repeat":"repeat","background-position":"center center","background-size":"auto","background-attachment":"scroll","background-type":"","background-media":"","overlay-type":"","overlay-color":"","overlay-opacity":"","overlay-gradient":""},"mobile":{"background-color":"var(--ast-global-color-5)","background-image":"","background-repeat":"repeat","background-position":"center center","background-size":"auto","background-attachment":"scroll","background-type":"","background-media":"","overlay-type":"","overlay-color":"","overlay-opacity":"","overlay-gradient":""}}},"product_brand":[],"product_cat":[167,174,23],"product_tag":[],"class_list":{"0":"post-4332","1":"product","2":"type-product","3":"status-publish","4":"has-post-thumbnail","6":"product_cat-familia","7":"product_cat-iglesia","8":"product_cat-libros","9":"desktop-align-left","10":"tablet-align-left","11":"mobile-align-left","13":"first","14":"instock","15":"shipping-taxable","16":"purchasable","17":"product-type-simple"},"yoast_head":"<!-- This site is optimized with the Yoast SEO plugin v27.5 - https:\/\/yoast.com\/product\/yoast-seo-wordpress\/ -->\n<title>Cuando Lo Que Dios Hace No Tiene Sentido - Bolsilibro - tzionlibreria.com<\/title>\n<meta name=\"description\" content=\"Este libro aborda sin tapujos la pregunta m\u00e1s inquietante de la vida: &quot;\u00bfPor qu\u00e9?&quot;. el Dr. Dobson trae esperanza a aquellos que casi se han rendido.\" \/>\n<meta name=\"robots\" content=\"index, follow, max-snippet:-1, max-image-preview:large, max-video-preview:-1\" \/>\n<link rel=\"canonical\" href=\"https:\/\/tzionlibreria.com\/index.php\/product\/cuando-lo-que-dios-hace-no-tiene-sentido-bolsilibro\/\" \/>\n<meta property=\"og:locale\" content=\"es_ES\" \/>\n<meta property=\"og:type\" content=\"article\" \/>\n<meta property=\"og:title\" content=\"Cuando Lo Que Dios Hace No Tiene Sentido - Bolsilibro - tzionlibreria.com\" \/>\n<meta property=\"og:description\" content=\"Este libro aborda sin tapujos la pregunta m\u00e1s inquietante de la vida: &quot;\u00bfPor qu\u00e9?&quot;. el Dr. Dobson trae esperanza a aquellos que casi se han rendido.\" \/>\n<meta property=\"og:url\" content=\"https:\/\/tzionlibreria.com\/index.php\/product\/cuando-lo-que-dios-hace-no-tiene-sentido-bolsilibro\/\" \/>\n<meta property=\"og:site_name\" content=\"tzionlibreria.com\" \/>\n<meta property=\"article:modified_time\" content=\"2025-06-16T02:12:05+00:00\" \/>\n<meta property=\"og:image\" content=\"http:\/\/tzionlibreria.com\/wp-content\/uploads\/2024\/11\/3.png\" \/>\n\t<meta property=\"og:image:width\" content=\"1080\" \/>\n\t<meta property=\"og:image:height\" content=\"1080\" \/>\n\t<meta property=\"og:image:type\" content=\"image\/png\" \/>\n<meta name=\"twitter:card\" content=\"summary_large_image\" \/>\n<meta name=\"twitter:label1\" content=\"Tiempo de lectura\" \/>\n\t<meta name=\"twitter:data1\" content=\"1 minuto\" \/>\n<script type=\"application\/ld+json\" class=\"yoast-schema-graph\">{\"@context\":\"https:\\\/\\\/schema.org\",\"@graph\":[{\"@type\":\"WebPage\",\"@id\":\"https:\\\/\\\/tzionlibreria.com\\\/index.php\\\/product\\\/cuando-lo-que-dios-hace-no-tiene-sentido-bolsilibro\\\/\",\"url\":\"https:\\\/\\\/tzionlibreria.com\\\/index.php\\\/product\\\/cuando-lo-que-dios-hace-no-tiene-sentido-bolsilibro\\\/\",\"name\":\"Cuando Lo Que Dios Hace No Tiene Sentido - Bolsilibro - tzionlibreria.com\",\"isPartOf\":{\"@id\":\"https:\\\/\\\/tzionlibreria.com\\\/#website\"},\"primaryImageOfPage\":{\"@id\":\"https:\\\/\\\/tzionlibreria.com\\\/index.php\\\/product\\\/cuando-lo-que-dios-hace-no-tiene-sentido-bolsilibro\\\/#primaryimage\"},\"image\":{\"@id\":\"https:\\\/\\\/tzionlibreria.com\\\/index.php\\\/product\\\/cuando-lo-que-dios-hace-no-tiene-sentido-bolsilibro\\\/#primaryimage\"},\"thumbnailUrl\":\"https:\\\/\\\/tzionlibreria.com\\\/wp-content\\\/uploads\\\/2024\\\/11\\\/3.png\",\"datePublished\":\"2024-11-28T21:34:31+00:00\",\"dateModified\":\"2025-06-16T02:12:05+00:00\",\"description\":\"Este libro aborda sin tapujos la pregunta m\u00e1s inquietante de la vida: \\\"\u00bfPor qu\u00e9?\\\". el Dr. Dobson trae esperanza a aquellos que casi se han rendido.\",\"breadcrumb\":{\"@id\":\"https:\\\/\\\/tzionlibreria.com\\\/index.php\\\/product\\\/cuando-lo-que-dios-hace-no-tiene-sentido-bolsilibro\\\/#breadcrumb\"},\"inLanguage\":\"es-CO\",\"potentialAction\":[{\"@type\":\"ReadAction\",\"target\":[\"https:\\\/\\\/tzionlibreria.com\\\/index.php\\\/product\\\/cuando-lo-que-dios-hace-no-tiene-sentido-bolsilibro\\\/\"]}]},{\"@type\":\"ImageObject\",\"inLanguage\":\"es-CO\",\"@id\":\"https:\\\/\\\/tzionlibreria.com\\\/index.php\\\/product\\\/cuando-lo-que-dios-hace-no-tiene-sentido-bolsilibro\\\/#primaryimage\",\"url\":\"https:\\\/\\\/tzionlibreria.com\\\/wp-content\\\/uploads\\\/2024\\\/11\\\/3.png\",\"contentUrl\":\"https:\\\/\\\/tzionlibreria.com\\\/wp-content\\\/uploads\\\/2024\\\/11\\\/3.png\",\"width\":1080,\"height\":1080},{\"@type\":\"BreadcrumbList\",\"@id\":\"https:\\\/\\\/tzionlibreria.com\\\/index.php\\\/product\\\/cuando-lo-que-dios-hace-no-tiene-sentido-bolsilibro\\\/#breadcrumb\",\"itemListElement\":[{\"@type\":\"ListItem\",\"position\":1,\"name\":\"Inicio\",\"item\":\"https:\\\/\\\/tzionlibreria.com\\\/\"},{\"@type\":\"ListItem\",\"position\":2,\"name\":\"Shop\",\"item\":\"https:\\\/\\\/tzionlibreria.com\\\/index.php\\\/shop\\\/\"},{\"@type\":\"ListItem\",\"position\":3,\"name\":\"Cuando Lo Que Dios Hace No Tiene Sentido &#8211; Bolsilibro\"}]},{\"@type\":\"WebSite\",\"@id\":\"https:\\\/\\\/tzionlibreria.com\\\/#website\",\"url\":\"https:\\\/\\\/tzionlibreria.com\\\/\",\"name\":\"tzionlibreria.com\",\"description\":\"Libreria Cristiana Venezuela\",\"publisher\":{\"@id\":\"https:\\\/\\\/tzionlibreria.com\\\/#organization\"},\"potentialAction\":[{\"@type\":\"SearchAction\",\"target\":{\"@type\":\"EntryPoint\",\"urlTemplate\":\"https:\\\/\\\/tzionlibreria.com\\\/?s={search_term_string}\"},\"query-input\":{\"@type\":\"PropertyValueSpecification\",\"valueRequired\":true,\"valueName\":\"search_term_string\"}}],\"inLanguage\":\"es-CO\"},{\"@type\":\"Organization\",\"@id\":\"https:\\\/\\\/tzionlibreria.com\\\/#organization\",\"name\":\"tzionlibreria.com\",\"url\":\"https:\\\/\\\/tzionlibreria.com\\\/\",\"logo\":{\"@type\":\"ImageObject\",\"inLanguage\":\"es-CO\",\"@id\":\"https:\\\/\\\/tzionlibreria.com\\\/#\\\/schema\\\/logo\\\/image\\\/\",\"url\":\"https:\\\/\\\/tzionlibreria.com\\\/wp-content\\\/uploads\\\/2023\\\/10\\\/cropped-Cuadricula-scaled-1.jpg\",\"contentUrl\":\"https:\\\/\\\/tzionlibreria.com\\\/wp-content\\\/uploads\\\/2023\\\/10\\\/cropped-Cuadricula-scaled-1.jpg\",\"width\":2560,\"height\":2560,\"caption\":\"tzionlibreria.com\"},\"image\":{\"@id\":\"https:\\\/\\\/tzionlibreria.com\\\/#\\\/schema\\\/logo\\\/image\\\/\"}}]}<\/script>\n<!-- \/ Yoast SEO plugin. -->","yoast_head_json":{"title":"Cuando Lo Que Dios Hace No Tiene Sentido - Bolsilibro - tzionlibreria.com","description":"Este libro aborda sin tapujos la pregunta m\u00e1s inquietante de la vida: \"\u00bfPor qu\u00e9?\". el Dr. Dobson trae esperanza a aquellos que casi se han rendido.","robots":{"index":"index","follow":"follow","max-snippet":"max-snippet:-1","max-image-preview":"max-image-preview:large","max-video-preview":"max-video-preview:-1"},"canonical":"https:\/\/tzionlibreria.com\/index.php\/product\/cuando-lo-que-dios-hace-no-tiene-sentido-bolsilibro\/","og_locale":"es_ES","og_type":"article","og_title":"Cuando Lo Que Dios Hace No Tiene Sentido - Bolsilibro - tzionlibreria.com","og_description":"Este libro aborda sin tapujos la pregunta m\u00e1s inquietante de la vida: \"\u00bfPor qu\u00e9?\". el Dr. Dobson trae esperanza a aquellos que casi se han rendido.","og_url":"https:\/\/tzionlibreria.com\/index.php\/product\/cuando-lo-que-dios-hace-no-tiene-sentido-bolsilibro\/","og_site_name":"tzionlibreria.com","article_modified_time":"2025-06-16T02:12:05+00:00","og_image":[{"width":1080,"height":1080,"url":"http:\/\/tzionlibreria.com\/wp-content\/uploads\/2024\/11\/3.png","type":"image\/png"}],"twitter_card":"summary_large_image","twitter_misc":{"Tiempo de lectura":"1 minuto"},"schema":{"@context":"https:\/\/schema.org","@graph":[{"@type":"WebPage","@id":"https:\/\/tzionlibreria.com\/index.php\/product\/cuando-lo-que-dios-hace-no-tiene-sentido-bolsilibro\/","url":"https:\/\/tzionlibreria.com\/index.php\/product\/cuando-lo-que-dios-hace-no-tiene-sentido-bolsilibro\/","name":"Cuando Lo Que Dios Hace No Tiene Sentido - Bolsilibro - tzionlibreria.com","isPartOf":{"@id":"https:\/\/tzionlibreria.com\/#website"},"primaryImageOfPage":{"@id":"https:\/\/tzionlibreria.com\/index.php\/product\/cuando-lo-que-dios-hace-no-tiene-sentido-bolsilibro\/#primaryimage"},"image":{"@id":"https:\/\/tzionlibreria.com\/index.php\/product\/cuando-lo-que-dios-hace-no-tiene-sentido-bolsilibro\/#primaryimage"},"thumbnailUrl":"https:\/\/tzionlibreria.com\/wp-content\/uploads\/2024\/11\/3.png","datePublished":"2024-11-28T21:34:31+00:00","dateModified":"2025-06-16T02:12:05+00:00","description":"Este libro aborda sin tapujos la pregunta m\u00e1s inquietante de la vida: \"\u00bfPor qu\u00e9?\". el Dr. Dobson trae esperanza a aquellos que casi se han rendido.","breadcrumb":{"@id":"https:\/\/tzionlibreria.com\/index.php\/product\/cuando-lo-que-dios-hace-no-tiene-sentido-bolsilibro\/#breadcrumb"},"inLanguage":"es-CO","potentialAction":[{"@type":"ReadAction","target":["https:\/\/tzionlibreria.com\/index.php\/product\/cuando-lo-que-dios-hace-no-tiene-sentido-bolsilibro\/"]}]},{"@type":"ImageObject","inLanguage":"es-CO","@id":"https:\/\/tzionlibreria.com\/index.php\/product\/cuando-lo-que-dios-hace-no-tiene-sentido-bolsilibro\/#primaryimage","url":"https:\/\/tzionlibreria.com\/wp-content\/uploads\/2024\/11\/3.png","contentUrl":"https:\/\/tzionlibreria.com\/wp-content\/uploads\/2024\/11\/3.png","width":1080,"height":1080},{"@type":"BreadcrumbList","@id":"https:\/\/tzionlibreria.com\/index.php\/product\/cuando-lo-que-dios-hace-no-tiene-sentido-bolsilibro\/#breadcrumb","itemListElement":[{"@type":"ListItem","position":1,"name":"Inicio","item":"https:\/\/tzionlibreria.com\/"},{"@type":"ListItem","position":2,"name":"Shop","item":"https:\/\/tzionlibreria.com\/index.php\/shop\/"},{"@type":"ListItem","position":3,"name":"Cuando Lo Que Dios Hace No Tiene Sentido &#8211; Bolsilibro"}]},{"@type":"WebSite","@id":"https:\/\/tzionlibreria.com\/#website","url":"https:\/\/tzionlibreria.com\/","name":"tzionlibreria.com","description":"Libreria Cristiana Venezuela","publisher":{"@id":"https:\/\/tzionlibreria.com\/#organization"},"potentialAction":[{"@type":"SearchAction","target":{"@type":"EntryPoint","urlTemplate":"https:\/\/tzionlibreria.com\/?s={search_term_string}"},"query-input":{"@type":"PropertyValueSpecification","valueRequired":true,"valueName":"search_term_string"}}],"inLanguage":"es-CO"},{"@type":"Organization","@id":"https:\/\/tzionlibreria.com\/#organization","name":"tzionlibreria.com","url":"https:\/\/tzionlibreria.com\/","logo":{"@type":"ImageObject","inLanguage":"es-CO","@id":"https:\/\/tzionlibreria.com\/#\/schema\/logo\/image\/","url":"https:\/\/tzionlibreria.com\/wp-content\/uploads\/2023\/10\/cropped-Cuadricula-scaled-1.jpg","contentUrl":"https:\/\/tzionlibreria.com\/wp-content\/uploads\/2023\/10\/cropped-Cuadricula-scaled-1.jpg","width":2560,"height":2560,"caption":"tzionlibreria.com"},"image":{"@id":"https:\/\/tzionlibreria.com\/#\/schema\/logo\/image\/"}}]}},"jetpack_sharing_enabled":true,"_links":{"self":[{"href":"https:\/\/tzionlibreria.com\/index.php\/wp-json\/wp\/v2\/product\/4332","targetHints":{"allow":["GET"]}}],"collection":[{"href":"https:\/\/tzionlibreria.com\/index.php\/wp-json\/wp\/v2\/product"}],"about":[{"href":"https:\/\/tzionlibreria.com\/index.php\/wp-json\/wp\/v2\/types\/product"}],"replies":[{"embeddable":true,"href":"https:\/\/tzionlibreria.com\/index.php\/wp-json\/wp\/v2\/comments?post=4332"}],"wp:featuredmedia":[{"embeddable":true,"href":"https:\/\/tzionlibreria.com\/index.php\/wp-json\/wp\/v2\/media\/4333"}],"wp:attachment":[{"href":"https:\/\/tzionlibreria.com\/index.php\/wp-json\/wp\/v2\/media?parent=4332"}],"wp:term":[{"taxonomy":"product_brand","embeddable":true,"href":"https:\/\/tzionlibreria.com\/index.php\/wp-json\/wp\/v2\/product_brand?post=4332"},{"taxonomy":"product_cat","embeddable":true,"href":"https:\/\/tzionlibreria.com\/index.php\/wp-json\/wp\/v2\/product_cat?post=4332"},{"taxonomy":"product_tag","embeddable":true,"href":"https:\/\/tzionlibreria.com\/index.php\/wp-json\/wp\/v2\/product_tag?post=4332"}],"curies":[{"name":"wp","href":"https:\/\/api.w.org\/{rel}","templated":true}]}}