{"id":4340,"date":"2024-12-05T15:27:04","date_gmt":"2024-12-05T15:27:04","guid":{"rendered":"https:\/\/tzionlibreria.com\/?post_type=product&#038;p=4340"},"modified":"2025-06-03T23:06:15","modified_gmt":"2025-06-03T23:06:15","slug":"biblia-reina-valera-letra-grande-11-piel-cafe-coleccion-primaveral","status":"publish","type":"product","link":"https:\/\/tzionlibreria.com\/index.php\/product\/biblia-reina-valera-letra-grande-11-piel-cafe-coleccion-primaveral\/","title":{"rendered":"Biblia Reina Valera Letra Grande 11 Piel Caf\u00e9 Colecci\u00f3n Primaveral"},"content":{"rendered":"<p>Biblia RVR60 primaveral <strong>Letra Gigante 11 puntos<\/strong>\u00a0es una de las traducciones de la Biblia m\u00e1s reconocidas en el mundo de habla hispana, siendo la traducci\u00f3n cl\u00e1sica del pueblo evang\u00e9lico.<\/p>\n<p>F\u00e1cil de llevar y f\u00e1cil de leer, esta biblia tama\u00f1o manual, tiene las mismas caracter\u00edsticas de las biblias m\u00e1s grandes. Contiene concordancia con palabras clave y los pasajes en que \u00e9stas aparecen, lo cual facilita el estudio de las Escrituras.<\/p>\n<p>&nbsp;<\/p>\n<ul>\n<li>Vers\u00edculos clave de cada libro<\/li>\n<li>Genealog\u00eda de Jes\u00fas<\/li>\n<li>Fiestas Biblicas<\/li>\n<li>Tipolog\u00eda de los salmos<\/li>\n<li>Plano del templo<\/li>\n<li>Cronolog\u00eda de Reyes y Profetas<\/li>\n<li>Cuadro con las par\u00e1bolas de Jes\u00fas<\/li>\n<li>Cuadro con los milagros de Jesus<\/li>\n<li>Plan de salvaci\u00f3n<\/li>\n<li>Promesas de Dios<\/li>\n<li>Plan de lectura en un a\u00f1o<\/li>\n<li>12 mapas a todo color<\/li>\n<\/ul>\n<p>&nbsp;<\/p>\n<p><strong>ISBN<\/strong>: 9798885162364<\/p>\n<p><strong>Editorial<\/strong>: Editorial Mundo Biblia de Abba<\/p>\n<p><strong>Dimensiones<\/strong>: 135 x 183 x 43 mm<\/p>\n<p><strong>Peso<\/strong>: 0,699kg<\/p>\n<p><strong>Cubierta<\/strong>: Imitaci\u00f3n piel<\/p>\n<p><strong>N\u00famero de p\u00e1ginas<\/strong>: 2023<\/p>\n<p><strong>Fecha de lanzamiento<\/strong>: 22.12.2023<\/p>\n<p><strong>Idioma<\/strong>: Espa\u00f1ol<\/p>\n","protected":false},"excerpt":{"rendered":"<p>Biblia RVR60 primaveral Letra Gigante 11 puntos\u00a0es una de las traducciones de la Biblia m\u00e1s reconocidas en el mundo de habla hispana, siendo la traducci\u00f3n cl\u00e1sica del pueblo evang\u00e9lico. F\u00e1cil de llevar y f\u00e1cil de leer, esta biblia tama\u00f1o manual, tiene las mismas caracter\u00edsticas de las biblias m\u00e1s grandes. Contiene concordancia con palabras clave y [&hellip;]<\/p>\n","protected":false},"featured_media":4341,"comment_status":"open","ping_status":"closed","template":"","meta":{"om_disable_all_campaigns":false,"_monsterinsights_skip_tracking":false,"_monsterinsights_sitenote_active":false,"_monsterinsights_sitenote_note":"","_monsterinsights_sitenote_category":0,"site-sidebar-layout":"default","site-content-layout":"","ast-site-content-layout":"default","site-content-style":"default","site-sidebar-style":"default","ast-global-header-display":"","ast-banner-title-visibility":"","ast-main-header-display":"","ast-hfb-above-header-display":"","ast-hfb-below-header-display":"","ast-hfb-mobile-header-display":"","site-post-title":"","ast-breadcrumbs-content":"","ast-featured-img":"","footer-sml-layout":"","ast-disable-related-posts":"","theme-transparent-header-meta":"default","adv-header-id-meta":"","stick-header-meta":"","header-above-stick-meta":"","header-main-stick-meta":"","header-below-stick-meta":"","astra-migrate-meta-layouts":"set","ast-page-background-enabled":"default","ast-page-background-meta":{"desktop":{"background-color":"var(--ast-global-color-4)","background-image":"","background-repeat":"repeat","background-position":"center center","background-size":"auto","background-attachment":"scroll","background-type":"","background-media":"","overlay-type":"","overlay-color":"","overlay-opacity":"","overlay-gradient":""},"tablet":{"background-color":"","background-image":"","background-repeat":"repeat","background-position":"center center","background-size":"auto","background-attachment":"scroll","background-type":"","background-media":"","overlay-type":"","overlay-color":"","overlay-opacity":"","overlay-gradient":""},"mobile":{"background-color":"","background-image":"","background-repeat":"repeat","background-position":"center center","background-size":"auto","background-attachment":"scroll","background-type":"","background-media":"","overlay-type":"","overlay-color":"","overlay-opacity":"","overlay-gradient":""}},"ast-content-background-meta":{"desktop":{"background-color":"var(--ast-global-color-5)","background-image":"","background-repeat":"repeat","background-position":"center center","background-size":"auto","background-attachment":"scroll","background-type":"","background-media":"","overlay-type":"","overlay-color":"","overlay-opacity":"","overlay-gradient":""},"tablet":{"background-color":"var(--ast-global-color-5)","background-image":"","background-repeat":"repeat","background-position":"center center","background-size":"auto","background-attachment":"scroll","background-type":"","background-media":"","overlay-type":"","overlay-color":"","overlay-opacity":"","overlay-gradient":""},"mobile":{"background-color":"var(--ast-global-color-5)","background-image":"","background-repeat":"repeat","background-position":"center center","background-size":"auto","background-attachment":"scroll","background-type":"","background-media":"","overlay-type":"","overlay-color":"","overlay-opacity":"","overlay-gradient":""}}},"product_brand":[],"product_cat":[22,42,177],"product_tag":[],"class_list":{"0":"post-4340","1":"product","2":"type-product","3":"status-publish","4":"has-post-thumbnail","6":"product_cat-biblias","7":"product_cat-biblias-reina-valera","8":"product_cat-letra-grande-rvr","9":"desktop-align-left","10":"tablet-align-left","11":"mobile-align-left","13":"first","14":"instock","15":"shipping-taxable","16":"purchasable","17":"product-type-simple"},"yoast_head":"<!-- This site is optimized with the Yoast SEO plugin v27.4 - https:\/\/yoast.com\/product\/yoast-seo-wordpress\/ -->\n<title>Biblia Reina Valera Letra Grande 11 Piel Caf\u00e9 Colecci\u00f3n Primaveral - tzionlibreria.com<\/title>\n<meta name=\"description\" content=\"Biblia para mujeres f\u00e1cil de llevar y f\u00e1cil de leer, esta biblia tama\u00f1o manual, tiene las mismas caracter\u00edsticas de las biblias m\u00e1s grandes.\" \/>\n<meta name=\"robots\" content=\"index, follow, max-snippet:-1, max-image-preview:large, max-video-preview:-1\" \/>\n<link rel=\"canonical\" href=\"https:\/\/tzionlibreria.com\/index.php\/product\/biblia-reina-valera-letra-grande-11-piel-cafe-coleccion-primaveral\/\" \/>\n<meta property=\"og:locale\" content=\"es_ES\" \/>\n<meta property=\"og:type\" content=\"article\" \/>\n<meta property=\"og:title\" content=\"Biblia Reina Valera Letra Grande 11 Piel Caf\u00e9 Colecci\u00f3n Primaveral - tzionlibreria.com\" \/>\n<meta property=\"og:description\" content=\"Biblia para mujeres f\u00e1cil de llevar y f\u00e1cil de leer, esta biblia tama\u00f1o manual, tiene las mismas caracter\u00edsticas de las biblias m\u00e1s grandes.\" \/>\n<meta property=\"og:url\" content=\"https:\/\/tzionlibreria.com\/index.php\/product\/biblia-reina-valera-letra-grande-11-piel-cafe-coleccion-primaveral\/\" \/>\n<meta property=\"og:site_name\" content=\"tzionlibreria.com\" \/>\n<meta property=\"article:modified_time\" content=\"2025-06-03T23:06:15+00:00\" \/>\n<meta property=\"og:image\" content=\"http:\/\/tzionlibreria.com\/wp-content\/uploads\/2024\/12\/cafe.png\" \/>\n\t<meta property=\"og:image:width\" content=\"1080\" \/>\n\t<meta property=\"og:image:height\" content=\"1080\" \/>\n\t<meta property=\"og:image:type\" content=\"image\/png\" \/>\n<meta name=\"twitter:card\" content=\"summary_large_image\" \/>\n<meta name=\"twitter:label1\" content=\"Tiempo de lectura\" \/>\n\t<meta name=\"twitter:data1\" content=\"1 minuto\" \/>\n<script type=\"application\/ld+json\" class=\"yoast-schema-graph\">{\"@context\":\"https:\\\/\\\/schema.org\",\"@graph\":[{\"@type\":\"WebPage\",\"@id\":\"https:\\\/\\\/tzionlibreria.com\\\/index.php\\\/product\\\/biblia-reina-valera-letra-grande-11-piel-cafe-coleccion-primaveral\\\/\",\"url\":\"https:\\\/\\\/tzionlibreria.com\\\/index.php\\\/product\\\/biblia-reina-valera-letra-grande-11-piel-cafe-coleccion-primaveral\\\/\",\"name\":\"Biblia Reina Valera Letra Grande 11 Piel Caf\u00e9 Colecci\u00f3n Primaveral - tzionlibreria.com\",\"isPartOf\":{\"@id\":\"https:\\\/\\\/tzionlibreria.com\\\/#website\"},\"primaryImageOfPage\":{\"@id\":\"https:\\\/\\\/tzionlibreria.com\\\/index.php\\\/product\\\/biblia-reina-valera-letra-grande-11-piel-cafe-coleccion-primaveral\\\/#primaryimage\"},\"image\":{\"@id\":\"https:\\\/\\\/tzionlibreria.com\\\/index.php\\\/product\\\/biblia-reina-valera-letra-grande-11-piel-cafe-coleccion-primaveral\\\/#primaryimage\"},\"thumbnailUrl\":\"https:\\\/\\\/tzionlibreria.com\\\/wp-content\\\/uploads\\\/2024\\\/12\\\/cafe.png\",\"datePublished\":\"2024-12-05T15:27:04+00:00\",\"dateModified\":\"2025-06-03T23:06:15+00:00\",\"description\":\"Biblia para mujeres f\u00e1cil de llevar y f\u00e1cil de leer, esta biblia tama\u00f1o manual, tiene las mismas caracter\u00edsticas de las biblias m\u00e1s grandes.\",\"breadcrumb\":{\"@id\":\"https:\\\/\\\/tzionlibreria.com\\\/index.php\\\/product\\\/biblia-reina-valera-letra-grande-11-piel-cafe-coleccion-primaveral\\\/#breadcrumb\"},\"inLanguage\":\"es-CO\",\"potentialAction\":[{\"@type\":\"ReadAction\",\"target\":[\"https:\\\/\\\/tzionlibreria.com\\\/index.php\\\/product\\\/biblia-reina-valera-letra-grande-11-piel-cafe-coleccion-primaveral\\\/\"]}]},{\"@type\":\"ImageObject\",\"inLanguage\":\"es-CO\",\"@id\":\"https:\\\/\\\/tzionlibreria.com\\\/index.php\\\/product\\\/biblia-reina-valera-letra-grande-11-piel-cafe-coleccion-primaveral\\\/#primaryimage\",\"url\":\"https:\\\/\\\/tzionlibreria.com\\\/wp-content\\\/uploads\\\/2024\\\/12\\\/cafe.png\",\"contentUrl\":\"https:\\\/\\\/tzionlibreria.com\\\/wp-content\\\/uploads\\\/2024\\\/12\\\/cafe.png\",\"width\":1080,\"height\":1080},{\"@type\":\"BreadcrumbList\",\"@id\":\"https:\\\/\\\/tzionlibreria.com\\\/index.php\\\/product\\\/biblia-reina-valera-letra-grande-11-piel-cafe-coleccion-primaveral\\\/#breadcrumb\",\"itemListElement\":[{\"@type\":\"ListItem\",\"position\":1,\"name\":\"Inicio\",\"item\":\"https:\\\/\\\/tzionlibreria.com\\\/\"},{\"@type\":\"ListItem\",\"position\":2,\"name\":\"Shop\",\"item\":\"https:\\\/\\\/tzionlibreria.com\\\/index.php\\\/shop\\\/\"},{\"@type\":\"ListItem\",\"position\":3,\"name\":\"Biblia Reina Valera Letra Grande 11 Piel Caf\u00e9 Colecci\u00f3n Primaveral\"}]},{\"@type\":\"WebSite\",\"@id\":\"https:\\\/\\\/tzionlibreria.com\\\/#website\",\"url\":\"https:\\\/\\\/tzionlibreria.com\\\/\",\"name\":\"tzionlibreria.com\",\"description\":\"Libreria Cristiana Venezuela\",\"publisher\":{\"@id\":\"https:\\\/\\\/tzionlibreria.com\\\/#organization\"},\"potentialAction\":[{\"@type\":\"SearchAction\",\"target\":{\"@type\":\"EntryPoint\",\"urlTemplate\":\"https:\\\/\\\/tzionlibreria.com\\\/?s={search_term_string}\"},\"query-input\":{\"@type\":\"PropertyValueSpecification\",\"valueRequired\":true,\"valueName\":\"search_term_string\"}}],\"inLanguage\":\"es-CO\"},{\"@type\":\"Organization\",\"@id\":\"https:\\\/\\\/tzionlibreria.com\\\/#organization\",\"name\":\"tzionlibreria.com\",\"url\":\"https:\\\/\\\/tzionlibreria.com\\\/\",\"logo\":{\"@type\":\"ImageObject\",\"inLanguage\":\"es-CO\",\"@id\":\"https:\\\/\\\/tzionlibreria.com\\\/#\\\/schema\\\/logo\\\/image\\\/\",\"url\":\"https:\\\/\\\/tzionlibreria.com\\\/wp-content\\\/uploads\\\/2023\\\/10\\\/cropped-Cuadricula-scaled-1.jpg\",\"contentUrl\":\"https:\\\/\\\/tzionlibreria.com\\\/wp-content\\\/uploads\\\/2023\\\/10\\\/cropped-Cuadricula-scaled-1.jpg\",\"width\":2560,\"height\":2560,\"caption\":\"tzionlibreria.com\"},\"image\":{\"@id\":\"https:\\\/\\\/tzionlibreria.com\\\/#\\\/schema\\\/logo\\\/image\\\/\"}}]}<\/script>\n<!-- \/ Yoast SEO plugin. -->","yoast_head_json":{"title":"Biblia Reina Valera Letra Grande 11 Piel Caf\u00e9 Colecci\u00f3n Primaveral - tzionlibreria.com","description":"Biblia para mujeres f\u00e1cil de llevar y f\u00e1cil de leer, esta biblia tama\u00f1o manual, tiene las mismas caracter\u00edsticas de las biblias m\u00e1s grandes.","robots":{"index":"index","follow":"follow","max-snippet":"max-snippet:-1","max-image-preview":"max-image-preview:large","max-video-preview":"max-video-preview:-1"},"canonical":"https:\/\/tzionlibreria.com\/index.php\/product\/biblia-reina-valera-letra-grande-11-piel-cafe-coleccion-primaveral\/","og_locale":"es_ES","og_type":"article","og_title":"Biblia Reina Valera Letra Grande 11 Piel Caf\u00e9 Colecci\u00f3n Primaveral - tzionlibreria.com","og_description":"Biblia para mujeres f\u00e1cil de llevar y f\u00e1cil de leer, esta biblia tama\u00f1o manual, tiene las mismas caracter\u00edsticas de las biblias m\u00e1s grandes.","og_url":"https:\/\/tzionlibreria.com\/index.php\/product\/biblia-reina-valera-letra-grande-11-piel-cafe-coleccion-primaveral\/","og_site_name":"tzionlibreria.com","article_modified_time":"2025-06-03T23:06:15+00:00","og_image":[{"width":1080,"height":1080,"url":"http:\/\/tzionlibreria.com\/wp-content\/uploads\/2024\/12\/cafe.png","type":"image\/png"}],"twitter_card":"summary_large_image","twitter_misc":{"Tiempo de lectura":"1 minuto"},"schema":{"@context":"https:\/\/schema.org","@graph":[{"@type":"WebPage","@id":"https:\/\/tzionlibreria.com\/index.php\/product\/biblia-reina-valera-letra-grande-11-piel-cafe-coleccion-primaveral\/","url":"https:\/\/tzionlibreria.com\/index.php\/product\/biblia-reina-valera-letra-grande-11-piel-cafe-coleccion-primaveral\/","name":"Biblia Reina Valera Letra Grande 11 Piel Caf\u00e9 Colecci\u00f3n Primaveral - tzionlibreria.com","isPartOf":{"@id":"https:\/\/tzionlibreria.com\/#website"},"primaryImageOfPage":{"@id":"https:\/\/tzionlibreria.com\/index.php\/product\/biblia-reina-valera-letra-grande-11-piel-cafe-coleccion-primaveral\/#primaryimage"},"image":{"@id":"https:\/\/tzionlibreria.com\/index.php\/product\/biblia-reina-valera-letra-grande-11-piel-cafe-coleccion-primaveral\/#primaryimage"},"thumbnailUrl":"https:\/\/tzionlibreria.com\/wp-content\/uploads\/2024\/12\/cafe.png","datePublished":"2024-12-05T15:27:04+00:00","dateModified":"2025-06-03T23:06:15+00:00","description":"Biblia para mujeres f\u00e1cil de llevar y f\u00e1cil de leer, esta biblia tama\u00f1o manual, tiene las mismas caracter\u00edsticas de las biblias m\u00e1s grandes.","breadcrumb":{"@id":"https:\/\/tzionlibreria.com\/index.php\/product\/biblia-reina-valera-letra-grande-11-piel-cafe-coleccion-primaveral\/#breadcrumb"},"inLanguage":"es-CO","potentialAction":[{"@type":"ReadAction","target":["https:\/\/tzionlibreria.com\/index.php\/product\/biblia-reina-valera-letra-grande-11-piel-cafe-coleccion-primaveral\/"]}]},{"@type":"ImageObject","inLanguage":"es-CO","@id":"https:\/\/tzionlibreria.com\/index.php\/product\/biblia-reina-valera-letra-grande-11-piel-cafe-coleccion-primaveral\/#primaryimage","url":"https:\/\/tzionlibreria.com\/wp-content\/uploads\/2024\/12\/cafe.png","contentUrl":"https:\/\/tzionlibreria.com\/wp-content\/uploads\/2024\/12\/cafe.png","width":1080,"height":1080},{"@type":"BreadcrumbList","@id":"https:\/\/tzionlibreria.com\/index.php\/product\/biblia-reina-valera-letra-grande-11-piel-cafe-coleccion-primaveral\/#breadcrumb","itemListElement":[{"@type":"ListItem","position":1,"name":"Inicio","item":"https:\/\/tzionlibreria.com\/"},{"@type":"ListItem","position":2,"name":"Shop","item":"https:\/\/tzionlibreria.com\/index.php\/shop\/"},{"@type":"ListItem","position":3,"name":"Biblia Reina Valera Letra Grande 11 Piel Caf\u00e9 Colecci\u00f3n Primaveral"}]},{"@type":"WebSite","@id":"https:\/\/tzionlibreria.com\/#website","url":"https:\/\/tzionlibreria.com\/","name":"tzionlibreria.com","description":"Libreria Cristiana Venezuela","publisher":{"@id":"https:\/\/tzionlibreria.com\/#organization"},"potentialAction":[{"@type":"SearchAction","target":{"@type":"EntryPoint","urlTemplate":"https:\/\/tzionlibreria.com\/?s={search_term_string}"},"query-input":{"@type":"PropertyValueSpecification","valueRequired":true,"valueName":"search_term_string"}}],"inLanguage":"es-CO"},{"@type":"Organization","@id":"https:\/\/tzionlibreria.com\/#organization","name":"tzionlibreria.com","url":"https:\/\/tzionlibreria.com\/","logo":{"@type":"ImageObject","inLanguage":"es-CO","@id":"https:\/\/tzionlibreria.com\/#\/schema\/logo\/image\/","url":"https:\/\/tzionlibreria.com\/wp-content\/uploads\/2023\/10\/cropped-Cuadricula-scaled-1.jpg","contentUrl":"https:\/\/tzionlibreria.com\/wp-content\/uploads\/2023\/10\/cropped-Cuadricula-scaled-1.jpg","width":2560,"height":2560,"caption":"tzionlibreria.com"},"image":{"@id":"https:\/\/tzionlibreria.com\/#\/schema\/logo\/image\/"}}]}},"jetpack_sharing_enabled":true,"_links":{"self":[{"href":"https:\/\/tzionlibreria.com\/index.php\/wp-json\/wp\/v2\/product\/4340","targetHints":{"allow":["GET"]}}],"collection":[{"href":"https:\/\/tzionlibreria.com\/index.php\/wp-json\/wp\/v2\/product"}],"about":[{"href":"https:\/\/tzionlibreria.com\/index.php\/wp-json\/wp\/v2\/types\/product"}],"replies":[{"embeddable":true,"href":"https:\/\/tzionlibreria.com\/index.php\/wp-json\/wp\/v2\/comments?post=4340"}],"wp:featuredmedia":[{"embeddable":true,"href":"https:\/\/tzionlibreria.com\/index.php\/wp-json\/wp\/v2\/media\/4341"}],"wp:attachment":[{"href":"https:\/\/tzionlibreria.com\/index.php\/wp-json\/wp\/v2\/media?parent=4340"}],"wp:term":[{"taxonomy":"product_brand","embeddable":true,"href":"https:\/\/tzionlibreria.com\/index.php\/wp-json\/wp\/v2\/product_brand?post=4340"},{"taxonomy":"product_cat","embeddable":true,"href":"https:\/\/tzionlibreria.com\/index.php\/wp-json\/wp\/v2\/product_cat?post=4340"},{"taxonomy":"product_tag","embeddable":true,"href":"https:\/\/tzionlibreria.com\/index.php\/wp-json\/wp\/v2\/product_tag?post=4340"}],"curies":[{"name":"wp","href":"https:\/\/api.w.org\/{rel}","templated":true}]}}