{"id":4426,"date":"2024-12-11T12:56:54","date_gmt":"2024-12-11T12:56:54","guid":{"rendered":"https:\/\/tzionlibreria.com\/?post_type=product&#038;p=4426"},"modified":"2025-06-03T22:34:50","modified_gmt":"2025-06-03T22:34:50","slug":"biblia-mini-bolsillo-reina-valera-1960-piel-con-cierre-beige","status":"publish","type":"product","link":"https:\/\/tzionlibreria.com\/index.php\/product\/biblia-mini-bolsillo-reina-valera-1960-piel-con-cierre-beige\/","title":{"rendered":"Biblia Mini Bolsillo Reina Valera 1960 Piel con Cierre Beige"},"content":{"rendered":"<div>\n<div class=\"ast-oembed-container \" style=\"height: 100%;\"><iframe title=\"Biblia Mini Bolsillo Imitacion piel con Cierre Azul Rvr 1960\" width=\"500\" height=\"281\" src=\"https:\/\/www.youtube.com\/embed\/qURp_DcEG1Y?feature=oembed\" frameborder=\"0\" allow=\"accelerometer; autoplay; clipboard-write; encrypted-media; gyroscope; picture-in-picture; web-share\" referrerpolicy=\"strict-origin-when-cross-origin\" allowfullscreen><\/iframe><\/div>\n<\/div>\n<div class=\"product attribute overview\">\n<div class=\"value desplegarDesc\">La Biblia Reina Valera 60 tama\u00f1o minibolsillo ser\u00e1 tu compa\u00f1\u00eda en todo lugar, su cubierta moderna y juvenil creada en un material flexible con cremallera que le permite ser resistente al agua. En el interior de sus p\u00e1ginas encontrar\u00e1s la Biblia con una tipograf\u00eda que a pesar de su tama\u00f1o (Peque\u00f1o) permite una lectura agradable y amena. Su cubierta maneja un color azul y finas l\u00edneas y letras grabas que le dan mayor elegancia.<\/div>\n<div><\/div>\n<\/div>\n<div class=\"content-family\">\n<ul>\n<li>Breve s\u00edntesis del contenido de cada libro que conforma la Biblia<\/li>\n<li>Explicaci\u00f3n de la obra de Dios en la humanidad<\/li>\n<li>Gu\u00eda para ense\u00f1arte a leer la biblia y sacarle el mayor provecho al estudio de la Palabra<\/li>\n<li>Cubierta imitaci\u00f3n piel<\/li>\n<li>Cremallera<\/li>\n<li>Dise\u00f1o pintado en su caratula<\/li>\n<li>Canto plateado<\/li>\n<li>Con cremallera<\/li>\n<li>Papel Biblia de 28 gramos.<\/li>\n<li>Marcador de tela, para se\u00f1alar un pasaje determinado.<\/li>\n<\/ul>\n<p class=\"metadata-products-isbn\"><b>ISBN:<\/b>\u00a09789587455632<\/p>\n<p><b>Versi\u00f3n texto b\u00edblico:<\/b>\u00a0Reina Valera 1960<\/p>\n<p><b>Tama\u00f1o:<\/b>\u00a0Mini bolsillo \u2013 6,8 x 10,5<\/p>\n<p><b>Tama\u00f1o de letra:<\/b>\u00a0Letra Peque\u00f1a 5.5pt<\/p>\n<p><b>Subcategor\u00eda:<\/b>\u00a0Biblias finas<\/p>\n<p><b>Recomendado para:<\/b>\u00a0J\u00f3venes<\/p>\n<p><b>Editorial:<\/b> SBC<\/p>\n<\/div>\n","protected":false},"excerpt":{"rendered":"<p>La Biblia Reina Valera 60 tama\u00f1o minibolsillo ser\u00e1 tu compa\u00f1\u00eda en todo lugar, su cubierta moderna y juvenil creada en un material flexible con cremallera que le permite ser resistente al agua. En el interior de sus p\u00e1ginas encontrar\u00e1s la Biblia con una tipograf\u00eda que a pesar de su tama\u00f1o (Peque\u00f1o) permite una lectura agradable [&hellip;]<\/p>\n","protected":false},"featured_media":4427,"comment_status":"open","ping_status":"closed","template":"","meta":{"om_disable_all_campaigns":false,"_monsterinsights_skip_tracking":false,"_monsterinsights_sitenote_active":false,"_monsterinsights_sitenote_note":"","_monsterinsights_sitenote_category":0,"site-sidebar-layout":"default","site-content-layout":"","ast-site-content-layout":"default","site-content-style":"default","site-sidebar-style":"default","ast-global-header-display":"","ast-banner-title-visibility":"","ast-main-header-display":"","ast-hfb-above-header-display":"","ast-hfb-below-header-display":"","ast-hfb-mobile-header-display":"","site-post-title":"","ast-breadcrumbs-content":"","ast-featured-img":"","footer-sml-layout":"","ast-disable-related-posts":"","theme-transparent-header-meta":"default","adv-header-id-meta":"","stick-header-meta":"","header-above-stick-meta":"","header-main-stick-meta":"","header-below-stick-meta":"","astra-migrate-meta-layouts":"set","ast-page-background-enabled":"default","ast-page-background-meta":{"desktop":{"background-color":"var(--ast-global-color-4)","background-image":"","background-repeat":"repeat","background-position":"center center","background-size":"auto","background-attachment":"scroll","background-type":"","background-media":"","overlay-type":"","overlay-color":"","overlay-opacity":"","overlay-gradient":""},"tablet":{"background-color":"","background-image":"","background-repeat":"repeat","background-position":"center center","background-size":"auto","background-attachment":"scroll","background-type":"","background-media":"","overlay-type":"","overlay-color":"","overlay-opacity":"","overlay-gradient":""},"mobile":{"background-color":"","background-image":"","background-repeat":"repeat","background-position":"center center","background-size":"auto","background-attachment":"scroll","background-type":"","background-media":"","overlay-type":"","overlay-color":"","overlay-opacity":"","overlay-gradient":""}},"ast-content-background-meta":{"desktop":{"background-color":"var(--ast-global-color-5)","background-image":"","background-repeat":"repeat","background-position":"center center","background-size":"auto","background-attachment":"scroll","background-type":"","background-media":"","overlay-type":"","overlay-color":"","overlay-opacity":"","overlay-gradient":""},"tablet":{"background-color":"var(--ast-global-color-5)","background-image":"","background-repeat":"repeat","background-position":"center center","background-size":"auto","background-attachment":"scroll","background-type":"","background-media":"","overlay-type":"","overlay-color":"","overlay-opacity":"","overlay-gradient":""},"mobile":{"background-color":"var(--ast-global-color-5)","background-image":"","background-repeat":"repeat","background-position":"center center","background-size":"auto","background-attachment":"scroll","background-type":"","background-media":"","overlay-type":"","overlay-color":"","overlay-opacity":"","overlay-gradient":""}}},"product_brand":[],"product_cat":[22,42,292],"product_tag":[],"class_list":{"0":"post-4426","1":"product","2":"type-product","3":"status-publish","4":"has-post-thumbnail","6":"product_cat-biblias","7":"product_cat-biblias-reina-valera","8":"product_cat-mini-bolsillo","9":"desktop-align-left","10":"tablet-align-left","11":"mobile-align-left","13":"first","14":"instock","15":"shipping-taxable","16":"purchasable","17":"product-type-simple"},"yoast_head":"<!-- This site is optimized with the Yoast SEO plugin v27.4 - https:\/\/yoast.com\/product\/yoast-seo-wordpress\/ -->\n<title>Biblia Mini Bolsillo Reina Valera 1960 Piel con Cierre Beige - tzionlibreria.com<\/title>\n<meta name=\"description\" content=\"La Biblia Reina Valera tama\u00f1o minibolsillo ser\u00e1 tu compa\u00f1\u00eda en todo lugar, su cubierta moderna y juvenil creada en un material flexible con cremallera.\" \/>\n<meta name=\"robots\" content=\"index, follow, max-snippet:-1, max-image-preview:large, max-video-preview:-1\" \/>\n<link rel=\"canonical\" href=\"https:\/\/tzionlibreria.com\/index.php\/product\/biblia-mini-bolsillo-reina-valera-1960-piel-con-cierre-beige\/\" \/>\n<meta property=\"og:locale\" content=\"es_ES\" \/>\n<meta property=\"og:type\" content=\"article\" \/>\n<meta property=\"og:title\" content=\"Biblia Mini Bolsillo Reina Valera 1960 Piel con Cierre Beige - tzionlibreria.com\" \/>\n<meta property=\"og:description\" content=\"La Biblia Reina Valera tama\u00f1o minibolsillo ser\u00e1 tu compa\u00f1\u00eda en todo lugar, su cubierta moderna y juvenil creada en un material flexible con cremallera.\" \/>\n<meta property=\"og:url\" content=\"https:\/\/tzionlibreria.com\/index.php\/product\/biblia-mini-bolsillo-reina-valera-1960-piel-con-cierre-beige\/\" \/>\n<meta property=\"og:site_name\" content=\"tzionlibreria.com\" \/>\n<meta property=\"article:modified_time\" content=\"2025-06-03T22:34:50+00:00\" \/>\n<meta property=\"og:image\" content=\"http:\/\/tzionlibreria.com\/wp-content\/uploads\/2024\/12\/3.png\" \/>\n\t<meta property=\"og:image:width\" content=\"1080\" \/>\n\t<meta property=\"og:image:height\" content=\"1080\" \/>\n\t<meta property=\"og:image:type\" content=\"image\/png\" \/>\n<meta name=\"twitter:card\" content=\"summary_large_image\" \/>\n<meta name=\"twitter:label1\" content=\"Tiempo de lectura\" \/>\n\t<meta name=\"twitter:data1\" content=\"1 minuto\" \/>\n<script type=\"application\/ld+json\" class=\"yoast-schema-graph\">{\"@context\":\"https:\\\/\\\/schema.org\",\"@graph\":[{\"@type\":\"WebPage\",\"@id\":\"https:\\\/\\\/tzionlibreria.com\\\/index.php\\\/product\\\/biblia-mini-bolsillo-reina-valera-1960-piel-con-cierre-beige\\\/\",\"url\":\"https:\\\/\\\/tzionlibreria.com\\\/index.php\\\/product\\\/biblia-mini-bolsillo-reina-valera-1960-piel-con-cierre-beige\\\/\",\"name\":\"Biblia Mini Bolsillo Reina Valera 1960 Piel con Cierre Beige - tzionlibreria.com\",\"isPartOf\":{\"@id\":\"https:\\\/\\\/tzionlibreria.com\\\/#website\"},\"primaryImageOfPage\":{\"@id\":\"https:\\\/\\\/tzionlibreria.com\\\/index.php\\\/product\\\/biblia-mini-bolsillo-reina-valera-1960-piel-con-cierre-beige\\\/#primaryimage\"},\"image\":{\"@id\":\"https:\\\/\\\/tzionlibreria.com\\\/index.php\\\/product\\\/biblia-mini-bolsillo-reina-valera-1960-piel-con-cierre-beige\\\/#primaryimage\"},\"thumbnailUrl\":\"https:\\\/\\\/tzionlibreria.com\\\/wp-content\\\/uploads\\\/2024\\\/12\\\/3.png\",\"datePublished\":\"2024-12-11T12:56:54+00:00\",\"dateModified\":\"2025-06-03T22:34:50+00:00\",\"description\":\"La Biblia Reina Valera tama\u00f1o minibolsillo ser\u00e1 tu compa\u00f1\u00eda en todo lugar, su cubierta moderna y juvenil creada en un material flexible con cremallera.\",\"breadcrumb\":{\"@id\":\"https:\\\/\\\/tzionlibreria.com\\\/index.php\\\/product\\\/biblia-mini-bolsillo-reina-valera-1960-piel-con-cierre-beige\\\/#breadcrumb\"},\"inLanguage\":\"es-CO\",\"potentialAction\":[{\"@type\":\"ReadAction\",\"target\":[\"https:\\\/\\\/tzionlibreria.com\\\/index.php\\\/product\\\/biblia-mini-bolsillo-reina-valera-1960-piel-con-cierre-beige\\\/\"]}]},{\"@type\":\"ImageObject\",\"inLanguage\":\"es-CO\",\"@id\":\"https:\\\/\\\/tzionlibreria.com\\\/index.php\\\/product\\\/biblia-mini-bolsillo-reina-valera-1960-piel-con-cierre-beige\\\/#primaryimage\",\"url\":\"https:\\\/\\\/tzionlibreria.com\\\/wp-content\\\/uploads\\\/2024\\\/12\\\/3.png\",\"contentUrl\":\"https:\\\/\\\/tzionlibreria.com\\\/wp-content\\\/uploads\\\/2024\\\/12\\\/3.png\",\"width\":1080,\"height\":1080},{\"@type\":\"BreadcrumbList\",\"@id\":\"https:\\\/\\\/tzionlibreria.com\\\/index.php\\\/product\\\/biblia-mini-bolsillo-reina-valera-1960-piel-con-cierre-beige\\\/#breadcrumb\",\"itemListElement\":[{\"@type\":\"ListItem\",\"position\":1,\"name\":\"Inicio\",\"item\":\"https:\\\/\\\/tzionlibreria.com\\\/\"},{\"@type\":\"ListItem\",\"position\":2,\"name\":\"Shop\",\"item\":\"https:\\\/\\\/tzionlibreria.com\\\/index.php\\\/shop\\\/\"},{\"@type\":\"ListItem\",\"position\":3,\"name\":\"Biblia Mini Bolsillo Reina Valera 1960 Piel con Cierre Beige\"}]},{\"@type\":\"WebSite\",\"@id\":\"https:\\\/\\\/tzionlibreria.com\\\/#website\",\"url\":\"https:\\\/\\\/tzionlibreria.com\\\/\",\"name\":\"tzionlibreria.com\",\"description\":\"Libreria Cristiana Venezuela\",\"publisher\":{\"@id\":\"https:\\\/\\\/tzionlibreria.com\\\/#organization\"},\"potentialAction\":[{\"@type\":\"SearchAction\",\"target\":{\"@type\":\"EntryPoint\",\"urlTemplate\":\"https:\\\/\\\/tzionlibreria.com\\\/?s={search_term_string}\"},\"query-input\":{\"@type\":\"PropertyValueSpecification\",\"valueRequired\":true,\"valueName\":\"search_term_string\"}}],\"inLanguage\":\"es-CO\"},{\"@type\":\"Organization\",\"@id\":\"https:\\\/\\\/tzionlibreria.com\\\/#organization\",\"name\":\"tzionlibreria.com\",\"url\":\"https:\\\/\\\/tzionlibreria.com\\\/\",\"logo\":{\"@type\":\"ImageObject\",\"inLanguage\":\"es-CO\",\"@id\":\"https:\\\/\\\/tzionlibreria.com\\\/#\\\/schema\\\/logo\\\/image\\\/\",\"url\":\"https:\\\/\\\/tzionlibreria.com\\\/wp-content\\\/uploads\\\/2023\\\/10\\\/cropped-Cuadricula-scaled-1.jpg\",\"contentUrl\":\"https:\\\/\\\/tzionlibreria.com\\\/wp-content\\\/uploads\\\/2023\\\/10\\\/cropped-Cuadricula-scaled-1.jpg\",\"width\":2560,\"height\":2560,\"caption\":\"tzionlibreria.com\"},\"image\":{\"@id\":\"https:\\\/\\\/tzionlibreria.com\\\/#\\\/schema\\\/logo\\\/image\\\/\"}}]}<\/script>\n<!-- \/ Yoast SEO plugin. -->","yoast_head_json":{"title":"Biblia Mini Bolsillo Reina Valera 1960 Piel con Cierre Beige - tzionlibreria.com","description":"La Biblia Reina Valera tama\u00f1o minibolsillo ser\u00e1 tu compa\u00f1\u00eda en todo lugar, su cubierta moderna y juvenil creada en un material flexible con cremallera.","robots":{"index":"index","follow":"follow","max-snippet":"max-snippet:-1","max-image-preview":"max-image-preview:large","max-video-preview":"max-video-preview:-1"},"canonical":"https:\/\/tzionlibreria.com\/index.php\/product\/biblia-mini-bolsillo-reina-valera-1960-piel-con-cierre-beige\/","og_locale":"es_ES","og_type":"article","og_title":"Biblia Mini Bolsillo Reina Valera 1960 Piel con Cierre Beige - tzionlibreria.com","og_description":"La Biblia Reina Valera tama\u00f1o minibolsillo ser\u00e1 tu compa\u00f1\u00eda en todo lugar, su cubierta moderna y juvenil creada en un material flexible con cremallera.","og_url":"https:\/\/tzionlibreria.com\/index.php\/product\/biblia-mini-bolsillo-reina-valera-1960-piel-con-cierre-beige\/","og_site_name":"tzionlibreria.com","article_modified_time":"2025-06-03T22:34:50+00:00","og_image":[{"width":1080,"height":1080,"url":"http:\/\/tzionlibreria.com\/wp-content\/uploads\/2024\/12\/3.png","type":"image\/png"}],"twitter_card":"summary_large_image","twitter_misc":{"Tiempo de lectura":"1 minuto"},"schema":{"@context":"https:\/\/schema.org","@graph":[{"@type":"WebPage","@id":"https:\/\/tzionlibreria.com\/index.php\/product\/biblia-mini-bolsillo-reina-valera-1960-piel-con-cierre-beige\/","url":"https:\/\/tzionlibreria.com\/index.php\/product\/biblia-mini-bolsillo-reina-valera-1960-piel-con-cierre-beige\/","name":"Biblia Mini Bolsillo Reina Valera 1960 Piel con Cierre Beige - tzionlibreria.com","isPartOf":{"@id":"https:\/\/tzionlibreria.com\/#website"},"primaryImageOfPage":{"@id":"https:\/\/tzionlibreria.com\/index.php\/product\/biblia-mini-bolsillo-reina-valera-1960-piel-con-cierre-beige\/#primaryimage"},"image":{"@id":"https:\/\/tzionlibreria.com\/index.php\/product\/biblia-mini-bolsillo-reina-valera-1960-piel-con-cierre-beige\/#primaryimage"},"thumbnailUrl":"https:\/\/tzionlibreria.com\/wp-content\/uploads\/2024\/12\/3.png","datePublished":"2024-12-11T12:56:54+00:00","dateModified":"2025-06-03T22:34:50+00:00","description":"La Biblia Reina Valera tama\u00f1o minibolsillo ser\u00e1 tu compa\u00f1\u00eda en todo lugar, su cubierta moderna y juvenil creada en un material flexible con cremallera.","breadcrumb":{"@id":"https:\/\/tzionlibreria.com\/index.php\/product\/biblia-mini-bolsillo-reina-valera-1960-piel-con-cierre-beige\/#breadcrumb"},"inLanguage":"es-CO","potentialAction":[{"@type":"ReadAction","target":["https:\/\/tzionlibreria.com\/index.php\/product\/biblia-mini-bolsillo-reina-valera-1960-piel-con-cierre-beige\/"]}]},{"@type":"ImageObject","inLanguage":"es-CO","@id":"https:\/\/tzionlibreria.com\/index.php\/product\/biblia-mini-bolsillo-reina-valera-1960-piel-con-cierre-beige\/#primaryimage","url":"https:\/\/tzionlibreria.com\/wp-content\/uploads\/2024\/12\/3.png","contentUrl":"https:\/\/tzionlibreria.com\/wp-content\/uploads\/2024\/12\/3.png","width":1080,"height":1080},{"@type":"BreadcrumbList","@id":"https:\/\/tzionlibreria.com\/index.php\/product\/biblia-mini-bolsillo-reina-valera-1960-piel-con-cierre-beige\/#breadcrumb","itemListElement":[{"@type":"ListItem","position":1,"name":"Inicio","item":"https:\/\/tzionlibreria.com\/"},{"@type":"ListItem","position":2,"name":"Shop","item":"https:\/\/tzionlibreria.com\/index.php\/shop\/"},{"@type":"ListItem","position":3,"name":"Biblia Mini Bolsillo Reina Valera 1960 Piel con Cierre Beige"}]},{"@type":"WebSite","@id":"https:\/\/tzionlibreria.com\/#website","url":"https:\/\/tzionlibreria.com\/","name":"tzionlibreria.com","description":"Libreria Cristiana Venezuela","publisher":{"@id":"https:\/\/tzionlibreria.com\/#organization"},"potentialAction":[{"@type":"SearchAction","target":{"@type":"EntryPoint","urlTemplate":"https:\/\/tzionlibreria.com\/?s={search_term_string}"},"query-input":{"@type":"PropertyValueSpecification","valueRequired":true,"valueName":"search_term_string"}}],"inLanguage":"es-CO"},{"@type":"Organization","@id":"https:\/\/tzionlibreria.com\/#organization","name":"tzionlibreria.com","url":"https:\/\/tzionlibreria.com\/","logo":{"@type":"ImageObject","inLanguage":"es-CO","@id":"https:\/\/tzionlibreria.com\/#\/schema\/logo\/image\/","url":"https:\/\/tzionlibreria.com\/wp-content\/uploads\/2023\/10\/cropped-Cuadricula-scaled-1.jpg","contentUrl":"https:\/\/tzionlibreria.com\/wp-content\/uploads\/2023\/10\/cropped-Cuadricula-scaled-1.jpg","width":2560,"height":2560,"caption":"tzionlibreria.com"},"image":{"@id":"https:\/\/tzionlibreria.com\/#\/schema\/logo\/image\/"}}]}},"jetpack_sharing_enabled":true,"_links":{"self":[{"href":"https:\/\/tzionlibreria.com\/index.php\/wp-json\/wp\/v2\/product\/4426","targetHints":{"allow":["GET"]}}],"collection":[{"href":"https:\/\/tzionlibreria.com\/index.php\/wp-json\/wp\/v2\/product"}],"about":[{"href":"https:\/\/tzionlibreria.com\/index.php\/wp-json\/wp\/v2\/types\/product"}],"replies":[{"embeddable":true,"href":"https:\/\/tzionlibreria.com\/index.php\/wp-json\/wp\/v2\/comments?post=4426"}],"wp:featuredmedia":[{"embeddable":true,"href":"https:\/\/tzionlibreria.com\/index.php\/wp-json\/wp\/v2\/media\/4427"}],"wp:attachment":[{"href":"https:\/\/tzionlibreria.com\/index.php\/wp-json\/wp\/v2\/media?parent=4426"}],"wp:term":[{"taxonomy":"product_brand","embeddable":true,"href":"https:\/\/tzionlibreria.com\/index.php\/wp-json\/wp\/v2\/product_brand?post=4426"},{"taxonomy":"product_cat","embeddable":true,"href":"https:\/\/tzionlibreria.com\/index.php\/wp-json\/wp\/v2\/product_cat?post=4426"},{"taxonomy":"product_tag","embeddable":true,"href":"https:\/\/tzionlibreria.com\/index.php\/wp-json\/wp\/v2\/product_tag?post=4426"}],"curies":[{"name":"wp","href":"https:\/\/api.w.org\/{rel}","templated":true}]}}